{"id":58612,"date":"2026-05-16T20:26:33","date_gmt":"2026-05-16T18:26:33","guid":{"rendered":"https:\/\/www.koonings.com\/product\/le-papillon-by-modeca-emilia\/"},"modified":"2025-06-05T13:18:37","modified_gmt":"2025-06-05T11:18:37","slug":"le-papillon-by-modeca-emilia","status":"publish","type":"product","link":"https:\/\/www.koonings.com\/fr\/product\/le-papillon-by-modeca-emilia\/","title":{"rendered":"Le Papillon by Modeca Emilia"},"content":{"rendered":"<p>Chez Emilia, chaque pas dans l&#8217;all\u00e9e est une d\u00e9claration de style et de sophistication. Cette robe ajust\u00e9e et \u00e9vas\u00e9e \u00e9pouse vos courbes aux bons endroits et accentue votre silhouette avec une \u00e9l\u00e9gance sans effort. L&#8217;encolure dos nu d&#8217;Emilia ajoute une touche de sophistication, tandis que le dos illusion, orn\u00e9 de dentelle complexe et de paillettes scintillantes, devient la pi\u00e8ce ma\u00eetresse \u00e9poustouflante de ce mod\u00e8le.  <\/p>\n","protected":false},"featured_media":45169,"template":"","meta":{"_acf_changed":false,"ghostkit_customizer_options":"","ghostkit_custom_css":"","ghostkit_custom_js_head":"","ghostkit_custom_js_foot":"","ghostkit_typography":""},"productdetails":[376],"productneck":[350],"productcolor":[393,392],"maat":[],"productsupplier":[411],"productsleeve":[],"productcategory":[18],"productsilhouette":[389],"productstyle":[365,371],"class_list":["post-58612","product","type-product","status-publish","has-post-thumbnail","hentry","productdetails-376","productneck-350","productcolor-393","productcolor-392","productsupplier-le-papillon-by-modeca","productcategory-trouwjurken","productsilhouette-389","productstyle-365","productstyle-371"],"acf":[],"yoast_head":"<!-- This site is optimized with the Yoast SEO plugin v27.3 - https:\/\/yoast.com\/product\/yoast-seo-wordpress\/ -->\n<title>Le Papillon by Modeca Emilia | Koonings<\/title>\n<meta name=\"description\" content=\"Chez Emilia, chaque pas dans l&#039;all\u00e9e est une d\u00e9claration de style et de sophistication. Cette robe ajust\u00e9e et \u00e9vas\u00e9e \u00e9pouse vos courbes aux bons endroits et accentue votre silhouette avec une \u00e9l\u00e9gance sans effort. L&#039;encolure dos nu d&#039;Emilia ajoute une touche de sophistication, tandis que le dos illusion, orn\u00e9 de dentelle complexe et de paillettes scintillantes, devient la pi\u00e8ce ma\u00eetresse \u00e9poustouflante de ce mod\u00e8le.\" \/>\n<meta name=\"robots\" content=\"index, follow, max-snippet:-1, max-image-preview:large, max-video-preview:-1\" \/>\n<link rel=\"canonical\" href=\"https:\/\/www.koonings.com\/fr\/product\/le-papillon-by-modeca-emilia\/\" \/>\n<meta property=\"og:locale\" content=\"fr_FR\" \/>\n<meta property=\"og:type\" content=\"article\" \/>\n<meta property=\"og:title\" content=\"Le Papillon by Modeca Emilia | Koonings\" \/>\n<meta property=\"og:description\" content=\"Chez Emilia, chaque pas dans l&#039;all\u00e9e est une d\u00e9claration de style et de sophistication. Cette robe ajust\u00e9e et \u00e9vas\u00e9e \u00e9pouse vos courbes aux bons endroits et accentue votre silhouette avec une \u00e9l\u00e9gance sans effort. L&#039;encolure dos nu d&#039;Emilia ajoute une touche de sophistication, tandis que le dos illusion, orn\u00e9 de dentelle complexe et de paillettes scintillantes, devient la pi\u00e8ce ma\u00eetresse \u00e9poustouflante de ce mod\u00e8le.\" \/>\n<meta property=\"og:url\" content=\"https:\/\/www.koonings.com\/fr\/product\/le-papillon-by-modeca-emilia\/\" \/>\n<meta property=\"og:site_name\" content=\"Koonings\" \/>\n<meta property=\"article:publisher\" content=\"https:\/\/www.facebook.com\/kooningstheweddingpalace\" \/>\n<meta property=\"og:image\" content=\"https:\/\/www.koonings.com\/wp-content\/uploads\/2024\/11\/40580_3100c004d3a088a8f6234ac7b9f40c32815fc21c479ad6f9efe15369e375946065bed6a4.jpeg\" \/>\n\t<meta property=\"og:image:width\" content=\"723\" \/>\n\t<meta property=\"og:image:height\" content=\"1021\" \/>\n\t<meta property=\"og:image:type\" content=\"image\/jpeg\" \/>\n<meta name=\"twitter:card\" content=\"summary_large_image\" \/>\n<script type=\"application\/ld+json\" class=\"yoast-schema-graph\">{\"@context\":\"https:\\\/\\\/schema.org\",\"@graph\":[{\"@type\":\"WebPage\",\"@id\":\"https:\\\/\\\/www.koonings.com\\\/fr\\\/product\\\/le-papillon-by-modeca-emilia\\\/\",\"url\":\"https:\\\/\\\/www.koonings.com\\\/fr\\\/product\\\/le-papillon-by-modeca-emilia\\\/\",\"name\":\"Le Papillon by Modeca Emilia | Koonings\",\"isPartOf\":{\"@id\":\"https:\\\/\\\/www.koonings.com\\\/fr\\\/#website\"},\"primaryImageOfPage\":{\"@id\":\"https:\\\/\\\/www.koonings.com\\\/fr\\\/product\\\/le-papillon-by-modeca-emilia\\\/#primaryimage\"},\"image\":{\"@id\":\"https:\\\/\\\/www.koonings.com\\\/fr\\\/product\\\/le-papillon-by-modeca-emilia\\\/#primaryimage\"},\"thumbnailUrl\":\"https:\\\/\\\/www.koonings.com\\\/wp-content\\\/uploads\\\/2024\\\/11\\\/40580_3100c004d3a088a8f6234ac7b9f40c32815fc21c479ad6f9efe15369e375946065bed6a4.jpeg\",\"datePublished\":\"2026-05-16T18:26:33+00:00\",\"description\":\"Chez Emilia, chaque pas dans l'all\u00e9e est une d\u00e9claration de style et de sophistication. Cette robe ajust\u00e9e et \u00e9vas\u00e9e \u00e9pouse vos courbes aux bons endroits et accentue votre silhouette avec une \u00e9l\u00e9gance sans effort. L'encolure dos nu d'Emilia ajoute une touche de sophistication, tandis que le dos illusion, orn\u00e9 de dentelle complexe et de paillettes scintillantes, devient la pi\u00e8ce ma\u00eetresse \u00e9poustouflante de ce mod\u00e8le.\",\"breadcrumb\":{\"@id\":\"https:\\\/\\\/www.koonings.com\\\/fr\\\/product\\\/le-papillon-by-modeca-emilia\\\/#breadcrumb\"},\"inLanguage\":\"fr-FR\",\"potentialAction\":[{\"@type\":\"ReadAction\",\"target\":[\"https:\\\/\\\/www.koonings.com\\\/fr\\\/product\\\/le-papillon-by-modeca-emilia\\\/\"]}]},{\"@type\":\"ImageObject\",\"inLanguage\":\"fr-FR\",\"@id\":\"https:\\\/\\\/www.koonings.com\\\/fr\\\/product\\\/le-papillon-by-modeca-emilia\\\/#primaryimage\",\"url\":\"https:\\\/\\\/www.koonings.com\\\/wp-content\\\/uploads\\\/2024\\\/11\\\/40580_3100c004d3a088a8f6234ac7b9f40c32815fc21c479ad6f9efe15369e375946065bed6a4.jpeg\",\"contentUrl\":\"https:\\\/\\\/www.koonings.com\\\/wp-content\\\/uploads\\\/2024\\\/11\\\/40580_3100c004d3a088a8f6234ac7b9f40c32815fc21c479ad6f9efe15369e375946065bed6a4.jpeg\",\"width\":723,\"height\":1021},{\"@type\":\"BreadcrumbList\",\"@id\":\"https:\\\/\\\/www.koonings.com\\\/fr\\\/product\\\/le-papillon-by-modeca-emilia\\\/#breadcrumb\",\"itemListElement\":[{\"@type\":\"ListItem\",\"position\":1,\"name\":\"Home\",\"item\":\"https:\\\/\\\/www.koonings.com\\\/fr\\\/\"},{\"@type\":\"ListItem\",\"position\":2,\"name\":\"Le Papillon by Modeca Emilia\"}]},{\"@type\":\"WebSite\",\"@id\":\"https:\\\/\\\/www.koonings.com\\\/fr\\\/#website\",\"url\":\"https:\\\/\\\/www.koonings.com\\\/fr\\\/\",\"name\":\"Koonings\",\"description\":\"De grootste bruidsmodewinkel ter wereld\",\"publisher\":{\"@id\":\"https:\\\/\\\/www.koonings.com\\\/fr\\\/#organization\"},\"potentialAction\":[{\"@type\":\"SearchAction\",\"target\":{\"@type\":\"EntryPoint\",\"urlTemplate\":\"https:\\\/\\\/www.koonings.com\\\/fr\\\/?s={search_term_string}\"},\"query-input\":{\"@type\":\"PropertyValueSpecification\",\"valueRequired\":true,\"valueName\":\"search_term_string\"}}],\"inLanguage\":\"fr-FR\"},{\"@type\":\"Organization\",\"@id\":\"https:\\\/\\\/www.koonings.com\\\/fr\\\/#organization\",\"name\":\"Koonings\",\"url\":\"https:\\\/\\\/www.koonings.com\\\/fr\\\/\",\"logo\":{\"@type\":\"ImageObject\",\"inLanguage\":\"fr-FR\",\"@id\":\"https:\\\/\\\/www.koonings.com\\\/fr\\\/#\\\/schema\\\/logo\\\/image\\\/\",\"url\":\"https:\\\/\\\/www.koonings.com\\\/wp-content\\\/uploads\\\/2024\\\/07\\\/logo.png\",\"contentUrl\":\"https:\\\/\\\/www.koonings.com\\\/wp-content\\\/uploads\\\/2024\\\/07\\\/logo.png\",\"width\":600,\"height\":428,\"caption\":\"Koonings\"},\"image\":{\"@id\":\"https:\\\/\\\/www.koonings.com\\\/fr\\\/#\\\/schema\\\/logo\\\/image\\\/\"},\"sameAs\":[\"https:\\\/\\\/www.facebook.com\\\/kooningstheweddingpalace\",\"https:\\\/\\\/www.instagram.com\\\/kooningstheweddingpalace\",\"https:\\\/\\\/www.pinterest.com\\\/koonings\",\"https:\\\/\\\/www.youtube.com\\\/kooningstheweddingpalace\"]}]}<\/script>\n<!-- \/ Yoast SEO plugin. -->","yoast_head_json":{"title":"Le Papillon by Modeca Emilia | Koonings","description":"Chez Emilia, chaque pas dans l'all\u00e9e est une d\u00e9claration de style et de sophistication. Cette robe ajust\u00e9e et \u00e9vas\u00e9e \u00e9pouse vos courbes aux bons endroits et accentue votre silhouette avec une \u00e9l\u00e9gance sans effort. L'encolure dos nu d'Emilia ajoute une touche de sophistication, tandis que le dos illusion, orn\u00e9 de dentelle complexe et de paillettes scintillantes, devient la pi\u00e8ce ma\u00eetresse \u00e9poustouflante de ce mod\u00e8le.","robots":{"index":"index","follow":"follow","max-snippet":"max-snippet:-1","max-image-preview":"max-image-preview:large","max-video-preview":"max-video-preview:-1"},"canonical":"https:\/\/www.koonings.com\/fr\/product\/le-papillon-by-modeca-emilia\/","og_locale":"fr_FR","og_type":"article","og_title":"Le Papillon by Modeca Emilia | Koonings","og_description":"Chez Emilia, chaque pas dans l'all\u00e9e est une d\u00e9claration de style et de sophistication. Cette robe ajust\u00e9e et \u00e9vas\u00e9e \u00e9pouse vos courbes aux bons endroits et accentue votre silhouette avec une \u00e9l\u00e9gance sans effort. L'encolure dos nu d'Emilia ajoute une touche de sophistication, tandis que le dos illusion, orn\u00e9 de dentelle complexe et de paillettes scintillantes, devient la pi\u00e8ce ma\u00eetresse \u00e9poustouflante de ce mod\u00e8le.","og_url":"https:\/\/www.koonings.com\/fr\/product\/le-papillon-by-modeca-emilia\/","og_site_name":"Koonings","article_publisher":"https:\/\/www.facebook.com\/kooningstheweddingpalace","og_image":[{"width":723,"height":1021,"url":"https:\/\/www.koonings.com\/wp-content\/uploads\/2024\/11\/40580_3100c004d3a088a8f6234ac7b9f40c32815fc21c479ad6f9efe15369e375946065bed6a4.jpeg","type":"image\/jpeg"}],"twitter_card":"summary_large_image","schema":{"@context":"https:\/\/schema.org","@graph":[{"@type":"WebPage","@id":"https:\/\/www.koonings.com\/fr\/product\/le-papillon-by-modeca-emilia\/","url":"https:\/\/www.koonings.com\/fr\/product\/le-papillon-by-modeca-emilia\/","name":"Le Papillon by Modeca Emilia | Koonings","isPartOf":{"@id":"https:\/\/www.koonings.com\/fr\/#website"},"primaryImageOfPage":{"@id":"https:\/\/www.koonings.com\/fr\/product\/le-papillon-by-modeca-emilia\/#primaryimage"},"image":{"@id":"https:\/\/www.koonings.com\/fr\/product\/le-papillon-by-modeca-emilia\/#primaryimage"},"thumbnailUrl":"https:\/\/www.koonings.com\/wp-content\/uploads\/2024\/11\/40580_3100c004d3a088a8f6234ac7b9f40c32815fc21c479ad6f9efe15369e375946065bed6a4.jpeg","datePublished":"2026-05-16T18:26:33+00:00","description":"Chez Emilia, chaque pas dans l'all\u00e9e est une d\u00e9claration de style et de sophistication. Cette robe ajust\u00e9e et \u00e9vas\u00e9e \u00e9pouse vos courbes aux bons endroits et accentue votre silhouette avec une \u00e9l\u00e9gance sans effort. L'encolure dos nu d'Emilia ajoute une touche de sophistication, tandis que le dos illusion, orn\u00e9 de dentelle complexe et de paillettes scintillantes, devient la pi\u00e8ce ma\u00eetresse \u00e9poustouflante de ce mod\u00e8le.","breadcrumb":{"@id":"https:\/\/www.koonings.com\/fr\/product\/le-papillon-by-modeca-emilia\/#breadcrumb"},"inLanguage":"fr-FR","potentialAction":[{"@type":"ReadAction","target":["https:\/\/www.koonings.com\/fr\/product\/le-papillon-by-modeca-emilia\/"]}]},{"@type":"ImageObject","inLanguage":"fr-FR","@id":"https:\/\/www.koonings.com\/fr\/product\/le-papillon-by-modeca-emilia\/#primaryimage","url":"https:\/\/www.koonings.com\/wp-content\/uploads\/2024\/11\/40580_3100c004d3a088a8f6234ac7b9f40c32815fc21c479ad6f9efe15369e375946065bed6a4.jpeg","contentUrl":"https:\/\/www.koonings.com\/wp-content\/uploads\/2024\/11\/40580_3100c004d3a088a8f6234ac7b9f40c32815fc21c479ad6f9efe15369e375946065bed6a4.jpeg","width":723,"height":1021},{"@type":"BreadcrumbList","@id":"https:\/\/www.koonings.com\/fr\/product\/le-papillon-by-modeca-emilia\/#breadcrumb","itemListElement":[{"@type":"ListItem","position":1,"name":"Home","item":"https:\/\/www.koonings.com\/fr\/"},{"@type":"ListItem","position":2,"name":"Le Papillon by Modeca Emilia"}]},{"@type":"WebSite","@id":"https:\/\/www.koonings.com\/fr\/#website","url":"https:\/\/www.koonings.com\/fr\/","name":"Koonings","description":"De grootste bruidsmodewinkel ter wereld","publisher":{"@id":"https:\/\/www.koonings.com\/fr\/#organization"},"potentialAction":[{"@type":"SearchAction","target":{"@type":"EntryPoint","urlTemplate":"https:\/\/www.koonings.com\/fr\/?s={search_term_string}"},"query-input":{"@type":"PropertyValueSpecification","valueRequired":true,"valueName":"search_term_string"}}],"inLanguage":"fr-FR"},{"@type":"Organization","@id":"https:\/\/www.koonings.com\/fr\/#organization","name":"Koonings","url":"https:\/\/www.koonings.com\/fr\/","logo":{"@type":"ImageObject","inLanguage":"fr-FR","@id":"https:\/\/www.koonings.com\/fr\/#\/schema\/logo\/image\/","url":"https:\/\/www.koonings.com\/wp-content\/uploads\/2024\/07\/logo.png","contentUrl":"https:\/\/www.koonings.com\/wp-content\/uploads\/2024\/07\/logo.png","width":600,"height":428,"caption":"Koonings"},"image":{"@id":"https:\/\/www.koonings.com\/fr\/#\/schema\/logo\/image\/"},"sameAs":["https:\/\/www.facebook.com\/kooningstheweddingpalace","https:\/\/www.instagram.com\/kooningstheweddingpalace","https:\/\/www.pinterest.com\/koonings","https:\/\/www.youtube.com\/kooningstheweddingpalace"]}]}},"_links":{"self":[{"href":"https:\/\/www.koonings.com\/fr\/wp-json\/wp\/v2\/product\/58612","targetHints":{"allow":["GET"]}}],"collection":[{"href":"https:\/\/www.koonings.com\/fr\/wp-json\/wp\/v2\/product"}],"about":[{"href":"https:\/\/www.koonings.com\/fr\/wp-json\/wp\/v2\/types\/product"}],"wp:featuredmedia":[{"embeddable":true,"href":"https:\/\/www.koonings.com\/fr\/wp-json\/wp\/v2\/media\/45169"}],"wp:attachment":[{"href":"https:\/\/www.koonings.com\/fr\/wp-json\/wp\/v2\/media?parent=58612"}],"wp:term":[{"taxonomy":"productdetails","embeddable":true,"href":"https:\/\/www.koonings.com\/fr\/wp-json\/wp\/v2\/productdetails?post=58612"},{"taxonomy":"productneck","embeddable":true,"href":"https:\/\/www.koonings.com\/fr\/wp-json\/wp\/v2\/productneck?post=58612"},{"taxonomy":"productcolor","embeddable":true,"href":"https:\/\/www.koonings.com\/fr\/wp-json\/wp\/v2\/productcolor?post=58612"},{"taxonomy":"maat","embeddable":true,"href":"https:\/\/www.koonings.com\/fr\/wp-json\/wp\/v2\/maat?post=58612"},{"taxonomy":"productsupplier","embeddable":true,"href":"https:\/\/www.koonings.com\/fr\/wp-json\/wp\/v2\/productsupplier?post=58612"},{"taxonomy":"productsleeve","embeddable":true,"href":"https:\/\/www.koonings.com\/fr\/wp-json\/wp\/v2\/productsleeve?post=58612"},{"taxonomy":"productcategory","embeddable":true,"href":"https:\/\/www.koonings.com\/fr\/wp-json\/wp\/v2\/productcategory?post=58612"},{"taxonomy":"productsilhouette","embeddable":true,"href":"https:\/\/www.koonings.com\/fr\/wp-json\/wp\/v2\/productsilhouette?post=58612"},{"taxonomy":"productstyle","embeddable":true,"href":"https:\/\/www.koonings.com\/fr\/wp-json\/wp\/v2\/productstyle?post=58612"}],"curies":[{"name":"wp","href":"https:\/\/api.w.org\/{rel}","templated":true}]}}