{"id":58598,"date":"2026-05-06T15:20:14","date_gmt":"2026-05-06T13:20:14","guid":{"rendered":"https:\/\/www.koonings.com\/product\/le-papillon-by-modeca-esmee\/"},"modified":"2025-06-05T13:18:49","modified_gmt":"2025-06-05T11:18:49","slug":"le-papillon-by-modeca-esmee","status":"publish","type":"product","link":"https:\/\/www.koonings.com\/fr\/product\/le-papillon-by-modeca-esmee\/","title":{"rendered":"Le Papillon by Modeca Esmee"},"content":{"rendered":"<p>D\u00e9couvrez Esmee, une robe de bal mikado \u00e0 couper le souffle, con\u00e7ue pour faire chavirer les c\u0153urs et tourner les t\u00eates. Cette beaut\u00e9 sans bretelles pr\u00e9sente un profond d\u00e9collet\u00e9 en c\u0153ur, avec de la dentelle noire paillet\u00e9e qui orne le corsage et court subtilement autour de la taille. Esmee est dot\u00e9e de poches, alliant harmonieusement style et fonctionnalit\u00e9 pour la mari\u00e9e moderne.  <\/p>\n","protected":false},"featured_media":45229,"template":"","meta":{"_acf_changed":false,"ghostkit_customizer_options":"","ghostkit_custom_css":"","ghostkit_custom_js_head":"","ghostkit_custom_js_foot":"","ghostkit_typography":""},"productdetails":[378],"productneck":[354,355],"productcolor":[394,392],"maat":[],"productsupplier":[411],"productsleeve":[],"productcategory":[18],"productsilhouette":[388],"productstyle":[370],"class_list":["post-58598","product","type-product","status-publish","has-post-thumbnail","hentry","productdetails-378","productneck-354","productneck-355","productcolor-394","productcolor-392","productsupplier-le-papillon-by-modeca","productcategory-trouwjurken","productsilhouette-388","productstyle-370"],"acf":[],"yoast_head":"<!-- This site is optimized with the Yoast SEO plugin v27.3 - https:\/\/yoast.com\/product\/yoast-seo-wordpress\/ -->\n<title>Le Papillon by Modeca Esmee | Koonings<\/title>\n<meta name=\"description\" content=\"D\u00e9couvrez Esmee, une robe de bal mikado \u00e0 couper le souffle, con\u00e7ue pour faire chavirer les c\u0153urs et tourner les t\u00eates. Cette beaut\u00e9 sans bretelles pr\u00e9sente un profond d\u00e9collet\u00e9 en c\u0153ur, avec de la dentelle noire paillet\u00e9e qui orne le corsage et court subtilement autour de la taille. Esmee est dot\u00e9e de poches, alliant harmonieusement style et fonctionnalit\u00e9 pour la mari\u00e9e moderne.\" \/>\n<meta name=\"robots\" content=\"index, follow, max-snippet:-1, max-image-preview:large, max-video-preview:-1\" \/>\n<link rel=\"canonical\" href=\"https:\/\/www.koonings.com\/fr\/product\/le-papillon-by-modeca-esmee\/\" \/>\n<meta property=\"og:locale\" content=\"fr_FR\" \/>\n<meta property=\"og:type\" content=\"article\" \/>\n<meta property=\"og:title\" content=\"Le Papillon by Modeca Esmee | Koonings\" \/>\n<meta property=\"og:description\" content=\"D\u00e9couvrez Esmee, une robe de bal mikado \u00e0 couper le souffle, con\u00e7ue pour faire chavirer les c\u0153urs et tourner les t\u00eates. Cette beaut\u00e9 sans bretelles pr\u00e9sente un profond d\u00e9collet\u00e9 en c\u0153ur, avec de la dentelle noire paillet\u00e9e qui orne le corsage et court subtilement autour de la taille. Esmee est dot\u00e9e de poches, alliant harmonieusement style et fonctionnalit\u00e9 pour la mari\u00e9e moderne.\" \/>\n<meta property=\"og:url\" content=\"https:\/\/www.koonings.com\/fr\/product\/le-papillon-by-modeca-esmee\/\" \/>\n<meta property=\"og:site_name\" content=\"Koonings\" \/>\n<meta property=\"article:publisher\" content=\"https:\/\/www.facebook.com\/kooningstheweddingpalace\" \/>\n<meta property=\"og:image\" content=\"https:\/\/www.koonings.com\/wp-content\/uploads\/2024\/11\/40584_c95e7090eaba2f2573818b4d1378ddfd85c09fe15f4f44ff3b81ea16e1000f2c97c41989.jpeg\" \/>\n\t<meta property=\"og:image:width\" content=\"770\" \/>\n\t<meta property=\"og:image:height\" content=\"1086\" \/>\n\t<meta property=\"og:image:type\" content=\"image\/jpeg\" \/>\n<meta name=\"twitter:card\" content=\"summary_large_image\" \/>\n<script type=\"application\/ld+json\" class=\"yoast-schema-graph\">{\"@context\":\"https:\\\/\\\/schema.org\",\"@graph\":[{\"@type\":\"WebPage\",\"@id\":\"https:\\\/\\\/www.koonings.com\\\/fr\\\/product\\\/le-papillon-by-modeca-esmee\\\/\",\"url\":\"https:\\\/\\\/www.koonings.com\\\/fr\\\/product\\\/le-papillon-by-modeca-esmee\\\/\",\"name\":\"Le Papillon by Modeca Esmee | Koonings\",\"isPartOf\":{\"@id\":\"https:\\\/\\\/www.koonings.com\\\/fr\\\/#website\"},\"primaryImageOfPage\":{\"@id\":\"https:\\\/\\\/www.koonings.com\\\/fr\\\/product\\\/le-papillon-by-modeca-esmee\\\/#primaryimage\"},\"image\":{\"@id\":\"https:\\\/\\\/www.koonings.com\\\/fr\\\/product\\\/le-papillon-by-modeca-esmee\\\/#primaryimage\"},\"thumbnailUrl\":\"https:\\\/\\\/www.koonings.com\\\/wp-content\\\/uploads\\\/2024\\\/11\\\/40584_c95e7090eaba2f2573818b4d1378ddfd85c09fe15f4f44ff3b81ea16e1000f2c97c41989.jpeg\",\"datePublished\":\"2026-05-06T13:20:14+00:00\",\"description\":\"D\u00e9couvrez Esmee, une robe de bal mikado \u00e0 couper le souffle, con\u00e7ue pour faire chavirer les c\u0153urs et tourner les t\u00eates. Cette beaut\u00e9 sans bretelles pr\u00e9sente un profond d\u00e9collet\u00e9 en c\u0153ur, avec de la dentelle noire paillet\u00e9e qui orne le corsage et court subtilement autour de la taille. Esmee est dot\u00e9e de poches, alliant harmonieusement style et fonctionnalit\u00e9 pour la mari\u00e9e moderne.\",\"breadcrumb\":{\"@id\":\"https:\\\/\\\/www.koonings.com\\\/fr\\\/product\\\/le-papillon-by-modeca-esmee\\\/#breadcrumb\"},\"inLanguage\":\"fr-FR\",\"potentialAction\":[{\"@type\":\"ReadAction\",\"target\":[\"https:\\\/\\\/www.koonings.com\\\/fr\\\/product\\\/le-papillon-by-modeca-esmee\\\/\"]}]},{\"@type\":\"ImageObject\",\"inLanguage\":\"fr-FR\",\"@id\":\"https:\\\/\\\/www.koonings.com\\\/fr\\\/product\\\/le-papillon-by-modeca-esmee\\\/#primaryimage\",\"url\":\"https:\\\/\\\/www.koonings.com\\\/wp-content\\\/uploads\\\/2024\\\/11\\\/40584_c95e7090eaba2f2573818b4d1378ddfd85c09fe15f4f44ff3b81ea16e1000f2c97c41989.jpeg\",\"contentUrl\":\"https:\\\/\\\/www.koonings.com\\\/wp-content\\\/uploads\\\/2024\\\/11\\\/40584_c95e7090eaba2f2573818b4d1378ddfd85c09fe15f4f44ff3b81ea16e1000f2c97c41989.jpeg\",\"width\":770,\"height\":1086},{\"@type\":\"BreadcrumbList\",\"@id\":\"https:\\\/\\\/www.koonings.com\\\/fr\\\/product\\\/le-papillon-by-modeca-esmee\\\/#breadcrumb\",\"itemListElement\":[{\"@type\":\"ListItem\",\"position\":1,\"name\":\"Home\",\"item\":\"https:\\\/\\\/www.koonings.com\\\/fr\\\/\"},{\"@type\":\"ListItem\",\"position\":2,\"name\":\"Le Papillon by Modeca Esmee\"}]},{\"@type\":\"WebSite\",\"@id\":\"https:\\\/\\\/www.koonings.com\\\/fr\\\/#website\",\"url\":\"https:\\\/\\\/www.koonings.com\\\/fr\\\/\",\"name\":\"Koonings\",\"description\":\"De grootste bruidsmodewinkel ter wereld\",\"publisher\":{\"@id\":\"https:\\\/\\\/www.koonings.com\\\/fr\\\/#organization\"},\"potentialAction\":[{\"@type\":\"SearchAction\",\"target\":{\"@type\":\"EntryPoint\",\"urlTemplate\":\"https:\\\/\\\/www.koonings.com\\\/fr\\\/?s={search_term_string}\"},\"query-input\":{\"@type\":\"PropertyValueSpecification\",\"valueRequired\":true,\"valueName\":\"search_term_string\"}}],\"inLanguage\":\"fr-FR\"},{\"@type\":\"Organization\",\"@id\":\"https:\\\/\\\/www.koonings.com\\\/fr\\\/#organization\",\"name\":\"Koonings\",\"url\":\"https:\\\/\\\/www.koonings.com\\\/fr\\\/\",\"logo\":{\"@type\":\"ImageObject\",\"inLanguage\":\"fr-FR\",\"@id\":\"https:\\\/\\\/www.koonings.com\\\/fr\\\/#\\\/schema\\\/logo\\\/image\\\/\",\"url\":\"https:\\\/\\\/www.koonings.com\\\/wp-content\\\/uploads\\\/2024\\\/07\\\/logo.png\",\"contentUrl\":\"https:\\\/\\\/www.koonings.com\\\/wp-content\\\/uploads\\\/2024\\\/07\\\/logo.png\",\"width\":600,\"height\":428,\"caption\":\"Koonings\"},\"image\":{\"@id\":\"https:\\\/\\\/www.koonings.com\\\/fr\\\/#\\\/schema\\\/logo\\\/image\\\/\"},\"sameAs\":[\"https:\\\/\\\/www.facebook.com\\\/kooningstheweddingpalace\",\"https:\\\/\\\/www.instagram.com\\\/kooningstheweddingpalace\",\"https:\\\/\\\/www.pinterest.com\\\/koonings\",\"https:\\\/\\\/www.youtube.com\\\/kooningstheweddingpalace\"]}]}<\/script>\n<!-- \/ Yoast SEO plugin. -->","yoast_head_json":{"title":"Le Papillon by Modeca Esmee | Koonings","description":"D\u00e9couvrez Esmee, une robe de bal mikado \u00e0 couper le souffle, con\u00e7ue pour faire chavirer les c\u0153urs et tourner les t\u00eates. Cette beaut\u00e9 sans bretelles pr\u00e9sente un profond d\u00e9collet\u00e9 en c\u0153ur, avec de la dentelle noire paillet\u00e9e qui orne le corsage et court subtilement autour de la taille. Esmee est dot\u00e9e de poches, alliant harmonieusement style et fonctionnalit\u00e9 pour la mari\u00e9e moderne.","robots":{"index":"index","follow":"follow","max-snippet":"max-snippet:-1","max-image-preview":"max-image-preview:large","max-video-preview":"max-video-preview:-1"},"canonical":"https:\/\/www.koonings.com\/fr\/product\/le-papillon-by-modeca-esmee\/","og_locale":"fr_FR","og_type":"article","og_title":"Le Papillon by Modeca Esmee | Koonings","og_description":"D\u00e9couvrez Esmee, une robe de bal mikado \u00e0 couper le souffle, con\u00e7ue pour faire chavirer les c\u0153urs et tourner les t\u00eates. Cette beaut\u00e9 sans bretelles pr\u00e9sente un profond d\u00e9collet\u00e9 en c\u0153ur, avec de la dentelle noire paillet\u00e9e qui orne le corsage et court subtilement autour de la taille. Esmee est dot\u00e9e de poches, alliant harmonieusement style et fonctionnalit\u00e9 pour la mari\u00e9e moderne.","og_url":"https:\/\/www.koonings.com\/fr\/product\/le-papillon-by-modeca-esmee\/","og_site_name":"Koonings","article_publisher":"https:\/\/www.facebook.com\/kooningstheweddingpalace","og_image":[{"width":770,"height":1086,"url":"https:\/\/www.koonings.com\/wp-content\/uploads\/2024\/11\/40584_c95e7090eaba2f2573818b4d1378ddfd85c09fe15f4f44ff3b81ea16e1000f2c97c41989.jpeg","type":"image\/jpeg"}],"twitter_card":"summary_large_image","schema":{"@context":"https:\/\/schema.org","@graph":[{"@type":"WebPage","@id":"https:\/\/www.koonings.com\/fr\/product\/le-papillon-by-modeca-esmee\/","url":"https:\/\/www.koonings.com\/fr\/product\/le-papillon-by-modeca-esmee\/","name":"Le Papillon by Modeca Esmee | Koonings","isPartOf":{"@id":"https:\/\/www.koonings.com\/fr\/#website"},"primaryImageOfPage":{"@id":"https:\/\/www.koonings.com\/fr\/product\/le-papillon-by-modeca-esmee\/#primaryimage"},"image":{"@id":"https:\/\/www.koonings.com\/fr\/product\/le-papillon-by-modeca-esmee\/#primaryimage"},"thumbnailUrl":"https:\/\/www.koonings.com\/wp-content\/uploads\/2024\/11\/40584_c95e7090eaba2f2573818b4d1378ddfd85c09fe15f4f44ff3b81ea16e1000f2c97c41989.jpeg","datePublished":"2026-05-06T13:20:14+00:00","description":"D\u00e9couvrez Esmee, une robe de bal mikado \u00e0 couper le souffle, con\u00e7ue pour faire chavirer les c\u0153urs et tourner les t\u00eates. Cette beaut\u00e9 sans bretelles pr\u00e9sente un profond d\u00e9collet\u00e9 en c\u0153ur, avec de la dentelle noire paillet\u00e9e qui orne le corsage et court subtilement autour de la taille. Esmee est dot\u00e9e de poches, alliant harmonieusement style et fonctionnalit\u00e9 pour la mari\u00e9e moderne.","breadcrumb":{"@id":"https:\/\/www.koonings.com\/fr\/product\/le-papillon-by-modeca-esmee\/#breadcrumb"},"inLanguage":"fr-FR","potentialAction":[{"@type":"ReadAction","target":["https:\/\/www.koonings.com\/fr\/product\/le-papillon-by-modeca-esmee\/"]}]},{"@type":"ImageObject","inLanguage":"fr-FR","@id":"https:\/\/www.koonings.com\/fr\/product\/le-papillon-by-modeca-esmee\/#primaryimage","url":"https:\/\/www.koonings.com\/wp-content\/uploads\/2024\/11\/40584_c95e7090eaba2f2573818b4d1378ddfd85c09fe15f4f44ff3b81ea16e1000f2c97c41989.jpeg","contentUrl":"https:\/\/www.koonings.com\/wp-content\/uploads\/2024\/11\/40584_c95e7090eaba2f2573818b4d1378ddfd85c09fe15f4f44ff3b81ea16e1000f2c97c41989.jpeg","width":770,"height":1086},{"@type":"BreadcrumbList","@id":"https:\/\/www.koonings.com\/fr\/product\/le-papillon-by-modeca-esmee\/#breadcrumb","itemListElement":[{"@type":"ListItem","position":1,"name":"Home","item":"https:\/\/www.koonings.com\/fr\/"},{"@type":"ListItem","position":2,"name":"Le Papillon by Modeca Esmee"}]},{"@type":"WebSite","@id":"https:\/\/www.koonings.com\/fr\/#website","url":"https:\/\/www.koonings.com\/fr\/","name":"Koonings","description":"De grootste bruidsmodewinkel ter wereld","publisher":{"@id":"https:\/\/www.koonings.com\/fr\/#organization"},"potentialAction":[{"@type":"SearchAction","target":{"@type":"EntryPoint","urlTemplate":"https:\/\/www.koonings.com\/fr\/?s={search_term_string}"},"query-input":{"@type":"PropertyValueSpecification","valueRequired":true,"valueName":"search_term_string"}}],"inLanguage":"fr-FR"},{"@type":"Organization","@id":"https:\/\/www.koonings.com\/fr\/#organization","name":"Koonings","url":"https:\/\/www.koonings.com\/fr\/","logo":{"@type":"ImageObject","inLanguage":"fr-FR","@id":"https:\/\/www.koonings.com\/fr\/#\/schema\/logo\/image\/","url":"https:\/\/www.koonings.com\/wp-content\/uploads\/2024\/07\/logo.png","contentUrl":"https:\/\/www.koonings.com\/wp-content\/uploads\/2024\/07\/logo.png","width":600,"height":428,"caption":"Koonings"},"image":{"@id":"https:\/\/www.koonings.com\/fr\/#\/schema\/logo\/image\/"},"sameAs":["https:\/\/www.facebook.com\/kooningstheweddingpalace","https:\/\/www.instagram.com\/kooningstheweddingpalace","https:\/\/www.pinterest.com\/koonings","https:\/\/www.youtube.com\/kooningstheweddingpalace"]}]}},"_links":{"self":[{"href":"https:\/\/www.koonings.com\/fr\/wp-json\/wp\/v2\/product\/58598","targetHints":{"allow":["GET"]}}],"collection":[{"href":"https:\/\/www.koonings.com\/fr\/wp-json\/wp\/v2\/product"}],"about":[{"href":"https:\/\/www.koonings.com\/fr\/wp-json\/wp\/v2\/types\/product"}],"wp:featuredmedia":[{"embeddable":true,"href":"https:\/\/www.koonings.com\/fr\/wp-json\/wp\/v2\/media\/45229"}],"wp:attachment":[{"href":"https:\/\/www.koonings.com\/fr\/wp-json\/wp\/v2\/media?parent=58598"}],"wp:term":[{"taxonomy":"productdetails","embeddable":true,"href":"https:\/\/www.koonings.com\/fr\/wp-json\/wp\/v2\/productdetails?post=58598"},{"taxonomy":"productneck","embeddable":true,"href":"https:\/\/www.koonings.com\/fr\/wp-json\/wp\/v2\/productneck?post=58598"},{"taxonomy":"productcolor","embeddable":true,"href":"https:\/\/www.koonings.com\/fr\/wp-json\/wp\/v2\/productcolor?post=58598"},{"taxonomy":"maat","embeddable":true,"href":"https:\/\/www.koonings.com\/fr\/wp-json\/wp\/v2\/maat?post=58598"},{"taxonomy":"productsupplier","embeddable":true,"href":"https:\/\/www.koonings.com\/fr\/wp-json\/wp\/v2\/productsupplier?post=58598"},{"taxonomy":"productsleeve","embeddable":true,"href":"https:\/\/www.koonings.com\/fr\/wp-json\/wp\/v2\/productsleeve?post=58598"},{"taxonomy":"productcategory","embeddable":true,"href":"https:\/\/www.koonings.com\/fr\/wp-json\/wp\/v2\/productcategory?post=58598"},{"taxonomy":"productsilhouette","embeddable":true,"href":"https:\/\/www.koonings.com\/fr\/wp-json\/wp\/v2\/productsilhouette?post=58598"},{"taxonomy":"productstyle","embeddable":true,"href":"https:\/\/www.koonings.com\/fr\/wp-json\/wp\/v2\/productstyle?post=58598"}],"curies":[{"name":"wp","href":"https:\/\/api.w.org\/{rel}","templated":true}]}}