{"id":58592,"date":"2026-04-28T18:19:00","date_gmt":"2026-04-28T16:19:00","guid":{"rendered":"https:\/\/www.koonings.com\/product\/modeca-curves-elmas-c\/"},"modified":"2025-06-05T13:08:10","modified_gmt":"2025-06-05T11:08:10","slug":"modeca-curves-elmas-c","status":"publish","type":"product","link":"https:\/\/www.koonings.com\/fr\/product\/modeca-curves-elmas-c\/","title":{"rendered":"Modeca Curves Elmas-C"},"content":{"rendered":"<p>Rehaussez votre \u00e9l\u00e9gance nuptiale avec la superbe robe Elmas-C, sp\u00e9cialement con\u00e7ue pour les mari\u00e9es aux courbes arrondies. Con\u00e7ue pour accentuer et c\u00e9l\u00e9brer chaque courbe, cette pi\u00e8ce ma\u00eetresse de la ligne A pr\u00e9sente un corsage en dentelle illusionnant, orn\u00e9 d&#8217;une d\u00e9licate dentelle paillet\u00e9e. Pour plus de polyvalence et de confort, Elmas-C est dot\u00e9e de manches 3\/4 amovibles, ce qui vous permet de passer sans effort de la c\u00e9r\u00e9monie \u00e0 la r\u00e9ception tout en conservant votre style unique. La jupe en tulle scintillant compl\u00e8te ce look. Cette robe est \u00e9galement disponible en tulle uni &#8211; Elmas-CA.    <\/p>\n","protected":false},"featured_media":45246,"template":"","meta":{"_acf_changed":false,"ghostkit_customizer_options":"","ghostkit_custom_css":"","ghostkit_custom_js_head":"","ghostkit_custom_js_foot":"","ghostkit_typography":""},"productdetails":[381],"productneck":[356],"productcolor":[393,392],"maat":[375],"productsupplier":[439],"productsleeve":[361],"productcategory":[18],"productsilhouette":[384],"productstyle":[366],"class_list":["post-58592","product","type-product","status-publish","has-post-thumbnail","hentry","productdetails-381","productneck-356","productcolor-393","productcolor-392","maat-375","productsupplier-modeca-curves","productsleeve-361","productcategory-trouwjurken","productsilhouette-384","productstyle-366"],"acf":[],"yoast_head":"<!-- This site is optimized with the Yoast SEO plugin v27.3 - https:\/\/yoast.com\/product\/yoast-seo-wordpress\/ -->\n<title>Modeca Curves Elmas-C | Koonings<\/title>\n<meta name=\"description\" content=\"Rehaussez votre \u00e9l\u00e9gance nuptiale avec la superbe robe Elmas-C, sp\u00e9cialement con\u00e7ue pour les mari\u00e9es aux courbes arrondies. Con\u00e7ue pour accentuer et c\u00e9l\u00e9brer chaque courbe, cette pi\u00e8ce ma\u00eetresse de la ligne A pr\u00e9sente un corsage en dentelle illusionnant, orn\u00e9 d&#039;une d\u00e9licate dentelle paillet\u00e9e. Pour plus de polyvalence et de confort, Elmas-C est dot\u00e9e de manches 3\/4 amovibles, ce qui vous permet de passer sans effort de la c\u00e9r\u00e9monie \u00e0 la r\u00e9ception tout en conservant votre style unique. La jupe en tulle scintillant compl\u00e8te ce look. Cette robe est \u00e9galement disponible en tulle uni - Elmas-CA.\" \/>\n<meta name=\"robots\" content=\"index, follow, max-snippet:-1, max-image-preview:large, max-video-preview:-1\" \/>\n<link rel=\"canonical\" href=\"https:\/\/www.koonings.com\/fr\/product\/modeca-curves-elmas-c\/\" \/>\n<meta property=\"og:locale\" content=\"fr_FR\" \/>\n<meta property=\"og:type\" content=\"article\" \/>\n<meta property=\"og:title\" content=\"Modeca Curves Elmas-C | Koonings\" \/>\n<meta property=\"og:description\" content=\"Rehaussez votre \u00e9l\u00e9gance nuptiale avec la superbe robe Elmas-C, sp\u00e9cialement con\u00e7ue pour les mari\u00e9es aux courbes arrondies. Con\u00e7ue pour accentuer et c\u00e9l\u00e9brer chaque courbe, cette pi\u00e8ce ma\u00eetresse de la ligne A pr\u00e9sente un corsage en dentelle illusionnant, orn\u00e9 d&#039;une d\u00e9licate dentelle paillet\u00e9e. Pour plus de polyvalence et de confort, Elmas-C est dot\u00e9e de manches 3\/4 amovibles, ce qui vous permet de passer sans effort de la c\u00e9r\u00e9monie \u00e0 la r\u00e9ception tout en conservant votre style unique. La jupe en tulle scintillant compl\u00e8te ce look. Cette robe est \u00e9galement disponible en tulle uni - Elmas-CA.\" \/>\n<meta property=\"og:url\" content=\"https:\/\/www.koonings.com\/fr\/product\/modeca-curves-elmas-c\/\" \/>\n<meta property=\"og:site_name\" content=\"Koonings\" \/>\n<meta property=\"article:publisher\" content=\"https:\/\/www.facebook.com\/kooningstheweddingpalace\" \/>\n<meta property=\"og:image\" content=\"https:\/\/www.koonings.com\/wp-content\/uploads\/2024\/11\/40585_5309b4031771f494036af2421c9b5fcc61afd6e26aeedc11a1fc072eb0b41e78a3efd078.jpeg\" \/>\n\t<meta property=\"og:image:width\" content=\"636\" \/>\n\t<meta property=\"og:image:height\" content=\"900\" \/>\n\t<meta property=\"og:image:type\" content=\"image\/jpeg\" \/>\n<meta name=\"twitter:card\" content=\"summary_large_image\" \/>\n<meta name=\"twitter:label1\" content=\"Dur\u00e9e de lecture estim\u00e9e\" \/>\n\t<meta name=\"twitter:data1\" content=\"1 minute\" \/>\n<script type=\"application\/ld+json\" class=\"yoast-schema-graph\">{\"@context\":\"https:\\\/\\\/schema.org\",\"@graph\":[{\"@type\":\"WebPage\",\"@id\":\"https:\\\/\\\/www.koonings.com\\\/fr\\\/product\\\/modeca-curves-elmas-c\\\/\",\"url\":\"https:\\\/\\\/www.koonings.com\\\/fr\\\/product\\\/modeca-curves-elmas-c\\\/\",\"name\":\"Modeca Curves Elmas-C | Koonings\",\"isPartOf\":{\"@id\":\"https:\\\/\\\/www.koonings.com\\\/fr\\\/#website\"},\"primaryImageOfPage\":{\"@id\":\"https:\\\/\\\/www.koonings.com\\\/fr\\\/product\\\/modeca-curves-elmas-c\\\/#primaryimage\"},\"image\":{\"@id\":\"https:\\\/\\\/www.koonings.com\\\/fr\\\/product\\\/modeca-curves-elmas-c\\\/#primaryimage\"},\"thumbnailUrl\":\"https:\\\/\\\/www.koonings.com\\\/wp-content\\\/uploads\\\/2024\\\/11\\\/40585_5309b4031771f494036af2421c9b5fcc61afd6e26aeedc11a1fc072eb0b41e78a3efd078.jpeg\",\"datePublished\":\"2026-04-28T16:19:00+00:00\",\"description\":\"Rehaussez votre \u00e9l\u00e9gance nuptiale avec la superbe robe Elmas-C, sp\u00e9cialement con\u00e7ue pour les mari\u00e9es aux courbes arrondies. Con\u00e7ue pour accentuer et c\u00e9l\u00e9brer chaque courbe, cette pi\u00e8ce ma\u00eetresse de la ligne A pr\u00e9sente un corsage en dentelle illusionnant, orn\u00e9 d'une d\u00e9licate dentelle paillet\u00e9e. Pour plus de polyvalence et de confort, Elmas-C est dot\u00e9e de manches 3\\\/4 amovibles, ce qui vous permet de passer sans effort de la c\u00e9r\u00e9monie \u00e0 la r\u00e9ception tout en conservant votre style unique. La jupe en tulle scintillant compl\u00e8te ce look. Cette robe est \u00e9galement disponible en tulle uni - Elmas-CA.\",\"breadcrumb\":{\"@id\":\"https:\\\/\\\/www.koonings.com\\\/fr\\\/product\\\/modeca-curves-elmas-c\\\/#breadcrumb\"},\"inLanguage\":\"fr-FR\",\"potentialAction\":[{\"@type\":\"ReadAction\",\"target\":[\"https:\\\/\\\/www.koonings.com\\\/fr\\\/product\\\/modeca-curves-elmas-c\\\/\"]}]},{\"@type\":\"ImageObject\",\"inLanguage\":\"fr-FR\",\"@id\":\"https:\\\/\\\/www.koonings.com\\\/fr\\\/product\\\/modeca-curves-elmas-c\\\/#primaryimage\",\"url\":\"https:\\\/\\\/www.koonings.com\\\/wp-content\\\/uploads\\\/2024\\\/11\\\/40585_5309b4031771f494036af2421c9b5fcc61afd6e26aeedc11a1fc072eb0b41e78a3efd078.jpeg\",\"contentUrl\":\"https:\\\/\\\/www.koonings.com\\\/wp-content\\\/uploads\\\/2024\\\/11\\\/40585_5309b4031771f494036af2421c9b5fcc61afd6e26aeedc11a1fc072eb0b41e78a3efd078.jpeg\",\"width\":636,\"height\":900},{\"@type\":\"BreadcrumbList\",\"@id\":\"https:\\\/\\\/www.koonings.com\\\/fr\\\/product\\\/modeca-curves-elmas-c\\\/#breadcrumb\",\"itemListElement\":[{\"@type\":\"ListItem\",\"position\":1,\"name\":\"Home\",\"item\":\"https:\\\/\\\/www.koonings.com\\\/fr\\\/\"},{\"@type\":\"ListItem\",\"position\":2,\"name\":\"Modeca Curves Elmas-C\"}]},{\"@type\":\"WebSite\",\"@id\":\"https:\\\/\\\/www.koonings.com\\\/fr\\\/#website\",\"url\":\"https:\\\/\\\/www.koonings.com\\\/fr\\\/\",\"name\":\"Koonings\",\"description\":\"De grootste bruidsmodewinkel ter wereld\",\"publisher\":{\"@id\":\"https:\\\/\\\/www.koonings.com\\\/fr\\\/#organization\"},\"potentialAction\":[{\"@type\":\"SearchAction\",\"target\":{\"@type\":\"EntryPoint\",\"urlTemplate\":\"https:\\\/\\\/www.koonings.com\\\/fr\\\/?s={search_term_string}\"},\"query-input\":{\"@type\":\"PropertyValueSpecification\",\"valueRequired\":true,\"valueName\":\"search_term_string\"}}],\"inLanguage\":\"fr-FR\"},{\"@type\":\"Organization\",\"@id\":\"https:\\\/\\\/www.koonings.com\\\/fr\\\/#organization\",\"name\":\"Koonings\",\"url\":\"https:\\\/\\\/www.koonings.com\\\/fr\\\/\",\"logo\":{\"@type\":\"ImageObject\",\"inLanguage\":\"fr-FR\",\"@id\":\"https:\\\/\\\/www.koonings.com\\\/fr\\\/#\\\/schema\\\/logo\\\/image\\\/\",\"url\":\"https:\\\/\\\/www.koonings.com\\\/wp-content\\\/uploads\\\/2024\\\/07\\\/logo.png\",\"contentUrl\":\"https:\\\/\\\/www.koonings.com\\\/wp-content\\\/uploads\\\/2024\\\/07\\\/logo.png\",\"width\":600,\"height\":428,\"caption\":\"Koonings\"},\"image\":{\"@id\":\"https:\\\/\\\/www.koonings.com\\\/fr\\\/#\\\/schema\\\/logo\\\/image\\\/\"},\"sameAs\":[\"https:\\\/\\\/www.facebook.com\\\/kooningstheweddingpalace\",\"https:\\\/\\\/www.instagram.com\\\/kooningstheweddingpalace\",\"https:\\\/\\\/www.pinterest.com\\\/koonings\",\"https:\\\/\\\/www.youtube.com\\\/kooningstheweddingpalace\"]}]}<\/script>\n<!-- \/ Yoast SEO plugin. -->","yoast_head_json":{"title":"Modeca Curves Elmas-C | Koonings","description":"Rehaussez votre \u00e9l\u00e9gance nuptiale avec la superbe robe Elmas-C, sp\u00e9cialement con\u00e7ue pour les mari\u00e9es aux courbes arrondies. Con\u00e7ue pour accentuer et c\u00e9l\u00e9brer chaque courbe, cette pi\u00e8ce ma\u00eetresse de la ligne A pr\u00e9sente un corsage en dentelle illusionnant, orn\u00e9 d'une d\u00e9licate dentelle paillet\u00e9e. Pour plus de polyvalence et de confort, Elmas-C est dot\u00e9e de manches 3\/4 amovibles, ce qui vous permet de passer sans effort de la c\u00e9r\u00e9monie \u00e0 la r\u00e9ception tout en conservant votre style unique. La jupe en tulle scintillant compl\u00e8te ce look. Cette robe est \u00e9galement disponible en tulle uni - Elmas-CA.","robots":{"index":"index","follow":"follow","max-snippet":"max-snippet:-1","max-image-preview":"max-image-preview:large","max-video-preview":"max-video-preview:-1"},"canonical":"https:\/\/www.koonings.com\/fr\/product\/modeca-curves-elmas-c\/","og_locale":"fr_FR","og_type":"article","og_title":"Modeca Curves Elmas-C | Koonings","og_description":"Rehaussez votre \u00e9l\u00e9gance nuptiale avec la superbe robe Elmas-C, sp\u00e9cialement con\u00e7ue pour les mari\u00e9es aux courbes arrondies. Con\u00e7ue pour accentuer et c\u00e9l\u00e9brer chaque courbe, cette pi\u00e8ce ma\u00eetresse de la ligne A pr\u00e9sente un corsage en dentelle illusionnant, orn\u00e9 d'une d\u00e9licate dentelle paillet\u00e9e. Pour plus de polyvalence et de confort, Elmas-C est dot\u00e9e de manches 3\/4 amovibles, ce qui vous permet de passer sans effort de la c\u00e9r\u00e9monie \u00e0 la r\u00e9ception tout en conservant votre style unique. La jupe en tulle scintillant compl\u00e8te ce look. Cette robe est \u00e9galement disponible en tulle uni - Elmas-CA.","og_url":"https:\/\/www.koonings.com\/fr\/product\/modeca-curves-elmas-c\/","og_site_name":"Koonings","article_publisher":"https:\/\/www.facebook.com\/kooningstheweddingpalace","og_image":[{"width":636,"height":900,"url":"https:\/\/www.koonings.com\/wp-content\/uploads\/2024\/11\/40585_5309b4031771f494036af2421c9b5fcc61afd6e26aeedc11a1fc072eb0b41e78a3efd078.jpeg","type":"image\/jpeg"}],"twitter_card":"summary_large_image","twitter_misc":{"Dur\u00e9e de lecture estim\u00e9e":"1 minute"},"schema":{"@context":"https:\/\/schema.org","@graph":[{"@type":"WebPage","@id":"https:\/\/www.koonings.com\/fr\/product\/modeca-curves-elmas-c\/","url":"https:\/\/www.koonings.com\/fr\/product\/modeca-curves-elmas-c\/","name":"Modeca Curves Elmas-C | Koonings","isPartOf":{"@id":"https:\/\/www.koonings.com\/fr\/#website"},"primaryImageOfPage":{"@id":"https:\/\/www.koonings.com\/fr\/product\/modeca-curves-elmas-c\/#primaryimage"},"image":{"@id":"https:\/\/www.koonings.com\/fr\/product\/modeca-curves-elmas-c\/#primaryimage"},"thumbnailUrl":"https:\/\/www.koonings.com\/wp-content\/uploads\/2024\/11\/40585_5309b4031771f494036af2421c9b5fcc61afd6e26aeedc11a1fc072eb0b41e78a3efd078.jpeg","datePublished":"2026-04-28T16:19:00+00:00","description":"Rehaussez votre \u00e9l\u00e9gance nuptiale avec la superbe robe Elmas-C, sp\u00e9cialement con\u00e7ue pour les mari\u00e9es aux courbes arrondies. Con\u00e7ue pour accentuer et c\u00e9l\u00e9brer chaque courbe, cette pi\u00e8ce ma\u00eetresse de la ligne A pr\u00e9sente un corsage en dentelle illusionnant, orn\u00e9 d'une d\u00e9licate dentelle paillet\u00e9e. Pour plus de polyvalence et de confort, Elmas-C est dot\u00e9e de manches 3\/4 amovibles, ce qui vous permet de passer sans effort de la c\u00e9r\u00e9monie \u00e0 la r\u00e9ception tout en conservant votre style unique. La jupe en tulle scintillant compl\u00e8te ce look. Cette robe est \u00e9galement disponible en tulle uni - Elmas-CA.","breadcrumb":{"@id":"https:\/\/www.koonings.com\/fr\/product\/modeca-curves-elmas-c\/#breadcrumb"},"inLanguage":"fr-FR","potentialAction":[{"@type":"ReadAction","target":["https:\/\/www.koonings.com\/fr\/product\/modeca-curves-elmas-c\/"]}]},{"@type":"ImageObject","inLanguage":"fr-FR","@id":"https:\/\/www.koonings.com\/fr\/product\/modeca-curves-elmas-c\/#primaryimage","url":"https:\/\/www.koonings.com\/wp-content\/uploads\/2024\/11\/40585_5309b4031771f494036af2421c9b5fcc61afd6e26aeedc11a1fc072eb0b41e78a3efd078.jpeg","contentUrl":"https:\/\/www.koonings.com\/wp-content\/uploads\/2024\/11\/40585_5309b4031771f494036af2421c9b5fcc61afd6e26aeedc11a1fc072eb0b41e78a3efd078.jpeg","width":636,"height":900},{"@type":"BreadcrumbList","@id":"https:\/\/www.koonings.com\/fr\/product\/modeca-curves-elmas-c\/#breadcrumb","itemListElement":[{"@type":"ListItem","position":1,"name":"Home","item":"https:\/\/www.koonings.com\/fr\/"},{"@type":"ListItem","position":2,"name":"Modeca Curves Elmas-C"}]},{"@type":"WebSite","@id":"https:\/\/www.koonings.com\/fr\/#website","url":"https:\/\/www.koonings.com\/fr\/","name":"Koonings","description":"De grootste bruidsmodewinkel ter wereld","publisher":{"@id":"https:\/\/www.koonings.com\/fr\/#organization"},"potentialAction":[{"@type":"SearchAction","target":{"@type":"EntryPoint","urlTemplate":"https:\/\/www.koonings.com\/fr\/?s={search_term_string}"},"query-input":{"@type":"PropertyValueSpecification","valueRequired":true,"valueName":"search_term_string"}}],"inLanguage":"fr-FR"},{"@type":"Organization","@id":"https:\/\/www.koonings.com\/fr\/#organization","name":"Koonings","url":"https:\/\/www.koonings.com\/fr\/","logo":{"@type":"ImageObject","inLanguage":"fr-FR","@id":"https:\/\/www.koonings.com\/fr\/#\/schema\/logo\/image\/","url":"https:\/\/www.koonings.com\/wp-content\/uploads\/2024\/07\/logo.png","contentUrl":"https:\/\/www.koonings.com\/wp-content\/uploads\/2024\/07\/logo.png","width":600,"height":428,"caption":"Koonings"},"image":{"@id":"https:\/\/www.koonings.com\/fr\/#\/schema\/logo\/image\/"},"sameAs":["https:\/\/www.facebook.com\/kooningstheweddingpalace","https:\/\/www.instagram.com\/kooningstheweddingpalace","https:\/\/www.pinterest.com\/koonings","https:\/\/www.youtube.com\/kooningstheweddingpalace"]}]}},"_links":{"self":[{"href":"https:\/\/www.koonings.com\/fr\/wp-json\/wp\/v2\/product\/58592","targetHints":{"allow":["GET"]}}],"collection":[{"href":"https:\/\/www.koonings.com\/fr\/wp-json\/wp\/v2\/product"}],"about":[{"href":"https:\/\/www.koonings.com\/fr\/wp-json\/wp\/v2\/types\/product"}],"wp:featuredmedia":[{"embeddable":true,"href":"https:\/\/www.koonings.com\/fr\/wp-json\/wp\/v2\/media\/45246"}],"wp:attachment":[{"href":"https:\/\/www.koonings.com\/fr\/wp-json\/wp\/v2\/media?parent=58592"}],"wp:term":[{"taxonomy":"productdetails","embeddable":true,"href":"https:\/\/www.koonings.com\/fr\/wp-json\/wp\/v2\/productdetails?post=58592"},{"taxonomy":"productneck","embeddable":true,"href":"https:\/\/www.koonings.com\/fr\/wp-json\/wp\/v2\/productneck?post=58592"},{"taxonomy":"productcolor","embeddable":true,"href":"https:\/\/www.koonings.com\/fr\/wp-json\/wp\/v2\/productcolor?post=58592"},{"taxonomy":"maat","embeddable":true,"href":"https:\/\/www.koonings.com\/fr\/wp-json\/wp\/v2\/maat?post=58592"},{"taxonomy":"productsupplier","embeddable":true,"href":"https:\/\/www.koonings.com\/fr\/wp-json\/wp\/v2\/productsupplier?post=58592"},{"taxonomy":"productsleeve","embeddable":true,"href":"https:\/\/www.koonings.com\/fr\/wp-json\/wp\/v2\/productsleeve?post=58592"},{"taxonomy":"productcategory","embeddable":true,"href":"https:\/\/www.koonings.com\/fr\/wp-json\/wp\/v2\/productcategory?post=58592"},{"taxonomy":"productsilhouette","embeddable":true,"href":"https:\/\/www.koonings.com\/fr\/wp-json\/wp\/v2\/productsilhouette?post=58592"},{"taxonomy":"productstyle","embeddable":true,"href":"https:\/\/www.koonings.com\/fr\/wp-json\/wp\/v2\/productstyle?post=58592"}],"curies":[{"name":"wp","href":"https:\/\/api.w.org\/{rel}","templated":true}]}}