{"id":58587,"date":"2026-05-06T15:20:16","date_gmt":"2026-05-06T13:20:16","guid":{"rendered":"https:\/\/www.koonings.com\/product\/libelle-kensley\/"},"modified":"2025-06-05T13:07:55","modified_gmt":"2025-06-05T11:07:55","slug":"libelle-kensley","status":"publish","type":"product","link":"https:\/\/www.koonings.com\/fr\/product\/libelle-kensley\/","title":{"rendered":"Libelle Kensley"},"content":{"rendered":"<p>Kensley est une robe courte enchanteresse con\u00e7ue pour faire une d\u00e9claration. Le d\u00e9collet\u00e9 profond et audacieux ajoute une touche d&#8217;allure, tandis que le tissu de tulle scintillant cr\u00e9e un look radieux et glamour. Un d\u00e9licat d\u00e9tail floral en 3D souligne la taille et ajoute une touche d&#8217;\u00e9l\u00e9gance subtile mais enchanteresse \u00e0 cet ensemble moderne.  <\/p>\n","protected":false},"featured_media":45330,"template":"","meta":{"_acf_changed":false,"ghostkit_customizer_options":"","ghostkit_custom_css":"","ghostkit_custom_js_head":"","ghostkit_custom_js_foot":"","ghostkit_typography":""},"productdetails":[],"productneck":[356],"productcolor":[393,392],"maat":[],"productsupplier":[428],"productsleeve":[359],"productcategory":[18],"productsilhouette":[386],"productstyle":[371,366,370,373],"class_list":["post-58587","product","type-product","status-publish","has-post-thumbnail","hentry","productneck-356","productcolor-393","productcolor-392","productsupplier-libelle","productsleeve-359","productcategory-trouwjurken","productsilhouette-386","productstyle-371","productstyle-366","productstyle-370","productstyle-373"],"acf":[],"yoast_head":"<!-- This site is optimized with the Yoast SEO plugin v27.3 - https:\/\/yoast.com\/product\/yoast-seo-wordpress\/ -->\n<title>Libelle Kensley | Koonings<\/title>\n<meta name=\"description\" content=\"Kensley est une robe courte enchanteresse con\u00e7ue pour faire une d\u00e9claration. Le d\u00e9collet\u00e9 profond et audacieux ajoute une touche d&#039;allure, tandis que le tissu de tulle scintillant cr\u00e9e un look radieux et glamour. Un d\u00e9licat d\u00e9tail floral en 3D souligne la taille et ajoute une touche d&#039;\u00e9l\u00e9gance subtile mais enchanteresse \u00e0 cet ensemble moderne.\" \/>\n<meta name=\"robots\" content=\"index, follow, max-snippet:-1, max-image-preview:large, max-video-preview:-1\" \/>\n<link rel=\"canonical\" href=\"https:\/\/www.koonings.com\/fr\/product\/libelle-kensley\/\" \/>\n<meta property=\"og:locale\" content=\"fr_FR\" \/>\n<meta property=\"og:type\" content=\"article\" \/>\n<meta property=\"og:title\" content=\"Libelle Kensley | Koonings\" \/>\n<meta property=\"og:description\" content=\"Kensley est une robe courte enchanteresse con\u00e7ue pour faire une d\u00e9claration. Le d\u00e9collet\u00e9 profond et audacieux ajoute une touche d&#039;allure, tandis que le tissu de tulle scintillant cr\u00e9e un look radieux et glamour. Un d\u00e9licat d\u00e9tail floral en 3D souligne la taille et ajoute une touche d&#039;\u00e9l\u00e9gance subtile mais enchanteresse \u00e0 cet ensemble moderne.\" \/>\n<meta property=\"og:url\" content=\"https:\/\/www.koonings.com\/fr\/product\/libelle-kensley\/\" \/>\n<meta property=\"og:site_name\" content=\"Koonings\" \/>\n<meta property=\"article:publisher\" content=\"https:\/\/www.facebook.com\/kooningstheweddingpalace\" \/>\n<meta property=\"og:image\" content=\"https:\/\/www.koonings.com\/wp-content\/uploads\/2024\/11\/40589_8f091e7583db389a5531288175cbd4f98d3d96b5a1c94cdda611b06805016624844d7b62.jpeg\" \/>\n\t<meta property=\"og:image:width\" content=\"983\" \/>\n\t<meta property=\"og:image:height\" content=\"1391\" \/>\n\t<meta property=\"og:image:type\" content=\"image\/jpeg\" \/>\n<meta name=\"twitter:card\" content=\"summary_large_image\" \/>\n<script type=\"application\/ld+json\" class=\"yoast-schema-graph\">{\"@context\":\"https:\\\/\\\/schema.org\",\"@graph\":[{\"@type\":\"WebPage\",\"@id\":\"https:\\\/\\\/www.koonings.com\\\/fr\\\/product\\\/libelle-kensley\\\/\",\"url\":\"https:\\\/\\\/www.koonings.com\\\/fr\\\/product\\\/libelle-kensley\\\/\",\"name\":\"Libelle Kensley | Koonings\",\"isPartOf\":{\"@id\":\"https:\\\/\\\/www.koonings.com\\\/fr\\\/#website\"},\"primaryImageOfPage\":{\"@id\":\"https:\\\/\\\/www.koonings.com\\\/fr\\\/product\\\/libelle-kensley\\\/#primaryimage\"},\"image\":{\"@id\":\"https:\\\/\\\/www.koonings.com\\\/fr\\\/product\\\/libelle-kensley\\\/#primaryimage\"},\"thumbnailUrl\":\"https:\\\/\\\/www.koonings.com\\\/wp-content\\\/uploads\\\/2024\\\/11\\\/40589_8f091e7583db389a5531288175cbd4f98d3d96b5a1c94cdda611b06805016624844d7b62.jpeg\",\"datePublished\":\"2026-05-06T13:20:16+00:00\",\"description\":\"Kensley est une robe courte enchanteresse con\u00e7ue pour faire une d\u00e9claration. Le d\u00e9collet\u00e9 profond et audacieux ajoute une touche d'allure, tandis que le tissu de tulle scintillant cr\u00e9e un look radieux et glamour. Un d\u00e9licat d\u00e9tail floral en 3D souligne la taille et ajoute une touche d'\u00e9l\u00e9gance subtile mais enchanteresse \u00e0 cet ensemble moderne.\",\"breadcrumb\":{\"@id\":\"https:\\\/\\\/www.koonings.com\\\/fr\\\/product\\\/libelle-kensley\\\/#breadcrumb\"},\"inLanguage\":\"fr-FR\",\"potentialAction\":[{\"@type\":\"ReadAction\",\"target\":[\"https:\\\/\\\/www.koonings.com\\\/fr\\\/product\\\/libelle-kensley\\\/\"]}]},{\"@type\":\"ImageObject\",\"inLanguage\":\"fr-FR\",\"@id\":\"https:\\\/\\\/www.koonings.com\\\/fr\\\/product\\\/libelle-kensley\\\/#primaryimage\",\"url\":\"https:\\\/\\\/www.koonings.com\\\/wp-content\\\/uploads\\\/2024\\\/11\\\/40589_8f091e7583db389a5531288175cbd4f98d3d96b5a1c94cdda611b06805016624844d7b62.jpeg\",\"contentUrl\":\"https:\\\/\\\/www.koonings.com\\\/wp-content\\\/uploads\\\/2024\\\/11\\\/40589_8f091e7583db389a5531288175cbd4f98d3d96b5a1c94cdda611b06805016624844d7b62.jpeg\",\"width\":983,\"height\":1391},{\"@type\":\"BreadcrumbList\",\"@id\":\"https:\\\/\\\/www.koonings.com\\\/fr\\\/product\\\/libelle-kensley\\\/#breadcrumb\",\"itemListElement\":[{\"@type\":\"ListItem\",\"position\":1,\"name\":\"Home\",\"item\":\"https:\\\/\\\/www.koonings.com\\\/fr\\\/\"},{\"@type\":\"ListItem\",\"position\":2,\"name\":\"Libelle Kensley\"}]},{\"@type\":\"WebSite\",\"@id\":\"https:\\\/\\\/www.koonings.com\\\/fr\\\/#website\",\"url\":\"https:\\\/\\\/www.koonings.com\\\/fr\\\/\",\"name\":\"Koonings\",\"description\":\"De grootste bruidsmodewinkel ter wereld\",\"publisher\":{\"@id\":\"https:\\\/\\\/www.koonings.com\\\/fr\\\/#organization\"},\"potentialAction\":[{\"@type\":\"SearchAction\",\"target\":{\"@type\":\"EntryPoint\",\"urlTemplate\":\"https:\\\/\\\/www.koonings.com\\\/fr\\\/?s={search_term_string}\"},\"query-input\":{\"@type\":\"PropertyValueSpecification\",\"valueRequired\":true,\"valueName\":\"search_term_string\"}}],\"inLanguage\":\"fr-FR\"},{\"@type\":\"Organization\",\"@id\":\"https:\\\/\\\/www.koonings.com\\\/fr\\\/#organization\",\"name\":\"Koonings\",\"url\":\"https:\\\/\\\/www.koonings.com\\\/fr\\\/\",\"logo\":{\"@type\":\"ImageObject\",\"inLanguage\":\"fr-FR\",\"@id\":\"https:\\\/\\\/www.koonings.com\\\/fr\\\/#\\\/schema\\\/logo\\\/image\\\/\",\"url\":\"https:\\\/\\\/www.koonings.com\\\/wp-content\\\/uploads\\\/2024\\\/07\\\/logo.png\",\"contentUrl\":\"https:\\\/\\\/www.koonings.com\\\/wp-content\\\/uploads\\\/2024\\\/07\\\/logo.png\",\"width\":600,\"height\":428,\"caption\":\"Koonings\"},\"image\":{\"@id\":\"https:\\\/\\\/www.koonings.com\\\/fr\\\/#\\\/schema\\\/logo\\\/image\\\/\"},\"sameAs\":[\"https:\\\/\\\/www.facebook.com\\\/kooningstheweddingpalace\",\"https:\\\/\\\/www.instagram.com\\\/kooningstheweddingpalace\",\"https:\\\/\\\/www.pinterest.com\\\/koonings\",\"https:\\\/\\\/www.youtube.com\\\/kooningstheweddingpalace\"]}]}<\/script>\n<!-- \/ Yoast SEO plugin. -->","yoast_head_json":{"title":"Libelle Kensley | Koonings","description":"Kensley est une robe courte enchanteresse con\u00e7ue pour faire une d\u00e9claration. Le d\u00e9collet\u00e9 profond et audacieux ajoute une touche d'allure, tandis que le tissu de tulle scintillant cr\u00e9e un look radieux et glamour. Un d\u00e9licat d\u00e9tail floral en 3D souligne la taille et ajoute une touche d'\u00e9l\u00e9gance subtile mais enchanteresse \u00e0 cet ensemble moderne.","robots":{"index":"index","follow":"follow","max-snippet":"max-snippet:-1","max-image-preview":"max-image-preview:large","max-video-preview":"max-video-preview:-1"},"canonical":"https:\/\/www.koonings.com\/fr\/product\/libelle-kensley\/","og_locale":"fr_FR","og_type":"article","og_title":"Libelle Kensley | Koonings","og_description":"Kensley est une robe courte enchanteresse con\u00e7ue pour faire une d\u00e9claration. Le d\u00e9collet\u00e9 profond et audacieux ajoute une touche d'allure, tandis que le tissu de tulle scintillant cr\u00e9e un look radieux et glamour. Un d\u00e9licat d\u00e9tail floral en 3D souligne la taille et ajoute une touche d'\u00e9l\u00e9gance subtile mais enchanteresse \u00e0 cet ensemble moderne.","og_url":"https:\/\/www.koonings.com\/fr\/product\/libelle-kensley\/","og_site_name":"Koonings","article_publisher":"https:\/\/www.facebook.com\/kooningstheweddingpalace","og_image":[{"width":983,"height":1391,"url":"https:\/\/www.koonings.com\/wp-content\/uploads\/2024\/11\/40589_8f091e7583db389a5531288175cbd4f98d3d96b5a1c94cdda611b06805016624844d7b62.jpeg","type":"image\/jpeg"}],"twitter_card":"summary_large_image","schema":{"@context":"https:\/\/schema.org","@graph":[{"@type":"WebPage","@id":"https:\/\/www.koonings.com\/fr\/product\/libelle-kensley\/","url":"https:\/\/www.koonings.com\/fr\/product\/libelle-kensley\/","name":"Libelle Kensley | Koonings","isPartOf":{"@id":"https:\/\/www.koonings.com\/fr\/#website"},"primaryImageOfPage":{"@id":"https:\/\/www.koonings.com\/fr\/product\/libelle-kensley\/#primaryimage"},"image":{"@id":"https:\/\/www.koonings.com\/fr\/product\/libelle-kensley\/#primaryimage"},"thumbnailUrl":"https:\/\/www.koonings.com\/wp-content\/uploads\/2024\/11\/40589_8f091e7583db389a5531288175cbd4f98d3d96b5a1c94cdda611b06805016624844d7b62.jpeg","datePublished":"2026-05-06T13:20:16+00:00","description":"Kensley est une robe courte enchanteresse con\u00e7ue pour faire une d\u00e9claration. Le d\u00e9collet\u00e9 profond et audacieux ajoute une touche d'allure, tandis que le tissu de tulle scintillant cr\u00e9e un look radieux et glamour. Un d\u00e9licat d\u00e9tail floral en 3D souligne la taille et ajoute une touche d'\u00e9l\u00e9gance subtile mais enchanteresse \u00e0 cet ensemble moderne.","breadcrumb":{"@id":"https:\/\/www.koonings.com\/fr\/product\/libelle-kensley\/#breadcrumb"},"inLanguage":"fr-FR","potentialAction":[{"@type":"ReadAction","target":["https:\/\/www.koonings.com\/fr\/product\/libelle-kensley\/"]}]},{"@type":"ImageObject","inLanguage":"fr-FR","@id":"https:\/\/www.koonings.com\/fr\/product\/libelle-kensley\/#primaryimage","url":"https:\/\/www.koonings.com\/wp-content\/uploads\/2024\/11\/40589_8f091e7583db389a5531288175cbd4f98d3d96b5a1c94cdda611b06805016624844d7b62.jpeg","contentUrl":"https:\/\/www.koonings.com\/wp-content\/uploads\/2024\/11\/40589_8f091e7583db389a5531288175cbd4f98d3d96b5a1c94cdda611b06805016624844d7b62.jpeg","width":983,"height":1391},{"@type":"BreadcrumbList","@id":"https:\/\/www.koonings.com\/fr\/product\/libelle-kensley\/#breadcrumb","itemListElement":[{"@type":"ListItem","position":1,"name":"Home","item":"https:\/\/www.koonings.com\/fr\/"},{"@type":"ListItem","position":2,"name":"Libelle Kensley"}]},{"@type":"WebSite","@id":"https:\/\/www.koonings.com\/fr\/#website","url":"https:\/\/www.koonings.com\/fr\/","name":"Koonings","description":"De grootste bruidsmodewinkel ter wereld","publisher":{"@id":"https:\/\/www.koonings.com\/fr\/#organization"},"potentialAction":[{"@type":"SearchAction","target":{"@type":"EntryPoint","urlTemplate":"https:\/\/www.koonings.com\/fr\/?s={search_term_string}"},"query-input":{"@type":"PropertyValueSpecification","valueRequired":true,"valueName":"search_term_string"}}],"inLanguage":"fr-FR"},{"@type":"Organization","@id":"https:\/\/www.koonings.com\/fr\/#organization","name":"Koonings","url":"https:\/\/www.koonings.com\/fr\/","logo":{"@type":"ImageObject","inLanguage":"fr-FR","@id":"https:\/\/www.koonings.com\/fr\/#\/schema\/logo\/image\/","url":"https:\/\/www.koonings.com\/wp-content\/uploads\/2024\/07\/logo.png","contentUrl":"https:\/\/www.koonings.com\/wp-content\/uploads\/2024\/07\/logo.png","width":600,"height":428,"caption":"Koonings"},"image":{"@id":"https:\/\/www.koonings.com\/fr\/#\/schema\/logo\/image\/"},"sameAs":["https:\/\/www.facebook.com\/kooningstheweddingpalace","https:\/\/www.instagram.com\/kooningstheweddingpalace","https:\/\/www.pinterest.com\/koonings","https:\/\/www.youtube.com\/kooningstheweddingpalace"]}]}},"_links":{"self":[{"href":"https:\/\/www.koonings.com\/fr\/wp-json\/wp\/v2\/product\/58587","targetHints":{"allow":["GET"]}}],"collection":[{"href":"https:\/\/www.koonings.com\/fr\/wp-json\/wp\/v2\/product"}],"about":[{"href":"https:\/\/www.koonings.com\/fr\/wp-json\/wp\/v2\/types\/product"}],"wp:featuredmedia":[{"embeddable":true,"href":"https:\/\/www.koonings.com\/fr\/wp-json\/wp\/v2\/media\/45330"}],"wp:attachment":[{"href":"https:\/\/www.koonings.com\/fr\/wp-json\/wp\/v2\/media?parent=58587"}],"wp:term":[{"taxonomy":"productdetails","embeddable":true,"href":"https:\/\/www.koonings.com\/fr\/wp-json\/wp\/v2\/productdetails?post=58587"},{"taxonomy":"productneck","embeddable":true,"href":"https:\/\/www.koonings.com\/fr\/wp-json\/wp\/v2\/productneck?post=58587"},{"taxonomy":"productcolor","embeddable":true,"href":"https:\/\/www.koonings.com\/fr\/wp-json\/wp\/v2\/productcolor?post=58587"},{"taxonomy":"maat","embeddable":true,"href":"https:\/\/www.koonings.com\/fr\/wp-json\/wp\/v2\/maat?post=58587"},{"taxonomy":"productsupplier","embeddable":true,"href":"https:\/\/www.koonings.com\/fr\/wp-json\/wp\/v2\/productsupplier?post=58587"},{"taxonomy":"productsleeve","embeddable":true,"href":"https:\/\/www.koonings.com\/fr\/wp-json\/wp\/v2\/productsleeve?post=58587"},{"taxonomy":"productcategory","embeddable":true,"href":"https:\/\/www.koonings.com\/fr\/wp-json\/wp\/v2\/productcategory?post=58587"},{"taxonomy":"productsilhouette","embeddable":true,"href":"https:\/\/www.koonings.com\/fr\/wp-json\/wp\/v2\/productsilhouette?post=58587"},{"taxonomy":"productstyle","embeddable":true,"href":"https:\/\/www.koonings.com\/fr\/wp-json\/wp\/v2\/productstyle?post=58587"}],"curies":[{"name":"wp","href":"https:\/\/api.w.org\/{rel}","templated":true}]}}