{"id":58563,"date":"2026-05-06T15:20:18","date_gmt":"2026-05-06T13:20:18","guid":{"rendered":"https:\/\/www.koonings.com\/product\/libelle-kaia\/"},"modified":"2025-06-05T13:08:00","modified_gmt":"2025-06-05T11:08:00","slug":"libelle-kaia","status":"publish","type":"product","link":"https:\/\/www.koonings.com\/fr\/product\/libelle-kaia\/","title":{"rendered":"Libelle Kaia"},"content":{"rendered":"<p>Kaia est une vision d&#8217;\u00e9l\u00e9gance intemporelle et d&#8217;allure moderne. Cette robe de forme A est dot\u00e9e d&#8217;un corsage en dentelle illusionniste orn\u00e9 de d\u00e9tails complexes et d&#8217;un d\u00e9collet\u00e9 profond. Les longues manches transparentes rehaussent le look et ajoutent une touche de romantisme et de sophistication \u00e0 votre tenue de mari\u00e9e. Ce style est compl\u00e9t\u00e9 par une jupe en tulle de r\u00eave. Cette robe est \u00e9galement disponible avec des manches capuchon &#8211; Kaia-C.    <\/p>\n","protected":false},"featured_media":45452,"template":"","meta":{"_acf_changed":false,"ghostkit_customizer_options":"","ghostkit_custom_css":"","ghostkit_custom_js_head":"","ghostkit_custom_js_foot":"","ghostkit_typography":""},"productdetails":[379,380,378,381],"productneck":[356],"productcolor":[393,392],"maat":[],"productsupplier":[428],"productsleeve":[362],"productcategory":[18],"productsilhouette":[384],"productstyle":[366,370],"class_list":["post-58563","product","type-product","status-publish","has-post-thumbnail","hentry","productdetails-379","productdetails-380","productdetails-378","productdetails-381","productneck-356","productcolor-393","productcolor-392","productsupplier-libelle","productsleeve-362","productcategory-trouwjurken","productsilhouette-384","productstyle-366","productstyle-370"],"acf":[],"yoast_head":"<!-- This site is optimized with the Yoast SEO plugin v27.3 - https:\/\/yoast.com\/product\/yoast-seo-wordpress\/ -->\n<title>Libelle Kaia | Koonings<\/title>\n<meta name=\"description\" content=\"Kaia est une vision d&#039;\u00e9l\u00e9gance intemporelle et d&#039;allure moderne. Cette robe de forme A est dot\u00e9e d&#039;un corsage en dentelle illusionniste orn\u00e9 de d\u00e9tails complexes et d&#039;un d\u00e9collet\u00e9 profond. Les longues manches transparentes rehaussent le look et ajoutent une touche de romantisme et de sophistication \u00e0 votre tenue de mari\u00e9e. Ce style est compl\u00e9t\u00e9 par une jupe en tulle de r\u00eave. Cette robe est \u00e9galement disponible avec des manches capuchon - Kaia-C.\" \/>\n<meta name=\"robots\" content=\"index, follow, max-snippet:-1, max-image-preview:large, max-video-preview:-1\" \/>\n<link rel=\"canonical\" href=\"https:\/\/www.koonings.com\/fr\/product\/libelle-kaia\/\" \/>\n<meta property=\"og:locale\" content=\"fr_FR\" \/>\n<meta property=\"og:type\" content=\"article\" \/>\n<meta property=\"og:title\" content=\"Libelle Kaia | Koonings\" \/>\n<meta property=\"og:description\" content=\"Kaia est une vision d&#039;\u00e9l\u00e9gance intemporelle et d&#039;allure moderne. Cette robe de forme A est dot\u00e9e d&#039;un corsage en dentelle illusionniste orn\u00e9 de d\u00e9tails complexes et d&#039;un d\u00e9collet\u00e9 profond. Les longues manches transparentes rehaussent le look et ajoutent une touche de romantisme et de sophistication \u00e0 votre tenue de mari\u00e9e. Ce style est compl\u00e9t\u00e9 par une jupe en tulle de r\u00eave. Cette robe est \u00e9galement disponible avec des manches capuchon - Kaia-C.\" \/>\n<meta property=\"og:url\" content=\"https:\/\/www.koonings.com\/fr\/product\/libelle-kaia\/\" \/>\n<meta property=\"og:site_name\" content=\"Koonings\" \/>\n<meta property=\"article:publisher\" content=\"https:\/\/www.facebook.com\/kooningstheweddingpalace\" \/>\n<meta property=\"og:image\" content=\"https:\/\/www.koonings.com\/wp-content\/uploads\/2024\/11\/40595_5039ed8db673c6d0f071fa87860ea87d83f695f75a11dcfad50a4c7f9ca8affe569e888d-scaled.jpeg\" \/>\n\t<meta property=\"og:image:width\" content=\"1808\" \/>\n\t<meta property=\"og:image:height\" content=\"2560\" \/>\n\t<meta property=\"og:image:type\" content=\"image\/jpeg\" \/>\n<meta name=\"twitter:card\" content=\"summary_large_image\" \/>\n<script type=\"application\/ld+json\" class=\"yoast-schema-graph\">{\"@context\":\"https:\\\/\\\/schema.org\",\"@graph\":[{\"@type\":\"WebPage\",\"@id\":\"https:\\\/\\\/www.koonings.com\\\/fr\\\/product\\\/libelle-kaia\\\/\",\"url\":\"https:\\\/\\\/www.koonings.com\\\/fr\\\/product\\\/libelle-kaia\\\/\",\"name\":\"Libelle Kaia | Koonings\",\"isPartOf\":{\"@id\":\"https:\\\/\\\/www.koonings.com\\\/fr\\\/#website\"},\"primaryImageOfPage\":{\"@id\":\"https:\\\/\\\/www.koonings.com\\\/fr\\\/product\\\/libelle-kaia\\\/#primaryimage\"},\"image\":{\"@id\":\"https:\\\/\\\/www.koonings.com\\\/fr\\\/product\\\/libelle-kaia\\\/#primaryimage\"},\"thumbnailUrl\":\"https:\\\/\\\/www.koonings.com\\\/wp-content\\\/uploads\\\/2024\\\/11\\\/40595_5039ed8db673c6d0f071fa87860ea87d83f695f75a11dcfad50a4c7f9ca8affe569e888d-scaled.jpeg\",\"datePublished\":\"2026-05-06T13:20:18+00:00\",\"description\":\"Kaia est une vision d'\u00e9l\u00e9gance intemporelle et d'allure moderne. Cette robe de forme A est dot\u00e9e d'un corsage en dentelle illusionniste orn\u00e9 de d\u00e9tails complexes et d'un d\u00e9collet\u00e9 profond. Les longues manches transparentes rehaussent le look et ajoutent une touche de romantisme et de sophistication \u00e0 votre tenue de mari\u00e9e. Ce style est compl\u00e9t\u00e9 par une jupe en tulle de r\u00eave. Cette robe est \u00e9galement disponible avec des manches capuchon - Kaia-C.\",\"breadcrumb\":{\"@id\":\"https:\\\/\\\/www.koonings.com\\\/fr\\\/product\\\/libelle-kaia\\\/#breadcrumb\"},\"inLanguage\":\"fr-FR\",\"potentialAction\":[{\"@type\":\"ReadAction\",\"target\":[\"https:\\\/\\\/www.koonings.com\\\/fr\\\/product\\\/libelle-kaia\\\/\"]}]},{\"@type\":\"ImageObject\",\"inLanguage\":\"fr-FR\",\"@id\":\"https:\\\/\\\/www.koonings.com\\\/fr\\\/product\\\/libelle-kaia\\\/#primaryimage\",\"url\":\"https:\\\/\\\/www.koonings.com\\\/wp-content\\\/uploads\\\/2024\\\/11\\\/40595_5039ed8db673c6d0f071fa87860ea87d83f695f75a11dcfad50a4c7f9ca8affe569e888d-scaled.jpeg\",\"contentUrl\":\"https:\\\/\\\/www.koonings.com\\\/wp-content\\\/uploads\\\/2024\\\/11\\\/40595_5039ed8db673c6d0f071fa87860ea87d83f695f75a11dcfad50a4c7f9ca8affe569e888d-scaled.jpeg\",\"width\":1808,\"height\":2560},{\"@type\":\"BreadcrumbList\",\"@id\":\"https:\\\/\\\/www.koonings.com\\\/fr\\\/product\\\/libelle-kaia\\\/#breadcrumb\",\"itemListElement\":[{\"@type\":\"ListItem\",\"position\":1,\"name\":\"Home\",\"item\":\"https:\\\/\\\/www.koonings.com\\\/fr\\\/\"},{\"@type\":\"ListItem\",\"position\":2,\"name\":\"Libelle Kaia\"}]},{\"@type\":\"WebSite\",\"@id\":\"https:\\\/\\\/www.koonings.com\\\/fr\\\/#website\",\"url\":\"https:\\\/\\\/www.koonings.com\\\/fr\\\/\",\"name\":\"Koonings\",\"description\":\"De grootste bruidsmodewinkel ter wereld\",\"publisher\":{\"@id\":\"https:\\\/\\\/www.koonings.com\\\/fr\\\/#organization\"},\"potentialAction\":[{\"@type\":\"SearchAction\",\"target\":{\"@type\":\"EntryPoint\",\"urlTemplate\":\"https:\\\/\\\/www.koonings.com\\\/fr\\\/?s={search_term_string}\"},\"query-input\":{\"@type\":\"PropertyValueSpecification\",\"valueRequired\":true,\"valueName\":\"search_term_string\"}}],\"inLanguage\":\"fr-FR\"},{\"@type\":\"Organization\",\"@id\":\"https:\\\/\\\/www.koonings.com\\\/fr\\\/#organization\",\"name\":\"Koonings\",\"url\":\"https:\\\/\\\/www.koonings.com\\\/fr\\\/\",\"logo\":{\"@type\":\"ImageObject\",\"inLanguage\":\"fr-FR\",\"@id\":\"https:\\\/\\\/www.koonings.com\\\/fr\\\/#\\\/schema\\\/logo\\\/image\\\/\",\"url\":\"https:\\\/\\\/www.koonings.com\\\/wp-content\\\/uploads\\\/2024\\\/07\\\/logo.png\",\"contentUrl\":\"https:\\\/\\\/www.koonings.com\\\/wp-content\\\/uploads\\\/2024\\\/07\\\/logo.png\",\"width\":600,\"height\":428,\"caption\":\"Koonings\"},\"image\":{\"@id\":\"https:\\\/\\\/www.koonings.com\\\/fr\\\/#\\\/schema\\\/logo\\\/image\\\/\"},\"sameAs\":[\"https:\\\/\\\/www.facebook.com\\\/kooningstheweddingpalace\",\"https:\\\/\\\/www.instagram.com\\\/kooningstheweddingpalace\",\"https:\\\/\\\/www.pinterest.com\\\/koonings\",\"https:\\\/\\\/www.youtube.com\\\/kooningstheweddingpalace\"]}]}<\/script>\n<!-- \/ Yoast SEO plugin. -->","yoast_head_json":{"title":"Libelle Kaia | Koonings","description":"Kaia est une vision d'\u00e9l\u00e9gance intemporelle et d'allure moderne. Cette robe de forme A est dot\u00e9e d'un corsage en dentelle illusionniste orn\u00e9 de d\u00e9tails complexes et d'un d\u00e9collet\u00e9 profond. Les longues manches transparentes rehaussent le look et ajoutent une touche de romantisme et de sophistication \u00e0 votre tenue de mari\u00e9e. Ce style est compl\u00e9t\u00e9 par une jupe en tulle de r\u00eave. Cette robe est \u00e9galement disponible avec des manches capuchon - Kaia-C.","robots":{"index":"index","follow":"follow","max-snippet":"max-snippet:-1","max-image-preview":"max-image-preview:large","max-video-preview":"max-video-preview:-1"},"canonical":"https:\/\/www.koonings.com\/fr\/product\/libelle-kaia\/","og_locale":"fr_FR","og_type":"article","og_title":"Libelle Kaia | Koonings","og_description":"Kaia est une vision d'\u00e9l\u00e9gance intemporelle et d'allure moderne. Cette robe de forme A est dot\u00e9e d'un corsage en dentelle illusionniste orn\u00e9 de d\u00e9tails complexes et d'un d\u00e9collet\u00e9 profond. Les longues manches transparentes rehaussent le look et ajoutent une touche de romantisme et de sophistication \u00e0 votre tenue de mari\u00e9e. Ce style est compl\u00e9t\u00e9 par une jupe en tulle de r\u00eave. Cette robe est \u00e9galement disponible avec des manches capuchon - Kaia-C.","og_url":"https:\/\/www.koonings.com\/fr\/product\/libelle-kaia\/","og_site_name":"Koonings","article_publisher":"https:\/\/www.facebook.com\/kooningstheweddingpalace","og_image":[{"width":1808,"height":2560,"url":"https:\/\/www.koonings.com\/wp-content\/uploads\/2024\/11\/40595_5039ed8db673c6d0f071fa87860ea87d83f695f75a11dcfad50a4c7f9ca8affe569e888d-scaled.jpeg","type":"image\/jpeg"}],"twitter_card":"summary_large_image","schema":{"@context":"https:\/\/schema.org","@graph":[{"@type":"WebPage","@id":"https:\/\/www.koonings.com\/fr\/product\/libelle-kaia\/","url":"https:\/\/www.koonings.com\/fr\/product\/libelle-kaia\/","name":"Libelle Kaia | Koonings","isPartOf":{"@id":"https:\/\/www.koonings.com\/fr\/#website"},"primaryImageOfPage":{"@id":"https:\/\/www.koonings.com\/fr\/product\/libelle-kaia\/#primaryimage"},"image":{"@id":"https:\/\/www.koonings.com\/fr\/product\/libelle-kaia\/#primaryimage"},"thumbnailUrl":"https:\/\/www.koonings.com\/wp-content\/uploads\/2024\/11\/40595_5039ed8db673c6d0f071fa87860ea87d83f695f75a11dcfad50a4c7f9ca8affe569e888d-scaled.jpeg","datePublished":"2026-05-06T13:20:18+00:00","description":"Kaia est une vision d'\u00e9l\u00e9gance intemporelle et d'allure moderne. Cette robe de forme A est dot\u00e9e d'un corsage en dentelle illusionniste orn\u00e9 de d\u00e9tails complexes et d'un d\u00e9collet\u00e9 profond. Les longues manches transparentes rehaussent le look et ajoutent une touche de romantisme et de sophistication \u00e0 votre tenue de mari\u00e9e. Ce style est compl\u00e9t\u00e9 par une jupe en tulle de r\u00eave. Cette robe est \u00e9galement disponible avec des manches capuchon - Kaia-C.","breadcrumb":{"@id":"https:\/\/www.koonings.com\/fr\/product\/libelle-kaia\/#breadcrumb"},"inLanguage":"fr-FR","potentialAction":[{"@type":"ReadAction","target":["https:\/\/www.koonings.com\/fr\/product\/libelle-kaia\/"]}]},{"@type":"ImageObject","inLanguage":"fr-FR","@id":"https:\/\/www.koonings.com\/fr\/product\/libelle-kaia\/#primaryimage","url":"https:\/\/www.koonings.com\/wp-content\/uploads\/2024\/11\/40595_5039ed8db673c6d0f071fa87860ea87d83f695f75a11dcfad50a4c7f9ca8affe569e888d-scaled.jpeg","contentUrl":"https:\/\/www.koonings.com\/wp-content\/uploads\/2024\/11\/40595_5039ed8db673c6d0f071fa87860ea87d83f695f75a11dcfad50a4c7f9ca8affe569e888d-scaled.jpeg","width":1808,"height":2560},{"@type":"BreadcrumbList","@id":"https:\/\/www.koonings.com\/fr\/product\/libelle-kaia\/#breadcrumb","itemListElement":[{"@type":"ListItem","position":1,"name":"Home","item":"https:\/\/www.koonings.com\/fr\/"},{"@type":"ListItem","position":2,"name":"Libelle Kaia"}]},{"@type":"WebSite","@id":"https:\/\/www.koonings.com\/fr\/#website","url":"https:\/\/www.koonings.com\/fr\/","name":"Koonings","description":"De grootste bruidsmodewinkel ter wereld","publisher":{"@id":"https:\/\/www.koonings.com\/fr\/#organization"},"potentialAction":[{"@type":"SearchAction","target":{"@type":"EntryPoint","urlTemplate":"https:\/\/www.koonings.com\/fr\/?s={search_term_string}"},"query-input":{"@type":"PropertyValueSpecification","valueRequired":true,"valueName":"search_term_string"}}],"inLanguage":"fr-FR"},{"@type":"Organization","@id":"https:\/\/www.koonings.com\/fr\/#organization","name":"Koonings","url":"https:\/\/www.koonings.com\/fr\/","logo":{"@type":"ImageObject","inLanguage":"fr-FR","@id":"https:\/\/www.koonings.com\/fr\/#\/schema\/logo\/image\/","url":"https:\/\/www.koonings.com\/wp-content\/uploads\/2024\/07\/logo.png","contentUrl":"https:\/\/www.koonings.com\/wp-content\/uploads\/2024\/07\/logo.png","width":600,"height":428,"caption":"Koonings"},"image":{"@id":"https:\/\/www.koonings.com\/fr\/#\/schema\/logo\/image\/"},"sameAs":["https:\/\/www.facebook.com\/kooningstheweddingpalace","https:\/\/www.instagram.com\/kooningstheweddingpalace","https:\/\/www.pinterest.com\/koonings","https:\/\/www.youtube.com\/kooningstheweddingpalace"]}]}},"_links":{"self":[{"href":"https:\/\/www.koonings.com\/fr\/wp-json\/wp\/v2\/product\/58563","targetHints":{"allow":["GET"]}}],"collection":[{"href":"https:\/\/www.koonings.com\/fr\/wp-json\/wp\/v2\/product"}],"about":[{"href":"https:\/\/www.koonings.com\/fr\/wp-json\/wp\/v2\/types\/product"}],"wp:featuredmedia":[{"embeddable":true,"href":"https:\/\/www.koonings.com\/fr\/wp-json\/wp\/v2\/media\/45452"}],"wp:attachment":[{"href":"https:\/\/www.koonings.com\/fr\/wp-json\/wp\/v2\/media?parent=58563"}],"wp:term":[{"taxonomy":"productdetails","embeddable":true,"href":"https:\/\/www.koonings.com\/fr\/wp-json\/wp\/v2\/productdetails?post=58563"},{"taxonomy":"productneck","embeddable":true,"href":"https:\/\/www.koonings.com\/fr\/wp-json\/wp\/v2\/productneck?post=58563"},{"taxonomy":"productcolor","embeddable":true,"href":"https:\/\/www.koonings.com\/fr\/wp-json\/wp\/v2\/productcolor?post=58563"},{"taxonomy":"maat","embeddable":true,"href":"https:\/\/www.koonings.com\/fr\/wp-json\/wp\/v2\/maat?post=58563"},{"taxonomy":"productsupplier","embeddable":true,"href":"https:\/\/www.koonings.com\/fr\/wp-json\/wp\/v2\/productsupplier?post=58563"},{"taxonomy":"productsleeve","embeddable":true,"href":"https:\/\/www.koonings.com\/fr\/wp-json\/wp\/v2\/productsleeve?post=58563"},{"taxonomy":"productcategory","embeddable":true,"href":"https:\/\/www.koonings.com\/fr\/wp-json\/wp\/v2\/productcategory?post=58563"},{"taxonomy":"productsilhouette","embeddable":true,"href":"https:\/\/www.koonings.com\/fr\/wp-json\/wp\/v2\/productsilhouette?post=58563"},{"taxonomy":"productstyle","embeddable":true,"href":"https:\/\/www.koonings.com\/fr\/wp-json\/wp\/v2\/productstyle?post=58563"}],"curies":[{"name":"wp","href":"https:\/\/api.w.org\/{rel}","templated":true}]}}