{"id":58537,"date":"2026-04-28T18:20:09","date_gmt":"2026-04-28T16:20:09","guid":{"rendered":"https:\/\/www.koonings.com\/product\/stella-york-7924iv13\/"},"modified":"2026-02-16T14:39:36","modified_gmt":"2026-02-16T13:39:36","slug":"stella-york-7924iv13","status":"publish","type":"product","link":"https:\/\/www.koonings.com\/fr\/product\/stella-york-7924iv13\/","title":{"rendered":"Stella York 7924IV13"},"content":{"rendered":"<p>Faites une entr\u00e9e remarqu\u00e9e dans cette robe de mari\u00e9e extravagante en tulle chatoyant, orn\u00e9e de dentelle florale \u00e9blouissante et dot\u00e9e d&#8217;une magnifique silhouette ajust\u00e9e et \u00e9vas\u00e9e. Le mod\u00e8le 7924 pr\u00e9sente une encolure sans bretelles en forme de c\u0153ur avec un d\u00e9collet\u00e9 modeste, doubl\u00e9 d&#8217;un tulle illusion. Des appliques de dentelle florale et des accents floraux en 3D embellissent cette robe \u00e9tincelante sur les hanches et rencontrent une mer de couches volumineuses en tulle \u00e9tincelant avant de culminer en une tra\u00eene fluide avec des accents de dentelle. Cette robe de mari\u00e9e luxueuse est con\u00e7ue pour les mariages de contes de f\u00e9es modernes et s&#8217;adresse aux mari\u00e9es princesses glamour pour qui le plus est le mieux. Le corsage de cette robe de mari\u00e9e peut \u00eatre doubl\u00e9 ou non doubl\u00e9 et est \u00e9galement disponible en grandes tailles.    <\/p>\n","protected":false},"featured_media":45642,"template":"","meta":{"_acf_changed":false,"ghostkit_customizer_options":"","ghostkit_custom_css":"","ghostkit_custom_js_head":"","ghostkit_custom_js_foot":"","ghostkit_typography":""},"productdetails":[379,381],"productneck":[354,355],"productcolor":[392],"maat":[],"productsupplier":[442],"productsleeve":[],"productcategory":[18],"productsilhouette":[387],"productstyle":[366],"class_list":["post-58537","product","type-product","status-publish","has-post-thumbnail","hentry","productdetails-379","productdetails-381","productneck-354","productneck-355","productcolor-392","productsupplier-stella-york","productcategory-trouwjurken","productsilhouette-387","productstyle-366"],"acf":[],"yoast_head":"<!-- This site is optimized with the Yoast SEO plugin v27.3 - https:\/\/yoast.com\/product\/yoast-seo-wordpress\/ -->\n<title>Stella York 7924IV13 | Koonings<\/title>\n<meta name=\"description\" content=\"Faites une entr\u00e9e remarqu\u00e9e dans cette robe de mari\u00e9e extravagante en tulle chatoyant, orn\u00e9e de dentelle florale \u00e9blouissante et dot\u00e9e d&#039;une magnifique silhouette ajust\u00e9e et \u00e9vas\u00e9e. Le mod\u00e8le 7924 pr\u00e9sente une encolure sans bretelles en forme de c\u0153ur avec un d\u00e9collet\u00e9 modeste, doubl\u00e9 d&#039;un tulle illusion. Des appliques de dentelle florale et des accents floraux en 3D embellissent cette robe \u00e9tincelante sur les hanches et rencontrent une mer de couches volumineuses en tulle \u00e9tincelant avant de culminer en une tra\u00eene fluide avec des accents de dentelle. Cette robe de mari\u00e9e luxueuse est con\u00e7ue pour les mariages de contes de f\u00e9es modernes et s&#039;adresse aux mari\u00e9es princesses glamour pour qui le plus est le mieux. Le corsage de cette robe de mari\u00e9e peut \u00eatre doubl\u00e9 ou non doubl\u00e9 et est \u00e9galement disponible en grandes tailles.\" \/>\n<meta name=\"robots\" content=\"index, follow, max-snippet:-1, max-image-preview:large, max-video-preview:-1\" \/>\n<link rel=\"canonical\" href=\"https:\/\/www.koonings.com\/fr\/product\/stella-york-7924iv13\/\" \/>\n<meta property=\"og:locale\" content=\"fr_FR\" \/>\n<meta property=\"og:type\" content=\"article\" \/>\n<meta property=\"og:title\" content=\"Stella York 7924IV13 | Koonings\" \/>\n<meta property=\"og:description\" content=\"Faites une entr\u00e9e remarqu\u00e9e dans cette robe de mari\u00e9e extravagante en tulle chatoyant, orn\u00e9e de dentelle florale \u00e9blouissante et dot\u00e9e d&#039;une magnifique silhouette ajust\u00e9e et \u00e9vas\u00e9e. Le mod\u00e8le 7924 pr\u00e9sente une encolure sans bretelles en forme de c\u0153ur avec un d\u00e9collet\u00e9 modeste, doubl\u00e9 d&#039;un tulle illusion. Des appliques de dentelle florale et des accents floraux en 3D embellissent cette robe \u00e9tincelante sur les hanches et rencontrent une mer de couches volumineuses en tulle \u00e9tincelant avant de culminer en une tra\u00eene fluide avec des accents de dentelle. Cette robe de mari\u00e9e luxueuse est con\u00e7ue pour les mariages de contes de f\u00e9es modernes et s&#039;adresse aux mari\u00e9es princesses glamour pour qui le plus est le mieux. Le corsage de cette robe de mari\u00e9e peut \u00eatre doubl\u00e9 ou non doubl\u00e9 et est \u00e9galement disponible en grandes tailles.\" \/>\n<meta property=\"og:url\" content=\"https:\/\/www.koonings.com\/fr\/product\/stella-york-7924iv13\/\" \/>\n<meta property=\"og:site_name\" content=\"Koonings\" \/>\n<meta property=\"article:publisher\" content=\"https:\/\/www.facebook.com\/kooningstheweddingpalace\" \/>\n<meta property=\"og:image\" content=\"https:\/\/www.koonings.com\/wp-content\/uploads\/2024\/11\/40606_f39ed3823b5c3681b89a39ea51ab3998487a7d621fe0d2e7c3bff41b8fd5e19ebaafe07a.jpeg\" \/>\n\t<meta property=\"og:image:width\" content=\"1384\" \/>\n\t<meta property=\"og:image:height\" content=\"1961\" \/>\n\t<meta property=\"og:image:type\" content=\"image\/jpeg\" \/>\n<meta name=\"twitter:card\" content=\"summary_large_image\" \/>\n<meta name=\"twitter:label1\" content=\"Dur\u00e9e de lecture estim\u00e9e\" \/>\n\t<meta name=\"twitter:data1\" content=\"1 minute\" \/>\n<script type=\"application\/ld+json\" class=\"yoast-schema-graph\">{\"@context\":\"https:\\\/\\\/schema.org\",\"@graph\":[{\"@type\":\"WebPage\",\"@id\":\"https:\\\/\\\/www.koonings.com\\\/fr\\\/product\\\/stella-york-7924iv13\\\/\",\"url\":\"https:\\\/\\\/www.koonings.com\\\/fr\\\/product\\\/stella-york-7924iv13\\\/\",\"name\":\"Stella York 7924IV13 | Koonings\",\"isPartOf\":{\"@id\":\"https:\\\/\\\/www.koonings.com\\\/fr\\\/#website\"},\"primaryImageOfPage\":{\"@id\":\"https:\\\/\\\/www.koonings.com\\\/fr\\\/product\\\/stella-york-7924iv13\\\/#primaryimage\"},\"image\":{\"@id\":\"https:\\\/\\\/www.koonings.com\\\/fr\\\/product\\\/stella-york-7924iv13\\\/#primaryimage\"},\"thumbnailUrl\":\"https:\\\/\\\/www.koonings.com\\\/wp-content\\\/uploads\\\/2024\\\/11\\\/40606_f39ed3823b5c3681b89a39ea51ab3998487a7d621fe0d2e7c3bff41b8fd5e19ebaafe07a.jpeg\",\"datePublished\":\"2026-04-28T16:20:09+00:00\",\"description\":\"Faites une entr\u00e9e remarqu\u00e9e dans cette robe de mari\u00e9e extravagante en tulle chatoyant, orn\u00e9e de dentelle florale \u00e9blouissante et dot\u00e9e d'une magnifique silhouette ajust\u00e9e et \u00e9vas\u00e9e. Le mod\u00e8le 7924 pr\u00e9sente une encolure sans bretelles en forme de c\u0153ur avec un d\u00e9collet\u00e9 modeste, doubl\u00e9 d'un tulle illusion. Des appliques de dentelle florale et des accents floraux en 3D embellissent cette robe \u00e9tincelante sur les hanches et rencontrent une mer de couches volumineuses en tulle \u00e9tincelant avant de culminer en une tra\u00eene fluide avec des accents de dentelle. Cette robe de mari\u00e9e luxueuse est con\u00e7ue pour les mariages de contes de f\u00e9es modernes et s'adresse aux mari\u00e9es princesses glamour pour qui le plus est le mieux. Le corsage de cette robe de mari\u00e9e peut \u00eatre doubl\u00e9 ou non doubl\u00e9 et est \u00e9galement disponible en grandes tailles.\",\"breadcrumb\":{\"@id\":\"https:\\\/\\\/www.koonings.com\\\/fr\\\/product\\\/stella-york-7924iv13\\\/#breadcrumb\"},\"inLanguage\":\"fr-FR\",\"potentialAction\":[{\"@type\":\"ReadAction\",\"target\":[\"https:\\\/\\\/www.koonings.com\\\/fr\\\/product\\\/stella-york-7924iv13\\\/\"]}]},{\"@type\":\"ImageObject\",\"inLanguage\":\"fr-FR\",\"@id\":\"https:\\\/\\\/www.koonings.com\\\/fr\\\/product\\\/stella-york-7924iv13\\\/#primaryimage\",\"url\":\"https:\\\/\\\/www.koonings.com\\\/wp-content\\\/uploads\\\/2024\\\/11\\\/40606_f39ed3823b5c3681b89a39ea51ab3998487a7d621fe0d2e7c3bff41b8fd5e19ebaafe07a.jpeg\",\"contentUrl\":\"https:\\\/\\\/www.koonings.com\\\/wp-content\\\/uploads\\\/2024\\\/11\\\/40606_f39ed3823b5c3681b89a39ea51ab3998487a7d621fe0d2e7c3bff41b8fd5e19ebaafe07a.jpeg\",\"width\":1384,\"height\":1961},{\"@type\":\"BreadcrumbList\",\"@id\":\"https:\\\/\\\/www.koonings.com\\\/fr\\\/product\\\/stella-york-7924iv13\\\/#breadcrumb\",\"itemListElement\":[{\"@type\":\"ListItem\",\"position\":1,\"name\":\"Home\",\"item\":\"https:\\\/\\\/www.koonings.com\\\/fr\\\/\"},{\"@type\":\"ListItem\",\"position\":2,\"name\":\"Stella York 7924IV13\"}]},{\"@type\":\"WebSite\",\"@id\":\"https:\\\/\\\/www.koonings.com\\\/fr\\\/#website\",\"url\":\"https:\\\/\\\/www.koonings.com\\\/fr\\\/\",\"name\":\"Koonings\",\"description\":\"De grootste bruidsmodewinkel ter wereld\",\"publisher\":{\"@id\":\"https:\\\/\\\/www.koonings.com\\\/fr\\\/#organization\"},\"potentialAction\":[{\"@type\":\"SearchAction\",\"target\":{\"@type\":\"EntryPoint\",\"urlTemplate\":\"https:\\\/\\\/www.koonings.com\\\/fr\\\/?s={search_term_string}\"},\"query-input\":{\"@type\":\"PropertyValueSpecification\",\"valueRequired\":true,\"valueName\":\"search_term_string\"}}],\"inLanguage\":\"fr-FR\"},{\"@type\":\"Organization\",\"@id\":\"https:\\\/\\\/www.koonings.com\\\/fr\\\/#organization\",\"name\":\"Koonings\",\"url\":\"https:\\\/\\\/www.koonings.com\\\/fr\\\/\",\"logo\":{\"@type\":\"ImageObject\",\"inLanguage\":\"fr-FR\",\"@id\":\"https:\\\/\\\/www.koonings.com\\\/fr\\\/#\\\/schema\\\/logo\\\/image\\\/\",\"url\":\"https:\\\/\\\/www.koonings.com\\\/wp-content\\\/uploads\\\/2024\\\/07\\\/logo.png\",\"contentUrl\":\"https:\\\/\\\/www.koonings.com\\\/wp-content\\\/uploads\\\/2024\\\/07\\\/logo.png\",\"width\":600,\"height\":428,\"caption\":\"Koonings\"},\"image\":{\"@id\":\"https:\\\/\\\/www.koonings.com\\\/fr\\\/#\\\/schema\\\/logo\\\/image\\\/\"},\"sameAs\":[\"https:\\\/\\\/www.facebook.com\\\/kooningstheweddingpalace\",\"https:\\\/\\\/www.instagram.com\\\/kooningstheweddingpalace\",\"https:\\\/\\\/www.pinterest.com\\\/koonings\",\"https:\\\/\\\/www.youtube.com\\\/kooningstheweddingpalace\"]}]}<\/script>\n<!-- \/ Yoast SEO plugin. -->","yoast_head_json":{"title":"Stella York 7924IV13 | Koonings","description":"Faites une entr\u00e9e remarqu\u00e9e dans cette robe de mari\u00e9e extravagante en tulle chatoyant, orn\u00e9e de dentelle florale \u00e9blouissante et dot\u00e9e d'une magnifique silhouette ajust\u00e9e et \u00e9vas\u00e9e. Le mod\u00e8le 7924 pr\u00e9sente une encolure sans bretelles en forme de c\u0153ur avec un d\u00e9collet\u00e9 modeste, doubl\u00e9 d'un tulle illusion. Des appliques de dentelle florale et des accents floraux en 3D embellissent cette robe \u00e9tincelante sur les hanches et rencontrent une mer de couches volumineuses en tulle \u00e9tincelant avant de culminer en une tra\u00eene fluide avec des accents de dentelle. Cette robe de mari\u00e9e luxueuse est con\u00e7ue pour les mariages de contes de f\u00e9es modernes et s'adresse aux mari\u00e9es princesses glamour pour qui le plus est le mieux. Le corsage de cette robe de mari\u00e9e peut \u00eatre doubl\u00e9 ou non doubl\u00e9 et est \u00e9galement disponible en grandes tailles.","robots":{"index":"index","follow":"follow","max-snippet":"max-snippet:-1","max-image-preview":"max-image-preview:large","max-video-preview":"max-video-preview:-1"},"canonical":"https:\/\/www.koonings.com\/fr\/product\/stella-york-7924iv13\/","og_locale":"fr_FR","og_type":"article","og_title":"Stella York 7924IV13 | Koonings","og_description":"Faites une entr\u00e9e remarqu\u00e9e dans cette robe de mari\u00e9e extravagante en tulle chatoyant, orn\u00e9e de dentelle florale \u00e9blouissante et dot\u00e9e d'une magnifique silhouette ajust\u00e9e et \u00e9vas\u00e9e. Le mod\u00e8le 7924 pr\u00e9sente une encolure sans bretelles en forme de c\u0153ur avec un d\u00e9collet\u00e9 modeste, doubl\u00e9 d'un tulle illusion. Des appliques de dentelle florale et des accents floraux en 3D embellissent cette robe \u00e9tincelante sur les hanches et rencontrent une mer de couches volumineuses en tulle \u00e9tincelant avant de culminer en une tra\u00eene fluide avec des accents de dentelle. Cette robe de mari\u00e9e luxueuse est con\u00e7ue pour les mariages de contes de f\u00e9es modernes et s'adresse aux mari\u00e9es princesses glamour pour qui le plus est le mieux. Le corsage de cette robe de mari\u00e9e peut \u00eatre doubl\u00e9 ou non doubl\u00e9 et est \u00e9galement disponible en grandes tailles.","og_url":"https:\/\/www.koonings.com\/fr\/product\/stella-york-7924iv13\/","og_site_name":"Koonings","article_publisher":"https:\/\/www.facebook.com\/kooningstheweddingpalace","og_image":[{"width":1384,"height":1961,"url":"https:\/\/www.koonings.com\/wp-content\/uploads\/2024\/11\/40606_f39ed3823b5c3681b89a39ea51ab3998487a7d621fe0d2e7c3bff41b8fd5e19ebaafe07a.jpeg","type":"image\/jpeg"}],"twitter_card":"summary_large_image","twitter_misc":{"Dur\u00e9e de lecture estim\u00e9e":"1 minute"},"schema":{"@context":"https:\/\/schema.org","@graph":[{"@type":"WebPage","@id":"https:\/\/www.koonings.com\/fr\/product\/stella-york-7924iv13\/","url":"https:\/\/www.koonings.com\/fr\/product\/stella-york-7924iv13\/","name":"Stella York 7924IV13 | Koonings","isPartOf":{"@id":"https:\/\/www.koonings.com\/fr\/#website"},"primaryImageOfPage":{"@id":"https:\/\/www.koonings.com\/fr\/product\/stella-york-7924iv13\/#primaryimage"},"image":{"@id":"https:\/\/www.koonings.com\/fr\/product\/stella-york-7924iv13\/#primaryimage"},"thumbnailUrl":"https:\/\/www.koonings.com\/wp-content\/uploads\/2024\/11\/40606_f39ed3823b5c3681b89a39ea51ab3998487a7d621fe0d2e7c3bff41b8fd5e19ebaafe07a.jpeg","datePublished":"2026-04-28T16:20:09+00:00","description":"Faites une entr\u00e9e remarqu\u00e9e dans cette robe de mari\u00e9e extravagante en tulle chatoyant, orn\u00e9e de dentelle florale \u00e9blouissante et dot\u00e9e d'une magnifique silhouette ajust\u00e9e et \u00e9vas\u00e9e. Le mod\u00e8le 7924 pr\u00e9sente une encolure sans bretelles en forme de c\u0153ur avec un d\u00e9collet\u00e9 modeste, doubl\u00e9 d'un tulle illusion. Des appliques de dentelle florale et des accents floraux en 3D embellissent cette robe \u00e9tincelante sur les hanches et rencontrent une mer de couches volumineuses en tulle \u00e9tincelant avant de culminer en une tra\u00eene fluide avec des accents de dentelle. Cette robe de mari\u00e9e luxueuse est con\u00e7ue pour les mariages de contes de f\u00e9es modernes et s'adresse aux mari\u00e9es princesses glamour pour qui le plus est le mieux. Le corsage de cette robe de mari\u00e9e peut \u00eatre doubl\u00e9 ou non doubl\u00e9 et est \u00e9galement disponible en grandes tailles.","breadcrumb":{"@id":"https:\/\/www.koonings.com\/fr\/product\/stella-york-7924iv13\/#breadcrumb"},"inLanguage":"fr-FR","potentialAction":[{"@type":"ReadAction","target":["https:\/\/www.koonings.com\/fr\/product\/stella-york-7924iv13\/"]}]},{"@type":"ImageObject","inLanguage":"fr-FR","@id":"https:\/\/www.koonings.com\/fr\/product\/stella-york-7924iv13\/#primaryimage","url":"https:\/\/www.koonings.com\/wp-content\/uploads\/2024\/11\/40606_f39ed3823b5c3681b89a39ea51ab3998487a7d621fe0d2e7c3bff41b8fd5e19ebaafe07a.jpeg","contentUrl":"https:\/\/www.koonings.com\/wp-content\/uploads\/2024\/11\/40606_f39ed3823b5c3681b89a39ea51ab3998487a7d621fe0d2e7c3bff41b8fd5e19ebaafe07a.jpeg","width":1384,"height":1961},{"@type":"BreadcrumbList","@id":"https:\/\/www.koonings.com\/fr\/product\/stella-york-7924iv13\/#breadcrumb","itemListElement":[{"@type":"ListItem","position":1,"name":"Home","item":"https:\/\/www.koonings.com\/fr\/"},{"@type":"ListItem","position":2,"name":"Stella York 7924IV13"}]},{"@type":"WebSite","@id":"https:\/\/www.koonings.com\/fr\/#website","url":"https:\/\/www.koonings.com\/fr\/","name":"Koonings","description":"De grootste bruidsmodewinkel ter wereld","publisher":{"@id":"https:\/\/www.koonings.com\/fr\/#organization"},"potentialAction":[{"@type":"SearchAction","target":{"@type":"EntryPoint","urlTemplate":"https:\/\/www.koonings.com\/fr\/?s={search_term_string}"},"query-input":{"@type":"PropertyValueSpecification","valueRequired":true,"valueName":"search_term_string"}}],"inLanguage":"fr-FR"},{"@type":"Organization","@id":"https:\/\/www.koonings.com\/fr\/#organization","name":"Koonings","url":"https:\/\/www.koonings.com\/fr\/","logo":{"@type":"ImageObject","inLanguage":"fr-FR","@id":"https:\/\/www.koonings.com\/fr\/#\/schema\/logo\/image\/","url":"https:\/\/www.koonings.com\/wp-content\/uploads\/2024\/07\/logo.png","contentUrl":"https:\/\/www.koonings.com\/wp-content\/uploads\/2024\/07\/logo.png","width":600,"height":428,"caption":"Koonings"},"image":{"@id":"https:\/\/www.koonings.com\/fr\/#\/schema\/logo\/image\/"},"sameAs":["https:\/\/www.facebook.com\/kooningstheweddingpalace","https:\/\/www.instagram.com\/kooningstheweddingpalace","https:\/\/www.pinterest.com\/koonings","https:\/\/www.youtube.com\/kooningstheweddingpalace"]}]}},"_links":{"self":[{"href":"https:\/\/www.koonings.com\/fr\/wp-json\/wp\/v2\/product\/58537","targetHints":{"allow":["GET"]}}],"collection":[{"href":"https:\/\/www.koonings.com\/fr\/wp-json\/wp\/v2\/product"}],"about":[{"href":"https:\/\/www.koonings.com\/fr\/wp-json\/wp\/v2\/types\/product"}],"wp:featuredmedia":[{"embeddable":true,"href":"https:\/\/www.koonings.com\/fr\/wp-json\/wp\/v2\/media\/45642"}],"wp:attachment":[{"href":"https:\/\/www.koonings.com\/fr\/wp-json\/wp\/v2\/media?parent=58537"}],"wp:term":[{"taxonomy":"productdetails","embeddable":true,"href":"https:\/\/www.koonings.com\/fr\/wp-json\/wp\/v2\/productdetails?post=58537"},{"taxonomy":"productneck","embeddable":true,"href":"https:\/\/www.koonings.com\/fr\/wp-json\/wp\/v2\/productneck?post=58537"},{"taxonomy":"productcolor","embeddable":true,"href":"https:\/\/www.koonings.com\/fr\/wp-json\/wp\/v2\/productcolor?post=58537"},{"taxonomy":"maat","embeddable":true,"href":"https:\/\/www.koonings.com\/fr\/wp-json\/wp\/v2\/maat?post=58537"},{"taxonomy":"productsupplier","embeddable":true,"href":"https:\/\/www.koonings.com\/fr\/wp-json\/wp\/v2\/productsupplier?post=58537"},{"taxonomy":"productsleeve","embeddable":true,"href":"https:\/\/www.koonings.com\/fr\/wp-json\/wp\/v2\/productsleeve?post=58537"},{"taxonomy":"productcategory","embeddable":true,"href":"https:\/\/www.koonings.com\/fr\/wp-json\/wp\/v2\/productcategory?post=58537"},{"taxonomy":"productsilhouette","embeddable":true,"href":"https:\/\/www.koonings.com\/fr\/wp-json\/wp\/v2\/productsilhouette?post=58537"},{"taxonomy":"productstyle","embeddable":true,"href":"https:\/\/www.koonings.com\/fr\/wp-json\/wp\/v2\/productstyle?post=58537"}],"curies":[{"name":"wp","href":"https:\/\/api.w.org\/{rel}","templated":true}]}}