{"id":58494,"date":"2026-04-28T18:20:37","date_gmt":"2026-04-28T16:20:37","guid":{"rendered":"https:\/\/www.koonings.com\/product\/ladybird-ruya-lb125am1\/"},"modified":"2026-02-16T14:39:40","modified_gmt":"2026-02-16T13:39:40","slug":"ladybird-ruya-lb125am1","status":"publish","type":"product","link":"https:\/\/www.koonings.com\/fr\/product\/ladybird-ruya-lb125am1\/","title":{"rendered":"Ladybird Ruya LB125AM1"},"content":{"rendered":"<p>Craquez pour le mod\u00e8le Ruya. Une jupe l\u00e9g\u00e8re en mousseline de soie avec fente sur le devant et un corsage orn\u00e9 de broderies de dentelle d&#8217;inspiration artisanale. Les bretelles orn\u00e9es de bijoux sont centrales dans le dos et courent le long du d\u00e9collet\u00e9 en V en trois rang\u00e9es qui se terminent par une belle fermeture \u00e0 boutons.  <\/p>\n","protected":false},"featured_media":45974,"template":"","meta":{"_acf_changed":false,"ghostkit_customizer_options":"","ghostkit_custom_css":"","ghostkit_custom_js_head":"","ghostkit_custom_js_foot":"","ghostkit_typography":""},"productdetails":[378],"productneck":[356],"productcolor":[392],"maat":[],"productsupplier":[437],"productsleeve":[359],"productcategory":[18],"productsilhouette":[384,389],"productstyle":[370],"class_list":["post-58494","product","type-product","status-publish","has-post-thumbnail","hentry","productdetails-378","productneck-356","productcolor-392","productsupplier-ladybird","productsleeve-359","productcategory-trouwjurken","productsilhouette-384","productsilhouette-389","productstyle-370"],"acf":[],"yoast_head":"<!-- This site is optimized with the Yoast SEO plugin v27.3 - https:\/\/yoast.com\/product\/yoast-seo-wordpress\/ -->\n<title>Ladybird Ruya LB125AM1 | Koonings<\/title>\n<meta name=\"description\" content=\"Craquez pour le mod\u00e8le Ruya. Une jupe l\u00e9g\u00e8re en mousseline de soie avec fente sur le devant et un corsage orn\u00e9 de broderies de dentelle d&#039;inspiration artisanale. Les bretelles orn\u00e9es de bijoux sont centrales dans le dos et courent le long du d\u00e9collet\u00e9 en V en trois rang\u00e9es qui se terminent par une belle fermeture \u00e0 boutons.\" \/>\n<meta name=\"robots\" content=\"index, follow, max-snippet:-1, max-image-preview:large, max-video-preview:-1\" \/>\n<link rel=\"canonical\" href=\"https:\/\/www.koonings.com\/fr\/product\/ladybird-ruya-lb125am1\/\" \/>\n<meta property=\"og:locale\" content=\"fr_FR\" \/>\n<meta property=\"og:type\" content=\"article\" \/>\n<meta property=\"og:title\" content=\"Ladybird Ruya LB125AM1 | Koonings\" \/>\n<meta property=\"og:description\" content=\"Craquez pour le mod\u00e8le Ruya. Une jupe l\u00e9g\u00e8re en mousseline de soie avec fente sur le devant et un corsage orn\u00e9 de broderies de dentelle d&#039;inspiration artisanale. Les bretelles orn\u00e9es de bijoux sont centrales dans le dos et courent le long du d\u00e9collet\u00e9 en V en trois rang\u00e9es qui se terminent par une belle fermeture \u00e0 boutons.\" \/>\n<meta property=\"og:url\" content=\"https:\/\/www.koonings.com\/fr\/product\/ladybird-ruya-lb125am1\/\" \/>\n<meta property=\"og:site_name\" content=\"Koonings\" \/>\n<meta property=\"article:publisher\" content=\"https:\/\/www.facebook.com\/kooningstheweddingpalace\" \/>\n<meta property=\"og:image\" content=\"https:\/\/www.koonings.com\/wp-content\/uploads\/2024\/11\/40690_eb0d18c236d048b10cb8378b75f98bbf9e312db8f329a893c1278c0e11657c9f3dd48e00-scaled.jpeg\" \/>\n\t<meta property=\"og:image:width\" content=\"1812\" \/>\n\t<meta property=\"og:image:height\" content=\"2560\" \/>\n\t<meta property=\"og:image:type\" content=\"image\/jpeg\" \/>\n<meta name=\"twitter:card\" content=\"summary_large_image\" \/>\n<script type=\"application\/ld+json\" class=\"yoast-schema-graph\">{\"@context\":\"https:\\\/\\\/schema.org\",\"@graph\":[{\"@type\":\"WebPage\",\"@id\":\"https:\\\/\\\/www.koonings.com\\\/fr\\\/product\\\/ladybird-ruya-lb125am1\\\/\",\"url\":\"https:\\\/\\\/www.koonings.com\\\/fr\\\/product\\\/ladybird-ruya-lb125am1\\\/\",\"name\":\"Ladybird Ruya LB125AM1 | Koonings\",\"isPartOf\":{\"@id\":\"https:\\\/\\\/www.koonings.com\\\/fr\\\/#website\"},\"primaryImageOfPage\":{\"@id\":\"https:\\\/\\\/www.koonings.com\\\/fr\\\/product\\\/ladybird-ruya-lb125am1\\\/#primaryimage\"},\"image\":{\"@id\":\"https:\\\/\\\/www.koonings.com\\\/fr\\\/product\\\/ladybird-ruya-lb125am1\\\/#primaryimage\"},\"thumbnailUrl\":\"https:\\\/\\\/www.koonings.com\\\/wp-content\\\/uploads\\\/2024\\\/11\\\/40690_eb0d18c236d048b10cb8378b75f98bbf9e312db8f329a893c1278c0e11657c9f3dd48e00-scaled.jpeg\",\"datePublished\":\"2026-04-28T16:20:37+00:00\",\"description\":\"Craquez pour le mod\u00e8le Ruya. Une jupe l\u00e9g\u00e8re en mousseline de soie avec fente sur le devant et un corsage orn\u00e9 de broderies de dentelle d'inspiration artisanale. Les bretelles orn\u00e9es de bijoux sont centrales dans le dos et courent le long du d\u00e9collet\u00e9 en V en trois rang\u00e9es qui se terminent par une belle fermeture \u00e0 boutons.\",\"breadcrumb\":{\"@id\":\"https:\\\/\\\/www.koonings.com\\\/fr\\\/product\\\/ladybird-ruya-lb125am1\\\/#breadcrumb\"},\"inLanguage\":\"fr-FR\",\"potentialAction\":[{\"@type\":\"ReadAction\",\"target\":[\"https:\\\/\\\/www.koonings.com\\\/fr\\\/product\\\/ladybird-ruya-lb125am1\\\/\"]}]},{\"@type\":\"ImageObject\",\"inLanguage\":\"fr-FR\",\"@id\":\"https:\\\/\\\/www.koonings.com\\\/fr\\\/product\\\/ladybird-ruya-lb125am1\\\/#primaryimage\",\"url\":\"https:\\\/\\\/www.koonings.com\\\/wp-content\\\/uploads\\\/2024\\\/11\\\/40690_eb0d18c236d048b10cb8378b75f98bbf9e312db8f329a893c1278c0e11657c9f3dd48e00-scaled.jpeg\",\"contentUrl\":\"https:\\\/\\\/www.koonings.com\\\/wp-content\\\/uploads\\\/2024\\\/11\\\/40690_eb0d18c236d048b10cb8378b75f98bbf9e312db8f329a893c1278c0e11657c9f3dd48e00-scaled.jpeg\",\"width\":1812,\"height\":2560},{\"@type\":\"BreadcrumbList\",\"@id\":\"https:\\\/\\\/www.koonings.com\\\/fr\\\/product\\\/ladybird-ruya-lb125am1\\\/#breadcrumb\",\"itemListElement\":[{\"@type\":\"ListItem\",\"position\":1,\"name\":\"Home\",\"item\":\"https:\\\/\\\/www.koonings.com\\\/fr\\\/\"},{\"@type\":\"ListItem\",\"position\":2,\"name\":\"Ladybird Ruya LB125AM1\"}]},{\"@type\":\"WebSite\",\"@id\":\"https:\\\/\\\/www.koonings.com\\\/fr\\\/#website\",\"url\":\"https:\\\/\\\/www.koonings.com\\\/fr\\\/\",\"name\":\"Koonings\",\"description\":\"De grootste bruidsmodewinkel ter wereld\",\"publisher\":{\"@id\":\"https:\\\/\\\/www.koonings.com\\\/fr\\\/#organization\"},\"potentialAction\":[{\"@type\":\"SearchAction\",\"target\":{\"@type\":\"EntryPoint\",\"urlTemplate\":\"https:\\\/\\\/www.koonings.com\\\/fr\\\/?s={search_term_string}\"},\"query-input\":{\"@type\":\"PropertyValueSpecification\",\"valueRequired\":true,\"valueName\":\"search_term_string\"}}],\"inLanguage\":\"fr-FR\"},{\"@type\":\"Organization\",\"@id\":\"https:\\\/\\\/www.koonings.com\\\/fr\\\/#organization\",\"name\":\"Koonings\",\"url\":\"https:\\\/\\\/www.koonings.com\\\/fr\\\/\",\"logo\":{\"@type\":\"ImageObject\",\"inLanguage\":\"fr-FR\",\"@id\":\"https:\\\/\\\/www.koonings.com\\\/fr\\\/#\\\/schema\\\/logo\\\/image\\\/\",\"url\":\"https:\\\/\\\/www.koonings.com\\\/wp-content\\\/uploads\\\/2024\\\/07\\\/logo.png\",\"contentUrl\":\"https:\\\/\\\/www.koonings.com\\\/wp-content\\\/uploads\\\/2024\\\/07\\\/logo.png\",\"width\":600,\"height\":428,\"caption\":\"Koonings\"},\"image\":{\"@id\":\"https:\\\/\\\/www.koonings.com\\\/fr\\\/#\\\/schema\\\/logo\\\/image\\\/\"},\"sameAs\":[\"https:\\\/\\\/www.facebook.com\\\/kooningstheweddingpalace\",\"https:\\\/\\\/www.instagram.com\\\/kooningstheweddingpalace\",\"https:\\\/\\\/www.pinterest.com\\\/koonings\",\"https:\\\/\\\/www.youtube.com\\\/kooningstheweddingpalace\"]}]}<\/script>\n<!-- \/ Yoast SEO plugin. -->","yoast_head_json":{"title":"Ladybird Ruya LB125AM1 | Koonings","description":"Craquez pour le mod\u00e8le Ruya. Une jupe l\u00e9g\u00e8re en mousseline de soie avec fente sur le devant et un corsage orn\u00e9 de broderies de dentelle d'inspiration artisanale. Les bretelles orn\u00e9es de bijoux sont centrales dans le dos et courent le long du d\u00e9collet\u00e9 en V en trois rang\u00e9es qui se terminent par une belle fermeture \u00e0 boutons.","robots":{"index":"index","follow":"follow","max-snippet":"max-snippet:-1","max-image-preview":"max-image-preview:large","max-video-preview":"max-video-preview:-1"},"canonical":"https:\/\/www.koonings.com\/fr\/product\/ladybird-ruya-lb125am1\/","og_locale":"fr_FR","og_type":"article","og_title":"Ladybird Ruya LB125AM1 | Koonings","og_description":"Craquez pour le mod\u00e8le Ruya. Une jupe l\u00e9g\u00e8re en mousseline de soie avec fente sur le devant et un corsage orn\u00e9 de broderies de dentelle d'inspiration artisanale. Les bretelles orn\u00e9es de bijoux sont centrales dans le dos et courent le long du d\u00e9collet\u00e9 en V en trois rang\u00e9es qui se terminent par une belle fermeture \u00e0 boutons.","og_url":"https:\/\/www.koonings.com\/fr\/product\/ladybird-ruya-lb125am1\/","og_site_name":"Koonings","article_publisher":"https:\/\/www.facebook.com\/kooningstheweddingpalace","og_image":[{"width":1812,"height":2560,"url":"https:\/\/www.koonings.com\/wp-content\/uploads\/2024\/11\/40690_eb0d18c236d048b10cb8378b75f98bbf9e312db8f329a893c1278c0e11657c9f3dd48e00-scaled.jpeg","type":"image\/jpeg"}],"twitter_card":"summary_large_image","schema":{"@context":"https:\/\/schema.org","@graph":[{"@type":"WebPage","@id":"https:\/\/www.koonings.com\/fr\/product\/ladybird-ruya-lb125am1\/","url":"https:\/\/www.koonings.com\/fr\/product\/ladybird-ruya-lb125am1\/","name":"Ladybird Ruya LB125AM1 | Koonings","isPartOf":{"@id":"https:\/\/www.koonings.com\/fr\/#website"},"primaryImageOfPage":{"@id":"https:\/\/www.koonings.com\/fr\/product\/ladybird-ruya-lb125am1\/#primaryimage"},"image":{"@id":"https:\/\/www.koonings.com\/fr\/product\/ladybird-ruya-lb125am1\/#primaryimage"},"thumbnailUrl":"https:\/\/www.koonings.com\/wp-content\/uploads\/2024\/11\/40690_eb0d18c236d048b10cb8378b75f98bbf9e312db8f329a893c1278c0e11657c9f3dd48e00-scaled.jpeg","datePublished":"2026-04-28T16:20:37+00:00","description":"Craquez pour le mod\u00e8le Ruya. Une jupe l\u00e9g\u00e8re en mousseline de soie avec fente sur le devant et un corsage orn\u00e9 de broderies de dentelle d'inspiration artisanale. Les bretelles orn\u00e9es de bijoux sont centrales dans le dos et courent le long du d\u00e9collet\u00e9 en V en trois rang\u00e9es qui se terminent par une belle fermeture \u00e0 boutons.","breadcrumb":{"@id":"https:\/\/www.koonings.com\/fr\/product\/ladybird-ruya-lb125am1\/#breadcrumb"},"inLanguage":"fr-FR","potentialAction":[{"@type":"ReadAction","target":["https:\/\/www.koonings.com\/fr\/product\/ladybird-ruya-lb125am1\/"]}]},{"@type":"ImageObject","inLanguage":"fr-FR","@id":"https:\/\/www.koonings.com\/fr\/product\/ladybird-ruya-lb125am1\/#primaryimage","url":"https:\/\/www.koonings.com\/wp-content\/uploads\/2024\/11\/40690_eb0d18c236d048b10cb8378b75f98bbf9e312db8f329a893c1278c0e11657c9f3dd48e00-scaled.jpeg","contentUrl":"https:\/\/www.koonings.com\/wp-content\/uploads\/2024\/11\/40690_eb0d18c236d048b10cb8378b75f98bbf9e312db8f329a893c1278c0e11657c9f3dd48e00-scaled.jpeg","width":1812,"height":2560},{"@type":"BreadcrumbList","@id":"https:\/\/www.koonings.com\/fr\/product\/ladybird-ruya-lb125am1\/#breadcrumb","itemListElement":[{"@type":"ListItem","position":1,"name":"Home","item":"https:\/\/www.koonings.com\/fr\/"},{"@type":"ListItem","position":2,"name":"Ladybird Ruya LB125AM1"}]},{"@type":"WebSite","@id":"https:\/\/www.koonings.com\/fr\/#website","url":"https:\/\/www.koonings.com\/fr\/","name":"Koonings","description":"De grootste bruidsmodewinkel ter wereld","publisher":{"@id":"https:\/\/www.koonings.com\/fr\/#organization"},"potentialAction":[{"@type":"SearchAction","target":{"@type":"EntryPoint","urlTemplate":"https:\/\/www.koonings.com\/fr\/?s={search_term_string}"},"query-input":{"@type":"PropertyValueSpecification","valueRequired":true,"valueName":"search_term_string"}}],"inLanguage":"fr-FR"},{"@type":"Organization","@id":"https:\/\/www.koonings.com\/fr\/#organization","name":"Koonings","url":"https:\/\/www.koonings.com\/fr\/","logo":{"@type":"ImageObject","inLanguage":"fr-FR","@id":"https:\/\/www.koonings.com\/fr\/#\/schema\/logo\/image\/","url":"https:\/\/www.koonings.com\/wp-content\/uploads\/2024\/07\/logo.png","contentUrl":"https:\/\/www.koonings.com\/wp-content\/uploads\/2024\/07\/logo.png","width":600,"height":428,"caption":"Koonings"},"image":{"@id":"https:\/\/www.koonings.com\/fr\/#\/schema\/logo\/image\/"},"sameAs":["https:\/\/www.facebook.com\/kooningstheweddingpalace","https:\/\/www.instagram.com\/kooningstheweddingpalace","https:\/\/www.pinterest.com\/koonings","https:\/\/www.youtube.com\/kooningstheweddingpalace"]}]}},"_links":{"self":[{"href":"https:\/\/www.koonings.com\/fr\/wp-json\/wp\/v2\/product\/58494","targetHints":{"allow":["GET"]}}],"collection":[{"href":"https:\/\/www.koonings.com\/fr\/wp-json\/wp\/v2\/product"}],"about":[{"href":"https:\/\/www.koonings.com\/fr\/wp-json\/wp\/v2\/types\/product"}],"wp:featuredmedia":[{"embeddable":true,"href":"https:\/\/www.koonings.com\/fr\/wp-json\/wp\/v2\/media\/45974"}],"wp:attachment":[{"href":"https:\/\/www.koonings.com\/fr\/wp-json\/wp\/v2\/media?parent=58494"}],"wp:term":[{"taxonomy":"productdetails","embeddable":true,"href":"https:\/\/www.koonings.com\/fr\/wp-json\/wp\/v2\/productdetails?post=58494"},{"taxonomy":"productneck","embeddable":true,"href":"https:\/\/www.koonings.com\/fr\/wp-json\/wp\/v2\/productneck?post=58494"},{"taxonomy":"productcolor","embeddable":true,"href":"https:\/\/www.koonings.com\/fr\/wp-json\/wp\/v2\/productcolor?post=58494"},{"taxonomy":"maat","embeddable":true,"href":"https:\/\/www.koonings.com\/fr\/wp-json\/wp\/v2\/maat?post=58494"},{"taxonomy":"productsupplier","embeddable":true,"href":"https:\/\/www.koonings.com\/fr\/wp-json\/wp\/v2\/productsupplier?post=58494"},{"taxonomy":"productsleeve","embeddable":true,"href":"https:\/\/www.koonings.com\/fr\/wp-json\/wp\/v2\/productsleeve?post=58494"},{"taxonomy":"productcategory","embeddable":true,"href":"https:\/\/www.koonings.com\/fr\/wp-json\/wp\/v2\/productcategory?post=58494"},{"taxonomy":"productsilhouette","embeddable":true,"href":"https:\/\/www.koonings.com\/fr\/wp-json\/wp\/v2\/productsilhouette?post=58494"},{"taxonomy":"productstyle","embeddable":true,"href":"https:\/\/www.koonings.com\/fr\/wp-json\/wp\/v2\/productstyle?post=58494"}],"curies":[{"name":"wp","href":"https:\/\/api.w.org\/{rel}","templated":true}]}}