{"id":58484,"date":"2026-05-06T15:20:56","date_gmt":"2026-05-06T13:20:56","guid":{"rendered":"https:\/\/www.koonings.com\/product\/st-patrick-asunta-st125ag1\/"},"modified":"2025-06-05T13:18:52","modified_gmt":"2025-06-05T11:18:52","slug":"st-patrick-asunta-st125ag1","status":"publish","type":"product","link":"https:\/\/www.koonings.com\/fr\/product\/st-patrick-asunta-st125ag1\/","title":{"rendered":"St. Patrick Asunta ST125AG1"},"content":{"rendered":"<p>Une robe sophistiqu\u00e9e. ASUNTA pr\u00e9sente une coupe sir\u00e8ne en cr\u00eape qui met en valeur la silhouette de la mari\u00e9e. Elle comporte \u00e9galement des d\u00e9tails qui ajoutent \u00e0 son \u00e9l\u00e9gance exquise, comme les manches longues avec des d\u00e9tails bouffants sur les \u00e9paules, le profond d\u00e9collet\u00e9 en forme de c\u0153ur ou les d\u00e9licats ornements en strass qui enveloppent la taille.  <\/p>\n","protected":false},"featured_media":46037,"template":"","meta":{"_acf_changed":false,"ghostkit_customizer_options":"","ghostkit_custom_css":"","ghostkit_custom_js_head":"","ghostkit_custom_js_foot":"","ghostkit_typography":""},"productdetails":[],"productneck":[],"productcolor":[],"maat":[],"productsupplier":[415],"productsleeve":[],"productcategory":[18],"productsilhouette":[],"productstyle":[366],"class_list":["post-58484","product","type-product","status-publish","has-post-thumbnail","hentry","productsupplier-st-patrick","productcategory-trouwjurken","productstyle-366"],"acf":[],"yoast_head":"<!-- This site is optimized with the Yoast SEO plugin v27.3 - https:\/\/yoast.com\/product\/yoast-seo-wordpress\/ -->\n<title>St. Patrick Asunta ST125AG1 | Koonings<\/title>\n<meta name=\"description\" content=\"Une robe sophistiqu\u00e9e. ASUNTA pr\u00e9sente une coupe sir\u00e8ne en cr\u00eape qui met en valeur la silhouette de la mari\u00e9e. Elle comporte \u00e9galement des d\u00e9tails qui ajoutent \u00e0 son \u00e9l\u00e9gance exquise, comme les manches longues avec des d\u00e9tails bouffants sur les \u00e9paules, le profond d\u00e9collet\u00e9 en forme de c\u0153ur ou les d\u00e9licats ornements en strass qui enveloppent la taille.\" \/>\n<meta name=\"robots\" content=\"index, follow, max-snippet:-1, max-image-preview:large, max-video-preview:-1\" \/>\n<link rel=\"canonical\" href=\"https:\/\/www.koonings.com\/fr\/product\/st-patrick-asunta-st125ag1\/\" \/>\n<meta property=\"og:locale\" content=\"fr_FR\" \/>\n<meta property=\"og:type\" content=\"article\" \/>\n<meta property=\"og:title\" content=\"St. Patrick Asunta ST125AG1 | Koonings\" \/>\n<meta property=\"og:description\" content=\"Une robe sophistiqu\u00e9e. ASUNTA pr\u00e9sente une coupe sir\u00e8ne en cr\u00eape qui met en valeur la silhouette de la mari\u00e9e. Elle comporte \u00e9galement des d\u00e9tails qui ajoutent \u00e0 son \u00e9l\u00e9gance exquise, comme les manches longues avec des d\u00e9tails bouffants sur les \u00e9paules, le profond d\u00e9collet\u00e9 en forme de c\u0153ur ou les d\u00e9licats ornements en strass qui enveloppent la taille.\" \/>\n<meta property=\"og:url\" content=\"https:\/\/www.koonings.com\/fr\/product\/st-patrick-asunta-st125ag1\/\" \/>\n<meta property=\"og:site_name\" content=\"Koonings\" \/>\n<meta property=\"article:publisher\" content=\"https:\/\/www.facebook.com\/kooningstheweddingpalace\" \/>\n<meta property=\"og:image\" content=\"https:\/\/www.koonings.com\/wp-content\/uploads\/2024\/11\/40694_7e67e13f1d3b0a3aa3377a92ad5f49880d59e4d9075da16b2fb63ef94c7e079110622931-scaled.jpeg\" \/>\n\t<meta property=\"og:image:width\" content=\"1809\" \/>\n\t<meta property=\"og:image:height\" content=\"2560\" \/>\n\t<meta property=\"og:image:type\" content=\"image\/jpeg\" \/>\n<meta name=\"twitter:card\" content=\"summary_large_image\" \/>\n<script type=\"application\/ld+json\" class=\"yoast-schema-graph\">{\"@context\":\"https:\\\/\\\/schema.org\",\"@graph\":[{\"@type\":\"WebPage\",\"@id\":\"https:\\\/\\\/www.koonings.com\\\/fr\\\/product\\\/st-patrick-asunta-st125ag1\\\/\",\"url\":\"https:\\\/\\\/www.koonings.com\\\/fr\\\/product\\\/st-patrick-asunta-st125ag1\\\/\",\"name\":\"St. Patrick Asunta ST125AG1 | Koonings\",\"isPartOf\":{\"@id\":\"https:\\\/\\\/www.koonings.com\\\/fr\\\/#website\"},\"primaryImageOfPage\":{\"@id\":\"https:\\\/\\\/www.koonings.com\\\/fr\\\/product\\\/st-patrick-asunta-st125ag1\\\/#primaryimage\"},\"image\":{\"@id\":\"https:\\\/\\\/www.koonings.com\\\/fr\\\/product\\\/st-patrick-asunta-st125ag1\\\/#primaryimage\"},\"thumbnailUrl\":\"https:\\\/\\\/www.koonings.com\\\/wp-content\\\/uploads\\\/2024\\\/11\\\/40694_7e67e13f1d3b0a3aa3377a92ad5f49880d59e4d9075da16b2fb63ef94c7e079110622931-scaled.jpeg\",\"datePublished\":\"2026-05-06T13:20:56+00:00\",\"description\":\"Une robe sophistiqu\u00e9e. ASUNTA pr\u00e9sente une coupe sir\u00e8ne en cr\u00eape qui met en valeur la silhouette de la mari\u00e9e. Elle comporte \u00e9galement des d\u00e9tails qui ajoutent \u00e0 son \u00e9l\u00e9gance exquise, comme les manches longues avec des d\u00e9tails bouffants sur les \u00e9paules, le profond d\u00e9collet\u00e9 en forme de c\u0153ur ou les d\u00e9licats ornements en strass qui enveloppent la taille.\",\"breadcrumb\":{\"@id\":\"https:\\\/\\\/www.koonings.com\\\/fr\\\/product\\\/st-patrick-asunta-st125ag1\\\/#breadcrumb\"},\"inLanguage\":\"fr-FR\",\"potentialAction\":[{\"@type\":\"ReadAction\",\"target\":[\"https:\\\/\\\/www.koonings.com\\\/fr\\\/product\\\/st-patrick-asunta-st125ag1\\\/\"]}]},{\"@type\":\"ImageObject\",\"inLanguage\":\"fr-FR\",\"@id\":\"https:\\\/\\\/www.koonings.com\\\/fr\\\/product\\\/st-patrick-asunta-st125ag1\\\/#primaryimage\",\"url\":\"https:\\\/\\\/www.koonings.com\\\/wp-content\\\/uploads\\\/2024\\\/11\\\/40694_7e67e13f1d3b0a3aa3377a92ad5f49880d59e4d9075da16b2fb63ef94c7e079110622931-scaled.jpeg\",\"contentUrl\":\"https:\\\/\\\/www.koonings.com\\\/wp-content\\\/uploads\\\/2024\\\/11\\\/40694_7e67e13f1d3b0a3aa3377a92ad5f49880d59e4d9075da16b2fb63ef94c7e079110622931-scaled.jpeg\",\"width\":1809,\"height\":2560},{\"@type\":\"BreadcrumbList\",\"@id\":\"https:\\\/\\\/www.koonings.com\\\/fr\\\/product\\\/st-patrick-asunta-st125ag1\\\/#breadcrumb\",\"itemListElement\":[{\"@type\":\"ListItem\",\"position\":1,\"name\":\"Home\",\"item\":\"https:\\\/\\\/www.koonings.com\\\/fr\\\/\"},{\"@type\":\"ListItem\",\"position\":2,\"name\":\"St. Patrick Asunta ST125AG1\"}]},{\"@type\":\"WebSite\",\"@id\":\"https:\\\/\\\/www.koonings.com\\\/fr\\\/#website\",\"url\":\"https:\\\/\\\/www.koonings.com\\\/fr\\\/\",\"name\":\"Koonings\",\"description\":\"De grootste bruidsmodewinkel ter wereld\",\"publisher\":{\"@id\":\"https:\\\/\\\/www.koonings.com\\\/fr\\\/#organization\"},\"potentialAction\":[{\"@type\":\"SearchAction\",\"target\":{\"@type\":\"EntryPoint\",\"urlTemplate\":\"https:\\\/\\\/www.koonings.com\\\/fr\\\/?s={search_term_string}\"},\"query-input\":{\"@type\":\"PropertyValueSpecification\",\"valueRequired\":true,\"valueName\":\"search_term_string\"}}],\"inLanguage\":\"fr-FR\"},{\"@type\":\"Organization\",\"@id\":\"https:\\\/\\\/www.koonings.com\\\/fr\\\/#organization\",\"name\":\"Koonings\",\"url\":\"https:\\\/\\\/www.koonings.com\\\/fr\\\/\",\"logo\":{\"@type\":\"ImageObject\",\"inLanguage\":\"fr-FR\",\"@id\":\"https:\\\/\\\/www.koonings.com\\\/fr\\\/#\\\/schema\\\/logo\\\/image\\\/\",\"url\":\"https:\\\/\\\/www.koonings.com\\\/wp-content\\\/uploads\\\/2024\\\/07\\\/logo.png\",\"contentUrl\":\"https:\\\/\\\/www.koonings.com\\\/wp-content\\\/uploads\\\/2024\\\/07\\\/logo.png\",\"width\":600,\"height\":428,\"caption\":\"Koonings\"},\"image\":{\"@id\":\"https:\\\/\\\/www.koonings.com\\\/fr\\\/#\\\/schema\\\/logo\\\/image\\\/\"},\"sameAs\":[\"https:\\\/\\\/www.facebook.com\\\/kooningstheweddingpalace\",\"https:\\\/\\\/www.instagram.com\\\/kooningstheweddingpalace\",\"https:\\\/\\\/www.pinterest.com\\\/koonings\",\"https:\\\/\\\/www.youtube.com\\\/kooningstheweddingpalace\"]}]}<\/script>\n<!-- \/ Yoast SEO plugin. -->","yoast_head_json":{"title":"St. Patrick Asunta ST125AG1 | Koonings","description":"Une robe sophistiqu\u00e9e. ASUNTA pr\u00e9sente une coupe sir\u00e8ne en cr\u00eape qui met en valeur la silhouette de la mari\u00e9e. Elle comporte \u00e9galement des d\u00e9tails qui ajoutent \u00e0 son \u00e9l\u00e9gance exquise, comme les manches longues avec des d\u00e9tails bouffants sur les \u00e9paules, le profond d\u00e9collet\u00e9 en forme de c\u0153ur ou les d\u00e9licats ornements en strass qui enveloppent la taille.","robots":{"index":"index","follow":"follow","max-snippet":"max-snippet:-1","max-image-preview":"max-image-preview:large","max-video-preview":"max-video-preview:-1"},"canonical":"https:\/\/www.koonings.com\/fr\/product\/st-patrick-asunta-st125ag1\/","og_locale":"fr_FR","og_type":"article","og_title":"St. Patrick Asunta ST125AG1 | Koonings","og_description":"Une robe sophistiqu\u00e9e. ASUNTA pr\u00e9sente une coupe sir\u00e8ne en cr\u00eape qui met en valeur la silhouette de la mari\u00e9e. Elle comporte \u00e9galement des d\u00e9tails qui ajoutent \u00e0 son \u00e9l\u00e9gance exquise, comme les manches longues avec des d\u00e9tails bouffants sur les \u00e9paules, le profond d\u00e9collet\u00e9 en forme de c\u0153ur ou les d\u00e9licats ornements en strass qui enveloppent la taille.","og_url":"https:\/\/www.koonings.com\/fr\/product\/st-patrick-asunta-st125ag1\/","og_site_name":"Koonings","article_publisher":"https:\/\/www.facebook.com\/kooningstheweddingpalace","og_image":[{"width":1809,"height":2560,"url":"https:\/\/www.koonings.com\/wp-content\/uploads\/2024\/11\/40694_7e67e13f1d3b0a3aa3377a92ad5f49880d59e4d9075da16b2fb63ef94c7e079110622931-scaled.jpeg","type":"image\/jpeg"}],"twitter_card":"summary_large_image","schema":{"@context":"https:\/\/schema.org","@graph":[{"@type":"WebPage","@id":"https:\/\/www.koonings.com\/fr\/product\/st-patrick-asunta-st125ag1\/","url":"https:\/\/www.koonings.com\/fr\/product\/st-patrick-asunta-st125ag1\/","name":"St. Patrick Asunta ST125AG1 | Koonings","isPartOf":{"@id":"https:\/\/www.koonings.com\/fr\/#website"},"primaryImageOfPage":{"@id":"https:\/\/www.koonings.com\/fr\/product\/st-patrick-asunta-st125ag1\/#primaryimage"},"image":{"@id":"https:\/\/www.koonings.com\/fr\/product\/st-patrick-asunta-st125ag1\/#primaryimage"},"thumbnailUrl":"https:\/\/www.koonings.com\/wp-content\/uploads\/2024\/11\/40694_7e67e13f1d3b0a3aa3377a92ad5f49880d59e4d9075da16b2fb63ef94c7e079110622931-scaled.jpeg","datePublished":"2026-05-06T13:20:56+00:00","description":"Une robe sophistiqu\u00e9e. ASUNTA pr\u00e9sente une coupe sir\u00e8ne en cr\u00eape qui met en valeur la silhouette de la mari\u00e9e. Elle comporte \u00e9galement des d\u00e9tails qui ajoutent \u00e0 son \u00e9l\u00e9gance exquise, comme les manches longues avec des d\u00e9tails bouffants sur les \u00e9paules, le profond d\u00e9collet\u00e9 en forme de c\u0153ur ou les d\u00e9licats ornements en strass qui enveloppent la taille.","breadcrumb":{"@id":"https:\/\/www.koonings.com\/fr\/product\/st-patrick-asunta-st125ag1\/#breadcrumb"},"inLanguage":"fr-FR","potentialAction":[{"@type":"ReadAction","target":["https:\/\/www.koonings.com\/fr\/product\/st-patrick-asunta-st125ag1\/"]}]},{"@type":"ImageObject","inLanguage":"fr-FR","@id":"https:\/\/www.koonings.com\/fr\/product\/st-patrick-asunta-st125ag1\/#primaryimage","url":"https:\/\/www.koonings.com\/wp-content\/uploads\/2024\/11\/40694_7e67e13f1d3b0a3aa3377a92ad5f49880d59e4d9075da16b2fb63ef94c7e079110622931-scaled.jpeg","contentUrl":"https:\/\/www.koonings.com\/wp-content\/uploads\/2024\/11\/40694_7e67e13f1d3b0a3aa3377a92ad5f49880d59e4d9075da16b2fb63ef94c7e079110622931-scaled.jpeg","width":1809,"height":2560},{"@type":"BreadcrumbList","@id":"https:\/\/www.koonings.com\/fr\/product\/st-patrick-asunta-st125ag1\/#breadcrumb","itemListElement":[{"@type":"ListItem","position":1,"name":"Home","item":"https:\/\/www.koonings.com\/fr\/"},{"@type":"ListItem","position":2,"name":"St. Patrick Asunta ST125AG1"}]},{"@type":"WebSite","@id":"https:\/\/www.koonings.com\/fr\/#website","url":"https:\/\/www.koonings.com\/fr\/","name":"Koonings","description":"De grootste bruidsmodewinkel ter wereld","publisher":{"@id":"https:\/\/www.koonings.com\/fr\/#organization"},"potentialAction":[{"@type":"SearchAction","target":{"@type":"EntryPoint","urlTemplate":"https:\/\/www.koonings.com\/fr\/?s={search_term_string}"},"query-input":{"@type":"PropertyValueSpecification","valueRequired":true,"valueName":"search_term_string"}}],"inLanguage":"fr-FR"},{"@type":"Organization","@id":"https:\/\/www.koonings.com\/fr\/#organization","name":"Koonings","url":"https:\/\/www.koonings.com\/fr\/","logo":{"@type":"ImageObject","inLanguage":"fr-FR","@id":"https:\/\/www.koonings.com\/fr\/#\/schema\/logo\/image\/","url":"https:\/\/www.koonings.com\/wp-content\/uploads\/2024\/07\/logo.png","contentUrl":"https:\/\/www.koonings.com\/wp-content\/uploads\/2024\/07\/logo.png","width":600,"height":428,"caption":"Koonings"},"image":{"@id":"https:\/\/www.koonings.com\/fr\/#\/schema\/logo\/image\/"},"sameAs":["https:\/\/www.facebook.com\/kooningstheweddingpalace","https:\/\/www.instagram.com\/kooningstheweddingpalace","https:\/\/www.pinterest.com\/koonings","https:\/\/www.youtube.com\/kooningstheweddingpalace"]}]}},"_links":{"self":[{"href":"https:\/\/www.koonings.com\/fr\/wp-json\/wp\/v2\/product\/58484","targetHints":{"allow":["GET"]}}],"collection":[{"href":"https:\/\/www.koonings.com\/fr\/wp-json\/wp\/v2\/product"}],"about":[{"href":"https:\/\/www.koonings.com\/fr\/wp-json\/wp\/v2\/types\/product"}],"wp:featuredmedia":[{"embeddable":true,"href":"https:\/\/www.koonings.com\/fr\/wp-json\/wp\/v2\/media\/46037"}],"wp:attachment":[{"href":"https:\/\/www.koonings.com\/fr\/wp-json\/wp\/v2\/media?parent=58484"}],"wp:term":[{"taxonomy":"productdetails","embeddable":true,"href":"https:\/\/www.koonings.com\/fr\/wp-json\/wp\/v2\/productdetails?post=58484"},{"taxonomy":"productneck","embeddable":true,"href":"https:\/\/www.koonings.com\/fr\/wp-json\/wp\/v2\/productneck?post=58484"},{"taxonomy":"productcolor","embeddable":true,"href":"https:\/\/www.koonings.com\/fr\/wp-json\/wp\/v2\/productcolor?post=58484"},{"taxonomy":"maat","embeddable":true,"href":"https:\/\/www.koonings.com\/fr\/wp-json\/wp\/v2\/maat?post=58484"},{"taxonomy":"productsupplier","embeddable":true,"href":"https:\/\/www.koonings.com\/fr\/wp-json\/wp\/v2\/productsupplier?post=58484"},{"taxonomy":"productsleeve","embeddable":true,"href":"https:\/\/www.koonings.com\/fr\/wp-json\/wp\/v2\/productsleeve?post=58484"},{"taxonomy":"productcategory","embeddable":true,"href":"https:\/\/www.koonings.com\/fr\/wp-json\/wp\/v2\/productcategory?post=58484"},{"taxonomy":"productsilhouette","embeddable":true,"href":"https:\/\/www.koonings.com\/fr\/wp-json\/wp\/v2\/productsilhouette?post=58484"},{"taxonomy":"productstyle","embeddable":true,"href":"https:\/\/www.koonings.com\/fr\/wp-json\/wp\/v2\/productstyle?post=58484"}],"curies":[{"name":"wp","href":"https:\/\/api.w.org\/{rel}","templated":true}]}}