{"id":58465,"date":"2026-04-28T18:20:46","date_gmt":"2026-04-28T16:20:46","guid":{"rendered":"https:\/\/www.koonings.com\/product\/st-patrick-mediva-st125bx1\/"},"modified":"2025-06-05T13:19:34","modified_gmt":"2025-06-05T11:19:34","slug":"st-patrick-mediva-st125bx1","status":"publish","type":"product","link":"https:\/\/www.koonings.com\/fr\/product\/st-patrick-mediva-st125bx1\/","title":{"rendered":"St. Patrick Mediva ST125BX1"},"content":{"rendered":"<p>Sophistication et glamour s&#8217;unissent pour donner vie \u00e0 MEDIVA. Confectionn\u00e9e dans un luxueux tissu satin\u00e9 extensible, cette robe pr\u00e9sente une \u00e9l\u00e9gante encolure bateau et un dos profond distingu\u00e9 qui s&#8217;associe \u00e0 une jupe sir\u00e8ne pour une finition sophistiqu\u00e9e et flatteuse. <\/p>\n","protected":false},"featured_media":46184,"template":"","meta":{"_acf_changed":false,"ghostkit_customizer_options":"","ghostkit_custom_css":"","ghostkit_custom_js_head":"","ghostkit_custom_js_foot":"","ghostkit_typography":""},"productdetails":[],"productneck":[],"productcolor":[],"maat":[],"productsupplier":[415],"productsleeve":[],"productcategory":[18],"productsilhouette":[],"productstyle":[366],"class_list":["post-58465","product","type-product","status-publish","has-post-thumbnail","hentry","productsupplier-st-patrick","productcategory-trouwjurken","productstyle-366"],"acf":[],"yoast_head":"<!-- This site is optimized with the Yoast SEO plugin v27.3 - https:\/\/yoast.com\/product\/yoast-seo-wordpress\/ -->\n<title>St. Patrick Mediva ST125BX1 | Koonings<\/title>\n<meta name=\"description\" content=\"Sophistication et glamour s&#039;unissent pour donner vie \u00e0 MEDIVA. Confectionn\u00e9e dans un luxueux tissu satin\u00e9 extensible, cette robe pr\u00e9sente une \u00e9l\u00e9gante encolure bateau et un dos profond distingu\u00e9 qui s&#039;associe \u00e0 une jupe sir\u00e8ne pour une finition sophistiqu\u00e9e et flatteuse.\" \/>\n<meta name=\"robots\" content=\"index, follow, max-snippet:-1, max-image-preview:large, max-video-preview:-1\" \/>\n<link rel=\"canonical\" href=\"https:\/\/www.koonings.com\/fr\/product\/st-patrick-mediva-st125bx1\/\" \/>\n<meta property=\"og:locale\" content=\"fr_FR\" \/>\n<meta property=\"og:type\" content=\"article\" \/>\n<meta property=\"og:title\" content=\"St. Patrick Mediva ST125BX1 | Koonings\" \/>\n<meta property=\"og:description\" content=\"Sophistication et glamour s&#039;unissent pour donner vie \u00e0 MEDIVA. Confectionn\u00e9e dans un luxueux tissu satin\u00e9 extensible, cette robe pr\u00e9sente une \u00e9l\u00e9gante encolure bateau et un dos profond distingu\u00e9 qui s&#039;associe \u00e0 une jupe sir\u00e8ne pour une finition sophistiqu\u00e9e et flatteuse.\" \/>\n<meta property=\"og:url\" content=\"https:\/\/www.koonings.com\/fr\/product\/st-patrick-mediva-st125bx1\/\" \/>\n<meta property=\"og:site_name\" content=\"Koonings\" \/>\n<meta property=\"article:publisher\" content=\"https:\/\/www.facebook.com\/kooningstheweddingpalace\" \/>\n<meta property=\"og:image\" content=\"https:\/\/www.koonings.com\/wp-content\/uploads\/2024\/11\/40711_29ed08d459e51ea0db8a9a19011ec6b37c4c4054eaf524dffbcfdb47e5d1e6d4cf8a0505-scaled.jpeg\" \/>\n\t<meta property=\"og:image:width\" content=\"1811\" \/>\n\t<meta property=\"og:image:height\" content=\"2560\" \/>\n\t<meta property=\"og:image:type\" content=\"image\/jpeg\" \/>\n<meta name=\"twitter:card\" content=\"summary_large_image\" \/>\n<script type=\"application\/ld+json\" class=\"yoast-schema-graph\">{\"@context\":\"https:\\\/\\\/schema.org\",\"@graph\":[{\"@type\":\"WebPage\",\"@id\":\"https:\\\/\\\/www.koonings.com\\\/fr\\\/product\\\/st-patrick-mediva-st125bx1\\\/\",\"url\":\"https:\\\/\\\/www.koonings.com\\\/fr\\\/product\\\/st-patrick-mediva-st125bx1\\\/\",\"name\":\"St. Patrick Mediva ST125BX1 | Koonings\",\"isPartOf\":{\"@id\":\"https:\\\/\\\/www.koonings.com\\\/fr\\\/#website\"},\"primaryImageOfPage\":{\"@id\":\"https:\\\/\\\/www.koonings.com\\\/fr\\\/product\\\/st-patrick-mediva-st125bx1\\\/#primaryimage\"},\"image\":{\"@id\":\"https:\\\/\\\/www.koonings.com\\\/fr\\\/product\\\/st-patrick-mediva-st125bx1\\\/#primaryimage\"},\"thumbnailUrl\":\"https:\\\/\\\/www.koonings.com\\\/wp-content\\\/uploads\\\/2024\\\/11\\\/40711_29ed08d459e51ea0db8a9a19011ec6b37c4c4054eaf524dffbcfdb47e5d1e6d4cf8a0505-scaled.jpeg\",\"datePublished\":\"2026-04-28T16:20:46+00:00\",\"description\":\"Sophistication et glamour s'unissent pour donner vie \u00e0 MEDIVA. Confectionn\u00e9e dans un luxueux tissu satin\u00e9 extensible, cette robe pr\u00e9sente une \u00e9l\u00e9gante encolure bateau et un dos profond distingu\u00e9 qui s'associe \u00e0 une jupe sir\u00e8ne pour une finition sophistiqu\u00e9e et flatteuse.\",\"breadcrumb\":{\"@id\":\"https:\\\/\\\/www.koonings.com\\\/fr\\\/product\\\/st-patrick-mediva-st125bx1\\\/#breadcrumb\"},\"inLanguage\":\"fr-FR\",\"potentialAction\":[{\"@type\":\"ReadAction\",\"target\":[\"https:\\\/\\\/www.koonings.com\\\/fr\\\/product\\\/st-patrick-mediva-st125bx1\\\/\"]}]},{\"@type\":\"ImageObject\",\"inLanguage\":\"fr-FR\",\"@id\":\"https:\\\/\\\/www.koonings.com\\\/fr\\\/product\\\/st-patrick-mediva-st125bx1\\\/#primaryimage\",\"url\":\"https:\\\/\\\/www.koonings.com\\\/wp-content\\\/uploads\\\/2024\\\/11\\\/40711_29ed08d459e51ea0db8a9a19011ec6b37c4c4054eaf524dffbcfdb47e5d1e6d4cf8a0505-scaled.jpeg\",\"contentUrl\":\"https:\\\/\\\/www.koonings.com\\\/wp-content\\\/uploads\\\/2024\\\/11\\\/40711_29ed08d459e51ea0db8a9a19011ec6b37c4c4054eaf524dffbcfdb47e5d1e6d4cf8a0505-scaled.jpeg\",\"width\":1811,\"height\":2560},{\"@type\":\"BreadcrumbList\",\"@id\":\"https:\\\/\\\/www.koonings.com\\\/fr\\\/product\\\/st-patrick-mediva-st125bx1\\\/#breadcrumb\",\"itemListElement\":[{\"@type\":\"ListItem\",\"position\":1,\"name\":\"Home\",\"item\":\"https:\\\/\\\/www.koonings.com\\\/fr\\\/\"},{\"@type\":\"ListItem\",\"position\":2,\"name\":\"St. Patrick Mediva ST125BX1\"}]},{\"@type\":\"WebSite\",\"@id\":\"https:\\\/\\\/www.koonings.com\\\/fr\\\/#website\",\"url\":\"https:\\\/\\\/www.koonings.com\\\/fr\\\/\",\"name\":\"Koonings\",\"description\":\"De grootste bruidsmodewinkel ter wereld\",\"publisher\":{\"@id\":\"https:\\\/\\\/www.koonings.com\\\/fr\\\/#organization\"},\"potentialAction\":[{\"@type\":\"SearchAction\",\"target\":{\"@type\":\"EntryPoint\",\"urlTemplate\":\"https:\\\/\\\/www.koonings.com\\\/fr\\\/?s={search_term_string}\"},\"query-input\":{\"@type\":\"PropertyValueSpecification\",\"valueRequired\":true,\"valueName\":\"search_term_string\"}}],\"inLanguage\":\"fr-FR\"},{\"@type\":\"Organization\",\"@id\":\"https:\\\/\\\/www.koonings.com\\\/fr\\\/#organization\",\"name\":\"Koonings\",\"url\":\"https:\\\/\\\/www.koonings.com\\\/fr\\\/\",\"logo\":{\"@type\":\"ImageObject\",\"inLanguage\":\"fr-FR\",\"@id\":\"https:\\\/\\\/www.koonings.com\\\/fr\\\/#\\\/schema\\\/logo\\\/image\\\/\",\"url\":\"https:\\\/\\\/www.koonings.com\\\/wp-content\\\/uploads\\\/2024\\\/07\\\/logo.png\",\"contentUrl\":\"https:\\\/\\\/www.koonings.com\\\/wp-content\\\/uploads\\\/2024\\\/07\\\/logo.png\",\"width\":600,\"height\":428,\"caption\":\"Koonings\"},\"image\":{\"@id\":\"https:\\\/\\\/www.koonings.com\\\/fr\\\/#\\\/schema\\\/logo\\\/image\\\/\"},\"sameAs\":[\"https:\\\/\\\/www.facebook.com\\\/kooningstheweddingpalace\",\"https:\\\/\\\/www.instagram.com\\\/kooningstheweddingpalace\",\"https:\\\/\\\/www.pinterest.com\\\/koonings\",\"https:\\\/\\\/www.youtube.com\\\/kooningstheweddingpalace\"]}]}<\/script>\n<!-- \/ Yoast SEO plugin. -->","yoast_head_json":{"title":"St. Patrick Mediva ST125BX1 | Koonings","description":"Sophistication et glamour s'unissent pour donner vie \u00e0 MEDIVA. Confectionn\u00e9e dans un luxueux tissu satin\u00e9 extensible, cette robe pr\u00e9sente une \u00e9l\u00e9gante encolure bateau et un dos profond distingu\u00e9 qui s'associe \u00e0 une jupe sir\u00e8ne pour une finition sophistiqu\u00e9e et flatteuse.","robots":{"index":"index","follow":"follow","max-snippet":"max-snippet:-1","max-image-preview":"max-image-preview:large","max-video-preview":"max-video-preview:-1"},"canonical":"https:\/\/www.koonings.com\/fr\/product\/st-patrick-mediva-st125bx1\/","og_locale":"fr_FR","og_type":"article","og_title":"St. Patrick Mediva ST125BX1 | Koonings","og_description":"Sophistication et glamour s'unissent pour donner vie \u00e0 MEDIVA. Confectionn\u00e9e dans un luxueux tissu satin\u00e9 extensible, cette robe pr\u00e9sente une \u00e9l\u00e9gante encolure bateau et un dos profond distingu\u00e9 qui s'associe \u00e0 une jupe sir\u00e8ne pour une finition sophistiqu\u00e9e et flatteuse.","og_url":"https:\/\/www.koonings.com\/fr\/product\/st-patrick-mediva-st125bx1\/","og_site_name":"Koonings","article_publisher":"https:\/\/www.facebook.com\/kooningstheweddingpalace","og_image":[{"width":1811,"height":2560,"url":"https:\/\/www.koonings.com\/wp-content\/uploads\/2024\/11\/40711_29ed08d459e51ea0db8a9a19011ec6b37c4c4054eaf524dffbcfdb47e5d1e6d4cf8a0505-scaled.jpeg","type":"image\/jpeg"}],"twitter_card":"summary_large_image","schema":{"@context":"https:\/\/schema.org","@graph":[{"@type":"WebPage","@id":"https:\/\/www.koonings.com\/fr\/product\/st-patrick-mediva-st125bx1\/","url":"https:\/\/www.koonings.com\/fr\/product\/st-patrick-mediva-st125bx1\/","name":"St. Patrick Mediva ST125BX1 | Koonings","isPartOf":{"@id":"https:\/\/www.koonings.com\/fr\/#website"},"primaryImageOfPage":{"@id":"https:\/\/www.koonings.com\/fr\/product\/st-patrick-mediva-st125bx1\/#primaryimage"},"image":{"@id":"https:\/\/www.koonings.com\/fr\/product\/st-patrick-mediva-st125bx1\/#primaryimage"},"thumbnailUrl":"https:\/\/www.koonings.com\/wp-content\/uploads\/2024\/11\/40711_29ed08d459e51ea0db8a9a19011ec6b37c4c4054eaf524dffbcfdb47e5d1e6d4cf8a0505-scaled.jpeg","datePublished":"2026-04-28T16:20:46+00:00","description":"Sophistication et glamour s'unissent pour donner vie \u00e0 MEDIVA. Confectionn\u00e9e dans un luxueux tissu satin\u00e9 extensible, cette robe pr\u00e9sente une \u00e9l\u00e9gante encolure bateau et un dos profond distingu\u00e9 qui s'associe \u00e0 une jupe sir\u00e8ne pour une finition sophistiqu\u00e9e et flatteuse.","breadcrumb":{"@id":"https:\/\/www.koonings.com\/fr\/product\/st-patrick-mediva-st125bx1\/#breadcrumb"},"inLanguage":"fr-FR","potentialAction":[{"@type":"ReadAction","target":["https:\/\/www.koonings.com\/fr\/product\/st-patrick-mediva-st125bx1\/"]}]},{"@type":"ImageObject","inLanguage":"fr-FR","@id":"https:\/\/www.koonings.com\/fr\/product\/st-patrick-mediva-st125bx1\/#primaryimage","url":"https:\/\/www.koonings.com\/wp-content\/uploads\/2024\/11\/40711_29ed08d459e51ea0db8a9a19011ec6b37c4c4054eaf524dffbcfdb47e5d1e6d4cf8a0505-scaled.jpeg","contentUrl":"https:\/\/www.koonings.com\/wp-content\/uploads\/2024\/11\/40711_29ed08d459e51ea0db8a9a19011ec6b37c4c4054eaf524dffbcfdb47e5d1e6d4cf8a0505-scaled.jpeg","width":1811,"height":2560},{"@type":"BreadcrumbList","@id":"https:\/\/www.koonings.com\/fr\/product\/st-patrick-mediva-st125bx1\/#breadcrumb","itemListElement":[{"@type":"ListItem","position":1,"name":"Home","item":"https:\/\/www.koonings.com\/fr\/"},{"@type":"ListItem","position":2,"name":"St. Patrick Mediva ST125BX1"}]},{"@type":"WebSite","@id":"https:\/\/www.koonings.com\/fr\/#website","url":"https:\/\/www.koonings.com\/fr\/","name":"Koonings","description":"De grootste bruidsmodewinkel ter wereld","publisher":{"@id":"https:\/\/www.koonings.com\/fr\/#organization"},"potentialAction":[{"@type":"SearchAction","target":{"@type":"EntryPoint","urlTemplate":"https:\/\/www.koonings.com\/fr\/?s={search_term_string}"},"query-input":{"@type":"PropertyValueSpecification","valueRequired":true,"valueName":"search_term_string"}}],"inLanguage":"fr-FR"},{"@type":"Organization","@id":"https:\/\/www.koonings.com\/fr\/#organization","name":"Koonings","url":"https:\/\/www.koonings.com\/fr\/","logo":{"@type":"ImageObject","inLanguage":"fr-FR","@id":"https:\/\/www.koonings.com\/fr\/#\/schema\/logo\/image\/","url":"https:\/\/www.koonings.com\/wp-content\/uploads\/2024\/07\/logo.png","contentUrl":"https:\/\/www.koonings.com\/wp-content\/uploads\/2024\/07\/logo.png","width":600,"height":428,"caption":"Koonings"},"image":{"@id":"https:\/\/www.koonings.com\/fr\/#\/schema\/logo\/image\/"},"sameAs":["https:\/\/www.facebook.com\/kooningstheweddingpalace","https:\/\/www.instagram.com\/kooningstheweddingpalace","https:\/\/www.pinterest.com\/koonings","https:\/\/www.youtube.com\/kooningstheweddingpalace"]}]}},"_links":{"self":[{"href":"https:\/\/www.koonings.com\/fr\/wp-json\/wp\/v2\/product\/58465","targetHints":{"allow":["GET"]}}],"collection":[{"href":"https:\/\/www.koonings.com\/fr\/wp-json\/wp\/v2\/product"}],"about":[{"href":"https:\/\/www.koonings.com\/fr\/wp-json\/wp\/v2\/types\/product"}],"wp:featuredmedia":[{"embeddable":true,"href":"https:\/\/www.koonings.com\/fr\/wp-json\/wp\/v2\/media\/46184"}],"wp:attachment":[{"href":"https:\/\/www.koonings.com\/fr\/wp-json\/wp\/v2\/media?parent=58465"}],"wp:term":[{"taxonomy":"productdetails","embeddable":true,"href":"https:\/\/www.koonings.com\/fr\/wp-json\/wp\/v2\/productdetails?post=58465"},{"taxonomy":"productneck","embeddable":true,"href":"https:\/\/www.koonings.com\/fr\/wp-json\/wp\/v2\/productneck?post=58465"},{"taxonomy":"productcolor","embeddable":true,"href":"https:\/\/www.koonings.com\/fr\/wp-json\/wp\/v2\/productcolor?post=58465"},{"taxonomy":"maat","embeddable":true,"href":"https:\/\/www.koonings.com\/fr\/wp-json\/wp\/v2\/maat?post=58465"},{"taxonomy":"productsupplier","embeddable":true,"href":"https:\/\/www.koonings.com\/fr\/wp-json\/wp\/v2\/productsupplier?post=58465"},{"taxonomy":"productsleeve","embeddable":true,"href":"https:\/\/www.koonings.com\/fr\/wp-json\/wp\/v2\/productsleeve?post=58465"},{"taxonomy":"productcategory","embeddable":true,"href":"https:\/\/www.koonings.com\/fr\/wp-json\/wp\/v2\/productcategory?post=58465"},{"taxonomy":"productsilhouette","embeddable":true,"href":"https:\/\/www.koonings.com\/fr\/wp-json\/wp\/v2\/productsilhouette?post=58465"},{"taxonomy":"productstyle","embeddable":true,"href":"https:\/\/www.koonings.com\/fr\/wp-json\/wp\/v2\/productstyle?post=58465"}],"curies":[{"name":"wp","href":"https:\/\/api.w.org\/{rel}","templated":true}]}}