{"id":58441,"date":"2025-12-15T00:34:51","date_gmt":"2025-12-14T23:34:51","guid":{"rendered":"https:\/\/www.koonings.com\/product\/ladybird-oniria-lb125aj1\/"},"modified":"2026-02-03T18:41:29","modified_gmt":"2026-02-03T17:41:29","slug":"ladybird-oniria-lb125aj1","status":"publish","type":"product","link":"https:\/\/www.koonings.com\/fr\/product\/ladybird-oniria-lb125aj1\/","title":{"rendered":"Ladybird Oniria LB125AJ1"},"content":{"rendered":"<p>Le corsage de ce mod\u00e8le en tulle pr\u00e9sente un d\u00e9collet\u00e9 en V avec des broderies de dentelle et de perles. Il est r\u00e9glable sous la poitrine gr\u00e2ce \u00e0 deux fines bretelles, simulant une ceinture classique. Le dos est d\u00e9cor\u00e9 d&#8217;une encolure en V. Compl\u00e9tez le look avec un simple bandeau pour une touche de fra\u00eecheur.   <\/p>\n","protected":false},"featured_media":46310,"template":"","meta":{"_acf_changed":false,"ghostkit_customizer_options":"","ghostkit_custom_css":"","ghostkit_custom_js_head":"","ghostkit_custom_js_foot":"","ghostkit_typography":""},"productdetails":[381],"productneck":[356],"productcolor":[392],"maat":[],"productsupplier":[437],"productsleeve":[359],"productcategory":[18],"productsilhouette":[384,389],"productstyle":[366],"class_list":["post-58441","product","type-product","status-publish","has-post-thumbnail","hentry","productdetails-381","productneck-356","productcolor-392","productsupplier-ladybird","productsleeve-359","productcategory-trouwjurken","productsilhouette-384","productsilhouette-389","productstyle-366"],"acf":[],"yoast_head":"<!-- This site is optimized with the Yoast SEO plugin v27.3 - https:\/\/yoast.com\/product\/yoast-seo-wordpress\/ -->\n<title>Ladybird Oniria LB125AJ1 | Koonings<\/title>\n<meta name=\"description\" content=\"Le corsage de ce mod\u00e8le en tulle pr\u00e9sente un d\u00e9collet\u00e9 en V avec des broderies de dentelle et de perles. Il est r\u00e9glable sous la poitrine gr\u00e2ce \u00e0 deux fines bretelles, simulant une ceinture classique. Le dos est d\u00e9cor\u00e9 d&#039;une encolure en V. Compl\u00e9tez le look avec un simple bandeau pour une touche de fra\u00eecheur.\" \/>\n<meta name=\"robots\" content=\"index, follow, max-snippet:-1, max-image-preview:large, max-video-preview:-1\" \/>\n<link rel=\"canonical\" href=\"https:\/\/www.koonings.com\/fr\/product\/ladybird-oniria-lb125aj1\/\" \/>\n<meta property=\"og:locale\" content=\"fr_FR\" \/>\n<meta property=\"og:type\" content=\"article\" \/>\n<meta property=\"og:title\" content=\"Ladybird Oniria LB125AJ1 | Koonings\" \/>\n<meta property=\"og:description\" content=\"Le corsage de ce mod\u00e8le en tulle pr\u00e9sente un d\u00e9collet\u00e9 en V avec des broderies de dentelle et de perles. Il est r\u00e9glable sous la poitrine gr\u00e2ce \u00e0 deux fines bretelles, simulant une ceinture classique. Le dos est d\u00e9cor\u00e9 d&#039;une encolure en V. Compl\u00e9tez le look avec un simple bandeau pour une touche de fra\u00eecheur.\" \/>\n<meta property=\"og:url\" content=\"https:\/\/www.koonings.com\/fr\/product\/ladybird-oniria-lb125aj1\/\" \/>\n<meta property=\"og:site_name\" content=\"Koonings\" \/>\n<meta property=\"article:publisher\" content=\"https:\/\/www.facebook.com\/kooningstheweddingpalace\" \/>\n<meta property=\"article:modified_time\" content=\"2026-02-03T17:41:29+00:00\" \/>\n<meta property=\"og:image\" content=\"https:\/\/www.koonings.com\/wp-content\/uploads\/2024\/11\/40720_d1cce6abbf496366e8f852aeb9615f0d4174a27cda6cf1da77f4e0a414f2b0e0717f7d56-scaled.jpeg\" \/>\n\t<meta property=\"og:image:width\" content=\"1811\" \/>\n\t<meta property=\"og:image:height\" content=\"2560\" \/>\n\t<meta property=\"og:image:type\" content=\"image\/jpeg\" \/>\n<meta name=\"twitter:card\" content=\"summary_large_image\" \/>\n<script type=\"application\/ld+json\" class=\"yoast-schema-graph\">{\"@context\":\"https:\\\/\\\/schema.org\",\"@graph\":[{\"@type\":\"WebPage\",\"@id\":\"https:\\\/\\\/www.koonings.com\\\/fr\\\/product\\\/ladybird-oniria-lb125aj1\\\/\",\"url\":\"https:\\\/\\\/www.koonings.com\\\/fr\\\/product\\\/ladybird-oniria-lb125aj1\\\/\",\"name\":\"Ladybird Oniria LB125AJ1 | Koonings\",\"isPartOf\":{\"@id\":\"https:\\\/\\\/www.koonings.com\\\/fr\\\/#website\"},\"primaryImageOfPage\":{\"@id\":\"https:\\\/\\\/www.koonings.com\\\/fr\\\/product\\\/ladybird-oniria-lb125aj1\\\/#primaryimage\"},\"image\":{\"@id\":\"https:\\\/\\\/www.koonings.com\\\/fr\\\/product\\\/ladybird-oniria-lb125aj1\\\/#primaryimage\"},\"thumbnailUrl\":\"https:\\\/\\\/www.koonings.com\\\/wp-content\\\/uploads\\\/2024\\\/11\\\/40720_d1cce6abbf496366e8f852aeb9615f0d4174a27cda6cf1da77f4e0a414f2b0e0717f7d56-scaled.jpeg\",\"datePublished\":\"2025-12-14T23:34:51+00:00\",\"dateModified\":\"2026-02-03T17:41:29+00:00\",\"description\":\"Le corsage de ce mod\u00e8le en tulle pr\u00e9sente un d\u00e9collet\u00e9 en V avec des broderies de dentelle et de perles. Il est r\u00e9glable sous la poitrine gr\u00e2ce \u00e0 deux fines bretelles, simulant une ceinture classique. Le dos est d\u00e9cor\u00e9 d'une encolure en V. Compl\u00e9tez le look avec un simple bandeau pour une touche de fra\u00eecheur.\",\"breadcrumb\":{\"@id\":\"https:\\\/\\\/www.koonings.com\\\/fr\\\/product\\\/ladybird-oniria-lb125aj1\\\/#breadcrumb\"},\"inLanguage\":\"fr-FR\",\"potentialAction\":[{\"@type\":\"ReadAction\",\"target\":[\"https:\\\/\\\/www.koonings.com\\\/fr\\\/product\\\/ladybird-oniria-lb125aj1\\\/\"]}]},{\"@type\":\"ImageObject\",\"inLanguage\":\"fr-FR\",\"@id\":\"https:\\\/\\\/www.koonings.com\\\/fr\\\/product\\\/ladybird-oniria-lb125aj1\\\/#primaryimage\",\"url\":\"https:\\\/\\\/www.koonings.com\\\/wp-content\\\/uploads\\\/2024\\\/11\\\/40720_d1cce6abbf496366e8f852aeb9615f0d4174a27cda6cf1da77f4e0a414f2b0e0717f7d56-scaled.jpeg\",\"contentUrl\":\"https:\\\/\\\/www.koonings.com\\\/wp-content\\\/uploads\\\/2024\\\/11\\\/40720_d1cce6abbf496366e8f852aeb9615f0d4174a27cda6cf1da77f4e0a414f2b0e0717f7d56-scaled.jpeg\",\"width\":1811,\"height\":2560},{\"@type\":\"BreadcrumbList\",\"@id\":\"https:\\\/\\\/www.koonings.com\\\/fr\\\/product\\\/ladybird-oniria-lb125aj1\\\/#breadcrumb\",\"itemListElement\":[{\"@type\":\"ListItem\",\"position\":1,\"name\":\"Home\",\"item\":\"https:\\\/\\\/www.koonings.com\\\/fr\\\/\"},{\"@type\":\"ListItem\",\"position\":2,\"name\":\"Ladybird Oniria LB125AJ1\"}]},{\"@type\":\"WebSite\",\"@id\":\"https:\\\/\\\/www.koonings.com\\\/fr\\\/#website\",\"url\":\"https:\\\/\\\/www.koonings.com\\\/fr\\\/\",\"name\":\"Koonings\",\"description\":\"De grootste bruidsmodewinkel ter wereld\",\"publisher\":{\"@id\":\"https:\\\/\\\/www.koonings.com\\\/fr\\\/#organization\"},\"potentialAction\":[{\"@type\":\"SearchAction\",\"target\":{\"@type\":\"EntryPoint\",\"urlTemplate\":\"https:\\\/\\\/www.koonings.com\\\/fr\\\/?s={search_term_string}\"},\"query-input\":{\"@type\":\"PropertyValueSpecification\",\"valueRequired\":true,\"valueName\":\"search_term_string\"}}],\"inLanguage\":\"fr-FR\"},{\"@type\":\"Organization\",\"@id\":\"https:\\\/\\\/www.koonings.com\\\/fr\\\/#organization\",\"name\":\"Koonings\",\"url\":\"https:\\\/\\\/www.koonings.com\\\/fr\\\/\",\"logo\":{\"@type\":\"ImageObject\",\"inLanguage\":\"fr-FR\",\"@id\":\"https:\\\/\\\/www.koonings.com\\\/fr\\\/#\\\/schema\\\/logo\\\/image\\\/\",\"url\":\"https:\\\/\\\/www.koonings.com\\\/wp-content\\\/uploads\\\/2024\\\/07\\\/logo.png\",\"contentUrl\":\"https:\\\/\\\/www.koonings.com\\\/wp-content\\\/uploads\\\/2024\\\/07\\\/logo.png\",\"width\":600,\"height\":428,\"caption\":\"Koonings\"},\"image\":{\"@id\":\"https:\\\/\\\/www.koonings.com\\\/fr\\\/#\\\/schema\\\/logo\\\/image\\\/\"},\"sameAs\":[\"https:\\\/\\\/www.facebook.com\\\/kooningstheweddingpalace\",\"https:\\\/\\\/www.instagram.com\\\/kooningstheweddingpalace\",\"https:\\\/\\\/www.pinterest.com\\\/koonings\",\"https:\\\/\\\/www.youtube.com\\\/kooningstheweddingpalace\"]}]}<\/script>\n<!-- \/ Yoast SEO plugin. -->","yoast_head_json":{"title":"Ladybird Oniria LB125AJ1 | Koonings","description":"Le corsage de ce mod\u00e8le en tulle pr\u00e9sente un d\u00e9collet\u00e9 en V avec des broderies de dentelle et de perles. Il est r\u00e9glable sous la poitrine gr\u00e2ce \u00e0 deux fines bretelles, simulant une ceinture classique. Le dos est d\u00e9cor\u00e9 d'une encolure en V. Compl\u00e9tez le look avec un simple bandeau pour une touche de fra\u00eecheur.","robots":{"index":"index","follow":"follow","max-snippet":"max-snippet:-1","max-image-preview":"max-image-preview:large","max-video-preview":"max-video-preview:-1"},"canonical":"https:\/\/www.koonings.com\/fr\/product\/ladybird-oniria-lb125aj1\/","og_locale":"fr_FR","og_type":"article","og_title":"Ladybird Oniria LB125AJ1 | Koonings","og_description":"Le corsage de ce mod\u00e8le en tulle pr\u00e9sente un d\u00e9collet\u00e9 en V avec des broderies de dentelle et de perles. Il est r\u00e9glable sous la poitrine gr\u00e2ce \u00e0 deux fines bretelles, simulant une ceinture classique. Le dos est d\u00e9cor\u00e9 d'une encolure en V. Compl\u00e9tez le look avec un simple bandeau pour une touche de fra\u00eecheur.","og_url":"https:\/\/www.koonings.com\/fr\/product\/ladybird-oniria-lb125aj1\/","og_site_name":"Koonings","article_publisher":"https:\/\/www.facebook.com\/kooningstheweddingpalace","article_modified_time":"2026-02-03T17:41:29+00:00","og_image":[{"width":1811,"height":2560,"url":"https:\/\/www.koonings.com\/wp-content\/uploads\/2024\/11\/40720_d1cce6abbf496366e8f852aeb9615f0d4174a27cda6cf1da77f4e0a414f2b0e0717f7d56-scaled.jpeg","type":"image\/jpeg"}],"twitter_card":"summary_large_image","schema":{"@context":"https:\/\/schema.org","@graph":[{"@type":"WebPage","@id":"https:\/\/www.koonings.com\/fr\/product\/ladybird-oniria-lb125aj1\/","url":"https:\/\/www.koonings.com\/fr\/product\/ladybird-oniria-lb125aj1\/","name":"Ladybird Oniria LB125AJ1 | Koonings","isPartOf":{"@id":"https:\/\/www.koonings.com\/fr\/#website"},"primaryImageOfPage":{"@id":"https:\/\/www.koonings.com\/fr\/product\/ladybird-oniria-lb125aj1\/#primaryimage"},"image":{"@id":"https:\/\/www.koonings.com\/fr\/product\/ladybird-oniria-lb125aj1\/#primaryimage"},"thumbnailUrl":"https:\/\/www.koonings.com\/wp-content\/uploads\/2024\/11\/40720_d1cce6abbf496366e8f852aeb9615f0d4174a27cda6cf1da77f4e0a414f2b0e0717f7d56-scaled.jpeg","datePublished":"2025-12-14T23:34:51+00:00","dateModified":"2026-02-03T17:41:29+00:00","description":"Le corsage de ce mod\u00e8le en tulle pr\u00e9sente un d\u00e9collet\u00e9 en V avec des broderies de dentelle et de perles. Il est r\u00e9glable sous la poitrine gr\u00e2ce \u00e0 deux fines bretelles, simulant une ceinture classique. Le dos est d\u00e9cor\u00e9 d'une encolure en V. Compl\u00e9tez le look avec un simple bandeau pour une touche de fra\u00eecheur.","breadcrumb":{"@id":"https:\/\/www.koonings.com\/fr\/product\/ladybird-oniria-lb125aj1\/#breadcrumb"},"inLanguage":"fr-FR","potentialAction":[{"@type":"ReadAction","target":["https:\/\/www.koonings.com\/fr\/product\/ladybird-oniria-lb125aj1\/"]}]},{"@type":"ImageObject","inLanguage":"fr-FR","@id":"https:\/\/www.koonings.com\/fr\/product\/ladybird-oniria-lb125aj1\/#primaryimage","url":"https:\/\/www.koonings.com\/wp-content\/uploads\/2024\/11\/40720_d1cce6abbf496366e8f852aeb9615f0d4174a27cda6cf1da77f4e0a414f2b0e0717f7d56-scaled.jpeg","contentUrl":"https:\/\/www.koonings.com\/wp-content\/uploads\/2024\/11\/40720_d1cce6abbf496366e8f852aeb9615f0d4174a27cda6cf1da77f4e0a414f2b0e0717f7d56-scaled.jpeg","width":1811,"height":2560},{"@type":"BreadcrumbList","@id":"https:\/\/www.koonings.com\/fr\/product\/ladybird-oniria-lb125aj1\/#breadcrumb","itemListElement":[{"@type":"ListItem","position":1,"name":"Home","item":"https:\/\/www.koonings.com\/fr\/"},{"@type":"ListItem","position":2,"name":"Ladybird Oniria LB125AJ1"}]},{"@type":"WebSite","@id":"https:\/\/www.koonings.com\/fr\/#website","url":"https:\/\/www.koonings.com\/fr\/","name":"Koonings","description":"De grootste bruidsmodewinkel ter wereld","publisher":{"@id":"https:\/\/www.koonings.com\/fr\/#organization"},"potentialAction":[{"@type":"SearchAction","target":{"@type":"EntryPoint","urlTemplate":"https:\/\/www.koonings.com\/fr\/?s={search_term_string}"},"query-input":{"@type":"PropertyValueSpecification","valueRequired":true,"valueName":"search_term_string"}}],"inLanguage":"fr-FR"},{"@type":"Organization","@id":"https:\/\/www.koonings.com\/fr\/#organization","name":"Koonings","url":"https:\/\/www.koonings.com\/fr\/","logo":{"@type":"ImageObject","inLanguage":"fr-FR","@id":"https:\/\/www.koonings.com\/fr\/#\/schema\/logo\/image\/","url":"https:\/\/www.koonings.com\/wp-content\/uploads\/2024\/07\/logo.png","contentUrl":"https:\/\/www.koonings.com\/wp-content\/uploads\/2024\/07\/logo.png","width":600,"height":428,"caption":"Koonings"},"image":{"@id":"https:\/\/www.koonings.com\/fr\/#\/schema\/logo\/image\/"},"sameAs":["https:\/\/www.facebook.com\/kooningstheweddingpalace","https:\/\/www.instagram.com\/kooningstheweddingpalace","https:\/\/www.pinterest.com\/koonings","https:\/\/www.youtube.com\/kooningstheweddingpalace"]}]}},"_links":{"self":[{"href":"https:\/\/www.koonings.com\/fr\/wp-json\/wp\/v2\/product\/58441","targetHints":{"allow":["GET"]}}],"collection":[{"href":"https:\/\/www.koonings.com\/fr\/wp-json\/wp\/v2\/product"}],"about":[{"href":"https:\/\/www.koonings.com\/fr\/wp-json\/wp\/v2\/types\/product"}],"wp:featuredmedia":[{"embeddable":true,"href":"https:\/\/www.koonings.com\/fr\/wp-json\/wp\/v2\/media\/46310"}],"wp:attachment":[{"href":"https:\/\/www.koonings.com\/fr\/wp-json\/wp\/v2\/media?parent=58441"}],"wp:term":[{"taxonomy":"productdetails","embeddable":true,"href":"https:\/\/www.koonings.com\/fr\/wp-json\/wp\/v2\/productdetails?post=58441"},{"taxonomy":"productneck","embeddable":true,"href":"https:\/\/www.koonings.com\/fr\/wp-json\/wp\/v2\/productneck?post=58441"},{"taxonomy":"productcolor","embeddable":true,"href":"https:\/\/www.koonings.com\/fr\/wp-json\/wp\/v2\/productcolor?post=58441"},{"taxonomy":"maat","embeddable":true,"href":"https:\/\/www.koonings.com\/fr\/wp-json\/wp\/v2\/maat?post=58441"},{"taxonomy":"productsupplier","embeddable":true,"href":"https:\/\/www.koonings.com\/fr\/wp-json\/wp\/v2\/productsupplier?post=58441"},{"taxonomy":"productsleeve","embeddable":true,"href":"https:\/\/www.koonings.com\/fr\/wp-json\/wp\/v2\/productsleeve?post=58441"},{"taxonomy":"productcategory","embeddable":true,"href":"https:\/\/www.koonings.com\/fr\/wp-json\/wp\/v2\/productcategory?post=58441"},{"taxonomy":"productsilhouette","embeddable":true,"href":"https:\/\/www.koonings.com\/fr\/wp-json\/wp\/v2\/productsilhouette?post=58441"},{"taxonomy":"productstyle","embeddable":true,"href":"https:\/\/www.koonings.com\/fr\/wp-json\/wp\/v2\/productstyle?post=58441"}],"curies":[{"name":"wp","href":"https:\/\/api.w.org\/{rel}","templated":true}]}}