{"id":58398,"date":"2026-04-14T16:16:38","date_gmt":"2026-04-14T14:16:38","guid":{"rendered":"https:\/\/www.koonings.com\/product\/cosmobella-8158\/"},"modified":"2025-06-05T12:45:01","modified_gmt":"2025-06-05T10:45:01","slug":"cosmobella-8158","status":"publish","type":"product","link":"https:\/\/www.koonings.com\/fr\/product\/cosmobella-8158\/","title":{"rendered":"Cosmobella 8158"},"content":{"rendered":"<p>La beaut\u00e9 f\u00e9minine et classique rayonne dans le style 8158. Une magnifique dentelle fantaisiste embellit son corsage \u00e0 encolure en V, ses manches longues et son s\u00e9duisant dos \u00e9chancr\u00e9. Une fente au niveau des cuisses sur la luxueuse jupe en ligne A ajoute la touche sexy parfaite.  <\/p>\n","protected":false},"featured_media":42897,"template":"","meta":{"_acf_changed":false,"ghostkit_customizer_options":"","ghostkit_custom_css":"","ghostkit_custom_js_head":"","ghostkit_custom_js_foot":"","ghostkit_typography":""},"productdetails":[376,383,378],"productneck":[356],"productcolor":[392],"maat":[],"productsupplier":[400],"productsleeve":[362],"productcategory":[18],"productsilhouette":[389],"productstyle":[369],"class_list":["post-58398","product","type-product","status-publish","has-post-thumbnail","hentry","productdetails-376","productdetails-383","productdetails-378","productneck-356","productcolor-392","productsupplier-cosmobella","productsleeve-362","productcategory-trouwjurken","productsilhouette-389","productstyle-369"],"acf":[],"yoast_head":"<!-- This site is optimized with the Yoast SEO plugin v27.3 - https:\/\/yoast.com\/product\/yoast-seo-wordpress\/ -->\n<title>Cosmobella 8158 | Koonings<\/title>\n<meta name=\"description\" content=\"La beaut\u00e9 f\u00e9minine et classique rayonne dans le style 8158. Une magnifique dentelle fantaisiste embellit son corsage \u00e0 encolure en V, ses manches longues et son s\u00e9duisant dos \u00e9chancr\u00e9. Une fente au niveau des cuisses sur la luxueuse jupe en ligne A ajoute la touche sexy parfaite.\" \/>\n<meta name=\"robots\" content=\"index, follow, max-snippet:-1, max-image-preview:large, max-video-preview:-1\" \/>\n<link rel=\"canonical\" href=\"https:\/\/www.koonings.com\/fr\/product\/cosmobella-8158\/\" \/>\n<meta property=\"og:locale\" content=\"fr_FR\" \/>\n<meta property=\"og:type\" content=\"article\" \/>\n<meta property=\"og:title\" content=\"Cosmobella 8158 | Koonings\" \/>\n<meta property=\"og:description\" content=\"La beaut\u00e9 f\u00e9minine et classique rayonne dans le style 8158. Une magnifique dentelle fantaisiste embellit son corsage \u00e0 encolure en V, ses manches longues et son s\u00e9duisant dos \u00e9chancr\u00e9. Une fente au niveau des cuisses sur la luxueuse jupe en ligne A ajoute la touche sexy parfaite.\" \/>\n<meta property=\"og:url\" content=\"https:\/\/www.koonings.com\/fr\/product\/cosmobella-8158\/\" \/>\n<meta property=\"og:site_name\" content=\"Koonings\" \/>\n<meta property=\"article:publisher\" content=\"https:\/\/www.facebook.com\/kooningstheweddingpalace\" \/>\n<meta property=\"og:image\" content=\"https:\/\/www.koonings.com\/wp-content\/uploads\/2024\/11\/39811_fc532922abc91fd7a497dc026358403cbf93b6f2c6a755eb1871ac34095c158e728f066c-scaled.jpeg\" \/>\n\t<meta property=\"og:image:width\" content=\"1810\" \/>\n\t<meta property=\"og:image:height\" content=\"2560\" \/>\n\t<meta property=\"og:image:type\" content=\"image\/jpeg\" \/>\n<meta name=\"twitter:card\" content=\"summary_large_image\" \/>\n<script type=\"application\/ld+json\" class=\"yoast-schema-graph\">{\"@context\":\"https:\\\/\\\/schema.org\",\"@graph\":[{\"@type\":\"WebPage\",\"@id\":\"https:\\\/\\\/www.koonings.com\\\/fr\\\/product\\\/cosmobella-8158\\\/\",\"url\":\"https:\\\/\\\/www.koonings.com\\\/fr\\\/product\\\/cosmobella-8158\\\/\",\"name\":\"Cosmobella 8158 | Koonings\",\"isPartOf\":{\"@id\":\"https:\\\/\\\/www.koonings.com\\\/fr\\\/#website\"},\"primaryImageOfPage\":{\"@id\":\"https:\\\/\\\/www.koonings.com\\\/fr\\\/product\\\/cosmobella-8158\\\/#primaryimage\"},\"image\":{\"@id\":\"https:\\\/\\\/www.koonings.com\\\/fr\\\/product\\\/cosmobella-8158\\\/#primaryimage\"},\"thumbnailUrl\":\"https:\\\/\\\/www.koonings.com\\\/wp-content\\\/uploads\\\/2024\\\/11\\\/39811_fc532922abc91fd7a497dc026358403cbf93b6f2c6a755eb1871ac34095c158e728f066c-scaled.jpeg\",\"datePublished\":\"2026-04-14T14:16:38+00:00\",\"description\":\"La beaut\u00e9 f\u00e9minine et classique rayonne dans le style 8158. Une magnifique dentelle fantaisiste embellit son corsage \u00e0 encolure en V, ses manches longues et son s\u00e9duisant dos \u00e9chancr\u00e9. Une fente au niveau des cuisses sur la luxueuse jupe en ligne A ajoute la touche sexy parfaite.\",\"breadcrumb\":{\"@id\":\"https:\\\/\\\/www.koonings.com\\\/fr\\\/product\\\/cosmobella-8158\\\/#breadcrumb\"},\"inLanguage\":\"fr-FR\",\"potentialAction\":[{\"@type\":\"ReadAction\",\"target\":[\"https:\\\/\\\/www.koonings.com\\\/fr\\\/product\\\/cosmobella-8158\\\/\"]}]},{\"@type\":\"ImageObject\",\"inLanguage\":\"fr-FR\",\"@id\":\"https:\\\/\\\/www.koonings.com\\\/fr\\\/product\\\/cosmobella-8158\\\/#primaryimage\",\"url\":\"https:\\\/\\\/www.koonings.com\\\/wp-content\\\/uploads\\\/2024\\\/11\\\/39811_fc532922abc91fd7a497dc026358403cbf93b6f2c6a755eb1871ac34095c158e728f066c-scaled.jpeg\",\"contentUrl\":\"https:\\\/\\\/www.koonings.com\\\/wp-content\\\/uploads\\\/2024\\\/11\\\/39811_fc532922abc91fd7a497dc026358403cbf93b6f2c6a755eb1871ac34095c158e728f066c-scaled.jpeg\",\"width\":1810,\"height\":2560},{\"@type\":\"BreadcrumbList\",\"@id\":\"https:\\\/\\\/www.koonings.com\\\/fr\\\/product\\\/cosmobella-8158\\\/#breadcrumb\",\"itemListElement\":[{\"@type\":\"ListItem\",\"position\":1,\"name\":\"Home\",\"item\":\"https:\\\/\\\/www.koonings.com\\\/fr\\\/\"},{\"@type\":\"ListItem\",\"position\":2,\"name\":\"Cosmobella 8158\"}]},{\"@type\":\"WebSite\",\"@id\":\"https:\\\/\\\/www.koonings.com\\\/fr\\\/#website\",\"url\":\"https:\\\/\\\/www.koonings.com\\\/fr\\\/\",\"name\":\"Koonings\",\"description\":\"De grootste bruidsmodewinkel ter wereld\",\"publisher\":{\"@id\":\"https:\\\/\\\/www.koonings.com\\\/fr\\\/#organization\"},\"potentialAction\":[{\"@type\":\"SearchAction\",\"target\":{\"@type\":\"EntryPoint\",\"urlTemplate\":\"https:\\\/\\\/www.koonings.com\\\/fr\\\/?s={search_term_string}\"},\"query-input\":{\"@type\":\"PropertyValueSpecification\",\"valueRequired\":true,\"valueName\":\"search_term_string\"}}],\"inLanguage\":\"fr-FR\"},{\"@type\":\"Organization\",\"@id\":\"https:\\\/\\\/www.koonings.com\\\/fr\\\/#organization\",\"name\":\"Koonings\",\"url\":\"https:\\\/\\\/www.koonings.com\\\/fr\\\/\",\"logo\":{\"@type\":\"ImageObject\",\"inLanguage\":\"fr-FR\",\"@id\":\"https:\\\/\\\/www.koonings.com\\\/fr\\\/#\\\/schema\\\/logo\\\/image\\\/\",\"url\":\"https:\\\/\\\/www.koonings.com\\\/wp-content\\\/uploads\\\/2024\\\/07\\\/logo.png\",\"contentUrl\":\"https:\\\/\\\/www.koonings.com\\\/wp-content\\\/uploads\\\/2024\\\/07\\\/logo.png\",\"width\":600,\"height\":428,\"caption\":\"Koonings\"},\"image\":{\"@id\":\"https:\\\/\\\/www.koonings.com\\\/fr\\\/#\\\/schema\\\/logo\\\/image\\\/\"},\"sameAs\":[\"https:\\\/\\\/www.facebook.com\\\/kooningstheweddingpalace\",\"https:\\\/\\\/www.instagram.com\\\/kooningstheweddingpalace\",\"https:\\\/\\\/www.pinterest.com\\\/koonings\",\"https:\\\/\\\/www.youtube.com\\\/kooningstheweddingpalace\"]}]}<\/script>\n<!-- \/ Yoast SEO plugin. -->","yoast_head_json":{"title":"Cosmobella 8158 | Koonings","description":"La beaut\u00e9 f\u00e9minine et classique rayonne dans le style 8158. Une magnifique dentelle fantaisiste embellit son corsage \u00e0 encolure en V, ses manches longues et son s\u00e9duisant dos \u00e9chancr\u00e9. Une fente au niveau des cuisses sur la luxueuse jupe en ligne A ajoute la touche sexy parfaite.","robots":{"index":"index","follow":"follow","max-snippet":"max-snippet:-1","max-image-preview":"max-image-preview:large","max-video-preview":"max-video-preview:-1"},"canonical":"https:\/\/www.koonings.com\/fr\/product\/cosmobella-8158\/","og_locale":"fr_FR","og_type":"article","og_title":"Cosmobella 8158 | Koonings","og_description":"La beaut\u00e9 f\u00e9minine et classique rayonne dans le style 8158. Une magnifique dentelle fantaisiste embellit son corsage \u00e0 encolure en V, ses manches longues et son s\u00e9duisant dos \u00e9chancr\u00e9. Une fente au niveau des cuisses sur la luxueuse jupe en ligne A ajoute la touche sexy parfaite.","og_url":"https:\/\/www.koonings.com\/fr\/product\/cosmobella-8158\/","og_site_name":"Koonings","article_publisher":"https:\/\/www.facebook.com\/kooningstheweddingpalace","og_image":[{"width":1810,"height":2560,"url":"https:\/\/www.koonings.com\/wp-content\/uploads\/2024\/11\/39811_fc532922abc91fd7a497dc026358403cbf93b6f2c6a755eb1871ac34095c158e728f066c-scaled.jpeg","type":"image\/jpeg"}],"twitter_card":"summary_large_image","schema":{"@context":"https:\/\/schema.org","@graph":[{"@type":"WebPage","@id":"https:\/\/www.koonings.com\/fr\/product\/cosmobella-8158\/","url":"https:\/\/www.koonings.com\/fr\/product\/cosmobella-8158\/","name":"Cosmobella 8158 | Koonings","isPartOf":{"@id":"https:\/\/www.koonings.com\/fr\/#website"},"primaryImageOfPage":{"@id":"https:\/\/www.koonings.com\/fr\/product\/cosmobella-8158\/#primaryimage"},"image":{"@id":"https:\/\/www.koonings.com\/fr\/product\/cosmobella-8158\/#primaryimage"},"thumbnailUrl":"https:\/\/www.koonings.com\/wp-content\/uploads\/2024\/11\/39811_fc532922abc91fd7a497dc026358403cbf93b6f2c6a755eb1871ac34095c158e728f066c-scaled.jpeg","datePublished":"2026-04-14T14:16:38+00:00","description":"La beaut\u00e9 f\u00e9minine et classique rayonne dans le style 8158. Une magnifique dentelle fantaisiste embellit son corsage \u00e0 encolure en V, ses manches longues et son s\u00e9duisant dos \u00e9chancr\u00e9. Une fente au niveau des cuisses sur la luxueuse jupe en ligne A ajoute la touche sexy parfaite.","breadcrumb":{"@id":"https:\/\/www.koonings.com\/fr\/product\/cosmobella-8158\/#breadcrumb"},"inLanguage":"fr-FR","potentialAction":[{"@type":"ReadAction","target":["https:\/\/www.koonings.com\/fr\/product\/cosmobella-8158\/"]}]},{"@type":"ImageObject","inLanguage":"fr-FR","@id":"https:\/\/www.koonings.com\/fr\/product\/cosmobella-8158\/#primaryimage","url":"https:\/\/www.koonings.com\/wp-content\/uploads\/2024\/11\/39811_fc532922abc91fd7a497dc026358403cbf93b6f2c6a755eb1871ac34095c158e728f066c-scaled.jpeg","contentUrl":"https:\/\/www.koonings.com\/wp-content\/uploads\/2024\/11\/39811_fc532922abc91fd7a497dc026358403cbf93b6f2c6a755eb1871ac34095c158e728f066c-scaled.jpeg","width":1810,"height":2560},{"@type":"BreadcrumbList","@id":"https:\/\/www.koonings.com\/fr\/product\/cosmobella-8158\/#breadcrumb","itemListElement":[{"@type":"ListItem","position":1,"name":"Home","item":"https:\/\/www.koonings.com\/fr\/"},{"@type":"ListItem","position":2,"name":"Cosmobella 8158"}]},{"@type":"WebSite","@id":"https:\/\/www.koonings.com\/fr\/#website","url":"https:\/\/www.koonings.com\/fr\/","name":"Koonings","description":"De grootste bruidsmodewinkel ter wereld","publisher":{"@id":"https:\/\/www.koonings.com\/fr\/#organization"},"potentialAction":[{"@type":"SearchAction","target":{"@type":"EntryPoint","urlTemplate":"https:\/\/www.koonings.com\/fr\/?s={search_term_string}"},"query-input":{"@type":"PropertyValueSpecification","valueRequired":true,"valueName":"search_term_string"}}],"inLanguage":"fr-FR"},{"@type":"Organization","@id":"https:\/\/www.koonings.com\/fr\/#organization","name":"Koonings","url":"https:\/\/www.koonings.com\/fr\/","logo":{"@type":"ImageObject","inLanguage":"fr-FR","@id":"https:\/\/www.koonings.com\/fr\/#\/schema\/logo\/image\/","url":"https:\/\/www.koonings.com\/wp-content\/uploads\/2024\/07\/logo.png","contentUrl":"https:\/\/www.koonings.com\/wp-content\/uploads\/2024\/07\/logo.png","width":600,"height":428,"caption":"Koonings"},"image":{"@id":"https:\/\/www.koonings.com\/fr\/#\/schema\/logo\/image\/"},"sameAs":["https:\/\/www.facebook.com\/kooningstheweddingpalace","https:\/\/www.instagram.com\/kooningstheweddingpalace","https:\/\/www.pinterest.com\/koonings","https:\/\/www.youtube.com\/kooningstheweddingpalace"]}]}},"_links":{"self":[{"href":"https:\/\/www.koonings.com\/fr\/wp-json\/wp\/v2\/product\/58398","targetHints":{"allow":["GET"]}}],"collection":[{"href":"https:\/\/www.koonings.com\/fr\/wp-json\/wp\/v2\/product"}],"about":[{"href":"https:\/\/www.koonings.com\/fr\/wp-json\/wp\/v2\/types\/product"}],"wp:featuredmedia":[{"embeddable":true,"href":"https:\/\/www.koonings.com\/fr\/wp-json\/wp\/v2\/media\/42897"}],"wp:attachment":[{"href":"https:\/\/www.koonings.com\/fr\/wp-json\/wp\/v2\/media?parent=58398"}],"wp:term":[{"taxonomy":"productdetails","embeddable":true,"href":"https:\/\/www.koonings.com\/fr\/wp-json\/wp\/v2\/productdetails?post=58398"},{"taxonomy":"productneck","embeddable":true,"href":"https:\/\/www.koonings.com\/fr\/wp-json\/wp\/v2\/productneck?post=58398"},{"taxonomy":"productcolor","embeddable":true,"href":"https:\/\/www.koonings.com\/fr\/wp-json\/wp\/v2\/productcolor?post=58398"},{"taxonomy":"maat","embeddable":true,"href":"https:\/\/www.koonings.com\/fr\/wp-json\/wp\/v2\/maat?post=58398"},{"taxonomy":"productsupplier","embeddable":true,"href":"https:\/\/www.koonings.com\/fr\/wp-json\/wp\/v2\/productsupplier?post=58398"},{"taxonomy":"productsleeve","embeddable":true,"href":"https:\/\/www.koonings.com\/fr\/wp-json\/wp\/v2\/productsleeve?post=58398"},{"taxonomy":"productcategory","embeddable":true,"href":"https:\/\/www.koonings.com\/fr\/wp-json\/wp\/v2\/productcategory?post=58398"},{"taxonomy":"productsilhouette","embeddable":true,"href":"https:\/\/www.koonings.com\/fr\/wp-json\/wp\/v2\/productsilhouette?post=58398"},{"taxonomy":"productstyle","embeddable":true,"href":"https:\/\/www.koonings.com\/fr\/wp-json\/wp\/v2\/productstyle?post=58398"}],"curies":[{"name":"wp","href":"https:\/\/api.w.org\/{rel}","templated":true}]}}