{"id":58365,"date":"2026-05-06T15:16:17","date_gmt":"2026-05-06T13:16:17","guid":{"rendered":"https:\/\/www.koonings.com\/product\/cosmobella-8195\/"},"modified":"2025-06-05T12:45:23","modified_gmt":"2025-06-05T10:45:23","slug":"cosmobella-8195","status":"publish","type":"product","link":"https:\/\/www.koonings.com\/fr\/product\/cosmobella-8195\/","title":{"rendered":"Cosmobella 8195"},"content":{"rendered":"<p>Le superbe mod\u00e8le 8195 est l&#8217;incarnation du glamour \u00e9th\u00e9r\u00e9 et romantique. Le tulle chatoyant est rehauss\u00e9 d&#8217;une dentelle perl\u00e9e complexe et les manches capricieuses \u00e0 \u00e9paules d\u00e9couvertes mettent en valeur le corsage s\u00e9duisant \u00e0 l&#8217;encolure en forme de c\u0153ur. Voile V256 assorti (vendu s\u00e9par\u00e9ment).  <\/p>\n","protected":false},"featured_media":43160,"template":"","meta":{"_acf_changed":false,"ghostkit_customizer_options":"","ghostkit_custom_css":"","ghostkit_custom_js_head":"","ghostkit_custom_js_foot":"","ghostkit_typography":""},"productdetails":[377,376,381],"productneck":[355],"productcolor":[393,392],"maat":[],"productsupplier":[400],"productsleeve":[363],"productcategory":[18],"productsilhouette":[384],"productstyle":[369,366],"class_list":["post-58365","product","type-product","status-publish","has-post-thumbnail","hentry","productdetails-377","productdetails-376","productdetails-381","productneck-355","productcolor-393","productcolor-392","productsupplier-cosmobella","productsleeve-363","productcategory-trouwjurken","productsilhouette-384","productstyle-369","productstyle-366"],"acf":[],"yoast_head":"<!-- This site is optimized with the Yoast SEO plugin v27.3 - https:\/\/yoast.com\/product\/yoast-seo-wordpress\/ -->\n<title>Cosmobella 8195 | Koonings<\/title>\n<meta name=\"description\" content=\"Le superbe mod\u00e8le 8195 est l&#039;incarnation du glamour \u00e9th\u00e9r\u00e9 et romantique. Le tulle chatoyant est rehauss\u00e9 d&#039;une dentelle perl\u00e9e complexe et les manches capricieuses \u00e0 \u00e9paules d\u00e9couvertes mettent en valeur le corsage s\u00e9duisant \u00e0 l&#039;encolure en forme de c\u0153ur. Voile V256 assorti (vendu s\u00e9par\u00e9ment).\" \/>\n<meta name=\"robots\" content=\"index, follow, max-snippet:-1, max-image-preview:large, max-video-preview:-1\" \/>\n<link rel=\"canonical\" href=\"https:\/\/www.koonings.com\/fr\/product\/cosmobella-8195\/\" \/>\n<meta property=\"og:locale\" content=\"fr_FR\" \/>\n<meta property=\"og:type\" content=\"article\" \/>\n<meta property=\"og:title\" content=\"Cosmobella 8195 | Koonings\" \/>\n<meta property=\"og:description\" content=\"Le superbe mod\u00e8le 8195 est l&#039;incarnation du glamour \u00e9th\u00e9r\u00e9 et romantique. Le tulle chatoyant est rehauss\u00e9 d&#039;une dentelle perl\u00e9e complexe et les manches capricieuses \u00e0 \u00e9paules d\u00e9couvertes mettent en valeur le corsage s\u00e9duisant \u00e0 l&#039;encolure en forme de c\u0153ur. Voile V256 assorti (vendu s\u00e9par\u00e9ment).\" \/>\n<meta property=\"og:url\" content=\"https:\/\/www.koonings.com\/fr\/product\/cosmobella-8195\/\" \/>\n<meta property=\"og:site_name\" content=\"Koonings\" \/>\n<meta property=\"article:publisher\" content=\"https:\/\/www.facebook.com\/kooningstheweddingpalace\" \/>\n<meta property=\"og:image\" content=\"https:\/\/www.koonings.com\/wp-content\/uploads\/2024\/11\/39829_9d428937d7bd75d82eb699d31dde8febfd3f93ab44e699ca5d10c9149eee3979b8993730-scaled.jpeg\" \/>\n\t<meta property=\"og:image:width\" content=\"1811\" \/>\n\t<meta property=\"og:image:height\" content=\"2560\" \/>\n\t<meta property=\"og:image:type\" content=\"image\/jpeg\" \/>\n<meta name=\"twitter:card\" content=\"summary_large_image\" \/>\n<script type=\"application\/ld+json\" class=\"yoast-schema-graph\">{\"@context\":\"https:\\\/\\\/schema.org\",\"@graph\":[{\"@type\":\"WebPage\",\"@id\":\"https:\\\/\\\/www.koonings.com\\\/fr\\\/product\\\/cosmobella-8195\\\/\",\"url\":\"https:\\\/\\\/www.koonings.com\\\/fr\\\/product\\\/cosmobella-8195\\\/\",\"name\":\"Cosmobella 8195 | Koonings\",\"isPartOf\":{\"@id\":\"https:\\\/\\\/www.koonings.com\\\/fr\\\/#website\"},\"primaryImageOfPage\":{\"@id\":\"https:\\\/\\\/www.koonings.com\\\/fr\\\/product\\\/cosmobella-8195\\\/#primaryimage\"},\"image\":{\"@id\":\"https:\\\/\\\/www.koonings.com\\\/fr\\\/product\\\/cosmobella-8195\\\/#primaryimage\"},\"thumbnailUrl\":\"https:\\\/\\\/www.koonings.com\\\/wp-content\\\/uploads\\\/2024\\\/11\\\/39829_9d428937d7bd75d82eb699d31dde8febfd3f93ab44e699ca5d10c9149eee3979b8993730-scaled.jpeg\",\"datePublished\":\"2026-05-06T13:16:17+00:00\",\"description\":\"Le superbe mod\u00e8le 8195 est l'incarnation du glamour \u00e9th\u00e9r\u00e9 et romantique. Le tulle chatoyant est rehauss\u00e9 d'une dentelle perl\u00e9e complexe et les manches capricieuses \u00e0 \u00e9paules d\u00e9couvertes mettent en valeur le corsage s\u00e9duisant \u00e0 l'encolure en forme de c\u0153ur. Voile V256 assorti (vendu s\u00e9par\u00e9ment).\",\"breadcrumb\":{\"@id\":\"https:\\\/\\\/www.koonings.com\\\/fr\\\/product\\\/cosmobella-8195\\\/#breadcrumb\"},\"inLanguage\":\"fr-FR\",\"potentialAction\":[{\"@type\":\"ReadAction\",\"target\":[\"https:\\\/\\\/www.koonings.com\\\/fr\\\/product\\\/cosmobella-8195\\\/\"]}]},{\"@type\":\"ImageObject\",\"inLanguage\":\"fr-FR\",\"@id\":\"https:\\\/\\\/www.koonings.com\\\/fr\\\/product\\\/cosmobella-8195\\\/#primaryimage\",\"url\":\"https:\\\/\\\/www.koonings.com\\\/wp-content\\\/uploads\\\/2024\\\/11\\\/39829_9d428937d7bd75d82eb699d31dde8febfd3f93ab44e699ca5d10c9149eee3979b8993730-scaled.jpeg\",\"contentUrl\":\"https:\\\/\\\/www.koonings.com\\\/wp-content\\\/uploads\\\/2024\\\/11\\\/39829_9d428937d7bd75d82eb699d31dde8febfd3f93ab44e699ca5d10c9149eee3979b8993730-scaled.jpeg\",\"width\":1811,\"height\":2560},{\"@type\":\"BreadcrumbList\",\"@id\":\"https:\\\/\\\/www.koonings.com\\\/fr\\\/product\\\/cosmobella-8195\\\/#breadcrumb\",\"itemListElement\":[{\"@type\":\"ListItem\",\"position\":1,\"name\":\"Home\",\"item\":\"https:\\\/\\\/www.koonings.com\\\/fr\\\/\"},{\"@type\":\"ListItem\",\"position\":2,\"name\":\"Cosmobella 8195\"}]},{\"@type\":\"WebSite\",\"@id\":\"https:\\\/\\\/www.koonings.com\\\/fr\\\/#website\",\"url\":\"https:\\\/\\\/www.koonings.com\\\/fr\\\/\",\"name\":\"Koonings\",\"description\":\"De grootste bruidsmodewinkel ter wereld\",\"publisher\":{\"@id\":\"https:\\\/\\\/www.koonings.com\\\/fr\\\/#organization\"},\"potentialAction\":[{\"@type\":\"SearchAction\",\"target\":{\"@type\":\"EntryPoint\",\"urlTemplate\":\"https:\\\/\\\/www.koonings.com\\\/fr\\\/?s={search_term_string}\"},\"query-input\":{\"@type\":\"PropertyValueSpecification\",\"valueRequired\":true,\"valueName\":\"search_term_string\"}}],\"inLanguage\":\"fr-FR\"},{\"@type\":\"Organization\",\"@id\":\"https:\\\/\\\/www.koonings.com\\\/fr\\\/#organization\",\"name\":\"Koonings\",\"url\":\"https:\\\/\\\/www.koonings.com\\\/fr\\\/\",\"logo\":{\"@type\":\"ImageObject\",\"inLanguage\":\"fr-FR\",\"@id\":\"https:\\\/\\\/www.koonings.com\\\/fr\\\/#\\\/schema\\\/logo\\\/image\\\/\",\"url\":\"https:\\\/\\\/www.koonings.com\\\/wp-content\\\/uploads\\\/2024\\\/07\\\/logo.png\",\"contentUrl\":\"https:\\\/\\\/www.koonings.com\\\/wp-content\\\/uploads\\\/2024\\\/07\\\/logo.png\",\"width\":600,\"height\":428,\"caption\":\"Koonings\"},\"image\":{\"@id\":\"https:\\\/\\\/www.koonings.com\\\/fr\\\/#\\\/schema\\\/logo\\\/image\\\/\"},\"sameAs\":[\"https:\\\/\\\/www.facebook.com\\\/kooningstheweddingpalace\",\"https:\\\/\\\/www.instagram.com\\\/kooningstheweddingpalace\",\"https:\\\/\\\/www.pinterest.com\\\/koonings\",\"https:\\\/\\\/www.youtube.com\\\/kooningstheweddingpalace\"]}]}<\/script>\n<!-- \/ Yoast SEO plugin. -->","yoast_head_json":{"title":"Cosmobella 8195 | Koonings","description":"Le superbe mod\u00e8le 8195 est l'incarnation du glamour \u00e9th\u00e9r\u00e9 et romantique. Le tulle chatoyant est rehauss\u00e9 d'une dentelle perl\u00e9e complexe et les manches capricieuses \u00e0 \u00e9paules d\u00e9couvertes mettent en valeur le corsage s\u00e9duisant \u00e0 l'encolure en forme de c\u0153ur. Voile V256 assorti (vendu s\u00e9par\u00e9ment).","robots":{"index":"index","follow":"follow","max-snippet":"max-snippet:-1","max-image-preview":"max-image-preview:large","max-video-preview":"max-video-preview:-1"},"canonical":"https:\/\/www.koonings.com\/fr\/product\/cosmobella-8195\/","og_locale":"fr_FR","og_type":"article","og_title":"Cosmobella 8195 | Koonings","og_description":"Le superbe mod\u00e8le 8195 est l'incarnation du glamour \u00e9th\u00e9r\u00e9 et romantique. Le tulle chatoyant est rehauss\u00e9 d'une dentelle perl\u00e9e complexe et les manches capricieuses \u00e0 \u00e9paules d\u00e9couvertes mettent en valeur le corsage s\u00e9duisant \u00e0 l'encolure en forme de c\u0153ur. Voile V256 assorti (vendu s\u00e9par\u00e9ment).","og_url":"https:\/\/www.koonings.com\/fr\/product\/cosmobella-8195\/","og_site_name":"Koonings","article_publisher":"https:\/\/www.facebook.com\/kooningstheweddingpalace","og_image":[{"width":1811,"height":2560,"url":"https:\/\/www.koonings.com\/wp-content\/uploads\/2024\/11\/39829_9d428937d7bd75d82eb699d31dde8febfd3f93ab44e699ca5d10c9149eee3979b8993730-scaled.jpeg","type":"image\/jpeg"}],"twitter_card":"summary_large_image","schema":{"@context":"https:\/\/schema.org","@graph":[{"@type":"WebPage","@id":"https:\/\/www.koonings.com\/fr\/product\/cosmobella-8195\/","url":"https:\/\/www.koonings.com\/fr\/product\/cosmobella-8195\/","name":"Cosmobella 8195 | Koonings","isPartOf":{"@id":"https:\/\/www.koonings.com\/fr\/#website"},"primaryImageOfPage":{"@id":"https:\/\/www.koonings.com\/fr\/product\/cosmobella-8195\/#primaryimage"},"image":{"@id":"https:\/\/www.koonings.com\/fr\/product\/cosmobella-8195\/#primaryimage"},"thumbnailUrl":"https:\/\/www.koonings.com\/wp-content\/uploads\/2024\/11\/39829_9d428937d7bd75d82eb699d31dde8febfd3f93ab44e699ca5d10c9149eee3979b8993730-scaled.jpeg","datePublished":"2026-05-06T13:16:17+00:00","description":"Le superbe mod\u00e8le 8195 est l'incarnation du glamour \u00e9th\u00e9r\u00e9 et romantique. Le tulle chatoyant est rehauss\u00e9 d'une dentelle perl\u00e9e complexe et les manches capricieuses \u00e0 \u00e9paules d\u00e9couvertes mettent en valeur le corsage s\u00e9duisant \u00e0 l'encolure en forme de c\u0153ur. Voile V256 assorti (vendu s\u00e9par\u00e9ment).","breadcrumb":{"@id":"https:\/\/www.koonings.com\/fr\/product\/cosmobella-8195\/#breadcrumb"},"inLanguage":"fr-FR","potentialAction":[{"@type":"ReadAction","target":["https:\/\/www.koonings.com\/fr\/product\/cosmobella-8195\/"]}]},{"@type":"ImageObject","inLanguage":"fr-FR","@id":"https:\/\/www.koonings.com\/fr\/product\/cosmobella-8195\/#primaryimage","url":"https:\/\/www.koonings.com\/wp-content\/uploads\/2024\/11\/39829_9d428937d7bd75d82eb699d31dde8febfd3f93ab44e699ca5d10c9149eee3979b8993730-scaled.jpeg","contentUrl":"https:\/\/www.koonings.com\/wp-content\/uploads\/2024\/11\/39829_9d428937d7bd75d82eb699d31dde8febfd3f93ab44e699ca5d10c9149eee3979b8993730-scaled.jpeg","width":1811,"height":2560},{"@type":"BreadcrumbList","@id":"https:\/\/www.koonings.com\/fr\/product\/cosmobella-8195\/#breadcrumb","itemListElement":[{"@type":"ListItem","position":1,"name":"Home","item":"https:\/\/www.koonings.com\/fr\/"},{"@type":"ListItem","position":2,"name":"Cosmobella 8195"}]},{"@type":"WebSite","@id":"https:\/\/www.koonings.com\/fr\/#website","url":"https:\/\/www.koonings.com\/fr\/","name":"Koonings","description":"De grootste bruidsmodewinkel ter wereld","publisher":{"@id":"https:\/\/www.koonings.com\/fr\/#organization"},"potentialAction":[{"@type":"SearchAction","target":{"@type":"EntryPoint","urlTemplate":"https:\/\/www.koonings.com\/fr\/?s={search_term_string}"},"query-input":{"@type":"PropertyValueSpecification","valueRequired":true,"valueName":"search_term_string"}}],"inLanguage":"fr-FR"},{"@type":"Organization","@id":"https:\/\/www.koonings.com\/fr\/#organization","name":"Koonings","url":"https:\/\/www.koonings.com\/fr\/","logo":{"@type":"ImageObject","inLanguage":"fr-FR","@id":"https:\/\/www.koonings.com\/fr\/#\/schema\/logo\/image\/","url":"https:\/\/www.koonings.com\/wp-content\/uploads\/2024\/07\/logo.png","contentUrl":"https:\/\/www.koonings.com\/wp-content\/uploads\/2024\/07\/logo.png","width":600,"height":428,"caption":"Koonings"},"image":{"@id":"https:\/\/www.koonings.com\/fr\/#\/schema\/logo\/image\/"},"sameAs":["https:\/\/www.facebook.com\/kooningstheweddingpalace","https:\/\/www.instagram.com\/kooningstheweddingpalace","https:\/\/www.pinterest.com\/koonings","https:\/\/www.youtube.com\/kooningstheweddingpalace"]}]}},"_links":{"self":[{"href":"https:\/\/www.koonings.com\/fr\/wp-json\/wp\/v2\/product\/58365","targetHints":{"allow":["GET"]}}],"collection":[{"href":"https:\/\/www.koonings.com\/fr\/wp-json\/wp\/v2\/product"}],"about":[{"href":"https:\/\/www.koonings.com\/fr\/wp-json\/wp\/v2\/types\/product"}],"wp:featuredmedia":[{"embeddable":true,"href":"https:\/\/www.koonings.com\/fr\/wp-json\/wp\/v2\/media\/43160"}],"wp:attachment":[{"href":"https:\/\/www.koonings.com\/fr\/wp-json\/wp\/v2\/media?parent=58365"}],"wp:term":[{"taxonomy":"productdetails","embeddable":true,"href":"https:\/\/www.koonings.com\/fr\/wp-json\/wp\/v2\/productdetails?post=58365"},{"taxonomy":"productneck","embeddable":true,"href":"https:\/\/www.koonings.com\/fr\/wp-json\/wp\/v2\/productneck?post=58365"},{"taxonomy":"productcolor","embeddable":true,"href":"https:\/\/www.koonings.com\/fr\/wp-json\/wp\/v2\/productcolor?post=58365"},{"taxonomy":"maat","embeddable":true,"href":"https:\/\/www.koonings.com\/fr\/wp-json\/wp\/v2\/maat?post=58365"},{"taxonomy":"productsupplier","embeddable":true,"href":"https:\/\/www.koonings.com\/fr\/wp-json\/wp\/v2\/productsupplier?post=58365"},{"taxonomy":"productsleeve","embeddable":true,"href":"https:\/\/www.koonings.com\/fr\/wp-json\/wp\/v2\/productsleeve?post=58365"},{"taxonomy":"productcategory","embeddable":true,"href":"https:\/\/www.koonings.com\/fr\/wp-json\/wp\/v2\/productcategory?post=58365"},{"taxonomy":"productsilhouette","embeddable":true,"href":"https:\/\/www.koonings.com\/fr\/wp-json\/wp\/v2\/productsilhouette?post=58365"},{"taxonomy":"productstyle","embeddable":true,"href":"https:\/\/www.koonings.com\/fr\/wp-json\/wp\/v2\/productstyle?post=58365"}],"curies":[{"name":"wp","href":"https:\/\/api.w.org\/{rel}","templated":true}]}}