{"id":58329,"date":"2026-05-16T20:20:55","date_gmt":"2026-05-16T18:20:55","guid":{"rendered":"https:\/\/www.koonings.com\/product\/martina-liana-ml1715iv11\/"},"modified":"2025-06-05T12:45:37","modified_gmt":"2025-06-05T10:45:37","slug":"martina-liana-ml1715iv11","status":"publish","type":"product","link":"https:\/\/www.koonings.com\/fr\/product\/martina-liana-ml1715iv11\/","title":{"rendered":"Martina Liana ML1715IV11"},"content":{"rendered":"<p>L&#8217;essence de la romance s&#8217;\u00e9panouit dans le style 1715, une robe de mari\u00e9e ligne A avec de la dentelle florale et des d\u00e9tails \u00e9tonnants \u00e0 la pointe de la mode. Un d\u00e9collet\u00e9 sans bretelles en forme de c\u0153ur tombe sur un corsage riche en fleurs 3D et en appliques de dentelle orn\u00e9es de perles. Une superbe ouverture illusion au dos est encadr\u00e9e de dentelle et de boutons intemporels recouverts de tissu qui s&#8217;\u00e9tendent jusqu&#8217;\u00e0 l&#8217;ourlet de la tra\u00eene. \u00c0 partir de la taille, des plis souples se prolongent en une jupe ample de forme A, orn\u00e9e d&#8217;appliques de dentelle dispers\u00e9es. Vous vous sentirez romantique et sophistiqu\u00e9e en descendant l&#8217;all\u00e9e dans cette robe de mari\u00e9e A-line romantique.    <\/p>\n","protected":false},"featured_media":43329,"template":"","meta":{"_acf_changed":false,"ghostkit_customizer_options":"","ghostkit_custom_css":"","ghostkit_custom_js_head":"","ghostkit_custom_js_foot":"","ghostkit_typography":""},"productdetails":[379,378,381],"productneck":[354,356],"productcolor":[392],"maat":[],"productsupplier":[431],"productsleeve":[],"productcategory":[18],"productsilhouette":[389],"productstyle":[366,370],"class_list":["post-58329","product","type-product","status-publish","has-post-thumbnail","hentry","productdetails-379","productdetails-378","productdetails-381","productneck-354","productneck-356","productcolor-392","productsupplier-martina-liana","productcategory-trouwjurken","productsilhouette-389","productstyle-366","productstyle-370"],"acf":[],"yoast_head":"<!-- This site is optimized with the Yoast SEO plugin v27.3 - https:\/\/yoast.com\/product\/yoast-seo-wordpress\/ -->\n<title>Martina Liana ML1715IV11 | Koonings<\/title>\n<meta name=\"description\" content=\"L&#039;essence de la romance s&#039;\u00e9panouit dans le style 1715, une robe de mari\u00e9e ligne A avec de la dentelle florale et des d\u00e9tails \u00e9tonnants \u00e0 la pointe de la mode. Un d\u00e9collet\u00e9 sans bretelles en forme de c\u0153ur tombe sur un corsage riche en fleurs 3D et en appliques de dentelle orn\u00e9es de perles. Une superbe ouverture illusion au dos est encadr\u00e9e de dentelle et de boutons intemporels recouverts de tissu qui s&#039;\u00e9tendent jusqu&#039;\u00e0 l&#039;ourlet de la tra\u00eene. \u00c0 partir de la taille, des plis souples se prolongent en une jupe ample de forme A, orn\u00e9e d&#039;appliques de dentelle dispers\u00e9es. Vous vous sentirez romantique et sophistiqu\u00e9e en descendant l&#039;all\u00e9e dans cette robe de mari\u00e9e A-line romantique.\" \/>\n<meta name=\"robots\" content=\"index, follow, max-snippet:-1, max-image-preview:large, max-video-preview:-1\" \/>\n<link rel=\"canonical\" href=\"https:\/\/www.koonings.com\/fr\/product\/martina-liana-ml1715iv11\/\" \/>\n<meta property=\"og:locale\" content=\"fr_FR\" \/>\n<meta property=\"og:type\" content=\"article\" \/>\n<meta property=\"og:title\" content=\"Martina Liana ML1715IV11 | Koonings\" \/>\n<meta property=\"og:description\" content=\"L&#039;essence de la romance s&#039;\u00e9panouit dans le style 1715, une robe de mari\u00e9e ligne A avec de la dentelle florale et des d\u00e9tails \u00e9tonnants \u00e0 la pointe de la mode. Un d\u00e9collet\u00e9 sans bretelles en forme de c\u0153ur tombe sur un corsage riche en fleurs 3D et en appliques de dentelle orn\u00e9es de perles. Une superbe ouverture illusion au dos est encadr\u00e9e de dentelle et de boutons intemporels recouverts de tissu qui s&#039;\u00e9tendent jusqu&#039;\u00e0 l&#039;ourlet de la tra\u00eene. \u00c0 partir de la taille, des plis souples se prolongent en une jupe ample de forme A, orn\u00e9e d&#039;appliques de dentelle dispers\u00e9es. Vous vous sentirez romantique et sophistiqu\u00e9e en descendant l&#039;all\u00e9e dans cette robe de mari\u00e9e A-line romantique.\" \/>\n<meta property=\"og:url\" content=\"https:\/\/www.koonings.com\/fr\/product\/martina-liana-ml1715iv11\/\" \/>\n<meta property=\"og:site_name\" content=\"Koonings\" \/>\n<meta property=\"article:publisher\" content=\"https:\/\/www.facebook.com\/kooningstheweddingpalace\" \/>\n<meta property=\"og:image\" content=\"https:\/\/www.koonings.com\/wp-content\/uploads\/2024\/11\/39859_1687fb96c6caca54cf8c446a470a4c3eb6abe16bd117483515f4d62a640222c4f9997b26.jpeg\" \/>\n\t<meta property=\"og:image:width\" content=\"958\" \/>\n\t<meta property=\"og:image:height\" content=\"1355\" \/>\n\t<meta property=\"og:image:type\" content=\"image\/jpeg\" \/>\n<meta name=\"twitter:card\" content=\"summary_large_image\" \/>\n<meta name=\"twitter:label1\" content=\"Dur\u00e9e de lecture estim\u00e9e\" \/>\n\t<meta name=\"twitter:data1\" content=\"1 minute\" \/>\n<script type=\"application\/ld+json\" class=\"yoast-schema-graph\">{\"@context\":\"https:\\\/\\\/schema.org\",\"@graph\":[{\"@type\":\"WebPage\",\"@id\":\"https:\\\/\\\/www.koonings.com\\\/fr\\\/product\\\/martina-liana-ml1715iv11\\\/\",\"url\":\"https:\\\/\\\/www.koonings.com\\\/fr\\\/product\\\/martina-liana-ml1715iv11\\\/\",\"name\":\"Martina Liana ML1715IV11 | Koonings\",\"isPartOf\":{\"@id\":\"https:\\\/\\\/www.koonings.com\\\/fr\\\/#website\"},\"primaryImageOfPage\":{\"@id\":\"https:\\\/\\\/www.koonings.com\\\/fr\\\/product\\\/martina-liana-ml1715iv11\\\/#primaryimage\"},\"image\":{\"@id\":\"https:\\\/\\\/www.koonings.com\\\/fr\\\/product\\\/martina-liana-ml1715iv11\\\/#primaryimage\"},\"thumbnailUrl\":\"https:\\\/\\\/www.koonings.com\\\/wp-content\\\/uploads\\\/2024\\\/11\\\/39859_1687fb96c6caca54cf8c446a470a4c3eb6abe16bd117483515f4d62a640222c4f9997b26.jpeg\",\"datePublished\":\"2026-05-16T18:20:55+00:00\",\"description\":\"L'essence de la romance s'\u00e9panouit dans le style 1715, une robe de mari\u00e9e ligne A avec de la dentelle florale et des d\u00e9tails \u00e9tonnants \u00e0 la pointe de la mode. Un d\u00e9collet\u00e9 sans bretelles en forme de c\u0153ur tombe sur un corsage riche en fleurs 3D et en appliques de dentelle orn\u00e9es de perles. Une superbe ouverture illusion au dos est encadr\u00e9e de dentelle et de boutons intemporels recouverts de tissu qui s'\u00e9tendent jusqu'\u00e0 l'ourlet de la tra\u00eene. \u00c0 partir de la taille, des plis souples se prolongent en une jupe ample de forme A, orn\u00e9e d'appliques de dentelle dispers\u00e9es. Vous vous sentirez romantique et sophistiqu\u00e9e en descendant l'all\u00e9e dans cette robe de mari\u00e9e A-line romantique.\",\"breadcrumb\":{\"@id\":\"https:\\\/\\\/www.koonings.com\\\/fr\\\/product\\\/martina-liana-ml1715iv11\\\/#breadcrumb\"},\"inLanguage\":\"fr-FR\",\"potentialAction\":[{\"@type\":\"ReadAction\",\"target\":[\"https:\\\/\\\/www.koonings.com\\\/fr\\\/product\\\/martina-liana-ml1715iv11\\\/\"]}]},{\"@type\":\"ImageObject\",\"inLanguage\":\"fr-FR\",\"@id\":\"https:\\\/\\\/www.koonings.com\\\/fr\\\/product\\\/martina-liana-ml1715iv11\\\/#primaryimage\",\"url\":\"https:\\\/\\\/www.koonings.com\\\/wp-content\\\/uploads\\\/2024\\\/11\\\/39859_1687fb96c6caca54cf8c446a470a4c3eb6abe16bd117483515f4d62a640222c4f9997b26.jpeg\",\"contentUrl\":\"https:\\\/\\\/www.koonings.com\\\/wp-content\\\/uploads\\\/2024\\\/11\\\/39859_1687fb96c6caca54cf8c446a470a4c3eb6abe16bd117483515f4d62a640222c4f9997b26.jpeg\",\"width\":958,\"height\":1355},{\"@type\":\"BreadcrumbList\",\"@id\":\"https:\\\/\\\/www.koonings.com\\\/fr\\\/product\\\/martina-liana-ml1715iv11\\\/#breadcrumb\",\"itemListElement\":[{\"@type\":\"ListItem\",\"position\":1,\"name\":\"Home\",\"item\":\"https:\\\/\\\/www.koonings.com\\\/fr\\\/\"},{\"@type\":\"ListItem\",\"position\":2,\"name\":\"Martina Liana ML1715IV11\"}]},{\"@type\":\"WebSite\",\"@id\":\"https:\\\/\\\/www.koonings.com\\\/fr\\\/#website\",\"url\":\"https:\\\/\\\/www.koonings.com\\\/fr\\\/\",\"name\":\"Koonings\",\"description\":\"De grootste bruidsmodewinkel ter wereld\",\"publisher\":{\"@id\":\"https:\\\/\\\/www.koonings.com\\\/fr\\\/#organization\"},\"potentialAction\":[{\"@type\":\"SearchAction\",\"target\":{\"@type\":\"EntryPoint\",\"urlTemplate\":\"https:\\\/\\\/www.koonings.com\\\/fr\\\/?s={search_term_string}\"},\"query-input\":{\"@type\":\"PropertyValueSpecification\",\"valueRequired\":true,\"valueName\":\"search_term_string\"}}],\"inLanguage\":\"fr-FR\"},{\"@type\":\"Organization\",\"@id\":\"https:\\\/\\\/www.koonings.com\\\/fr\\\/#organization\",\"name\":\"Koonings\",\"url\":\"https:\\\/\\\/www.koonings.com\\\/fr\\\/\",\"logo\":{\"@type\":\"ImageObject\",\"inLanguage\":\"fr-FR\",\"@id\":\"https:\\\/\\\/www.koonings.com\\\/fr\\\/#\\\/schema\\\/logo\\\/image\\\/\",\"url\":\"https:\\\/\\\/www.koonings.com\\\/wp-content\\\/uploads\\\/2024\\\/07\\\/logo.png\",\"contentUrl\":\"https:\\\/\\\/www.koonings.com\\\/wp-content\\\/uploads\\\/2024\\\/07\\\/logo.png\",\"width\":600,\"height\":428,\"caption\":\"Koonings\"},\"image\":{\"@id\":\"https:\\\/\\\/www.koonings.com\\\/fr\\\/#\\\/schema\\\/logo\\\/image\\\/\"},\"sameAs\":[\"https:\\\/\\\/www.facebook.com\\\/kooningstheweddingpalace\",\"https:\\\/\\\/www.instagram.com\\\/kooningstheweddingpalace\",\"https:\\\/\\\/www.pinterest.com\\\/koonings\",\"https:\\\/\\\/www.youtube.com\\\/kooningstheweddingpalace\"]}]}<\/script>\n<!-- \/ Yoast SEO plugin. -->","yoast_head_json":{"title":"Martina Liana ML1715IV11 | Koonings","description":"L'essence de la romance s'\u00e9panouit dans le style 1715, une robe de mari\u00e9e ligne A avec de la dentelle florale et des d\u00e9tails \u00e9tonnants \u00e0 la pointe de la mode. Un d\u00e9collet\u00e9 sans bretelles en forme de c\u0153ur tombe sur un corsage riche en fleurs 3D et en appliques de dentelle orn\u00e9es de perles. Une superbe ouverture illusion au dos est encadr\u00e9e de dentelle et de boutons intemporels recouverts de tissu qui s'\u00e9tendent jusqu'\u00e0 l'ourlet de la tra\u00eene. \u00c0 partir de la taille, des plis souples se prolongent en une jupe ample de forme A, orn\u00e9e d'appliques de dentelle dispers\u00e9es. Vous vous sentirez romantique et sophistiqu\u00e9e en descendant l'all\u00e9e dans cette robe de mari\u00e9e A-line romantique.","robots":{"index":"index","follow":"follow","max-snippet":"max-snippet:-1","max-image-preview":"max-image-preview:large","max-video-preview":"max-video-preview:-1"},"canonical":"https:\/\/www.koonings.com\/fr\/product\/martina-liana-ml1715iv11\/","og_locale":"fr_FR","og_type":"article","og_title":"Martina Liana ML1715IV11 | Koonings","og_description":"L'essence de la romance s'\u00e9panouit dans le style 1715, une robe de mari\u00e9e ligne A avec de la dentelle florale et des d\u00e9tails \u00e9tonnants \u00e0 la pointe de la mode. Un d\u00e9collet\u00e9 sans bretelles en forme de c\u0153ur tombe sur un corsage riche en fleurs 3D et en appliques de dentelle orn\u00e9es de perles. Une superbe ouverture illusion au dos est encadr\u00e9e de dentelle et de boutons intemporels recouverts de tissu qui s'\u00e9tendent jusqu'\u00e0 l'ourlet de la tra\u00eene. \u00c0 partir de la taille, des plis souples se prolongent en une jupe ample de forme A, orn\u00e9e d'appliques de dentelle dispers\u00e9es. Vous vous sentirez romantique et sophistiqu\u00e9e en descendant l'all\u00e9e dans cette robe de mari\u00e9e A-line romantique.","og_url":"https:\/\/www.koonings.com\/fr\/product\/martina-liana-ml1715iv11\/","og_site_name":"Koonings","article_publisher":"https:\/\/www.facebook.com\/kooningstheweddingpalace","og_image":[{"width":958,"height":1355,"url":"https:\/\/www.koonings.com\/wp-content\/uploads\/2024\/11\/39859_1687fb96c6caca54cf8c446a470a4c3eb6abe16bd117483515f4d62a640222c4f9997b26.jpeg","type":"image\/jpeg"}],"twitter_card":"summary_large_image","twitter_misc":{"Dur\u00e9e de lecture estim\u00e9e":"1 minute"},"schema":{"@context":"https:\/\/schema.org","@graph":[{"@type":"WebPage","@id":"https:\/\/www.koonings.com\/fr\/product\/martina-liana-ml1715iv11\/","url":"https:\/\/www.koonings.com\/fr\/product\/martina-liana-ml1715iv11\/","name":"Martina Liana ML1715IV11 | Koonings","isPartOf":{"@id":"https:\/\/www.koonings.com\/fr\/#website"},"primaryImageOfPage":{"@id":"https:\/\/www.koonings.com\/fr\/product\/martina-liana-ml1715iv11\/#primaryimage"},"image":{"@id":"https:\/\/www.koonings.com\/fr\/product\/martina-liana-ml1715iv11\/#primaryimage"},"thumbnailUrl":"https:\/\/www.koonings.com\/wp-content\/uploads\/2024\/11\/39859_1687fb96c6caca54cf8c446a470a4c3eb6abe16bd117483515f4d62a640222c4f9997b26.jpeg","datePublished":"2026-05-16T18:20:55+00:00","description":"L'essence de la romance s'\u00e9panouit dans le style 1715, une robe de mari\u00e9e ligne A avec de la dentelle florale et des d\u00e9tails \u00e9tonnants \u00e0 la pointe de la mode. Un d\u00e9collet\u00e9 sans bretelles en forme de c\u0153ur tombe sur un corsage riche en fleurs 3D et en appliques de dentelle orn\u00e9es de perles. Une superbe ouverture illusion au dos est encadr\u00e9e de dentelle et de boutons intemporels recouverts de tissu qui s'\u00e9tendent jusqu'\u00e0 l'ourlet de la tra\u00eene. \u00c0 partir de la taille, des plis souples se prolongent en une jupe ample de forme A, orn\u00e9e d'appliques de dentelle dispers\u00e9es. Vous vous sentirez romantique et sophistiqu\u00e9e en descendant l'all\u00e9e dans cette robe de mari\u00e9e A-line romantique.","breadcrumb":{"@id":"https:\/\/www.koonings.com\/fr\/product\/martina-liana-ml1715iv11\/#breadcrumb"},"inLanguage":"fr-FR","potentialAction":[{"@type":"ReadAction","target":["https:\/\/www.koonings.com\/fr\/product\/martina-liana-ml1715iv11\/"]}]},{"@type":"ImageObject","inLanguage":"fr-FR","@id":"https:\/\/www.koonings.com\/fr\/product\/martina-liana-ml1715iv11\/#primaryimage","url":"https:\/\/www.koonings.com\/wp-content\/uploads\/2024\/11\/39859_1687fb96c6caca54cf8c446a470a4c3eb6abe16bd117483515f4d62a640222c4f9997b26.jpeg","contentUrl":"https:\/\/www.koonings.com\/wp-content\/uploads\/2024\/11\/39859_1687fb96c6caca54cf8c446a470a4c3eb6abe16bd117483515f4d62a640222c4f9997b26.jpeg","width":958,"height":1355},{"@type":"BreadcrumbList","@id":"https:\/\/www.koonings.com\/fr\/product\/martina-liana-ml1715iv11\/#breadcrumb","itemListElement":[{"@type":"ListItem","position":1,"name":"Home","item":"https:\/\/www.koonings.com\/fr\/"},{"@type":"ListItem","position":2,"name":"Martina Liana ML1715IV11"}]},{"@type":"WebSite","@id":"https:\/\/www.koonings.com\/fr\/#website","url":"https:\/\/www.koonings.com\/fr\/","name":"Koonings","description":"De grootste bruidsmodewinkel ter wereld","publisher":{"@id":"https:\/\/www.koonings.com\/fr\/#organization"},"potentialAction":[{"@type":"SearchAction","target":{"@type":"EntryPoint","urlTemplate":"https:\/\/www.koonings.com\/fr\/?s={search_term_string}"},"query-input":{"@type":"PropertyValueSpecification","valueRequired":true,"valueName":"search_term_string"}}],"inLanguage":"fr-FR"},{"@type":"Organization","@id":"https:\/\/www.koonings.com\/fr\/#organization","name":"Koonings","url":"https:\/\/www.koonings.com\/fr\/","logo":{"@type":"ImageObject","inLanguage":"fr-FR","@id":"https:\/\/www.koonings.com\/fr\/#\/schema\/logo\/image\/","url":"https:\/\/www.koonings.com\/wp-content\/uploads\/2024\/07\/logo.png","contentUrl":"https:\/\/www.koonings.com\/wp-content\/uploads\/2024\/07\/logo.png","width":600,"height":428,"caption":"Koonings"},"image":{"@id":"https:\/\/www.koonings.com\/fr\/#\/schema\/logo\/image\/"},"sameAs":["https:\/\/www.facebook.com\/kooningstheweddingpalace","https:\/\/www.instagram.com\/kooningstheweddingpalace","https:\/\/www.pinterest.com\/koonings","https:\/\/www.youtube.com\/kooningstheweddingpalace"]}]}},"_links":{"self":[{"href":"https:\/\/www.koonings.com\/fr\/wp-json\/wp\/v2\/product\/58329","targetHints":{"allow":["GET"]}}],"collection":[{"href":"https:\/\/www.koonings.com\/fr\/wp-json\/wp\/v2\/product"}],"about":[{"href":"https:\/\/www.koonings.com\/fr\/wp-json\/wp\/v2\/types\/product"}],"wp:featuredmedia":[{"embeddable":true,"href":"https:\/\/www.koonings.com\/fr\/wp-json\/wp\/v2\/media\/43329"}],"wp:attachment":[{"href":"https:\/\/www.koonings.com\/fr\/wp-json\/wp\/v2\/media?parent=58329"}],"wp:term":[{"taxonomy":"productdetails","embeddable":true,"href":"https:\/\/www.koonings.com\/fr\/wp-json\/wp\/v2\/productdetails?post=58329"},{"taxonomy":"productneck","embeddable":true,"href":"https:\/\/www.koonings.com\/fr\/wp-json\/wp\/v2\/productneck?post=58329"},{"taxonomy":"productcolor","embeddable":true,"href":"https:\/\/www.koonings.com\/fr\/wp-json\/wp\/v2\/productcolor?post=58329"},{"taxonomy":"maat","embeddable":true,"href":"https:\/\/www.koonings.com\/fr\/wp-json\/wp\/v2\/maat?post=58329"},{"taxonomy":"productsupplier","embeddable":true,"href":"https:\/\/www.koonings.com\/fr\/wp-json\/wp\/v2\/productsupplier?post=58329"},{"taxonomy":"productsleeve","embeddable":true,"href":"https:\/\/www.koonings.com\/fr\/wp-json\/wp\/v2\/productsleeve?post=58329"},{"taxonomy":"productcategory","embeddable":true,"href":"https:\/\/www.koonings.com\/fr\/wp-json\/wp\/v2\/productcategory?post=58329"},{"taxonomy":"productsilhouette","embeddable":true,"href":"https:\/\/www.koonings.com\/fr\/wp-json\/wp\/v2\/productsilhouette?post=58329"},{"taxonomy":"productstyle","embeddable":true,"href":"https:\/\/www.koonings.com\/fr\/wp-json\/wp\/v2\/productstyle?post=58329"}],"curies":[{"name":"wp","href":"https:\/\/api.w.org\/{rel}","templated":true}]}}