{"id":58277,"date":"2026-04-28T18:16:26","date_gmt":"2026-04-28T16:16:26","guid":{"rendered":"https:\/\/www.koonings.com\/product\/muse-by-berta-24-p01\/"},"modified":"2026-02-16T14:38:44","modified_gmt":"2026-02-16T13:38:44","slug":"muse-by-berta-24-p01","status":"publish","type":"product","link":"https:\/\/www.koonings.com\/fr\/product\/muse-by-berta-24-p01\/","title":{"rendered":"Muse by Berta 24-P01"},"content":{"rendered":"<p>Berta a un style de conception avant-gardiste qui teste constamment les limites du monde de la mode. Ses pi\u00e8ces sont c\u00e9l\u00e8bres et appr\u00e9ci\u00e9es parce qu&#8217;elles sont toujours audacieuses, sexy et modernes, tout en combinant des mat\u00e9riaux vintage et en d\u00e9fendant des racines r\u00e9tro. Vous trouverez cette collection haute-couture dans les salles d&#8217;exposition de Koonings The Wedding Palace.  <\/p>\n","protected":false},"featured_media":43545,"template":"","meta":{"_acf_changed":false,"ghostkit_customizer_options":"","ghostkit_custom_css":"","ghostkit_custom_js_head":"","ghostkit_custom_js_foot":"","ghostkit_typography":""},"productdetails":[379,376],"productneck":[354,356],"productcolor":[393,392],"maat":[],"productsupplier":[399],"productsleeve":[362],"productcategory":[18],"productsilhouette":[390],"productstyle":[367,366],"class_list":["post-58277","product","type-product","status-publish","has-post-thumbnail","hentry","productdetails-379","productdetails-376","productneck-354","productneck-356","productcolor-393","productcolor-392","productsupplier-muse-by-berta","productsleeve-362","productcategory-trouwjurken","productsilhouette-390","productstyle-367","productstyle-366"],"acf":[],"yoast_head":"<!-- This site is optimized with the Yoast SEO plugin v27.3 - https:\/\/yoast.com\/product\/yoast-seo-wordpress\/ -->\n<title>Muse by Berta 24-P01 | Koonings<\/title>\n<meta name=\"description\" content=\"Berta a un style de conception avant-gardiste qui teste constamment les limites du monde de la mode. Ses pi\u00e8ces sont c\u00e9l\u00e8bres et appr\u00e9ci\u00e9es parce qu&#039;elles sont toujours audacieuses, sexy et modernes, tout en combinant des mat\u00e9riaux vintage et en d\u00e9fendant des racines r\u00e9tro. Vous trouverez cette collection haute-couture dans les salles d&#039;exposition de Koonings The Wedding Palace.\" \/>\n<meta name=\"robots\" content=\"index, follow, max-snippet:-1, max-image-preview:large, max-video-preview:-1\" \/>\n<link rel=\"canonical\" href=\"https:\/\/www.koonings.com\/fr\/product\/muse-by-berta-24-p01\/\" \/>\n<meta property=\"og:locale\" content=\"fr_FR\" \/>\n<meta property=\"og:type\" content=\"article\" \/>\n<meta property=\"og:title\" content=\"Muse by Berta 24-P01 | Koonings\" \/>\n<meta property=\"og:description\" content=\"Berta a un style de conception avant-gardiste qui teste constamment les limites du monde de la mode. Ses pi\u00e8ces sont c\u00e9l\u00e8bres et appr\u00e9ci\u00e9es parce qu&#039;elles sont toujours audacieuses, sexy et modernes, tout en combinant des mat\u00e9riaux vintage et en d\u00e9fendant des racines r\u00e9tro. Vous trouverez cette collection haute-couture dans les salles d&#039;exposition de Koonings The Wedding Palace.\" \/>\n<meta property=\"og:url\" content=\"https:\/\/www.koonings.com\/fr\/product\/muse-by-berta-24-p01\/\" \/>\n<meta property=\"og:site_name\" content=\"Koonings\" \/>\n<meta property=\"article:publisher\" content=\"https:\/\/www.facebook.com\/kooningstheweddingpalace\" \/>\n<meta property=\"og:image\" content=\"https:\/\/www.koonings.com\/wp-content\/uploads\/2024\/11\/40084_203919fcc31282486793f353e9e8adc7d2750ae80a56a398e10aeb9638ab9fccaa76a107-scaled.jpeg\" \/>\n\t<meta property=\"og:image:width\" content=\"1853\" \/>\n\t<meta property=\"og:image:height\" content=\"2560\" \/>\n\t<meta property=\"og:image:type\" content=\"image\/jpeg\" \/>\n<meta name=\"twitter:card\" content=\"summary_large_image\" \/>\n<script type=\"application\/ld+json\" class=\"yoast-schema-graph\">{\"@context\":\"https:\\\/\\\/schema.org\",\"@graph\":[{\"@type\":\"WebPage\",\"@id\":\"https:\\\/\\\/www.koonings.com\\\/fr\\\/product\\\/muse-by-berta-24-p01\\\/\",\"url\":\"https:\\\/\\\/www.koonings.com\\\/fr\\\/product\\\/muse-by-berta-24-p01\\\/\",\"name\":\"Muse by Berta 24-P01 | Koonings\",\"isPartOf\":{\"@id\":\"https:\\\/\\\/www.koonings.com\\\/fr\\\/#website\"},\"primaryImageOfPage\":{\"@id\":\"https:\\\/\\\/www.koonings.com\\\/fr\\\/product\\\/muse-by-berta-24-p01\\\/#primaryimage\"},\"image\":{\"@id\":\"https:\\\/\\\/www.koonings.com\\\/fr\\\/product\\\/muse-by-berta-24-p01\\\/#primaryimage\"},\"thumbnailUrl\":\"https:\\\/\\\/www.koonings.com\\\/wp-content\\\/uploads\\\/2024\\\/11\\\/40084_203919fcc31282486793f353e9e8adc7d2750ae80a56a398e10aeb9638ab9fccaa76a107-scaled.jpeg\",\"datePublished\":\"2026-04-28T16:16:26+00:00\",\"description\":\"Berta a un style de conception avant-gardiste qui teste constamment les limites du monde de la mode. Ses pi\u00e8ces sont c\u00e9l\u00e8bres et appr\u00e9ci\u00e9es parce qu'elles sont toujours audacieuses, sexy et modernes, tout en combinant des mat\u00e9riaux vintage et en d\u00e9fendant des racines r\u00e9tro. Vous trouverez cette collection haute-couture dans les salles d'exposition de Koonings The Wedding Palace.\",\"breadcrumb\":{\"@id\":\"https:\\\/\\\/www.koonings.com\\\/fr\\\/product\\\/muse-by-berta-24-p01\\\/#breadcrumb\"},\"inLanguage\":\"fr-FR\",\"potentialAction\":[{\"@type\":\"ReadAction\",\"target\":[\"https:\\\/\\\/www.koonings.com\\\/fr\\\/product\\\/muse-by-berta-24-p01\\\/\"]}]},{\"@type\":\"ImageObject\",\"inLanguage\":\"fr-FR\",\"@id\":\"https:\\\/\\\/www.koonings.com\\\/fr\\\/product\\\/muse-by-berta-24-p01\\\/#primaryimage\",\"url\":\"https:\\\/\\\/www.koonings.com\\\/wp-content\\\/uploads\\\/2024\\\/11\\\/40084_203919fcc31282486793f353e9e8adc7d2750ae80a56a398e10aeb9638ab9fccaa76a107-scaled.jpeg\",\"contentUrl\":\"https:\\\/\\\/www.koonings.com\\\/wp-content\\\/uploads\\\/2024\\\/11\\\/40084_203919fcc31282486793f353e9e8adc7d2750ae80a56a398e10aeb9638ab9fccaa76a107-scaled.jpeg\",\"width\":1853,\"height\":2560},{\"@type\":\"BreadcrumbList\",\"@id\":\"https:\\\/\\\/www.koonings.com\\\/fr\\\/product\\\/muse-by-berta-24-p01\\\/#breadcrumb\",\"itemListElement\":[{\"@type\":\"ListItem\",\"position\":1,\"name\":\"Home\",\"item\":\"https:\\\/\\\/www.koonings.com\\\/fr\\\/\"},{\"@type\":\"ListItem\",\"position\":2,\"name\":\"Muse by Berta 24-P01\"}]},{\"@type\":\"WebSite\",\"@id\":\"https:\\\/\\\/www.koonings.com\\\/fr\\\/#website\",\"url\":\"https:\\\/\\\/www.koonings.com\\\/fr\\\/\",\"name\":\"Koonings\",\"description\":\"De grootste bruidsmodewinkel ter wereld\",\"publisher\":{\"@id\":\"https:\\\/\\\/www.koonings.com\\\/fr\\\/#organization\"},\"potentialAction\":[{\"@type\":\"SearchAction\",\"target\":{\"@type\":\"EntryPoint\",\"urlTemplate\":\"https:\\\/\\\/www.koonings.com\\\/fr\\\/?s={search_term_string}\"},\"query-input\":{\"@type\":\"PropertyValueSpecification\",\"valueRequired\":true,\"valueName\":\"search_term_string\"}}],\"inLanguage\":\"fr-FR\"},{\"@type\":\"Organization\",\"@id\":\"https:\\\/\\\/www.koonings.com\\\/fr\\\/#organization\",\"name\":\"Koonings\",\"url\":\"https:\\\/\\\/www.koonings.com\\\/fr\\\/\",\"logo\":{\"@type\":\"ImageObject\",\"inLanguage\":\"fr-FR\",\"@id\":\"https:\\\/\\\/www.koonings.com\\\/fr\\\/#\\\/schema\\\/logo\\\/image\\\/\",\"url\":\"https:\\\/\\\/www.koonings.com\\\/wp-content\\\/uploads\\\/2024\\\/07\\\/logo.png\",\"contentUrl\":\"https:\\\/\\\/www.koonings.com\\\/wp-content\\\/uploads\\\/2024\\\/07\\\/logo.png\",\"width\":600,\"height\":428,\"caption\":\"Koonings\"},\"image\":{\"@id\":\"https:\\\/\\\/www.koonings.com\\\/fr\\\/#\\\/schema\\\/logo\\\/image\\\/\"},\"sameAs\":[\"https:\\\/\\\/www.facebook.com\\\/kooningstheweddingpalace\",\"https:\\\/\\\/www.instagram.com\\\/kooningstheweddingpalace\",\"https:\\\/\\\/www.pinterest.com\\\/koonings\",\"https:\\\/\\\/www.youtube.com\\\/kooningstheweddingpalace\"]}]}<\/script>\n<!-- \/ Yoast SEO plugin. -->","yoast_head_json":{"title":"Muse by Berta 24-P01 | Koonings","description":"Berta a un style de conception avant-gardiste qui teste constamment les limites du monde de la mode. Ses pi\u00e8ces sont c\u00e9l\u00e8bres et appr\u00e9ci\u00e9es parce qu'elles sont toujours audacieuses, sexy et modernes, tout en combinant des mat\u00e9riaux vintage et en d\u00e9fendant des racines r\u00e9tro. Vous trouverez cette collection haute-couture dans les salles d'exposition de Koonings The Wedding Palace.","robots":{"index":"index","follow":"follow","max-snippet":"max-snippet:-1","max-image-preview":"max-image-preview:large","max-video-preview":"max-video-preview:-1"},"canonical":"https:\/\/www.koonings.com\/fr\/product\/muse-by-berta-24-p01\/","og_locale":"fr_FR","og_type":"article","og_title":"Muse by Berta 24-P01 | Koonings","og_description":"Berta a un style de conception avant-gardiste qui teste constamment les limites du monde de la mode. Ses pi\u00e8ces sont c\u00e9l\u00e8bres et appr\u00e9ci\u00e9es parce qu'elles sont toujours audacieuses, sexy et modernes, tout en combinant des mat\u00e9riaux vintage et en d\u00e9fendant des racines r\u00e9tro. Vous trouverez cette collection haute-couture dans les salles d'exposition de Koonings The Wedding Palace.","og_url":"https:\/\/www.koonings.com\/fr\/product\/muse-by-berta-24-p01\/","og_site_name":"Koonings","article_publisher":"https:\/\/www.facebook.com\/kooningstheweddingpalace","og_image":[{"width":1853,"height":2560,"url":"https:\/\/www.koonings.com\/wp-content\/uploads\/2024\/11\/40084_203919fcc31282486793f353e9e8adc7d2750ae80a56a398e10aeb9638ab9fccaa76a107-scaled.jpeg","type":"image\/jpeg"}],"twitter_card":"summary_large_image","schema":{"@context":"https:\/\/schema.org","@graph":[{"@type":"WebPage","@id":"https:\/\/www.koonings.com\/fr\/product\/muse-by-berta-24-p01\/","url":"https:\/\/www.koonings.com\/fr\/product\/muse-by-berta-24-p01\/","name":"Muse by Berta 24-P01 | Koonings","isPartOf":{"@id":"https:\/\/www.koonings.com\/fr\/#website"},"primaryImageOfPage":{"@id":"https:\/\/www.koonings.com\/fr\/product\/muse-by-berta-24-p01\/#primaryimage"},"image":{"@id":"https:\/\/www.koonings.com\/fr\/product\/muse-by-berta-24-p01\/#primaryimage"},"thumbnailUrl":"https:\/\/www.koonings.com\/wp-content\/uploads\/2024\/11\/40084_203919fcc31282486793f353e9e8adc7d2750ae80a56a398e10aeb9638ab9fccaa76a107-scaled.jpeg","datePublished":"2026-04-28T16:16:26+00:00","description":"Berta a un style de conception avant-gardiste qui teste constamment les limites du monde de la mode. Ses pi\u00e8ces sont c\u00e9l\u00e8bres et appr\u00e9ci\u00e9es parce qu'elles sont toujours audacieuses, sexy et modernes, tout en combinant des mat\u00e9riaux vintage et en d\u00e9fendant des racines r\u00e9tro. Vous trouverez cette collection haute-couture dans les salles d'exposition de Koonings The Wedding Palace.","breadcrumb":{"@id":"https:\/\/www.koonings.com\/fr\/product\/muse-by-berta-24-p01\/#breadcrumb"},"inLanguage":"fr-FR","potentialAction":[{"@type":"ReadAction","target":["https:\/\/www.koonings.com\/fr\/product\/muse-by-berta-24-p01\/"]}]},{"@type":"ImageObject","inLanguage":"fr-FR","@id":"https:\/\/www.koonings.com\/fr\/product\/muse-by-berta-24-p01\/#primaryimage","url":"https:\/\/www.koonings.com\/wp-content\/uploads\/2024\/11\/40084_203919fcc31282486793f353e9e8adc7d2750ae80a56a398e10aeb9638ab9fccaa76a107-scaled.jpeg","contentUrl":"https:\/\/www.koonings.com\/wp-content\/uploads\/2024\/11\/40084_203919fcc31282486793f353e9e8adc7d2750ae80a56a398e10aeb9638ab9fccaa76a107-scaled.jpeg","width":1853,"height":2560},{"@type":"BreadcrumbList","@id":"https:\/\/www.koonings.com\/fr\/product\/muse-by-berta-24-p01\/#breadcrumb","itemListElement":[{"@type":"ListItem","position":1,"name":"Home","item":"https:\/\/www.koonings.com\/fr\/"},{"@type":"ListItem","position":2,"name":"Muse by Berta 24-P01"}]},{"@type":"WebSite","@id":"https:\/\/www.koonings.com\/fr\/#website","url":"https:\/\/www.koonings.com\/fr\/","name":"Koonings","description":"De grootste bruidsmodewinkel ter wereld","publisher":{"@id":"https:\/\/www.koonings.com\/fr\/#organization"},"potentialAction":[{"@type":"SearchAction","target":{"@type":"EntryPoint","urlTemplate":"https:\/\/www.koonings.com\/fr\/?s={search_term_string}"},"query-input":{"@type":"PropertyValueSpecification","valueRequired":true,"valueName":"search_term_string"}}],"inLanguage":"fr-FR"},{"@type":"Organization","@id":"https:\/\/www.koonings.com\/fr\/#organization","name":"Koonings","url":"https:\/\/www.koonings.com\/fr\/","logo":{"@type":"ImageObject","inLanguage":"fr-FR","@id":"https:\/\/www.koonings.com\/fr\/#\/schema\/logo\/image\/","url":"https:\/\/www.koonings.com\/wp-content\/uploads\/2024\/07\/logo.png","contentUrl":"https:\/\/www.koonings.com\/wp-content\/uploads\/2024\/07\/logo.png","width":600,"height":428,"caption":"Koonings"},"image":{"@id":"https:\/\/www.koonings.com\/fr\/#\/schema\/logo\/image\/"},"sameAs":["https:\/\/www.facebook.com\/kooningstheweddingpalace","https:\/\/www.instagram.com\/kooningstheweddingpalace","https:\/\/www.pinterest.com\/koonings","https:\/\/www.youtube.com\/kooningstheweddingpalace"]}]}},"_links":{"self":[{"href":"https:\/\/www.koonings.com\/fr\/wp-json\/wp\/v2\/product\/58277","targetHints":{"allow":["GET"]}}],"collection":[{"href":"https:\/\/www.koonings.com\/fr\/wp-json\/wp\/v2\/product"}],"about":[{"href":"https:\/\/www.koonings.com\/fr\/wp-json\/wp\/v2\/types\/product"}],"wp:featuredmedia":[{"embeddable":true,"href":"https:\/\/www.koonings.com\/fr\/wp-json\/wp\/v2\/media\/43545"}],"wp:attachment":[{"href":"https:\/\/www.koonings.com\/fr\/wp-json\/wp\/v2\/media?parent=58277"}],"wp:term":[{"taxonomy":"productdetails","embeddable":true,"href":"https:\/\/www.koonings.com\/fr\/wp-json\/wp\/v2\/productdetails?post=58277"},{"taxonomy":"productneck","embeddable":true,"href":"https:\/\/www.koonings.com\/fr\/wp-json\/wp\/v2\/productneck?post=58277"},{"taxonomy":"productcolor","embeddable":true,"href":"https:\/\/www.koonings.com\/fr\/wp-json\/wp\/v2\/productcolor?post=58277"},{"taxonomy":"maat","embeddable":true,"href":"https:\/\/www.koonings.com\/fr\/wp-json\/wp\/v2\/maat?post=58277"},{"taxonomy":"productsupplier","embeddable":true,"href":"https:\/\/www.koonings.com\/fr\/wp-json\/wp\/v2\/productsupplier?post=58277"},{"taxonomy":"productsleeve","embeddable":true,"href":"https:\/\/www.koonings.com\/fr\/wp-json\/wp\/v2\/productsleeve?post=58277"},{"taxonomy":"productcategory","embeddable":true,"href":"https:\/\/www.koonings.com\/fr\/wp-json\/wp\/v2\/productcategory?post=58277"},{"taxonomy":"productsilhouette","embeddable":true,"href":"https:\/\/www.koonings.com\/fr\/wp-json\/wp\/v2\/productsilhouette?post=58277"},{"taxonomy":"productstyle","embeddable":true,"href":"https:\/\/www.koonings.com\/fr\/wp-json\/wp\/v2\/productstyle?post=58277"}],"curies":[{"name":"wp","href":"https:\/\/api.w.org\/{rel}","templated":true}]}}