{"id":58264,"date":"2026-04-28T18:16:37","date_gmt":"2026-04-28T16:16:37","guid":{"rendered":"https:\/\/www.koonings.com\/product\/martina-liana-ml1704iq11\/"},"modified":"2025-06-05T12:46:19","modified_gmt":"2025-06-05T10:46:19","slug":"martina-liana-ml1704iq11","status":"publish","type":"product","link":"https:\/\/www.koonings.com\/fr\/product\/martina-liana-ml1704iq11\/","title":{"rendered":"Martina Liana ML1704IQ11"},"content":{"rendered":"<p>Une vision de la couture prend vie dans le style 1704 : une magnifique robe de bal de princesse romantique richement embellie de d\u00e9tails floraux 3D de r\u00eave. Le d\u00e9collet\u00e9 modeste laisse place \u00e0 un corsage impeccablement taill\u00e9, tandis que les bretelles amovibles en organza sont sculpt\u00e9es en p\u00e9tales pour encadrer la silhouette. La taille basque ajust\u00e9e \u00e9merge dans une jupe de robe de bal \u00e9pique, agr\u00e9ment\u00e9e de tulle scintillant et de superpositions florales en option, qui s&#8217;\u00e9tend jusqu&#8217;\u00e0 une longue tra\u00eene \u00e9blouissante digne d&#8217;une royaut\u00e9. Cette robe de mari\u00e9e en dentelle, \u00e0 la fois modeste et enchanteresse, est faite pour les mari\u00e9es romantiques qui recherchent une robe de mari\u00e9e aussi unique qu&#8217;elles. Cette robe de mari\u00e9e est disponible en grandes tailles et avec un corsage doubl\u00e9 ou non.    <\/p>\n","protected":false},"featured_media":43609,"template":"","meta":{"_acf_changed":false,"ghostkit_customizer_options":"","ghostkit_custom_css":"","ghostkit_custom_js_head":"","ghostkit_custom_js_foot":"","ghostkit_typography":""},"productdetails":[379,376],"productneck":[352],"productcolor":[392],"maat":[],"productsupplier":[431],"productsleeve":[359],"productcategory":[18],"productsilhouette":[388],"productstyle":[372],"class_list":["post-58264","product","type-product","status-publish","has-post-thumbnail","hentry","productdetails-379","productdetails-376","productneck-352","productcolor-392","productsupplier-martina-liana","productsleeve-359","productcategory-trouwjurken","productsilhouette-388","productstyle-372"],"acf":[],"yoast_head":"<!-- This site is optimized with the Yoast SEO plugin v27.3 - https:\/\/yoast.com\/product\/yoast-seo-wordpress\/ -->\n<title>Martina Liana ML1704IQ11 | Koonings<\/title>\n<meta name=\"description\" content=\"Une vision de la couture prend vie dans le style 1704 : une magnifique robe de bal de princesse romantique richement embellie de d\u00e9tails floraux 3D de r\u00eave. Le d\u00e9collet\u00e9 modeste laisse place \u00e0 un corsage impeccablement taill\u00e9, tandis que les bretelles amovibles en organza sont sculpt\u00e9es en p\u00e9tales pour encadrer la silhouette. La taille basque ajust\u00e9e \u00e9merge dans une jupe de robe de bal \u00e9pique, agr\u00e9ment\u00e9e de tulle scintillant et de superpositions florales en option, qui s&#039;\u00e9tend jusqu&#039;\u00e0 une longue tra\u00eene \u00e9blouissante digne d&#039;une royaut\u00e9. Cette robe de mari\u00e9e en dentelle, \u00e0 la fois modeste et enchanteresse, est faite pour les mari\u00e9es romantiques qui recherchent une robe de mari\u00e9e aussi unique qu&#039;elles. Cette robe de mari\u00e9e est disponible en grandes tailles et avec un corsage doubl\u00e9 ou non.\" \/>\n<meta name=\"robots\" content=\"index, follow, max-snippet:-1, max-image-preview:large, max-video-preview:-1\" \/>\n<link rel=\"canonical\" href=\"https:\/\/www.koonings.com\/fr\/product\/martina-liana-ml1704iq11\/\" \/>\n<meta property=\"og:locale\" content=\"fr_FR\" \/>\n<meta property=\"og:type\" content=\"article\" \/>\n<meta property=\"og:title\" content=\"Martina Liana ML1704IQ11 | Koonings\" \/>\n<meta property=\"og:description\" content=\"Une vision de la couture prend vie dans le style 1704 : une magnifique robe de bal de princesse romantique richement embellie de d\u00e9tails floraux 3D de r\u00eave. Le d\u00e9collet\u00e9 modeste laisse place \u00e0 un corsage impeccablement taill\u00e9, tandis que les bretelles amovibles en organza sont sculpt\u00e9es en p\u00e9tales pour encadrer la silhouette. La taille basque ajust\u00e9e \u00e9merge dans une jupe de robe de bal \u00e9pique, agr\u00e9ment\u00e9e de tulle scintillant et de superpositions florales en option, qui s&#039;\u00e9tend jusqu&#039;\u00e0 une longue tra\u00eene \u00e9blouissante digne d&#039;une royaut\u00e9. Cette robe de mari\u00e9e en dentelle, \u00e0 la fois modeste et enchanteresse, est faite pour les mari\u00e9es romantiques qui recherchent une robe de mari\u00e9e aussi unique qu&#039;elles. Cette robe de mari\u00e9e est disponible en grandes tailles et avec un corsage doubl\u00e9 ou non.\" \/>\n<meta property=\"og:url\" content=\"https:\/\/www.koonings.com\/fr\/product\/martina-liana-ml1704iq11\/\" \/>\n<meta property=\"og:site_name\" content=\"Koonings\" \/>\n<meta property=\"article:publisher\" content=\"https:\/\/www.facebook.com\/kooningstheweddingpalace\" \/>\n<meta property=\"og:image\" content=\"https:\/\/www.koonings.com\/wp-content\/uploads\/2024\/11\/40270_f1059d3d12cdea7af5ccc1fea631e61b58483afbc63cc0027db20c09abc3e2d604581b52.jpeg\" \/>\n\t<meta property=\"og:image:width\" content=\"1264\" \/>\n\t<meta property=\"og:image:height\" content=\"1790\" \/>\n\t<meta property=\"og:image:type\" content=\"image\/jpeg\" \/>\n<meta name=\"twitter:card\" content=\"summary_large_image\" \/>\n<meta name=\"twitter:label1\" content=\"Dur\u00e9e de lecture estim\u00e9e\" \/>\n\t<meta name=\"twitter:data1\" content=\"1 minute\" \/>\n<script type=\"application\/ld+json\" class=\"yoast-schema-graph\">{\"@context\":\"https:\\\/\\\/schema.org\",\"@graph\":[{\"@type\":\"WebPage\",\"@id\":\"https:\\\/\\\/www.koonings.com\\\/fr\\\/product\\\/martina-liana-ml1704iq11\\\/\",\"url\":\"https:\\\/\\\/www.koonings.com\\\/fr\\\/product\\\/martina-liana-ml1704iq11\\\/\",\"name\":\"Martina Liana ML1704IQ11 | Koonings\",\"isPartOf\":{\"@id\":\"https:\\\/\\\/www.koonings.com\\\/fr\\\/#website\"},\"primaryImageOfPage\":{\"@id\":\"https:\\\/\\\/www.koonings.com\\\/fr\\\/product\\\/martina-liana-ml1704iq11\\\/#primaryimage\"},\"image\":{\"@id\":\"https:\\\/\\\/www.koonings.com\\\/fr\\\/product\\\/martina-liana-ml1704iq11\\\/#primaryimage\"},\"thumbnailUrl\":\"https:\\\/\\\/www.koonings.com\\\/wp-content\\\/uploads\\\/2024\\\/11\\\/40270_f1059d3d12cdea7af5ccc1fea631e61b58483afbc63cc0027db20c09abc3e2d604581b52.jpeg\",\"datePublished\":\"2026-04-28T16:16:37+00:00\",\"description\":\"Une vision de la couture prend vie dans le style 1704 : une magnifique robe de bal de princesse romantique richement embellie de d\u00e9tails floraux 3D de r\u00eave. Le d\u00e9collet\u00e9 modeste laisse place \u00e0 un corsage impeccablement taill\u00e9, tandis que les bretelles amovibles en organza sont sculpt\u00e9es en p\u00e9tales pour encadrer la silhouette. La taille basque ajust\u00e9e \u00e9merge dans une jupe de robe de bal \u00e9pique, agr\u00e9ment\u00e9e de tulle scintillant et de superpositions florales en option, qui s'\u00e9tend jusqu'\u00e0 une longue tra\u00eene \u00e9blouissante digne d'une royaut\u00e9. Cette robe de mari\u00e9e en dentelle, \u00e0 la fois modeste et enchanteresse, est faite pour les mari\u00e9es romantiques qui recherchent une robe de mari\u00e9e aussi unique qu'elles. Cette robe de mari\u00e9e est disponible en grandes tailles et avec un corsage doubl\u00e9 ou non.\",\"breadcrumb\":{\"@id\":\"https:\\\/\\\/www.koonings.com\\\/fr\\\/product\\\/martina-liana-ml1704iq11\\\/#breadcrumb\"},\"inLanguage\":\"fr-FR\",\"potentialAction\":[{\"@type\":\"ReadAction\",\"target\":[\"https:\\\/\\\/www.koonings.com\\\/fr\\\/product\\\/martina-liana-ml1704iq11\\\/\"]}]},{\"@type\":\"ImageObject\",\"inLanguage\":\"fr-FR\",\"@id\":\"https:\\\/\\\/www.koonings.com\\\/fr\\\/product\\\/martina-liana-ml1704iq11\\\/#primaryimage\",\"url\":\"https:\\\/\\\/www.koonings.com\\\/wp-content\\\/uploads\\\/2024\\\/11\\\/40270_f1059d3d12cdea7af5ccc1fea631e61b58483afbc63cc0027db20c09abc3e2d604581b52.jpeg\",\"contentUrl\":\"https:\\\/\\\/www.koonings.com\\\/wp-content\\\/uploads\\\/2024\\\/11\\\/40270_f1059d3d12cdea7af5ccc1fea631e61b58483afbc63cc0027db20c09abc3e2d604581b52.jpeg\",\"width\":1264,\"height\":1790},{\"@type\":\"BreadcrumbList\",\"@id\":\"https:\\\/\\\/www.koonings.com\\\/fr\\\/product\\\/martina-liana-ml1704iq11\\\/#breadcrumb\",\"itemListElement\":[{\"@type\":\"ListItem\",\"position\":1,\"name\":\"Home\",\"item\":\"https:\\\/\\\/www.koonings.com\\\/fr\\\/\"},{\"@type\":\"ListItem\",\"position\":2,\"name\":\"Martina Liana ML1704IQ11\"}]},{\"@type\":\"WebSite\",\"@id\":\"https:\\\/\\\/www.koonings.com\\\/fr\\\/#website\",\"url\":\"https:\\\/\\\/www.koonings.com\\\/fr\\\/\",\"name\":\"Koonings\",\"description\":\"De grootste bruidsmodewinkel ter wereld\",\"publisher\":{\"@id\":\"https:\\\/\\\/www.koonings.com\\\/fr\\\/#organization\"},\"potentialAction\":[{\"@type\":\"SearchAction\",\"target\":{\"@type\":\"EntryPoint\",\"urlTemplate\":\"https:\\\/\\\/www.koonings.com\\\/fr\\\/?s={search_term_string}\"},\"query-input\":{\"@type\":\"PropertyValueSpecification\",\"valueRequired\":true,\"valueName\":\"search_term_string\"}}],\"inLanguage\":\"fr-FR\"},{\"@type\":\"Organization\",\"@id\":\"https:\\\/\\\/www.koonings.com\\\/fr\\\/#organization\",\"name\":\"Koonings\",\"url\":\"https:\\\/\\\/www.koonings.com\\\/fr\\\/\",\"logo\":{\"@type\":\"ImageObject\",\"inLanguage\":\"fr-FR\",\"@id\":\"https:\\\/\\\/www.koonings.com\\\/fr\\\/#\\\/schema\\\/logo\\\/image\\\/\",\"url\":\"https:\\\/\\\/www.koonings.com\\\/wp-content\\\/uploads\\\/2024\\\/07\\\/logo.png\",\"contentUrl\":\"https:\\\/\\\/www.koonings.com\\\/wp-content\\\/uploads\\\/2024\\\/07\\\/logo.png\",\"width\":600,\"height\":428,\"caption\":\"Koonings\"},\"image\":{\"@id\":\"https:\\\/\\\/www.koonings.com\\\/fr\\\/#\\\/schema\\\/logo\\\/image\\\/\"},\"sameAs\":[\"https:\\\/\\\/www.facebook.com\\\/kooningstheweddingpalace\",\"https:\\\/\\\/www.instagram.com\\\/kooningstheweddingpalace\",\"https:\\\/\\\/www.pinterest.com\\\/koonings\",\"https:\\\/\\\/www.youtube.com\\\/kooningstheweddingpalace\"]}]}<\/script>\n<!-- \/ Yoast SEO plugin. -->","yoast_head_json":{"title":"Martina Liana ML1704IQ11 | Koonings","description":"Une vision de la couture prend vie dans le style 1704 : une magnifique robe de bal de princesse romantique richement embellie de d\u00e9tails floraux 3D de r\u00eave. Le d\u00e9collet\u00e9 modeste laisse place \u00e0 un corsage impeccablement taill\u00e9, tandis que les bretelles amovibles en organza sont sculpt\u00e9es en p\u00e9tales pour encadrer la silhouette. La taille basque ajust\u00e9e \u00e9merge dans une jupe de robe de bal \u00e9pique, agr\u00e9ment\u00e9e de tulle scintillant et de superpositions florales en option, qui s'\u00e9tend jusqu'\u00e0 une longue tra\u00eene \u00e9blouissante digne d'une royaut\u00e9. Cette robe de mari\u00e9e en dentelle, \u00e0 la fois modeste et enchanteresse, est faite pour les mari\u00e9es romantiques qui recherchent une robe de mari\u00e9e aussi unique qu'elles. Cette robe de mari\u00e9e est disponible en grandes tailles et avec un corsage doubl\u00e9 ou non.","robots":{"index":"index","follow":"follow","max-snippet":"max-snippet:-1","max-image-preview":"max-image-preview:large","max-video-preview":"max-video-preview:-1"},"canonical":"https:\/\/www.koonings.com\/fr\/product\/martina-liana-ml1704iq11\/","og_locale":"fr_FR","og_type":"article","og_title":"Martina Liana ML1704IQ11 | Koonings","og_description":"Une vision de la couture prend vie dans le style 1704 : une magnifique robe de bal de princesse romantique richement embellie de d\u00e9tails floraux 3D de r\u00eave. Le d\u00e9collet\u00e9 modeste laisse place \u00e0 un corsage impeccablement taill\u00e9, tandis que les bretelles amovibles en organza sont sculpt\u00e9es en p\u00e9tales pour encadrer la silhouette. La taille basque ajust\u00e9e \u00e9merge dans une jupe de robe de bal \u00e9pique, agr\u00e9ment\u00e9e de tulle scintillant et de superpositions florales en option, qui s'\u00e9tend jusqu'\u00e0 une longue tra\u00eene \u00e9blouissante digne d'une royaut\u00e9. Cette robe de mari\u00e9e en dentelle, \u00e0 la fois modeste et enchanteresse, est faite pour les mari\u00e9es romantiques qui recherchent une robe de mari\u00e9e aussi unique qu'elles. Cette robe de mari\u00e9e est disponible en grandes tailles et avec un corsage doubl\u00e9 ou non.","og_url":"https:\/\/www.koonings.com\/fr\/product\/martina-liana-ml1704iq11\/","og_site_name":"Koonings","article_publisher":"https:\/\/www.facebook.com\/kooningstheweddingpalace","og_image":[{"width":1264,"height":1790,"url":"https:\/\/www.koonings.com\/wp-content\/uploads\/2024\/11\/40270_f1059d3d12cdea7af5ccc1fea631e61b58483afbc63cc0027db20c09abc3e2d604581b52.jpeg","type":"image\/jpeg"}],"twitter_card":"summary_large_image","twitter_misc":{"Dur\u00e9e de lecture estim\u00e9e":"1 minute"},"schema":{"@context":"https:\/\/schema.org","@graph":[{"@type":"WebPage","@id":"https:\/\/www.koonings.com\/fr\/product\/martina-liana-ml1704iq11\/","url":"https:\/\/www.koonings.com\/fr\/product\/martina-liana-ml1704iq11\/","name":"Martina Liana ML1704IQ11 | Koonings","isPartOf":{"@id":"https:\/\/www.koonings.com\/fr\/#website"},"primaryImageOfPage":{"@id":"https:\/\/www.koonings.com\/fr\/product\/martina-liana-ml1704iq11\/#primaryimage"},"image":{"@id":"https:\/\/www.koonings.com\/fr\/product\/martina-liana-ml1704iq11\/#primaryimage"},"thumbnailUrl":"https:\/\/www.koonings.com\/wp-content\/uploads\/2024\/11\/40270_f1059d3d12cdea7af5ccc1fea631e61b58483afbc63cc0027db20c09abc3e2d604581b52.jpeg","datePublished":"2026-04-28T16:16:37+00:00","description":"Une vision de la couture prend vie dans le style 1704 : une magnifique robe de bal de princesse romantique richement embellie de d\u00e9tails floraux 3D de r\u00eave. Le d\u00e9collet\u00e9 modeste laisse place \u00e0 un corsage impeccablement taill\u00e9, tandis que les bretelles amovibles en organza sont sculpt\u00e9es en p\u00e9tales pour encadrer la silhouette. La taille basque ajust\u00e9e \u00e9merge dans une jupe de robe de bal \u00e9pique, agr\u00e9ment\u00e9e de tulle scintillant et de superpositions florales en option, qui s'\u00e9tend jusqu'\u00e0 une longue tra\u00eene \u00e9blouissante digne d'une royaut\u00e9. Cette robe de mari\u00e9e en dentelle, \u00e0 la fois modeste et enchanteresse, est faite pour les mari\u00e9es romantiques qui recherchent une robe de mari\u00e9e aussi unique qu'elles. Cette robe de mari\u00e9e est disponible en grandes tailles et avec un corsage doubl\u00e9 ou non.","breadcrumb":{"@id":"https:\/\/www.koonings.com\/fr\/product\/martina-liana-ml1704iq11\/#breadcrumb"},"inLanguage":"fr-FR","potentialAction":[{"@type":"ReadAction","target":["https:\/\/www.koonings.com\/fr\/product\/martina-liana-ml1704iq11\/"]}]},{"@type":"ImageObject","inLanguage":"fr-FR","@id":"https:\/\/www.koonings.com\/fr\/product\/martina-liana-ml1704iq11\/#primaryimage","url":"https:\/\/www.koonings.com\/wp-content\/uploads\/2024\/11\/40270_f1059d3d12cdea7af5ccc1fea631e61b58483afbc63cc0027db20c09abc3e2d604581b52.jpeg","contentUrl":"https:\/\/www.koonings.com\/wp-content\/uploads\/2024\/11\/40270_f1059d3d12cdea7af5ccc1fea631e61b58483afbc63cc0027db20c09abc3e2d604581b52.jpeg","width":1264,"height":1790},{"@type":"BreadcrumbList","@id":"https:\/\/www.koonings.com\/fr\/product\/martina-liana-ml1704iq11\/#breadcrumb","itemListElement":[{"@type":"ListItem","position":1,"name":"Home","item":"https:\/\/www.koonings.com\/fr\/"},{"@type":"ListItem","position":2,"name":"Martina Liana ML1704IQ11"}]},{"@type":"WebSite","@id":"https:\/\/www.koonings.com\/fr\/#website","url":"https:\/\/www.koonings.com\/fr\/","name":"Koonings","description":"De grootste bruidsmodewinkel ter wereld","publisher":{"@id":"https:\/\/www.koonings.com\/fr\/#organization"},"potentialAction":[{"@type":"SearchAction","target":{"@type":"EntryPoint","urlTemplate":"https:\/\/www.koonings.com\/fr\/?s={search_term_string}"},"query-input":{"@type":"PropertyValueSpecification","valueRequired":true,"valueName":"search_term_string"}}],"inLanguage":"fr-FR"},{"@type":"Organization","@id":"https:\/\/www.koonings.com\/fr\/#organization","name":"Koonings","url":"https:\/\/www.koonings.com\/fr\/","logo":{"@type":"ImageObject","inLanguage":"fr-FR","@id":"https:\/\/www.koonings.com\/fr\/#\/schema\/logo\/image\/","url":"https:\/\/www.koonings.com\/wp-content\/uploads\/2024\/07\/logo.png","contentUrl":"https:\/\/www.koonings.com\/wp-content\/uploads\/2024\/07\/logo.png","width":600,"height":428,"caption":"Koonings"},"image":{"@id":"https:\/\/www.koonings.com\/fr\/#\/schema\/logo\/image\/"},"sameAs":["https:\/\/www.facebook.com\/kooningstheweddingpalace","https:\/\/www.instagram.com\/kooningstheweddingpalace","https:\/\/www.pinterest.com\/koonings","https:\/\/www.youtube.com\/kooningstheweddingpalace"]}]}},"_links":{"self":[{"href":"https:\/\/www.koonings.com\/fr\/wp-json\/wp\/v2\/product\/58264","targetHints":{"allow":["GET"]}}],"collection":[{"href":"https:\/\/www.koonings.com\/fr\/wp-json\/wp\/v2\/product"}],"about":[{"href":"https:\/\/www.koonings.com\/fr\/wp-json\/wp\/v2\/types\/product"}],"wp:featuredmedia":[{"embeddable":true,"href":"https:\/\/www.koonings.com\/fr\/wp-json\/wp\/v2\/media\/43609"}],"wp:attachment":[{"href":"https:\/\/www.koonings.com\/fr\/wp-json\/wp\/v2\/media?parent=58264"}],"wp:term":[{"taxonomy":"productdetails","embeddable":true,"href":"https:\/\/www.koonings.com\/fr\/wp-json\/wp\/v2\/productdetails?post=58264"},{"taxonomy":"productneck","embeddable":true,"href":"https:\/\/www.koonings.com\/fr\/wp-json\/wp\/v2\/productneck?post=58264"},{"taxonomy":"productcolor","embeddable":true,"href":"https:\/\/www.koonings.com\/fr\/wp-json\/wp\/v2\/productcolor?post=58264"},{"taxonomy":"maat","embeddable":true,"href":"https:\/\/www.koonings.com\/fr\/wp-json\/wp\/v2\/maat?post=58264"},{"taxonomy":"productsupplier","embeddable":true,"href":"https:\/\/www.koonings.com\/fr\/wp-json\/wp\/v2\/productsupplier?post=58264"},{"taxonomy":"productsleeve","embeddable":true,"href":"https:\/\/www.koonings.com\/fr\/wp-json\/wp\/v2\/productsleeve?post=58264"},{"taxonomy":"productcategory","embeddable":true,"href":"https:\/\/www.koonings.com\/fr\/wp-json\/wp\/v2\/productcategory?post=58264"},{"taxonomy":"productsilhouette","embeddable":true,"href":"https:\/\/www.koonings.com\/fr\/wp-json\/wp\/v2\/productsilhouette?post=58264"},{"taxonomy":"productstyle","embeddable":true,"href":"https:\/\/www.koonings.com\/fr\/wp-json\/wp\/v2\/productstyle?post=58264"}],"curies":[{"name":"wp","href":"https:\/\/api.w.org\/{rel}","templated":true}]}}