{"id":58248,"date":"2026-04-28T18:16:46","date_gmt":"2026-04-28T16:16:46","guid":{"rendered":"https:\/\/www.koonings.com\/product\/modeca-curves-dembee-c\/"},"modified":"2026-02-16T14:38:49","modified_gmt":"2026-02-16T13:38:49","slug":"modeca-curves-dembee-c","status":"publish","type":"product","link":"https:\/\/www.koonings.com\/fr\/product\/modeca-curves-dembee-c\/","title":{"rendered":"Modeca Curves Dembee-C"},"content":{"rendered":"<p>Dansez sur les nuages dans cette robe pimpante et sans effort de Dembee-C, con\u00e7ue pour les mari\u00e9es aux courbes arrondies et \u00e0 la pointe de la mode. Le corsage en dentelle illusionniste vole la vedette avec son encolure ronde d\u00e9licate menant \u00e0 de d\u00e9licates bretelles perl\u00e9es orn\u00e9es de fleurs en 3D. La robe Dembee-C ajoute une touche de polyvalence et s&#8217;accompagne de manches longues amovibles en dentelle illusion, ce qui permet \u00e0 la mari\u00e9e de personnaliser son look. Cette robe est \u00e9galement disponible en tulle uni &#8211; Dembee-CA.   <\/p>\n","protected":false},"featured_media":43747,"template":"","meta":{"_acf_changed":false,"ghostkit_customizer_options":"","ghostkit_custom_css":"","ghostkit_custom_js_head":"","ghostkit_custom_js_foot":"","ghostkit_typography":""},"productdetails":[381],"productneck":[352],"productcolor":[393,392],"maat":[375],"productsupplier":[439],"productsleeve":[359],"productcategory":[18],"productsilhouette":[384],"productstyle":[366],"class_list":["post-58248","product","type-product","status-publish","has-post-thumbnail","hentry","productdetails-381","productneck-352","productcolor-393","productcolor-392","maat-375","productsupplier-modeca-curves","productsleeve-359","productcategory-trouwjurken","productsilhouette-384","productstyle-366"],"acf":[],"yoast_head":"<!-- This site is optimized with the Yoast SEO plugin v27.3 - https:\/\/yoast.com\/product\/yoast-seo-wordpress\/ -->\n<title>Modeca Curves Dembee-C | Koonings<\/title>\n<meta name=\"description\" content=\"Dansez sur les nuages dans cette robe pimpante et sans effort de Dembee-C, con\u00e7ue pour les mari\u00e9es aux courbes arrondies et \u00e0 la pointe de la mode. Le corsage en dentelle illusionniste vole la vedette avec son encolure ronde d\u00e9licate menant \u00e0 de d\u00e9licates bretelles perl\u00e9es orn\u00e9es de fleurs en 3D. La robe Dembee-C ajoute une touche de polyvalence et s&#039;accompagne de manches longues amovibles en dentelle illusion, ce qui permet \u00e0 la mari\u00e9e de personnaliser son look. Cette robe est \u00e9galement disponible en tulle uni - Dembee-CA.\" \/>\n<meta name=\"robots\" content=\"index, follow, max-snippet:-1, max-image-preview:large, max-video-preview:-1\" \/>\n<link rel=\"canonical\" href=\"https:\/\/www.koonings.com\/fr\/product\/modeca-curves-dembee-c\/\" \/>\n<meta property=\"og:locale\" content=\"fr_FR\" \/>\n<meta property=\"og:type\" content=\"article\" \/>\n<meta property=\"og:title\" content=\"Modeca Curves Dembee-C | Koonings\" \/>\n<meta property=\"og:description\" content=\"Dansez sur les nuages dans cette robe pimpante et sans effort de Dembee-C, con\u00e7ue pour les mari\u00e9es aux courbes arrondies et \u00e0 la pointe de la mode. Le corsage en dentelle illusionniste vole la vedette avec son encolure ronde d\u00e9licate menant \u00e0 de d\u00e9licates bretelles perl\u00e9es orn\u00e9es de fleurs en 3D. La robe Dembee-C ajoute une touche de polyvalence et s&#039;accompagne de manches longues amovibles en dentelle illusion, ce qui permet \u00e0 la mari\u00e9e de personnaliser son look. Cette robe est \u00e9galement disponible en tulle uni - Dembee-CA.\" \/>\n<meta property=\"og:url\" content=\"https:\/\/www.koonings.com\/fr\/product\/modeca-curves-dembee-c\/\" \/>\n<meta property=\"og:site_name\" content=\"Koonings\" \/>\n<meta property=\"article:publisher\" content=\"https:\/\/www.facebook.com\/kooningstheweddingpalace\" \/>\n<meta property=\"og:image\" content=\"https:\/\/www.koonings.com\/wp-content\/uploads\/2024\/11\/40316_d80706734d28e6daffb3eaf7197fb9e16c09d962e8f189fa7d5048dcd24bd8d4d9a15d5c.jpeg\" \/>\n\t<meta property=\"og:image:width\" content=\"832\" \/>\n\t<meta property=\"og:image:height\" content=\"1176\" \/>\n\t<meta property=\"og:image:type\" content=\"image\/jpeg\" \/>\n<meta name=\"twitter:card\" content=\"summary_large_image\" \/>\n<script type=\"application\/ld+json\" class=\"yoast-schema-graph\">{\"@context\":\"https:\\\/\\\/schema.org\",\"@graph\":[{\"@type\":\"WebPage\",\"@id\":\"https:\\\/\\\/www.koonings.com\\\/fr\\\/product\\\/modeca-curves-dembee-c\\\/\",\"url\":\"https:\\\/\\\/www.koonings.com\\\/fr\\\/product\\\/modeca-curves-dembee-c\\\/\",\"name\":\"Modeca Curves Dembee-C | Koonings\",\"isPartOf\":{\"@id\":\"https:\\\/\\\/www.koonings.com\\\/fr\\\/#website\"},\"primaryImageOfPage\":{\"@id\":\"https:\\\/\\\/www.koonings.com\\\/fr\\\/product\\\/modeca-curves-dembee-c\\\/#primaryimage\"},\"image\":{\"@id\":\"https:\\\/\\\/www.koonings.com\\\/fr\\\/product\\\/modeca-curves-dembee-c\\\/#primaryimage\"},\"thumbnailUrl\":\"https:\\\/\\\/www.koonings.com\\\/wp-content\\\/uploads\\\/2024\\\/11\\\/40316_d80706734d28e6daffb3eaf7197fb9e16c09d962e8f189fa7d5048dcd24bd8d4d9a15d5c.jpeg\",\"datePublished\":\"2026-04-28T16:16:46+00:00\",\"description\":\"Dansez sur les nuages dans cette robe pimpante et sans effort de Dembee-C, con\u00e7ue pour les mari\u00e9es aux courbes arrondies et \u00e0 la pointe de la mode. Le corsage en dentelle illusionniste vole la vedette avec son encolure ronde d\u00e9licate menant \u00e0 de d\u00e9licates bretelles perl\u00e9es orn\u00e9es de fleurs en 3D. La robe Dembee-C ajoute une touche de polyvalence et s'accompagne de manches longues amovibles en dentelle illusion, ce qui permet \u00e0 la mari\u00e9e de personnaliser son look. Cette robe est \u00e9galement disponible en tulle uni - Dembee-CA.\",\"breadcrumb\":{\"@id\":\"https:\\\/\\\/www.koonings.com\\\/fr\\\/product\\\/modeca-curves-dembee-c\\\/#breadcrumb\"},\"inLanguage\":\"fr-FR\",\"potentialAction\":[{\"@type\":\"ReadAction\",\"target\":[\"https:\\\/\\\/www.koonings.com\\\/fr\\\/product\\\/modeca-curves-dembee-c\\\/\"]}]},{\"@type\":\"ImageObject\",\"inLanguage\":\"fr-FR\",\"@id\":\"https:\\\/\\\/www.koonings.com\\\/fr\\\/product\\\/modeca-curves-dembee-c\\\/#primaryimage\",\"url\":\"https:\\\/\\\/www.koonings.com\\\/wp-content\\\/uploads\\\/2024\\\/11\\\/40316_d80706734d28e6daffb3eaf7197fb9e16c09d962e8f189fa7d5048dcd24bd8d4d9a15d5c.jpeg\",\"contentUrl\":\"https:\\\/\\\/www.koonings.com\\\/wp-content\\\/uploads\\\/2024\\\/11\\\/40316_d80706734d28e6daffb3eaf7197fb9e16c09d962e8f189fa7d5048dcd24bd8d4d9a15d5c.jpeg\",\"width\":832,\"height\":1176},{\"@type\":\"BreadcrumbList\",\"@id\":\"https:\\\/\\\/www.koonings.com\\\/fr\\\/product\\\/modeca-curves-dembee-c\\\/#breadcrumb\",\"itemListElement\":[{\"@type\":\"ListItem\",\"position\":1,\"name\":\"Home\",\"item\":\"https:\\\/\\\/www.koonings.com\\\/fr\\\/\"},{\"@type\":\"ListItem\",\"position\":2,\"name\":\"Modeca Curves Dembee-C\"}]},{\"@type\":\"WebSite\",\"@id\":\"https:\\\/\\\/www.koonings.com\\\/fr\\\/#website\",\"url\":\"https:\\\/\\\/www.koonings.com\\\/fr\\\/\",\"name\":\"Koonings\",\"description\":\"De grootste bruidsmodewinkel ter wereld\",\"publisher\":{\"@id\":\"https:\\\/\\\/www.koonings.com\\\/fr\\\/#organization\"},\"potentialAction\":[{\"@type\":\"SearchAction\",\"target\":{\"@type\":\"EntryPoint\",\"urlTemplate\":\"https:\\\/\\\/www.koonings.com\\\/fr\\\/?s={search_term_string}\"},\"query-input\":{\"@type\":\"PropertyValueSpecification\",\"valueRequired\":true,\"valueName\":\"search_term_string\"}}],\"inLanguage\":\"fr-FR\"},{\"@type\":\"Organization\",\"@id\":\"https:\\\/\\\/www.koonings.com\\\/fr\\\/#organization\",\"name\":\"Koonings\",\"url\":\"https:\\\/\\\/www.koonings.com\\\/fr\\\/\",\"logo\":{\"@type\":\"ImageObject\",\"inLanguage\":\"fr-FR\",\"@id\":\"https:\\\/\\\/www.koonings.com\\\/fr\\\/#\\\/schema\\\/logo\\\/image\\\/\",\"url\":\"https:\\\/\\\/www.koonings.com\\\/wp-content\\\/uploads\\\/2024\\\/07\\\/logo.png\",\"contentUrl\":\"https:\\\/\\\/www.koonings.com\\\/wp-content\\\/uploads\\\/2024\\\/07\\\/logo.png\",\"width\":600,\"height\":428,\"caption\":\"Koonings\"},\"image\":{\"@id\":\"https:\\\/\\\/www.koonings.com\\\/fr\\\/#\\\/schema\\\/logo\\\/image\\\/\"},\"sameAs\":[\"https:\\\/\\\/www.facebook.com\\\/kooningstheweddingpalace\",\"https:\\\/\\\/www.instagram.com\\\/kooningstheweddingpalace\",\"https:\\\/\\\/www.pinterest.com\\\/koonings\",\"https:\\\/\\\/www.youtube.com\\\/kooningstheweddingpalace\"]}]}<\/script>\n<!-- \/ Yoast SEO plugin. -->","yoast_head_json":{"title":"Modeca Curves Dembee-C | Koonings","description":"Dansez sur les nuages dans cette robe pimpante et sans effort de Dembee-C, con\u00e7ue pour les mari\u00e9es aux courbes arrondies et \u00e0 la pointe de la mode. Le corsage en dentelle illusionniste vole la vedette avec son encolure ronde d\u00e9licate menant \u00e0 de d\u00e9licates bretelles perl\u00e9es orn\u00e9es de fleurs en 3D. La robe Dembee-C ajoute une touche de polyvalence et s'accompagne de manches longues amovibles en dentelle illusion, ce qui permet \u00e0 la mari\u00e9e de personnaliser son look. Cette robe est \u00e9galement disponible en tulle uni - Dembee-CA.","robots":{"index":"index","follow":"follow","max-snippet":"max-snippet:-1","max-image-preview":"max-image-preview:large","max-video-preview":"max-video-preview:-1"},"canonical":"https:\/\/www.koonings.com\/fr\/product\/modeca-curves-dembee-c\/","og_locale":"fr_FR","og_type":"article","og_title":"Modeca Curves Dembee-C | Koonings","og_description":"Dansez sur les nuages dans cette robe pimpante et sans effort de Dembee-C, con\u00e7ue pour les mari\u00e9es aux courbes arrondies et \u00e0 la pointe de la mode. Le corsage en dentelle illusionniste vole la vedette avec son encolure ronde d\u00e9licate menant \u00e0 de d\u00e9licates bretelles perl\u00e9es orn\u00e9es de fleurs en 3D. La robe Dembee-C ajoute une touche de polyvalence et s'accompagne de manches longues amovibles en dentelle illusion, ce qui permet \u00e0 la mari\u00e9e de personnaliser son look. Cette robe est \u00e9galement disponible en tulle uni - Dembee-CA.","og_url":"https:\/\/www.koonings.com\/fr\/product\/modeca-curves-dembee-c\/","og_site_name":"Koonings","article_publisher":"https:\/\/www.facebook.com\/kooningstheweddingpalace","og_image":[{"width":832,"height":1176,"url":"https:\/\/www.koonings.com\/wp-content\/uploads\/2024\/11\/40316_d80706734d28e6daffb3eaf7197fb9e16c09d962e8f189fa7d5048dcd24bd8d4d9a15d5c.jpeg","type":"image\/jpeg"}],"twitter_card":"summary_large_image","schema":{"@context":"https:\/\/schema.org","@graph":[{"@type":"WebPage","@id":"https:\/\/www.koonings.com\/fr\/product\/modeca-curves-dembee-c\/","url":"https:\/\/www.koonings.com\/fr\/product\/modeca-curves-dembee-c\/","name":"Modeca Curves Dembee-C | Koonings","isPartOf":{"@id":"https:\/\/www.koonings.com\/fr\/#website"},"primaryImageOfPage":{"@id":"https:\/\/www.koonings.com\/fr\/product\/modeca-curves-dembee-c\/#primaryimage"},"image":{"@id":"https:\/\/www.koonings.com\/fr\/product\/modeca-curves-dembee-c\/#primaryimage"},"thumbnailUrl":"https:\/\/www.koonings.com\/wp-content\/uploads\/2024\/11\/40316_d80706734d28e6daffb3eaf7197fb9e16c09d962e8f189fa7d5048dcd24bd8d4d9a15d5c.jpeg","datePublished":"2026-04-28T16:16:46+00:00","description":"Dansez sur les nuages dans cette robe pimpante et sans effort de Dembee-C, con\u00e7ue pour les mari\u00e9es aux courbes arrondies et \u00e0 la pointe de la mode. Le corsage en dentelle illusionniste vole la vedette avec son encolure ronde d\u00e9licate menant \u00e0 de d\u00e9licates bretelles perl\u00e9es orn\u00e9es de fleurs en 3D. La robe Dembee-C ajoute une touche de polyvalence et s'accompagne de manches longues amovibles en dentelle illusion, ce qui permet \u00e0 la mari\u00e9e de personnaliser son look. Cette robe est \u00e9galement disponible en tulle uni - Dembee-CA.","breadcrumb":{"@id":"https:\/\/www.koonings.com\/fr\/product\/modeca-curves-dembee-c\/#breadcrumb"},"inLanguage":"fr-FR","potentialAction":[{"@type":"ReadAction","target":["https:\/\/www.koonings.com\/fr\/product\/modeca-curves-dembee-c\/"]}]},{"@type":"ImageObject","inLanguage":"fr-FR","@id":"https:\/\/www.koonings.com\/fr\/product\/modeca-curves-dembee-c\/#primaryimage","url":"https:\/\/www.koonings.com\/wp-content\/uploads\/2024\/11\/40316_d80706734d28e6daffb3eaf7197fb9e16c09d962e8f189fa7d5048dcd24bd8d4d9a15d5c.jpeg","contentUrl":"https:\/\/www.koonings.com\/wp-content\/uploads\/2024\/11\/40316_d80706734d28e6daffb3eaf7197fb9e16c09d962e8f189fa7d5048dcd24bd8d4d9a15d5c.jpeg","width":832,"height":1176},{"@type":"BreadcrumbList","@id":"https:\/\/www.koonings.com\/fr\/product\/modeca-curves-dembee-c\/#breadcrumb","itemListElement":[{"@type":"ListItem","position":1,"name":"Home","item":"https:\/\/www.koonings.com\/fr\/"},{"@type":"ListItem","position":2,"name":"Modeca Curves Dembee-C"}]},{"@type":"WebSite","@id":"https:\/\/www.koonings.com\/fr\/#website","url":"https:\/\/www.koonings.com\/fr\/","name":"Koonings","description":"De grootste bruidsmodewinkel ter wereld","publisher":{"@id":"https:\/\/www.koonings.com\/fr\/#organization"},"potentialAction":[{"@type":"SearchAction","target":{"@type":"EntryPoint","urlTemplate":"https:\/\/www.koonings.com\/fr\/?s={search_term_string}"},"query-input":{"@type":"PropertyValueSpecification","valueRequired":true,"valueName":"search_term_string"}}],"inLanguage":"fr-FR"},{"@type":"Organization","@id":"https:\/\/www.koonings.com\/fr\/#organization","name":"Koonings","url":"https:\/\/www.koonings.com\/fr\/","logo":{"@type":"ImageObject","inLanguage":"fr-FR","@id":"https:\/\/www.koonings.com\/fr\/#\/schema\/logo\/image\/","url":"https:\/\/www.koonings.com\/wp-content\/uploads\/2024\/07\/logo.png","contentUrl":"https:\/\/www.koonings.com\/wp-content\/uploads\/2024\/07\/logo.png","width":600,"height":428,"caption":"Koonings"},"image":{"@id":"https:\/\/www.koonings.com\/fr\/#\/schema\/logo\/image\/"},"sameAs":["https:\/\/www.facebook.com\/kooningstheweddingpalace","https:\/\/www.instagram.com\/kooningstheweddingpalace","https:\/\/www.pinterest.com\/koonings","https:\/\/www.youtube.com\/kooningstheweddingpalace"]}]}},"_links":{"self":[{"href":"https:\/\/www.koonings.com\/fr\/wp-json\/wp\/v2\/product\/58248","targetHints":{"allow":["GET"]}}],"collection":[{"href":"https:\/\/www.koonings.com\/fr\/wp-json\/wp\/v2\/product"}],"about":[{"href":"https:\/\/www.koonings.com\/fr\/wp-json\/wp\/v2\/types\/product"}],"wp:featuredmedia":[{"embeddable":true,"href":"https:\/\/www.koonings.com\/fr\/wp-json\/wp\/v2\/media\/43747"}],"wp:attachment":[{"href":"https:\/\/www.koonings.com\/fr\/wp-json\/wp\/v2\/media?parent=58248"}],"wp:term":[{"taxonomy":"productdetails","embeddable":true,"href":"https:\/\/www.koonings.com\/fr\/wp-json\/wp\/v2\/productdetails?post=58248"},{"taxonomy":"productneck","embeddable":true,"href":"https:\/\/www.koonings.com\/fr\/wp-json\/wp\/v2\/productneck?post=58248"},{"taxonomy":"productcolor","embeddable":true,"href":"https:\/\/www.koonings.com\/fr\/wp-json\/wp\/v2\/productcolor?post=58248"},{"taxonomy":"maat","embeddable":true,"href":"https:\/\/www.koonings.com\/fr\/wp-json\/wp\/v2\/maat?post=58248"},{"taxonomy":"productsupplier","embeddable":true,"href":"https:\/\/www.koonings.com\/fr\/wp-json\/wp\/v2\/productsupplier?post=58248"},{"taxonomy":"productsleeve","embeddable":true,"href":"https:\/\/www.koonings.com\/fr\/wp-json\/wp\/v2\/productsleeve?post=58248"},{"taxonomy":"productcategory","embeddable":true,"href":"https:\/\/www.koonings.com\/fr\/wp-json\/wp\/v2\/productcategory?post=58248"},{"taxonomy":"productsilhouette","embeddable":true,"href":"https:\/\/www.koonings.com\/fr\/wp-json\/wp\/v2\/productsilhouette?post=58248"},{"taxonomy":"productstyle","embeddable":true,"href":"https:\/\/www.koonings.com\/fr\/wp-json\/wp\/v2\/productstyle?post=58248"}],"curies":[{"name":"wp","href":"https:\/\/api.w.org\/{rel}","templated":true}]}}