{"id":58241,"date":"2026-04-28T18:16:47","date_gmt":"2026-04-28T16:16:47","guid":{"rendered":"https:\/\/www.koonings.com\/product\/modeca-curves-doan-c\/"},"modified":"2025-06-05T13:01:55","modified_gmt":"2025-06-05T11:01:55","slug":"modeca-curves-doan-c","status":"publish","type":"product","link":"https:\/\/www.koonings.com\/fr\/product\/modeca-curves-doan-c\/","title":{"rendered":"Modeca Curves Doan-C"},"content":{"rendered":"<p>Embrassez vos superbes courbes dans ce mod\u00e8le ajust\u00e9 pour le jour du mariage. Doan-C est une beaut\u00e9 en cr\u00eape avec une douce encolure en c\u0153ur pour une touche romantique. La simplicit\u00e9 de la silhouette est accentu\u00e9e par des lignes \u00e9pur\u00e9es et une fente haute. Pour plus de polyvalence, des manches amovibles \u00e0 \u00e9paules d\u00e9couvertes vous permettent de personnaliser votre look.   <\/p>\n","protected":false},"featured_media":43764,"template":"","meta":{"_acf_changed":false,"ghostkit_customizer_options":"","ghostkit_custom_css":"","ghostkit_custom_js_head":"","ghostkit_custom_js_foot":"","ghostkit_typography":""},"productdetails":[378],"productneck":[356],"productcolor":[392],"maat":[375],"productsupplier":[439],"productsleeve":[359],"productcategory":[18],"productsilhouette":[389],"productstyle":[],"class_list":["post-58241","product","type-product","status-publish","has-post-thumbnail","hentry","productdetails-378","productneck-356","productcolor-392","maat-375","productsupplier-modeca-curves","productsleeve-359","productcategory-trouwjurken","productsilhouette-389"],"acf":[],"yoast_head":"<!-- This site is optimized with the Yoast SEO plugin v27.3 - https:\/\/yoast.com\/product\/yoast-seo-wordpress\/ -->\n<title>Modeca Curves Doan-C | Koonings<\/title>\n<meta name=\"description\" content=\"Embrassez vos superbes courbes dans ce mod\u00e8le ajust\u00e9 pour le jour du mariage. Doan-C est une beaut\u00e9 en cr\u00eape avec une douce encolure en c\u0153ur pour une touche romantique. La simplicit\u00e9 de la silhouette est accentu\u00e9e par des lignes \u00e9pur\u00e9es et une fente haute. Pour plus de polyvalence, des manches amovibles \u00e0 \u00e9paules d\u00e9couvertes vous permettent de personnaliser votre look.\" \/>\n<meta name=\"robots\" content=\"index, follow, max-snippet:-1, max-image-preview:large, max-video-preview:-1\" \/>\n<link rel=\"canonical\" href=\"https:\/\/www.koonings.com\/fr\/product\/modeca-curves-doan-c\/\" \/>\n<meta property=\"og:locale\" content=\"fr_FR\" \/>\n<meta property=\"og:type\" content=\"article\" \/>\n<meta property=\"og:title\" content=\"Modeca Curves Doan-C | Koonings\" \/>\n<meta property=\"og:description\" content=\"Embrassez vos superbes courbes dans ce mod\u00e8le ajust\u00e9 pour le jour du mariage. Doan-C est une beaut\u00e9 en cr\u00eape avec une douce encolure en c\u0153ur pour une touche romantique. La simplicit\u00e9 de la silhouette est accentu\u00e9e par des lignes \u00e9pur\u00e9es et une fente haute. Pour plus de polyvalence, des manches amovibles \u00e0 \u00e9paules d\u00e9couvertes vous permettent de personnaliser votre look.\" \/>\n<meta property=\"og:url\" content=\"https:\/\/www.koonings.com\/fr\/product\/modeca-curves-doan-c\/\" \/>\n<meta property=\"og:site_name\" content=\"Koonings\" \/>\n<meta property=\"article:publisher\" content=\"https:\/\/www.facebook.com\/kooningstheweddingpalace\" \/>\n<meta property=\"og:image\" content=\"https:\/\/www.koonings.com\/wp-content\/uploads\/2024\/11\/40317_4ba9b9f832a98f1342585d90831be2461bb6a6c1ffb269fbe367d2c8daf11e073cb42b61.jpeg\" \/>\n\t<meta property=\"og:image:width\" content=\"714\" \/>\n\t<meta property=\"og:image:height\" content=\"1010\" \/>\n\t<meta property=\"og:image:type\" content=\"image\/jpeg\" \/>\n<meta name=\"twitter:card\" content=\"summary_large_image\" \/>\n<script type=\"application\/ld+json\" class=\"yoast-schema-graph\">{\"@context\":\"https:\\\/\\\/schema.org\",\"@graph\":[{\"@type\":\"WebPage\",\"@id\":\"https:\\\/\\\/www.koonings.com\\\/fr\\\/product\\\/modeca-curves-doan-c\\\/\",\"url\":\"https:\\\/\\\/www.koonings.com\\\/fr\\\/product\\\/modeca-curves-doan-c\\\/\",\"name\":\"Modeca Curves Doan-C | Koonings\",\"isPartOf\":{\"@id\":\"https:\\\/\\\/www.koonings.com\\\/fr\\\/#website\"},\"primaryImageOfPage\":{\"@id\":\"https:\\\/\\\/www.koonings.com\\\/fr\\\/product\\\/modeca-curves-doan-c\\\/#primaryimage\"},\"image\":{\"@id\":\"https:\\\/\\\/www.koonings.com\\\/fr\\\/product\\\/modeca-curves-doan-c\\\/#primaryimage\"},\"thumbnailUrl\":\"https:\\\/\\\/www.koonings.com\\\/wp-content\\\/uploads\\\/2024\\\/11\\\/40317_4ba9b9f832a98f1342585d90831be2461bb6a6c1ffb269fbe367d2c8daf11e073cb42b61.jpeg\",\"datePublished\":\"2026-04-28T16:16:47+00:00\",\"description\":\"Embrassez vos superbes courbes dans ce mod\u00e8le ajust\u00e9 pour le jour du mariage. Doan-C est une beaut\u00e9 en cr\u00eape avec une douce encolure en c\u0153ur pour une touche romantique. La simplicit\u00e9 de la silhouette est accentu\u00e9e par des lignes \u00e9pur\u00e9es et une fente haute. Pour plus de polyvalence, des manches amovibles \u00e0 \u00e9paules d\u00e9couvertes vous permettent de personnaliser votre look.\",\"breadcrumb\":{\"@id\":\"https:\\\/\\\/www.koonings.com\\\/fr\\\/product\\\/modeca-curves-doan-c\\\/#breadcrumb\"},\"inLanguage\":\"fr-FR\",\"potentialAction\":[{\"@type\":\"ReadAction\",\"target\":[\"https:\\\/\\\/www.koonings.com\\\/fr\\\/product\\\/modeca-curves-doan-c\\\/\"]}]},{\"@type\":\"ImageObject\",\"inLanguage\":\"fr-FR\",\"@id\":\"https:\\\/\\\/www.koonings.com\\\/fr\\\/product\\\/modeca-curves-doan-c\\\/#primaryimage\",\"url\":\"https:\\\/\\\/www.koonings.com\\\/wp-content\\\/uploads\\\/2024\\\/11\\\/40317_4ba9b9f832a98f1342585d90831be2461bb6a6c1ffb269fbe367d2c8daf11e073cb42b61.jpeg\",\"contentUrl\":\"https:\\\/\\\/www.koonings.com\\\/wp-content\\\/uploads\\\/2024\\\/11\\\/40317_4ba9b9f832a98f1342585d90831be2461bb6a6c1ffb269fbe367d2c8daf11e073cb42b61.jpeg\",\"width\":714,\"height\":1010},{\"@type\":\"BreadcrumbList\",\"@id\":\"https:\\\/\\\/www.koonings.com\\\/fr\\\/product\\\/modeca-curves-doan-c\\\/#breadcrumb\",\"itemListElement\":[{\"@type\":\"ListItem\",\"position\":1,\"name\":\"Home\",\"item\":\"https:\\\/\\\/www.koonings.com\\\/fr\\\/\"},{\"@type\":\"ListItem\",\"position\":2,\"name\":\"Modeca Curves Doan-C\"}]},{\"@type\":\"WebSite\",\"@id\":\"https:\\\/\\\/www.koonings.com\\\/fr\\\/#website\",\"url\":\"https:\\\/\\\/www.koonings.com\\\/fr\\\/\",\"name\":\"Koonings\",\"description\":\"De grootste bruidsmodewinkel ter wereld\",\"publisher\":{\"@id\":\"https:\\\/\\\/www.koonings.com\\\/fr\\\/#organization\"},\"potentialAction\":[{\"@type\":\"SearchAction\",\"target\":{\"@type\":\"EntryPoint\",\"urlTemplate\":\"https:\\\/\\\/www.koonings.com\\\/fr\\\/?s={search_term_string}\"},\"query-input\":{\"@type\":\"PropertyValueSpecification\",\"valueRequired\":true,\"valueName\":\"search_term_string\"}}],\"inLanguage\":\"fr-FR\"},{\"@type\":\"Organization\",\"@id\":\"https:\\\/\\\/www.koonings.com\\\/fr\\\/#organization\",\"name\":\"Koonings\",\"url\":\"https:\\\/\\\/www.koonings.com\\\/fr\\\/\",\"logo\":{\"@type\":\"ImageObject\",\"inLanguage\":\"fr-FR\",\"@id\":\"https:\\\/\\\/www.koonings.com\\\/fr\\\/#\\\/schema\\\/logo\\\/image\\\/\",\"url\":\"https:\\\/\\\/www.koonings.com\\\/wp-content\\\/uploads\\\/2024\\\/07\\\/logo.png\",\"contentUrl\":\"https:\\\/\\\/www.koonings.com\\\/wp-content\\\/uploads\\\/2024\\\/07\\\/logo.png\",\"width\":600,\"height\":428,\"caption\":\"Koonings\"},\"image\":{\"@id\":\"https:\\\/\\\/www.koonings.com\\\/fr\\\/#\\\/schema\\\/logo\\\/image\\\/\"},\"sameAs\":[\"https:\\\/\\\/www.facebook.com\\\/kooningstheweddingpalace\",\"https:\\\/\\\/www.instagram.com\\\/kooningstheweddingpalace\",\"https:\\\/\\\/www.pinterest.com\\\/koonings\",\"https:\\\/\\\/www.youtube.com\\\/kooningstheweddingpalace\"]}]}<\/script>\n<!-- \/ Yoast SEO plugin. -->","yoast_head_json":{"title":"Modeca Curves Doan-C | Koonings","description":"Embrassez vos superbes courbes dans ce mod\u00e8le ajust\u00e9 pour le jour du mariage. Doan-C est une beaut\u00e9 en cr\u00eape avec une douce encolure en c\u0153ur pour une touche romantique. La simplicit\u00e9 de la silhouette est accentu\u00e9e par des lignes \u00e9pur\u00e9es et une fente haute. Pour plus de polyvalence, des manches amovibles \u00e0 \u00e9paules d\u00e9couvertes vous permettent de personnaliser votre look.","robots":{"index":"index","follow":"follow","max-snippet":"max-snippet:-1","max-image-preview":"max-image-preview:large","max-video-preview":"max-video-preview:-1"},"canonical":"https:\/\/www.koonings.com\/fr\/product\/modeca-curves-doan-c\/","og_locale":"fr_FR","og_type":"article","og_title":"Modeca Curves Doan-C | Koonings","og_description":"Embrassez vos superbes courbes dans ce mod\u00e8le ajust\u00e9 pour le jour du mariage. Doan-C est une beaut\u00e9 en cr\u00eape avec une douce encolure en c\u0153ur pour une touche romantique. La simplicit\u00e9 de la silhouette est accentu\u00e9e par des lignes \u00e9pur\u00e9es et une fente haute. Pour plus de polyvalence, des manches amovibles \u00e0 \u00e9paules d\u00e9couvertes vous permettent de personnaliser votre look.","og_url":"https:\/\/www.koonings.com\/fr\/product\/modeca-curves-doan-c\/","og_site_name":"Koonings","article_publisher":"https:\/\/www.facebook.com\/kooningstheweddingpalace","og_image":[{"width":714,"height":1010,"url":"https:\/\/www.koonings.com\/wp-content\/uploads\/2024\/11\/40317_4ba9b9f832a98f1342585d90831be2461bb6a6c1ffb269fbe367d2c8daf11e073cb42b61.jpeg","type":"image\/jpeg"}],"twitter_card":"summary_large_image","schema":{"@context":"https:\/\/schema.org","@graph":[{"@type":"WebPage","@id":"https:\/\/www.koonings.com\/fr\/product\/modeca-curves-doan-c\/","url":"https:\/\/www.koonings.com\/fr\/product\/modeca-curves-doan-c\/","name":"Modeca Curves Doan-C | Koonings","isPartOf":{"@id":"https:\/\/www.koonings.com\/fr\/#website"},"primaryImageOfPage":{"@id":"https:\/\/www.koonings.com\/fr\/product\/modeca-curves-doan-c\/#primaryimage"},"image":{"@id":"https:\/\/www.koonings.com\/fr\/product\/modeca-curves-doan-c\/#primaryimage"},"thumbnailUrl":"https:\/\/www.koonings.com\/wp-content\/uploads\/2024\/11\/40317_4ba9b9f832a98f1342585d90831be2461bb6a6c1ffb269fbe367d2c8daf11e073cb42b61.jpeg","datePublished":"2026-04-28T16:16:47+00:00","description":"Embrassez vos superbes courbes dans ce mod\u00e8le ajust\u00e9 pour le jour du mariage. Doan-C est une beaut\u00e9 en cr\u00eape avec une douce encolure en c\u0153ur pour une touche romantique. La simplicit\u00e9 de la silhouette est accentu\u00e9e par des lignes \u00e9pur\u00e9es et une fente haute. Pour plus de polyvalence, des manches amovibles \u00e0 \u00e9paules d\u00e9couvertes vous permettent de personnaliser votre look.","breadcrumb":{"@id":"https:\/\/www.koonings.com\/fr\/product\/modeca-curves-doan-c\/#breadcrumb"},"inLanguage":"fr-FR","potentialAction":[{"@type":"ReadAction","target":["https:\/\/www.koonings.com\/fr\/product\/modeca-curves-doan-c\/"]}]},{"@type":"ImageObject","inLanguage":"fr-FR","@id":"https:\/\/www.koonings.com\/fr\/product\/modeca-curves-doan-c\/#primaryimage","url":"https:\/\/www.koonings.com\/wp-content\/uploads\/2024\/11\/40317_4ba9b9f832a98f1342585d90831be2461bb6a6c1ffb269fbe367d2c8daf11e073cb42b61.jpeg","contentUrl":"https:\/\/www.koonings.com\/wp-content\/uploads\/2024\/11\/40317_4ba9b9f832a98f1342585d90831be2461bb6a6c1ffb269fbe367d2c8daf11e073cb42b61.jpeg","width":714,"height":1010},{"@type":"BreadcrumbList","@id":"https:\/\/www.koonings.com\/fr\/product\/modeca-curves-doan-c\/#breadcrumb","itemListElement":[{"@type":"ListItem","position":1,"name":"Home","item":"https:\/\/www.koonings.com\/fr\/"},{"@type":"ListItem","position":2,"name":"Modeca Curves Doan-C"}]},{"@type":"WebSite","@id":"https:\/\/www.koonings.com\/fr\/#website","url":"https:\/\/www.koonings.com\/fr\/","name":"Koonings","description":"De grootste bruidsmodewinkel ter wereld","publisher":{"@id":"https:\/\/www.koonings.com\/fr\/#organization"},"potentialAction":[{"@type":"SearchAction","target":{"@type":"EntryPoint","urlTemplate":"https:\/\/www.koonings.com\/fr\/?s={search_term_string}"},"query-input":{"@type":"PropertyValueSpecification","valueRequired":true,"valueName":"search_term_string"}}],"inLanguage":"fr-FR"},{"@type":"Organization","@id":"https:\/\/www.koonings.com\/fr\/#organization","name":"Koonings","url":"https:\/\/www.koonings.com\/fr\/","logo":{"@type":"ImageObject","inLanguage":"fr-FR","@id":"https:\/\/www.koonings.com\/fr\/#\/schema\/logo\/image\/","url":"https:\/\/www.koonings.com\/wp-content\/uploads\/2024\/07\/logo.png","contentUrl":"https:\/\/www.koonings.com\/wp-content\/uploads\/2024\/07\/logo.png","width":600,"height":428,"caption":"Koonings"},"image":{"@id":"https:\/\/www.koonings.com\/fr\/#\/schema\/logo\/image\/"},"sameAs":["https:\/\/www.facebook.com\/kooningstheweddingpalace","https:\/\/www.instagram.com\/kooningstheweddingpalace","https:\/\/www.pinterest.com\/koonings","https:\/\/www.youtube.com\/kooningstheweddingpalace"]}]}},"_links":{"self":[{"href":"https:\/\/www.koonings.com\/fr\/wp-json\/wp\/v2\/product\/58241","targetHints":{"allow":["GET"]}}],"collection":[{"href":"https:\/\/www.koonings.com\/fr\/wp-json\/wp\/v2\/product"}],"about":[{"href":"https:\/\/www.koonings.com\/fr\/wp-json\/wp\/v2\/types\/product"}],"wp:featuredmedia":[{"embeddable":true,"href":"https:\/\/www.koonings.com\/fr\/wp-json\/wp\/v2\/media\/43764"}],"wp:attachment":[{"href":"https:\/\/www.koonings.com\/fr\/wp-json\/wp\/v2\/media?parent=58241"}],"wp:term":[{"taxonomy":"productdetails","embeddable":true,"href":"https:\/\/www.koonings.com\/fr\/wp-json\/wp\/v2\/productdetails?post=58241"},{"taxonomy":"productneck","embeddable":true,"href":"https:\/\/www.koonings.com\/fr\/wp-json\/wp\/v2\/productneck?post=58241"},{"taxonomy":"productcolor","embeddable":true,"href":"https:\/\/www.koonings.com\/fr\/wp-json\/wp\/v2\/productcolor?post=58241"},{"taxonomy":"maat","embeddable":true,"href":"https:\/\/www.koonings.com\/fr\/wp-json\/wp\/v2\/maat?post=58241"},{"taxonomy":"productsupplier","embeddable":true,"href":"https:\/\/www.koonings.com\/fr\/wp-json\/wp\/v2\/productsupplier?post=58241"},{"taxonomy":"productsleeve","embeddable":true,"href":"https:\/\/www.koonings.com\/fr\/wp-json\/wp\/v2\/productsleeve?post=58241"},{"taxonomy":"productcategory","embeddable":true,"href":"https:\/\/www.koonings.com\/fr\/wp-json\/wp\/v2\/productcategory?post=58241"},{"taxonomy":"productsilhouette","embeddable":true,"href":"https:\/\/www.koonings.com\/fr\/wp-json\/wp\/v2\/productsilhouette?post=58241"},{"taxonomy":"productstyle","embeddable":true,"href":"https:\/\/www.koonings.com\/fr\/wp-json\/wp\/v2\/productstyle?post=58241"}],"curies":[{"name":"wp","href":"https:\/\/api.w.org\/{rel}","templated":true}]}}