{"id":58237,"date":"2026-04-14T16:18:28","date_gmt":"2026-04-14T14:18:28","guid":{"rendered":"https:\/\/www.koonings.com\/product\/modeca-curves-eloise-c\/"},"modified":"2025-06-05T13:02:02","modified_gmt":"2025-06-05T11:02:02","slug":"modeca-curves-eloise-c","status":"publish","type":"product","link":"https:\/\/www.koonings.com\/fr\/product\/modeca-curves-eloise-c\/","title":{"rendered":"Modeca Curves Eloise-C"},"content":{"rendered":"<p>Eloise-C est sp\u00e9cialement con\u00e7ue pour les mari\u00e9es aux formes g\u00e9n\u00e9reuses. Cette robe pr\u00e9sente une silhouette flatteuse en ligne A, une jupe en tulle \u00e9tincelante et un magnifique corsage subtilement orn\u00e9 de dentelle \u00e0 paillettes. Pour ajouter de la polyvalence et de la fantaisie, des manches volantes amovibles sont incluses afin que vous puissiez facilement personnaliser votre look. Cette robe est \u00e9galement disponible en tulle uni &#8211; Eloise-CA.   <\/p>\n","protected":false},"featured_media":43820,"template":"","meta":{"_acf_changed":false,"ghostkit_customizer_options":"","ghostkit_custom_css":"","ghostkit_custom_js_head":"","ghostkit_custom_js_foot":"","ghostkit_typography":""},"productdetails":[379,381],"productneck":[356],"productcolor":[393,392],"maat":[375],"productsupplier":[439],"productsleeve":[359],"productcategory":[18],"productsilhouette":[384],"productstyle":[366],"class_list":["post-58237","product","type-product","status-publish","has-post-thumbnail","hentry","productdetails-379","productdetails-381","productneck-356","productcolor-393","productcolor-392","maat-375","productsupplier-modeca-curves","productsleeve-359","productcategory-trouwjurken","productsilhouette-384","productstyle-366"],"acf":[],"yoast_head":"<!-- This site is optimized with the Yoast SEO plugin v27.3 - https:\/\/yoast.com\/product\/yoast-seo-wordpress\/ -->\n<title>Modeca Curves Eloise-C | Koonings<\/title>\n<meta name=\"description\" content=\"Eloise-C est sp\u00e9cialement con\u00e7ue pour les mari\u00e9es aux formes g\u00e9n\u00e9reuses. Cette robe pr\u00e9sente une silhouette flatteuse en ligne A, une jupe en tulle \u00e9tincelante et un magnifique corsage subtilement orn\u00e9 de dentelle \u00e0 paillettes. Pour ajouter de la polyvalence et de la fantaisie, des manches volantes amovibles sont incluses afin que vous puissiez facilement personnaliser votre look. Cette robe est \u00e9galement disponible en tulle uni - Eloise-CA.\" \/>\n<meta name=\"robots\" content=\"index, follow, max-snippet:-1, max-image-preview:large, max-video-preview:-1\" \/>\n<link rel=\"canonical\" href=\"https:\/\/www.koonings.com\/fr\/product\/modeca-curves-eloise-c\/\" \/>\n<meta property=\"og:locale\" content=\"fr_FR\" \/>\n<meta property=\"og:type\" content=\"article\" \/>\n<meta property=\"og:title\" content=\"Modeca Curves Eloise-C | Koonings\" \/>\n<meta property=\"og:description\" content=\"Eloise-C est sp\u00e9cialement con\u00e7ue pour les mari\u00e9es aux formes g\u00e9n\u00e9reuses. Cette robe pr\u00e9sente une silhouette flatteuse en ligne A, une jupe en tulle \u00e9tincelante et un magnifique corsage subtilement orn\u00e9 de dentelle \u00e0 paillettes. Pour ajouter de la polyvalence et de la fantaisie, des manches volantes amovibles sont incluses afin que vous puissiez facilement personnaliser votre look. Cette robe est \u00e9galement disponible en tulle uni - Eloise-CA.\" \/>\n<meta property=\"og:url\" content=\"https:\/\/www.koonings.com\/fr\/product\/modeca-curves-eloise-c\/\" \/>\n<meta property=\"og:site_name\" content=\"Koonings\" \/>\n<meta property=\"article:publisher\" content=\"https:\/\/www.facebook.com\/kooningstheweddingpalace\" \/>\n<meta property=\"og:image\" content=\"https:\/\/www.koonings.com\/wp-content\/uploads\/2024\/11\/40321_778a729e46b88133d2ff068063f72cdeb1165bf5e20f0d1ba44d3eea1a591b4f118095a3.jpeg\" \/>\n\t<meta property=\"og:image:width\" content=\"686\" \/>\n\t<meta property=\"og:image:height\" content=\"970\" \/>\n\t<meta property=\"og:image:type\" content=\"image\/jpeg\" \/>\n<meta name=\"twitter:card\" content=\"summary_large_image\" \/>\n<script type=\"application\/ld+json\" class=\"yoast-schema-graph\">{\"@context\":\"https:\\\/\\\/schema.org\",\"@graph\":[{\"@type\":\"WebPage\",\"@id\":\"https:\\\/\\\/www.koonings.com\\\/fr\\\/product\\\/modeca-curves-eloise-c\\\/\",\"url\":\"https:\\\/\\\/www.koonings.com\\\/fr\\\/product\\\/modeca-curves-eloise-c\\\/\",\"name\":\"Modeca Curves Eloise-C | Koonings\",\"isPartOf\":{\"@id\":\"https:\\\/\\\/www.koonings.com\\\/fr\\\/#website\"},\"primaryImageOfPage\":{\"@id\":\"https:\\\/\\\/www.koonings.com\\\/fr\\\/product\\\/modeca-curves-eloise-c\\\/#primaryimage\"},\"image\":{\"@id\":\"https:\\\/\\\/www.koonings.com\\\/fr\\\/product\\\/modeca-curves-eloise-c\\\/#primaryimage\"},\"thumbnailUrl\":\"https:\\\/\\\/www.koonings.com\\\/wp-content\\\/uploads\\\/2024\\\/11\\\/40321_778a729e46b88133d2ff068063f72cdeb1165bf5e20f0d1ba44d3eea1a591b4f118095a3.jpeg\",\"datePublished\":\"2026-04-14T14:18:28+00:00\",\"description\":\"Eloise-C est sp\u00e9cialement con\u00e7ue pour les mari\u00e9es aux formes g\u00e9n\u00e9reuses. Cette robe pr\u00e9sente une silhouette flatteuse en ligne A, une jupe en tulle \u00e9tincelante et un magnifique corsage subtilement orn\u00e9 de dentelle \u00e0 paillettes. Pour ajouter de la polyvalence et de la fantaisie, des manches volantes amovibles sont incluses afin que vous puissiez facilement personnaliser votre look. Cette robe est \u00e9galement disponible en tulle uni - Eloise-CA.\",\"breadcrumb\":{\"@id\":\"https:\\\/\\\/www.koonings.com\\\/fr\\\/product\\\/modeca-curves-eloise-c\\\/#breadcrumb\"},\"inLanguage\":\"fr-FR\",\"potentialAction\":[{\"@type\":\"ReadAction\",\"target\":[\"https:\\\/\\\/www.koonings.com\\\/fr\\\/product\\\/modeca-curves-eloise-c\\\/\"]}]},{\"@type\":\"ImageObject\",\"inLanguage\":\"fr-FR\",\"@id\":\"https:\\\/\\\/www.koonings.com\\\/fr\\\/product\\\/modeca-curves-eloise-c\\\/#primaryimage\",\"url\":\"https:\\\/\\\/www.koonings.com\\\/wp-content\\\/uploads\\\/2024\\\/11\\\/40321_778a729e46b88133d2ff068063f72cdeb1165bf5e20f0d1ba44d3eea1a591b4f118095a3.jpeg\",\"contentUrl\":\"https:\\\/\\\/www.koonings.com\\\/wp-content\\\/uploads\\\/2024\\\/11\\\/40321_778a729e46b88133d2ff068063f72cdeb1165bf5e20f0d1ba44d3eea1a591b4f118095a3.jpeg\",\"width\":686,\"height\":970},{\"@type\":\"BreadcrumbList\",\"@id\":\"https:\\\/\\\/www.koonings.com\\\/fr\\\/product\\\/modeca-curves-eloise-c\\\/#breadcrumb\",\"itemListElement\":[{\"@type\":\"ListItem\",\"position\":1,\"name\":\"Home\",\"item\":\"https:\\\/\\\/www.koonings.com\\\/fr\\\/\"},{\"@type\":\"ListItem\",\"position\":2,\"name\":\"Modeca Curves Eloise-C\"}]},{\"@type\":\"WebSite\",\"@id\":\"https:\\\/\\\/www.koonings.com\\\/fr\\\/#website\",\"url\":\"https:\\\/\\\/www.koonings.com\\\/fr\\\/\",\"name\":\"Koonings\",\"description\":\"De grootste bruidsmodewinkel ter wereld\",\"publisher\":{\"@id\":\"https:\\\/\\\/www.koonings.com\\\/fr\\\/#organization\"},\"potentialAction\":[{\"@type\":\"SearchAction\",\"target\":{\"@type\":\"EntryPoint\",\"urlTemplate\":\"https:\\\/\\\/www.koonings.com\\\/fr\\\/?s={search_term_string}\"},\"query-input\":{\"@type\":\"PropertyValueSpecification\",\"valueRequired\":true,\"valueName\":\"search_term_string\"}}],\"inLanguage\":\"fr-FR\"},{\"@type\":\"Organization\",\"@id\":\"https:\\\/\\\/www.koonings.com\\\/fr\\\/#organization\",\"name\":\"Koonings\",\"url\":\"https:\\\/\\\/www.koonings.com\\\/fr\\\/\",\"logo\":{\"@type\":\"ImageObject\",\"inLanguage\":\"fr-FR\",\"@id\":\"https:\\\/\\\/www.koonings.com\\\/fr\\\/#\\\/schema\\\/logo\\\/image\\\/\",\"url\":\"https:\\\/\\\/www.koonings.com\\\/wp-content\\\/uploads\\\/2024\\\/07\\\/logo.png\",\"contentUrl\":\"https:\\\/\\\/www.koonings.com\\\/wp-content\\\/uploads\\\/2024\\\/07\\\/logo.png\",\"width\":600,\"height\":428,\"caption\":\"Koonings\"},\"image\":{\"@id\":\"https:\\\/\\\/www.koonings.com\\\/fr\\\/#\\\/schema\\\/logo\\\/image\\\/\"},\"sameAs\":[\"https:\\\/\\\/www.facebook.com\\\/kooningstheweddingpalace\",\"https:\\\/\\\/www.instagram.com\\\/kooningstheweddingpalace\",\"https:\\\/\\\/www.pinterest.com\\\/koonings\",\"https:\\\/\\\/www.youtube.com\\\/kooningstheweddingpalace\"]}]}<\/script>\n<!-- \/ Yoast SEO plugin. -->","yoast_head_json":{"title":"Modeca Curves Eloise-C | Koonings","description":"Eloise-C est sp\u00e9cialement con\u00e7ue pour les mari\u00e9es aux formes g\u00e9n\u00e9reuses. Cette robe pr\u00e9sente une silhouette flatteuse en ligne A, une jupe en tulle \u00e9tincelante et un magnifique corsage subtilement orn\u00e9 de dentelle \u00e0 paillettes. Pour ajouter de la polyvalence et de la fantaisie, des manches volantes amovibles sont incluses afin que vous puissiez facilement personnaliser votre look. Cette robe est \u00e9galement disponible en tulle uni - Eloise-CA.","robots":{"index":"index","follow":"follow","max-snippet":"max-snippet:-1","max-image-preview":"max-image-preview:large","max-video-preview":"max-video-preview:-1"},"canonical":"https:\/\/www.koonings.com\/fr\/product\/modeca-curves-eloise-c\/","og_locale":"fr_FR","og_type":"article","og_title":"Modeca Curves Eloise-C | Koonings","og_description":"Eloise-C est sp\u00e9cialement con\u00e7ue pour les mari\u00e9es aux formes g\u00e9n\u00e9reuses. Cette robe pr\u00e9sente une silhouette flatteuse en ligne A, une jupe en tulle \u00e9tincelante et un magnifique corsage subtilement orn\u00e9 de dentelle \u00e0 paillettes. Pour ajouter de la polyvalence et de la fantaisie, des manches volantes amovibles sont incluses afin que vous puissiez facilement personnaliser votre look. Cette robe est \u00e9galement disponible en tulle uni - Eloise-CA.","og_url":"https:\/\/www.koonings.com\/fr\/product\/modeca-curves-eloise-c\/","og_site_name":"Koonings","article_publisher":"https:\/\/www.facebook.com\/kooningstheweddingpalace","og_image":[{"width":686,"height":970,"url":"https:\/\/www.koonings.com\/wp-content\/uploads\/2024\/11\/40321_778a729e46b88133d2ff068063f72cdeb1165bf5e20f0d1ba44d3eea1a591b4f118095a3.jpeg","type":"image\/jpeg"}],"twitter_card":"summary_large_image","schema":{"@context":"https:\/\/schema.org","@graph":[{"@type":"WebPage","@id":"https:\/\/www.koonings.com\/fr\/product\/modeca-curves-eloise-c\/","url":"https:\/\/www.koonings.com\/fr\/product\/modeca-curves-eloise-c\/","name":"Modeca Curves Eloise-C | Koonings","isPartOf":{"@id":"https:\/\/www.koonings.com\/fr\/#website"},"primaryImageOfPage":{"@id":"https:\/\/www.koonings.com\/fr\/product\/modeca-curves-eloise-c\/#primaryimage"},"image":{"@id":"https:\/\/www.koonings.com\/fr\/product\/modeca-curves-eloise-c\/#primaryimage"},"thumbnailUrl":"https:\/\/www.koonings.com\/wp-content\/uploads\/2024\/11\/40321_778a729e46b88133d2ff068063f72cdeb1165bf5e20f0d1ba44d3eea1a591b4f118095a3.jpeg","datePublished":"2026-04-14T14:18:28+00:00","description":"Eloise-C est sp\u00e9cialement con\u00e7ue pour les mari\u00e9es aux formes g\u00e9n\u00e9reuses. Cette robe pr\u00e9sente une silhouette flatteuse en ligne A, une jupe en tulle \u00e9tincelante et un magnifique corsage subtilement orn\u00e9 de dentelle \u00e0 paillettes. Pour ajouter de la polyvalence et de la fantaisie, des manches volantes amovibles sont incluses afin que vous puissiez facilement personnaliser votre look. Cette robe est \u00e9galement disponible en tulle uni - Eloise-CA.","breadcrumb":{"@id":"https:\/\/www.koonings.com\/fr\/product\/modeca-curves-eloise-c\/#breadcrumb"},"inLanguage":"fr-FR","potentialAction":[{"@type":"ReadAction","target":["https:\/\/www.koonings.com\/fr\/product\/modeca-curves-eloise-c\/"]}]},{"@type":"ImageObject","inLanguage":"fr-FR","@id":"https:\/\/www.koonings.com\/fr\/product\/modeca-curves-eloise-c\/#primaryimage","url":"https:\/\/www.koonings.com\/wp-content\/uploads\/2024\/11\/40321_778a729e46b88133d2ff068063f72cdeb1165bf5e20f0d1ba44d3eea1a591b4f118095a3.jpeg","contentUrl":"https:\/\/www.koonings.com\/wp-content\/uploads\/2024\/11\/40321_778a729e46b88133d2ff068063f72cdeb1165bf5e20f0d1ba44d3eea1a591b4f118095a3.jpeg","width":686,"height":970},{"@type":"BreadcrumbList","@id":"https:\/\/www.koonings.com\/fr\/product\/modeca-curves-eloise-c\/#breadcrumb","itemListElement":[{"@type":"ListItem","position":1,"name":"Home","item":"https:\/\/www.koonings.com\/fr\/"},{"@type":"ListItem","position":2,"name":"Modeca Curves Eloise-C"}]},{"@type":"WebSite","@id":"https:\/\/www.koonings.com\/fr\/#website","url":"https:\/\/www.koonings.com\/fr\/","name":"Koonings","description":"De grootste bruidsmodewinkel ter wereld","publisher":{"@id":"https:\/\/www.koonings.com\/fr\/#organization"},"potentialAction":[{"@type":"SearchAction","target":{"@type":"EntryPoint","urlTemplate":"https:\/\/www.koonings.com\/fr\/?s={search_term_string}"},"query-input":{"@type":"PropertyValueSpecification","valueRequired":true,"valueName":"search_term_string"}}],"inLanguage":"fr-FR"},{"@type":"Organization","@id":"https:\/\/www.koonings.com\/fr\/#organization","name":"Koonings","url":"https:\/\/www.koonings.com\/fr\/","logo":{"@type":"ImageObject","inLanguage":"fr-FR","@id":"https:\/\/www.koonings.com\/fr\/#\/schema\/logo\/image\/","url":"https:\/\/www.koonings.com\/wp-content\/uploads\/2024\/07\/logo.png","contentUrl":"https:\/\/www.koonings.com\/wp-content\/uploads\/2024\/07\/logo.png","width":600,"height":428,"caption":"Koonings"},"image":{"@id":"https:\/\/www.koonings.com\/fr\/#\/schema\/logo\/image\/"},"sameAs":["https:\/\/www.facebook.com\/kooningstheweddingpalace","https:\/\/www.instagram.com\/kooningstheweddingpalace","https:\/\/www.pinterest.com\/koonings","https:\/\/www.youtube.com\/kooningstheweddingpalace"]}]}},"_links":{"self":[{"href":"https:\/\/www.koonings.com\/fr\/wp-json\/wp\/v2\/product\/58237","targetHints":{"allow":["GET"]}}],"collection":[{"href":"https:\/\/www.koonings.com\/fr\/wp-json\/wp\/v2\/product"}],"about":[{"href":"https:\/\/www.koonings.com\/fr\/wp-json\/wp\/v2\/types\/product"}],"wp:featuredmedia":[{"embeddable":true,"href":"https:\/\/www.koonings.com\/fr\/wp-json\/wp\/v2\/media\/43820"}],"wp:attachment":[{"href":"https:\/\/www.koonings.com\/fr\/wp-json\/wp\/v2\/media?parent=58237"}],"wp:term":[{"taxonomy":"productdetails","embeddable":true,"href":"https:\/\/www.koonings.com\/fr\/wp-json\/wp\/v2\/productdetails?post=58237"},{"taxonomy":"productneck","embeddable":true,"href":"https:\/\/www.koonings.com\/fr\/wp-json\/wp\/v2\/productneck?post=58237"},{"taxonomy":"productcolor","embeddable":true,"href":"https:\/\/www.koonings.com\/fr\/wp-json\/wp\/v2\/productcolor?post=58237"},{"taxonomy":"maat","embeddable":true,"href":"https:\/\/www.koonings.com\/fr\/wp-json\/wp\/v2\/maat?post=58237"},{"taxonomy":"productsupplier","embeddable":true,"href":"https:\/\/www.koonings.com\/fr\/wp-json\/wp\/v2\/productsupplier?post=58237"},{"taxonomy":"productsleeve","embeddable":true,"href":"https:\/\/www.koonings.com\/fr\/wp-json\/wp\/v2\/productsleeve?post=58237"},{"taxonomy":"productcategory","embeddable":true,"href":"https:\/\/www.koonings.com\/fr\/wp-json\/wp\/v2\/productcategory?post=58237"},{"taxonomy":"productsilhouette","embeddable":true,"href":"https:\/\/www.koonings.com\/fr\/wp-json\/wp\/v2\/productsilhouette?post=58237"},{"taxonomy":"productstyle","embeddable":true,"href":"https:\/\/www.koonings.com\/fr\/wp-json\/wp\/v2\/productstyle?post=58237"}],"curies":[{"name":"wp","href":"https:\/\/api.w.org\/{rel}","templated":true}]}}