{"id":58231,"date":"2026-04-28T18:16:49","date_gmt":"2026-04-28T16:16:49","guid":{"rendered":"https:\/\/www.koonings.com\/product\/modeca-dalma\/"},"modified":"2025-06-05T13:04:08","modified_gmt":"2025-06-05T11:04:08","slug":"modeca-dalma","status":"publish","type":"product","link":"https:\/\/www.koonings.com\/fr\/product\/modeca-dalma\/","title":{"rendered":"Modeca Dalma"},"content":{"rendered":"<p>Entrez dans l&#8217;\u00e9l\u00e9gance avec la robe Dalma, o\u00f9 le romantisme intemporel rencontre la sophistication moderne. L&#8217;encolure en forme de c\u0153ur et le corsage en dentelle illusion ajoutent une touche de romantisme \u00e0 cette superbe tenue de mari\u00e9e. De d\u00e9licats appliques de dentelle ornent l&#8217;ensemble de la robe, ajoutant une touche de charme \u00e9th\u00e9r\u00e9 \u00e0 la silhouette ajust\u00e9e et \u00e9vas\u00e9e.  <\/p>\n","protected":false},"featured_media":43833,"template":"","meta":{"_acf_changed":false,"ghostkit_customizer_options":"","ghostkit_custom_css":"","ghostkit_custom_js_head":"","ghostkit_custom_js_foot":"","ghostkit_typography":""},"productdetails":[381],"productneck":[354,355],"productcolor":[393,392],"maat":[],"productsupplier":[434],"productsleeve":[],"productcategory":[18],"productsilhouette":[387],"productstyle":[366],"class_list":["post-58231","product","type-product","status-publish","has-post-thumbnail","hentry","productdetails-381","productneck-354","productneck-355","productcolor-393","productcolor-392","productsupplier-modeca","productcategory-trouwjurken","productsilhouette-387","productstyle-366"],"acf":[],"yoast_head":"<!-- This site is optimized with the Yoast SEO plugin v27.3 - https:\/\/yoast.com\/product\/yoast-seo-wordpress\/ -->\n<title>Modeca Dalma | Koonings<\/title>\n<meta name=\"description\" content=\"Entrez dans l&#039;\u00e9l\u00e9gance avec la robe Dalma, o\u00f9 le romantisme intemporel rencontre la sophistication moderne. L&#039;encolure en forme de c\u0153ur et le corsage en dentelle illusion ajoutent une touche de romantisme \u00e0 cette superbe tenue de mari\u00e9e. De d\u00e9licats appliques de dentelle ornent l&#039;ensemble de la robe, ajoutant une touche de charme \u00e9th\u00e9r\u00e9 \u00e0 la silhouette ajust\u00e9e et \u00e9vas\u00e9e.\" \/>\n<meta name=\"robots\" content=\"index, follow, max-snippet:-1, max-image-preview:large, max-video-preview:-1\" \/>\n<link rel=\"canonical\" href=\"https:\/\/www.koonings.com\/fr\/product\/modeca-dalma\/\" \/>\n<meta property=\"og:locale\" content=\"fr_FR\" \/>\n<meta property=\"og:type\" content=\"article\" \/>\n<meta property=\"og:title\" content=\"Modeca Dalma | Koonings\" \/>\n<meta property=\"og:description\" content=\"Entrez dans l&#039;\u00e9l\u00e9gance avec la robe Dalma, o\u00f9 le romantisme intemporel rencontre la sophistication moderne. L&#039;encolure en forme de c\u0153ur et le corsage en dentelle illusion ajoutent une touche de romantisme \u00e0 cette superbe tenue de mari\u00e9e. De d\u00e9licats appliques de dentelle ornent l&#039;ensemble de la robe, ajoutant une touche de charme \u00e9th\u00e9r\u00e9 \u00e0 la silhouette ajust\u00e9e et \u00e9vas\u00e9e.\" \/>\n<meta property=\"og:url\" content=\"https:\/\/www.koonings.com\/fr\/product\/modeca-dalma\/\" \/>\n<meta property=\"og:site_name\" content=\"Koonings\" \/>\n<meta property=\"article:publisher\" content=\"https:\/\/www.facebook.com\/kooningstheweddingpalace\" \/>\n<meta property=\"og:image\" content=\"https:\/\/www.koonings.com\/wp-content\/uploads\/2024\/11\/40322_1acc7fef952db581a5b16e7c866b19fabc9fd4480d7da491ab989c8e104aabcffc776d79.jpeg\" \/>\n\t<meta property=\"og:image:width\" content=\"783\" \/>\n\t<meta property=\"og:image:height\" content=\"1106\" \/>\n\t<meta property=\"og:image:type\" content=\"image\/jpeg\" \/>\n<meta name=\"twitter:card\" content=\"summary_large_image\" \/>\n<script type=\"application\/ld+json\" class=\"yoast-schema-graph\">{\"@context\":\"https:\\\/\\\/schema.org\",\"@graph\":[{\"@type\":\"WebPage\",\"@id\":\"https:\\\/\\\/www.koonings.com\\\/fr\\\/product\\\/modeca-dalma\\\/\",\"url\":\"https:\\\/\\\/www.koonings.com\\\/fr\\\/product\\\/modeca-dalma\\\/\",\"name\":\"Modeca Dalma | Koonings\",\"isPartOf\":{\"@id\":\"https:\\\/\\\/www.koonings.com\\\/fr\\\/#website\"},\"primaryImageOfPage\":{\"@id\":\"https:\\\/\\\/www.koonings.com\\\/fr\\\/product\\\/modeca-dalma\\\/#primaryimage\"},\"image\":{\"@id\":\"https:\\\/\\\/www.koonings.com\\\/fr\\\/product\\\/modeca-dalma\\\/#primaryimage\"},\"thumbnailUrl\":\"https:\\\/\\\/www.koonings.com\\\/wp-content\\\/uploads\\\/2024\\\/11\\\/40322_1acc7fef952db581a5b16e7c866b19fabc9fd4480d7da491ab989c8e104aabcffc776d79.jpeg\",\"datePublished\":\"2026-04-28T16:16:49+00:00\",\"description\":\"Entrez dans l'\u00e9l\u00e9gance avec la robe Dalma, o\u00f9 le romantisme intemporel rencontre la sophistication moderne. L'encolure en forme de c\u0153ur et le corsage en dentelle illusion ajoutent une touche de romantisme \u00e0 cette superbe tenue de mari\u00e9e. De d\u00e9licats appliques de dentelle ornent l'ensemble de la robe, ajoutant une touche de charme \u00e9th\u00e9r\u00e9 \u00e0 la silhouette ajust\u00e9e et \u00e9vas\u00e9e.\",\"breadcrumb\":{\"@id\":\"https:\\\/\\\/www.koonings.com\\\/fr\\\/product\\\/modeca-dalma\\\/#breadcrumb\"},\"inLanguage\":\"fr-FR\",\"potentialAction\":[{\"@type\":\"ReadAction\",\"target\":[\"https:\\\/\\\/www.koonings.com\\\/fr\\\/product\\\/modeca-dalma\\\/\"]}]},{\"@type\":\"ImageObject\",\"inLanguage\":\"fr-FR\",\"@id\":\"https:\\\/\\\/www.koonings.com\\\/fr\\\/product\\\/modeca-dalma\\\/#primaryimage\",\"url\":\"https:\\\/\\\/www.koonings.com\\\/wp-content\\\/uploads\\\/2024\\\/11\\\/40322_1acc7fef952db581a5b16e7c866b19fabc9fd4480d7da491ab989c8e104aabcffc776d79.jpeg\",\"contentUrl\":\"https:\\\/\\\/www.koonings.com\\\/wp-content\\\/uploads\\\/2024\\\/11\\\/40322_1acc7fef952db581a5b16e7c866b19fabc9fd4480d7da491ab989c8e104aabcffc776d79.jpeg\",\"width\":783,\"height\":1106},{\"@type\":\"BreadcrumbList\",\"@id\":\"https:\\\/\\\/www.koonings.com\\\/fr\\\/product\\\/modeca-dalma\\\/#breadcrumb\",\"itemListElement\":[{\"@type\":\"ListItem\",\"position\":1,\"name\":\"Home\",\"item\":\"https:\\\/\\\/www.koonings.com\\\/fr\\\/\"},{\"@type\":\"ListItem\",\"position\":2,\"name\":\"Modeca Dalma\"}]},{\"@type\":\"WebSite\",\"@id\":\"https:\\\/\\\/www.koonings.com\\\/fr\\\/#website\",\"url\":\"https:\\\/\\\/www.koonings.com\\\/fr\\\/\",\"name\":\"Koonings\",\"description\":\"De grootste bruidsmodewinkel ter wereld\",\"publisher\":{\"@id\":\"https:\\\/\\\/www.koonings.com\\\/fr\\\/#organization\"},\"potentialAction\":[{\"@type\":\"SearchAction\",\"target\":{\"@type\":\"EntryPoint\",\"urlTemplate\":\"https:\\\/\\\/www.koonings.com\\\/fr\\\/?s={search_term_string}\"},\"query-input\":{\"@type\":\"PropertyValueSpecification\",\"valueRequired\":true,\"valueName\":\"search_term_string\"}}],\"inLanguage\":\"fr-FR\"},{\"@type\":\"Organization\",\"@id\":\"https:\\\/\\\/www.koonings.com\\\/fr\\\/#organization\",\"name\":\"Koonings\",\"url\":\"https:\\\/\\\/www.koonings.com\\\/fr\\\/\",\"logo\":{\"@type\":\"ImageObject\",\"inLanguage\":\"fr-FR\",\"@id\":\"https:\\\/\\\/www.koonings.com\\\/fr\\\/#\\\/schema\\\/logo\\\/image\\\/\",\"url\":\"https:\\\/\\\/www.koonings.com\\\/wp-content\\\/uploads\\\/2024\\\/07\\\/logo.png\",\"contentUrl\":\"https:\\\/\\\/www.koonings.com\\\/wp-content\\\/uploads\\\/2024\\\/07\\\/logo.png\",\"width\":600,\"height\":428,\"caption\":\"Koonings\"},\"image\":{\"@id\":\"https:\\\/\\\/www.koonings.com\\\/fr\\\/#\\\/schema\\\/logo\\\/image\\\/\"},\"sameAs\":[\"https:\\\/\\\/www.facebook.com\\\/kooningstheweddingpalace\",\"https:\\\/\\\/www.instagram.com\\\/kooningstheweddingpalace\",\"https:\\\/\\\/www.pinterest.com\\\/koonings\",\"https:\\\/\\\/www.youtube.com\\\/kooningstheweddingpalace\"]}]}<\/script>\n<!-- \/ Yoast SEO plugin. -->","yoast_head_json":{"title":"Modeca Dalma | Koonings","description":"Entrez dans l'\u00e9l\u00e9gance avec la robe Dalma, o\u00f9 le romantisme intemporel rencontre la sophistication moderne. L'encolure en forme de c\u0153ur et le corsage en dentelle illusion ajoutent une touche de romantisme \u00e0 cette superbe tenue de mari\u00e9e. De d\u00e9licats appliques de dentelle ornent l'ensemble de la robe, ajoutant une touche de charme \u00e9th\u00e9r\u00e9 \u00e0 la silhouette ajust\u00e9e et \u00e9vas\u00e9e.","robots":{"index":"index","follow":"follow","max-snippet":"max-snippet:-1","max-image-preview":"max-image-preview:large","max-video-preview":"max-video-preview:-1"},"canonical":"https:\/\/www.koonings.com\/fr\/product\/modeca-dalma\/","og_locale":"fr_FR","og_type":"article","og_title":"Modeca Dalma | Koonings","og_description":"Entrez dans l'\u00e9l\u00e9gance avec la robe Dalma, o\u00f9 le romantisme intemporel rencontre la sophistication moderne. L'encolure en forme de c\u0153ur et le corsage en dentelle illusion ajoutent une touche de romantisme \u00e0 cette superbe tenue de mari\u00e9e. De d\u00e9licats appliques de dentelle ornent l'ensemble de la robe, ajoutant une touche de charme \u00e9th\u00e9r\u00e9 \u00e0 la silhouette ajust\u00e9e et \u00e9vas\u00e9e.","og_url":"https:\/\/www.koonings.com\/fr\/product\/modeca-dalma\/","og_site_name":"Koonings","article_publisher":"https:\/\/www.facebook.com\/kooningstheweddingpalace","og_image":[{"width":783,"height":1106,"url":"https:\/\/www.koonings.com\/wp-content\/uploads\/2024\/11\/40322_1acc7fef952db581a5b16e7c866b19fabc9fd4480d7da491ab989c8e104aabcffc776d79.jpeg","type":"image\/jpeg"}],"twitter_card":"summary_large_image","schema":{"@context":"https:\/\/schema.org","@graph":[{"@type":"WebPage","@id":"https:\/\/www.koonings.com\/fr\/product\/modeca-dalma\/","url":"https:\/\/www.koonings.com\/fr\/product\/modeca-dalma\/","name":"Modeca Dalma | Koonings","isPartOf":{"@id":"https:\/\/www.koonings.com\/fr\/#website"},"primaryImageOfPage":{"@id":"https:\/\/www.koonings.com\/fr\/product\/modeca-dalma\/#primaryimage"},"image":{"@id":"https:\/\/www.koonings.com\/fr\/product\/modeca-dalma\/#primaryimage"},"thumbnailUrl":"https:\/\/www.koonings.com\/wp-content\/uploads\/2024\/11\/40322_1acc7fef952db581a5b16e7c866b19fabc9fd4480d7da491ab989c8e104aabcffc776d79.jpeg","datePublished":"2026-04-28T16:16:49+00:00","description":"Entrez dans l'\u00e9l\u00e9gance avec la robe Dalma, o\u00f9 le romantisme intemporel rencontre la sophistication moderne. L'encolure en forme de c\u0153ur et le corsage en dentelle illusion ajoutent une touche de romantisme \u00e0 cette superbe tenue de mari\u00e9e. De d\u00e9licats appliques de dentelle ornent l'ensemble de la robe, ajoutant une touche de charme \u00e9th\u00e9r\u00e9 \u00e0 la silhouette ajust\u00e9e et \u00e9vas\u00e9e.","breadcrumb":{"@id":"https:\/\/www.koonings.com\/fr\/product\/modeca-dalma\/#breadcrumb"},"inLanguage":"fr-FR","potentialAction":[{"@type":"ReadAction","target":["https:\/\/www.koonings.com\/fr\/product\/modeca-dalma\/"]}]},{"@type":"ImageObject","inLanguage":"fr-FR","@id":"https:\/\/www.koonings.com\/fr\/product\/modeca-dalma\/#primaryimage","url":"https:\/\/www.koonings.com\/wp-content\/uploads\/2024\/11\/40322_1acc7fef952db581a5b16e7c866b19fabc9fd4480d7da491ab989c8e104aabcffc776d79.jpeg","contentUrl":"https:\/\/www.koonings.com\/wp-content\/uploads\/2024\/11\/40322_1acc7fef952db581a5b16e7c866b19fabc9fd4480d7da491ab989c8e104aabcffc776d79.jpeg","width":783,"height":1106},{"@type":"BreadcrumbList","@id":"https:\/\/www.koonings.com\/fr\/product\/modeca-dalma\/#breadcrumb","itemListElement":[{"@type":"ListItem","position":1,"name":"Home","item":"https:\/\/www.koonings.com\/fr\/"},{"@type":"ListItem","position":2,"name":"Modeca Dalma"}]},{"@type":"WebSite","@id":"https:\/\/www.koonings.com\/fr\/#website","url":"https:\/\/www.koonings.com\/fr\/","name":"Koonings","description":"De grootste bruidsmodewinkel ter wereld","publisher":{"@id":"https:\/\/www.koonings.com\/fr\/#organization"},"potentialAction":[{"@type":"SearchAction","target":{"@type":"EntryPoint","urlTemplate":"https:\/\/www.koonings.com\/fr\/?s={search_term_string}"},"query-input":{"@type":"PropertyValueSpecification","valueRequired":true,"valueName":"search_term_string"}}],"inLanguage":"fr-FR"},{"@type":"Organization","@id":"https:\/\/www.koonings.com\/fr\/#organization","name":"Koonings","url":"https:\/\/www.koonings.com\/fr\/","logo":{"@type":"ImageObject","inLanguage":"fr-FR","@id":"https:\/\/www.koonings.com\/fr\/#\/schema\/logo\/image\/","url":"https:\/\/www.koonings.com\/wp-content\/uploads\/2024\/07\/logo.png","contentUrl":"https:\/\/www.koonings.com\/wp-content\/uploads\/2024\/07\/logo.png","width":600,"height":428,"caption":"Koonings"},"image":{"@id":"https:\/\/www.koonings.com\/fr\/#\/schema\/logo\/image\/"},"sameAs":["https:\/\/www.facebook.com\/kooningstheweddingpalace","https:\/\/www.instagram.com\/kooningstheweddingpalace","https:\/\/www.pinterest.com\/koonings","https:\/\/www.youtube.com\/kooningstheweddingpalace"]}]}},"_links":{"self":[{"href":"https:\/\/www.koonings.com\/fr\/wp-json\/wp\/v2\/product\/58231","targetHints":{"allow":["GET"]}}],"collection":[{"href":"https:\/\/www.koonings.com\/fr\/wp-json\/wp\/v2\/product"}],"about":[{"href":"https:\/\/www.koonings.com\/fr\/wp-json\/wp\/v2\/types\/product"}],"wp:featuredmedia":[{"embeddable":true,"href":"https:\/\/www.koonings.com\/fr\/wp-json\/wp\/v2\/media\/43833"}],"wp:attachment":[{"href":"https:\/\/www.koonings.com\/fr\/wp-json\/wp\/v2\/media?parent=58231"}],"wp:term":[{"taxonomy":"productdetails","embeddable":true,"href":"https:\/\/www.koonings.com\/fr\/wp-json\/wp\/v2\/productdetails?post=58231"},{"taxonomy":"productneck","embeddable":true,"href":"https:\/\/www.koonings.com\/fr\/wp-json\/wp\/v2\/productneck?post=58231"},{"taxonomy":"productcolor","embeddable":true,"href":"https:\/\/www.koonings.com\/fr\/wp-json\/wp\/v2\/productcolor?post=58231"},{"taxonomy":"maat","embeddable":true,"href":"https:\/\/www.koonings.com\/fr\/wp-json\/wp\/v2\/maat?post=58231"},{"taxonomy":"productsupplier","embeddable":true,"href":"https:\/\/www.koonings.com\/fr\/wp-json\/wp\/v2\/productsupplier?post=58231"},{"taxonomy":"productsleeve","embeddable":true,"href":"https:\/\/www.koonings.com\/fr\/wp-json\/wp\/v2\/productsleeve?post=58231"},{"taxonomy":"productcategory","embeddable":true,"href":"https:\/\/www.koonings.com\/fr\/wp-json\/wp\/v2\/productcategory?post=58231"},{"taxonomy":"productsilhouette","embeddable":true,"href":"https:\/\/www.koonings.com\/fr\/wp-json\/wp\/v2\/productsilhouette?post=58231"},{"taxonomy":"productstyle","embeddable":true,"href":"https:\/\/www.koonings.com\/fr\/wp-json\/wp\/v2\/productstyle?post=58231"}],"curies":[{"name":"wp","href":"https:\/\/api.w.org\/{rel}","templated":true}]}}