{"id":58226,"date":"2026-05-06T15:18:04","date_gmt":"2026-05-06T13:18:04","guid":{"rendered":"https:\/\/www.koonings.com\/product\/modeca-damian\/"},"modified":"2025-06-05T13:04:07","modified_gmt":"2025-06-05T11:04:07","slug":"modeca-damian","status":"publish","type":"product","link":"https:\/\/www.koonings.com\/fr\/product\/modeca-damian\/","title":{"rendered":"Modeca Damian"},"content":{"rendered":"<p>Voici la robe de mari\u00e9e Damian, un chef-d&#8217;\u0153uvre \u00e0 couper le souffle. Cette robe bustier ajust\u00e9e et \u00e9vas\u00e9e est confectionn\u00e9e dans un luxueux mikado extensible et garantit \u00e0 la fois confort et style lors de votre journ\u00e9e sp\u00e9ciale. Le corsage \u00e0 plis complexes, orn\u00e9 d&#8217;un drap\u00e9 d\u00e9licat, ajoute de la dimension \u00e0 ce style. L&#8217;encolure est rehauss\u00e9e d&#8217;une magnifique dentelle florale qui attirera tous les regards.   <\/p>\n","protected":false},"featured_media":43846,"template":"","meta":{"_acf_changed":false,"ghostkit_customizer_options":"","ghostkit_custom_css":"","ghostkit_custom_js_head":"","ghostkit_custom_js_foot":"","ghostkit_typography":""},"productdetails":[],"productneck":[352,354],"productcolor":[392],"maat":[],"productsupplier":[434],"productsleeve":[],"productcategory":[18],"productsilhouette":[389],"productstyle":[365,370],"class_list":["post-58226","product","type-product","status-publish","has-post-thumbnail","hentry","productneck-352","productneck-354","productcolor-392","productsupplier-modeca","productcategory-trouwjurken","productsilhouette-389","productstyle-365","productstyle-370"],"acf":[],"yoast_head":"<!-- This site is optimized with the Yoast SEO plugin v27.3 - https:\/\/yoast.com\/product\/yoast-seo-wordpress\/ -->\n<title>Modeca Damian | Koonings<\/title>\n<meta name=\"description\" content=\"Voici la robe de mari\u00e9e Damian, un chef-d&#039;\u0153uvre \u00e0 couper le souffle. Cette robe bustier ajust\u00e9e et \u00e9vas\u00e9e est confectionn\u00e9e dans un luxueux mikado extensible et garantit \u00e0 la fois confort et style lors de votre journ\u00e9e sp\u00e9ciale. Le corsage \u00e0 plis complexes, orn\u00e9 d&#039;un drap\u00e9 d\u00e9licat, ajoute de la dimension \u00e0 ce style. L&#039;encolure est rehauss\u00e9e d&#039;une magnifique dentelle florale qui attirera tous les regards.\" \/>\n<meta name=\"robots\" content=\"index, follow, max-snippet:-1, max-image-preview:large, max-video-preview:-1\" \/>\n<link rel=\"canonical\" href=\"https:\/\/www.koonings.com\/fr\/product\/modeca-damian\/\" \/>\n<meta property=\"og:locale\" content=\"fr_FR\" \/>\n<meta property=\"og:type\" content=\"article\" \/>\n<meta property=\"og:title\" content=\"Modeca Damian | Koonings\" \/>\n<meta property=\"og:description\" content=\"Voici la robe de mari\u00e9e Damian, un chef-d&#039;\u0153uvre \u00e0 couper le souffle. Cette robe bustier ajust\u00e9e et \u00e9vas\u00e9e est confectionn\u00e9e dans un luxueux mikado extensible et garantit \u00e0 la fois confort et style lors de votre journ\u00e9e sp\u00e9ciale. Le corsage \u00e0 plis complexes, orn\u00e9 d&#039;un drap\u00e9 d\u00e9licat, ajoute de la dimension \u00e0 ce style. L&#039;encolure est rehauss\u00e9e d&#039;une magnifique dentelle florale qui attirera tous les regards.\" \/>\n<meta property=\"og:url\" content=\"https:\/\/www.koonings.com\/fr\/product\/modeca-damian\/\" \/>\n<meta property=\"og:site_name\" content=\"Koonings\" \/>\n<meta property=\"article:publisher\" content=\"https:\/\/www.facebook.com\/kooningstheweddingpalace\" \/>\n<meta property=\"og:image\" content=\"https:\/\/www.koonings.com\/wp-content\/uploads\/2024\/11\/40323_950b184046bbe19a9f81578fe0ded0dda7be969d3c3d47726437f9f7129ffebb21c0b233.jpeg\" \/>\n\t<meta property=\"og:image:width\" content=\"800\" \/>\n\t<meta property=\"og:image:height\" content=\"1133\" \/>\n\t<meta property=\"og:image:type\" content=\"image\/jpeg\" \/>\n<meta name=\"twitter:card\" content=\"summary_large_image\" \/>\n<script type=\"application\/ld+json\" class=\"yoast-schema-graph\">{\"@context\":\"https:\\\/\\\/schema.org\",\"@graph\":[{\"@type\":\"WebPage\",\"@id\":\"https:\\\/\\\/www.koonings.com\\\/fr\\\/product\\\/modeca-damian\\\/\",\"url\":\"https:\\\/\\\/www.koonings.com\\\/fr\\\/product\\\/modeca-damian\\\/\",\"name\":\"Modeca Damian | Koonings\",\"isPartOf\":{\"@id\":\"https:\\\/\\\/www.koonings.com\\\/fr\\\/#website\"},\"primaryImageOfPage\":{\"@id\":\"https:\\\/\\\/www.koonings.com\\\/fr\\\/product\\\/modeca-damian\\\/#primaryimage\"},\"image\":{\"@id\":\"https:\\\/\\\/www.koonings.com\\\/fr\\\/product\\\/modeca-damian\\\/#primaryimage\"},\"thumbnailUrl\":\"https:\\\/\\\/www.koonings.com\\\/wp-content\\\/uploads\\\/2024\\\/11\\\/40323_950b184046bbe19a9f81578fe0ded0dda7be969d3c3d47726437f9f7129ffebb21c0b233.jpeg\",\"datePublished\":\"2026-05-06T13:18:04+00:00\",\"description\":\"Voici la robe de mari\u00e9e Damian, un chef-d'\u0153uvre \u00e0 couper le souffle. Cette robe bustier ajust\u00e9e et \u00e9vas\u00e9e est confectionn\u00e9e dans un luxueux mikado extensible et garantit \u00e0 la fois confort et style lors de votre journ\u00e9e sp\u00e9ciale. Le corsage \u00e0 plis complexes, orn\u00e9 d'un drap\u00e9 d\u00e9licat, ajoute de la dimension \u00e0 ce style. L'encolure est rehauss\u00e9e d'une magnifique dentelle florale qui attirera tous les regards.\",\"breadcrumb\":{\"@id\":\"https:\\\/\\\/www.koonings.com\\\/fr\\\/product\\\/modeca-damian\\\/#breadcrumb\"},\"inLanguage\":\"fr-FR\",\"potentialAction\":[{\"@type\":\"ReadAction\",\"target\":[\"https:\\\/\\\/www.koonings.com\\\/fr\\\/product\\\/modeca-damian\\\/\"]}]},{\"@type\":\"ImageObject\",\"inLanguage\":\"fr-FR\",\"@id\":\"https:\\\/\\\/www.koonings.com\\\/fr\\\/product\\\/modeca-damian\\\/#primaryimage\",\"url\":\"https:\\\/\\\/www.koonings.com\\\/wp-content\\\/uploads\\\/2024\\\/11\\\/40323_950b184046bbe19a9f81578fe0ded0dda7be969d3c3d47726437f9f7129ffebb21c0b233.jpeg\",\"contentUrl\":\"https:\\\/\\\/www.koonings.com\\\/wp-content\\\/uploads\\\/2024\\\/11\\\/40323_950b184046bbe19a9f81578fe0ded0dda7be969d3c3d47726437f9f7129ffebb21c0b233.jpeg\",\"width\":800,\"height\":1133},{\"@type\":\"BreadcrumbList\",\"@id\":\"https:\\\/\\\/www.koonings.com\\\/fr\\\/product\\\/modeca-damian\\\/#breadcrumb\",\"itemListElement\":[{\"@type\":\"ListItem\",\"position\":1,\"name\":\"Home\",\"item\":\"https:\\\/\\\/www.koonings.com\\\/fr\\\/\"},{\"@type\":\"ListItem\",\"position\":2,\"name\":\"Modeca Damian\"}]},{\"@type\":\"WebSite\",\"@id\":\"https:\\\/\\\/www.koonings.com\\\/fr\\\/#website\",\"url\":\"https:\\\/\\\/www.koonings.com\\\/fr\\\/\",\"name\":\"Koonings\",\"description\":\"De grootste bruidsmodewinkel ter wereld\",\"publisher\":{\"@id\":\"https:\\\/\\\/www.koonings.com\\\/fr\\\/#organization\"},\"potentialAction\":[{\"@type\":\"SearchAction\",\"target\":{\"@type\":\"EntryPoint\",\"urlTemplate\":\"https:\\\/\\\/www.koonings.com\\\/fr\\\/?s={search_term_string}\"},\"query-input\":{\"@type\":\"PropertyValueSpecification\",\"valueRequired\":true,\"valueName\":\"search_term_string\"}}],\"inLanguage\":\"fr-FR\"},{\"@type\":\"Organization\",\"@id\":\"https:\\\/\\\/www.koonings.com\\\/fr\\\/#organization\",\"name\":\"Koonings\",\"url\":\"https:\\\/\\\/www.koonings.com\\\/fr\\\/\",\"logo\":{\"@type\":\"ImageObject\",\"inLanguage\":\"fr-FR\",\"@id\":\"https:\\\/\\\/www.koonings.com\\\/fr\\\/#\\\/schema\\\/logo\\\/image\\\/\",\"url\":\"https:\\\/\\\/www.koonings.com\\\/wp-content\\\/uploads\\\/2024\\\/07\\\/logo.png\",\"contentUrl\":\"https:\\\/\\\/www.koonings.com\\\/wp-content\\\/uploads\\\/2024\\\/07\\\/logo.png\",\"width\":600,\"height\":428,\"caption\":\"Koonings\"},\"image\":{\"@id\":\"https:\\\/\\\/www.koonings.com\\\/fr\\\/#\\\/schema\\\/logo\\\/image\\\/\"},\"sameAs\":[\"https:\\\/\\\/www.facebook.com\\\/kooningstheweddingpalace\",\"https:\\\/\\\/www.instagram.com\\\/kooningstheweddingpalace\",\"https:\\\/\\\/www.pinterest.com\\\/koonings\",\"https:\\\/\\\/www.youtube.com\\\/kooningstheweddingpalace\"]}]}<\/script>\n<!-- \/ Yoast SEO plugin. -->","yoast_head_json":{"title":"Modeca Damian | Koonings","description":"Voici la robe de mari\u00e9e Damian, un chef-d'\u0153uvre \u00e0 couper le souffle. Cette robe bustier ajust\u00e9e et \u00e9vas\u00e9e est confectionn\u00e9e dans un luxueux mikado extensible et garantit \u00e0 la fois confort et style lors de votre journ\u00e9e sp\u00e9ciale. Le corsage \u00e0 plis complexes, orn\u00e9 d'un drap\u00e9 d\u00e9licat, ajoute de la dimension \u00e0 ce style. L'encolure est rehauss\u00e9e d'une magnifique dentelle florale qui attirera tous les regards.","robots":{"index":"index","follow":"follow","max-snippet":"max-snippet:-1","max-image-preview":"max-image-preview:large","max-video-preview":"max-video-preview:-1"},"canonical":"https:\/\/www.koonings.com\/fr\/product\/modeca-damian\/","og_locale":"fr_FR","og_type":"article","og_title":"Modeca Damian | Koonings","og_description":"Voici la robe de mari\u00e9e Damian, un chef-d'\u0153uvre \u00e0 couper le souffle. Cette robe bustier ajust\u00e9e et \u00e9vas\u00e9e est confectionn\u00e9e dans un luxueux mikado extensible et garantit \u00e0 la fois confort et style lors de votre journ\u00e9e sp\u00e9ciale. Le corsage \u00e0 plis complexes, orn\u00e9 d'un drap\u00e9 d\u00e9licat, ajoute de la dimension \u00e0 ce style. L'encolure est rehauss\u00e9e d'une magnifique dentelle florale qui attirera tous les regards.","og_url":"https:\/\/www.koonings.com\/fr\/product\/modeca-damian\/","og_site_name":"Koonings","article_publisher":"https:\/\/www.facebook.com\/kooningstheweddingpalace","og_image":[{"width":800,"height":1133,"url":"https:\/\/www.koonings.com\/wp-content\/uploads\/2024\/11\/40323_950b184046bbe19a9f81578fe0ded0dda7be969d3c3d47726437f9f7129ffebb21c0b233.jpeg","type":"image\/jpeg"}],"twitter_card":"summary_large_image","schema":{"@context":"https:\/\/schema.org","@graph":[{"@type":"WebPage","@id":"https:\/\/www.koonings.com\/fr\/product\/modeca-damian\/","url":"https:\/\/www.koonings.com\/fr\/product\/modeca-damian\/","name":"Modeca Damian | Koonings","isPartOf":{"@id":"https:\/\/www.koonings.com\/fr\/#website"},"primaryImageOfPage":{"@id":"https:\/\/www.koonings.com\/fr\/product\/modeca-damian\/#primaryimage"},"image":{"@id":"https:\/\/www.koonings.com\/fr\/product\/modeca-damian\/#primaryimage"},"thumbnailUrl":"https:\/\/www.koonings.com\/wp-content\/uploads\/2024\/11\/40323_950b184046bbe19a9f81578fe0ded0dda7be969d3c3d47726437f9f7129ffebb21c0b233.jpeg","datePublished":"2026-05-06T13:18:04+00:00","description":"Voici la robe de mari\u00e9e Damian, un chef-d'\u0153uvre \u00e0 couper le souffle. Cette robe bustier ajust\u00e9e et \u00e9vas\u00e9e est confectionn\u00e9e dans un luxueux mikado extensible et garantit \u00e0 la fois confort et style lors de votre journ\u00e9e sp\u00e9ciale. Le corsage \u00e0 plis complexes, orn\u00e9 d'un drap\u00e9 d\u00e9licat, ajoute de la dimension \u00e0 ce style. L'encolure est rehauss\u00e9e d'une magnifique dentelle florale qui attirera tous les regards.","breadcrumb":{"@id":"https:\/\/www.koonings.com\/fr\/product\/modeca-damian\/#breadcrumb"},"inLanguage":"fr-FR","potentialAction":[{"@type":"ReadAction","target":["https:\/\/www.koonings.com\/fr\/product\/modeca-damian\/"]}]},{"@type":"ImageObject","inLanguage":"fr-FR","@id":"https:\/\/www.koonings.com\/fr\/product\/modeca-damian\/#primaryimage","url":"https:\/\/www.koonings.com\/wp-content\/uploads\/2024\/11\/40323_950b184046bbe19a9f81578fe0ded0dda7be969d3c3d47726437f9f7129ffebb21c0b233.jpeg","contentUrl":"https:\/\/www.koonings.com\/wp-content\/uploads\/2024\/11\/40323_950b184046bbe19a9f81578fe0ded0dda7be969d3c3d47726437f9f7129ffebb21c0b233.jpeg","width":800,"height":1133},{"@type":"BreadcrumbList","@id":"https:\/\/www.koonings.com\/fr\/product\/modeca-damian\/#breadcrumb","itemListElement":[{"@type":"ListItem","position":1,"name":"Home","item":"https:\/\/www.koonings.com\/fr\/"},{"@type":"ListItem","position":2,"name":"Modeca Damian"}]},{"@type":"WebSite","@id":"https:\/\/www.koonings.com\/fr\/#website","url":"https:\/\/www.koonings.com\/fr\/","name":"Koonings","description":"De grootste bruidsmodewinkel ter wereld","publisher":{"@id":"https:\/\/www.koonings.com\/fr\/#organization"},"potentialAction":[{"@type":"SearchAction","target":{"@type":"EntryPoint","urlTemplate":"https:\/\/www.koonings.com\/fr\/?s={search_term_string}"},"query-input":{"@type":"PropertyValueSpecification","valueRequired":true,"valueName":"search_term_string"}}],"inLanguage":"fr-FR"},{"@type":"Organization","@id":"https:\/\/www.koonings.com\/fr\/#organization","name":"Koonings","url":"https:\/\/www.koonings.com\/fr\/","logo":{"@type":"ImageObject","inLanguage":"fr-FR","@id":"https:\/\/www.koonings.com\/fr\/#\/schema\/logo\/image\/","url":"https:\/\/www.koonings.com\/wp-content\/uploads\/2024\/07\/logo.png","contentUrl":"https:\/\/www.koonings.com\/wp-content\/uploads\/2024\/07\/logo.png","width":600,"height":428,"caption":"Koonings"},"image":{"@id":"https:\/\/www.koonings.com\/fr\/#\/schema\/logo\/image\/"},"sameAs":["https:\/\/www.facebook.com\/kooningstheweddingpalace","https:\/\/www.instagram.com\/kooningstheweddingpalace","https:\/\/www.pinterest.com\/koonings","https:\/\/www.youtube.com\/kooningstheweddingpalace"]}]}},"_links":{"self":[{"href":"https:\/\/www.koonings.com\/fr\/wp-json\/wp\/v2\/product\/58226","targetHints":{"allow":["GET"]}}],"collection":[{"href":"https:\/\/www.koonings.com\/fr\/wp-json\/wp\/v2\/product"}],"about":[{"href":"https:\/\/www.koonings.com\/fr\/wp-json\/wp\/v2\/types\/product"}],"wp:featuredmedia":[{"embeddable":true,"href":"https:\/\/www.koonings.com\/fr\/wp-json\/wp\/v2\/media\/43846"}],"wp:attachment":[{"href":"https:\/\/www.koonings.com\/fr\/wp-json\/wp\/v2\/media?parent=58226"}],"wp:term":[{"taxonomy":"productdetails","embeddable":true,"href":"https:\/\/www.koonings.com\/fr\/wp-json\/wp\/v2\/productdetails?post=58226"},{"taxonomy":"productneck","embeddable":true,"href":"https:\/\/www.koonings.com\/fr\/wp-json\/wp\/v2\/productneck?post=58226"},{"taxonomy":"productcolor","embeddable":true,"href":"https:\/\/www.koonings.com\/fr\/wp-json\/wp\/v2\/productcolor?post=58226"},{"taxonomy":"maat","embeddable":true,"href":"https:\/\/www.koonings.com\/fr\/wp-json\/wp\/v2\/maat?post=58226"},{"taxonomy":"productsupplier","embeddable":true,"href":"https:\/\/www.koonings.com\/fr\/wp-json\/wp\/v2\/productsupplier?post=58226"},{"taxonomy":"productsleeve","embeddable":true,"href":"https:\/\/www.koonings.com\/fr\/wp-json\/wp\/v2\/productsleeve?post=58226"},{"taxonomy":"productcategory","embeddable":true,"href":"https:\/\/www.koonings.com\/fr\/wp-json\/wp\/v2\/productcategory?post=58226"},{"taxonomy":"productsilhouette","embeddable":true,"href":"https:\/\/www.koonings.com\/fr\/wp-json\/wp\/v2\/productsilhouette?post=58226"},{"taxonomy":"productstyle","embeddable":true,"href":"https:\/\/www.koonings.com\/fr\/wp-json\/wp\/v2\/productstyle?post=58226"}],"curies":[{"name":"wp","href":"https:\/\/api.w.org\/{rel}","templated":true}]}}