{"id":58213,"date":"2026-04-21T18:18:33","date_gmt":"2026-04-21T16:18:33","guid":{"rendered":"https:\/\/www.koonings.com\/product\/randy-fenoli-ginny\/"},"modified":"2025-06-05T13:05:16","modified_gmt":"2025-06-05T11:05:16","slug":"randy-fenoli-ginny","status":"publish","type":"product","link":"https:\/\/www.koonings.com\/fr\/product\/randy-fenoli-ginny\/","title":{"rendered":"Randy Fenoli Ginny"},"content":{"rendered":"<p>Ginny est une robe trompette romantique et f\u00e9minine. Le corsage est dot\u00e9 d&#8217;un large d\u00e9collet\u00e9 en V et d&#8217;une armature. Le devant du corsage se fond parfaitement dans un dos en V avec des d\u00e9tails de superposition en dentelle. La robe est parsem\u00e9e de dentelle florale de r\u00eave et d&#8217;applications florales en 3D. Une couche de tulle scintillant sous la dentelle ajoute une dimension suppl\u00e9mentaire d&#8217;\u00e9clat. Les coutures princesse au dos de la robe accentuent la silhouette. Ginny poss\u00e8de une magnifique tra\u00eene frang\u00e9e de la m\u00eame dentelle que le reste de la robe. Cette robe peut \u00eatre port\u00e9e sans bretelles ou avec des bretelles d\u00e9tachables assorties sur ou hors \u00e9paules. Les bretelles peuvent \u00eatre command\u00e9es s\u00e9par\u00e9ment.        <\/p>\n","protected":false},"featured_media":43906,"template":"","meta":{"_acf_changed":false,"ghostkit_customizer_options":"","ghostkit_custom_css":"","ghostkit_custom_js_head":"","ghostkit_custom_js_foot":"","ghostkit_typography":""},"productdetails":[376],"productneck":[354],"productcolor":[393,392],"maat":[],"productsupplier":[422],"productsleeve":[],"productcategory":[18],"productsilhouette":[390],"productstyle":[366],"class_list":["post-58213","product","type-product","status-publish","has-post-thumbnail","hentry","productdetails-376","productneck-354","productcolor-393","productcolor-392","productsupplier-randy-fenoli","productcategory-trouwjurken","productsilhouette-390","productstyle-366"],"acf":[],"yoast_head":"<!-- This site is optimized with the Yoast SEO plugin v27.3 - https:\/\/yoast.com\/product\/yoast-seo-wordpress\/ -->\n<title>Randy Fenoli Ginny | Koonings<\/title>\n<meta name=\"description\" content=\"Ginny est une robe trompette romantique et f\u00e9minine. Le corsage est dot\u00e9 d&#039;un large d\u00e9collet\u00e9 en V et d&#039;une armature. Le devant du corsage se fond parfaitement dans un dos en V avec des d\u00e9tails de superposition en dentelle. La robe est parsem\u00e9e de dentelle florale de r\u00eave et d&#039;applications florales en 3D. Une couche de tulle scintillant sous la dentelle ajoute une dimension suppl\u00e9mentaire d&#039;\u00e9clat. Les coutures princesse au dos de la robe accentuent la silhouette. Ginny poss\u00e8de une magnifique tra\u00eene frang\u00e9e de la m\u00eame dentelle que le reste de la robe. Cette robe peut \u00eatre port\u00e9e sans bretelles ou avec des bretelles d\u00e9tachables assorties sur ou hors \u00e9paules. Les bretelles peuvent \u00eatre command\u00e9es s\u00e9par\u00e9ment.\" \/>\n<meta name=\"robots\" content=\"index, follow, max-snippet:-1, max-image-preview:large, max-video-preview:-1\" \/>\n<link rel=\"canonical\" href=\"https:\/\/www.koonings.com\/fr\/product\/randy-fenoli-ginny\/\" \/>\n<meta property=\"og:locale\" content=\"fr_FR\" \/>\n<meta property=\"og:type\" content=\"article\" \/>\n<meta property=\"og:title\" content=\"Randy Fenoli Ginny | Koonings\" \/>\n<meta property=\"og:description\" content=\"Ginny est une robe trompette romantique et f\u00e9minine. Le corsage est dot\u00e9 d&#039;un large d\u00e9collet\u00e9 en V et d&#039;une armature. Le devant du corsage se fond parfaitement dans un dos en V avec des d\u00e9tails de superposition en dentelle. La robe est parsem\u00e9e de dentelle florale de r\u00eave et d&#039;applications florales en 3D. Une couche de tulle scintillant sous la dentelle ajoute une dimension suppl\u00e9mentaire d&#039;\u00e9clat. Les coutures princesse au dos de la robe accentuent la silhouette. Ginny poss\u00e8de une magnifique tra\u00eene frang\u00e9e de la m\u00eame dentelle que le reste de la robe. Cette robe peut \u00eatre port\u00e9e sans bretelles ou avec des bretelles d\u00e9tachables assorties sur ou hors \u00e9paules. Les bretelles peuvent \u00eatre command\u00e9es s\u00e9par\u00e9ment.\" \/>\n<meta property=\"og:url\" content=\"https:\/\/www.koonings.com\/fr\/product\/randy-fenoli-ginny\/\" \/>\n<meta property=\"og:site_name\" content=\"Koonings\" \/>\n<meta property=\"article:publisher\" content=\"https:\/\/www.facebook.com\/kooningstheweddingpalace\" \/>\n<meta property=\"og:image\" content=\"https:\/\/www.koonings.com\/wp-content\/uploads\/2024\/11\/40392_e6bfde2339a20b47778e165fbea2fac31794c8eb966baa51f540e77f81447c1a790fb0e5-724x1024.jpeg\" \/>\n\t<meta property=\"og:image:width\" content=\"724\" \/>\n\t<meta property=\"og:image:height\" content=\"1024\" \/>\n\t<meta property=\"og:image:type\" content=\"image\/jpeg\" \/>\n<meta name=\"twitter:card\" content=\"summary_large_image\" \/>\n<meta name=\"twitter:label1\" content=\"Dur\u00e9e de lecture estim\u00e9e\" \/>\n\t<meta name=\"twitter:data1\" content=\"1 minute\" \/>\n<script type=\"application\/ld+json\" class=\"yoast-schema-graph\">{\"@context\":\"https:\\\/\\\/schema.org\",\"@graph\":[{\"@type\":\"WebPage\",\"@id\":\"https:\\\/\\\/www.koonings.com\\\/fr\\\/product\\\/randy-fenoli-ginny\\\/\",\"url\":\"https:\\\/\\\/www.koonings.com\\\/fr\\\/product\\\/randy-fenoli-ginny\\\/\",\"name\":\"Randy Fenoli Ginny | Koonings\",\"isPartOf\":{\"@id\":\"https:\\\/\\\/www.koonings.com\\\/fr\\\/#website\"},\"primaryImageOfPage\":{\"@id\":\"https:\\\/\\\/www.koonings.com\\\/fr\\\/product\\\/randy-fenoli-ginny\\\/#primaryimage\"},\"image\":{\"@id\":\"https:\\\/\\\/www.koonings.com\\\/fr\\\/product\\\/randy-fenoli-ginny\\\/#primaryimage\"},\"thumbnailUrl\":\"https:\\\/\\\/www.koonings.com\\\/wp-content\\\/uploads\\\/2024\\\/11\\\/40392_e6bfde2339a20b47778e165fbea2fac31794c8eb966baa51f540e77f81447c1a790fb0e5.jpeg\",\"datePublished\":\"2026-04-21T16:18:33+00:00\",\"description\":\"Ginny est une robe trompette romantique et f\u00e9minine. Le corsage est dot\u00e9 d'un large d\u00e9collet\u00e9 en V et d'une armature. Le devant du corsage se fond parfaitement dans un dos en V avec des d\u00e9tails de superposition en dentelle. La robe est parsem\u00e9e de dentelle florale de r\u00eave et d'applications florales en 3D. Une couche de tulle scintillant sous la dentelle ajoute une dimension suppl\u00e9mentaire d'\u00e9clat. Les coutures princesse au dos de la robe accentuent la silhouette. Ginny poss\u00e8de une magnifique tra\u00eene frang\u00e9e de la m\u00eame dentelle que le reste de la robe. Cette robe peut \u00eatre port\u00e9e sans bretelles ou avec des bretelles d\u00e9tachables assorties sur ou hors \u00e9paules. Les bretelles peuvent \u00eatre command\u00e9es s\u00e9par\u00e9ment.\",\"breadcrumb\":{\"@id\":\"https:\\\/\\\/www.koonings.com\\\/fr\\\/product\\\/randy-fenoli-ginny\\\/#breadcrumb\"},\"inLanguage\":\"fr-FR\",\"potentialAction\":[{\"@type\":\"ReadAction\",\"target\":[\"https:\\\/\\\/www.koonings.com\\\/fr\\\/product\\\/randy-fenoli-ginny\\\/\"]}]},{\"@type\":\"ImageObject\",\"inLanguage\":\"fr-FR\",\"@id\":\"https:\\\/\\\/www.koonings.com\\\/fr\\\/product\\\/randy-fenoli-ginny\\\/#primaryimage\",\"url\":\"https:\\\/\\\/www.koonings.com\\\/wp-content\\\/uploads\\\/2024\\\/11\\\/40392_e6bfde2339a20b47778e165fbea2fac31794c8eb966baa51f540e77f81447c1a790fb0e5.jpeg\",\"contentUrl\":\"https:\\\/\\\/www.koonings.com\\\/wp-content\\\/uploads\\\/2024\\\/11\\\/40392_e6bfde2339a20b47778e165fbea2fac31794c8eb966baa51f540e77f81447c1a790fb0e5.jpeg\",\"width\":1509,\"height\":2134},{\"@type\":\"BreadcrumbList\",\"@id\":\"https:\\\/\\\/www.koonings.com\\\/fr\\\/product\\\/randy-fenoli-ginny\\\/#breadcrumb\",\"itemListElement\":[{\"@type\":\"ListItem\",\"position\":1,\"name\":\"Home\",\"item\":\"https:\\\/\\\/www.koonings.com\\\/fr\\\/\"},{\"@type\":\"ListItem\",\"position\":2,\"name\":\"Randy Fenoli Ginny\"}]},{\"@type\":\"WebSite\",\"@id\":\"https:\\\/\\\/www.koonings.com\\\/fr\\\/#website\",\"url\":\"https:\\\/\\\/www.koonings.com\\\/fr\\\/\",\"name\":\"Koonings\",\"description\":\"De grootste bruidsmodewinkel ter wereld\",\"publisher\":{\"@id\":\"https:\\\/\\\/www.koonings.com\\\/fr\\\/#organization\"},\"potentialAction\":[{\"@type\":\"SearchAction\",\"target\":{\"@type\":\"EntryPoint\",\"urlTemplate\":\"https:\\\/\\\/www.koonings.com\\\/fr\\\/?s={search_term_string}\"},\"query-input\":{\"@type\":\"PropertyValueSpecification\",\"valueRequired\":true,\"valueName\":\"search_term_string\"}}],\"inLanguage\":\"fr-FR\"},{\"@type\":\"Organization\",\"@id\":\"https:\\\/\\\/www.koonings.com\\\/fr\\\/#organization\",\"name\":\"Koonings\",\"url\":\"https:\\\/\\\/www.koonings.com\\\/fr\\\/\",\"logo\":{\"@type\":\"ImageObject\",\"inLanguage\":\"fr-FR\",\"@id\":\"https:\\\/\\\/www.koonings.com\\\/fr\\\/#\\\/schema\\\/logo\\\/image\\\/\",\"url\":\"https:\\\/\\\/www.koonings.com\\\/wp-content\\\/uploads\\\/2024\\\/07\\\/logo.png\",\"contentUrl\":\"https:\\\/\\\/www.koonings.com\\\/wp-content\\\/uploads\\\/2024\\\/07\\\/logo.png\",\"width\":600,\"height\":428,\"caption\":\"Koonings\"},\"image\":{\"@id\":\"https:\\\/\\\/www.koonings.com\\\/fr\\\/#\\\/schema\\\/logo\\\/image\\\/\"},\"sameAs\":[\"https:\\\/\\\/www.facebook.com\\\/kooningstheweddingpalace\",\"https:\\\/\\\/www.instagram.com\\\/kooningstheweddingpalace\",\"https:\\\/\\\/www.pinterest.com\\\/koonings\",\"https:\\\/\\\/www.youtube.com\\\/kooningstheweddingpalace\"]}]}<\/script>\n<!-- \/ Yoast SEO plugin. -->","yoast_head_json":{"title":"Randy Fenoli Ginny | Koonings","description":"Ginny est une robe trompette romantique et f\u00e9minine. Le corsage est dot\u00e9 d'un large d\u00e9collet\u00e9 en V et d'une armature. Le devant du corsage se fond parfaitement dans un dos en V avec des d\u00e9tails de superposition en dentelle. La robe est parsem\u00e9e de dentelle florale de r\u00eave et d'applications florales en 3D. Une couche de tulle scintillant sous la dentelle ajoute une dimension suppl\u00e9mentaire d'\u00e9clat. Les coutures princesse au dos de la robe accentuent la silhouette. Ginny poss\u00e8de une magnifique tra\u00eene frang\u00e9e de la m\u00eame dentelle que le reste de la robe. Cette robe peut \u00eatre port\u00e9e sans bretelles ou avec des bretelles d\u00e9tachables assorties sur ou hors \u00e9paules. Les bretelles peuvent \u00eatre command\u00e9es s\u00e9par\u00e9ment.","robots":{"index":"index","follow":"follow","max-snippet":"max-snippet:-1","max-image-preview":"max-image-preview:large","max-video-preview":"max-video-preview:-1"},"canonical":"https:\/\/www.koonings.com\/fr\/product\/randy-fenoli-ginny\/","og_locale":"fr_FR","og_type":"article","og_title":"Randy Fenoli Ginny | Koonings","og_description":"Ginny est une robe trompette romantique et f\u00e9minine. Le corsage est dot\u00e9 d'un large d\u00e9collet\u00e9 en V et d'une armature. Le devant du corsage se fond parfaitement dans un dos en V avec des d\u00e9tails de superposition en dentelle. La robe est parsem\u00e9e de dentelle florale de r\u00eave et d'applications florales en 3D. Une couche de tulle scintillant sous la dentelle ajoute une dimension suppl\u00e9mentaire d'\u00e9clat. Les coutures princesse au dos de la robe accentuent la silhouette. Ginny poss\u00e8de une magnifique tra\u00eene frang\u00e9e de la m\u00eame dentelle que le reste de la robe. Cette robe peut \u00eatre port\u00e9e sans bretelles ou avec des bretelles d\u00e9tachables assorties sur ou hors \u00e9paules. Les bretelles peuvent \u00eatre command\u00e9es s\u00e9par\u00e9ment.","og_url":"https:\/\/www.koonings.com\/fr\/product\/randy-fenoli-ginny\/","og_site_name":"Koonings","article_publisher":"https:\/\/www.facebook.com\/kooningstheweddingpalace","og_image":[{"width":724,"height":1024,"url":"https:\/\/www.koonings.com\/wp-content\/uploads\/2024\/11\/40392_e6bfde2339a20b47778e165fbea2fac31794c8eb966baa51f540e77f81447c1a790fb0e5-724x1024.jpeg","type":"image\/jpeg"}],"twitter_card":"summary_large_image","twitter_misc":{"Dur\u00e9e de lecture estim\u00e9e":"1 minute"},"schema":{"@context":"https:\/\/schema.org","@graph":[{"@type":"WebPage","@id":"https:\/\/www.koonings.com\/fr\/product\/randy-fenoli-ginny\/","url":"https:\/\/www.koonings.com\/fr\/product\/randy-fenoli-ginny\/","name":"Randy Fenoli Ginny | Koonings","isPartOf":{"@id":"https:\/\/www.koonings.com\/fr\/#website"},"primaryImageOfPage":{"@id":"https:\/\/www.koonings.com\/fr\/product\/randy-fenoli-ginny\/#primaryimage"},"image":{"@id":"https:\/\/www.koonings.com\/fr\/product\/randy-fenoli-ginny\/#primaryimage"},"thumbnailUrl":"https:\/\/www.koonings.com\/wp-content\/uploads\/2024\/11\/40392_e6bfde2339a20b47778e165fbea2fac31794c8eb966baa51f540e77f81447c1a790fb0e5.jpeg","datePublished":"2026-04-21T16:18:33+00:00","description":"Ginny est une robe trompette romantique et f\u00e9minine. Le corsage est dot\u00e9 d'un large d\u00e9collet\u00e9 en V et d'une armature. Le devant du corsage se fond parfaitement dans un dos en V avec des d\u00e9tails de superposition en dentelle. La robe est parsem\u00e9e de dentelle florale de r\u00eave et d'applications florales en 3D. Une couche de tulle scintillant sous la dentelle ajoute une dimension suppl\u00e9mentaire d'\u00e9clat. Les coutures princesse au dos de la robe accentuent la silhouette. Ginny poss\u00e8de une magnifique tra\u00eene frang\u00e9e de la m\u00eame dentelle que le reste de la robe. Cette robe peut \u00eatre port\u00e9e sans bretelles ou avec des bretelles d\u00e9tachables assorties sur ou hors \u00e9paules. Les bretelles peuvent \u00eatre command\u00e9es s\u00e9par\u00e9ment.","breadcrumb":{"@id":"https:\/\/www.koonings.com\/fr\/product\/randy-fenoli-ginny\/#breadcrumb"},"inLanguage":"fr-FR","potentialAction":[{"@type":"ReadAction","target":["https:\/\/www.koonings.com\/fr\/product\/randy-fenoli-ginny\/"]}]},{"@type":"ImageObject","inLanguage":"fr-FR","@id":"https:\/\/www.koonings.com\/fr\/product\/randy-fenoli-ginny\/#primaryimage","url":"https:\/\/www.koonings.com\/wp-content\/uploads\/2024\/11\/40392_e6bfde2339a20b47778e165fbea2fac31794c8eb966baa51f540e77f81447c1a790fb0e5.jpeg","contentUrl":"https:\/\/www.koonings.com\/wp-content\/uploads\/2024\/11\/40392_e6bfde2339a20b47778e165fbea2fac31794c8eb966baa51f540e77f81447c1a790fb0e5.jpeg","width":1509,"height":2134},{"@type":"BreadcrumbList","@id":"https:\/\/www.koonings.com\/fr\/product\/randy-fenoli-ginny\/#breadcrumb","itemListElement":[{"@type":"ListItem","position":1,"name":"Home","item":"https:\/\/www.koonings.com\/fr\/"},{"@type":"ListItem","position":2,"name":"Randy Fenoli Ginny"}]},{"@type":"WebSite","@id":"https:\/\/www.koonings.com\/fr\/#website","url":"https:\/\/www.koonings.com\/fr\/","name":"Koonings","description":"De grootste bruidsmodewinkel ter wereld","publisher":{"@id":"https:\/\/www.koonings.com\/fr\/#organization"},"potentialAction":[{"@type":"SearchAction","target":{"@type":"EntryPoint","urlTemplate":"https:\/\/www.koonings.com\/fr\/?s={search_term_string}"},"query-input":{"@type":"PropertyValueSpecification","valueRequired":true,"valueName":"search_term_string"}}],"inLanguage":"fr-FR"},{"@type":"Organization","@id":"https:\/\/www.koonings.com\/fr\/#organization","name":"Koonings","url":"https:\/\/www.koonings.com\/fr\/","logo":{"@type":"ImageObject","inLanguage":"fr-FR","@id":"https:\/\/www.koonings.com\/fr\/#\/schema\/logo\/image\/","url":"https:\/\/www.koonings.com\/wp-content\/uploads\/2024\/07\/logo.png","contentUrl":"https:\/\/www.koonings.com\/wp-content\/uploads\/2024\/07\/logo.png","width":600,"height":428,"caption":"Koonings"},"image":{"@id":"https:\/\/www.koonings.com\/fr\/#\/schema\/logo\/image\/"},"sameAs":["https:\/\/www.facebook.com\/kooningstheweddingpalace","https:\/\/www.instagram.com\/kooningstheweddingpalace","https:\/\/www.pinterest.com\/koonings","https:\/\/www.youtube.com\/kooningstheweddingpalace"]}]}},"_links":{"self":[{"href":"https:\/\/www.koonings.com\/fr\/wp-json\/wp\/v2\/product\/58213","targetHints":{"allow":["GET"]}}],"collection":[{"href":"https:\/\/www.koonings.com\/fr\/wp-json\/wp\/v2\/product"}],"about":[{"href":"https:\/\/www.koonings.com\/fr\/wp-json\/wp\/v2\/types\/product"}],"wp:featuredmedia":[{"embeddable":true,"href":"https:\/\/www.koonings.com\/fr\/wp-json\/wp\/v2\/media\/43906"}],"wp:attachment":[{"href":"https:\/\/www.koonings.com\/fr\/wp-json\/wp\/v2\/media?parent=58213"}],"wp:term":[{"taxonomy":"productdetails","embeddable":true,"href":"https:\/\/www.koonings.com\/fr\/wp-json\/wp\/v2\/productdetails?post=58213"},{"taxonomy":"productneck","embeddable":true,"href":"https:\/\/www.koonings.com\/fr\/wp-json\/wp\/v2\/productneck?post=58213"},{"taxonomy":"productcolor","embeddable":true,"href":"https:\/\/www.koonings.com\/fr\/wp-json\/wp\/v2\/productcolor?post=58213"},{"taxonomy":"maat","embeddable":true,"href":"https:\/\/www.koonings.com\/fr\/wp-json\/wp\/v2\/maat?post=58213"},{"taxonomy":"productsupplier","embeddable":true,"href":"https:\/\/www.koonings.com\/fr\/wp-json\/wp\/v2\/productsupplier?post=58213"},{"taxonomy":"productsleeve","embeddable":true,"href":"https:\/\/www.koonings.com\/fr\/wp-json\/wp\/v2\/productsleeve?post=58213"},{"taxonomy":"productcategory","embeddable":true,"href":"https:\/\/www.koonings.com\/fr\/wp-json\/wp\/v2\/productcategory?post=58213"},{"taxonomy":"productsilhouette","embeddable":true,"href":"https:\/\/www.koonings.com\/fr\/wp-json\/wp\/v2\/productsilhouette?post=58213"},{"taxonomy":"productstyle","embeddable":true,"href":"https:\/\/www.koonings.com\/fr\/wp-json\/wp\/v2\/productstyle?post=58213"}],"curies":[{"name":"wp","href":"https:\/\/api.w.org\/{rel}","templated":true}]}}