{"id":58208,"date":"2026-04-28T18:18:10","date_gmt":"2026-04-28T16:18:10","guid":{"rendered":"https:\/\/www.koonings.com\/product\/randy-fenoli-goddess\/"},"modified":"2025-06-05T13:04:20","modified_gmt":"2025-06-05T11:04:20","slug":"randy-fenoli-goddess","status":"publish","type":"product","link":"https:\/\/www.koonings.com\/fr\/product\/randy-fenoli-goddess\/","title":{"rendered":"Randy Fenoli Goddess"},"content":{"rendered":"<p>Goddess est une robe de bal glamour en tulle scintillant avec de magnifiques d\u00e9tails. Elle pr\u00e9sente un profond d\u00e9collet\u00e9 en forme de c\u0153ur qui m\u00e8ne au milieu du dos. Le corsage est orn\u00e9 de basques \u00e0 la taille sur le devant et dans le dos. La jupe est pliss\u00e9e \u00e0 la taille pour un effet spectaculaire. Des appliques chatoyantes et des feuilles tridimensionnelles sont appliqu\u00e9es sur toute la robe, sont plus concentr\u00e9es sur le corsage et d\u00e9goulinent dans la jupe jusqu&#8217;\u00e0 la tra\u00eene. La jupe de Goddess est tr\u00e8s fendue, ce qui lui conf\u00e8re une touche de sex-appeal. Une bordure de crin de cheval le long du bas aide \u00e0 d\u00e9finir l&#8217;ourlet et la tra\u00eene.      <\/p>\n","protected":false},"featured_media":43994,"template":"","meta":{"_acf_changed":false,"ghostkit_customizer_options":"","ghostkit_custom_css":"","ghostkit_custom_js_head":"","ghostkit_custom_js_foot":"","ghostkit_typography":""},"productdetails":[379,378],"productneck":[354,355],"productcolor":[393,392],"maat":[],"productsupplier":[422],"productsleeve":[],"productcategory":[18],"productsilhouette":[388],"productstyle":[372,366],"class_list":["post-58208","product","type-product","status-publish","has-post-thumbnail","hentry","productdetails-379","productdetails-378","productneck-354","productneck-355","productcolor-393","productcolor-392","productsupplier-randy-fenoli","productcategory-trouwjurken","productsilhouette-388","productstyle-372","productstyle-366"],"acf":[],"yoast_head":"<!-- This site is optimized with the Yoast SEO plugin v27.3 - https:\/\/yoast.com\/product\/yoast-seo-wordpress\/ -->\n<title>Randy Fenoli Goddess | Koonings<\/title>\n<meta name=\"description\" content=\"Goddess est une robe de bal glamour en tulle scintillant avec de magnifiques d\u00e9tails. Elle pr\u00e9sente un profond d\u00e9collet\u00e9 en forme de c\u0153ur qui m\u00e8ne au milieu du dos. Le corsage est orn\u00e9 de basques \u00e0 la taille sur le devant et dans le dos. La jupe est pliss\u00e9e \u00e0 la taille pour un effet spectaculaire. Des appliques chatoyantes et des feuilles tridimensionnelles sont appliqu\u00e9es sur toute la robe, sont plus concentr\u00e9es sur le corsage et d\u00e9goulinent dans la jupe jusqu&#039;\u00e0 la tra\u00eene. La jupe de Goddess est tr\u00e8s fendue, ce qui lui conf\u00e8re une touche de sex-appeal. Une bordure de crin de cheval le long du bas aide \u00e0 d\u00e9finir l&#039;ourlet et la tra\u00eene.\" \/>\n<meta name=\"robots\" content=\"index, follow, max-snippet:-1, max-image-preview:large, max-video-preview:-1\" \/>\n<link rel=\"canonical\" href=\"https:\/\/www.koonings.com\/fr\/product\/randy-fenoli-goddess\/\" \/>\n<meta property=\"og:locale\" content=\"fr_FR\" \/>\n<meta property=\"og:type\" content=\"article\" \/>\n<meta property=\"og:title\" content=\"Randy Fenoli Goddess | Koonings\" \/>\n<meta property=\"og:description\" content=\"Goddess est une robe de bal glamour en tulle scintillant avec de magnifiques d\u00e9tails. Elle pr\u00e9sente un profond d\u00e9collet\u00e9 en forme de c\u0153ur qui m\u00e8ne au milieu du dos. Le corsage est orn\u00e9 de basques \u00e0 la taille sur le devant et dans le dos. La jupe est pliss\u00e9e \u00e0 la taille pour un effet spectaculaire. Des appliques chatoyantes et des feuilles tridimensionnelles sont appliqu\u00e9es sur toute la robe, sont plus concentr\u00e9es sur le corsage et d\u00e9goulinent dans la jupe jusqu&#039;\u00e0 la tra\u00eene. La jupe de Goddess est tr\u00e8s fendue, ce qui lui conf\u00e8re une touche de sex-appeal. Une bordure de crin de cheval le long du bas aide \u00e0 d\u00e9finir l&#039;ourlet et la tra\u00eene.\" \/>\n<meta property=\"og:url\" content=\"https:\/\/www.koonings.com\/fr\/product\/randy-fenoli-goddess\/\" \/>\n<meta property=\"og:site_name\" content=\"Koonings\" \/>\n<meta property=\"article:publisher\" content=\"https:\/\/www.facebook.com\/kooningstheweddingpalace\" \/>\n<meta property=\"og:image\" content=\"https:\/\/www.koonings.com\/wp-content\/uploads\/2024\/11\/40397_61a4dc775197b5689db7a51935a64a6f4348e6c972be527e12ea5ef447d9d6a0147844aa-724x1024.jpeg\" \/>\n\t<meta property=\"og:image:width\" content=\"724\" \/>\n\t<meta property=\"og:image:height\" content=\"1024\" \/>\n\t<meta property=\"og:image:type\" content=\"image\/jpeg\" \/>\n<meta name=\"twitter:card\" content=\"summary_large_image\" \/>\n<meta name=\"twitter:label1\" content=\"Dur\u00e9e de lecture estim\u00e9e\" \/>\n\t<meta name=\"twitter:data1\" content=\"1 minute\" \/>\n<script type=\"application\/ld+json\" class=\"yoast-schema-graph\">{\"@context\":\"https:\\\/\\\/schema.org\",\"@graph\":[{\"@type\":\"WebPage\",\"@id\":\"https:\\\/\\\/www.koonings.com\\\/fr\\\/product\\\/randy-fenoli-goddess\\\/\",\"url\":\"https:\\\/\\\/www.koonings.com\\\/fr\\\/product\\\/randy-fenoli-goddess\\\/\",\"name\":\"Randy Fenoli Goddess | Koonings\",\"isPartOf\":{\"@id\":\"https:\\\/\\\/www.koonings.com\\\/fr\\\/#website\"},\"primaryImageOfPage\":{\"@id\":\"https:\\\/\\\/www.koonings.com\\\/fr\\\/product\\\/randy-fenoli-goddess\\\/#primaryimage\"},\"image\":{\"@id\":\"https:\\\/\\\/www.koonings.com\\\/fr\\\/product\\\/randy-fenoli-goddess\\\/#primaryimage\"},\"thumbnailUrl\":\"https:\\\/\\\/www.koonings.com\\\/wp-content\\\/uploads\\\/2024\\\/11\\\/40397_61a4dc775197b5689db7a51935a64a6f4348e6c972be527e12ea5ef447d9d6a0147844aa.jpeg\",\"datePublished\":\"2026-04-28T16:18:10+00:00\",\"description\":\"Goddess est une robe de bal glamour en tulle scintillant avec de magnifiques d\u00e9tails. Elle pr\u00e9sente un profond d\u00e9collet\u00e9 en forme de c\u0153ur qui m\u00e8ne au milieu du dos. Le corsage est orn\u00e9 de basques \u00e0 la taille sur le devant et dans le dos. La jupe est pliss\u00e9e \u00e0 la taille pour un effet spectaculaire. Des appliques chatoyantes et des feuilles tridimensionnelles sont appliqu\u00e9es sur toute la robe, sont plus concentr\u00e9es sur le corsage et d\u00e9goulinent dans la jupe jusqu'\u00e0 la tra\u00eene. La jupe de Goddess est tr\u00e8s fendue, ce qui lui conf\u00e8re une touche de sex-appeal. Une bordure de crin de cheval le long du bas aide \u00e0 d\u00e9finir l'ourlet et la tra\u00eene.\",\"breadcrumb\":{\"@id\":\"https:\\\/\\\/www.koonings.com\\\/fr\\\/product\\\/randy-fenoli-goddess\\\/#breadcrumb\"},\"inLanguage\":\"fr-FR\",\"potentialAction\":[{\"@type\":\"ReadAction\",\"target\":[\"https:\\\/\\\/www.koonings.com\\\/fr\\\/product\\\/randy-fenoli-goddess\\\/\"]}]},{\"@type\":\"ImageObject\",\"inLanguage\":\"fr-FR\",\"@id\":\"https:\\\/\\\/www.koonings.com\\\/fr\\\/product\\\/randy-fenoli-goddess\\\/#primaryimage\",\"url\":\"https:\\\/\\\/www.koonings.com\\\/wp-content\\\/uploads\\\/2024\\\/11\\\/40397_61a4dc775197b5689db7a51935a64a6f4348e6c972be527e12ea5ef447d9d6a0147844aa.jpeg\",\"contentUrl\":\"https:\\\/\\\/www.koonings.com\\\/wp-content\\\/uploads\\\/2024\\\/11\\\/40397_61a4dc775197b5689db7a51935a64a6f4348e6c972be527e12ea5ef447d9d6a0147844aa.jpeg\",\"width\":1631,\"height\":2307},{\"@type\":\"BreadcrumbList\",\"@id\":\"https:\\\/\\\/www.koonings.com\\\/fr\\\/product\\\/randy-fenoli-goddess\\\/#breadcrumb\",\"itemListElement\":[{\"@type\":\"ListItem\",\"position\":1,\"name\":\"Home\",\"item\":\"https:\\\/\\\/www.koonings.com\\\/fr\\\/\"},{\"@type\":\"ListItem\",\"position\":2,\"name\":\"Randy Fenoli Goddess\"}]},{\"@type\":\"WebSite\",\"@id\":\"https:\\\/\\\/www.koonings.com\\\/fr\\\/#website\",\"url\":\"https:\\\/\\\/www.koonings.com\\\/fr\\\/\",\"name\":\"Koonings\",\"description\":\"De grootste bruidsmodewinkel ter wereld\",\"publisher\":{\"@id\":\"https:\\\/\\\/www.koonings.com\\\/fr\\\/#organization\"},\"potentialAction\":[{\"@type\":\"SearchAction\",\"target\":{\"@type\":\"EntryPoint\",\"urlTemplate\":\"https:\\\/\\\/www.koonings.com\\\/fr\\\/?s={search_term_string}\"},\"query-input\":{\"@type\":\"PropertyValueSpecification\",\"valueRequired\":true,\"valueName\":\"search_term_string\"}}],\"inLanguage\":\"fr-FR\"},{\"@type\":\"Organization\",\"@id\":\"https:\\\/\\\/www.koonings.com\\\/fr\\\/#organization\",\"name\":\"Koonings\",\"url\":\"https:\\\/\\\/www.koonings.com\\\/fr\\\/\",\"logo\":{\"@type\":\"ImageObject\",\"inLanguage\":\"fr-FR\",\"@id\":\"https:\\\/\\\/www.koonings.com\\\/fr\\\/#\\\/schema\\\/logo\\\/image\\\/\",\"url\":\"https:\\\/\\\/www.koonings.com\\\/wp-content\\\/uploads\\\/2024\\\/07\\\/logo.png\",\"contentUrl\":\"https:\\\/\\\/www.koonings.com\\\/wp-content\\\/uploads\\\/2024\\\/07\\\/logo.png\",\"width\":600,\"height\":428,\"caption\":\"Koonings\"},\"image\":{\"@id\":\"https:\\\/\\\/www.koonings.com\\\/fr\\\/#\\\/schema\\\/logo\\\/image\\\/\"},\"sameAs\":[\"https:\\\/\\\/www.facebook.com\\\/kooningstheweddingpalace\",\"https:\\\/\\\/www.instagram.com\\\/kooningstheweddingpalace\",\"https:\\\/\\\/www.pinterest.com\\\/koonings\",\"https:\\\/\\\/www.youtube.com\\\/kooningstheweddingpalace\"]}]}<\/script>\n<!-- \/ Yoast SEO plugin. -->","yoast_head_json":{"title":"Randy Fenoli Goddess | Koonings","description":"Goddess est une robe de bal glamour en tulle scintillant avec de magnifiques d\u00e9tails. Elle pr\u00e9sente un profond d\u00e9collet\u00e9 en forme de c\u0153ur qui m\u00e8ne au milieu du dos. Le corsage est orn\u00e9 de basques \u00e0 la taille sur le devant et dans le dos. La jupe est pliss\u00e9e \u00e0 la taille pour un effet spectaculaire. Des appliques chatoyantes et des feuilles tridimensionnelles sont appliqu\u00e9es sur toute la robe, sont plus concentr\u00e9es sur le corsage et d\u00e9goulinent dans la jupe jusqu'\u00e0 la tra\u00eene. La jupe de Goddess est tr\u00e8s fendue, ce qui lui conf\u00e8re une touche de sex-appeal. Une bordure de crin de cheval le long du bas aide \u00e0 d\u00e9finir l'ourlet et la tra\u00eene.","robots":{"index":"index","follow":"follow","max-snippet":"max-snippet:-1","max-image-preview":"max-image-preview:large","max-video-preview":"max-video-preview:-1"},"canonical":"https:\/\/www.koonings.com\/fr\/product\/randy-fenoli-goddess\/","og_locale":"fr_FR","og_type":"article","og_title":"Randy Fenoli Goddess | Koonings","og_description":"Goddess est une robe de bal glamour en tulle scintillant avec de magnifiques d\u00e9tails. Elle pr\u00e9sente un profond d\u00e9collet\u00e9 en forme de c\u0153ur qui m\u00e8ne au milieu du dos. Le corsage est orn\u00e9 de basques \u00e0 la taille sur le devant et dans le dos. La jupe est pliss\u00e9e \u00e0 la taille pour un effet spectaculaire. Des appliques chatoyantes et des feuilles tridimensionnelles sont appliqu\u00e9es sur toute la robe, sont plus concentr\u00e9es sur le corsage et d\u00e9goulinent dans la jupe jusqu'\u00e0 la tra\u00eene. La jupe de Goddess est tr\u00e8s fendue, ce qui lui conf\u00e8re une touche de sex-appeal. Une bordure de crin de cheval le long du bas aide \u00e0 d\u00e9finir l'ourlet et la tra\u00eene.","og_url":"https:\/\/www.koonings.com\/fr\/product\/randy-fenoli-goddess\/","og_site_name":"Koonings","article_publisher":"https:\/\/www.facebook.com\/kooningstheweddingpalace","og_image":[{"width":724,"height":1024,"url":"https:\/\/www.koonings.com\/wp-content\/uploads\/2024\/11\/40397_61a4dc775197b5689db7a51935a64a6f4348e6c972be527e12ea5ef447d9d6a0147844aa-724x1024.jpeg","type":"image\/jpeg"}],"twitter_card":"summary_large_image","twitter_misc":{"Dur\u00e9e de lecture estim\u00e9e":"1 minute"},"schema":{"@context":"https:\/\/schema.org","@graph":[{"@type":"WebPage","@id":"https:\/\/www.koonings.com\/fr\/product\/randy-fenoli-goddess\/","url":"https:\/\/www.koonings.com\/fr\/product\/randy-fenoli-goddess\/","name":"Randy Fenoli Goddess | Koonings","isPartOf":{"@id":"https:\/\/www.koonings.com\/fr\/#website"},"primaryImageOfPage":{"@id":"https:\/\/www.koonings.com\/fr\/product\/randy-fenoli-goddess\/#primaryimage"},"image":{"@id":"https:\/\/www.koonings.com\/fr\/product\/randy-fenoli-goddess\/#primaryimage"},"thumbnailUrl":"https:\/\/www.koonings.com\/wp-content\/uploads\/2024\/11\/40397_61a4dc775197b5689db7a51935a64a6f4348e6c972be527e12ea5ef447d9d6a0147844aa.jpeg","datePublished":"2026-04-28T16:18:10+00:00","description":"Goddess est une robe de bal glamour en tulle scintillant avec de magnifiques d\u00e9tails. Elle pr\u00e9sente un profond d\u00e9collet\u00e9 en forme de c\u0153ur qui m\u00e8ne au milieu du dos. Le corsage est orn\u00e9 de basques \u00e0 la taille sur le devant et dans le dos. La jupe est pliss\u00e9e \u00e0 la taille pour un effet spectaculaire. Des appliques chatoyantes et des feuilles tridimensionnelles sont appliqu\u00e9es sur toute la robe, sont plus concentr\u00e9es sur le corsage et d\u00e9goulinent dans la jupe jusqu'\u00e0 la tra\u00eene. La jupe de Goddess est tr\u00e8s fendue, ce qui lui conf\u00e8re une touche de sex-appeal. Une bordure de crin de cheval le long du bas aide \u00e0 d\u00e9finir l'ourlet et la tra\u00eene.","breadcrumb":{"@id":"https:\/\/www.koonings.com\/fr\/product\/randy-fenoli-goddess\/#breadcrumb"},"inLanguage":"fr-FR","potentialAction":[{"@type":"ReadAction","target":["https:\/\/www.koonings.com\/fr\/product\/randy-fenoli-goddess\/"]}]},{"@type":"ImageObject","inLanguage":"fr-FR","@id":"https:\/\/www.koonings.com\/fr\/product\/randy-fenoli-goddess\/#primaryimage","url":"https:\/\/www.koonings.com\/wp-content\/uploads\/2024\/11\/40397_61a4dc775197b5689db7a51935a64a6f4348e6c972be527e12ea5ef447d9d6a0147844aa.jpeg","contentUrl":"https:\/\/www.koonings.com\/wp-content\/uploads\/2024\/11\/40397_61a4dc775197b5689db7a51935a64a6f4348e6c972be527e12ea5ef447d9d6a0147844aa.jpeg","width":1631,"height":2307},{"@type":"BreadcrumbList","@id":"https:\/\/www.koonings.com\/fr\/product\/randy-fenoli-goddess\/#breadcrumb","itemListElement":[{"@type":"ListItem","position":1,"name":"Home","item":"https:\/\/www.koonings.com\/fr\/"},{"@type":"ListItem","position":2,"name":"Randy Fenoli Goddess"}]},{"@type":"WebSite","@id":"https:\/\/www.koonings.com\/fr\/#website","url":"https:\/\/www.koonings.com\/fr\/","name":"Koonings","description":"De grootste bruidsmodewinkel ter wereld","publisher":{"@id":"https:\/\/www.koonings.com\/fr\/#organization"},"potentialAction":[{"@type":"SearchAction","target":{"@type":"EntryPoint","urlTemplate":"https:\/\/www.koonings.com\/fr\/?s={search_term_string}"},"query-input":{"@type":"PropertyValueSpecification","valueRequired":true,"valueName":"search_term_string"}}],"inLanguage":"fr-FR"},{"@type":"Organization","@id":"https:\/\/www.koonings.com\/fr\/#organization","name":"Koonings","url":"https:\/\/www.koonings.com\/fr\/","logo":{"@type":"ImageObject","inLanguage":"fr-FR","@id":"https:\/\/www.koonings.com\/fr\/#\/schema\/logo\/image\/","url":"https:\/\/www.koonings.com\/wp-content\/uploads\/2024\/07\/logo.png","contentUrl":"https:\/\/www.koonings.com\/wp-content\/uploads\/2024\/07\/logo.png","width":600,"height":428,"caption":"Koonings"},"image":{"@id":"https:\/\/www.koonings.com\/fr\/#\/schema\/logo\/image\/"},"sameAs":["https:\/\/www.facebook.com\/kooningstheweddingpalace","https:\/\/www.instagram.com\/kooningstheweddingpalace","https:\/\/www.pinterest.com\/koonings","https:\/\/www.youtube.com\/kooningstheweddingpalace"]}]}},"_links":{"self":[{"href":"https:\/\/www.koonings.com\/fr\/wp-json\/wp\/v2\/product\/58208","targetHints":{"allow":["GET"]}}],"collection":[{"href":"https:\/\/www.koonings.com\/fr\/wp-json\/wp\/v2\/product"}],"about":[{"href":"https:\/\/www.koonings.com\/fr\/wp-json\/wp\/v2\/types\/product"}],"wp:featuredmedia":[{"embeddable":true,"href":"https:\/\/www.koonings.com\/fr\/wp-json\/wp\/v2\/media\/43994"}],"wp:attachment":[{"href":"https:\/\/www.koonings.com\/fr\/wp-json\/wp\/v2\/media?parent=58208"}],"wp:term":[{"taxonomy":"productdetails","embeddable":true,"href":"https:\/\/www.koonings.com\/fr\/wp-json\/wp\/v2\/productdetails?post=58208"},{"taxonomy":"productneck","embeddable":true,"href":"https:\/\/www.koonings.com\/fr\/wp-json\/wp\/v2\/productneck?post=58208"},{"taxonomy":"productcolor","embeddable":true,"href":"https:\/\/www.koonings.com\/fr\/wp-json\/wp\/v2\/productcolor?post=58208"},{"taxonomy":"maat","embeddable":true,"href":"https:\/\/www.koonings.com\/fr\/wp-json\/wp\/v2\/maat?post=58208"},{"taxonomy":"productsupplier","embeddable":true,"href":"https:\/\/www.koonings.com\/fr\/wp-json\/wp\/v2\/productsupplier?post=58208"},{"taxonomy":"productsleeve","embeddable":true,"href":"https:\/\/www.koonings.com\/fr\/wp-json\/wp\/v2\/productsleeve?post=58208"},{"taxonomy":"productcategory","embeddable":true,"href":"https:\/\/www.koonings.com\/fr\/wp-json\/wp\/v2\/productcategory?post=58208"},{"taxonomy":"productsilhouette","embeddable":true,"href":"https:\/\/www.koonings.com\/fr\/wp-json\/wp\/v2\/productsilhouette?post=58208"},{"taxonomy":"productstyle","embeddable":true,"href":"https:\/\/www.koonings.com\/fr\/wp-json\/wp\/v2\/productstyle?post=58208"}],"curies":[{"name":"wp","href":"https:\/\/api.w.org\/{rel}","templated":true}]}}