{"id":58203,"date":"2026-04-28T18:18:11","date_gmt":"2026-04-28T16:18:11","guid":{"rendered":"https:\/\/www.koonings.com\/product\/randy-fenoli-goldie\/"},"modified":"2026-02-16T14:38:57","modified_gmt":"2026-02-16T13:38:57","slug":"randy-fenoli-goldie","status":"publish","type":"product","link":"https:\/\/www.koonings.com\/fr\/product\/randy-fenoli-goldie\/","title":{"rendered":"Randy Fenoli Goldie"},"content":{"rendered":"<p>Goldie est une robe ludique en tulle avec des d\u00e9tails en perles. Elle pr\u00e9sente un large d\u00e9collet\u00e9 en V qui s&#8217;\u00e9vase en un dos en V bas et s&#8217;\u00e9vase \u00e0 la taille. Le corsage est enti\u00e8rement d\u00e9cor\u00e9 de perles et dot\u00e9 d&#8217;une armature. Une fine ceinture borde la taille avec un n\u0153ud \u00e9troit et des manches chauve-souris au centre du devant. La jupe est \u00e9vas\u00e9e et orn\u00e9e de perles sur le devant et dans le dos. Goldie est dot\u00e9e de d\u00e9licates bretelles perl\u00e9es et de manches gants en tulle orn\u00e9es de perles. Les manches peuvent \u00eatre vendues avec la robe ou s\u00e9par\u00e9ment.      <\/p>\n","protected":false},"featured_media":44023,"template":"","meta":{"_acf_changed":false,"ghostkit_customizer_options":"","ghostkit_custom_css":"","ghostkit_custom_js_head":"","ghostkit_custom_js_foot":"","ghostkit_typography":""},"productdetails":[],"productneck":[355],"productcolor":[393,392],"maat":[],"productsupplier":[422],"productsleeve":[359],"productcategory":[18],"productsilhouette":[384],"productstyle":[366],"class_list":["post-58203","product","type-product","status-publish","has-post-thumbnail","hentry","productneck-355","productcolor-393","productcolor-392","productsupplier-randy-fenoli","productsleeve-359","productcategory-trouwjurken","productsilhouette-384","productstyle-366"],"acf":[],"yoast_head":"<!-- This site is optimized with the Yoast SEO plugin v27.3 - https:\/\/yoast.com\/product\/yoast-seo-wordpress\/ -->\n<title>Randy Fenoli Goldie | Koonings<\/title>\n<meta name=\"description\" content=\"Goldie est une robe ludique en tulle avec des d\u00e9tails en perles. Elle pr\u00e9sente un large d\u00e9collet\u00e9 en V qui s&#039;\u00e9vase en un dos en V bas et s&#039;\u00e9vase \u00e0 la taille. Le corsage est enti\u00e8rement d\u00e9cor\u00e9 de perles et dot\u00e9 d&#039;une armature. Une fine ceinture borde la taille avec un n\u0153ud \u00e9troit et des manches chauve-souris au centre du devant. La jupe est \u00e9vas\u00e9e et orn\u00e9e de perles sur le devant et dans le dos. Goldie est dot\u00e9e de d\u00e9licates bretelles perl\u00e9es et de manches gants en tulle orn\u00e9es de perles. Les manches peuvent \u00eatre vendues avec la robe ou s\u00e9par\u00e9ment.\" \/>\n<meta name=\"robots\" content=\"index, follow, max-snippet:-1, max-image-preview:large, max-video-preview:-1\" \/>\n<link rel=\"canonical\" href=\"https:\/\/www.koonings.com\/fr\/product\/randy-fenoli-goldie\/\" \/>\n<meta property=\"og:locale\" content=\"fr_FR\" \/>\n<meta property=\"og:type\" content=\"article\" \/>\n<meta property=\"og:title\" content=\"Randy Fenoli Goldie | Koonings\" \/>\n<meta property=\"og:description\" content=\"Goldie est une robe ludique en tulle avec des d\u00e9tails en perles. Elle pr\u00e9sente un large d\u00e9collet\u00e9 en V qui s&#039;\u00e9vase en un dos en V bas et s&#039;\u00e9vase \u00e0 la taille. Le corsage est enti\u00e8rement d\u00e9cor\u00e9 de perles et dot\u00e9 d&#039;une armature. Une fine ceinture borde la taille avec un n\u0153ud \u00e9troit et des manches chauve-souris au centre du devant. La jupe est \u00e9vas\u00e9e et orn\u00e9e de perles sur le devant et dans le dos. Goldie est dot\u00e9e de d\u00e9licates bretelles perl\u00e9es et de manches gants en tulle orn\u00e9es de perles. Les manches peuvent \u00eatre vendues avec la robe ou s\u00e9par\u00e9ment.\" \/>\n<meta property=\"og:url\" content=\"https:\/\/www.koonings.com\/fr\/product\/randy-fenoli-goldie\/\" \/>\n<meta property=\"og:site_name\" content=\"Koonings\" \/>\n<meta property=\"article:publisher\" content=\"https:\/\/www.facebook.com\/kooningstheweddingpalace\" \/>\n<meta property=\"og:image\" content=\"https:\/\/www.koonings.com\/wp-content\/uploads\/2024\/11\/40398_91b8e4ba84b25a14adca7ef7a0b3a0fcff9ae10a2521755cf91588d95814bd020bec8e1c.jpeg\" \/>\n\t<meta property=\"og:image:width\" content=\"1487\" \/>\n\t<meta property=\"og:image:height\" content=\"2102\" \/>\n\t<meta property=\"og:image:type\" content=\"image\/jpeg\" \/>\n<meta name=\"twitter:card\" content=\"summary_large_image\" \/>\n<meta name=\"twitter:label1\" content=\"Dur\u00e9e de lecture estim\u00e9e\" \/>\n\t<meta name=\"twitter:data1\" content=\"1 minute\" \/>\n<script type=\"application\/ld+json\" class=\"yoast-schema-graph\">{\"@context\":\"https:\\\/\\\/schema.org\",\"@graph\":[{\"@type\":\"WebPage\",\"@id\":\"https:\\\/\\\/www.koonings.com\\\/fr\\\/product\\\/randy-fenoli-goldie\\\/\",\"url\":\"https:\\\/\\\/www.koonings.com\\\/fr\\\/product\\\/randy-fenoli-goldie\\\/\",\"name\":\"Randy Fenoli Goldie | Koonings\",\"isPartOf\":{\"@id\":\"https:\\\/\\\/www.koonings.com\\\/fr\\\/#website\"},\"primaryImageOfPage\":{\"@id\":\"https:\\\/\\\/www.koonings.com\\\/fr\\\/product\\\/randy-fenoli-goldie\\\/#primaryimage\"},\"image\":{\"@id\":\"https:\\\/\\\/www.koonings.com\\\/fr\\\/product\\\/randy-fenoli-goldie\\\/#primaryimage\"},\"thumbnailUrl\":\"https:\\\/\\\/www.koonings.com\\\/wp-content\\\/uploads\\\/2024\\\/11\\\/40398_91b8e4ba84b25a14adca7ef7a0b3a0fcff9ae10a2521755cf91588d95814bd020bec8e1c.jpeg\",\"datePublished\":\"2026-04-28T16:18:11+00:00\",\"description\":\"Goldie est une robe ludique en tulle avec des d\u00e9tails en perles. Elle pr\u00e9sente un large d\u00e9collet\u00e9 en V qui s'\u00e9vase en un dos en V bas et s'\u00e9vase \u00e0 la taille. Le corsage est enti\u00e8rement d\u00e9cor\u00e9 de perles et dot\u00e9 d'une armature. Une fine ceinture borde la taille avec un n\u0153ud \u00e9troit et des manches chauve-souris au centre du devant. La jupe est \u00e9vas\u00e9e et orn\u00e9e de perles sur le devant et dans le dos. Goldie est dot\u00e9e de d\u00e9licates bretelles perl\u00e9es et de manches gants en tulle orn\u00e9es de perles. Les manches peuvent \u00eatre vendues avec la robe ou s\u00e9par\u00e9ment.\",\"breadcrumb\":{\"@id\":\"https:\\\/\\\/www.koonings.com\\\/fr\\\/product\\\/randy-fenoli-goldie\\\/#breadcrumb\"},\"inLanguage\":\"fr-FR\",\"potentialAction\":[{\"@type\":\"ReadAction\",\"target\":[\"https:\\\/\\\/www.koonings.com\\\/fr\\\/product\\\/randy-fenoli-goldie\\\/\"]}]},{\"@type\":\"ImageObject\",\"inLanguage\":\"fr-FR\",\"@id\":\"https:\\\/\\\/www.koonings.com\\\/fr\\\/product\\\/randy-fenoli-goldie\\\/#primaryimage\",\"url\":\"https:\\\/\\\/www.koonings.com\\\/wp-content\\\/uploads\\\/2024\\\/11\\\/40398_91b8e4ba84b25a14adca7ef7a0b3a0fcff9ae10a2521755cf91588d95814bd020bec8e1c.jpeg\",\"contentUrl\":\"https:\\\/\\\/www.koonings.com\\\/wp-content\\\/uploads\\\/2024\\\/11\\\/40398_91b8e4ba84b25a14adca7ef7a0b3a0fcff9ae10a2521755cf91588d95814bd020bec8e1c.jpeg\",\"width\":1487,\"height\":2102},{\"@type\":\"BreadcrumbList\",\"@id\":\"https:\\\/\\\/www.koonings.com\\\/fr\\\/product\\\/randy-fenoli-goldie\\\/#breadcrumb\",\"itemListElement\":[{\"@type\":\"ListItem\",\"position\":1,\"name\":\"Home\",\"item\":\"https:\\\/\\\/www.koonings.com\\\/fr\\\/\"},{\"@type\":\"ListItem\",\"position\":2,\"name\":\"Randy Fenoli Goldie\"}]},{\"@type\":\"WebSite\",\"@id\":\"https:\\\/\\\/www.koonings.com\\\/fr\\\/#website\",\"url\":\"https:\\\/\\\/www.koonings.com\\\/fr\\\/\",\"name\":\"Koonings\",\"description\":\"De grootste bruidsmodewinkel ter wereld\",\"publisher\":{\"@id\":\"https:\\\/\\\/www.koonings.com\\\/fr\\\/#organization\"},\"potentialAction\":[{\"@type\":\"SearchAction\",\"target\":{\"@type\":\"EntryPoint\",\"urlTemplate\":\"https:\\\/\\\/www.koonings.com\\\/fr\\\/?s={search_term_string}\"},\"query-input\":{\"@type\":\"PropertyValueSpecification\",\"valueRequired\":true,\"valueName\":\"search_term_string\"}}],\"inLanguage\":\"fr-FR\"},{\"@type\":\"Organization\",\"@id\":\"https:\\\/\\\/www.koonings.com\\\/fr\\\/#organization\",\"name\":\"Koonings\",\"url\":\"https:\\\/\\\/www.koonings.com\\\/fr\\\/\",\"logo\":{\"@type\":\"ImageObject\",\"inLanguage\":\"fr-FR\",\"@id\":\"https:\\\/\\\/www.koonings.com\\\/fr\\\/#\\\/schema\\\/logo\\\/image\\\/\",\"url\":\"https:\\\/\\\/www.koonings.com\\\/wp-content\\\/uploads\\\/2024\\\/07\\\/logo.png\",\"contentUrl\":\"https:\\\/\\\/www.koonings.com\\\/wp-content\\\/uploads\\\/2024\\\/07\\\/logo.png\",\"width\":600,\"height\":428,\"caption\":\"Koonings\"},\"image\":{\"@id\":\"https:\\\/\\\/www.koonings.com\\\/fr\\\/#\\\/schema\\\/logo\\\/image\\\/\"},\"sameAs\":[\"https:\\\/\\\/www.facebook.com\\\/kooningstheweddingpalace\",\"https:\\\/\\\/www.instagram.com\\\/kooningstheweddingpalace\",\"https:\\\/\\\/www.pinterest.com\\\/koonings\",\"https:\\\/\\\/www.youtube.com\\\/kooningstheweddingpalace\"]}]}<\/script>\n<!-- \/ Yoast SEO plugin. -->","yoast_head_json":{"title":"Randy Fenoli Goldie | Koonings","description":"Goldie est une robe ludique en tulle avec des d\u00e9tails en perles. Elle pr\u00e9sente un large d\u00e9collet\u00e9 en V qui s'\u00e9vase en un dos en V bas et s'\u00e9vase \u00e0 la taille. Le corsage est enti\u00e8rement d\u00e9cor\u00e9 de perles et dot\u00e9 d'une armature. Une fine ceinture borde la taille avec un n\u0153ud \u00e9troit et des manches chauve-souris au centre du devant. La jupe est \u00e9vas\u00e9e et orn\u00e9e de perles sur le devant et dans le dos. Goldie est dot\u00e9e de d\u00e9licates bretelles perl\u00e9es et de manches gants en tulle orn\u00e9es de perles. Les manches peuvent \u00eatre vendues avec la robe ou s\u00e9par\u00e9ment.","robots":{"index":"index","follow":"follow","max-snippet":"max-snippet:-1","max-image-preview":"max-image-preview:large","max-video-preview":"max-video-preview:-1"},"canonical":"https:\/\/www.koonings.com\/fr\/product\/randy-fenoli-goldie\/","og_locale":"fr_FR","og_type":"article","og_title":"Randy Fenoli Goldie | Koonings","og_description":"Goldie est une robe ludique en tulle avec des d\u00e9tails en perles. Elle pr\u00e9sente un large d\u00e9collet\u00e9 en V qui s'\u00e9vase en un dos en V bas et s'\u00e9vase \u00e0 la taille. Le corsage est enti\u00e8rement d\u00e9cor\u00e9 de perles et dot\u00e9 d'une armature. Une fine ceinture borde la taille avec un n\u0153ud \u00e9troit et des manches chauve-souris au centre du devant. La jupe est \u00e9vas\u00e9e et orn\u00e9e de perles sur le devant et dans le dos. Goldie est dot\u00e9e de d\u00e9licates bretelles perl\u00e9es et de manches gants en tulle orn\u00e9es de perles. Les manches peuvent \u00eatre vendues avec la robe ou s\u00e9par\u00e9ment.","og_url":"https:\/\/www.koonings.com\/fr\/product\/randy-fenoli-goldie\/","og_site_name":"Koonings","article_publisher":"https:\/\/www.facebook.com\/kooningstheweddingpalace","og_image":[{"width":1487,"height":2102,"url":"https:\/\/www.koonings.com\/wp-content\/uploads\/2024\/11\/40398_91b8e4ba84b25a14adca7ef7a0b3a0fcff9ae10a2521755cf91588d95814bd020bec8e1c.jpeg","type":"image\/jpeg"}],"twitter_card":"summary_large_image","twitter_misc":{"Dur\u00e9e de lecture estim\u00e9e":"1 minute"},"schema":{"@context":"https:\/\/schema.org","@graph":[{"@type":"WebPage","@id":"https:\/\/www.koonings.com\/fr\/product\/randy-fenoli-goldie\/","url":"https:\/\/www.koonings.com\/fr\/product\/randy-fenoli-goldie\/","name":"Randy Fenoli Goldie | Koonings","isPartOf":{"@id":"https:\/\/www.koonings.com\/fr\/#website"},"primaryImageOfPage":{"@id":"https:\/\/www.koonings.com\/fr\/product\/randy-fenoli-goldie\/#primaryimage"},"image":{"@id":"https:\/\/www.koonings.com\/fr\/product\/randy-fenoli-goldie\/#primaryimage"},"thumbnailUrl":"https:\/\/www.koonings.com\/wp-content\/uploads\/2024\/11\/40398_91b8e4ba84b25a14adca7ef7a0b3a0fcff9ae10a2521755cf91588d95814bd020bec8e1c.jpeg","datePublished":"2026-04-28T16:18:11+00:00","description":"Goldie est une robe ludique en tulle avec des d\u00e9tails en perles. Elle pr\u00e9sente un large d\u00e9collet\u00e9 en V qui s'\u00e9vase en un dos en V bas et s'\u00e9vase \u00e0 la taille. Le corsage est enti\u00e8rement d\u00e9cor\u00e9 de perles et dot\u00e9 d'une armature. Une fine ceinture borde la taille avec un n\u0153ud \u00e9troit et des manches chauve-souris au centre du devant. La jupe est \u00e9vas\u00e9e et orn\u00e9e de perles sur le devant et dans le dos. Goldie est dot\u00e9e de d\u00e9licates bretelles perl\u00e9es et de manches gants en tulle orn\u00e9es de perles. Les manches peuvent \u00eatre vendues avec la robe ou s\u00e9par\u00e9ment.","breadcrumb":{"@id":"https:\/\/www.koonings.com\/fr\/product\/randy-fenoli-goldie\/#breadcrumb"},"inLanguage":"fr-FR","potentialAction":[{"@type":"ReadAction","target":["https:\/\/www.koonings.com\/fr\/product\/randy-fenoli-goldie\/"]}]},{"@type":"ImageObject","inLanguage":"fr-FR","@id":"https:\/\/www.koonings.com\/fr\/product\/randy-fenoli-goldie\/#primaryimage","url":"https:\/\/www.koonings.com\/wp-content\/uploads\/2024\/11\/40398_91b8e4ba84b25a14adca7ef7a0b3a0fcff9ae10a2521755cf91588d95814bd020bec8e1c.jpeg","contentUrl":"https:\/\/www.koonings.com\/wp-content\/uploads\/2024\/11\/40398_91b8e4ba84b25a14adca7ef7a0b3a0fcff9ae10a2521755cf91588d95814bd020bec8e1c.jpeg","width":1487,"height":2102},{"@type":"BreadcrumbList","@id":"https:\/\/www.koonings.com\/fr\/product\/randy-fenoli-goldie\/#breadcrumb","itemListElement":[{"@type":"ListItem","position":1,"name":"Home","item":"https:\/\/www.koonings.com\/fr\/"},{"@type":"ListItem","position":2,"name":"Randy Fenoli Goldie"}]},{"@type":"WebSite","@id":"https:\/\/www.koonings.com\/fr\/#website","url":"https:\/\/www.koonings.com\/fr\/","name":"Koonings","description":"De grootste bruidsmodewinkel ter wereld","publisher":{"@id":"https:\/\/www.koonings.com\/fr\/#organization"},"potentialAction":[{"@type":"SearchAction","target":{"@type":"EntryPoint","urlTemplate":"https:\/\/www.koonings.com\/fr\/?s={search_term_string}"},"query-input":{"@type":"PropertyValueSpecification","valueRequired":true,"valueName":"search_term_string"}}],"inLanguage":"fr-FR"},{"@type":"Organization","@id":"https:\/\/www.koonings.com\/fr\/#organization","name":"Koonings","url":"https:\/\/www.koonings.com\/fr\/","logo":{"@type":"ImageObject","inLanguage":"fr-FR","@id":"https:\/\/www.koonings.com\/fr\/#\/schema\/logo\/image\/","url":"https:\/\/www.koonings.com\/wp-content\/uploads\/2024\/07\/logo.png","contentUrl":"https:\/\/www.koonings.com\/wp-content\/uploads\/2024\/07\/logo.png","width":600,"height":428,"caption":"Koonings"},"image":{"@id":"https:\/\/www.koonings.com\/fr\/#\/schema\/logo\/image\/"},"sameAs":["https:\/\/www.facebook.com\/kooningstheweddingpalace","https:\/\/www.instagram.com\/kooningstheweddingpalace","https:\/\/www.pinterest.com\/koonings","https:\/\/www.youtube.com\/kooningstheweddingpalace"]}]}},"_links":{"self":[{"href":"https:\/\/www.koonings.com\/fr\/wp-json\/wp\/v2\/product\/58203","targetHints":{"allow":["GET"]}}],"collection":[{"href":"https:\/\/www.koonings.com\/fr\/wp-json\/wp\/v2\/product"}],"about":[{"href":"https:\/\/www.koonings.com\/fr\/wp-json\/wp\/v2\/types\/product"}],"wp:featuredmedia":[{"embeddable":true,"href":"https:\/\/www.koonings.com\/fr\/wp-json\/wp\/v2\/media\/44023"}],"wp:attachment":[{"href":"https:\/\/www.koonings.com\/fr\/wp-json\/wp\/v2\/media?parent=58203"}],"wp:term":[{"taxonomy":"productdetails","embeddable":true,"href":"https:\/\/www.koonings.com\/fr\/wp-json\/wp\/v2\/productdetails?post=58203"},{"taxonomy":"productneck","embeddable":true,"href":"https:\/\/www.koonings.com\/fr\/wp-json\/wp\/v2\/productneck?post=58203"},{"taxonomy":"productcolor","embeddable":true,"href":"https:\/\/www.koonings.com\/fr\/wp-json\/wp\/v2\/productcolor?post=58203"},{"taxonomy":"maat","embeddable":true,"href":"https:\/\/www.koonings.com\/fr\/wp-json\/wp\/v2\/maat?post=58203"},{"taxonomy":"productsupplier","embeddable":true,"href":"https:\/\/www.koonings.com\/fr\/wp-json\/wp\/v2\/productsupplier?post=58203"},{"taxonomy":"productsleeve","embeddable":true,"href":"https:\/\/www.koonings.com\/fr\/wp-json\/wp\/v2\/productsleeve?post=58203"},{"taxonomy":"productcategory","embeddable":true,"href":"https:\/\/www.koonings.com\/fr\/wp-json\/wp\/v2\/productcategory?post=58203"},{"taxonomy":"productsilhouette","embeddable":true,"href":"https:\/\/www.koonings.com\/fr\/wp-json\/wp\/v2\/productsilhouette?post=58203"},{"taxonomy":"productstyle","embeddable":true,"href":"https:\/\/www.koonings.com\/fr\/wp-json\/wp\/v2\/productstyle?post=58203"}],"curies":[{"name":"wp","href":"https:\/\/api.w.org\/{rel}","templated":true}]}}