{"id":58198,"date":"2026-05-06T15:18:23","date_gmt":"2026-05-06T13:18:23","guid":{"rendered":"https:\/\/www.koonings.com\/product\/randy-fenoli-gretchen\/"},"modified":"2025-06-05T13:04:53","modified_gmt":"2025-06-05T11:04:53","slug":"randy-fenoli-gretchen","status":"publish","type":"product","link":"https:\/\/www.koonings.com\/fr\/product\/randy-fenoli-gretchen\/","title":{"rendered":"Randy Fenoli Gretchen"},"content":{"rendered":"<p>Gretchen est une robe de tulle a-line d&#8217;une douceur ang\u00e9lique, avec des d\u00e9tails scintillants. Le corsage pr\u00e9sente un d\u00e9collet\u00e9 carr\u00e9 en forme de c\u0153ur qui se transforme en un dos rond et bas. Il est enti\u00e8rement rehauss\u00e9 d&#8217;un \u00e9tincelant motif floral perl\u00e9 qui descend le long de la taille. Les couches de tulle scintillant de la jupe pliss\u00e9e lui conf\u00e8rent une allure \u00e9th\u00e9r\u00e9e qui fera briller toutes les mari\u00e9es. Parmi les autres d\u00e9tails, citons les boutons en cristal au centre du dos et la fente haute de la jupe. Gretchen poss\u00e8de \u00e9galement des manches longues amovibles en maille illusion. Les manches sont orn\u00e9es de fleurs assorties sur le corsage, les poignets et le haut du bras. Ces manches peuvent \u00eatre vendues avec la robe ou s\u00e9par\u00e9ment.       <\/p>\n","protected":false},"featured_media":44044,"template":"","meta":{"_acf_changed":false,"ghostkit_customizer_options":"","ghostkit_custom_css":"","ghostkit_custom_js_head":"","ghostkit_custom_js_foot":"","ghostkit_typography":""},"productdetails":[378,381],"productneck":[356],"productcolor":[393,392],"maat":[],"productsupplier":[422],"productsleeve":[359],"productcategory":[18],"productsilhouette":[384],"productstyle":[366],"class_list":["post-58198","product","type-product","status-publish","has-post-thumbnail","hentry","productdetails-378","productdetails-381","productneck-356","productcolor-393","productcolor-392","productsupplier-randy-fenoli","productsleeve-359","productcategory-trouwjurken","productsilhouette-384","productstyle-366"],"acf":[],"yoast_head":"<!-- This site is optimized with the Yoast SEO plugin v27.3 - https:\/\/yoast.com\/product\/yoast-seo-wordpress\/ -->\n<title>Randy Fenoli Gretchen | Koonings<\/title>\n<meta name=\"description\" content=\"Gretchen est une robe de tulle a-line d&#039;une douceur ang\u00e9lique, avec des d\u00e9tails scintillants. Le corsage pr\u00e9sente un d\u00e9collet\u00e9 carr\u00e9 en forme de c\u0153ur qui se transforme en un dos rond et bas. Il est enti\u00e8rement rehauss\u00e9 d&#039;un \u00e9tincelant motif floral perl\u00e9 qui descend le long de la taille. Les couches de tulle scintillant de la jupe pliss\u00e9e lui conf\u00e8rent une allure \u00e9th\u00e9r\u00e9e qui fera briller toutes les mari\u00e9es. Parmi les autres d\u00e9tails, citons les boutons en cristal au centre du dos et la fente haute de la jupe. Gretchen poss\u00e8de \u00e9galement des manches longues amovibles en maille illusion. Les manches sont orn\u00e9es de fleurs assorties sur le corsage, les poignets et le haut du bras. Ces manches peuvent \u00eatre vendues avec la robe ou s\u00e9par\u00e9ment.\" \/>\n<meta name=\"robots\" content=\"index, follow, max-snippet:-1, max-image-preview:large, max-video-preview:-1\" \/>\n<link rel=\"canonical\" href=\"https:\/\/www.koonings.com\/fr\/product\/randy-fenoli-gretchen\/\" \/>\n<meta property=\"og:locale\" content=\"fr_FR\" \/>\n<meta property=\"og:type\" content=\"article\" \/>\n<meta property=\"og:title\" content=\"Randy Fenoli Gretchen | Koonings\" \/>\n<meta property=\"og:description\" content=\"Gretchen est une robe de tulle a-line d&#039;une douceur ang\u00e9lique, avec des d\u00e9tails scintillants. Le corsage pr\u00e9sente un d\u00e9collet\u00e9 carr\u00e9 en forme de c\u0153ur qui se transforme en un dos rond et bas. Il est enti\u00e8rement rehauss\u00e9 d&#039;un \u00e9tincelant motif floral perl\u00e9 qui descend le long de la taille. Les couches de tulle scintillant de la jupe pliss\u00e9e lui conf\u00e8rent une allure \u00e9th\u00e9r\u00e9e qui fera briller toutes les mari\u00e9es. Parmi les autres d\u00e9tails, citons les boutons en cristal au centre du dos et la fente haute de la jupe. Gretchen poss\u00e8de \u00e9galement des manches longues amovibles en maille illusion. Les manches sont orn\u00e9es de fleurs assorties sur le corsage, les poignets et le haut du bras. Ces manches peuvent \u00eatre vendues avec la robe ou s\u00e9par\u00e9ment.\" \/>\n<meta property=\"og:url\" content=\"https:\/\/www.koonings.com\/fr\/product\/randy-fenoli-gretchen\/\" \/>\n<meta property=\"og:site_name\" content=\"Koonings\" \/>\n<meta property=\"article:publisher\" content=\"https:\/\/www.facebook.com\/kooningstheweddingpalace\" \/>\n<meta property=\"og:image\" content=\"https:\/\/www.koonings.com\/wp-content\/uploads\/2024\/11\/40399_afd2ea560b7970e5e3f7ad73246e3c98c8a87236075590479b643f8e2019839fb2380035-724x1024.jpeg\" \/>\n\t<meta property=\"og:image:width\" content=\"724\" \/>\n\t<meta property=\"og:image:height\" content=\"1024\" \/>\n\t<meta property=\"og:image:type\" content=\"image\/jpeg\" \/>\n<meta name=\"twitter:card\" content=\"summary_large_image\" \/>\n<meta name=\"twitter:label1\" content=\"Dur\u00e9e de lecture estim\u00e9e\" \/>\n\t<meta name=\"twitter:data1\" content=\"1 minute\" \/>\n<script type=\"application\/ld+json\" class=\"yoast-schema-graph\">{\"@context\":\"https:\\\/\\\/schema.org\",\"@graph\":[{\"@type\":\"WebPage\",\"@id\":\"https:\\\/\\\/www.koonings.com\\\/fr\\\/product\\\/randy-fenoli-gretchen\\\/\",\"url\":\"https:\\\/\\\/www.koonings.com\\\/fr\\\/product\\\/randy-fenoli-gretchen\\\/\",\"name\":\"Randy Fenoli Gretchen | Koonings\",\"isPartOf\":{\"@id\":\"https:\\\/\\\/www.koonings.com\\\/fr\\\/#website\"},\"primaryImageOfPage\":{\"@id\":\"https:\\\/\\\/www.koonings.com\\\/fr\\\/product\\\/randy-fenoli-gretchen\\\/#primaryimage\"},\"image\":{\"@id\":\"https:\\\/\\\/www.koonings.com\\\/fr\\\/product\\\/randy-fenoli-gretchen\\\/#primaryimage\"},\"thumbnailUrl\":\"https:\\\/\\\/www.koonings.com\\\/wp-content\\\/uploads\\\/2024\\\/11\\\/40399_afd2ea560b7970e5e3f7ad73246e3c98c8a87236075590479b643f8e2019839fb2380035.jpeg\",\"datePublished\":\"2026-05-06T13:18:23+00:00\",\"description\":\"Gretchen est une robe de tulle a-line d'une douceur ang\u00e9lique, avec des d\u00e9tails scintillants. Le corsage pr\u00e9sente un d\u00e9collet\u00e9 carr\u00e9 en forme de c\u0153ur qui se transforme en un dos rond et bas. Il est enti\u00e8rement rehauss\u00e9 d'un \u00e9tincelant motif floral perl\u00e9 qui descend le long de la taille. Les couches de tulle scintillant de la jupe pliss\u00e9e lui conf\u00e8rent une allure \u00e9th\u00e9r\u00e9e qui fera briller toutes les mari\u00e9es. Parmi les autres d\u00e9tails, citons les boutons en cristal au centre du dos et la fente haute de la jupe. Gretchen poss\u00e8de \u00e9galement des manches longues amovibles en maille illusion. Les manches sont orn\u00e9es de fleurs assorties sur le corsage, les poignets et le haut du bras. Ces manches peuvent \u00eatre vendues avec la robe ou s\u00e9par\u00e9ment.\",\"breadcrumb\":{\"@id\":\"https:\\\/\\\/www.koonings.com\\\/fr\\\/product\\\/randy-fenoli-gretchen\\\/#breadcrumb\"},\"inLanguage\":\"fr-FR\",\"potentialAction\":[{\"@type\":\"ReadAction\",\"target\":[\"https:\\\/\\\/www.koonings.com\\\/fr\\\/product\\\/randy-fenoli-gretchen\\\/\"]}]},{\"@type\":\"ImageObject\",\"inLanguage\":\"fr-FR\",\"@id\":\"https:\\\/\\\/www.koonings.com\\\/fr\\\/product\\\/randy-fenoli-gretchen\\\/#primaryimage\",\"url\":\"https:\\\/\\\/www.koonings.com\\\/wp-content\\\/uploads\\\/2024\\\/11\\\/40399_afd2ea560b7970e5e3f7ad73246e3c98c8a87236075590479b643f8e2019839fb2380035.jpeg\",\"contentUrl\":\"https:\\\/\\\/www.koonings.com\\\/wp-content\\\/uploads\\\/2024\\\/11\\\/40399_afd2ea560b7970e5e3f7ad73246e3c98c8a87236075590479b643f8e2019839fb2380035.jpeg\",\"width\":1419,\"height\":2006},{\"@type\":\"BreadcrumbList\",\"@id\":\"https:\\\/\\\/www.koonings.com\\\/fr\\\/product\\\/randy-fenoli-gretchen\\\/#breadcrumb\",\"itemListElement\":[{\"@type\":\"ListItem\",\"position\":1,\"name\":\"Home\",\"item\":\"https:\\\/\\\/www.koonings.com\\\/fr\\\/\"},{\"@type\":\"ListItem\",\"position\":2,\"name\":\"Randy Fenoli Gretchen\"}]},{\"@type\":\"WebSite\",\"@id\":\"https:\\\/\\\/www.koonings.com\\\/fr\\\/#website\",\"url\":\"https:\\\/\\\/www.koonings.com\\\/fr\\\/\",\"name\":\"Koonings\",\"description\":\"De grootste bruidsmodewinkel ter wereld\",\"publisher\":{\"@id\":\"https:\\\/\\\/www.koonings.com\\\/fr\\\/#organization\"},\"potentialAction\":[{\"@type\":\"SearchAction\",\"target\":{\"@type\":\"EntryPoint\",\"urlTemplate\":\"https:\\\/\\\/www.koonings.com\\\/fr\\\/?s={search_term_string}\"},\"query-input\":{\"@type\":\"PropertyValueSpecification\",\"valueRequired\":true,\"valueName\":\"search_term_string\"}}],\"inLanguage\":\"fr-FR\"},{\"@type\":\"Organization\",\"@id\":\"https:\\\/\\\/www.koonings.com\\\/fr\\\/#organization\",\"name\":\"Koonings\",\"url\":\"https:\\\/\\\/www.koonings.com\\\/fr\\\/\",\"logo\":{\"@type\":\"ImageObject\",\"inLanguage\":\"fr-FR\",\"@id\":\"https:\\\/\\\/www.koonings.com\\\/fr\\\/#\\\/schema\\\/logo\\\/image\\\/\",\"url\":\"https:\\\/\\\/www.koonings.com\\\/wp-content\\\/uploads\\\/2024\\\/07\\\/logo.png\",\"contentUrl\":\"https:\\\/\\\/www.koonings.com\\\/wp-content\\\/uploads\\\/2024\\\/07\\\/logo.png\",\"width\":600,\"height\":428,\"caption\":\"Koonings\"},\"image\":{\"@id\":\"https:\\\/\\\/www.koonings.com\\\/fr\\\/#\\\/schema\\\/logo\\\/image\\\/\"},\"sameAs\":[\"https:\\\/\\\/www.facebook.com\\\/kooningstheweddingpalace\",\"https:\\\/\\\/www.instagram.com\\\/kooningstheweddingpalace\",\"https:\\\/\\\/www.pinterest.com\\\/koonings\",\"https:\\\/\\\/www.youtube.com\\\/kooningstheweddingpalace\"]}]}<\/script>\n<!-- \/ Yoast SEO plugin. -->","yoast_head_json":{"title":"Randy Fenoli Gretchen | Koonings","description":"Gretchen est une robe de tulle a-line d'une douceur ang\u00e9lique, avec des d\u00e9tails scintillants. Le corsage pr\u00e9sente un d\u00e9collet\u00e9 carr\u00e9 en forme de c\u0153ur qui se transforme en un dos rond et bas. Il est enti\u00e8rement rehauss\u00e9 d'un \u00e9tincelant motif floral perl\u00e9 qui descend le long de la taille. Les couches de tulle scintillant de la jupe pliss\u00e9e lui conf\u00e8rent une allure \u00e9th\u00e9r\u00e9e qui fera briller toutes les mari\u00e9es. Parmi les autres d\u00e9tails, citons les boutons en cristal au centre du dos et la fente haute de la jupe. Gretchen poss\u00e8de \u00e9galement des manches longues amovibles en maille illusion. Les manches sont orn\u00e9es de fleurs assorties sur le corsage, les poignets et le haut du bras. Ces manches peuvent \u00eatre vendues avec la robe ou s\u00e9par\u00e9ment.","robots":{"index":"index","follow":"follow","max-snippet":"max-snippet:-1","max-image-preview":"max-image-preview:large","max-video-preview":"max-video-preview:-1"},"canonical":"https:\/\/www.koonings.com\/fr\/product\/randy-fenoli-gretchen\/","og_locale":"fr_FR","og_type":"article","og_title":"Randy Fenoli Gretchen | Koonings","og_description":"Gretchen est une robe de tulle a-line d'une douceur ang\u00e9lique, avec des d\u00e9tails scintillants. Le corsage pr\u00e9sente un d\u00e9collet\u00e9 carr\u00e9 en forme de c\u0153ur qui se transforme en un dos rond et bas. Il est enti\u00e8rement rehauss\u00e9 d'un \u00e9tincelant motif floral perl\u00e9 qui descend le long de la taille. Les couches de tulle scintillant de la jupe pliss\u00e9e lui conf\u00e8rent une allure \u00e9th\u00e9r\u00e9e qui fera briller toutes les mari\u00e9es. Parmi les autres d\u00e9tails, citons les boutons en cristal au centre du dos et la fente haute de la jupe. Gretchen poss\u00e8de \u00e9galement des manches longues amovibles en maille illusion. Les manches sont orn\u00e9es de fleurs assorties sur le corsage, les poignets et le haut du bras. Ces manches peuvent \u00eatre vendues avec la robe ou s\u00e9par\u00e9ment.","og_url":"https:\/\/www.koonings.com\/fr\/product\/randy-fenoli-gretchen\/","og_site_name":"Koonings","article_publisher":"https:\/\/www.facebook.com\/kooningstheweddingpalace","og_image":[{"width":724,"height":1024,"url":"https:\/\/www.koonings.com\/wp-content\/uploads\/2024\/11\/40399_afd2ea560b7970e5e3f7ad73246e3c98c8a87236075590479b643f8e2019839fb2380035-724x1024.jpeg","type":"image\/jpeg"}],"twitter_card":"summary_large_image","twitter_misc":{"Dur\u00e9e de lecture estim\u00e9e":"1 minute"},"schema":{"@context":"https:\/\/schema.org","@graph":[{"@type":"WebPage","@id":"https:\/\/www.koonings.com\/fr\/product\/randy-fenoli-gretchen\/","url":"https:\/\/www.koonings.com\/fr\/product\/randy-fenoli-gretchen\/","name":"Randy Fenoli Gretchen | Koonings","isPartOf":{"@id":"https:\/\/www.koonings.com\/fr\/#website"},"primaryImageOfPage":{"@id":"https:\/\/www.koonings.com\/fr\/product\/randy-fenoli-gretchen\/#primaryimage"},"image":{"@id":"https:\/\/www.koonings.com\/fr\/product\/randy-fenoli-gretchen\/#primaryimage"},"thumbnailUrl":"https:\/\/www.koonings.com\/wp-content\/uploads\/2024\/11\/40399_afd2ea560b7970e5e3f7ad73246e3c98c8a87236075590479b643f8e2019839fb2380035.jpeg","datePublished":"2026-05-06T13:18:23+00:00","description":"Gretchen est une robe de tulle a-line d'une douceur ang\u00e9lique, avec des d\u00e9tails scintillants. Le corsage pr\u00e9sente un d\u00e9collet\u00e9 carr\u00e9 en forme de c\u0153ur qui se transforme en un dos rond et bas. Il est enti\u00e8rement rehauss\u00e9 d'un \u00e9tincelant motif floral perl\u00e9 qui descend le long de la taille. Les couches de tulle scintillant de la jupe pliss\u00e9e lui conf\u00e8rent une allure \u00e9th\u00e9r\u00e9e qui fera briller toutes les mari\u00e9es. Parmi les autres d\u00e9tails, citons les boutons en cristal au centre du dos et la fente haute de la jupe. Gretchen poss\u00e8de \u00e9galement des manches longues amovibles en maille illusion. Les manches sont orn\u00e9es de fleurs assorties sur le corsage, les poignets et le haut du bras. Ces manches peuvent \u00eatre vendues avec la robe ou s\u00e9par\u00e9ment.","breadcrumb":{"@id":"https:\/\/www.koonings.com\/fr\/product\/randy-fenoli-gretchen\/#breadcrumb"},"inLanguage":"fr-FR","potentialAction":[{"@type":"ReadAction","target":["https:\/\/www.koonings.com\/fr\/product\/randy-fenoli-gretchen\/"]}]},{"@type":"ImageObject","inLanguage":"fr-FR","@id":"https:\/\/www.koonings.com\/fr\/product\/randy-fenoli-gretchen\/#primaryimage","url":"https:\/\/www.koonings.com\/wp-content\/uploads\/2024\/11\/40399_afd2ea560b7970e5e3f7ad73246e3c98c8a87236075590479b643f8e2019839fb2380035.jpeg","contentUrl":"https:\/\/www.koonings.com\/wp-content\/uploads\/2024\/11\/40399_afd2ea560b7970e5e3f7ad73246e3c98c8a87236075590479b643f8e2019839fb2380035.jpeg","width":1419,"height":2006},{"@type":"BreadcrumbList","@id":"https:\/\/www.koonings.com\/fr\/product\/randy-fenoli-gretchen\/#breadcrumb","itemListElement":[{"@type":"ListItem","position":1,"name":"Home","item":"https:\/\/www.koonings.com\/fr\/"},{"@type":"ListItem","position":2,"name":"Randy Fenoli Gretchen"}]},{"@type":"WebSite","@id":"https:\/\/www.koonings.com\/fr\/#website","url":"https:\/\/www.koonings.com\/fr\/","name":"Koonings","description":"De grootste bruidsmodewinkel ter wereld","publisher":{"@id":"https:\/\/www.koonings.com\/fr\/#organization"},"potentialAction":[{"@type":"SearchAction","target":{"@type":"EntryPoint","urlTemplate":"https:\/\/www.koonings.com\/fr\/?s={search_term_string}"},"query-input":{"@type":"PropertyValueSpecification","valueRequired":true,"valueName":"search_term_string"}}],"inLanguage":"fr-FR"},{"@type":"Organization","@id":"https:\/\/www.koonings.com\/fr\/#organization","name":"Koonings","url":"https:\/\/www.koonings.com\/fr\/","logo":{"@type":"ImageObject","inLanguage":"fr-FR","@id":"https:\/\/www.koonings.com\/fr\/#\/schema\/logo\/image\/","url":"https:\/\/www.koonings.com\/wp-content\/uploads\/2024\/07\/logo.png","contentUrl":"https:\/\/www.koonings.com\/wp-content\/uploads\/2024\/07\/logo.png","width":600,"height":428,"caption":"Koonings"},"image":{"@id":"https:\/\/www.koonings.com\/fr\/#\/schema\/logo\/image\/"},"sameAs":["https:\/\/www.facebook.com\/kooningstheweddingpalace","https:\/\/www.instagram.com\/kooningstheweddingpalace","https:\/\/www.pinterest.com\/koonings","https:\/\/www.youtube.com\/kooningstheweddingpalace"]}]}},"_links":{"self":[{"href":"https:\/\/www.koonings.com\/fr\/wp-json\/wp\/v2\/product\/58198","targetHints":{"allow":["GET"]}}],"collection":[{"href":"https:\/\/www.koonings.com\/fr\/wp-json\/wp\/v2\/product"}],"about":[{"href":"https:\/\/www.koonings.com\/fr\/wp-json\/wp\/v2\/types\/product"}],"wp:featuredmedia":[{"embeddable":true,"href":"https:\/\/www.koonings.com\/fr\/wp-json\/wp\/v2\/media\/44044"}],"wp:attachment":[{"href":"https:\/\/www.koonings.com\/fr\/wp-json\/wp\/v2\/media?parent=58198"}],"wp:term":[{"taxonomy":"productdetails","embeddable":true,"href":"https:\/\/www.koonings.com\/fr\/wp-json\/wp\/v2\/productdetails?post=58198"},{"taxonomy":"productneck","embeddable":true,"href":"https:\/\/www.koonings.com\/fr\/wp-json\/wp\/v2\/productneck?post=58198"},{"taxonomy":"productcolor","embeddable":true,"href":"https:\/\/www.koonings.com\/fr\/wp-json\/wp\/v2\/productcolor?post=58198"},{"taxonomy":"maat","embeddable":true,"href":"https:\/\/www.koonings.com\/fr\/wp-json\/wp\/v2\/maat?post=58198"},{"taxonomy":"productsupplier","embeddable":true,"href":"https:\/\/www.koonings.com\/fr\/wp-json\/wp\/v2\/productsupplier?post=58198"},{"taxonomy":"productsleeve","embeddable":true,"href":"https:\/\/www.koonings.com\/fr\/wp-json\/wp\/v2\/productsleeve?post=58198"},{"taxonomy":"productcategory","embeddable":true,"href":"https:\/\/www.koonings.com\/fr\/wp-json\/wp\/v2\/productcategory?post=58198"},{"taxonomy":"productsilhouette","embeddable":true,"href":"https:\/\/www.koonings.com\/fr\/wp-json\/wp\/v2\/productsilhouette?post=58198"},{"taxonomy":"productstyle","embeddable":true,"href":"https:\/\/www.koonings.com\/fr\/wp-json\/wp\/v2\/productstyle?post=58198"}],"curies":[{"name":"wp","href":"https:\/\/api.w.org\/{rel}","templated":true}]}}