{"id":58195,"date":"2026-05-16T20:24:27","date_gmt":"2026-05-16T18:24:27","guid":{"rendered":"https:\/\/www.koonings.com\/product\/modeca-dembee\/"},"modified":"2025-06-05T13:04:54","modified_gmt":"2025-06-05T11:04:54","slug":"modeca-dembee","status":"publish","type":"product","link":"https:\/\/www.koonings.com\/fr\/product\/modeca-dembee\/","title":{"rendered":"Modeca Dembee"},"content":{"rendered":"<p>Dansez sur les nuages dans cette robe pimpante et sans effort de Dembee. Le corsage en dentelle illusionniste vole la vedette avec son encolure ronde d\u00e9licate menant \u00e0 de d\u00e9licates bretelles perl\u00e9es orn\u00e9es de fleurs en 3D. Ce look est compl\u00e9t\u00e9 par une magnifique jupe en tulle scintillant. Cette robe est \u00e9galement disponible en tulle uni &#8211; Dembee-A.   <\/p>\n","protected":false},"featured_media":44086,"template":"","meta":{"_acf_changed":false,"ghostkit_customizer_options":"","ghostkit_custom_css":"","ghostkit_custom_js_head":"","ghostkit_custom_js_foot":"","ghostkit_typography":""},"productdetails":[379,376,381],"productneck":[352],"productcolor":[393,392],"maat":[],"productsupplier":[434],"productsleeve":[359],"productcategory":[18],"productsilhouette":[384],"productstyle":[366],"class_list":["post-58195","product","type-product","status-publish","has-post-thumbnail","hentry","productdetails-379","productdetails-376","productdetails-381","productneck-352","productcolor-393","productcolor-392","productsupplier-modeca","productsleeve-359","productcategory-trouwjurken","productsilhouette-384","productstyle-366"],"acf":[],"yoast_head":"<!-- This site is optimized with the Yoast SEO plugin v27.3 - https:\/\/yoast.com\/product\/yoast-seo-wordpress\/ -->\n<title>Modeca Dembee | Koonings<\/title>\n<meta name=\"description\" content=\"Dansez sur les nuages dans cette robe pimpante et sans effort de Dembee. Le corsage en dentelle illusionniste vole la vedette avec son encolure ronde d\u00e9licate menant \u00e0 de d\u00e9licates bretelles perl\u00e9es orn\u00e9es de fleurs en 3D. Ce look est compl\u00e9t\u00e9 par une magnifique jupe en tulle scintillant. Cette robe est \u00e9galement disponible en tulle uni - Dembee-A.\" \/>\n<meta name=\"robots\" content=\"index, follow, max-snippet:-1, max-image-preview:large, max-video-preview:-1\" \/>\n<link rel=\"canonical\" href=\"https:\/\/www.koonings.com\/fr\/product\/modeca-dembee\/\" \/>\n<meta property=\"og:locale\" content=\"fr_FR\" \/>\n<meta property=\"og:type\" content=\"article\" \/>\n<meta property=\"og:title\" content=\"Modeca Dembee | Koonings\" \/>\n<meta property=\"og:description\" content=\"Dansez sur les nuages dans cette robe pimpante et sans effort de Dembee. Le corsage en dentelle illusionniste vole la vedette avec son encolure ronde d\u00e9licate menant \u00e0 de d\u00e9licates bretelles perl\u00e9es orn\u00e9es de fleurs en 3D. Ce look est compl\u00e9t\u00e9 par une magnifique jupe en tulle scintillant. Cette robe est \u00e9galement disponible en tulle uni - Dembee-A.\" \/>\n<meta property=\"og:url\" content=\"https:\/\/www.koonings.com\/fr\/product\/modeca-dembee\/\" \/>\n<meta property=\"og:site_name\" content=\"Koonings\" \/>\n<meta property=\"article:publisher\" content=\"https:\/\/www.facebook.com\/kooningstheweddingpalace\" \/>\n<meta property=\"og:image\" content=\"https:\/\/www.koonings.com\/wp-content\/uploads\/2024\/11\/40410_24e66c9ab1cac319885ae9ab43dc2e881a089af636533b8f0a33d39c784c9f822fcde1e0.jpeg\" \/>\n\t<meta property=\"og:image:width\" content=\"832\" \/>\n\t<meta property=\"og:image:height\" content=\"1176\" \/>\n\t<meta property=\"og:image:type\" content=\"image\/jpeg\" \/>\n<meta name=\"twitter:card\" content=\"summary_large_image\" \/>\n<script type=\"application\/ld+json\" class=\"yoast-schema-graph\">{\"@context\":\"https:\\\/\\\/schema.org\",\"@graph\":[{\"@type\":\"WebPage\",\"@id\":\"https:\\\/\\\/www.koonings.com\\\/fr\\\/product\\\/modeca-dembee\\\/\",\"url\":\"https:\\\/\\\/www.koonings.com\\\/fr\\\/product\\\/modeca-dembee\\\/\",\"name\":\"Modeca Dembee | Koonings\",\"isPartOf\":{\"@id\":\"https:\\\/\\\/www.koonings.com\\\/fr\\\/#website\"},\"primaryImageOfPage\":{\"@id\":\"https:\\\/\\\/www.koonings.com\\\/fr\\\/product\\\/modeca-dembee\\\/#primaryimage\"},\"image\":{\"@id\":\"https:\\\/\\\/www.koonings.com\\\/fr\\\/product\\\/modeca-dembee\\\/#primaryimage\"},\"thumbnailUrl\":\"https:\\\/\\\/www.koonings.com\\\/wp-content\\\/uploads\\\/2024\\\/11\\\/40410_24e66c9ab1cac319885ae9ab43dc2e881a089af636533b8f0a33d39c784c9f822fcde1e0.jpeg\",\"datePublished\":\"2026-05-16T18:24:27+00:00\",\"description\":\"Dansez sur les nuages dans cette robe pimpante et sans effort de Dembee. Le corsage en dentelle illusionniste vole la vedette avec son encolure ronde d\u00e9licate menant \u00e0 de d\u00e9licates bretelles perl\u00e9es orn\u00e9es de fleurs en 3D. Ce look est compl\u00e9t\u00e9 par une magnifique jupe en tulle scintillant. Cette robe est \u00e9galement disponible en tulle uni - Dembee-A.\",\"breadcrumb\":{\"@id\":\"https:\\\/\\\/www.koonings.com\\\/fr\\\/product\\\/modeca-dembee\\\/#breadcrumb\"},\"inLanguage\":\"fr-FR\",\"potentialAction\":[{\"@type\":\"ReadAction\",\"target\":[\"https:\\\/\\\/www.koonings.com\\\/fr\\\/product\\\/modeca-dembee\\\/\"]}]},{\"@type\":\"ImageObject\",\"inLanguage\":\"fr-FR\",\"@id\":\"https:\\\/\\\/www.koonings.com\\\/fr\\\/product\\\/modeca-dembee\\\/#primaryimage\",\"url\":\"https:\\\/\\\/www.koonings.com\\\/wp-content\\\/uploads\\\/2024\\\/11\\\/40410_24e66c9ab1cac319885ae9ab43dc2e881a089af636533b8f0a33d39c784c9f822fcde1e0.jpeg\",\"contentUrl\":\"https:\\\/\\\/www.koonings.com\\\/wp-content\\\/uploads\\\/2024\\\/11\\\/40410_24e66c9ab1cac319885ae9ab43dc2e881a089af636533b8f0a33d39c784c9f822fcde1e0.jpeg\",\"width\":832,\"height\":1176},{\"@type\":\"BreadcrumbList\",\"@id\":\"https:\\\/\\\/www.koonings.com\\\/fr\\\/product\\\/modeca-dembee\\\/#breadcrumb\",\"itemListElement\":[{\"@type\":\"ListItem\",\"position\":1,\"name\":\"Home\",\"item\":\"https:\\\/\\\/www.koonings.com\\\/fr\\\/\"},{\"@type\":\"ListItem\",\"position\":2,\"name\":\"Modeca Dembee\"}]},{\"@type\":\"WebSite\",\"@id\":\"https:\\\/\\\/www.koonings.com\\\/fr\\\/#website\",\"url\":\"https:\\\/\\\/www.koonings.com\\\/fr\\\/\",\"name\":\"Koonings\",\"description\":\"De grootste bruidsmodewinkel ter wereld\",\"publisher\":{\"@id\":\"https:\\\/\\\/www.koonings.com\\\/fr\\\/#organization\"},\"potentialAction\":[{\"@type\":\"SearchAction\",\"target\":{\"@type\":\"EntryPoint\",\"urlTemplate\":\"https:\\\/\\\/www.koonings.com\\\/fr\\\/?s={search_term_string}\"},\"query-input\":{\"@type\":\"PropertyValueSpecification\",\"valueRequired\":true,\"valueName\":\"search_term_string\"}}],\"inLanguage\":\"fr-FR\"},{\"@type\":\"Organization\",\"@id\":\"https:\\\/\\\/www.koonings.com\\\/fr\\\/#organization\",\"name\":\"Koonings\",\"url\":\"https:\\\/\\\/www.koonings.com\\\/fr\\\/\",\"logo\":{\"@type\":\"ImageObject\",\"inLanguage\":\"fr-FR\",\"@id\":\"https:\\\/\\\/www.koonings.com\\\/fr\\\/#\\\/schema\\\/logo\\\/image\\\/\",\"url\":\"https:\\\/\\\/www.koonings.com\\\/wp-content\\\/uploads\\\/2024\\\/07\\\/logo.png\",\"contentUrl\":\"https:\\\/\\\/www.koonings.com\\\/wp-content\\\/uploads\\\/2024\\\/07\\\/logo.png\",\"width\":600,\"height\":428,\"caption\":\"Koonings\"},\"image\":{\"@id\":\"https:\\\/\\\/www.koonings.com\\\/fr\\\/#\\\/schema\\\/logo\\\/image\\\/\"},\"sameAs\":[\"https:\\\/\\\/www.facebook.com\\\/kooningstheweddingpalace\",\"https:\\\/\\\/www.instagram.com\\\/kooningstheweddingpalace\",\"https:\\\/\\\/www.pinterest.com\\\/koonings\",\"https:\\\/\\\/www.youtube.com\\\/kooningstheweddingpalace\"]}]}<\/script>\n<!-- \/ Yoast SEO plugin. -->","yoast_head_json":{"title":"Modeca Dembee | Koonings","description":"Dansez sur les nuages dans cette robe pimpante et sans effort de Dembee. Le corsage en dentelle illusionniste vole la vedette avec son encolure ronde d\u00e9licate menant \u00e0 de d\u00e9licates bretelles perl\u00e9es orn\u00e9es de fleurs en 3D. Ce look est compl\u00e9t\u00e9 par une magnifique jupe en tulle scintillant. Cette robe est \u00e9galement disponible en tulle uni - Dembee-A.","robots":{"index":"index","follow":"follow","max-snippet":"max-snippet:-1","max-image-preview":"max-image-preview:large","max-video-preview":"max-video-preview:-1"},"canonical":"https:\/\/www.koonings.com\/fr\/product\/modeca-dembee\/","og_locale":"fr_FR","og_type":"article","og_title":"Modeca Dembee | Koonings","og_description":"Dansez sur les nuages dans cette robe pimpante et sans effort de Dembee. Le corsage en dentelle illusionniste vole la vedette avec son encolure ronde d\u00e9licate menant \u00e0 de d\u00e9licates bretelles perl\u00e9es orn\u00e9es de fleurs en 3D. Ce look est compl\u00e9t\u00e9 par une magnifique jupe en tulle scintillant. Cette robe est \u00e9galement disponible en tulle uni - Dembee-A.","og_url":"https:\/\/www.koonings.com\/fr\/product\/modeca-dembee\/","og_site_name":"Koonings","article_publisher":"https:\/\/www.facebook.com\/kooningstheweddingpalace","og_image":[{"width":832,"height":1176,"url":"https:\/\/www.koonings.com\/wp-content\/uploads\/2024\/11\/40410_24e66c9ab1cac319885ae9ab43dc2e881a089af636533b8f0a33d39c784c9f822fcde1e0.jpeg","type":"image\/jpeg"}],"twitter_card":"summary_large_image","schema":{"@context":"https:\/\/schema.org","@graph":[{"@type":"WebPage","@id":"https:\/\/www.koonings.com\/fr\/product\/modeca-dembee\/","url":"https:\/\/www.koonings.com\/fr\/product\/modeca-dembee\/","name":"Modeca Dembee | Koonings","isPartOf":{"@id":"https:\/\/www.koonings.com\/fr\/#website"},"primaryImageOfPage":{"@id":"https:\/\/www.koonings.com\/fr\/product\/modeca-dembee\/#primaryimage"},"image":{"@id":"https:\/\/www.koonings.com\/fr\/product\/modeca-dembee\/#primaryimage"},"thumbnailUrl":"https:\/\/www.koonings.com\/wp-content\/uploads\/2024\/11\/40410_24e66c9ab1cac319885ae9ab43dc2e881a089af636533b8f0a33d39c784c9f822fcde1e0.jpeg","datePublished":"2026-05-16T18:24:27+00:00","description":"Dansez sur les nuages dans cette robe pimpante et sans effort de Dembee. Le corsage en dentelle illusionniste vole la vedette avec son encolure ronde d\u00e9licate menant \u00e0 de d\u00e9licates bretelles perl\u00e9es orn\u00e9es de fleurs en 3D. Ce look est compl\u00e9t\u00e9 par une magnifique jupe en tulle scintillant. Cette robe est \u00e9galement disponible en tulle uni - Dembee-A.","breadcrumb":{"@id":"https:\/\/www.koonings.com\/fr\/product\/modeca-dembee\/#breadcrumb"},"inLanguage":"fr-FR","potentialAction":[{"@type":"ReadAction","target":["https:\/\/www.koonings.com\/fr\/product\/modeca-dembee\/"]}]},{"@type":"ImageObject","inLanguage":"fr-FR","@id":"https:\/\/www.koonings.com\/fr\/product\/modeca-dembee\/#primaryimage","url":"https:\/\/www.koonings.com\/wp-content\/uploads\/2024\/11\/40410_24e66c9ab1cac319885ae9ab43dc2e881a089af636533b8f0a33d39c784c9f822fcde1e0.jpeg","contentUrl":"https:\/\/www.koonings.com\/wp-content\/uploads\/2024\/11\/40410_24e66c9ab1cac319885ae9ab43dc2e881a089af636533b8f0a33d39c784c9f822fcde1e0.jpeg","width":832,"height":1176},{"@type":"BreadcrumbList","@id":"https:\/\/www.koonings.com\/fr\/product\/modeca-dembee\/#breadcrumb","itemListElement":[{"@type":"ListItem","position":1,"name":"Home","item":"https:\/\/www.koonings.com\/fr\/"},{"@type":"ListItem","position":2,"name":"Modeca Dembee"}]},{"@type":"WebSite","@id":"https:\/\/www.koonings.com\/fr\/#website","url":"https:\/\/www.koonings.com\/fr\/","name":"Koonings","description":"De grootste bruidsmodewinkel ter wereld","publisher":{"@id":"https:\/\/www.koonings.com\/fr\/#organization"},"potentialAction":[{"@type":"SearchAction","target":{"@type":"EntryPoint","urlTemplate":"https:\/\/www.koonings.com\/fr\/?s={search_term_string}"},"query-input":{"@type":"PropertyValueSpecification","valueRequired":true,"valueName":"search_term_string"}}],"inLanguage":"fr-FR"},{"@type":"Organization","@id":"https:\/\/www.koonings.com\/fr\/#organization","name":"Koonings","url":"https:\/\/www.koonings.com\/fr\/","logo":{"@type":"ImageObject","inLanguage":"fr-FR","@id":"https:\/\/www.koonings.com\/fr\/#\/schema\/logo\/image\/","url":"https:\/\/www.koonings.com\/wp-content\/uploads\/2024\/07\/logo.png","contentUrl":"https:\/\/www.koonings.com\/wp-content\/uploads\/2024\/07\/logo.png","width":600,"height":428,"caption":"Koonings"},"image":{"@id":"https:\/\/www.koonings.com\/fr\/#\/schema\/logo\/image\/"},"sameAs":["https:\/\/www.facebook.com\/kooningstheweddingpalace","https:\/\/www.instagram.com\/kooningstheweddingpalace","https:\/\/www.pinterest.com\/koonings","https:\/\/www.youtube.com\/kooningstheweddingpalace"]}]}},"_links":{"self":[{"href":"https:\/\/www.koonings.com\/fr\/wp-json\/wp\/v2\/product\/58195","targetHints":{"allow":["GET"]}}],"collection":[{"href":"https:\/\/www.koonings.com\/fr\/wp-json\/wp\/v2\/product"}],"about":[{"href":"https:\/\/www.koonings.com\/fr\/wp-json\/wp\/v2\/types\/product"}],"wp:featuredmedia":[{"embeddable":true,"href":"https:\/\/www.koonings.com\/fr\/wp-json\/wp\/v2\/media\/44086"}],"wp:attachment":[{"href":"https:\/\/www.koonings.com\/fr\/wp-json\/wp\/v2\/media?parent=58195"}],"wp:term":[{"taxonomy":"productdetails","embeddable":true,"href":"https:\/\/www.koonings.com\/fr\/wp-json\/wp\/v2\/productdetails?post=58195"},{"taxonomy":"productneck","embeddable":true,"href":"https:\/\/www.koonings.com\/fr\/wp-json\/wp\/v2\/productneck?post=58195"},{"taxonomy":"productcolor","embeddable":true,"href":"https:\/\/www.koonings.com\/fr\/wp-json\/wp\/v2\/productcolor?post=58195"},{"taxonomy":"maat","embeddable":true,"href":"https:\/\/www.koonings.com\/fr\/wp-json\/wp\/v2\/maat?post=58195"},{"taxonomy":"productsupplier","embeddable":true,"href":"https:\/\/www.koonings.com\/fr\/wp-json\/wp\/v2\/productsupplier?post=58195"},{"taxonomy":"productsleeve","embeddable":true,"href":"https:\/\/www.koonings.com\/fr\/wp-json\/wp\/v2\/productsleeve?post=58195"},{"taxonomy":"productcategory","embeddable":true,"href":"https:\/\/www.koonings.com\/fr\/wp-json\/wp\/v2\/productcategory?post=58195"},{"taxonomy":"productsilhouette","embeddable":true,"href":"https:\/\/www.koonings.com\/fr\/wp-json\/wp\/v2\/productsilhouette?post=58195"},{"taxonomy":"productstyle","embeddable":true,"href":"https:\/\/www.koonings.com\/fr\/wp-json\/wp\/v2\/productstyle?post=58195"}],"curies":[{"name":"wp","href":"https:\/\/api.w.org\/{rel}","templated":true}]}}