{"id":58191,"date":"2026-04-14T16:18:52","date_gmt":"2026-04-14T14:18:52","guid":{"rendered":"https:\/\/www.koonings.com\/product\/modeca-dasha\/"},"modified":"2026-02-16T14:38:58","modified_gmt":"2026-02-16T13:38:58","slug":"modeca-dasha","status":"publish","type":"product","link":"https:\/\/www.koonings.com\/fr\/product\/modeca-dasha\/","title":{"rendered":"Modeca Dasha"},"content":{"rendered":"<p>La robe enchanteresse Dasha est un chef-d&#8217;\u0153uvre intemporel de la ligne A pour les mari\u00e9es romantiques. La pi\u00e8ce ma\u00eetresse de ce mod\u00e8le \u00e9th\u00e9r\u00e9 est l&#8217;\u00e9tonnante encolure carr\u00e9e, qui apporte une touche de modernit\u00e9 \u00e0 une silhouette classique. Orn\u00e9 d&#8217;une d\u00e9licate dentelle florale en 3D, le corsage respire la f\u00e9minit\u00e9 et le charme, tandis que les bretelles perl\u00e9es ajoutent une touche d&#8217;\u00e9clat. Cette robe est destin\u00e9e \u00e0 rendre votre journ\u00e9e inoubliable.   <\/p>\n","protected":false},"featured_media":44069,"template":"","meta":{"_acf_changed":false,"ghostkit_customizer_options":"","ghostkit_custom_css":"","ghostkit_custom_js_head":"","ghostkit_custom_js_foot":"","ghostkit_typography":""},"productdetails":[379,376],"productneck":[352],"productcolor":[393,392],"maat":[],"productsupplier":[434],"productsleeve":[359],"productcategory":[18],"productsilhouette":[384],"productstyle":[366],"class_list":["post-58191","product","type-product","status-publish","has-post-thumbnail","hentry","productdetails-379","productdetails-376","productneck-352","productcolor-393","productcolor-392","productsupplier-modeca","productsleeve-359","productcategory-trouwjurken","productsilhouette-384","productstyle-366"],"acf":[],"yoast_head":"<!-- This site is optimized with the Yoast SEO plugin v27.3 - https:\/\/yoast.com\/product\/yoast-seo-wordpress\/ -->\n<title>Modeca Dasha | Koonings<\/title>\n<meta name=\"description\" content=\"La robe enchanteresse Dasha est un chef-d&#039;\u0153uvre intemporel de la ligne A pour les mari\u00e9es romantiques. La pi\u00e8ce ma\u00eetresse de ce mod\u00e8le \u00e9th\u00e9r\u00e9 est l&#039;\u00e9tonnante encolure carr\u00e9e, qui apporte une touche de modernit\u00e9 \u00e0 une silhouette classique. Orn\u00e9 d&#039;une d\u00e9licate dentelle florale en 3D, le corsage respire la f\u00e9minit\u00e9 et le charme, tandis que les bretelles perl\u00e9es ajoutent une touche d&#039;\u00e9clat. Cette robe est destin\u00e9e \u00e0 rendre votre journ\u00e9e inoubliable.\" \/>\n<meta name=\"robots\" content=\"index, follow, max-snippet:-1, max-image-preview:large, max-video-preview:-1\" \/>\n<link rel=\"canonical\" href=\"https:\/\/www.koonings.com\/fr\/product\/modeca-dasha\/\" \/>\n<meta property=\"og:locale\" content=\"fr_FR\" \/>\n<meta property=\"og:type\" content=\"article\" \/>\n<meta property=\"og:title\" content=\"Modeca Dasha | Koonings\" \/>\n<meta property=\"og:description\" content=\"La robe enchanteresse Dasha est un chef-d&#039;\u0153uvre intemporel de la ligne A pour les mari\u00e9es romantiques. La pi\u00e8ce ma\u00eetresse de ce mod\u00e8le \u00e9th\u00e9r\u00e9 est l&#039;\u00e9tonnante encolure carr\u00e9e, qui apporte une touche de modernit\u00e9 \u00e0 une silhouette classique. Orn\u00e9 d&#039;une d\u00e9licate dentelle florale en 3D, le corsage respire la f\u00e9minit\u00e9 et le charme, tandis que les bretelles perl\u00e9es ajoutent une touche d&#039;\u00e9clat. Cette robe est destin\u00e9e \u00e0 rendre votre journ\u00e9e inoubliable.\" \/>\n<meta property=\"og:url\" content=\"https:\/\/www.koonings.com\/fr\/product\/modeca-dasha\/\" \/>\n<meta property=\"og:site_name\" content=\"Koonings\" \/>\n<meta property=\"article:publisher\" content=\"https:\/\/www.facebook.com\/kooningstheweddingpalace\" \/>\n<meta property=\"og:image\" content=\"https:\/\/www.koonings.com\/wp-content\/uploads\/2024\/11\/40409_f443df3746a2ed942ca1294dd9475c854138491e635a2b407c269137a04c63ccf27879e9.jpeg\" \/>\n\t<meta property=\"og:image:width\" content=\"690\" \/>\n\t<meta property=\"og:image:height\" content=\"975\" \/>\n\t<meta property=\"og:image:type\" content=\"image\/jpeg\" \/>\n<meta name=\"twitter:card\" content=\"summary_large_image\" \/>\n<script type=\"application\/ld+json\" class=\"yoast-schema-graph\">{\"@context\":\"https:\\\/\\\/schema.org\",\"@graph\":[{\"@type\":\"WebPage\",\"@id\":\"https:\\\/\\\/www.koonings.com\\\/fr\\\/product\\\/modeca-dasha\\\/\",\"url\":\"https:\\\/\\\/www.koonings.com\\\/fr\\\/product\\\/modeca-dasha\\\/\",\"name\":\"Modeca Dasha | Koonings\",\"isPartOf\":{\"@id\":\"https:\\\/\\\/www.koonings.com\\\/fr\\\/#website\"},\"primaryImageOfPage\":{\"@id\":\"https:\\\/\\\/www.koonings.com\\\/fr\\\/product\\\/modeca-dasha\\\/#primaryimage\"},\"image\":{\"@id\":\"https:\\\/\\\/www.koonings.com\\\/fr\\\/product\\\/modeca-dasha\\\/#primaryimage\"},\"thumbnailUrl\":\"https:\\\/\\\/www.koonings.com\\\/wp-content\\\/uploads\\\/2024\\\/11\\\/40409_f443df3746a2ed942ca1294dd9475c854138491e635a2b407c269137a04c63ccf27879e9.jpeg\",\"datePublished\":\"2026-04-14T14:18:52+00:00\",\"description\":\"La robe enchanteresse Dasha est un chef-d'\u0153uvre intemporel de la ligne A pour les mari\u00e9es romantiques. La pi\u00e8ce ma\u00eetresse de ce mod\u00e8le \u00e9th\u00e9r\u00e9 est l'\u00e9tonnante encolure carr\u00e9e, qui apporte une touche de modernit\u00e9 \u00e0 une silhouette classique. Orn\u00e9 d'une d\u00e9licate dentelle florale en 3D, le corsage respire la f\u00e9minit\u00e9 et le charme, tandis que les bretelles perl\u00e9es ajoutent une touche d'\u00e9clat. Cette robe est destin\u00e9e \u00e0 rendre votre journ\u00e9e inoubliable.\",\"breadcrumb\":{\"@id\":\"https:\\\/\\\/www.koonings.com\\\/fr\\\/product\\\/modeca-dasha\\\/#breadcrumb\"},\"inLanguage\":\"fr-FR\",\"potentialAction\":[{\"@type\":\"ReadAction\",\"target\":[\"https:\\\/\\\/www.koonings.com\\\/fr\\\/product\\\/modeca-dasha\\\/\"]}]},{\"@type\":\"ImageObject\",\"inLanguage\":\"fr-FR\",\"@id\":\"https:\\\/\\\/www.koonings.com\\\/fr\\\/product\\\/modeca-dasha\\\/#primaryimage\",\"url\":\"https:\\\/\\\/www.koonings.com\\\/wp-content\\\/uploads\\\/2024\\\/11\\\/40409_f443df3746a2ed942ca1294dd9475c854138491e635a2b407c269137a04c63ccf27879e9.jpeg\",\"contentUrl\":\"https:\\\/\\\/www.koonings.com\\\/wp-content\\\/uploads\\\/2024\\\/11\\\/40409_f443df3746a2ed942ca1294dd9475c854138491e635a2b407c269137a04c63ccf27879e9.jpeg\",\"width\":690,\"height\":975},{\"@type\":\"BreadcrumbList\",\"@id\":\"https:\\\/\\\/www.koonings.com\\\/fr\\\/product\\\/modeca-dasha\\\/#breadcrumb\",\"itemListElement\":[{\"@type\":\"ListItem\",\"position\":1,\"name\":\"Home\",\"item\":\"https:\\\/\\\/www.koonings.com\\\/fr\\\/\"},{\"@type\":\"ListItem\",\"position\":2,\"name\":\"Modeca Dasha\"}]},{\"@type\":\"WebSite\",\"@id\":\"https:\\\/\\\/www.koonings.com\\\/fr\\\/#website\",\"url\":\"https:\\\/\\\/www.koonings.com\\\/fr\\\/\",\"name\":\"Koonings\",\"description\":\"De grootste bruidsmodewinkel ter wereld\",\"publisher\":{\"@id\":\"https:\\\/\\\/www.koonings.com\\\/fr\\\/#organization\"},\"potentialAction\":[{\"@type\":\"SearchAction\",\"target\":{\"@type\":\"EntryPoint\",\"urlTemplate\":\"https:\\\/\\\/www.koonings.com\\\/fr\\\/?s={search_term_string}\"},\"query-input\":{\"@type\":\"PropertyValueSpecification\",\"valueRequired\":true,\"valueName\":\"search_term_string\"}}],\"inLanguage\":\"fr-FR\"},{\"@type\":\"Organization\",\"@id\":\"https:\\\/\\\/www.koonings.com\\\/fr\\\/#organization\",\"name\":\"Koonings\",\"url\":\"https:\\\/\\\/www.koonings.com\\\/fr\\\/\",\"logo\":{\"@type\":\"ImageObject\",\"inLanguage\":\"fr-FR\",\"@id\":\"https:\\\/\\\/www.koonings.com\\\/fr\\\/#\\\/schema\\\/logo\\\/image\\\/\",\"url\":\"https:\\\/\\\/www.koonings.com\\\/wp-content\\\/uploads\\\/2024\\\/07\\\/logo.png\",\"contentUrl\":\"https:\\\/\\\/www.koonings.com\\\/wp-content\\\/uploads\\\/2024\\\/07\\\/logo.png\",\"width\":600,\"height\":428,\"caption\":\"Koonings\"},\"image\":{\"@id\":\"https:\\\/\\\/www.koonings.com\\\/fr\\\/#\\\/schema\\\/logo\\\/image\\\/\"},\"sameAs\":[\"https:\\\/\\\/www.facebook.com\\\/kooningstheweddingpalace\",\"https:\\\/\\\/www.instagram.com\\\/kooningstheweddingpalace\",\"https:\\\/\\\/www.pinterest.com\\\/koonings\",\"https:\\\/\\\/www.youtube.com\\\/kooningstheweddingpalace\"]}]}<\/script>\n<!-- \/ Yoast SEO plugin. -->","yoast_head_json":{"title":"Modeca Dasha | Koonings","description":"La robe enchanteresse Dasha est un chef-d'\u0153uvre intemporel de la ligne A pour les mari\u00e9es romantiques. La pi\u00e8ce ma\u00eetresse de ce mod\u00e8le \u00e9th\u00e9r\u00e9 est l'\u00e9tonnante encolure carr\u00e9e, qui apporte une touche de modernit\u00e9 \u00e0 une silhouette classique. Orn\u00e9 d'une d\u00e9licate dentelle florale en 3D, le corsage respire la f\u00e9minit\u00e9 et le charme, tandis que les bretelles perl\u00e9es ajoutent une touche d'\u00e9clat. Cette robe est destin\u00e9e \u00e0 rendre votre journ\u00e9e inoubliable.","robots":{"index":"index","follow":"follow","max-snippet":"max-snippet:-1","max-image-preview":"max-image-preview:large","max-video-preview":"max-video-preview:-1"},"canonical":"https:\/\/www.koonings.com\/fr\/product\/modeca-dasha\/","og_locale":"fr_FR","og_type":"article","og_title":"Modeca Dasha | Koonings","og_description":"La robe enchanteresse Dasha est un chef-d'\u0153uvre intemporel de la ligne A pour les mari\u00e9es romantiques. La pi\u00e8ce ma\u00eetresse de ce mod\u00e8le \u00e9th\u00e9r\u00e9 est l'\u00e9tonnante encolure carr\u00e9e, qui apporte une touche de modernit\u00e9 \u00e0 une silhouette classique. Orn\u00e9 d'une d\u00e9licate dentelle florale en 3D, le corsage respire la f\u00e9minit\u00e9 et le charme, tandis que les bretelles perl\u00e9es ajoutent une touche d'\u00e9clat. Cette robe est destin\u00e9e \u00e0 rendre votre journ\u00e9e inoubliable.","og_url":"https:\/\/www.koonings.com\/fr\/product\/modeca-dasha\/","og_site_name":"Koonings","article_publisher":"https:\/\/www.facebook.com\/kooningstheweddingpalace","og_image":[{"width":690,"height":975,"url":"https:\/\/www.koonings.com\/wp-content\/uploads\/2024\/11\/40409_f443df3746a2ed942ca1294dd9475c854138491e635a2b407c269137a04c63ccf27879e9.jpeg","type":"image\/jpeg"}],"twitter_card":"summary_large_image","schema":{"@context":"https:\/\/schema.org","@graph":[{"@type":"WebPage","@id":"https:\/\/www.koonings.com\/fr\/product\/modeca-dasha\/","url":"https:\/\/www.koonings.com\/fr\/product\/modeca-dasha\/","name":"Modeca Dasha | Koonings","isPartOf":{"@id":"https:\/\/www.koonings.com\/fr\/#website"},"primaryImageOfPage":{"@id":"https:\/\/www.koonings.com\/fr\/product\/modeca-dasha\/#primaryimage"},"image":{"@id":"https:\/\/www.koonings.com\/fr\/product\/modeca-dasha\/#primaryimage"},"thumbnailUrl":"https:\/\/www.koonings.com\/wp-content\/uploads\/2024\/11\/40409_f443df3746a2ed942ca1294dd9475c854138491e635a2b407c269137a04c63ccf27879e9.jpeg","datePublished":"2026-04-14T14:18:52+00:00","description":"La robe enchanteresse Dasha est un chef-d'\u0153uvre intemporel de la ligne A pour les mari\u00e9es romantiques. La pi\u00e8ce ma\u00eetresse de ce mod\u00e8le \u00e9th\u00e9r\u00e9 est l'\u00e9tonnante encolure carr\u00e9e, qui apporte une touche de modernit\u00e9 \u00e0 une silhouette classique. Orn\u00e9 d'une d\u00e9licate dentelle florale en 3D, le corsage respire la f\u00e9minit\u00e9 et le charme, tandis que les bretelles perl\u00e9es ajoutent une touche d'\u00e9clat. Cette robe est destin\u00e9e \u00e0 rendre votre journ\u00e9e inoubliable.","breadcrumb":{"@id":"https:\/\/www.koonings.com\/fr\/product\/modeca-dasha\/#breadcrumb"},"inLanguage":"fr-FR","potentialAction":[{"@type":"ReadAction","target":["https:\/\/www.koonings.com\/fr\/product\/modeca-dasha\/"]}]},{"@type":"ImageObject","inLanguage":"fr-FR","@id":"https:\/\/www.koonings.com\/fr\/product\/modeca-dasha\/#primaryimage","url":"https:\/\/www.koonings.com\/wp-content\/uploads\/2024\/11\/40409_f443df3746a2ed942ca1294dd9475c854138491e635a2b407c269137a04c63ccf27879e9.jpeg","contentUrl":"https:\/\/www.koonings.com\/wp-content\/uploads\/2024\/11\/40409_f443df3746a2ed942ca1294dd9475c854138491e635a2b407c269137a04c63ccf27879e9.jpeg","width":690,"height":975},{"@type":"BreadcrumbList","@id":"https:\/\/www.koonings.com\/fr\/product\/modeca-dasha\/#breadcrumb","itemListElement":[{"@type":"ListItem","position":1,"name":"Home","item":"https:\/\/www.koonings.com\/fr\/"},{"@type":"ListItem","position":2,"name":"Modeca Dasha"}]},{"@type":"WebSite","@id":"https:\/\/www.koonings.com\/fr\/#website","url":"https:\/\/www.koonings.com\/fr\/","name":"Koonings","description":"De grootste bruidsmodewinkel ter wereld","publisher":{"@id":"https:\/\/www.koonings.com\/fr\/#organization"},"potentialAction":[{"@type":"SearchAction","target":{"@type":"EntryPoint","urlTemplate":"https:\/\/www.koonings.com\/fr\/?s={search_term_string}"},"query-input":{"@type":"PropertyValueSpecification","valueRequired":true,"valueName":"search_term_string"}}],"inLanguage":"fr-FR"},{"@type":"Organization","@id":"https:\/\/www.koonings.com\/fr\/#organization","name":"Koonings","url":"https:\/\/www.koonings.com\/fr\/","logo":{"@type":"ImageObject","inLanguage":"fr-FR","@id":"https:\/\/www.koonings.com\/fr\/#\/schema\/logo\/image\/","url":"https:\/\/www.koonings.com\/wp-content\/uploads\/2024\/07\/logo.png","contentUrl":"https:\/\/www.koonings.com\/wp-content\/uploads\/2024\/07\/logo.png","width":600,"height":428,"caption":"Koonings"},"image":{"@id":"https:\/\/www.koonings.com\/fr\/#\/schema\/logo\/image\/"},"sameAs":["https:\/\/www.facebook.com\/kooningstheweddingpalace","https:\/\/www.instagram.com\/kooningstheweddingpalace","https:\/\/www.pinterest.com\/koonings","https:\/\/www.youtube.com\/kooningstheweddingpalace"]}]}},"_links":{"self":[{"href":"https:\/\/www.koonings.com\/fr\/wp-json\/wp\/v2\/product\/58191","targetHints":{"allow":["GET"]}}],"collection":[{"href":"https:\/\/www.koonings.com\/fr\/wp-json\/wp\/v2\/product"}],"about":[{"href":"https:\/\/www.koonings.com\/fr\/wp-json\/wp\/v2\/types\/product"}],"wp:featuredmedia":[{"embeddable":true,"href":"https:\/\/www.koonings.com\/fr\/wp-json\/wp\/v2\/media\/44069"}],"wp:attachment":[{"href":"https:\/\/www.koonings.com\/fr\/wp-json\/wp\/v2\/media?parent=58191"}],"wp:term":[{"taxonomy":"productdetails","embeddable":true,"href":"https:\/\/www.koonings.com\/fr\/wp-json\/wp\/v2\/productdetails?post=58191"},{"taxonomy":"productneck","embeddable":true,"href":"https:\/\/www.koonings.com\/fr\/wp-json\/wp\/v2\/productneck?post=58191"},{"taxonomy":"productcolor","embeddable":true,"href":"https:\/\/www.koonings.com\/fr\/wp-json\/wp\/v2\/productcolor?post=58191"},{"taxonomy":"maat","embeddable":true,"href":"https:\/\/www.koonings.com\/fr\/wp-json\/wp\/v2\/maat?post=58191"},{"taxonomy":"productsupplier","embeddable":true,"href":"https:\/\/www.koonings.com\/fr\/wp-json\/wp\/v2\/productsupplier?post=58191"},{"taxonomy":"productsleeve","embeddable":true,"href":"https:\/\/www.koonings.com\/fr\/wp-json\/wp\/v2\/productsleeve?post=58191"},{"taxonomy":"productcategory","embeddable":true,"href":"https:\/\/www.koonings.com\/fr\/wp-json\/wp\/v2\/productcategory?post=58191"},{"taxonomy":"productsilhouette","embeddable":true,"href":"https:\/\/www.koonings.com\/fr\/wp-json\/wp\/v2\/productsilhouette?post=58191"},{"taxonomy":"productstyle","embeddable":true,"href":"https:\/\/www.koonings.com\/fr\/wp-json\/wp\/v2\/productstyle?post=58191"}],"curies":[{"name":"wp","href":"https:\/\/api.w.org\/{rel}","templated":true}]}}