{"id":58188,"date":"2026-04-14T16:18:54","date_gmt":"2026-04-14T14:18:54","guid":{"rendered":"https:\/\/www.koonings.com\/product\/stella-york-7901zz12\/"},"modified":"2025-06-05T13:05:05","modified_gmt":"2025-06-05T11:05:05","slug":"stella-york-7901zz12","status":"publish","type":"product","link":"https:\/\/www.koonings.com\/fr\/product\/stella-york-7901zz12\/","title":{"rendered":"Stella York 7901ZZ12"},"content":{"rendered":"<p>Le style 7901 allie le drame discret \u00e0 l&#8217;\u00e9l\u00e9gance moderne : une robe de mari\u00e9e en mousseline de soie, luxueuse et sans effort, avec des manches longues amovibles. Les manches amovibles, qui peuvent \u00eatre port\u00e9es vers le haut ou sur l&#8217;\u00e9paule, rejoignent un corsage chic avec une encolure ronde et un ensemble discret de boutons recouverts de tissu dans le dos. La douce silhouette en ligne A flotte doucement sur la silhouette pour une silhouette fluide qui glisse gracieusement \u00e0 chaque mouvement, avec une fente au niveau de la cuisse pour plus d&#8217;attrait. Pour la mari\u00e9e qui croit en la simplicit\u00e9, cette robe blouson \u00e0 manches amovibles offre un romantisme d&#8217;une sophistication impeccable. Cette robe de mari\u00e9e est \u00e9galement disponible en grandes tailles.    <\/p>\n","protected":false},"featured_media":44133,"template":"","meta":{"_acf_changed":false,"ghostkit_customizer_options":"","ghostkit_custom_css":"","ghostkit_custom_js_head":"","ghostkit_custom_js_foot":"","ghostkit_typography":""},"productdetails":[378],"productneck":[353,354],"productcolor":[392],"maat":[],"productsupplier":[442],"productsleeve":[357],"productcategory":[18],"productsilhouette":[384],"productstyle":[371,370],"class_list":["post-58188","product","type-product","status-publish","has-post-thumbnail","hentry","productdetails-378","productneck-353","productneck-354","productcolor-392","productsupplier-stella-york","productsleeve-357","productcategory-trouwjurken","productsilhouette-384","productstyle-371","productstyle-370"],"acf":[],"yoast_head":"<!-- This site is optimized with the Yoast SEO plugin v27.3 - https:\/\/yoast.com\/product\/yoast-seo-wordpress\/ -->\n<title>Stella York 7901ZZ12 | Koonings<\/title>\n<meta name=\"description\" content=\"Le style 7901 allie le drame discret \u00e0 l&#039;\u00e9l\u00e9gance moderne : une robe de mari\u00e9e en mousseline de soie, luxueuse et sans effort, avec des manches longues amovibles. Les manches amovibles, qui peuvent \u00eatre port\u00e9es vers le haut ou sur l&#039;\u00e9paule, rejoignent un corsage chic avec une encolure ronde et un ensemble discret de boutons recouverts de tissu dans le dos. La douce silhouette en ligne A flotte doucement sur la silhouette pour une silhouette fluide qui glisse gracieusement \u00e0 chaque mouvement, avec une fente au niveau de la cuisse pour plus d&#039;attrait. Pour la mari\u00e9e qui croit en la simplicit\u00e9, cette robe blouson \u00e0 manches amovibles offre un romantisme d&#039;une sophistication impeccable. Cette robe de mari\u00e9e est \u00e9galement disponible en grandes tailles.\" \/>\n<meta name=\"robots\" content=\"index, follow, max-snippet:-1, max-image-preview:large, max-video-preview:-1\" \/>\n<link rel=\"canonical\" href=\"https:\/\/www.koonings.com\/fr\/product\/stella-york-7901zz12\/\" \/>\n<meta property=\"og:locale\" content=\"fr_FR\" \/>\n<meta property=\"og:type\" content=\"article\" \/>\n<meta property=\"og:title\" content=\"Stella York 7901ZZ12 | Koonings\" \/>\n<meta property=\"og:description\" content=\"Le style 7901 allie le drame discret \u00e0 l&#039;\u00e9l\u00e9gance moderne : une robe de mari\u00e9e en mousseline de soie, luxueuse et sans effort, avec des manches longues amovibles. Les manches amovibles, qui peuvent \u00eatre port\u00e9es vers le haut ou sur l&#039;\u00e9paule, rejoignent un corsage chic avec une encolure ronde et un ensemble discret de boutons recouverts de tissu dans le dos. La douce silhouette en ligne A flotte doucement sur la silhouette pour une silhouette fluide qui glisse gracieusement \u00e0 chaque mouvement, avec une fente au niveau de la cuisse pour plus d&#039;attrait. Pour la mari\u00e9e qui croit en la simplicit\u00e9, cette robe blouson \u00e0 manches amovibles offre un romantisme d&#039;une sophistication impeccable. Cette robe de mari\u00e9e est \u00e9galement disponible en grandes tailles.\" \/>\n<meta property=\"og:url\" content=\"https:\/\/www.koonings.com\/fr\/product\/stella-york-7901zz12\/\" \/>\n<meta property=\"og:site_name\" content=\"Koonings\" \/>\n<meta property=\"article:publisher\" content=\"https:\/\/www.facebook.com\/kooningstheweddingpalace\" \/>\n<meta property=\"og:image\" content=\"https:\/\/www.koonings.com\/wp-content\/uploads\/2024\/11\/40415_2d66fb4fa6f0897725d4f56ddf59ce5a5a0d4cbc4254d672bfbeedb784f7e306db378b3d.jpeg\" \/>\n\t<meta property=\"og:image:width\" content=\"1351\" \/>\n\t<meta property=\"og:image:height\" content=\"1915\" \/>\n\t<meta property=\"og:image:type\" content=\"image\/jpeg\" \/>\n<meta name=\"twitter:card\" content=\"summary_large_image\" \/>\n<meta name=\"twitter:label1\" content=\"Dur\u00e9e de lecture estim\u00e9e\" \/>\n\t<meta name=\"twitter:data1\" content=\"1 minute\" \/>\n<script type=\"application\/ld+json\" class=\"yoast-schema-graph\">{\"@context\":\"https:\\\/\\\/schema.org\",\"@graph\":[{\"@type\":\"WebPage\",\"@id\":\"https:\\\/\\\/www.koonings.com\\\/fr\\\/product\\\/stella-york-7901zz12\\\/\",\"url\":\"https:\\\/\\\/www.koonings.com\\\/fr\\\/product\\\/stella-york-7901zz12\\\/\",\"name\":\"Stella York 7901ZZ12 | Koonings\",\"isPartOf\":{\"@id\":\"https:\\\/\\\/www.koonings.com\\\/fr\\\/#website\"},\"primaryImageOfPage\":{\"@id\":\"https:\\\/\\\/www.koonings.com\\\/fr\\\/product\\\/stella-york-7901zz12\\\/#primaryimage\"},\"image\":{\"@id\":\"https:\\\/\\\/www.koonings.com\\\/fr\\\/product\\\/stella-york-7901zz12\\\/#primaryimage\"},\"thumbnailUrl\":\"https:\\\/\\\/www.koonings.com\\\/wp-content\\\/uploads\\\/2024\\\/11\\\/40415_2d66fb4fa6f0897725d4f56ddf59ce5a5a0d4cbc4254d672bfbeedb784f7e306db378b3d.jpeg\",\"datePublished\":\"2026-04-14T14:18:54+00:00\",\"description\":\"Le style 7901 allie le drame discret \u00e0 l'\u00e9l\u00e9gance moderne : une robe de mari\u00e9e en mousseline de soie, luxueuse et sans effort, avec des manches longues amovibles. Les manches amovibles, qui peuvent \u00eatre port\u00e9es vers le haut ou sur l'\u00e9paule, rejoignent un corsage chic avec une encolure ronde et un ensemble discret de boutons recouverts de tissu dans le dos. La douce silhouette en ligne A flotte doucement sur la silhouette pour une silhouette fluide qui glisse gracieusement \u00e0 chaque mouvement, avec une fente au niveau de la cuisse pour plus d'attrait. Pour la mari\u00e9e qui croit en la simplicit\u00e9, cette robe blouson \u00e0 manches amovibles offre un romantisme d'une sophistication impeccable. Cette robe de mari\u00e9e est \u00e9galement disponible en grandes tailles.\",\"breadcrumb\":{\"@id\":\"https:\\\/\\\/www.koonings.com\\\/fr\\\/product\\\/stella-york-7901zz12\\\/#breadcrumb\"},\"inLanguage\":\"fr-FR\",\"potentialAction\":[{\"@type\":\"ReadAction\",\"target\":[\"https:\\\/\\\/www.koonings.com\\\/fr\\\/product\\\/stella-york-7901zz12\\\/\"]}]},{\"@type\":\"ImageObject\",\"inLanguage\":\"fr-FR\",\"@id\":\"https:\\\/\\\/www.koonings.com\\\/fr\\\/product\\\/stella-york-7901zz12\\\/#primaryimage\",\"url\":\"https:\\\/\\\/www.koonings.com\\\/wp-content\\\/uploads\\\/2024\\\/11\\\/40415_2d66fb4fa6f0897725d4f56ddf59ce5a5a0d4cbc4254d672bfbeedb784f7e306db378b3d.jpeg\",\"contentUrl\":\"https:\\\/\\\/www.koonings.com\\\/wp-content\\\/uploads\\\/2024\\\/11\\\/40415_2d66fb4fa6f0897725d4f56ddf59ce5a5a0d4cbc4254d672bfbeedb784f7e306db378b3d.jpeg\",\"width\":1351,\"height\":1915},{\"@type\":\"BreadcrumbList\",\"@id\":\"https:\\\/\\\/www.koonings.com\\\/fr\\\/product\\\/stella-york-7901zz12\\\/#breadcrumb\",\"itemListElement\":[{\"@type\":\"ListItem\",\"position\":1,\"name\":\"Home\",\"item\":\"https:\\\/\\\/www.koonings.com\\\/fr\\\/\"},{\"@type\":\"ListItem\",\"position\":2,\"name\":\"Stella York 7901ZZ12\"}]},{\"@type\":\"WebSite\",\"@id\":\"https:\\\/\\\/www.koonings.com\\\/fr\\\/#website\",\"url\":\"https:\\\/\\\/www.koonings.com\\\/fr\\\/\",\"name\":\"Koonings\",\"description\":\"De grootste bruidsmodewinkel ter wereld\",\"publisher\":{\"@id\":\"https:\\\/\\\/www.koonings.com\\\/fr\\\/#organization\"},\"potentialAction\":[{\"@type\":\"SearchAction\",\"target\":{\"@type\":\"EntryPoint\",\"urlTemplate\":\"https:\\\/\\\/www.koonings.com\\\/fr\\\/?s={search_term_string}\"},\"query-input\":{\"@type\":\"PropertyValueSpecification\",\"valueRequired\":true,\"valueName\":\"search_term_string\"}}],\"inLanguage\":\"fr-FR\"},{\"@type\":\"Organization\",\"@id\":\"https:\\\/\\\/www.koonings.com\\\/fr\\\/#organization\",\"name\":\"Koonings\",\"url\":\"https:\\\/\\\/www.koonings.com\\\/fr\\\/\",\"logo\":{\"@type\":\"ImageObject\",\"inLanguage\":\"fr-FR\",\"@id\":\"https:\\\/\\\/www.koonings.com\\\/fr\\\/#\\\/schema\\\/logo\\\/image\\\/\",\"url\":\"https:\\\/\\\/www.koonings.com\\\/wp-content\\\/uploads\\\/2024\\\/07\\\/logo.png\",\"contentUrl\":\"https:\\\/\\\/www.koonings.com\\\/wp-content\\\/uploads\\\/2024\\\/07\\\/logo.png\",\"width\":600,\"height\":428,\"caption\":\"Koonings\"},\"image\":{\"@id\":\"https:\\\/\\\/www.koonings.com\\\/fr\\\/#\\\/schema\\\/logo\\\/image\\\/\"},\"sameAs\":[\"https:\\\/\\\/www.facebook.com\\\/kooningstheweddingpalace\",\"https:\\\/\\\/www.instagram.com\\\/kooningstheweddingpalace\",\"https:\\\/\\\/www.pinterest.com\\\/koonings\",\"https:\\\/\\\/www.youtube.com\\\/kooningstheweddingpalace\"]}]}<\/script>\n<!-- \/ Yoast SEO plugin. -->","yoast_head_json":{"title":"Stella York 7901ZZ12 | Koonings","description":"Le style 7901 allie le drame discret \u00e0 l'\u00e9l\u00e9gance moderne : une robe de mari\u00e9e en mousseline de soie, luxueuse et sans effort, avec des manches longues amovibles. Les manches amovibles, qui peuvent \u00eatre port\u00e9es vers le haut ou sur l'\u00e9paule, rejoignent un corsage chic avec une encolure ronde et un ensemble discret de boutons recouverts de tissu dans le dos. La douce silhouette en ligne A flotte doucement sur la silhouette pour une silhouette fluide qui glisse gracieusement \u00e0 chaque mouvement, avec une fente au niveau de la cuisse pour plus d'attrait. Pour la mari\u00e9e qui croit en la simplicit\u00e9, cette robe blouson \u00e0 manches amovibles offre un romantisme d'une sophistication impeccable. Cette robe de mari\u00e9e est \u00e9galement disponible en grandes tailles.","robots":{"index":"index","follow":"follow","max-snippet":"max-snippet:-1","max-image-preview":"max-image-preview:large","max-video-preview":"max-video-preview:-1"},"canonical":"https:\/\/www.koonings.com\/fr\/product\/stella-york-7901zz12\/","og_locale":"fr_FR","og_type":"article","og_title":"Stella York 7901ZZ12 | Koonings","og_description":"Le style 7901 allie le drame discret \u00e0 l'\u00e9l\u00e9gance moderne : une robe de mari\u00e9e en mousseline de soie, luxueuse et sans effort, avec des manches longues amovibles. Les manches amovibles, qui peuvent \u00eatre port\u00e9es vers le haut ou sur l'\u00e9paule, rejoignent un corsage chic avec une encolure ronde et un ensemble discret de boutons recouverts de tissu dans le dos. La douce silhouette en ligne A flotte doucement sur la silhouette pour une silhouette fluide qui glisse gracieusement \u00e0 chaque mouvement, avec une fente au niveau de la cuisse pour plus d'attrait. Pour la mari\u00e9e qui croit en la simplicit\u00e9, cette robe blouson \u00e0 manches amovibles offre un romantisme d'une sophistication impeccable. Cette robe de mari\u00e9e est \u00e9galement disponible en grandes tailles.","og_url":"https:\/\/www.koonings.com\/fr\/product\/stella-york-7901zz12\/","og_site_name":"Koonings","article_publisher":"https:\/\/www.facebook.com\/kooningstheweddingpalace","og_image":[{"width":1351,"height":1915,"url":"https:\/\/www.koonings.com\/wp-content\/uploads\/2024\/11\/40415_2d66fb4fa6f0897725d4f56ddf59ce5a5a0d4cbc4254d672bfbeedb784f7e306db378b3d.jpeg","type":"image\/jpeg"}],"twitter_card":"summary_large_image","twitter_misc":{"Dur\u00e9e de lecture estim\u00e9e":"1 minute"},"schema":{"@context":"https:\/\/schema.org","@graph":[{"@type":"WebPage","@id":"https:\/\/www.koonings.com\/fr\/product\/stella-york-7901zz12\/","url":"https:\/\/www.koonings.com\/fr\/product\/stella-york-7901zz12\/","name":"Stella York 7901ZZ12 | Koonings","isPartOf":{"@id":"https:\/\/www.koonings.com\/fr\/#website"},"primaryImageOfPage":{"@id":"https:\/\/www.koonings.com\/fr\/product\/stella-york-7901zz12\/#primaryimage"},"image":{"@id":"https:\/\/www.koonings.com\/fr\/product\/stella-york-7901zz12\/#primaryimage"},"thumbnailUrl":"https:\/\/www.koonings.com\/wp-content\/uploads\/2024\/11\/40415_2d66fb4fa6f0897725d4f56ddf59ce5a5a0d4cbc4254d672bfbeedb784f7e306db378b3d.jpeg","datePublished":"2026-04-14T14:18:54+00:00","description":"Le style 7901 allie le drame discret \u00e0 l'\u00e9l\u00e9gance moderne : une robe de mari\u00e9e en mousseline de soie, luxueuse et sans effort, avec des manches longues amovibles. Les manches amovibles, qui peuvent \u00eatre port\u00e9es vers le haut ou sur l'\u00e9paule, rejoignent un corsage chic avec une encolure ronde et un ensemble discret de boutons recouverts de tissu dans le dos. La douce silhouette en ligne A flotte doucement sur la silhouette pour une silhouette fluide qui glisse gracieusement \u00e0 chaque mouvement, avec une fente au niveau de la cuisse pour plus d'attrait. Pour la mari\u00e9e qui croit en la simplicit\u00e9, cette robe blouson \u00e0 manches amovibles offre un romantisme d'une sophistication impeccable. Cette robe de mari\u00e9e est \u00e9galement disponible en grandes tailles.","breadcrumb":{"@id":"https:\/\/www.koonings.com\/fr\/product\/stella-york-7901zz12\/#breadcrumb"},"inLanguage":"fr-FR","potentialAction":[{"@type":"ReadAction","target":["https:\/\/www.koonings.com\/fr\/product\/stella-york-7901zz12\/"]}]},{"@type":"ImageObject","inLanguage":"fr-FR","@id":"https:\/\/www.koonings.com\/fr\/product\/stella-york-7901zz12\/#primaryimage","url":"https:\/\/www.koonings.com\/wp-content\/uploads\/2024\/11\/40415_2d66fb4fa6f0897725d4f56ddf59ce5a5a0d4cbc4254d672bfbeedb784f7e306db378b3d.jpeg","contentUrl":"https:\/\/www.koonings.com\/wp-content\/uploads\/2024\/11\/40415_2d66fb4fa6f0897725d4f56ddf59ce5a5a0d4cbc4254d672bfbeedb784f7e306db378b3d.jpeg","width":1351,"height":1915},{"@type":"BreadcrumbList","@id":"https:\/\/www.koonings.com\/fr\/product\/stella-york-7901zz12\/#breadcrumb","itemListElement":[{"@type":"ListItem","position":1,"name":"Home","item":"https:\/\/www.koonings.com\/fr\/"},{"@type":"ListItem","position":2,"name":"Stella York 7901ZZ12"}]},{"@type":"WebSite","@id":"https:\/\/www.koonings.com\/fr\/#website","url":"https:\/\/www.koonings.com\/fr\/","name":"Koonings","description":"De grootste bruidsmodewinkel ter wereld","publisher":{"@id":"https:\/\/www.koonings.com\/fr\/#organization"},"potentialAction":[{"@type":"SearchAction","target":{"@type":"EntryPoint","urlTemplate":"https:\/\/www.koonings.com\/fr\/?s={search_term_string}"},"query-input":{"@type":"PropertyValueSpecification","valueRequired":true,"valueName":"search_term_string"}}],"inLanguage":"fr-FR"},{"@type":"Organization","@id":"https:\/\/www.koonings.com\/fr\/#organization","name":"Koonings","url":"https:\/\/www.koonings.com\/fr\/","logo":{"@type":"ImageObject","inLanguage":"fr-FR","@id":"https:\/\/www.koonings.com\/fr\/#\/schema\/logo\/image\/","url":"https:\/\/www.koonings.com\/wp-content\/uploads\/2024\/07\/logo.png","contentUrl":"https:\/\/www.koonings.com\/wp-content\/uploads\/2024\/07\/logo.png","width":600,"height":428,"caption":"Koonings"},"image":{"@id":"https:\/\/www.koonings.com\/fr\/#\/schema\/logo\/image\/"},"sameAs":["https:\/\/www.facebook.com\/kooningstheweddingpalace","https:\/\/www.instagram.com\/kooningstheweddingpalace","https:\/\/www.pinterest.com\/koonings","https:\/\/www.youtube.com\/kooningstheweddingpalace"]}]}},"_links":{"self":[{"href":"https:\/\/www.koonings.com\/fr\/wp-json\/wp\/v2\/product\/58188","targetHints":{"allow":["GET"]}}],"collection":[{"href":"https:\/\/www.koonings.com\/fr\/wp-json\/wp\/v2\/product"}],"about":[{"href":"https:\/\/www.koonings.com\/fr\/wp-json\/wp\/v2\/types\/product"}],"wp:featuredmedia":[{"embeddable":true,"href":"https:\/\/www.koonings.com\/fr\/wp-json\/wp\/v2\/media\/44133"}],"wp:attachment":[{"href":"https:\/\/www.koonings.com\/fr\/wp-json\/wp\/v2\/media?parent=58188"}],"wp:term":[{"taxonomy":"productdetails","embeddable":true,"href":"https:\/\/www.koonings.com\/fr\/wp-json\/wp\/v2\/productdetails?post=58188"},{"taxonomy":"productneck","embeddable":true,"href":"https:\/\/www.koonings.com\/fr\/wp-json\/wp\/v2\/productneck?post=58188"},{"taxonomy":"productcolor","embeddable":true,"href":"https:\/\/www.koonings.com\/fr\/wp-json\/wp\/v2\/productcolor?post=58188"},{"taxonomy":"maat","embeddable":true,"href":"https:\/\/www.koonings.com\/fr\/wp-json\/wp\/v2\/maat?post=58188"},{"taxonomy":"productsupplier","embeddable":true,"href":"https:\/\/www.koonings.com\/fr\/wp-json\/wp\/v2\/productsupplier?post=58188"},{"taxonomy":"productsleeve","embeddable":true,"href":"https:\/\/www.koonings.com\/fr\/wp-json\/wp\/v2\/productsleeve?post=58188"},{"taxonomy":"productcategory","embeddable":true,"href":"https:\/\/www.koonings.com\/fr\/wp-json\/wp\/v2\/productcategory?post=58188"},{"taxonomy":"productsilhouette","embeddable":true,"href":"https:\/\/www.koonings.com\/fr\/wp-json\/wp\/v2\/productsilhouette?post=58188"},{"taxonomy":"productstyle","embeddable":true,"href":"https:\/\/www.koonings.com\/fr\/wp-json\/wp\/v2\/productstyle?post=58188"}],"curies":[{"name":"wp","href":"https:\/\/api.w.org\/{rel}","templated":true}]}}