{"id":58177,"date":"2026-04-28T18:18:16","date_gmt":"2026-04-28T16:18:16","guid":{"rendered":"https:\/\/www.koonings.com\/product\/stella-york-7899zz11\/"},"modified":"2025-06-05T13:05:11","modified_gmt":"2025-06-05T11:05:11","slug":"stella-york-7899zz11","status":"publish","type":"product","link":"https:\/\/www.koonings.com\/fr\/product\/stella-york-7899zz11\/","title":{"rendered":"Stella York 7899ZZ11"},"content":{"rendered":"<p>Transformez l&#8217;all\u00e9e en podium dans cette robe de mari\u00e9e ligne A \u00e0 la mode avec poches. Le mod\u00e8le 7899 a des bretelles serr\u00e9es avec un n\u0153ud fait main en haut de chaque \u00e9paule, qui compl\u00e8te l&#8217;\u00e9l\u00e9gante encolure ronde. Une magnifique dentelle florale enveloppe le corsage transparent et se prolonge par de subtiles applications de dentelle qui ornent la jupe A-line chic et douce, avec des poches sur les c\u00f4t\u00e9s et une fente au niveau des cuisses. Cette luxueuse robe de mari\u00e9e en ligne A est \u00e0 la mode et offre du romantisme avec un accent de cr\u00e9ateur moderne. Cette robe de mari\u00e9e est \u00e9galement disponible en grandes tailles.    <\/p>\n","protected":false},"featured_media":44207,"template":"","meta":{"_acf_changed":false,"ghostkit_customizer_options":"","ghostkit_custom_css":"","ghostkit_custom_js_head":"","ghostkit_custom_js_foot":"","ghostkit_typography":""},"productdetails":[379,376,378],"productneck":[353],"productcolor":[392],"maat":[],"productsupplier":[442],"productsleeve":[359],"productcategory":[18],"productsilhouette":[384],"productstyle":[366,370],"class_list":["post-58177","product","type-product","status-publish","has-post-thumbnail","hentry","productdetails-379","productdetails-376","productdetails-378","productneck-353","productcolor-392","productsupplier-stella-york","productsleeve-359","productcategory-trouwjurken","productsilhouette-384","productstyle-366","productstyle-370"],"acf":[],"yoast_head":"<!-- This site is optimized with the Yoast SEO plugin v27.3 - https:\/\/yoast.com\/product\/yoast-seo-wordpress\/ -->\n<title>Stella York 7899ZZ11 | Koonings<\/title>\n<meta name=\"description\" content=\"Transformez l&#039;all\u00e9e en podium dans cette robe de mari\u00e9e ligne A \u00e0 la mode avec poches. Le mod\u00e8le 7899 a des bretelles serr\u00e9es avec un n\u0153ud fait main en haut de chaque \u00e9paule, qui compl\u00e8te l&#039;\u00e9l\u00e9gante encolure ronde. Une magnifique dentelle florale enveloppe le corsage transparent et se prolonge par de subtiles applications de dentelle qui ornent la jupe A-line chic et douce, avec des poches sur les c\u00f4t\u00e9s et une fente au niveau des cuisses. Cette luxueuse robe de mari\u00e9e en ligne A est \u00e0 la mode et offre du romantisme avec un accent de cr\u00e9ateur moderne. Cette robe de mari\u00e9e est \u00e9galement disponible en grandes tailles.\" \/>\n<meta name=\"robots\" content=\"index, follow, max-snippet:-1, max-image-preview:large, max-video-preview:-1\" \/>\n<link rel=\"canonical\" href=\"https:\/\/www.koonings.com\/fr\/product\/stella-york-7899zz11\/\" \/>\n<meta property=\"og:locale\" content=\"fr_FR\" \/>\n<meta property=\"og:type\" content=\"article\" \/>\n<meta property=\"og:title\" content=\"Stella York 7899ZZ11 | Koonings\" \/>\n<meta property=\"og:description\" content=\"Transformez l&#039;all\u00e9e en podium dans cette robe de mari\u00e9e ligne A \u00e0 la mode avec poches. Le mod\u00e8le 7899 a des bretelles serr\u00e9es avec un n\u0153ud fait main en haut de chaque \u00e9paule, qui compl\u00e8te l&#039;\u00e9l\u00e9gante encolure ronde. Une magnifique dentelle florale enveloppe le corsage transparent et se prolonge par de subtiles applications de dentelle qui ornent la jupe A-line chic et douce, avec des poches sur les c\u00f4t\u00e9s et une fente au niveau des cuisses. Cette luxueuse robe de mari\u00e9e en ligne A est \u00e0 la mode et offre du romantisme avec un accent de cr\u00e9ateur moderne. Cette robe de mari\u00e9e est \u00e9galement disponible en grandes tailles.\" \/>\n<meta property=\"og:url\" content=\"https:\/\/www.koonings.com\/fr\/product\/stella-york-7899zz11\/\" \/>\n<meta property=\"og:site_name\" content=\"Koonings\" \/>\n<meta property=\"article:publisher\" content=\"https:\/\/www.facebook.com\/kooningstheweddingpalace\" \/>\n<meta property=\"og:image\" content=\"https:\/\/www.koonings.com\/wp-content\/uploads\/2024\/11\/40418_aa66ed8e5edf6320ddfb95d631e4bde18b5c5c348a09b64af6d44f6aa6469b484f15ab40.jpeg\" \/>\n\t<meta property=\"og:image:width\" content=\"1365\" \/>\n\t<meta property=\"og:image:height\" content=\"1932\" \/>\n\t<meta property=\"og:image:type\" content=\"image\/jpeg\" \/>\n<meta name=\"twitter:card\" content=\"summary_large_image\" \/>\n<meta name=\"twitter:label1\" content=\"Dur\u00e9e de lecture estim\u00e9e\" \/>\n\t<meta name=\"twitter:data1\" content=\"1 minute\" \/>\n<script type=\"application\/ld+json\" class=\"yoast-schema-graph\">{\"@context\":\"https:\\\/\\\/schema.org\",\"@graph\":[{\"@type\":\"WebPage\",\"@id\":\"https:\\\/\\\/www.koonings.com\\\/fr\\\/product\\\/stella-york-7899zz11\\\/\",\"url\":\"https:\\\/\\\/www.koonings.com\\\/fr\\\/product\\\/stella-york-7899zz11\\\/\",\"name\":\"Stella York 7899ZZ11 | Koonings\",\"isPartOf\":{\"@id\":\"https:\\\/\\\/www.koonings.com\\\/fr\\\/#website\"},\"primaryImageOfPage\":{\"@id\":\"https:\\\/\\\/www.koonings.com\\\/fr\\\/product\\\/stella-york-7899zz11\\\/#primaryimage\"},\"image\":{\"@id\":\"https:\\\/\\\/www.koonings.com\\\/fr\\\/product\\\/stella-york-7899zz11\\\/#primaryimage\"},\"thumbnailUrl\":\"https:\\\/\\\/www.koonings.com\\\/wp-content\\\/uploads\\\/2024\\\/11\\\/40418_aa66ed8e5edf6320ddfb95d631e4bde18b5c5c348a09b64af6d44f6aa6469b484f15ab40.jpeg\",\"datePublished\":\"2026-04-28T16:18:16+00:00\",\"description\":\"Transformez l'all\u00e9e en podium dans cette robe de mari\u00e9e ligne A \u00e0 la mode avec poches. Le mod\u00e8le 7899 a des bretelles serr\u00e9es avec un n\u0153ud fait main en haut de chaque \u00e9paule, qui compl\u00e8te l'\u00e9l\u00e9gante encolure ronde. Une magnifique dentelle florale enveloppe le corsage transparent et se prolonge par de subtiles applications de dentelle qui ornent la jupe A-line chic et douce, avec des poches sur les c\u00f4t\u00e9s et une fente au niveau des cuisses. Cette luxueuse robe de mari\u00e9e en ligne A est \u00e0 la mode et offre du romantisme avec un accent de cr\u00e9ateur moderne. Cette robe de mari\u00e9e est \u00e9galement disponible en grandes tailles.\",\"breadcrumb\":{\"@id\":\"https:\\\/\\\/www.koonings.com\\\/fr\\\/product\\\/stella-york-7899zz11\\\/#breadcrumb\"},\"inLanguage\":\"fr-FR\",\"potentialAction\":[{\"@type\":\"ReadAction\",\"target\":[\"https:\\\/\\\/www.koonings.com\\\/fr\\\/product\\\/stella-york-7899zz11\\\/\"]}]},{\"@type\":\"ImageObject\",\"inLanguage\":\"fr-FR\",\"@id\":\"https:\\\/\\\/www.koonings.com\\\/fr\\\/product\\\/stella-york-7899zz11\\\/#primaryimage\",\"url\":\"https:\\\/\\\/www.koonings.com\\\/wp-content\\\/uploads\\\/2024\\\/11\\\/40418_aa66ed8e5edf6320ddfb95d631e4bde18b5c5c348a09b64af6d44f6aa6469b484f15ab40.jpeg\",\"contentUrl\":\"https:\\\/\\\/www.koonings.com\\\/wp-content\\\/uploads\\\/2024\\\/11\\\/40418_aa66ed8e5edf6320ddfb95d631e4bde18b5c5c348a09b64af6d44f6aa6469b484f15ab40.jpeg\",\"width\":1365,\"height\":1932},{\"@type\":\"BreadcrumbList\",\"@id\":\"https:\\\/\\\/www.koonings.com\\\/fr\\\/product\\\/stella-york-7899zz11\\\/#breadcrumb\",\"itemListElement\":[{\"@type\":\"ListItem\",\"position\":1,\"name\":\"Home\",\"item\":\"https:\\\/\\\/www.koonings.com\\\/fr\\\/\"},{\"@type\":\"ListItem\",\"position\":2,\"name\":\"Stella York 7899ZZ11\"}]},{\"@type\":\"WebSite\",\"@id\":\"https:\\\/\\\/www.koonings.com\\\/fr\\\/#website\",\"url\":\"https:\\\/\\\/www.koonings.com\\\/fr\\\/\",\"name\":\"Koonings\",\"description\":\"De grootste bruidsmodewinkel ter wereld\",\"publisher\":{\"@id\":\"https:\\\/\\\/www.koonings.com\\\/fr\\\/#organization\"},\"potentialAction\":[{\"@type\":\"SearchAction\",\"target\":{\"@type\":\"EntryPoint\",\"urlTemplate\":\"https:\\\/\\\/www.koonings.com\\\/fr\\\/?s={search_term_string}\"},\"query-input\":{\"@type\":\"PropertyValueSpecification\",\"valueRequired\":true,\"valueName\":\"search_term_string\"}}],\"inLanguage\":\"fr-FR\"},{\"@type\":\"Organization\",\"@id\":\"https:\\\/\\\/www.koonings.com\\\/fr\\\/#organization\",\"name\":\"Koonings\",\"url\":\"https:\\\/\\\/www.koonings.com\\\/fr\\\/\",\"logo\":{\"@type\":\"ImageObject\",\"inLanguage\":\"fr-FR\",\"@id\":\"https:\\\/\\\/www.koonings.com\\\/fr\\\/#\\\/schema\\\/logo\\\/image\\\/\",\"url\":\"https:\\\/\\\/www.koonings.com\\\/wp-content\\\/uploads\\\/2024\\\/07\\\/logo.png\",\"contentUrl\":\"https:\\\/\\\/www.koonings.com\\\/wp-content\\\/uploads\\\/2024\\\/07\\\/logo.png\",\"width\":600,\"height\":428,\"caption\":\"Koonings\"},\"image\":{\"@id\":\"https:\\\/\\\/www.koonings.com\\\/fr\\\/#\\\/schema\\\/logo\\\/image\\\/\"},\"sameAs\":[\"https:\\\/\\\/www.facebook.com\\\/kooningstheweddingpalace\",\"https:\\\/\\\/www.instagram.com\\\/kooningstheweddingpalace\",\"https:\\\/\\\/www.pinterest.com\\\/koonings\",\"https:\\\/\\\/www.youtube.com\\\/kooningstheweddingpalace\"]}]}<\/script>\n<!-- \/ Yoast SEO plugin. -->","yoast_head_json":{"title":"Stella York 7899ZZ11 | Koonings","description":"Transformez l'all\u00e9e en podium dans cette robe de mari\u00e9e ligne A \u00e0 la mode avec poches. Le mod\u00e8le 7899 a des bretelles serr\u00e9es avec un n\u0153ud fait main en haut de chaque \u00e9paule, qui compl\u00e8te l'\u00e9l\u00e9gante encolure ronde. Une magnifique dentelle florale enveloppe le corsage transparent et se prolonge par de subtiles applications de dentelle qui ornent la jupe A-line chic et douce, avec des poches sur les c\u00f4t\u00e9s et une fente au niveau des cuisses. Cette luxueuse robe de mari\u00e9e en ligne A est \u00e0 la mode et offre du romantisme avec un accent de cr\u00e9ateur moderne. Cette robe de mari\u00e9e est \u00e9galement disponible en grandes tailles.","robots":{"index":"index","follow":"follow","max-snippet":"max-snippet:-1","max-image-preview":"max-image-preview:large","max-video-preview":"max-video-preview:-1"},"canonical":"https:\/\/www.koonings.com\/fr\/product\/stella-york-7899zz11\/","og_locale":"fr_FR","og_type":"article","og_title":"Stella York 7899ZZ11 | Koonings","og_description":"Transformez l'all\u00e9e en podium dans cette robe de mari\u00e9e ligne A \u00e0 la mode avec poches. Le mod\u00e8le 7899 a des bretelles serr\u00e9es avec un n\u0153ud fait main en haut de chaque \u00e9paule, qui compl\u00e8te l'\u00e9l\u00e9gante encolure ronde. Une magnifique dentelle florale enveloppe le corsage transparent et se prolonge par de subtiles applications de dentelle qui ornent la jupe A-line chic et douce, avec des poches sur les c\u00f4t\u00e9s et une fente au niveau des cuisses. Cette luxueuse robe de mari\u00e9e en ligne A est \u00e0 la mode et offre du romantisme avec un accent de cr\u00e9ateur moderne. Cette robe de mari\u00e9e est \u00e9galement disponible en grandes tailles.","og_url":"https:\/\/www.koonings.com\/fr\/product\/stella-york-7899zz11\/","og_site_name":"Koonings","article_publisher":"https:\/\/www.facebook.com\/kooningstheweddingpalace","og_image":[{"width":1365,"height":1932,"url":"https:\/\/www.koonings.com\/wp-content\/uploads\/2024\/11\/40418_aa66ed8e5edf6320ddfb95d631e4bde18b5c5c348a09b64af6d44f6aa6469b484f15ab40.jpeg","type":"image\/jpeg"}],"twitter_card":"summary_large_image","twitter_misc":{"Dur\u00e9e de lecture estim\u00e9e":"1 minute"},"schema":{"@context":"https:\/\/schema.org","@graph":[{"@type":"WebPage","@id":"https:\/\/www.koonings.com\/fr\/product\/stella-york-7899zz11\/","url":"https:\/\/www.koonings.com\/fr\/product\/stella-york-7899zz11\/","name":"Stella York 7899ZZ11 | Koonings","isPartOf":{"@id":"https:\/\/www.koonings.com\/fr\/#website"},"primaryImageOfPage":{"@id":"https:\/\/www.koonings.com\/fr\/product\/stella-york-7899zz11\/#primaryimage"},"image":{"@id":"https:\/\/www.koonings.com\/fr\/product\/stella-york-7899zz11\/#primaryimage"},"thumbnailUrl":"https:\/\/www.koonings.com\/wp-content\/uploads\/2024\/11\/40418_aa66ed8e5edf6320ddfb95d631e4bde18b5c5c348a09b64af6d44f6aa6469b484f15ab40.jpeg","datePublished":"2026-04-28T16:18:16+00:00","description":"Transformez l'all\u00e9e en podium dans cette robe de mari\u00e9e ligne A \u00e0 la mode avec poches. Le mod\u00e8le 7899 a des bretelles serr\u00e9es avec un n\u0153ud fait main en haut de chaque \u00e9paule, qui compl\u00e8te l'\u00e9l\u00e9gante encolure ronde. Une magnifique dentelle florale enveloppe le corsage transparent et se prolonge par de subtiles applications de dentelle qui ornent la jupe A-line chic et douce, avec des poches sur les c\u00f4t\u00e9s et une fente au niveau des cuisses. Cette luxueuse robe de mari\u00e9e en ligne A est \u00e0 la mode et offre du romantisme avec un accent de cr\u00e9ateur moderne. Cette robe de mari\u00e9e est \u00e9galement disponible en grandes tailles.","breadcrumb":{"@id":"https:\/\/www.koonings.com\/fr\/product\/stella-york-7899zz11\/#breadcrumb"},"inLanguage":"fr-FR","potentialAction":[{"@type":"ReadAction","target":["https:\/\/www.koonings.com\/fr\/product\/stella-york-7899zz11\/"]}]},{"@type":"ImageObject","inLanguage":"fr-FR","@id":"https:\/\/www.koonings.com\/fr\/product\/stella-york-7899zz11\/#primaryimage","url":"https:\/\/www.koonings.com\/wp-content\/uploads\/2024\/11\/40418_aa66ed8e5edf6320ddfb95d631e4bde18b5c5c348a09b64af6d44f6aa6469b484f15ab40.jpeg","contentUrl":"https:\/\/www.koonings.com\/wp-content\/uploads\/2024\/11\/40418_aa66ed8e5edf6320ddfb95d631e4bde18b5c5c348a09b64af6d44f6aa6469b484f15ab40.jpeg","width":1365,"height":1932},{"@type":"BreadcrumbList","@id":"https:\/\/www.koonings.com\/fr\/product\/stella-york-7899zz11\/#breadcrumb","itemListElement":[{"@type":"ListItem","position":1,"name":"Home","item":"https:\/\/www.koonings.com\/fr\/"},{"@type":"ListItem","position":2,"name":"Stella York 7899ZZ11"}]},{"@type":"WebSite","@id":"https:\/\/www.koonings.com\/fr\/#website","url":"https:\/\/www.koonings.com\/fr\/","name":"Koonings","description":"De grootste bruidsmodewinkel ter wereld","publisher":{"@id":"https:\/\/www.koonings.com\/fr\/#organization"},"potentialAction":[{"@type":"SearchAction","target":{"@type":"EntryPoint","urlTemplate":"https:\/\/www.koonings.com\/fr\/?s={search_term_string}"},"query-input":{"@type":"PropertyValueSpecification","valueRequired":true,"valueName":"search_term_string"}}],"inLanguage":"fr-FR"},{"@type":"Organization","@id":"https:\/\/www.koonings.com\/fr\/#organization","name":"Koonings","url":"https:\/\/www.koonings.com\/fr\/","logo":{"@type":"ImageObject","inLanguage":"fr-FR","@id":"https:\/\/www.koonings.com\/fr\/#\/schema\/logo\/image\/","url":"https:\/\/www.koonings.com\/wp-content\/uploads\/2024\/07\/logo.png","contentUrl":"https:\/\/www.koonings.com\/wp-content\/uploads\/2024\/07\/logo.png","width":600,"height":428,"caption":"Koonings"},"image":{"@id":"https:\/\/www.koonings.com\/fr\/#\/schema\/logo\/image\/"},"sameAs":["https:\/\/www.facebook.com\/kooningstheweddingpalace","https:\/\/www.instagram.com\/kooningstheweddingpalace","https:\/\/www.pinterest.com\/koonings","https:\/\/www.youtube.com\/kooningstheweddingpalace"]}]}},"_links":{"self":[{"href":"https:\/\/www.koonings.com\/fr\/wp-json\/wp\/v2\/product\/58177","targetHints":{"allow":["GET"]}}],"collection":[{"href":"https:\/\/www.koonings.com\/fr\/wp-json\/wp\/v2\/product"}],"about":[{"href":"https:\/\/www.koonings.com\/fr\/wp-json\/wp\/v2\/types\/product"}],"wp:featuredmedia":[{"embeddable":true,"href":"https:\/\/www.koonings.com\/fr\/wp-json\/wp\/v2\/media\/44207"}],"wp:attachment":[{"href":"https:\/\/www.koonings.com\/fr\/wp-json\/wp\/v2\/media?parent=58177"}],"wp:term":[{"taxonomy":"productdetails","embeddable":true,"href":"https:\/\/www.koonings.com\/fr\/wp-json\/wp\/v2\/productdetails?post=58177"},{"taxonomy":"productneck","embeddable":true,"href":"https:\/\/www.koonings.com\/fr\/wp-json\/wp\/v2\/productneck?post=58177"},{"taxonomy":"productcolor","embeddable":true,"href":"https:\/\/www.koonings.com\/fr\/wp-json\/wp\/v2\/productcolor?post=58177"},{"taxonomy":"maat","embeddable":true,"href":"https:\/\/www.koonings.com\/fr\/wp-json\/wp\/v2\/maat?post=58177"},{"taxonomy":"productsupplier","embeddable":true,"href":"https:\/\/www.koonings.com\/fr\/wp-json\/wp\/v2\/productsupplier?post=58177"},{"taxonomy":"productsleeve","embeddable":true,"href":"https:\/\/www.koonings.com\/fr\/wp-json\/wp\/v2\/productsleeve?post=58177"},{"taxonomy":"productcategory","embeddable":true,"href":"https:\/\/www.koonings.com\/fr\/wp-json\/wp\/v2\/productcategory?post=58177"},{"taxonomy":"productsilhouette","embeddable":true,"href":"https:\/\/www.koonings.com\/fr\/wp-json\/wp\/v2\/productsilhouette?post=58177"},{"taxonomy":"productstyle","embeddable":true,"href":"https:\/\/www.koonings.com\/fr\/wp-json\/wp\/v2\/productstyle?post=58177"}],"curies":[{"name":"wp","href":"https:\/\/api.w.org\/{rel}","templated":true}]}}