{"id":58169,"date":"2026-05-06T15:18:31","date_gmt":"2026-05-06T13:18:31","guid":{"rendered":"https:\/\/www.koonings.com\/product\/martina-liana-ml1787iv11\/"},"modified":"2025-06-05T13:04:44","modified_gmt":"2025-06-05T11:04:44","slug":"martina-liana-ml1787iv11","status":"publish","type":"product","link":"https:\/\/www.koonings.com\/fr\/product\/martina-liana-ml1787iv11\/","title":{"rendered":"Martina Liana ML1787IV11"},"content":{"rendered":"<p>Faites une entr\u00e9e inoubliable dans cette robe de mari\u00e9e sexy et \u00e0 la pointe de la mode. Le mod\u00e8le 1787 pr\u00e9sente une encolure dos nu en dentelle graphique, attach\u00e9e \u00e0 un corsage transparent orn\u00e9 de magnifiques perles et d&#8217;accents \u00e9tincelants. Au dos, des motifs de dentelle scintillante encadrent un bas dos nu, menant \u00e0 une s\u00e9rie de boutons intemporels recouverts de tissu. La silhouette colonne \u00e9lanc\u00e9e \u00e9pouse chaque courbe dans un tissu cr\u00eape fluide avant de c\u00e9der la place \u00e0 une longue et spectaculaire d\u00e9coupe couture en tulle scintillant et en appliques de dentelle graphique pour compl\u00e9ter cette robe de mari\u00e9e sulfureuse, pr\u00eate \u00e0 d\u00e9filer sur les podiums.   <\/p>\n","protected":false},"featured_media":44295,"template":"","meta":{"_acf_changed":false,"ghostkit_customizer_options":"","ghostkit_custom_css":"","ghostkit_custom_js_head":"","ghostkit_custom_js_foot":"","ghostkit_typography":""},"productdetails":[376],"productneck":[350,356],"productcolor":[393,392],"maat":[],"productsupplier":[431],"productsleeve":[360],"productcategory":[18],"productsilhouette":[387],"productstyle":[370],"class_list":["post-58169","product","type-product","status-publish","has-post-thumbnail","hentry","productdetails-376","productneck-350","productneck-356","productcolor-393","productcolor-392","productsupplier-martina-liana","productsleeve-360","productcategory-trouwjurken","productsilhouette-387","productstyle-370"],"acf":[],"yoast_head":"<!-- This site is optimized with the Yoast SEO plugin v27.3 - https:\/\/yoast.com\/product\/yoast-seo-wordpress\/ -->\n<title>Martina Liana ML1787IV11 | Koonings<\/title>\n<meta name=\"description\" content=\"Faites une entr\u00e9e inoubliable dans cette robe de mari\u00e9e sexy et \u00e0 la pointe de la mode. Le mod\u00e8le 1787 pr\u00e9sente une encolure dos nu en dentelle graphique, attach\u00e9e \u00e0 un corsage transparent orn\u00e9 de magnifiques perles et d&#039;accents \u00e9tincelants. Au dos, des motifs de dentelle scintillante encadrent un bas dos nu, menant \u00e0 une s\u00e9rie de boutons intemporels recouverts de tissu. La silhouette colonne \u00e9lanc\u00e9e \u00e9pouse chaque courbe dans un tissu cr\u00eape fluide avant de c\u00e9der la place \u00e0 une longue et spectaculaire d\u00e9coupe couture en tulle scintillant et en appliques de dentelle graphique pour compl\u00e9ter cette robe de mari\u00e9e sulfureuse, pr\u00eate \u00e0 d\u00e9filer sur les podiums.\" \/>\n<meta name=\"robots\" content=\"index, follow, max-snippet:-1, max-image-preview:large, max-video-preview:-1\" \/>\n<link rel=\"canonical\" href=\"https:\/\/www.koonings.com\/fr\/product\/martina-liana-ml1787iv11\/\" \/>\n<meta property=\"og:locale\" content=\"fr_FR\" \/>\n<meta property=\"og:type\" content=\"article\" \/>\n<meta property=\"og:title\" content=\"Martina Liana ML1787IV11 | Koonings\" \/>\n<meta property=\"og:description\" content=\"Faites une entr\u00e9e inoubliable dans cette robe de mari\u00e9e sexy et \u00e0 la pointe de la mode. Le mod\u00e8le 1787 pr\u00e9sente une encolure dos nu en dentelle graphique, attach\u00e9e \u00e0 un corsage transparent orn\u00e9 de magnifiques perles et d&#039;accents \u00e9tincelants. Au dos, des motifs de dentelle scintillante encadrent un bas dos nu, menant \u00e0 une s\u00e9rie de boutons intemporels recouverts de tissu. La silhouette colonne \u00e9lanc\u00e9e \u00e9pouse chaque courbe dans un tissu cr\u00eape fluide avant de c\u00e9der la place \u00e0 une longue et spectaculaire d\u00e9coupe couture en tulle scintillant et en appliques de dentelle graphique pour compl\u00e9ter cette robe de mari\u00e9e sulfureuse, pr\u00eate \u00e0 d\u00e9filer sur les podiums.\" \/>\n<meta property=\"og:url\" content=\"https:\/\/www.koonings.com\/fr\/product\/martina-liana-ml1787iv11\/\" \/>\n<meta property=\"og:site_name\" content=\"Koonings\" \/>\n<meta property=\"article:publisher\" content=\"https:\/\/www.facebook.com\/kooningstheweddingpalace\" \/>\n<meta property=\"og:image\" content=\"https:\/\/www.koonings.com\/wp-content\/uploads\/2024\/11\/40432_0a9f9312fd650ed675465c2205bdc8856be90937f8def0c3af908cc49b48d10e48d0a7ec.jpeg\" \/>\n\t<meta property=\"og:image:width\" content=\"1492\" \/>\n\t<meta property=\"og:image:height\" content=\"2114\" \/>\n\t<meta property=\"og:image:type\" content=\"image\/jpeg\" \/>\n<meta name=\"twitter:card\" content=\"summary_large_image\" \/>\n<meta name=\"twitter:label1\" content=\"Dur\u00e9e de lecture estim\u00e9e\" \/>\n\t<meta name=\"twitter:data1\" content=\"1 minute\" \/>\n<script type=\"application\/ld+json\" class=\"yoast-schema-graph\">{\"@context\":\"https:\\\/\\\/schema.org\",\"@graph\":[{\"@type\":\"WebPage\",\"@id\":\"https:\\\/\\\/www.koonings.com\\\/fr\\\/product\\\/martina-liana-ml1787iv11\\\/\",\"url\":\"https:\\\/\\\/www.koonings.com\\\/fr\\\/product\\\/martina-liana-ml1787iv11\\\/\",\"name\":\"Martina Liana ML1787IV11 | Koonings\",\"isPartOf\":{\"@id\":\"https:\\\/\\\/www.koonings.com\\\/fr\\\/#website\"},\"primaryImageOfPage\":{\"@id\":\"https:\\\/\\\/www.koonings.com\\\/fr\\\/product\\\/martina-liana-ml1787iv11\\\/#primaryimage\"},\"image\":{\"@id\":\"https:\\\/\\\/www.koonings.com\\\/fr\\\/product\\\/martina-liana-ml1787iv11\\\/#primaryimage\"},\"thumbnailUrl\":\"https:\\\/\\\/www.koonings.com\\\/wp-content\\\/uploads\\\/2024\\\/11\\\/40432_0a9f9312fd650ed675465c2205bdc8856be90937f8def0c3af908cc49b48d10e48d0a7ec.jpeg\",\"datePublished\":\"2026-05-06T13:18:31+00:00\",\"description\":\"Faites une entr\u00e9e inoubliable dans cette robe de mari\u00e9e sexy et \u00e0 la pointe de la mode. Le mod\u00e8le 1787 pr\u00e9sente une encolure dos nu en dentelle graphique, attach\u00e9e \u00e0 un corsage transparent orn\u00e9 de magnifiques perles et d'accents \u00e9tincelants. Au dos, des motifs de dentelle scintillante encadrent un bas dos nu, menant \u00e0 une s\u00e9rie de boutons intemporels recouverts de tissu. La silhouette colonne \u00e9lanc\u00e9e \u00e9pouse chaque courbe dans un tissu cr\u00eape fluide avant de c\u00e9der la place \u00e0 une longue et spectaculaire d\u00e9coupe couture en tulle scintillant et en appliques de dentelle graphique pour compl\u00e9ter cette robe de mari\u00e9e sulfureuse, pr\u00eate \u00e0 d\u00e9filer sur les podiums.\",\"breadcrumb\":{\"@id\":\"https:\\\/\\\/www.koonings.com\\\/fr\\\/product\\\/martina-liana-ml1787iv11\\\/#breadcrumb\"},\"inLanguage\":\"fr-FR\",\"potentialAction\":[{\"@type\":\"ReadAction\",\"target\":[\"https:\\\/\\\/www.koonings.com\\\/fr\\\/product\\\/martina-liana-ml1787iv11\\\/\"]}]},{\"@type\":\"ImageObject\",\"inLanguage\":\"fr-FR\",\"@id\":\"https:\\\/\\\/www.koonings.com\\\/fr\\\/product\\\/martina-liana-ml1787iv11\\\/#primaryimage\",\"url\":\"https:\\\/\\\/www.koonings.com\\\/wp-content\\\/uploads\\\/2024\\\/11\\\/40432_0a9f9312fd650ed675465c2205bdc8856be90937f8def0c3af908cc49b48d10e48d0a7ec.jpeg\",\"contentUrl\":\"https:\\\/\\\/www.koonings.com\\\/wp-content\\\/uploads\\\/2024\\\/11\\\/40432_0a9f9312fd650ed675465c2205bdc8856be90937f8def0c3af908cc49b48d10e48d0a7ec.jpeg\",\"width\":1492,\"height\":2114},{\"@type\":\"BreadcrumbList\",\"@id\":\"https:\\\/\\\/www.koonings.com\\\/fr\\\/product\\\/martina-liana-ml1787iv11\\\/#breadcrumb\",\"itemListElement\":[{\"@type\":\"ListItem\",\"position\":1,\"name\":\"Home\",\"item\":\"https:\\\/\\\/www.koonings.com\\\/fr\\\/\"},{\"@type\":\"ListItem\",\"position\":2,\"name\":\"Martina Liana ML1787IV11\"}]},{\"@type\":\"WebSite\",\"@id\":\"https:\\\/\\\/www.koonings.com\\\/fr\\\/#website\",\"url\":\"https:\\\/\\\/www.koonings.com\\\/fr\\\/\",\"name\":\"Koonings\",\"description\":\"De grootste bruidsmodewinkel ter wereld\",\"publisher\":{\"@id\":\"https:\\\/\\\/www.koonings.com\\\/fr\\\/#organization\"},\"potentialAction\":[{\"@type\":\"SearchAction\",\"target\":{\"@type\":\"EntryPoint\",\"urlTemplate\":\"https:\\\/\\\/www.koonings.com\\\/fr\\\/?s={search_term_string}\"},\"query-input\":{\"@type\":\"PropertyValueSpecification\",\"valueRequired\":true,\"valueName\":\"search_term_string\"}}],\"inLanguage\":\"fr-FR\"},{\"@type\":\"Organization\",\"@id\":\"https:\\\/\\\/www.koonings.com\\\/fr\\\/#organization\",\"name\":\"Koonings\",\"url\":\"https:\\\/\\\/www.koonings.com\\\/fr\\\/\",\"logo\":{\"@type\":\"ImageObject\",\"inLanguage\":\"fr-FR\",\"@id\":\"https:\\\/\\\/www.koonings.com\\\/fr\\\/#\\\/schema\\\/logo\\\/image\\\/\",\"url\":\"https:\\\/\\\/www.koonings.com\\\/wp-content\\\/uploads\\\/2024\\\/07\\\/logo.png\",\"contentUrl\":\"https:\\\/\\\/www.koonings.com\\\/wp-content\\\/uploads\\\/2024\\\/07\\\/logo.png\",\"width\":600,\"height\":428,\"caption\":\"Koonings\"},\"image\":{\"@id\":\"https:\\\/\\\/www.koonings.com\\\/fr\\\/#\\\/schema\\\/logo\\\/image\\\/\"},\"sameAs\":[\"https:\\\/\\\/www.facebook.com\\\/kooningstheweddingpalace\",\"https:\\\/\\\/www.instagram.com\\\/kooningstheweddingpalace\",\"https:\\\/\\\/www.pinterest.com\\\/koonings\",\"https:\\\/\\\/www.youtube.com\\\/kooningstheweddingpalace\"]}]}<\/script>\n<!-- \/ Yoast SEO plugin. -->","yoast_head_json":{"title":"Martina Liana ML1787IV11 | Koonings","description":"Faites une entr\u00e9e inoubliable dans cette robe de mari\u00e9e sexy et \u00e0 la pointe de la mode. Le mod\u00e8le 1787 pr\u00e9sente une encolure dos nu en dentelle graphique, attach\u00e9e \u00e0 un corsage transparent orn\u00e9 de magnifiques perles et d'accents \u00e9tincelants. Au dos, des motifs de dentelle scintillante encadrent un bas dos nu, menant \u00e0 une s\u00e9rie de boutons intemporels recouverts de tissu. La silhouette colonne \u00e9lanc\u00e9e \u00e9pouse chaque courbe dans un tissu cr\u00eape fluide avant de c\u00e9der la place \u00e0 une longue et spectaculaire d\u00e9coupe couture en tulle scintillant et en appliques de dentelle graphique pour compl\u00e9ter cette robe de mari\u00e9e sulfureuse, pr\u00eate \u00e0 d\u00e9filer sur les podiums.","robots":{"index":"index","follow":"follow","max-snippet":"max-snippet:-1","max-image-preview":"max-image-preview:large","max-video-preview":"max-video-preview:-1"},"canonical":"https:\/\/www.koonings.com\/fr\/product\/martina-liana-ml1787iv11\/","og_locale":"fr_FR","og_type":"article","og_title":"Martina Liana ML1787IV11 | Koonings","og_description":"Faites une entr\u00e9e inoubliable dans cette robe de mari\u00e9e sexy et \u00e0 la pointe de la mode. Le mod\u00e8le 1787 pr\u00e9sente une encolure dos nu en dentelle graphique, attach\u00e9e \u00e0 un corsage transparent orn\u00e9 de magnifiques perles et d'accents \u00e9tincelants. Au dos, des motifs de dentelle scintillante encadrent un bas dos nu, menant \u00e0 une s\u00e9rie de boutons intemporels recouverts de tissu. La silhouette colonne \u00e9lanc\u00e9e \u00e9pouse chaque courbe dans un tissu cr\u00eape fluide avant de c\u00e9der la place \u00e0 une longue et spectaculaire d\u00e9coupe couture en tulle scintillant et en appliques de dentelle graphique pour compl\u00e9ter cette robe de mari\u00e9e sulfureuse, pr\u00eate \u00e0 d\u00e9filer sur les podiums.","og_url":"https:\/\/www.koonings.com\/fr\/product\/martina-liana-ml1787iv11\/","og_site_name":"Koonings","article_publisher":"https:\/\/www.facebook.com\/kooningstheweddingpalace","og_image":[{"width":1492,"height":2114,"url":"https:\/\/www.koonings.com\/wp-content\/uploads\/2024\/11\/40432_0a9f9312fd650ed675465c2205bdc8856be90937f8def0c3af908cc49b48d10e48d0a7ec.jpeg","type":"image\/jpeg"}],"twitter_card":"summary_large_image","twitter_misc":{"Dur\u00e9e de lecture estim\u00e9e":"1 minute"},"schema":{"@context":"https:\/\/schema.org","@graph":[{"@type":"WebPage","@id":"https:\/\/www.koonings.com\/fr\/product\/martina-liana-ml1787iv11\/","url":"https:\/\/www.koonings.com\/fr\/product\/martina-liana-ml1787iv11\/","name":"Martina Liana ML1787IV11 | Koonings","isPartOf":{"@id":"https:\/\/www.koonings.com\/fr\/#website"},"primaryImageOfPage":{"@id":"https:\/\/www.koonings.com\/fr\/product\/martina-liana-ml1787iv11\/#primaryimage"},"image":{"@id":"https:\/\/www.koonings.com\/fr\/product\/martina-liana-ml1787iv11\/#primaryimage"},"thumbnailUrl":"https:\/\/www.koonings.com\/wp-content\/uploads\/2024\/11\/40432_0a9f9312fd650ed675465c2205bdc8856be90937f8def0c3af908cc49b48d10e48d0a7ec.jpeg","datePublished":"2026-05-06T13:18:31+00:00","description":"Faites une entr\u00e9e inoubliable dans cette robe de mari\u00e9e sexy et \u00e0 la pointe de la mode. Le mod\u00e8le 1787 pr\u00e9sente une encolure dos nu en dentelle graphique, attach\u00e9e \u00e0 un corsage transparent orn\u00e9 de magnifiques perles et d'accents \u00e9tincelants. Au dos, des motifs de dentelle scintillante encadrent un bas dos nu, menant \u00e0 une s\u00e9rie de boutons intemporels recouverts de tissu. La silhouette colonne \u00e9lanc\u00e9e \u00e9pouse chaque courbe dans un tissu cr\u00eape fluide avant de c\u00e9der la place \u00e0 une longue et spectaculaire d\u00e9coupe couture en tulle scintillant et en appliques de dentelle graphique pour compl\u00e9ter cette robe de mari\u00e9e sulfureuse, pr\u00eate \u00e0 d\u00e9filer sur les podiums.","breadcrumb":{"@id":"https:\/\/www.koonings.com\/fr\/product\/martina-liana-ml1787iv11\/#breadcrumb"},"inLanguage":"fr-FR","potentialAction":[{"@type":"ReadAction","target":["https:\/\/www.koonings.com\/fr\/product\/martina-liana-ml1787iv11\/"]}]},{"@type":"ImageObject","inLanguage":"fr-FR","@id":"https:\/\/www.koonings.com\/fr\/product\/martina-liana-ml1787iv11\/#primaryimage","url":"https:\/\/www.koonings.com\/wp-content\/uploads\/2024\/11\/40432_0a9f9312fd650ed675465c2205bdc8856be90937f8def0c3af908cc49b48d10e48d0a7ec.jpeg","contentUrl":"https:\/\/www.koonings.com\/wp-content\/uploads\/2024\/11\/40432_0a9f9312fd650ed675465c2205bdc8856be90937f8def0c3af908cc49b48d10e48d0a7ec.jpeg","width":1492,"height":2114},{"@type":"BreadcrumbList","@id":"https:\/\/www.koonings.com\/fr\/product\/martina-liana-ml1787iv11\/#breadcrumb","itemListElement":[{"@type":"ListItem","position":1,"name":"Home","item":"https:\/\/www.koonings.com\/fr\/"},{"@type":"ListItem","position":2,"name":"Martina Liana ML1787IV11"}]},{"@type":"WebSite","@id":"https:\/\/www.koonings.com\/fr\/#website","url":"https:\/\/www.koonings.com\/fr\/","name":"Koonings","description":"De grootste bruidsmodewinkel ter wereld","publisher":{"@id":"https:\/\/www.koonings.com\/fr\/#organization"},"potentialAction":[{"@type":"SearchAction","target":{"@type":"EntryPoint","urlTemplate":"https:\/\/www.koonings.com\/fr\/?s={search_term_string}"},"query-input":{"@type":"PropertyValueSpecification","valueRequired":true,"valueName":"search_term_string"}}],"inLanguage":"fr-FR"},{"@type":"Organization","@id":"https:\/\/www.koonings.com\/fr\/#organization","name":"Koonings","url":"https:\/\/www.koonings.com\/fr\/","logo":{"@type":"ImageObject","inLanguage":"fr-FR","@id":"https:\/\/www.koonings.com\/fr\/#\/schema\/logo\/image\/","url":"https:\/\/www.koonings.com\/wp-content\/uploads\/2024\/07\/logo.png","contentUrl":"https:\/\/www.koonings.com\/wp-content\/uploads\/2024\/07\/logo.png","width":600,"height":428,"caption":"Koonings"},"image":{"@id":"https:\/\/www.koonings.com\/fr\/#\/schema\/logo\/image\/"},"sameAs":["https:\/\/www.facebook.com\/kooningstheweddingpalace","https:\/\/www.instagram.com\/kooningstheweddingpalace","https:\/\/www.pinterest.com\/koonings","https:\/\/www.youtube.com\/kooningstheweddingpalace"]}]}},"_links":{"self":[{"href":"https:\/\/www.koonings.com\/fr\/wp-json\/wp\/v2\/product\/58169","targetHints":{"allow":["GET"]}}],"collection":[{"href":"https:\/\/www.koonings.com\/fr\/wp-json\/wp\/v2\/product"}],"about":[{"href":"https:\/\/www.koonings.com\/fr\/wp-json\/wp\/v2\/types\/product"}],"wp:featuredmedia":[{"embeddable":true,"href":"https:\/\/www.koonings.com\/fr\/wp-json\/wp\/v2\/media\/44295"}],"wp:attachment":[{"href":"https:\/\/www.koonings.com\/fr\/wp-json\/wp\/v2\/media?parent=58169"}],"wp:term":[{"taxonomy":"productdetails","embeddable":true,"href":"https:\/\/www.koonings.com\/fr\/wp-json\/wp\/v2\/productdetails?post=58169"},{"taxonomy":"productneck","embeddable":true,"href":"https:\/\/www.koonings.com\/fr\/wp-json\/wp\/v2\/productneck?post=58169"},{"taxonomy":"productcolor","embeddable":true,"href":"https:\/\/www.koonings.com\/fr\/wp-json\/wp\/v2\/productcolor?post=58169"},{"taxonomy":"maat","embeddable":true,"href":"https:\/\/www.koonings.com\/fr\/wp-json\/wp\/v2\/maat?post=58169"},{"taxonomy":"productsupplier","embeddable":true,"href":"https:\/\/www.koonings.com\/fr\/wp-json\/wp\/v2\/productsupplier?post=58169"},{"taxonomy":"productsleeve","embeddable":true,"href":"https:\/\/www.koonings.com\/fr\/wp-json\/wp\/v2\/productsleeve?post=58169"},{"taxonomy":"productcategory","embeddable":true,"href":"https:\/\/www.koonings.com\/fr\/wp-json\/wp\/v2\/productcategory?post=58169"},{"taxonomy":"productsilhouette","embeddable":true,"href":"https:\/\/www.koonings.com\/fr\/wp-json\/wp\/v2\/productsilhouette?post=58169"},{"taxonomy":"productstyle","embeddable":true,"href":"https:\/\/www.koonings.com\/fr\/wp-json\/wp\/v2\/productstyle?post=58169"}],"curies":[{"name":"wp","href":"https:\/\/api.w.org\/{rel}","templated":true}]}}