{"id":58133,"date":"2025-12-15T00:30:25","date_gmt":"2025-12-14T23:30:25","guid":{"rendered":"https:\/\/www.koonings.com\/product\/alma-novia-serice\/"},"modified":"2026-02-03T18:37:41","modified_gmt":"2026-02-03T17:37:41","slug":"alma-novia-serice","status":"publish","type":"product","link":"https:\/\/www.koonings.com\/fr\/product\/alma-novia-serice\/","title":{"rendered":"Alma Novia Serice"},"content":{"rendered":"<p>Robe de mari\u00e9e longue de style \u00e9l\u00e9gant, en tulle combin\u00e9 \u00e0 de la dentelle et des strass. Elle pr\u00e9sente un d\u00e9collet\u00e9 en forme de c\u0153ur, un dos ferm\u00e9 et des manches longues amovibles. Un look tendance Luna Novias.  <\/p>\n","protected":false},"featured_media":44462,"template":"","meta":{"_acf_changed":false,"ghostkit_customizer_options":"","ghostkit_custom_css":"","ghostkit_custom_js_head":"","ghostkit_custom_js_foot":"","ghostkit_typography":""},"productdetails":[376,381],"productneck":[355],"productcolor":[392],"maat":[],"productsupplier":[459],"productsleeve":[357],"productcategory":[18],"productsilhouette":[389],"productstyle":[370],"class_list":["post-58133","product","type-product","status-publish","has-post-thumbnail","hentry","productdetails-376","productdetails-381","productneck-355","productcolor-392","productsupplier-alma-novia","productsleeve-357","productcategory-trouwjurken","productsilhouette-389","productstyle-370"],"acf":[],"yoast_head":"<!-- This site is optimized with the Yoast SEO plugin v27.3 - https:\/\/yoast.com\/product\/yoast-seo-wordpress\/ -->\n<title>Alma Novia Serice | Koonings<\/title>\n<meta name=\"description\" content=\"Robe de mari\u00e9e longue de style \u00e9l\u00e9gant, en tulle combin\u00e9 \u00e0 de la dentelle et des strass. Elle pr\u00e9sente un d\u00e9collet\u00e9 en forme de c\u0153ur, un dos ferm\u00e9 et des manches longues amovibles. Un look tendance Luna Novias.\" \/>\n<meta name=\"robots\" content=\"index, follow, max-snippet:-1, max-image-preview:large, max-video-preview:-1\" \/>\n<link rel=\"canonical\" href=\"https:\/\/www.koonings.com\/fr\/product\/alma-novia-serice\/\" \/>\n<meta property=\"og:locale\" content=\"fr_FR\" \/>\n<meta property=\"og:type\" content=\"article\" \/>\n<meta property=\"og:title\" content=\"Alma Novia Serice | Koonings\" \/>\n<meta property=\"og:description\" content=\"Robe de mari\u00e9e longue de style \u00e9l\u00e9gant, en tulle combin\u00e9 \u00e0 de la dentelle et des strass. Elle pr\u00e9sente un d\u00e9collet\u00e9 en forme de c\u0153ur, un dos ferm\u00e9 et des manches longues amovibles. Un look tendance Luna Novias.\" \/>\n<meta property=\"og:url\" content=\"https:\/\/www.koonings.com\/fr\/product\/alma-novia-serice\/\" \/>\n<meta property=\"og:site_name\" content=\"Koonings\" \/>\n<meta property=\"article:publisher\" content=\"https:\/\/www.facebook.com\/kooningstheweddingpalace\" \/>\n<meta property=\"article:modified_time\" content=\"2026-02-03T17:37:41+00:00\" \/>\n<meta property=\"og:image\" content=\"https:\/\/www.koonings.com\/wp-content\/uploads\/2024\/11\/40467_45cbdc5ffec5f9958fb94cdda0b31d6d1c18905e08dea52e2dda18e60d45712b3adf6bf2.jpeg\" \/>\n\t<meta property=\"og:image:width\" content=\"1291\" \/>\n\t<meta property=\"og:image:height\" content=\"1866\" \/>\n\t<meta property=\"og:image:type\" content=\"image\/jpeg\" \/>\n<meta name=\"twitter:card\" content=\"summary_large_image\" \/>\n<script type=\"application\/ld+json\" class=\"yoast-schema-graph\">{\"@context\":\"https:\\\/\\\/schema.org\",\"@graph\":[{\"@type\":\"WebPage\",\"@id\":\"https:\\\/\\\/www.koonings.com\\\/fr\\\/product\\\/alma-novia-serice\\\/\",\"url\":\"https:\\\/\\\/www.koonings.com\\\/fr\\\/product\\\/alma-novia-serice\\\/\",\"name\":\"Alma Novia Serice | Koonings\",\"isPartOf\":{\"@id\":\"https:\\\/\\\/www.koonings.com\\\/fr\\\/#website\"},\"primaryImageOfPage\":{\"@id\":\"https:\\\/\\\/www.koonings.com\\\/fr\\\/product\\\/alma-novia-serice\\\/#primaryimage\"},\"image\":{\"@id\":\"https:\\\/\\\/www.koonings.com\\\/fr\\\/product\\\/alma-novia-serice\\\/#primaryimage\"},\"thumbnailUrl\":\"https:\\\/\\\/www.koonings.com\\\/wp-content\\\/uploads\\\/2024\\\/11\\\/40467_45cbdc5ffec5f9958fb94cdda0b31d6d1c18905e08dea52e2dda18e60d45712b3adf6bf2.jpeg\",\"datePublished\":\"2025-12-14T23:30:25+00:00\",\"dateModified\":\"2026-02-03T17:37:41+00:00\",\"description\":\"Robe de mari\u00e9e longue de style \u00e9l\u00e9gant, en tulle combin\u00e9 \u00e0 de la dentelle et des strass. Elle pr\u00e9sente un d\u00e9collet\u00e9 en forme de c\u0153ur, un dos ferm\u00e9 et des manches longues amovibles. Un look tendance Luna Novias.\",\"breadcrumb\":{\"@id\":\"https:\\\/\\\/www.koonings.com\\\/fr\\\/product\\\/alma-novia-serice\\\/#breadcrumb\"},\"inLanguage\":\"fr-FR\",\"potentialAction\":[{\"@type\":\"ReadAction\",\"target\":[\"https:\\\/\\\/www.koonings.com\\\/fr\\\/product\\\/alma-novia-serice\\\/\"]}]},{\"@type\":\"ImageObject\",\"inLanguage\":\"fr-FR\",\"@id\":\"https:\\\/\\\/www.koonings.com\\\/fr\\\/product\\\/alma-novia-serice\\\/#primaryimage\",\"url\":\"https:\\\/\\\/www.koonings.com\\\/wp-content\\\/uploads\\\/2024\\\/11\\\/40467_45cbdc5ffec5f9958fb94cdda0b31d6d1c18905e08dea52e2dda18e60d45712b3adf6bf2.jpeg\",\"contentUrl\":\"https:\\\/\\\/www.koonings.com\\\/wp-content\\\/uploads\\\/2024\\\/11\\\/40467_45cbdc5ffec5f9958fb94cdda0b31d6d1c18905e08dea52e2dda18e60d45712b3adf6bf2.jpeg\",\"width\":1291,\"height\":1866},{\"@type\":\"BreadcrumbList\",\"@id\":\"https:\\\/\\\/www.koonings.com\\\/fr\\\/product\\\/alma-novia-serice\\\/#breadcrumb\",\"itemListElement\":[{\"@type\":\"ListItem\",\"position\":1,\"name\":\"Home\",\"item\":\"https:\\\/\\\/www.koonings.com\\\/fr\\\/\"},{\"@type\":\"ListItem\",\"position\":2,\"name\":\"Alma Novia Serice\"}]},{\"@type\":\"WebSite\",\"@id\":\"https:\\\/\\\/www.koonings.com\\\/fr\\\/#website\",\"url\":\"https:\\\/\\\/www.koonings.com\\\/fr\\\/\",\"name\":\"Koonings\",\"description\":\"De grootste bruidsmodewinkel ter wereld\",\"publisher\":{\"@id\":\"https:\\\/\\\/www.koonings.com\\\/fr\\\/#organization\"},\"potentialAction\":[{\"@type\":\"SearchAction\",\"target\":{\"@type\":\"EntryPoint\",\"urlTemplate\":\"https:\\\/\\\/www.koonings.com\\\/fr\\\/?s={search_term_string}\"},\"query-input\":{\"@type\":\"PropertyValueSpecification\",\"valueRequired\":true,\"valueName\":\"search_term_string\"}}],\"inLanguage\":\"fr-FR\"},{\"@type\":\"Organization\",\"@id\":\"https:\\\/\\\/www.koonings.com\\\/fr\\\/#organization\",\"name\":\"Koonings\",\"url\":\"https:\\\/\\\/www.koonings.com\\\/fr\\\/\",\"logo\":{\"@type\":\"ImageObject\",\"inLanguage\":\"fr-FR\",\"@id\":\"https:\\\/\\\/www.koonings.com\\\/fr\\\/#\\\/schema\\\/logo\\\/image\\\/\",\"url\":\"https:\\\/\\\/www.koonings.com\\\/wp-content\\\/uploads\\\/2024\\\/07\\\/logo.png\",\"contentUrl\":\"https:\\\/\\\/www.koonings.com\\\/wp-content\\\/uploads\\\/2024\\\/07\\\/logo.png\",\"width\":600,\"height\":428,\"caption\":\"Koonings\"},\"image\":{\"@id\":\"https:\\\/\\\/www.koonings.com\\\/fr\\\/#\\\/schema\\\/logo\\\/image\\\/\"},\"sameAs\":[\"https:\\\/\\\/www.facebook.com\\\/kooningstheweddingpalace\",\"https:\\\/\\\/www.instagram.com\\\/kooningstheweddingpalace\",\"https:\\\/\\\/www.pinterest.com\\\/koonings\",\"https:\\\/\\\/www.youtube.com\\\/kooningstheweddingpalace\"]}]}<\/script>\n<!-- \/ Yoast SEO plugin. -->","yoast_head_json":{"title":"Alma Novia Serice | Koonings","description":"Robe de mari\u00e9e longue de style \u00e9l\u00e9gant, en tulle combin\u00e9 \u00e0 de la dentelle et des strass. Elle pr\u00e9sente un d\u00e9collet\u00e9 en forme de c\u0153ur, un dos ferm\u00e9 et des manches longues amovibles. Un look tendance Luna Novias.","robots":{"index":"index","follow":"follow","max-snippet":"max-snippet:-1","max-image-preview":"max-image-preview:large","max-video-preview":"max-video-preview:-1"},"canonical":"https:\/\/www.koonings.com\/fr\/product\/alma-novia-serice\/","og_locale":"fr_FR","og_type":"article","og_title":"Alma Novia Serice | Koonings","og_description":"Robe de mari\u00e9e longue de style \u00e9l\u00e9gant, en tulle combin\u00e9 \u00e0 de la dentelle et des strass. Elle pr\u00e9sente un d\u00e9collet\u00e9 en forme de c\u0153ur, un dos ferm\u00e9 et des manches longues amovibles. Un look tendance Luna Novias.","og_url":"https:\/\/www.koonings.com\/fr\/product\/alma-novia-serice\/","og_site_name":"Koonings","article_publisher":"https:\/\/www.facebook.com\/kooningstheweddingpalace","article_modified_time":"2026-02-03T17:37:41+00:00","og_image":[{"width":1291,"height":1866,"url":"https:\/\/www.koonings.com\/wp-content\/uploads\/2024\/11\/40467_45cbdc5ffec5f9958fb94cdda0b31d6d1c18905e08dea52e2dda18e60d45712b3adf6bf2.jpeg","type":"image\/jpeg"}],"twitter_card":"summary_large_image","schema":{"@context":"https:\/\/schema.org","@graph":[{"@type":"WebPage","@id":"https:\/\/www.koonings.com\/fr\/product\/alma-novia-serice\/","url":"https:\/\/www.koonings.com\/fr\/product\/alma-novia-serice\/","name":"Alma Novia Serice | Koonings","isPartOf":{"@id":"https:\/\/www.koonings.com\/fr\/#website"},"primaryImageOfPage":{"@id":"https:\/\/www.koonings.com\/fr\/product\/alma-novia-serice\/#primaryimage"},"image":{"@id":"https:\/\/www.koonings.com\/fr\/product\/alma-novia-serice\/#primaryimage"},"thumbnailUrl":"https:\/\/www.koonings.com\/wp-content\/uploads\/2024\/11\/40467_45cbdc5ffec5f9958fb94cdda0b31d6d1c18905e08dea52e2dda18e60d45712b3adf6bf2.jpeg","datePublished":"2025-12-14T23:30:25+00:00","dateModified":"2026-02-03T17:37:41+00:00","description":"Robe de mari\u00e9e longue de style \u00e9l\u00e9gant, en tulle combin\u00e9 \u00e0 de la dentelle et des strass. Elle pr\u00e9sente un d\u00e9collet\u00e9 en forme de c\u0153ur, un dos ferm\u00e9 et des manches longues amovibles. Un look tendance Luna Novias.","breadcrumb":{"@id":"https:\/\/www.koonings.com\/fr\/product\/alma-novia-serice\/#breadcrumb"},"inLanguage":"fr-FR","potentialAction":[{"@type":"ReadAction","target":["https:\/\/www.koonings.com\/fr\/product\/alma-novia-serice\/"]}]},{"@type":"ImageObject","inLanguage":"fr-FR","@id":"https:\/\/www.koonings.com\/fr\/product\/alma-novia-serice\/#primaryimage","url":"https:\/\/www.koonings.com\/wp-content\/uploads\/2024\/11\/40467_45cbdc5ffec5f9958fb94cdda0b31d6d1c18905e08dea52e2dda18e60d45712b3adf6bf2.jpeg","contentUrl":"https:\/\/www.koonings.com\/wp-content\/uploads\/2024\/11\/40467_45cbdc5ffec5f9958fb94cdda0b31d6d1c18905e08dea52e2dda18e60d45712b3adf6bf2.jpeg","width":1291,"height":1866},{"@type":"BreadcrumbList","@id":"https:\/\/www.koonings.com\/fr\/product\/alma-novia-serice\/#breadcrumb","itemListElement":[{"@type":"ListItem","position":1,"name":"Home","item":"https:\/\/www.koonings.com\/fr\/"},{"@type":"ListItem","position":2,"name":"Alma Novia Serice"}]},{"@type":"WebSite","@id":"https:\/\/www.koonings.com\/fr\/#website","url":"https:\/\/www.koonings.com\/fr\/","name":"Koonings","description":"De grootste bruidsmodewinkel ter wereld","publisher":{"@id":"https:\/\/www.koonings.com\/fr\/#organization"},"potentialAction":[{"@type":"SearchAction","target":{"@type":"EntryPoint","urlTemplate":"https:\/\/www.koonings.com\/fr\/?s={search_term_string}"},"query-input":{"@type":"PropertyValueSpecification","valueRequired":true,"valueName":"search_term_string"}}],"inLanguage":"fr-FR"},{"@type":"Organization","@id":"https:\/\/www.koonings.com\/fr\/#organization","name":"Koonings","url":"https:\/\/www.koonings.com\/fr\/","logo":{"@type":"ImageObject","inLanguage":"fr-FR","@id":"https:\/\/www.koonings.com\/fr\/#\/schema\/logo\/image\/","url":"https:\/\/www.koonings.com\/wp-content\/uploads\/2024\/07\/logo.png","contentUrl":"https:\/\/www.koonings.com\/wp-content\/uploads\/2024\/07\/logo.png","width":600,"height":428,"caption":"Koonings"},"image":{"@id":"https:\/\/www.koonings.com\/fr\/#\/schema\/logo\/image\/"},"sameAs":["https:\/\/www.facebook.com\/kooningstheweddingpalace","https:\/\/www.instagram.com\/kooningstheweddingpalace","https:\/\/www.pinterest.com\/koonings","https:\/\/www.youtube.com\/kooningstheweddingpalace"]}]}},"_links":{"self":[{"href":"https:\/\/www.koonings.com\/fr\/wp-json\/wp\/v2\/product\/58133","targetHints":{"allow":["GET"]}}],"collection":[{"href":"https:\/\/www.koonings.com\/fr\/wp-json\/wp\/v2\/product"}],"about":[{"href":"https:\/\/www.koonings.com\/fr\/wp-json\/wp\/v2\/types\/product"}],"wp:featuredmedia":[{"embeddable":true,"href":"https:\/\/www.koonings.com\/fr\/wp-json\/wp\/v2\/media\/44462"}],"wp:attachment":[{"href":"https:\/\/www.koonings.com\/fr\/wp-json\/wp\/v2\/media?parent=58133"}],"wp:term":[{"taxonomy":"productdetails","embeddable":true,"href":"https:\/\/www.koonings.com\/fr\/wp-json\/wp\/v2\/productdetails?post=58133"},{"taxonomy":"productneck","embeddable":true,"href":"https:\/\/www.koonings.com\/fr\/wp-json\/wp\/v2\/productneck?post=58133"},{"taxonomy":"productcolor","embeddable":true,"href":"https:\/\/www.koonings.com\/fr\/wp-json\/wp\/v2\/productcolor?post=58133"},{"taxonomy":"maat","embeddable":true,"href":"https:\/\/www.koonings.com\/fr\/wp-json\/wp\/v2\/maat?post=58133"},{"taxonomy":"productsupplier","embeddable":true,"href":"https:\/\/www.koonings.com\/fr\/wp-json\/wp\/v2\/productsupplier?post=58133"},{"taxonomy":"productsleeve","embeddable":true,"href":"https:\/\/www.koonings.com\/fr\/wp-json\/wp\/v2\/productsleeve?post=58133"},{"taxonomy":"productcategory","embeddable":true,"href":"https:\/\/www.koonings.com\/fr\/wp-json\/wp\/v2\/productcategory?post=58133"},{"taxonomy":"productsilhouette","embeddable":true,"href":"https:\/\/www.koonings.com\/fr\/wp-json\/wp\/v2\/productsilhouette?post=58133"},{"taxonomy":"productstyle","embeddable":true,"href":"https:\/\/www.koonings.com\/fr\/wp-json\/wp\/v2\/productstyle?post=58133"}],"curies":[{"name":"wp","href":"https:\/\/api.w.org\/{rel}","templated":true}]}}