{"id":58132,"date":"2026-04-28T18:18:29","date_gmt":"2026-04-28T16:18:29","guid":{"rendered":"https:\/\/www.koonings.com\/product\/martina-liana-ml1767zz11\/"},"modified":"2025-06-05T13:07:37","modified_gmt":"2025-06-05T11:07:37","slug":"martina-liana-ml1767zz11","status":"publish","type":"product","link":"https:\/\/www.koonings.com\/fr\/product\/martina-liana-ml1767zz11\/","title":{"rendered":"Martina Liana ML1767ZZ11"},"content":{"rendered":"<p>L&#8217;\u00e9l\u00e9gance rencontre le flair contemporain dans le style 1767 : une robe de mari\u00e9e moderne en dentelle, ajust\u00e9e et \u00e9vas\u00e9e, pour la mari\u00e9e soucieuse de la mode. De d\u00e9licates bretelles spaghetti en tulle ornent l&#8217;encolure carr\u00e9e chic d&#8217;un corsage en dentelle transparente, tandis que des accents floraux 3D de bon go\u00fbt ornent la silhouette ajust\u00e9e et \u00e9vas\u00e9e impeccablement taill\u00e9e. Le bas du dos laisse place \u00e0 une rang\u00e9e de boutons recouverts de tissu sur la hanche l\u00e9g\u00e8rement pliss\u00e9e, accentuant les courbes naturelles jusqu&#8217;\u00e0 ce que la jupe s&#8217;\u00e9vase en une cascade mousseuse, orn\u00e9e de la dentelle florale caract\u00e9ristique de la robe. Une fois au sol, l&#8217;ourlet orn\u00e9 de dentelle se transforme en une tra\u00eene ample et fluide, qui ne manquera pas de captiver tous les regards lors de la marche magique vers l&#8217;autel. Cette robe est \u00e9galement disponible en grandes tailles.    <\/p>\n","protected":false},"featured_media":44496,"template":"","meta":{"_acf_changed":false,"ghostkit_customizer_options":"","ghostkit_custom_css":"","ghostkit_custom_js_head":"","ghostkit_custom_js_foot":"","ghostkit_typography":""},"productdetails":[379,376,381],"productneck":[352],"productcolor":[393,392],"maat":[],"productsupplier":[431],"productsleeve":[359],"productcategory":[18],"productsilhouette":[387],"productstyle":[366],"class_list":["post-58132","product","type-product","status-publish","has-post-thumbnail","hentry","productdetails-379","productdetails-376","productdetails-381","productneck-352","productcolor-393","productcolor-392","productsupplier-martina-liana","productsleeve-359","productcategory-trouwjurken","productsilhouette-387","productstyle-366"],"acf":[],"yoast_head":"<!-- This site is optimized with the Yoast SEO plugin v27.3 - https:\/\/yoast.com\/product\/yoast-seo-wordpress\/ -->\n<title>Martina Liana ML1767ZZ11 | Koonings<\/title>\n<meta name=\"description\" content=\"L&#039;\u00e9l\u00e9gance rencontre le flair contemporain dans le style 1767 : une robe de mari\u00e9e moderne en dentelle, ajust\u00e9e et \u00e9vas\u00e9e, pour la mari\u00e9e soucieuse de la mode. De d\u00e9licates bretelles spaghetti en tulle ornent l&#039;encolure carr\u00e9e chic d&#039;un corsage en dentelle transparente, tandis que des accents floraux 3D de bon go\u00fbt ornent la silhouette ajust\u00e9e et \u00e9vas\u00e9e impeccablement taill\u00e9e. Le bas du dos laisse place \u00e0 une rang\u00e9e de boutons recouverts de tissu sur la hanche l\u00e9g\u00e8rement pliss\u00e9e, accentuant les courbes naturelles jusqu&#039;\u00e0 ce que la jupe s&#039;\u00e9vase en une cascade mousseuse, orn\u00e9e de la dentelle florale caract\u00e9ristique de la robe. Une fois au sol, l&#039;ourlet orn\u00e9 de dentelle se transforme en une tra\u00eene ample et fluide, qui ne manquera pas de captiver tous les regards lors de la marche magique vers l&#039;autel. Cette robe est \u00e9galement disponible en grandes tailles.\" \/>\n<meta name=\"robots\" content=\"index, follow, max-snippet:-1, max-image-preview:large, max-video-preview:-1\" \/>\n<link rel=\"canonical\" href=\"https:\/\/www.koonings.com\/fr\/product\/martina-liana-ml1767zz11\/\" \/>\n<meta property=\"og:locale\" content=\"fr_FR\" \/>\n<meta property=\"og:type\" content=\"article\" \/>\n<meta property=\"og:title\" content=\"Martina Liana ML1767ZZ11 | Koonings\" \/>\n<meta property=\"og:description\" content=\"L&#039;\u00e9l\u00e9gance rencontre le flair contemporain dans le style 1767 : une robe de mari\u00e9e moderne en dentelle, ajust\u00e9e et \u00e9vas\u00e9e, pour la mari\u00e9e soucieuse de la mode. De d\u00e9licates bretelles spaghetti en tulle ornent l&#039;encolure carr\u00e9e chic d&#039;un corsage en dentelle transparente, tandis que des accents floraux 3D de bon go\u00fbt ornent la silhouette ajust\u00e9e et \u00e9vas\u00e9e impeccablement taill\u00e9e. Le bas du dos laisse place \u00e0 une rang\u00e9e de boutons recouverts de tissu sur la hanche l\u00e9g\u00e8rement pliss\u00e9e, accentuant les courbes naturelles jusqu&#039;\u00e0 ce que la jupe s&#039;\u00e9vase en une cascade mousseuse, orn\u00e9e de la dentelle florale caract\u00e9ristique de la robe. Une fois au sol, l&#039;ourlet orn\u00e9 de dentelle se transforme en une tra\u00eene ample et fluide, qui ne manquera pas de captiver tous les regards lors de la marche magique vers l&#039;autel. Cette robe est \u00e9galement disponible en grandes tailles.\" \/>\n<meta property=\"og:url\" content=\"https:\/\/www.koonings.com\/fr\/product\/martina-liana-ml1767zz11\/\" \/>\n<meta property=\"og:site_name\" content=\"Koonings\" \/>\n<meta property=\"article:publisher\" content=\"https:\/\/www.facebook.com\/kooningstheweddingpalace\" \/>\n<meta property=\"og:image\" content=\"https:\/\/www.koonings.com\/wp-content\/uploads\/2024\/11\/40481_4243ec69fea851af30b92e983f577e64abc89d6e67a00c63c40f5b9e8bd3f60390eabed7.jpeg\" \/>\n\t<meta property=\"og:image:width\" content=\"1500\" \/>\n\t<meta property=\"og:image:height\" content=\"2119\" \/>\n\t<meta property=\"og:image:type\" content=\"image\/jpeg\" \/>\n<meta name=\"twitter:card\" content=\"summary_large_image\" \/>\n<meta name=\"twitter:label1\" content=\"Dur\u00e9e de lecture estim\u00e9e\" \/>\n\t<meta name=\"twitter:data1\" content=\"1 minute\" \/>\n<script type=\"application\/ld+json\" class=\"yoast-schema-graph\">{\"@context\":\"https:\\\/\\\/schema.org\",\"@graph\":[{\"@type\":\"WebPage\",\"@id\":\"https:\\\/\\\/www.koonings.com\\\/fr\\\/product\\\/martina-liana-ml1767zz11\\\/\",\"url\":\"https:\\\/\\\/www.koonings.com\\\/fr\\\/product\\\/martina-liana-ml1767zz11\\\/\",\"name\":\"Martina Liana ML1767ZZ11 | Koonings\",\"isPartOf\":{\"@id\":\"https:\\\/\\\/www.koonings.com\\\/fr\\\/#website\"},\"primaryImageOfPage\":{\"@id\":\"https:\\\/\\\/www.koonings.com\\\/fr\\\/product\\\/martina-liana-ml1767zz11\\\/#primaryimage\"},\"image\":{\"@id\":\"https:\\\/\\\/www.koonings.com\\\/fr\\\/product\\\/martina-liana-ml1767zz11\\\/#primaryimage\"},\"thumbnailUrl\":\"https:\\\/\\\/www.koonings.com\\\/wp-content\\\/uploads\\\/2024\\\/11\\\/40481_4243ec69fea851af30b92e983f577e64abc89d6e67a00c63c40f5b9e8bd3f60390eabed7.jpeg\",\"datePublished\":\"2026-04-28T16:18:29+00:00\",\"description\":\"L'\u00e9l\u00e9gance rencontre le flair contemporain dans le style 1767 : une robe de mari\u00e9e moderne en dentelle, ajust\u00e9e et \u00e9vas\u00e9e, pour la mari\u00e9e soucieuse de la mode. De d\u00e9licates bretelles spaghetti en tulle ornent l'encolure carr\u00e9e chic d'un corsage en dentelle transparente, tandis que des accents floraux 3D de bon go\u00fbt ornent la silhouette ajust\u00e9e et \u00e9vas\u00e9e impeccablement taill\u00e9e. Le bas du dos laisse place \u00e0 une rang\u00e9e de boutons recouverts de tissu sur la hanche l\u00e9g\u00e8rement pliss\u00e9e, accentuant les courbes naturelles jusqu'\u00e0 ce que la jupe s'\u00e9vase en une cascade mousseuse, orn\u00e9e de la dentelle florale caract\u00e9ristique de la robe. Une fois au sol, l'ourlet orn\u00e9 de dentelle se transforme en une tra\u00eene ample et fluide, qui ne manquera pas de captiver tous les regards lors de la marche magique vers l'autel. Cette robe est \u00e9galement disponible en grandes tailles.\",\"breadcrumb\":{\"@id\":\"https:\\\/\\\/www.koonings.com\\\/fr\\\/product\\\/martina-liana-ml1767zz11\\\/#breadcrumb\"},\"inLanguage\":\"fr-FR\",\"potentialAction\":[{\"@type\":\"ReadAction\",\"target\":[\"https:\\\/\\\/www.koonings.com\\\/fr\\\/product\\\/martina-liana-ml1767zz11\\\/\"]}]},{\"@type\":\"ImageObject\",\"inLanguage\":\"fr-FR\",\"@id\":\"https:\\\/\\\/www.koonings.com\\\/fr\\\/product\\\/martina-liana-ml1767zz11\\\/#primaryimage\",\"url\":\"https:\\\/\\\/www.koonings.com\\\/wp-content\\\/uploads\\\/2024\\\/11\\\/40481_4243ec69fea851af30b92e983f577e64abc89d6e67a00c63c40f5b9e8bd3f60390eabed7.jpeg\",\"contentUrl\":\"https:\\\/\\\/www.koonings.com\\\/wp-content\\\/uploads\\\/2024\\\/11\\\/40481_4243ec69fea851af30b92e983f577e64abc89d6e67a00c63c40f5b9e8bd3f60390eabed7.jpeg\",\"width\":1500,\"height\":2119},{\"@type\":\"BreadcrumbList\",\"@id\":\"https:\\\/\\\/www.koonings.com\\\/fr\\\/product\\\/martina-liana-ml1767zz11\\\/#breadcrumb\",\"itemListElement\":[{\"@type\":\"ListItem\",\"position\":1,\"name\":\"Home\",\"item\":\"https:\\\/\\\/www.koonings.com\\\/fr\\\/\"},{\"@type\":\"ListItem\",\"position\":2,\"name\":\"Martina Liana ML1767ZZ11\"}]},{\"@type\":\"WebSite\",\"@id\":\"https:\\\/\\\/www.koonings.com\\\/fr\\\/#website\",\"url\":\"https:\\\/\\\/www.koonings.com\\\/fr\\\/\",\"name\":\"Koonings\",\"description\":\"De grootste bruidsmodewinkel ter wereld\",\"publisher\":{\"@id\":\"https:\\\/\\\/www.koonings.com\\\/fr\\\/#organization\"},\"potentialAction\":[{\"@type\":\"SearchAction\",\"target\":{\"@type\":\"EntryPoint\",\"urlTemplate\":\"https:\\\/\\\/www.koonings.com\\\/fr\\\/?s={search_term_string}\"},\"query-input\":{\"@type\":\"PropertyValueSpecification\",\"valueRequired\":true,\"valueName\":\"search_term_string\"}}],\"inLanguage\":\"fr-FR\"},{\"@type\":\"Organization\",\"@id\":\"https:\\\/\\\/www.koonings.com\\\/fr\\\/#organization\",\"name\":\"Koonings\",\"url\":\"https:\\\/\\\/www.koonings.com\\\/fr\\\/\",\"logo\":{\"@type\":\"ImageObject\",\"inLanguage\":\"fr-FR\",\"@id\":\"https:\\\/\\\/www.koonings.com\\\/fr\\\/#\\\/schema\\\/logo\\\/image\\\/\",\"url\":\"https:\\\/\\\/www.koonings.com\\\/wp-content\\\/uploads\\\/2024\\\/07\\\/logo.png\",\"contentUrl\":\"https:\\\/\\\/www.koonings.com\\\/wp-content\\\/uploads\\\/2024\\\/07\\\/logo.png\",\"width\":600,\"height\":428,\"caption\":\"Koonings\"},\"image\":{\"@id\":\"https:\\\/\\\/www.koonings.com\\\/fr\\\/#\\\/schema\\\/logo\\\/image\\\/\"},\"sameAs\":[\"https:\\\/\\\/www.facebook.com\\\/kooningstheweddingpalace\",\"https:\\\/\\\/www.instagram.com\\\/kooningstheweddingpalace\",\"https:\\\/\\\/www.pinterest.com\\\/koonings\",\"https:\\\/\\\/www.youtube.com\\\/kooningstheweddingpalace\"]}]}<\/script>\n<!-- \/ Yoast SEO plugin. -->","yoast_head_json":{"title":"Martina Liana ML1767ZZ11 | Koonings","description":"L'\u00e9l\u00e9gance rencontre le flair contemporain dans le style 1767 : une robe de mari\u00e9e moderne en dentelle, ajust\u00e9e et \u00e9vas\u00e9e, pour la mari\u00e9e soucieuse de la mode. De d\u00e9licates bretelles spaghetti en tulle ornent l'encolure carr\u00e9e chic d'un corsage en dentelle transparente, tandis que des accents floraux 3D de bon go\u00fbt ornent la silhouette ajust\u00e9e et \u00e9vas\u00e9e impeccablement taill\u00e9e. Le bas du dos laisse place \u00e0 une rang\u00e9e de boutons recouverts de tissu sur la hanche l\u00e9g\u00e8rement pliss\u00e9e, accentuant les courbes naturelles jusqu'\u00e0 ce que la jupe s'\u00e9vase en une cascade mousseuse, orn\u00e9e de la dentelle florale caract\u00e9ristique de la robe. Une fois au sol, l'ourlet orn\u00e9 de dentelle se transforme en une tra\u00eene ample et fluide, qui ne manquera pas de captiver tous les regards lors de la marche magique vers l'autel. Cette robe est \u00e9galement disponible en grandes tailles.","robots":{"index":"index","follow":"follow","max-snippet":"max-snippet:-1","max-image-preview":"max-image-preview:large","max-video-preview":"max-video-preview:-1"},"canonical":"https:\/\/www.koonings.com\/fr\/product\/martina-liana-ml1767zz11\/","og_locale":"fr_FR","og_type":"article","og_title":"Martina Liana ML1767ZZ11 | Koonings","og_description":"L'\u00e9l\u00e9gance rencontre le flair contemporain dans le style 1767 : une robe de mari\u00e9e moderne en dentelle, ajust\u00e9e et \u00e9vas\u00e9e, pour la mari\u00e9e soucieuse de la mode. De d\u00e9licates bretelles spaghetti en tulle ornent l'encolure carr\u00e9e chic d'un corsage en dentelle transparente, tandis que des accents floraux 3D de bon go\u00fbt ornent la silhouette ajust\u00e9e et \u00e9vas\u00e9e impeccablement taill\u00e9e. Le bas du dos laisse place \u00e0 une rang\u00e9e de boutons recouverts de tissu sur la hanche l\u00e9g\u00e8rement pliss\u00e9e, accentuant les courbes naturelles jusqu'\u00e0 ce que la jupe s'\u00e9vase en une cascade mousseuse, orn\u00e9e de la dentelle florale caract\u00e9ristique de la robe. Une fois au sol, l'ourlet orn\u00e9 de dentelle se transforme en une tra\u00eene ample et fluide, qui ne manquera pas de captiver tous les regards lors de la marche magique vers l'autel. Cette robe est \u00e9galement disponible en grandes tailles.","og_url":"https:\/\/www.koonings.com\/fr\/product\/martina-liana-ml1767zz11\/","og_site_name":"Koonings","article_publisher":"https:\/\/www.facebook.com\/kooningstheweddingpalace","og_image":[{"width":1500,"height":2119,"url":"https:\/\/www.koonings.com\/wp-content\/uploads\/2024\/11\/40481_4243ec69fea851af30b92e983f577e64abc89d6e67a00c63c40f5b9e8bd3f60390eabed7.jpeg","type":"image\/jpeg"}],"twitter_card":"summary_large_image","twitter_misc":{"Dur\u00e9e de lecture estim\u00e9e":"1 minute"},"schema":{"@context":"https:\/\/schema.org","@graph":[{"@type":"WebPage","@id":"https:\/\/www.koonings.com\/fr\/product\/martina-liana-ml1767zz11\/","url":"https:\/\/www.koonings.com\/fr\/product\/martina-liana-ml1767zz11\/","name":"Martina Liana ML1767ZZ11 | Koonings","isPartOf":{"@id":"https:\/\/www.koonings.com\/fr\/#website"},"primaryImageOfPage":{"@id":"https:\/\/www.koonings.com\/fr\/product\/martina-liana-ml1767zz11\/#primaryimage"},"image":{"@id":"https:\/\/www.koonings.com\/fr\/product\/martina-liana-ml1767zz11\/#primaryimage"},"thumbnailUrl":"https:\/\/www.koonings.com\/wp-content\/uploads\/2024\/11\/40481_4243ec69fea851af30b92e983f577e64abc89d6e67a00c63c40f5b9e8bd3f60390eabed7.jpeg","datePublished":"2026-04-28T16:18:29+00:00","description":"L'\u00e9l\u00e9gance rencontre le flair contemporain dans le style 1767 : une robe de mari\u00e9e moderne en dentelle, ajust\u00e9e et \u00e9vas\u00e9e, pour la mari\u00e9e soucieuse de la mode. De d\u00e9licates bretelles spaghetti en tulle ornent l'encolure carr\u00e9e chic d'un corsage en dentelle transparente, tandis que des accents floraux 3D de bon go\u00fbt ornent la silhouette ajust\u00e9e et \u00e9vas\u00e9e impeccablement taill\u00e9e. Le bas du dos laisse place \u00e0 une rang\u00e9e de boutons recouverts de tissu sur la hanche l\u00e9g\u00e8rement pliss\u00e9e, accentuant les courbes naturelles jusqu'\u00e0 ce que la jupe s'\u00e9vase en une cascade mousseuse, orn\u00e9e de la dentelle florale caract\u00e9ristique de la robe. Une fois au sol, l'ourlet orn\u00e9 de dentelle se transforme en une tra\u00eene ample et fluide, qui ne manquera pas de captiver tous les regards lors de la marche magique vers l'autel. Cette robe est \u00e9galement disponible en grandes tailles.","breadcrumb":{"@id":"https:\/\/www.koonings.com\/fr\/product\/martina-liana-ml1767zz11\/#breadcrumb"},"inLanguage":"fr-FR","potentialAction":[{"@type":"ReadAction","target":["https:\/\/www.koonings.com\/fr\/product\/martina-liana-ml1767zz11\/"]}]},{"@type":"ImageObject","inLanguage":"fr-FR","@id":"https:\/\/www.koonings.com\/fr\/product\/martina-liana-ml1767zz11\/#primaryimage","url":"https:\/\/www.koonings.com\/wp-content\/uploads\/2024\/11\/40481_4243ec69fea851af30b92e983f577e64abc89d6e67a00c63c40f5b9e8bd3f60390eabed7.jpeg","contentUrl":"https:\/\/www.koonings.com\/wp-content\/uploads\/2024\/11\/40481_4243ec69fea851af30b92e983f577e64abc89d6e67a00c63c40f5b9e8bd3f60390eabed7.jpeg","width":1500,"height":2119},{"@type":"BreadcrumbList","@id":"https:\/\/www.koonings.com\/fr\/product\/martina-liana-ml1767zz11\/#breadcrumb","itemListElement":[{"@type":"ListItem","position":1,"name":"Home","item":"https:\/\/www.koonings.com\/fr\/"},{"@type":"ListItem","position":2,"name":"Martina Liana ML1767ZZ11"}]},{"@type":"WebSite","@id":"https:\/\/www.koonings.com\/fr\/#website","url":"https:\/\/www.koonings.com\/fr\/","name":"Koonings","description":"De grootste bruidsmodewinkel ter wereld","publisher":{"@id":"https:\/\/www.koonings.com\/fr\/#organization"},"potentialAction":[{"@type":"SearchAction","target":{"@type":"EntryPoint","urlTemplate":"https:\/\/www.koonings.com\/fr\/?s={search_term_string}"},"query-input":{"@type":"PropertyValueSpecification","valueRequired":true,"valueName":"search_term_string"}}],"inLanguage":"fr-FR"},{"@type":"Organization","@id":"https:\/\/www.koonings.com\/fr\/#organization","name":"Koonings","url":"https:\/\/www.koonings.com\/fr\/","logo":{"@type":"ImageObject","inLanguage":"fr-FR","@id":"https:\/\/www.koonings.com\/fr\/#\/schema\/logo\/image\/","url":"https:\/\/www.koonings.com\/wp-content\/uploads\/2024\/07\/logo.png","contentUrl":"https:\/\/www.koonings.com\/wp-content\/uploads\/2024\/07\/logo.png","width":600,"height":428,"caption":"Koonings"},"image":{"@id":"https:\/\/www.koonings.com\/fr\/#\/schema\/logo\/image\/"},"sameAs":["https:\/\/www.facebook.com\/kooningstheweddingpalace","https:\/\/www.instagram.com\/kooningstheweddingpalace","https:\/\/www.pinterest.com\/koonings","https:\/\/www.youtube.com\/kooningstheweddingpalace"]}]}},"_links":{"self":[{"href":"https:\/\/www.koonings.com\/fr\/wp-json\/wp\/v2\/product\/58132","targetHints":{"allow":["GET"]}}],"collection":[{"href":"https:\/\/www.koonings.com\/fr\/wp-json\/wp\/v2\/product"}],"about":[{"href":"https:\/\/www.koonings.com\/fr\/wp-json\/wp\/v2\/types\/product"}],"wp:featuredmedia":[{"embeddable":true,"href":"https:\/\/www.koonings.com\/fr\/wp-json\/wp\/v2\/media\/44496"}],"wp:attachment":[{"href":"https:\/\/www.koonings.com\/fr\/wp-json\/wp\/v2\/media?parent=58132"}],"wp:term":[{"taxonomy":"productdetails","embeddable":true,"href":"https:\/\/www.koonings.com\/fr\/wp-json\/wp\/v2\/productdetails?post=58132"},{"taxonomy":"productneck","embeddable":true,"href":"https:\/\/www.koonings.com\/fr\/wp-json\/wp\/v2\/productneck?post=58132"},{"taxonomy":"productcolor","embeddable":true,"href":"https:\/\/www.koonings.com\/fr\/wp-json\/wp\/v2\/productcolor?post=58132"},{"taxonomy":"maat","embeddable":true,"href":"https:\/\/www.koonings.com\/fr\/wp-json\/wp\/v2\/maat?post=58132"},{"taxonomy":"productsupplier","embeddable":true,"href":"https:\/\/www.koonings.com\/fr\/wp-json\/wp\/v2\/productsupplier?post=58132"},{"taxonomy":"productsleeve","embeddable":true,"href":"https:\/\/www.koonings.com\/fr\/wp-json\/wp\/v2\/productsleeve?post=58132"},{"taxonomy":"productcategory","embeddable":true,"href":"https:\/\/www.koonings.com\/fr\/wp-json\/wp\/v2\/productcategory?post=58132"},{"taxonomy":"productsilhouette","embeddable":true,"href":"https:\/\/www.koonings.com\/fr\/wp-json\/wp\/v2\/productsilhouette?post=58132"},{"taxonomy":"productstyle","embeddable":true,"href":"https:\/\/www.koonings.com\/fr\/wp-json\/wp\/v2\/productstyle?post=58132"}],"curies":[{"name":"wp","href":"https:\/\/api.w.org\/{rel}","templated":true}]}}