{"id":58119,"date":"2026-05-06T15:18:47","date_gmt":"2026-05-06T13:18:47","guid":{"rendered":"https:\/\/www.koonings.com\/product\/modeca-dempsey\/"},"modified":"2025-06-05T13:07:46","modified_gmt":"2025-06-05T11:07:46","slug":"modeca-dempsey","status":"publish","type":"product","link":"https:\/\/www.koonings.com\/fr\/product\/modeca-dempsey\/","title":{"rendered":"Modeca Dempsey"},"content":{"rendered":"<p>Voici Dempsey, une robe qui apporte tout le romantisme \u00e0 votre mariage. La pi\u00e8ce ma\u00eetresse de ce mod\u00e8le enchanteur est l&#8217;encolure en forme de c\u0153ur, orn\u00e9e de fleurs complexes en 3D. R\u00e9alis\u00e9 en organza \u00e9th\u00e9r\u00e9, le corsage pliss\u00e9 ajoute de la profondeur et de la dimension \u00e0 votre silhouette. Les bretelles d\u00e9collet\u00e9es, \u00e9galement orn\u00e9es de d\u00e9licates fleurs en 3D, ajoutent une touche de charme fantaisiste et d&#8217;\u00e9l\u00e9gance sophistiqu\u00e9e.   <\/p>\n","protected":false},"featured_media":44638,"template":"","meta":{"_acf_changed":false,"ghostkit_customizer_options":"","ghostkit_custom_css":"","ghostkit_custom_js_head":"","ghostkit_custom_js_foot":"","ghostkit_typography":""},"productdetails":[],"productneck":[354,355],"productcolor":[392],"maat":[],"productsupplier":[434],"productsleeve":[],"productcategory":[18],"productsilhouette":[384],"productstyle":[366,370],"class_list":["post-58119","product","type-product","status-publish","has-post-thumbnail","hentry","productneck-354","productneck-355","productcolor-392","productsupplier-modeca","productcategory-trouwjurken","productsilhouette-384","productstyle-366","productstyle-370"],"acf":[],"yoast_head":"<!-- This site is optimized with the Yoast SEO plugin v27.3 - https:\/\/yoast.com\/product\/yoast-seo-wordpress\/ -->\n<title>Modeca Dempsey | Koonings<\/title>\n<meta name=\"description\" content=\"Voici Dempsey, une robe qui apporte tout le romantisme \u00e0 votre mariage. La pi\u00e8ce ma\u00eetresse de ce mod\u00e8le enchanteur est l&#039;encolure en forme de c\u0153ur, orn\u00e9e de fleurs complexes en 3D. R\u00e9alis\u00e9 en organza \u00e9th\u00e9r\u00e9, le corsage pliss\u00e9 ajoute de la profondeur et de la dimension \u00e0 votre silhouette. Les bretelles d\u00e9collet\u00e9es, \u00e9galement orn\u00e9es de d\u00e9licates fleurs en 3D, ajoutent une touche de charme fantaisiste et d&#039;\u00e9l\u00e9gance sophistiqu\u00e9e.\" \/>\n<meta name=\"robots\" content=\"index, follow, max-snippet:-1, max-image-preview:large, max-video-preview:-1\" \/>\n<link rel=\"canonical\" href=\"https:\/\/www.koonings.com\/fr\/product\/modeca-dempsey\/\" \/>\n<meta property=\"og:locale\" content=\"fr_FR\" \/>\n<meta property=\"og:type\" content=\"article\" \/>\n<meta property=\"og:title\" content=\"Modeca Dempsey | Koonings\" \/>\n<meta property=\"og:description\" content=\"Voici Dempsey, une robe qui apporte tout le romantisme \u00e0 votre mariage. La pi\u00e8ce ma\u00eetresse de ce mod\u00e8le enchanteur est l&#039;encolure en forme de c\u0153ur, orn\u00e9e de fleurs complexes en 3D. R\u00e9alis\u00e9 en organza \u00e9th\u00e9r\u00e9, le corsage pliss\u00e9 ajoute de la profondeur et de la dimension \u00e0 votre silhouette. Les bretelles d\u00e9collet\u00e9es, \u00e9galement orn\u00e9es de d\u00e9licates fleurs en 3D, ajoutent une touche de charme fantaisiste et d&#039;\u00e9l\u00e9gance sophistiqu\u00e9e.\" \/>\n<meta property=\"og:url\" content=\"https:\/\/www.koonings.com\/fr\/product\/modeca-dempsey\/\" \/>\n<meta property=\"og:site_name\" content=\"Koonings\" \/>\n<meta property=\"article:publisher\" content=\"https:\/\/www.facebook.com\/kooningstheweddingpalace\" \/>\n<meta property=\"og:image\" content=\"https:\/\/www.koonings.com\/wp-content\/uploads\/2024\/11\/40489_a813c03be8c74c30500e65e95fc2a02667e8ea79296734d20c99b0dc1119fc38ce5cee90.jpeg\" \/>\n\t<meta property=\"og:image:width\" content=\"882\" \/>\n\t<meta property=\"og:image:height\" content=\"1246\" \/>\n\t<meta property=\"og:image:type\" content=\"image\/jpeg\" \/>\n<meta name=\"twitter:card\" content=\"summary_large_image\" \/>\n<script type=\"application\/ld+json\" class=\"yoast-schema-graph\">{\"@context\":\"https:\\\/\\\/schema.org\",\"@graph\":[{\"@type\":\"WebPage\",\"@id\":\"https:\\\/\\\/www.koonings.com\\\/fr\\\/product\\\/modeca-dempsey\\\/\",\"url\":\"https:\\\/\\\/www.koonings.com\\\/fr\\\/product\\\/modeca-dempsey\\\/\",\"name\":\"Modeca Dempsey | Koonings\",\"isPartOf\":{\"@id\":\"https:\\\/\\\/www.koonings.com\\\/fr\\\/#website\"},\"primaryImageOfPage\":{\"@id\":\"https:\\\/\\\/www.koonings.com\\\/fr\\\/product\\\/modeca-dempsey\\\/#primaryimage\"},\"image\":{\"@id\":\"https:\\\/\\\/www.koonings.com\\\/fr\\\/product\\\/modeca-dempsey\\\/#primaryimage\"},\"thumbnailUrl\":\"https:\\\/\\\/www.koonings.com\\\/wp-content\\\/uploads\\\/2024\\\/11\\\/40489_a813c03be8c74c30500e65e95fc2a02667e8ea79296734d20c99b0dc1119fc38ce5cee90.jpeg\",\"datePublished\":\"2026-05-06T13:18:47+00:00\",\"description\":\"Voici Dempsey, une robe qui apporte tout le romantisme \u00e0 votre mariage. La pi\u00e8ce ma\u00eetresse de ce mod\u00e8le enchanteur est l'encolure en forme de c\u0153ur, orn\u00e9e de fleurs complexes en 3D. R\u00e9alis\u00e9 en organza \u00e9th\u00e9r\u00e9, le corsage pliss\u00e9 ajoute de la profondeur et de la dimension \u00e0 votre silhouette. Les bretelles d\u00e9collet\u00e9es, \u00e9galement orn\u00e9es de d\u00e9licates fleurs en 3D, ajoutent une touche de charme fantaisiste et d'\u00e9l\u00e9gance sophistiqu\u00e9e.\",\"breadcrumb\":{\"@id\":\"https:\\\/\\\/www.koonings.com\\\/fr\\\/product\\\/modeca-dempsey\\\/#breadcrumb\"},\"inLanguage\":\"fr-FR\",\"potentialAction\":[{\"@type\":\"ReadAction\",\"target\":[\"https:\\\/\\\/www.koonings.com\\\/fr\\\/product\\\/modeca-dempsey\\\/\"]}]},{\"@type\":\"ImageObject\",\"inLanguage\":\"fr-FR\",\"@id\":\"https:\\\/\\\/www.koonings.com\\\/fr\\\/product\\\/modeca-dempsey\\\/#primaryimage\",\"url\":\"https:\\\/\\\/www.koonings.com\\\/wp-content\\\/uploads\\\/2024\\\/11\\\/40489_a813c03be8c74c30500e65e95fc2a02667e8ea79296734d20c99b0dc1119fc38ce5cee90.jpeg\",\"contentUrl\":\"https:\\\/\\\/www.koonings.com\\\/wp-content\\\/uploads\\\/2024\\\/11\\\/40489_a813c03be8c74c30500e65e95fc2a02667e8ea79296734d20c99b0dc1119fc38ce5cee90.jpeg\",\"width\":882,\"height\":1246},{\"@type\":\"BreadcrumbList\",\"@id\":\"https:\\\/\\\/www.koonings.com\\\/fr\\\/product\\\/modeca-dempsey\\\/#breadcrumb\",\"itemListElement\":[{\"@type\":\"ListItem\",\"position\":1,\"name\":\"Home\",\"item\":\"https:\\\/\\\/www.koonings.com\\\/fr\\\/\"},{\"@type\":\"ListItem\",\"position\":2,\"name\":\"Modeca Dempsey\"}]},{\"@type\":\"WebSite\",\"@id\":\"https:\\\/\\\/www.koonings.com\\\/fr\\\/#website\",\"url\":\"https:\\\/\\\/www.koonings.com\\\/fr\\\/\",\"name\":\"Koonings\",\"description\":\"De grootste bruidsmodewinkel ter wereld\",\"publisher\":{\"@id\":\"https:\\\/\\\/www.koonings.com\\\/fr\\\/#organization\"},\"potentialAction\":[{\"@type\":\"SearchAction\",\"target\":{\"@type\":\"EntryPoint\",\"urlTemplate\":\"https:\\\/\\\/www.koonings.com\\\/fr\\\/?s={search_term_string}\"},\"query-input\":{\"@type\":\"PropertyValueSpecification\",\"valueRequired\":true,\"valueName\":\"search_term_string\"}}],\"inLanguage\":\"fr-FR\"},{\"@type\":\"Organization\",\"@id\":\"https:\\\/\\\/www.koonings.com\\\/fr\\\/#organization\",\"name\":\"Koonings\",\"url\":\"https:\\\/\\\/www.koonings.com\\\/fr\\\/\",\"logo\":{\"@type\":\"ImageObject\",\"inLanguage\":\"fr-FR\",\"@id\":\"https:\\\/\\\/www.koonings.com\\\/fr\\\/#\\\/schema\\\/logo\\\/image\\\/\",\"url\":\"https:\\\/\\\/www.koonings.com\\\/wp-content\\\/uploads\\\/2024\\\/07\\\/logo.png\",\"contentUrl\":\"https:\\\/\\\/www.koonings.com\\\/wp-content\\\/uploads\\\/2024\\\/07\\\/logo.png\",\"width\":600,\"height\":428,\"caption\":\"Koonings\"},\"image\":{\"@id\":\"https:\\\/\\\/www.koonings.com\\\/fr\\\/#\\\/schema\\\/logo\\\/image\\\/\"},\"sameAs\":[\"https:\\\/\\\/www.facebook.com\\\/kooningstheweddingpalace\",\"https:\\\/\\\/www.instagram.com\\\/kooningstheweddingpalace\",\"https:\\\/\\\/www.pinterest.com\\\/koonings\",\"https:\\\/\\\/www.youtube.com\\\/kooningstheweddingpalace\"]}]}<\/script>\n<!-- \/ Yoast SEO plugin. -->","yoast_head_json":{"title":"Modeca Dempsey | Koonings","description":"Voici Dempsey, une robe qui apporte tout le romantisme \u00e0 votre mariage. La pi\u00e8ce ma\u00eetresse de ce mod\u00e8le enchanteur est l'encolure en forme de c\u0153ur, orn\u00e9e de fleurs complexes en 3D. R\u00e9alis\u00e9 en organza \u00e9th\u00e9r\u00e9, le corsage pliss\u00e9 ajoute de la profondeur et de la dimension \u00e0 votre silhouette. Les bretelles d\u00e9collet\u00e9es, \u00e9galement orn\u00e9es de d\u00e9licates fleurs en 3D, ajoutent une touche de charme fantaisiste et d'\u00e9l\u00e9gance sophistiqu\u00e9e.","robots":{"index":"index","follow":"follow","max-snippet":"max-snippet:-1","max-image-preview":"max-image-preview:large","max-video-preview":"max-video-preview:-1"},"canonical":"https:\/\/www.koonings.com\/fr\/product\/modeca-dempsey\/","og_locale":"fr_FR","og_type":"article","og_title":"Modeca Dempsey | Koonings","og_description":"Voici Dempsey, une robe qui apporte tout le romantisme \u00e0 votre mariage. La pi\u00e8ce ma\u00eetresse de ce mod\u00e8le enchanteur est l'encolure en forme de c\u0153ur, orn\u00e9e de fleurs complexes en 3D. R\u00e9alis\u00e9 en organza \u00e9th\u00e9r\u00e9, le corsage pliss\u00e9 ajoute de la profondeur et de la dimension \u00e0 votre silhouette. Les bretelles d\u00e9collet\u00e9es, \u00e9galement orn\u00e9es de d\u00e9licates fleurs en 3D, ajoutent une touche de charme fantaisiste et d'\u00e9l\u00e9gance sophistiqu\u00e9e.","og_url":"https:\/\/www.koonings.com\/fr\/product\/modeca-dempsey\/","og_site_name":"Koonings","article_publisher":"https:\/\/www.facebook.com\/kooningstheweddingpalace","og_image":[{"width":882,"height":1246,"url":"https:\/\/www.koonings.com\/wp-content\/uploads\/2024\/11\/40489_a813c03be8c74c30500e65e95fc2a02667e8ea79296734d20c99b0dc1119fc38ce5cee90.jpeg","type":"image\/jpeg"}],"twitter_card":"summary_large_image","schema":{"@context":"https:\/\/schema.org","@graph":[{"@type":"WebPage","@id":"https:\/\/www.koonings.com\/fr\/product\/modeca-dempsey\/","url":"https:\/\/www.koonings.com\/fr\/product\/modeca-dempsey\/","name":"Modeca Dempsey | Koonings","isPartOf":{"@id":"https:\/\/www.koonings.com\/fr\/#website"},"primaryImageOfPage":{"@id":"https:\/\/www.koonings.com\/fr\/product\/modeca-dempsey\/#primaryimage"},"image":{"@id":"https:\/\/www.koonings.com\/fr\/product\/modeca-dempsey\/#primaryimage"},"thumbnailUrl":"https:\/\/www.koonings.com\/wp-content\/uploads\/2024\/11\/40489_a813c03be8c74c30500e65e95fc2a02667e8ea79296734d20c99b0dc1119fc38ce5cee90.jpeg","datePublished":"2026-05-06T13:18:47+00:00","description":"Voici Dempsey, une robe qui apporte tout le romantisme \u00e0 votre mariage. La pi\u00e8ce ma\u00eetresse de ce mod\u00e8le enchanteur est l'encolure en forme de c\u0153ur, orn\u00e9e de fleurs complexes en 3D. R\u00e9alis\u00e9 en organza \u00e9th\u00e9r\u00e9, le corsage pliss\u00e9 ajoute de la profondeur et de la dimension \u00e0 votre silhouette. Les bretelles d\u00e9collet\u00e9es, \u00e9galement orn\u00e9es de d\u00e9licates fleurs en 3D, ajoutent une touche de charme fantaisiste et d'\u00e9l\u00e9gance sophistiqu\u00e9e.","breadcrumb":{"@id":"https:\/\/www.koonings.com\/fr\/product\/modeca-dempsey\/#breadcrumb"},"inLanguage":"fr-FR","potentialAction":[{"@type":"ReadAction","target":["https:\/\/www.koonings.com\/fr\/product\/modeca-dempsey\/"]}]},{"@type":"ImageObject","inLanguage":"fr-FR","@id":"https:\/\/www.koonings.com\/fr\/product\/modeca-dempsey\/#primaryimage","url":"https:\/\/www.koonings.com\/wp-content\/uploads\/2024\/11\/40489_a813c03be8c74c30500e65e95fc2a02667e8ea79296734d20c99b0dc1119fc38ce5cee90.jpeg","contentUrl":"https:\/\/www.koonings.com\/wp-content\/uploads\/2024\/11\/40489_a813c03be8c74c30500e65e95fc2a02667e8ea79296734d20c99b0dc1119fc38ce5cee90.jpeg","width":882,"height":1246},{"@type":"BreadcrumbList","@id":"https:\/\/www.koonings.com\/fr\/product\/modeca-dempsey\/#breadcrumb","itemListElement":[{"@type":"ListItem","position":1,"name":"Home","item":"https:\/\/www.koonings.com\/fr\/"},{"@type":"ListItem","position":2,"name":"Modeca Dempsey"}]},{"@type":"WebSite","@id":"https:\/\/www.koonings.com\/fr\/#website","url":"https:\/\/www.koonings.com\/fr\/","name":"Koonings","description":"De grootste bruidsmodewinkel ter wereld","publisher":{"@id":"https:\/\/www.koonings.com\/fr\/#organization"},"potentialAction":[{"@type":"SearchAction","target":{"@type":"EntryPoint","urlTemplate":"https:\/\/www.koonings.com\/fr\/?s={search_term_string}"},"query-input":{"@type":"PropertyValueSpecification","valueRequired":true,"valueName":"search_term_string"}}],"inLanguage":"fr-FR"},{"@type":"Organization","@id":"https:\/\/www.koonings.com\/fr\/#organization","name":"Koonings","url":"https:\/\/www.koonings.com\/fr\/","logo":{"@type":"ImageObject","inLanguage":"fr-FR","@id":"https:\/\/www.koonings.com\/fr\/#\/schema\/logo\/image\/","url":"https:\/\/www.koonings.com\/wp-content\/uploads\/2024\/07\/logo.png","contentUrl":"https:\/\/www.koonings.com\/wp-content\/uploads\/2024\/07\/logo.png","width":600,"height":428,"caption":"Koonings"},"image":{"@id":"https:\/\/www.koonings.com\/fr\/#\/schema\/logo\/image\/"},"sameAs":["https:\/\/www.facebook.com\/kooningstheweddingpalace","https:\/\/www.instagram.com\/kooningstheweddingpalace","https:\/\/www.pinterest.com\/koonings","https:\/\/www.youtube.com\/kooningstheweddingpalace"]}]}},"_links":{"self":[{"href":"https:\/\/www.koonings.com\/fr\/wp-json\/wp\/v2\/product\/58119","targetHints":{"allow":["GET"]}}],"collection":[{"href":"https:\/\/www.koonings.com\/fr\/wp-json\/wp\/v2\/product"}],"about":[{"href":"https:\/\/www.koonings.com\/fr\/wp-json\/wp\/v2\/types\/product"}],"wp:featuredmedia":[{"embeddable":true,"href":"https:\/\/www.koonings.com\/fr\/wp-json\/wp\/v2\/media\/44638"}],"wp:attachment":[{"href":"https:\/\/www.koonings.com\/fr\/wp-json\/wp\/v2\/media?parent=58119"}],"wp:term":[{"taxonomy":"productdetails","embeddable":true,"href":"https:\/\/www.koonings.com\/fr\/wp-json\/wp\/v2\/productdetails?post=58119"},{"taxonomy":"productneck","embeddable":true,"href":"https:\/\/www.koonings.com\/fr\/wp-json\/wp\/v2\/productneck?post=58119"},{"taxonomy":"productcolor","embeddable":true,"href":"https:\/\/www.koonings.com\/fr\/wp-json\/wp\/v2\/productcolor?post=58119"},{"taxonomy":"maat","embeddable":true,"href":"https:\/\/www.koonings.com\/fr\/wp-json\/wp\/v2\/maat?post=58119"},{"taxonomy":"productsupplier","embeddable":true,"href":"https:\/\/www.koonings.com\/fr\/wp-json\/wp\/v2\/productsupplier?post=58119"},{"taxonomy":"productsleeve","embeddable":true,"href":"https:\/\/www.koonings.com\/fr\/wp-json\/wp\/v2\/productsleeve?post=58119"},{"taxonomy":"productcategory","embeddable":true,"href":"https:\/\/www.koonings.com\/fr\/wp-json\/wp\/v2\/productcategory?post=58119"},{"taxonomy":"productsilhouette","embeddable":true,"href":"https:\/\/www.koonings.com\/fr\/wp-json\/wp\/v2\/productsilhouette?post=58119"},{"taxonomy":"productstyle","embeddable":true,"href":"https:\/\/www.koonings.com\/fr\/wp-json\/wp\/v2\/productstyle?post=58119"}],"curies":[{"name":"wp","href":"https:\/\/api.w.org\/{rel}","templated":true}]}}