{"id":58113,"date":"2026-05-06T15:18:47","date_gmt":"2026-05-06T13:18:47","guid":{"rendered":"https:\/\/www.koonings.com\/product\/modeca-darling\/"},"modified":"2025-06-05T13:17:47","modified_gmt":"2025-06-05T11:17:47","slug":"modeca-darling","status":"publish","type":"product","link":"https:\/\/www.koonings.com\/fr\/product\/modeca-darling\/","title":{"rendered":"Modeca Darling"},"content":{"rendered":"<p>Darling est une robe de bal mikado enchanteresse qui ne manquera pas de vous s\u00e9duire. Le d\u00e9collet\u00e9 bustier en forme de c\u0153ur est orn\u00e9 d&#8217;une d\u00e9licate dentelle perl\u00e9e, qui ajoute une touche d&#8217;\u00e9clat et de sophistication \u00e0 ce mod\u00e8le. La robe se termine par une tra\u00eene en forme qui ajoute une touche de romantisme \u00e0 ce look.  <\/p>\n","protected":false},"featured_media":44621,"template":"","meta":{"_acf_changed":false,"ghostkit_customizer_options":"","ghostkit_custom_css":"","ghostkit_custom_js_head":"","ghostkit_custom_js_foot":"","ghostkit_typography":""},"productdetails":[376],"productneck":[352,354,355],"productcolor":[393,392],"maat":[],"productsupplier":[434],"productsleeve":[],"productcategory":[18],"productsilhouette":[384],"productstyle":[365,366],"class_list":["post-58113","product","type-product","status-publish","has-post-thumbnail","hentry","productdetails-376","productneck-352","productneck-354","productneck-355","productcolor-393","productcolor-392","productsupplier-modeca","productcategory-trouwjurken","productsilhouette-384","productstyle-365","productstyle-366"],"acf":[],"yoast_head":"<!-- This site is optimized with the Yoast SEO plugin v27.3 - https:\/\/yoast.com\/product\/yoast-seo-wordpress\/ -->\n<title>Modeca Darling | Koonings<\/title>\n<meta name=\"description\" content=\"Darling est une robe de bal mikado enchanteresse qui ne manquera pas de vous s\u00e9duire. Le d\u00e9collet\u00e9 bustier en forme de c\u0153ur est orn\u00e9 d&#039;une d\u00e9licate dentelle perl\u00e9e, qui ajoute une touche d&#039;\u00e9clat et de sophistication \u00e0 ce mod\u00e8le. La robe se termine par une tra\u00eene en forme qui ajoute une touche de romantisme \u00e0 ce look.\" \/>\n<meta name=\"robots\" content=\"index, follow, max-snippet:-1, max-image-preview:large, max-video-preview:-1\" \/>\n<link rel=\"canonical\" href=\"https:\/\/www.koonings.com\/fr\/product\/modeca-darling\/\" \/>\n<meta property=\"og:locale\" content=\"fr_FR\" \/>\n<meta property=\"og:type\" content=\"article\" \/>\n<meta property=\"og:title\" content=\"Modeca Darling | Koonings\" \/>\n<meta property=\"og:description\" content=\"Darling est une robe de bal mikado enchanteresse qui ne manquera pas de vous s\u00e9duire. Le d\u00e9collet\u00e9 bustier en forme de c\u0153ur est orn\u00e9 d&#039;une d\u00e9licate dentelle perl\u00e9e, qui ajoute une touche d&#039;\u00e9clat et de sophistication \u00e0 ce mod\u00e8le. La robe se termine par une tra\u00eene en forme qui ajoute une touche de romantisme \u00e0 ce look.\" \/>\n<meta property=\"og:url\" content=\"https:\/\/www.koonings.com\/fr\/product\/modeca-darling\/\" \/>\n<meta property=\"og:site_name\" content=\"Koonings\" \/>\n<meta property=\"article:publisher\" content=\"https:\/\/www.facebook.com\/kooningstheweddingpalace\" \/>\n<meta property=\"og:image\" content=\"https:\/\/www.koonings.com\/wp-content\/uploads\/2024\/11\/40488_411f7bfe96b69d03765352530a4669b0eb0c5424154856f4df97cc4445642f76a71023b9.jpeg\" \/>\n\t<meta property=\"og:image:width\" content=\"804\" \/>\n\t<meta property=\"og:image:height\" content=\"1136\" \/>\n\t<meta property=\"og:image:type\" content=\"image\/jpeg\" \/>\n<meta name=\"twitter:card\" content=\"summary_large_image\" \/>\n<script type=\"application\/ld+json\" class=\"yoast-schema-graph\">{\"@context\":\"https:\\\/\\\/schema.org\",\"@graph\":[{\"@type\":\"WebPage\",\"@id\":\"https:\\\/\\\/www.koonings.com\\\/fr\\\/product\\\/modeca-darling\\\/\",\"url\":\"https:\\\/\\\/www.koonings.com\\\/fr\\\/product\\\/modeca-darling\\\/\",\"name\":\"Modeca Darling | Koonings\",\"isPartOf\":{\"@id\":\"https:\\\/\\\/www.koonings.com\\\/fr\\\/#website\"},\"primaryImageOfPage\":{\"@id\":\"https:\\\/\\\/www.koonings.com\\\/fr\\\/product\\\/modeca-darling\\\/#primaryimage\"},\"image\":{\"@id\":\"https:\\\/\\\/www.koonings.com\\\/fr\\\/product\\\/modeca-darling\\\/#primaryimage\"},\"thumbnailUrl\":\"https:\\\/\\\/www.koonings.com\\\/wp-content\\\/uploads\\\/2024\\\/11\\\/40488_411f7bfe96b69d03765352530a4669b0eb0c5424154856f4df97cc4445642f76a71023b9.jpeg\",\"datePublished\":\"2026-05-06T13:18:47+00:00\",\"description\":\"Darling est une robe de bal mikado enchanteresse qui ne manquera pas de vous s\u00e9duire. Le d\u00e9collet\u00e9 bustier en forme de c\u0153ur est orn\u00e9 d'une d\u00e9licate dentelle perl\u00e9e, qui ajoute une touche d'\u00e9clat et de sophistication \u00e0 ce mod\u00e8le. La robe se termine par une tra\u00eene en forme qui ajoute une touche de romantisme \u00e0 ce look.\",\"breadcrumb\":{\"@id\":\"https:\\\/\\\/www.koonings.com\\\/fr\\\/product\\\/modeca-darling\\\/#breadcrumb\"},\"inLanguage\":\"fr-FR\",\"potentialAction\":[{\"@type\":\"ReadAction\",\"target\":[\"https:\\\/\\\/www.koonings.com\\\/fr\\\/product\\\/modeca-darling\\\/\"]}]},{\"@type\":\"ImageObject\",\"inLanguage\":\"fr-FR\",\"@id\":\"https:\\\/\\\/www.koonings.com\\\/fr\\\/product\\\/modeca-darling\\\/#primaryimage\",\"url\":\"https:\\\/\\\/www.koonings.com\\\/wp-content\\\/uploads\\\/2024\\\/11\\\/40488_411f7bfe96b69d03765352530a4669b0eb0c5424154856f4df97cc4445642f76a71023b9.jpeg\",\"contentUrl\":\"https:\\\/\\\/www.koonings.com\\\/wp-content\\\/uploads\\\/2024\\\/11\\\/40488_411f7bfe96b69d03765352530a4669b0eb0c5424154856f4df97cc4445642f76a71023b9.jpeg\",\"width\":804,\"height\":1136},{\"@type\":\"BreadcrumbList\",\"@id\":\"https:\\\/\\\/www.koonings.com\\\/fr\\\/product\\\/modeca-darling\\\/#breadcrumb\",\"itemListElement\":[{\"@type\":\"ListItem\",\"position\":1,\"name\":\"Home\",\"item\":\"https:\\\/\\\/www.koonings.com\\\/fr\\\/\"},{\"@type\":\"ListItem\",\"position\":2,\"name\":\"Modeca Darling\"}]},{\"@type\":\"WebSite\",\"@id\":\"https:\\\/\\\/www.koonings.com\\\/fr\\\/#website\",\"url\":\"https:\\\/\\\/www.koonings.com\\\/fr\\\/\",\"name\":\"Koonings\",\"description\":\"De grootste bruidsmodewinkel ter wereld\",\"publisher\":{\"@id\":\"https:\\\/\\\/www.koonings.com\\\/fr\\\/#organization\"},\"potentialAction\":[{\"@type\":\"SearchAction\",\"target\":{\"@type\":\"EntryPoint\",\"urlTemplate\":\"https:\\\/\\\/www.koonings.com\\\/fr\\\/?s={search_term_string}\"},\"query-input\":{\"@type\":\"PropertyValueSpecification\",\"valueRequired\":true,\"valueName\":\"search_term_string\"}}],\"inLanguage\":\"fr-FR\"},{\"@type\":\"Organization\",\"@id\":\"https:\\\/\\\/www.koonings.com\\\/fr\\\/#organization\",\"name\":\"Koonings\",\"url\":\"https:\\\/\\\/www.koonings.com\\\/fr\\\/\",\"logo\":{\"@type\":\"ImageObject\",\"inLanguage\":\"fr-FR\",\"@id\":\"https:\\\/\\\/www.koonings.com\\\/fr\\\/#\\\/schema\\\/logo\\\/image\\\/\",\"url\":\"https:\\\/\\\/www.koonings.com\\\/wp-content\\\/uploads\\\/2024\\\/07\\\/logo.png\",\"contentUrl\":\"https:\\\/\\\/www.koonings.com\\\/wp-content\\\/uploads\\\/2024\\\/07\\\/logo.png\",\"width\":600,\"height\":428,\"caption\":\"Koonings\"},\"image\":{\"@id\":\"https:\\\/\\\/www.koonings.com\\\/fr\\\/#\\\/schema\\\/logo\\\/image\\\/\"},\"sameAs\":[\"https:\\\/\\\/www.facebook.com\\\/kooningstheweddingpalace\",\"https:\\\/\\\/www.instagram.com\\\/kooningstheweddingpalace\",\"https:\\\/\\\/www.pinterest.com\\\/koonings\",\"https:\\\/\\\/www.youtube.com\\\/kooningstheweddingpalace\"]}]}<\/script>\n<!-- \/ Yoast SEO plugin. -->","yoast_head_json":{"title":"Modeca Darling | Koonings","description":"Darling est une robe de bal mikado enchanteresse qui ne manquera pas de vous s\u00e9duire. Le d\u00e9collet\u00e9 bustier en forme de c\u0153ur est orn\u00e9 d'une d\u00e9licate dentelle perl\u00e9e, qui ajoute une touche d'\u00e9clat et de sophistication \u00e0 ce mod\u00e8le. La robe se termine par une tra\u00eene en forme qui ajoute une touche de romantisme \u00e0 ce look.","robots":{"index":"index","follow":"follow","max-snippet":"max-snippet:-1","max-image-preview":"max-image-preview:large","max-video-preview":"max-video-preview:-1"},"canonical":"https:\/\/www.koonings.com\/fr\/product\/modeca-darling\/","og_locale":"fr_FR","og_type":"article","og_title":"Modeca Darling | Koonings","og_description":"Darling est une robe de bal mikado enchanteresse qui ne manquera pas de vous s\u00e9duire. Le d\u00e9collet\u00e9 bustier en forme de c\u0153ur est orn\u00e9 d'une d\u00e9licate dentelle perl\u00e9e, qui ajoute une touche d'\u00e9clat et de sophistication \u00e0 ce mod\u00e8le. La robe se termine par une tra\u00eene en forme qui ajoute une touche de romantisme \u00e0 ce look.","og_url":"https:\/\/www.koonings.com\/fr\/product\/modeca-darling\/","og_site_name":"Koonings","article_publisher":"https:\/\/www.facebook.com\/kooningstheweddingpalace","og_image":[{"width":804,"height":1136,"url":"https:\/\/www.koonings.com\/wp-content\/uploads\/2024\/11\/40488_411f7bfe96b69d03765352530a4669b0eb0c5424154856f4df97cc4445642f76a71023b9.jpeg","type":"image\/jpeg"}],"twitter_card":"summary_large_image","schema":{"@context":"https:\/\/schema.org","@graph":[{"@type":"WebPage","@id":"https:\/\/www.koonings.com\/fr\/product\/modeca-darling\/","url":"https:\/\/www.koonings.com\/fr\/product\/modeca-darling\/","name":"Modeca Darling | Koonings","isPartOf":{"@id":"https:\/\/www.koonings.com\/fr\/#website"},"primaryImageOfPage":{"@id":"https:\/\/www.koonings.com\/fr\/product\/modeca-darling\/#primaryimage"},"image":{"@id":"https:\/\/www.koonings.com\/fr\/product\/modeca-darling\/#primaryimage"},"thumbnailUrl":"https:\/\/www.koonings.com\/wp-content\/uploads\/2024\/11\/40488_411f7bfe96b69d03765352530a4669b0eb0c5424154856f4df97cc4445642f76a71023b9.jpeg","datePublished":"2026-05-06T13:18:47+00:00","description":"Darling est une robe de bal mikado enchanteresse qui ne manquera pas de vous s\u00e9duire. Le d\u00e9collet\u00e9 bustier en forme de c\u0153ur est orn\u00e9 d'une d\u00e9licate dentelle perl\u00e9e, qui ajoute une touche d'\u00e9clat et de sophistication \u00e0 ce mod\u00e8le. La robe se termine par une tra\u00eene en forme qui ajoute une touche de romantisme \u00e0 ce look.","breadcrumb":{"@id":"https:\/\/www.koonings.com\/fr\/product\/modeca-darling\/#breadcrumb"},"inLanguage":"fr-FR","potentialAction":[{"@type":"ReadAction","target":["https:\/\/www.koonings.com\/fr\/product\/modeca-darling\/"]}]},{"@type":"ImageObject","inLanguage":"fr-FR","@id":"https:\/\/www.koonings.com\/fr\/product\/modeca-darling\/#primaryimage","url":"https:\/\/www.koonings.com\/wp-content\/uploads\/2024\/11\/40488_411f7bfe96b69d03765352530a4669b0eb0c5424154856f4df97cc4445642f76a71023b9.jpeg","contentUrl":"https:\/\/www.koonings.com\/wp-content\/uploads\/2024\/11\/40488_411f7bfe96b69d03765352530a4669b0eb0c5424154856f4df97cc4445642f76a71023b9.jpeg","width":804,"height":1136},{"@type":"BreadcrumbList","@id":"https:\/\/www.koonings.com\/fr\/product\/modeca-darling\/#breadcrumb","itemListElement":[{"@type":"ListItem","position":1,"name":"Home","item":"https:\/\/www.koonings.com\/fr\/"},{"@type":"ListItem","position":2,"name":"Modeca Darling"}]},{"@type":"WebSite","@id":"https:\/\/www.koonings.com\/fr\/#website","url":"https:\/\/www.koonings.com\/fr\/","name":"Koonings","description":"De grootste bruidsmodewinkel ter wereld","publisher":{"@id":"https:\/\/www.koonings.com\/fr\/#organization"},"potentialAction":[{"@type":"SearchAction","target":{"@type":"EntryPoint","urlTemplate":"https:\/\/www.koonings.com\/fr\/?s={search_term_string}"},"query-input":{"@type":"PropertyValueSpecification","valueRequired":true,"valueName":"search_term_string"}}],"inLanguage":"fr-FR"},{"@type":"Organization","@id":"https:\/\/www.koonings.com\/fr\/#organization","name":"Koonings","url":"https:\/\/www.koonings.com\/fr\/","logo":{"@type":"ImageObject","inLanguage":"fr-FR","@id":"https:\/\/www.koonings.com\/fr\/#\/schema\/logo\/image\/","url":"https:\/\/www.koonings.com\/wp-content\/uploads\/2024\/07\/logo.png","contentUrl":"https:\/\/www.koonings.com\/wp-content\/uploads\/2024\/07\/logo.png","width":600,"height":428,"caption":"Koonings"},"image":{"@id":"https:\/\/www.koonings.com\/fr\/#\/schema\/logo\/image\/"},"sameAs":["https:\/\/www.facebook.com\/kooningstheweddingpalace","https:\/\/www.instagram.com\/kooningstheweddingpalace","https:\/\/www.pinterest.com\/koonings","https:\/\/www.youtube.com\/kooningstheweddingpalace"]}]}},"_links":{"self":[{"href":"https:\/\/www.koonings.com\/fr\/wp-json\/wp\/v2\/product\/58113","targetHints":{"allow":["GET"]}}],"collection":[{"href":"https:\/\/www.koonings.com\/fr\/wp-json\/wp\/v2\/product"}],"about":[{"href":"https:\/\/www.koonings.com\/fr\/wp-json\/wp\/v2\/types\/product"}],"wp:featuredmedia":[{"embeddable":true,"href":"https:\/\/www.koonings.com\/fr\/wp-json\/wp\/v2\/media\/44621"}],"wp:attachment":[{"href":"https:\/\/www.koonings.com\/fr\/wp-json\/wp\/v2\/media?parent=58113"}],"wp:term":[{"taxonomy":"productdetails","embeddable":true,"href":"https:\/\/www.koonings.com\/fr\/wp-json\/wp\/v2\/productdetails?post=58113"},{"taxonomy":"productneck","embeddable":true,"href":"https:\/\/www.koonings.com\/fr\/wp-json\/wp\/v2\/productneck?post=58113"},{"taxonomy":"productcolor","embeddable":true,"href":"https:\/\/www.koonings.com\/fr\/wp-json\/wp\/v2\/productcolor?post=58113"},{"taxonomy":"maat","embeddable":true,"href":"https:\/\/www.koonings.com\/fr\/wp-json\/wp\/v2\/maat?post=58113"},{"taxonomy":"productsupplier","embeddable":true,"href":"https:\/\/www.koonings.com\/fr\/wp-json\/wp\/v2\/productsupplier?post=58113"},{"taxonomy":"productsleeve","embeddable":true,"href":"https:\/\/www.koonings.com\/fr\/wp-json\/wp\/v2\/productsleeve?post=58113"},{"taxonomy":"productcategory","embeddable":true,"href":"https:\/\/www.koonings.com\/fr\/wp-json\/wp\/v2\/productcategory?post=58113"},{"taxonomy":"productsilhouette","embeddable":true,"href":"https:\/\/www.koonings.com\/fr\/wp-json\/wp\/v2\/productsilhouette?post=58113"},{"taxonomy":"productstyle","embeddable":true,"href":"https:\/\/www.koonings.com\/fr\/wp-json\/wp\/v2\/productstyle?post=58113"}],"curies":[{"name":"wp","href":"https:\/\/api.w.org\/{rel}","templated":true}]}}