{"id":58112,"date":"2026-04-28T18:18:33","date_gmt":"2026-04-28T16:18:33","guid":{"rendered":"https:\/\/www.koonings.com\/product\/modeca-darana\/"},"modified":"2026-02-16T14:39:08","modified_gmt":"2026-02-16T13:39:08","slug":"modeca-darana","status":"publish","type":"product","link":"https:\/\/www.koonings.com\/fr\/product\/modeca-darana\/","title":{"rendered":"Modeca Darana"},"content":{"rendered":"<p>La robe de mari\u00e9e de Darana est l&#8217;incarnation de la sophistication moderne. Cette beaut\u00e9 de la ligne A est orn\u00e9e de d\u00e9tails exquis qui feront battre votre c\u0153ur plus vite. Le corsage en dentelle illusion vole la vedette, subtilement embelli par une dentelle perl\u00e9e complexe et enlac\u00e9 par de fines bretelles perl\u00e9es. La magnifique jupe en tulle r\u00e9v\u00e8le une fente subtile qui ajoute une touche d&#8217;espi\u00e8glerie \u00e0 ce mod\u00e8le enchanteur.   <\/p>\n","protected":false},"featured_media":44651,"template":"","meta":{"_acf_changed":false,"ghostkit_customizer_options":"","ghostkit_custom_css":"","ghostkit_custom_js_head":"","ghostkit_custom_js_foot":"","ghostkit_typography":""},"productdetails":[378,381],"productneck":[355],"productcolor":[393,392],"maat":[],"productsupplier":[434],"productsleeve":[359],"productcategory":[18],"productsilhouette":[384],"productstyle":[366,370],"class_list":["post-58112","product","type-product","status-publish","has-post-thumbnail","hentry","productdetails-378","productdetails-381","productneck-355","productcolor-393","productcolor-392","productsupplier-modeca","productsleeve-359","productcategory-trouwjurken","productsilhouette-384","productstyle-366","productstyle-370"],"acf":[],"yoast_head":"<!-- This site is optimized with the Yoast SEO plugin v27.3 - https:\/\/yoast.com\/product\/yoast-seo-wordpress\/ -->\n<title>Modeca Darana | Koonings<\/title>\n<meta name=\"description\" content=\"La robe de mari\u00e9e de Darana est l&#039;incarnation de la sophistication moderne. Cette beaut\u00e9 de la ligne A est orn\u00e9e de d\u00e9tails exquis qui feront battre votre c\u0153ur plus vite. Le corsage en dentelle illusion vole la vedette, subtilement embelli par une dentelle perl\u00e9e complexe et enlac\u00e9 par de fines bretelles perl\u00e9es. La magnifique jupe en tulle r\u00e9v\u00e8le une fente subtile qui ajoute une touche d&#039;espi\u00e8glerie \u00e0 ce mod\u00e8le enchanteur.\" \/>\n<meta name=\"robots\" content=\"index, follow, max-snippet:-1, max-image-preview:large, max-video-preview:-1\" \/>\n<link rel=\"canonical\" href=\"https:\/\/www.koonings.com\/fr\/product\/modeca-darana\/\" \/>\n<meta property=\"og:locale\" content=\"fr_FR\" \/>\n<meta property=\"og:type\" content=\"article\" \/>\n<meta property=\"og:title\" content=\"Modeca Darana | Koonings\" \/>\n<meta property=\"og:description\" content=\"La robe de mari\u00e9e de Darana est l&#039;incarnation de la sophistication moderne. Cette beaut\u00e9 de la ligne A est orn\u00e9e de d\u00e9tails exquis qui feront battre votre c\u0153ur plus vite. Le corsage en dentelle illusion vole la vedette, subtilement embelli par une dentelle perl\u00e9e complexe et enlac\u00e9 par de fines bretelles perl\u00e9es. La magnifique jupe en tulle r\u00e9v\u00e8le une fente subtile qui ajoute une touche d&#039;espi\u00e8glerie \u00e0 ce mod\u00e8le enchanteur.\" \/>\n<meta property=\"og:url\" content=\"https:\/\/www.koonings.com\/fr\/product\/modeca-darana\/\" \/>\n<meta property=\"og:site_name\" content=\"Koonings\" \/>\n<meta property=\"article:publisher\" content=\"https:\/\/www.facebook.com\/kooningstheweddingpalace\" \/>\n<meta property=\"og:image\" content=\"https:\/\/www.koonings.com\/wp-content\/uploads\/2024\/11\/40494_c5af5b26288e1f96982a73767f1135601adca24547a7ec9e6856fb739ba6a14085b2d348.jpeg\" \/>\n\t<meta property=\"og:image:width\" content=\"673\" \/>\n\t<meta property=\"og:image:height\" content=\"951\" \/>\n\t<meta property=\"og:image:type\" content=\"image\/jpeg\" \/>\n<meta name=\"twitter:card\" content=\"summary_large_image\" \/>\n<script type=\"application\/ld+json\" class=\"yoast-schema-graph\">{\"@context\":\"https:\\\/\\\/schema.org\",\"@graph\":[{\"@type\":\"WebPage\",\"@id\":\"https:\\\/\\\/www.koonings.com\\\/fr\\\/product\\\/modeca-darana\\\/\",\"url\":\"https:\\\/\\\/www.koonings.com\\\/fr\\\/product\\\/modeca-darana\\\/\",\"name\":\"Modeca Darana | Koonings\",\"isPartOf\":{\"@id\":\"https:\\\/\\\/www.koonings.com\\\/fr\\\/#website\"},\"primaryImageOfPage\":{\"@id\":\"https:\\\/\\\/www.koonings.com\\\/fr\\\/product\\\/modeca-darana\\\/#primaryimage\"},\"image\":{\"@id\":\"https:\\\/\\\/www.koonings.com\\\/fr\\\/product\\\/modeca-darana\\\/#primaryimage\"},\"thumbnailUrl\":\"https:\\\/\\\/www.koonings.com\\\/wp-content\\\/uploads\\\/2024\\\/11\\\/40494_c5af5b26288e1f96982a73767f1135601adca24547a7ec9e6856fb739ba6a14085b2d348.jpeg\",\"datePublished\":\"2026-04-28T16:18:33+00:00\",\"description\":\"La robe de mari\u00e9e de Darana est l'incarnation de la sophistication moderne. Cette beaut\u00e9 de la ligne A est orn\u00e9e de d\u00e9tails exquis qui feront battre votre c\u0153ur plus vite. Le corsage en dentelle illusion vole la vedette, subtilement embelli par une dentelle perl\u00e9e complexe et enlac\u00e9 par de fines bretelles perl\u00e9es. La magnifique jupe en tulle r\u00e9v\u00e8le une fente subtile qui ajoute une touche d'espi\u00e8glerie \u00e0 ce mod\u00e8le enchanteur.\",\"breadcrumb\":{\"@id\":\"https:\\\/\\\/www.koonings.com\\\/fr\\\/product\\\/modeca-darana\\\/#breadcrumb\"},\"inLanguage\":\"fr-FR\",\"potentialAction\":[{\"@type\":\"ReadAction\",\"target\":[\"https:\\\/\\\/www.koonings.com\\\/fr\\\/product\\\/modeca-darana\\\/\"]}]},{\"@type\":\"ImageObject\",\"inLanguage\":\"fr-FR\",\"@id\":\"https:\\\/\\\/www.koonings.com\\\/fr\\\/product\\\/modeca-darana\\\/#primaryimage\",\"url\":\"https:\\\/\\\/www.koonings.com\\\/wp-content\\\/uploads\\\/2024\\\/11\\\/40494_c5af5b26288e1f96982a73767f1135601adca24547a7ec9e6856fb739ba6a14085b2d348.jpeg\",\"contentUrl\":\"https:\\\/\\\/www.koonings.com\\\/wp-content\\\/uploads\\\/2024\\\/11\\\/40494_c5af5b26288e1f96982a73767f1135601adca24547a7ec9e6856fb739ba6a14085b2d348.jpeg\",\"width\":673,\"height\":951},{\"@type\":\"BreadcrumbList\",\"@id\":\"https:\\\/\\\/www.koonings.com\\\/fr\\\/product\\\/modeca-darana\\\/#breadcrumb\",\"itemListElement\":[{\"@type\":\"ListItem\",\"position\":1,\"name\":\"Home\",\"item\":\"https:\\\/\\\/www.koonings.com\\\/fr\\\/\"},{\"@type\":\"ListItem\",\"position\":2,\"name\":\"Modeca Darana\"}]},{\"@type\":\"WebSite\",\"@id\":\"https:\\\/\\\/www.koonings.com\\\/fr\\\/#website\",\"url\":\"https:\\\/\\\/www.koonings.com\\\/fr\\\/\",\"name\":\"Koonings\",\"description\":\"De grootste bruidsmodewinkel ter wereld\",\"publisher\":{\"@id\":\"https:\\\/\\\/www.koonings.com\\\/fr\\\/#organization\"},\"potentialAction\":[{\"@type\":\"SearchAction\",\"target\":{\"@type\":\"EntryPoint\",\"urlTemplate\":\"https:\\\/\\\/www.koonings.com\\\/fr\\\/?s={search_term_string}\"},\"query-input\":{\"@type\":\"PropertyValueSpecification\",\"valueRequired\":true,\"valueName\":\"search_term_string\"}}],\"inLanguage\":\"fr-FR\"},{\"@type\":\"Organization\",\"@id\":\"https:\\\/\\\/www.koonings.com\\\/fr\\\/#organization\",\"name\":\"Koonings\",\"url\":\"https:\\\/\\\/www.koonings.com\\\/fr\\\/\",\"logo\":{\"@type\":\"ImageObject\",\"inLanguage\":\"fr-FR\",\"@id\":\"https:\\\/\\\/www.koonings.com\\\/fr\\\/#\\\/schema\\\/logo\\\/image\\\/\",\"url\":\"https:\\\/\\\/www.koonings.com\\\/wp-content\\\/uploads\\\/2024\\\/07\\\/logo.png\",\"contentUrl\":\"https:\\\/\\\/www.koonings.com\\\/wp-content\\\/uploads\\\/2024\\\/07\\\/logo.png\",\"width\":600,\"height\":428,\"caption\":\"Koonings\"},\"image\":{\"@id\":\"https:\\\/\\\/www.koonings.com\\\/fr\\\/#\\\/schema\\\/logo\\\/image\\\/\"},\"sameAs\":[\"https:\\\/\\\/www.facebook.com\\\/kooningstheweddingpalace\",\"https:\\\/\\\/www.instagram.com\\\/kooningstheweddingpalace\",\"https:\\\/\\\/www.pinterest.com\\\/koonings\",\"https:\\\/\\\/www.youtube.com\\\/kooningstheweddingpalace\"]}]}<\/script>\n<!-- \/ Yoast SEO plugin. -->","yoast_head_json":{"title":"Modeca Darana | Koonings","description":"La robe de mari\u00e9e de Darana est l'incarnation de la sophistication moderne. Cette beaut\u00e9 de la ligne A est orn\u00e9e de d\u00e9tails exquis qui feront battre votre c\u0153ur plus vite. Le corsage en dentelle illusion vole la vedette, subtilement embelli par une dentelle perl\u00e9e complexe et enlac\u00e9 par de fines bretelles perl\u00e9es. La magnifique jupe en tulle r\u00e9v\u00e8le une fente subtile qui ajoute une touche d'espi\u00e8glerie \u00e0 ce mod\u00e8le enchanteur.","robots":{"index":"index","follow":"follow","max-snippet":"max-snippet:-1","max-image-preview":"max-image-preview:large","max-video-preview":"max-video-preview:-1"},"canonical":"https:\/\/www.koonings.com\/fr\/product\/modeca-darana\/","og_locale":"fr_FR","og_type":"article","og_title":"Modeca Darana | Koonings","og_description":"La robe de mari\u00e9e de Darana est l'incarnation de la sophistication moderne. Cette beaut\u00e9 de la ligne A est orn\u00e9e de d\u00e9tails exquis qui feront battre votre c\u0153ur plus vite. Le corsage en dentelle illusion vole la vedette, subtilement embelli par une dentelle perl\u00e9e complexe et enlac\u00e9 par de fines bretelles perl\u00e9es. La magnifique jupe en tulle r\u00e9v\u00e8le une fente subtile qui ajoute une touche d'espi\u00e8glerie \u00e0 ce mod\u00e8le enchanteur.","og_url":"https:\/\/www.koonings.com\/fr\/product\/modeca-darana\/","og_site_name":"Koonings","article_publisher":"https:\/\/www.facebook.com\/kooningstheweddingpalace","og_image":[{"width":673,"height":951,"url":"https:\/\/www.koonings.com\/wp-content\/uploads\/2024\/11\/40494_c5af5b26288e1f96982a73767f1135601adca24547a7ec9e6856fb739ba6a14085b2d348.jpeg","type":"image\/jpeg"}],"twitter_card":"summary_large_image","schema":{"@context":"https:\/\/schema.org","@graph":[{"@type":"WebPage","@id":"https:\/\/www.koonings.com\/fr\/product\/modeca-darana\/","url":"https:\/\/www.koonings.com\/fr\/product\/modeca-darana\/","name":"Modeca Darana | Koonings","isPartOf":{"@id":"https:\/\/www.koonings.com\/fr\/#website"},"primaryImageOfPage":{"@id":"https:\/\/www.koonings.com\/fr\/product\/modeca-darana\/#primaryimage"},"image":{"@id":"https:\/\/www.koonings.com\/fr\/product\/modeca-darana\/#primaryimage"},"thumbnailUrl":"https:\/\/www.koonings.com\/wp-content\/uploads\/2024\/11\/40494_c5af5b26288e1f96982a73767f1135601adca24547a7ec9e6856fb739ba6a14085b2d348.jpeg","datePublished":"2026-04-28T16:18:33+00:00","description":"La robe de mari\u00e9e de Darana est l'incarnation de la sophistication moderne. Cette beaut\u00e9 de la ligne A est orn\u00e9e de d\u00e9tails exquis qui feront battre votre c\u0153ur plus vite. Le corsage en dentelle illusion vole la vedette, subtilement embelli par une dentelle perl\u00e9e complexe et enlac\u00e9 par de fines bretelles perl\u00e9es. La magnifique jupe en tulle r\u00e9v\u00e8le une fente subtile qui ajoute une touche d'espi\u00e8glerie \u00e0 ce mod\u00e8le enchanteur.","breadcrumb":{"@id":"https:\/\/www.koonings.com\/fr\/product\/modeca-darana\/#breadcrumb"},"inLanguage":"fr-FR","potentialAction":[{"@type":"ReadAction","target":["https:\/\/www.koonings.com\/fr\/product\/modeca-darana\/"]}]},{"@type":"ImageObject","inLanguage":"fr-FR","@id":"https:\/\/www.koonings.com\/fr\/product\/modeca-darana\/#primaryimage","url":"https:\/\/www.koonings.com\/wp-content\/uploads\/2024\/11\/40494_c5af5b26288e1f96982a73767f1135601adca24547a7ec9e6856fb739ba6a14085b2d348.jpeg","contentUrl":"https:\/\/www.koonings.com\/wp-content\/uploads\/2024\/11\/40494_c5af5b26288e1f96982a73767f1135601adca24547a7ec9e6856fb739ba6a14085b2d348.jpeg","width":673,"height":951},{"@type":"BreadcrumbList","@id":"https:\/\/www.koonings.com\/fr\/product\/modeca-darana\/#breadcrumb","itemListElement":[{"@type":"ListItem","position":1,"name":"Home","item":"https:\/\/www.koonings.com\/fr\/"},{"@type":"ListItem","position":2,"name":"Modeca Darana"}]},{"@type":"WebSite","@id":"https:\/\/www.koonings.com\/fr\/#website","url":"https:\/\/www.koonings.com\/fr\/","name":"Koonings","description":"De grootste bruidsmodewinkel ter wereld","publisher":{"@id":"https:\/\/www.koonings.com\/fr\/#organization"},"potentialAction":[{"@type":"SearchAction","target":{"@type":"EntryPoint","urlTemplate":"https:\/\/www.koonings.com\/fr\/?s={search_term_string}"},"query-input":{"@type":"PropertyValueSpecification","valueRequired":true,"valueName":"search_term_string"}}],"inLanguage":"fr-FR"},{"@type":"Organization","@id":"https:\/\/www.koonings.com\/fr\/#organization","name":"Koonings","url":"https:\/\/www.koonings.com\/fr\/","logo":{"@type":"ImageObject","inLanguage":"fr-FR","@id":"https:\/\/www.koonings.com\/fr\/#\/schema\/logo\/image\/","url":"https:\/\/www.koonings.com\/wp-content\/uploads\/2024\/07\/logo.png","contentUrl":"https:\/\/www.koonings.com\/wp-content\/uploads\/2024\/07\/logo.png","width":600,"height":428,"caption":"Koonings"},"image":{"@id":"https:\/\/www.koonings.com\/fr\/#\/schema\/logo\/image\/"},"sameAs":["https:\/\/www.facebook.com\/kooningstheweddingpalace","https:\/\/www.instagram.com\/kooningstheweddingpalace","https:\/\/www.pinterest.com\/koonings","https:\/\/www.youtube.com\/kooningstheweddingpalace"]}]}},"_links":{"self":[{"href":"https:\/\/www.koonings.com\/fr\/wp-json\/wp\/v2\/product\/58112","targetHints":{"allow":["GET"]}}],"collection":[{"href":"https:\/\/www.koonings.com\/fr\/wp-json\/wp\/v2\/product"}],"about":[{"href":"https:\/\/www.koonings.com\/fr\/wp-json\/wp\/v2\/types\/product"}],"wp:featuredmedia":[{"embeddable":true,"href":"https:\/\/www.koonings.com\/fr\/wp-json\/wp\/v2\/media\/44651"}],"wp:attachment":[{"href":"https:\/\/www.koonings.com\/fr\/wp-json\/wp\/v2\/media?parent=58112"}],"wp:term":[{"taxonomy":"productdetails","embeddable":true,"href":"https:\/\/www.koonings.com\/fr\/wp-json\/wp\/v2\/productdetails?post=58112"},{"taxonomy":"productneck","embeddable":true,"href":"https:\/\/www.koonings.com\/fr\/wp-json\/wp\/v2\/productneck?post=58112"},{"taxonomy":"productcolor","embeddable":true,"href":"https:\/\/www.koonings.com\/fr\/wp-json\/wp\/v2\/productcolor?post=58112"},{"taxonomy":"maat","embeddable":true,"href":"https:\/\/www.koonings.com\/fr\/wp-json\/wp\/v2\/maat?post=58112"},{"taxonomy":"productsupplier","embeddable":true,"href":"https:\/\/www.koonings.com\/fr\/wp-json\/wp\/v2\/productsupplier?post=58112"},{"taxonomy":"productsleeve","embeddable":true,"href":"https:\/\/www.koonings.com\/fr\/wp-json\/wp\/v2\/productsleeve?post=58112"},{"taxonomy":"productcategory","embeddable":true,"href":"https:\/\/www.koonings.com\/fr\/wp-json\/wp\/v2\/productcategory?post=58112"},{"taxonomy":"productsilhouette","embeddable":true,"href":"https:\/\/www.koonings.com\/fr\/wp-json\/wp\/v2\/productsilhouette?post=58112"},{"taxonomy":"productstyle","embeddable":true,"href":"https:\/\/www.koonings.com\/fr\/wp-json\/wp\/v2\/productstyle?post=58112"}],"curies":[{"name":"wp","href":"https:\/\/api.w.org\/{rel}","templated":true}]}}