{"id":58110,"date":"2026-04-28T18:18:34","date_gmt":"2026-04-28T16:18:34","guid":{"rendered":"https:\/\/www.koonings.com\/product\/modeca-edith\/"},"modified":"2025-06-05T13:17:35","modified_gmt":"2025-06-05T11:17:35","slug":"modeca-edith","status":"publish","type":"product","link":"https:\/\/www.koonings.com\/fr\/product\/modeca-edith\/","title":{"rendered":"Modeca Edith"},"content":{"rendered":"<p>Voici Edith, une superbe robe de bal qui allie sans effort charme classique et d\u00e9tails modernes. Le profond d\u00e9collet\u00e9 en V et le corsage illusion orn\u00e9 de dentelle paillet\u00e9e sont la pi\u00e8ce ma\u00eetresse de cette cr\u00e9ation, tandis que les d\u00e9licates bretelles perl\u00e9es ajoutent une touche de sophistication. Cette robe est parfaite pour les mari\u00e9es qui recherchent une \u00e9l\u00e9gance intemporelle avec une touche contemporaine.  <\/p>\n","protected":false},"featured_media":75913,"template":"","meta":{"_acf_changed":false,"ghostkit_customizer_options":"","ghostkit_custom_css":"","ghostkit_custom_js_head":"","ghostkit_custom_js_foot":"","ghostkit_typography":""},"productdetails":[381],"productneck":[356],"productcolor":[393,392],"maat":[],"productsupplier":[434],"productsleeve":[359],"productcategory":[18],"productsilhouette":[384],"productstyle":[369,371],"class_list":["post-58110","product","type-product","status-publish","has-post-thumbnail","hentry","productdetails-381","productneck-356","productcolor-393","productcolor-392","productsupplier-modeca","productsleeve-359","productcategory-trouwjurken","productsilhouette-384","productstyle-369","productstyle-371"],"acf":[],"yoast_head":"<!-- This site is optimized with the Yoast SEO plugin v27.3 - https:\/\/yoast.com\/product\/yoast-seo-wordpress\/ -->\n<title>Modeca Edith | Koonings<\/title>\n<meta name=\"description\" content=\"Voici Edith, une superbe robe de bal qui allie sans effort charme classique et d\u00e9tails modernes. Le profond d\u00e9collet\u00e9 en V et le corsage illusion orn\u00e9 de dentelle paillet\u00e9e sont la pi\u00e8ce ma\u00eetresse de cette cr\u00e9ation, tandis que les d\u00e9licates bretelles perl\u00e9es ajoutent une touche de sophistication. Cette robe est parfaite pour les mari\u00e9es qui recherchent une \u00e9l\u00e9gance intemporelle avec une touche contemporaine.\" \/>\n<meta name=\"robots\" content=\"index, follow, max-snippet:-1, max-image-preview:large, max-video-preview:-1\" \/>\n<link rel=\"canonical\" href=\"https:\/\/www.koonings.com\/fr\/product\/modeca-edith\/\" \/>\n<meta property=\"og:locale\" content=\"fr_FR\" \/>\n<meta property=\"og:type\" content=\"article\" \/>\n<meta property=\"og:title\" content=\"Modeca Edith | Koonings\" \/>\n<meta property=\"og:description\" content=\"Voici Edith, une superbe robe de bal qui allie sans effort charme classique et d\u00e9tails modernes. Le profond d\u00e9collet\u00e9 en V et le corsage illusion orn\u00e9 de dentelle paillet\u00e9e sont la pi\u00e8ce ma\u00eetresse de cette cr\u00e9ation, tandis que les d\u00e9licates bretelles perl\u00e9es ajoutent une touche de sophistication. Cette robe est parfaite pour les mari\u00e9es qui recherchent une \u00e9l\u00e9gance intemporelle avec une touche contemporaine.\" \/>\n<meta property=\"og:url\" content=\"https:\/\/www.koonings.com\/fr\/product\/modeca-edith\/\" \/>\n<meta property=\"og:site_name\" content=\"Koonings\" \/>\n<meta property=\"article:publisher\" content=\"https:\/\/www.facebook.com\/kooningstheweddingpalace\" \/>\n<meta property=\"og:image\" content=\"https:\/\/www.koonings.com\/wp-content\/uploads\/2024\/11\/40501_6eaf01320665f3d6234678ecfce29e1f282cc99baf542b99e071b33a7743242b949a5f0c.jpeg\" \/>\n\t<meta property=\"og:image:width\" content=\"724\" \/>\n\t<meta property=\"og:image:height\" content=\"1025\" \/>\n\t<meta property=\"og:image:type\" content=\"image\/jpeg\" \/>\n<meta name=\"twitter:card\" content=\"summary_large_image\" \/>\n<script type=\"application\/ld+json\" class=\"yoast-schema-graph\">{\"@context\":\"https:\\\/\\\/schema.org\",\"@graph\":[{\"@type\":\"WebPage\",\"@id\":\"https:\\\/\\\/www.koonings.com\\\/fr\\\/product\\\/modeca-edith\\\/\",\"url\":\"https:\\\/\\\/www.koonings.com\\\/fr\\\/product\\\/modeca-edith\\\/\",\"name\":\"Modeca Edith | Koonings\",\"isPartOf\":{\"@id\":\"https:\\\/\\\/www.koonings.com\\\/fr\\\/#website\"},\"primaryImageOfPage\":{\"@id\":\"https:\\\/\\\/www.koonings.com\\\/fr\\\/product\\\/modeca-edith\\\/#primaryimage\"},\"image\":{\"@id\":\"https:\\\/\\\/www.koonings.com\\\/fr\\\/product\\\/modeca-edith\\\/#primaryimage\"},\"thumbnailUrl\":\"https:\\\/\\\/www.koonings.com\\\/wp-content\\\/uploads\\\/2024\\\/11\\\/40501_6eaf01320665f3d6234678ecfce29e1f282cc99baf542b99e071b33a7743242b949a5f0c.jpeg\",\"datePublished\":\"2026-04-28T16:18:34+00:00\",\"description\":\"Voici Edith, une superbe robe de bal qui allie sans effort charme classique et d\u00e9tails modernes. Le profond d\u00e9collet\u00e9 en V et le corsage illusion orn\u00e9 de dentelle paillet\u00e9e sont la pi\u00e8ce ma\u00eetresse de cette cr\u00e9ation, tandis que les d\u00e9licates bretelles perl\u00e9es ajoutent une touche de sophistication. Cette robe est parfaite pour les mari\u00e9es qui recherchent une \u00e9l\u00e9gance intemporelle avec une touche contemporaine.\",\"breadcrumb\":{\"@id\":\"https:\\\/\\\/www.koonings.com\\\/fr\\\/product\\\/modeca-edith\\\/#breadcrumb\"},\"inLanguage\":\"fr-FR\",\"potentialAction\":[{\"@type\":\"ReadAction\",\"target\":[\"https:\\\/\\\/www.koonings.com\\\/fr\\\/product\\\/modeca-edith\\\/\"]}]},{\"@type\":\"ImageObject\",\"inLanguage\":\"fr-FR\",\"@id\":\"https:\\\/\\\/www.koonings.com\\\/fr\\\/product\\\/modeca-edith\\\/#primaryimage\",\"url\":\"https:\\\/\\\/www.koonings.com\\\/wp-content\\\/uploads\\\/2024\\\/11\\\/40501_6eaf01320665f3d6234678ecfce29e1f282cc99baf542b99e071b33a7743242b949a5f0c.jpeg\",\"contentUrl\":\"https:\\\/\\\/www.koonings.com\\\/wp-content\\\/uploads\\\/2024\\\/11\\\/40501_6eaf01320665f3d6234678ecfce29e1f282cc99baf542b99e071b33a7743242b949a5f0c.jpeg\",\"width\":724,\"height\":1025},{\"@type\":\"BreadcrumbList\",\"@id\":\"https:\\\/\\\/www.koonings.com\\\/fr\\\/product\\\/modeca-edith\\\/#breadcrumb\",\"itemListElement\":[{\"@type\":\"ListItem\",\"position\":1,\"name\":\"Home\",\"item\":\"https:\\\/\\\/www.koonings.com\\\/fr\\\/\"},{\"@type\":\"ListItem\",\"position\":2,\"name\":\"Modeca Edith\"}]},{\"@type\":\"WebSite\",\"@id\":\"https:\\\/\\\/www.koonings.com\\\/fr\\\/#website\",\"url\":\"https:\\\/\\\/www.koonings.com\\\/fr\\\/\",\"name\":\"Koonings\",\"description\":\"De grootste bruidsmodewinkel ter wereld\",\"publisher\":{\"@id\":\"https:\\\/\\\/www.koonings.com\\\/fr\\\/#organization\"},\"potentialAction\":[{\"@type\":\"SearchAction\",\"target\":{\"@type\":\"EntryPoint\",\"urlTemplate\":\"https:\\\/\\\/www.koonings.com\\\/fr\\\/?s={search_term_string}\"},\"query-input\":{\"@type\":\"PropertyValueSpecification\",\"valueRequired\":true,\"valueName\":\"search_term_string\"}}],\"inLanguage\":\"fr-FR\"},{\"@type\":\"Organization\",\"@id\":\"https:\\\/\\\/www.koonings.com\\\/fr\\\/#organization\",\"name\":\"Koonings\",\"url\":\"https:\\\/\\\/www.koonings.com\\\/fr\\\/\",\"logo\":{\"@type\":\"ImageObject\",\"inLanguage\":\"fr-FR\",\"@id\":\"https:\\\/\\\/www.koonings.com\\\/fr\\\/#\\\/schema\\\/logo\\\/image\\\/\",\"url\":\"https:\\\/\\\/www.koonings.com\\\/wp-content\\\/uploads\\\/2024\\\/07\\\/logo.png\",\"contentUrl\":\"https:\\\/\\\/www.koonings.com\\\/wp-content\\\/uploads\\\/2024\\\/07\\\/logo.png\",\"width\":600,\"height\":428,\"caption\":\"Koonings\"},\"image\":{\"@id\":\"https:\\\/\\\/www.koonings.com\\\/fr\\\/#\\\/schema\\\/logo\\\/image\\\/\"},\"sameAs\":[\"https:\\\/\\\/www.facebook.com\\\/kooningstheweddingpalace\",\"https:\\\/\\\/www.instagram.com\\\/kooningstheweddingpalace\",\"https:\\\/\\\/www.pinterest.com\\\/koonings\",\"https:\\\/\\\/www.youtube.com\\\/kooningstheweddingpalace\"]}]}<\/script>\n<!-- \/ Yoast SEO plugin. -->","yoast_head_json":{"title":"Modeca Edith | Koonings","description":"Voici Edith, une superbe robe de bal qui allie sans effort charme classique et d\u00e9tails modernes. Le profond d\u00e9collet\u00e9 en V et le corsage illusion orn\u00e9 de dentelle paillet\u00e9e sont la pi\u00e8ce ma\u00eetresse de cette cr\u00e9ation, tandis que les d\u00e9licates bretelles perl\u00e9es ajoutent une touche de sophistication. Cette robe est parfaite pour les mari\u00e9es qui recherchent une \u00e9l\u00e9gance intemporelle avec une touche contemporaine.","robots":{"index":"index","follow":"follow","max-snippet":"max-snippet:-1","max-image-preview":"max-image-preview:large","max-video-preview":"max-video-preview:-1"},"canonical":"https:\/\/www.koonings.com\/fr\/product\/modeca-edith\/","og_locale":"fr_FR","og_type":"article","og_title":"Modeca Edith | Koonings","og_description":"Voici Edith, une superbe robe de bal qui allie sans effort charme classique et d\u00e9tails modernes. Le profond d\u00e9collet\u00e9 en V et le corsage illusion orn\u00e9 de dentelle paillet\u00e9e sont la pi\u00e8ce ma\u00eetresse de cette cr\u00e9ation, tandis que les d\u00e9licates bretelles perl\u00e9es ajoutent une touche de sophistication. Cette robe est parfaite pour les mari\u00e9es qui recherchent une \u00e9l\u00e9gance intemporelle avec une touche contemporaine.","og_url":"https:\/\/www.koonings.com\/fr\/product\/modeca-edith\/","og_site_name":"Koonings","article_publisher":"https:\/\/www.facebook.com\/kooningstheweddingpalace","og_image":[{"width":724,"height":1025,"url":"https:\/\/www.koonings.com\/wp-content\/uploads\/2024\/11\/40501_6eaf01320665f3d6234678ecfce29e1f282cc99baf542b99e071b33a7743242b949a5f0c.jpeg","type":"image\/jpeg"}],"twitter_card":"summary_large_image","schema":{"@context":"https:\/\/schema.org","@graph":[{"@type":"WebPage","@id":"https:\/\/www.koonings.com\/fr\/product\/modeca-edith\/","url":"https:\/\/www.koonings.com\/fr\/product\/modeca-edith\/","name":"Modeca Edith | Koonings","isPartOf":{"@id":"https:\/\/www.koonings.com\/fr\/#website"},"primaryImageOfPage":{"@id":"https:\/\/www.koonings.com\/fr\/product\/modeca-edith\/#primaryimage"},"image":{"@id":"https:\/\/www.koonings.com\/fr\/product\/modeca-edith\/#primaryimage"},"thumbnailUrl":"https:\/\/www.koonings.com\/wp-content\/uploads\/2024\/11\/40501_6eaf01320665f3d6234678ecfce29e1f282cc99baf542b99e071b33a7743242b949a5f0c.jpeg","datePublished":"2026-04-28T16:18:34+00:00","description":"Voici Edith, une superbe robe de bal qui allie sans effort charme classique et d\u00e9tails modernes. Le profond d\u00e9collet\u00e9 en V et le corsage illusion orn\u00e9 de dentelle paillet\u00e9e sont la pi\u00e8ce ma\u00eetresse de cette cr\u00e9ation, tandis que les d\u00e9licates bretelles perl\u00e9es ajoutent une touche de sophistication. Cette robe est parfaite pour les mari\u00e9es qui recherchent une \u00e9l\u00e9gance intemporelle avec une touche contemporaine.","breadcrumb":{"@id":"https:\/\/www.koonings.com\/fr\/product\/modeca-edith\/#breadcrumb"},"inLanguage":"fr-FR","potentialAction":[{"@type":"ReadAction","target":["https:\/\/www.koonings.com\/fr\/product\/modeca-edith\/"]}]},{"@type":"ImageObject","inLanguage":"fr-FR","@id":"https:\/\/www.koonings.com\/fr\/product\/modeca-edith\/#primaryimage","url":"https:\/\/www.koonings.com\/wp-content\/uploads\/2024\/11\/40501_6eaf01320665f3d6234678ecfce29e1f282cc99baf542b99e071b33a7743242b949a5f0c.jpeg","contentUrl":"https:\/\/www.koonings.com\/wp-content\/uploads\/2024\/11\/40501_6eaf01320665f3d6234678ecfce29e1f282cc99baf542b99e071b33a7743242b949a5f0c.jpeg","width":724,"height":1025},{"@type":"BreadcrumbList","@id":"https:\/\/www.koonings.com\/fr\/product\/modeca-edith\/#breadcrumb","itemListElement":[{"@type":"ListItem","position":1,"name":"Home","item":"https:\/\/www.koonings.com\/fr\/"},{"@type":"ListItem","position":2,"name":"Modeca Edith"}]},{"@type":"WebSite","@id":"https:\/\/www.koonings.com\/fr\/#website","url":"https:\/\/www.koonings.com\/fr\/","name":"Koonings","description":"De grootste bruidsmodewinkel ter wereld","publisher":{"@id":"https:\/\/www.koonings.com\/fr\/#organization"},"potentialAction":[{"@type":"SearchAction","target":{"@type":"EntryPoint","urlTemplate":"https:\/\/www.koonings.com\/fr\/?s={search_term_string}"},"query-input":{"@type":"PropertyValueSpecification","valueRequired":true,"valueName":"search_term_string"}}],"inLanguage":"fr-FR"},{"@type":"Organization","@id":"https:\/\/www.koonings.com\/fr\/#organization","name":"Koonings","url":"https:\/\/www.koonings.com\/fr\/","logo":{"@type":"ImageObject","inLanguage":"fr-FR","@id":"https:\/\/www.koonings.com\/fr\/#\/schema\/logo\/image\/","url":"https:\/\/www.koonings.com\/wp-content\/uploads\/2024\/07\/logo.png","contentUrl":"https:\/\/www.koonings.com\/wp-content\/uploads\/2024\/07\/logo.png","width":600,"height":428,"caption":"Koonings"},"image":{"@id":"https:\/\/www.koonings.com\/fr\/#\/schema\/logo\/image\/"},"sameAs":["https:\/\/www.facebook.com\/kooningstheweddingpalace","https:\/\/www.instagram.com\/kooningstheweddingpalace","https:\/\/www.pinterest.com\/koonings","https:\/\/www.youtube.com\/kooningstheweddingpalace"]}]}},"_links":{"self":[{"href":"https:\/\/www.koonings.com\/fr\/wp-json\/wp\/v2\/product\/58110","targetHints":{"allow":["GET"]}}],"collection":[{"href":"https:\/\/www.koonings.com\/fr\/wp-json\/wp\/v2\/product"}],"about":[{"href":"https:\/\/www.koonings.com\/fr\/wp-json\/wp\/v2\/types\/product"}],"wp:featuredmedia":[{"embeddable":true,"href":"https:\/\/www.koonings.com\/fr\/wp-json\/wp\/v2\/media\/75913"}],"wp:attachment":[{"href":"https:\/\/www.koonings.com\/fr\/wp-json\/wp\/v2\/media?parent=58110"}],"wp:term":[{"taxonomy":"productdetails","embeddable":true,"href":"https:\/\/www.koonings.com\/fr\/wp-json\/wp\/v2\/productdetails?post=58110"},{"taxonomy":"productneck","embeddable":true,"href":"https:\/\/www.koonings.com\/fr\/wp-json\/wp\/v2\/productneck?post=58110"},{"taxonomy":"productcolor","embeddable":true,"href":"https:\/\/www.koonings.com\/fr\/wp-json\/wp\/v2\/productcolor?post=58110"},{"taxonomy":"maat","embeddable":true,"href":"https:\/\/www.koonings.com\/fr\/wp-json\/wp\/v2\/maat?post=58110"},{"taxonomy":"productsupplier","embeddable":true,"href":"https:\/\/www.koonings.com\/fr\/wp-json\/wp\/v2\/productsupplier?post=58110"},{"taxonomy":"productsleeve","embeddable":true,"href":"https:\/\/www.koonings.com\/fr\/wp-json\/wp\/v2\/productsleeve?post=58110"},{"taxonomy":"productcategory","embeddable":true,"href":"https:\/\/www.koonings.com\/fr\/wp-json\/wp\/v2\/productcategory?post=58110"},{"taxonomy":"productsilhouette","embeddable":true,"href":"https:\/\/www.koonings.com\/fr\/wp-json\/wp\/v2\/productsilhouette?post=58110"},{"taxonomy":"productstyle","embeddable":true,"href":"https:\/\/www.koonings.com\/fr\/wp-json\/wp\/v2\/productstyle?post=58110"}],"curies":[{"name":"wp","href":"https:\/\/api.w.org\/{rel}","templated":true}]}}