{"id":58105,"date":"2026-05-06T15:18:48","date_gmt":"2026-05-06T13:18:48","guid":{"rendered":"https:\/\/www.koonings.com\/product\/modeca-curves-esmee-c\/"},"modified":"2025-06-05T13:17:35","modified_gmt":"2025-06-05T11:17:35","slug":"modeca-curves-esmee-c","status":"publish","type":"product","link":"https:\/\/www.koonings.com\/fr\/product\/modeca-curves-esmee-c\/","title":{"rendered":"Modeca Curves Esmee-C"},"content":{"rendered":"<p>Esmee-C est une robe de bal captivante avec une touche de modernit\u00e9, parfaite pour les mari\u00e9es aux courbes arrondies qui osent s&#8217;affirmer. Cette robe enchanteresse est orn\u00e9e d&#8217;une dentelle noire paillet\u00e9e qui orne le corsage et se prolonge gracieusement jusqu&#8217;aux longues manches transparentes, cr\u00e9ant un contraste enchanteur avec le tissu lisse. Les poches cach\u00e9es offrent \u00e0 la fois style et fonctionnalit\u00e9.  <\/p>\n","protected":false},"featured_media":44668,"template":"","meta":{"_acf_changed":false,"ghostkit_customizer_options":"","ghostkit_custom_css":"","ghostkit_custom_js_head":"","ghostkit_custom_js_foot":"","ghostkit_typography":""},"productdetails":[379],"productneck":[356],"productcolor":[394,392],"maat":[375],"productsupplier":[439],"productsleeve":[359,362],"productcategory":[18],"productsilhouette":[388],"productstyle":[371,372],"class_list":["post-58105","product","type-product","status-publish","has-post-thumbnail","hentry","productdetails-379","productneck-356","productcolor-394","productcolor-392","maat-375","productsupplier-modeca-curves","productsleeve-359","productsleeve-362","productcategory-trouwjurken","productsilhouette-388","productstyle-371","productstyle-372"],"acf":[],"yoast_head":"<!-- This site is optimized with the Yoast SEO plugin v27.3 - https:\/\/yoast.com\/product\/yoast-seo-wordpress\/ -->\n<title>Modeca Curves Esmee-C | Koonings<\/title>\n<meta name=\"description\" content=\"Esmee-C est une robe de bal captivante avec une touche de modernit\u00e9, parfaite pour les mari\u00e9es aux courbes arrondies qui osent s&#039;affirmer. Cette robe enchanteresse est orn\u00e9e d&#039;une dentelle noire paillet\u00e9e qui orne le corsage et se prolonge gracieusement jusqu&#039;aux longues manches transparentes, cr\u00e9ant un contraste enchanteur avec le tissu lisse. Les poches cach\u00e9es offrent \u00e0 la fois style et fonctionnalit\u00e9.\" \/>\n<meta name=\"robots\" content=\"index, follow, max-snippet:-1, max-image-preview:large, max-video-preview:-1\" \/>\n<link rel=\"canonical\" href=\"https:\/\/www.koonings.com\/fr\/product\/modeca-curves-esmee-c\/\" \/>\n<meta property=\"og:locale\" content=\"fr_FR\" \/>\n<meta property=\"og:type\" content=\"article\" \/>\n<meta property=\"og:title\" content=\"Modeca Curves Esmee-C | Koonings\" \/>\n<meta property=\"og:description\" content=\"Esmee-C est une robe de bal captivante avec une touche de modernit\u00e9, parfaite pour les mari\u00e9es aux courbes arrondies qui osent s&#039;affirmer. Cette robe enchanteresse est orn\u00e9e d&#039;une dentelle noire paillet\u00e9e qui orne le corsage et se prolonge gracieusement jusqu&#039;aux longues manches transparentes, cr\u00e9ant un contraste enchanteur avec le tissu lisse. Les poches cach\u00e9es offrent \u00e0 la fois style et fonctionnalit\u00e9.\" \/>\n<meta property=\"og:url\" content=\"https:\/\/www.koonings.com\/fr\/product\/modeca-curves-esmee-c\/\" \/>\n<meta property=\"og:site_name\" content=\"Koonings\" \/>\n<meta property=\"article:publisher\" content=\"https:\/\/www.facebook.com\/kooningstheweddingpalace\" \/>\n<meta property=\"og:image\" content=\"https:\/\/www.koonings.com\/wp-content\/uploads\/2024\/11\/40499_15c08f969f51d1a112037eb2d98e2af4e395c2a8c47be23a9456b427b333c0a2189298aa.jpeg\" \/>\n\t<meta property=\"og:image:width\" content=\"655\" \/>\n\t<meta property=\"og:image:height\" content=\"927\" \/>\n\t<meta property=\"og:image:type\" content=\"image\/jpeg\" \/>\n<meta name=\"twitter:card\" content=\"summary_large_image\" \/>\n<script type=\"application\/ld+json\" class=\"yoast-schema-graph\">{\"@context\":\"https:\\\/\\\/schema.org\",\"@graph\":[{\"@type\":\"WebPage\",\"@id\":\"https:\\\/\\\/www.koonings.com\\\/fr\\\/product\\\/modeca-curves-esmee-c\\\/\",\"url\":\"https:\\\/\\\/www.koonings.com\\\/fr\\\/product\\\/modeca-curves-esmee-c\\\/\",\"name\":\"Modeca Curves Esmee-C | Koonings\",\"isPartOf\":{\"@id\":\"https:\\\/\\\/www.koonings.com\\\/fr\\\/#website\"},\"primaryImageOfPage\":{\"@id\":\"https:\\\/\\\/www.koonings.com\\\/fr\\\/product\\\/modeca-curves-esmee-c\\\/#primaryimage\"},\"image\":{\"@id\":\"https:\\\/\\\/www.koonings.com\\\/fr\\\/product\\\/modeca-curves-esmee-c\\\/#primaryimage\"},\"thumbnailUrl\":\"https:\\\/\\\/www.koonings.com\\\/wp-content\\\/uploads\\\/2024\\\/11\\\/40499_15c08f969f51d1a112037eb2d98e2af4e395c2a8c47be23a9456b427b333c0a2189298aa.jpeg\",\"datePublished\":\"2026-05-06T13:18:48+00:00\",\"description\":\"Esmee-C est une robe de bal captivante avec une touche de modernit\u00e9, parfaite pour les mari\u00e9es aux courbes arrondies qui osent s'affirmer. Cette robe enchanteresse est orn\u00e9e d'une dentelle noire paillet\u00e9e qui orne le corsage et se prolonge gracieusement jusqu'aux longues manches transparentes, cr\u00e9ant un contraste enchanteur avec le tissu lisse. Les poches cach\u00e9es offrent \u00e0 la fois style et fonctionnalit\u00e9.\",\"breadcrumb\":{\"@id\":\"https:\\\/\\\/www.koonings.com\\\/fr\\\/product\\\/modeca-curves-esmee-c\\\/#breadcrumb\"},\"inLanguage\":\"fr-FR\",\"potentialAction\":[{\"@type\":\"ReadAction\",\"target\":[\"https:\\\/\\\/www.koonings.com\\\/fr\\\/product\\\/modeca-curves-esmee-c\\\/\"]}]},{\"@type\":\"ImageObject\",\"inLanguage\":\"fr-FR\",\"@id\":\"https:\\\/\\\/www.koonings.com\\\/fr\\\/product\\\/modeca-curves-esmee-c\\\/#primaryimage\",\"url\":\"https:\\\/\\\/www.koonings.com\\\/wp-content\\\/uploads\\\/2024\\\/11\\\/40499_15c08f969f51d1a112037eb2d98e2af4e395c2a8c47be23a9456b427b333c0a2189298aa.jpeg\",\"contentUrl\":\"https:\\\/\\\/www.koonings.com\\\/wp-content\\\/uploads\\\/2024\\\/11\\\/40499_15c08f969f51d1a112037eb2d98e2af4e395c2a8c47be23a9456b427b333c0a2189298aa.jpeg\",\"width\":655,\"height\":927},{\"@type\":\"BreadcrumbList\",\"@id\":\"https:\\\/\\\/www.koonings.com\\\/fr\\\/product\\\/modeca-curves-esmee-c\\\/#breadcrumb\",\"itemListElement\":[{\"@type\":\"ListItem\",\"position\":1,\"name\":\"Home\",\"item\":\"https:\\\/\\\/www.koonings.com\\\/fr\\\/\"},{\"@type\":\"ListItem\",\"position\":2,\"name\":\"Modeca Curves Esmee-C\"}]},{\"@type\":\"WebSite\",\"@id\":\"https:\\\/\\\/www.koonings.com\\\/fr\\\/#website\",\"url\":\"https:\\\/\\\/www.koonings.com\\\/fr\\\/\",\"name\":\"Koonings\",\"description\":\"De grootste bruidsmodewinkel ter wereld\",\"publisher\":{\"@id\":\"https:\\\/\\\/www.koonings.com\\\/fr\\\/#organization\"},\"potentialAction\":[{\"@type\":\"SearchAction\",\"target\":{\"@type\":\"EntryPoint\",\"urlTemplate\":\"https:\\\/\\\/www.koonings.com\\\/fr\\\/?s={search_term_string}\"},\"query-input\":{\"@type\":\"PropertyValueSpecification\",\"valueRequired\":true,\"valueName\":\"search_term_string\"}}],\"inLanguage\":\"fr-FR\"},{\"@type\":\"Organization\",\"@id\":\"https:\\\/\\\/www.koonings.com\\\/fr\\\/#organization\",\"name\":\"Koonings\",\"url\":\"https:\\\/\\\/www.koonings.com\\\/fr\\\/\",\"logo\":{\"@type\":\"ImageObject\",\"inLanguage\":\"fr-FR\",\"@id\":\"https:\\\/\\\/www.koonings.com\\\/fr\\\/#\\\/schema\\\/logo\\\/image\\\/\",\"url\":\"https:\\\/\\\/www.koonings.com\\\/wp-content\\\/uploads\\\/2024\\\/07\\\/logo.png\",\"contentUrl\":\"https:\\\/\\\/www.koonings.com\\\/wp-content\\\/uploads\\\/2024\\\/07\\\/logo.png\",\"width\":600,\"height\":428,\"caption\":\"Koonings\"},\"image\":{\"@id\":\"https:\\\/\\\/www.koonings.com\\\/fr\\\/#\\\/schema\\\/logo\\\/image\\\/\"},\"sameAs\":[\"https:\\\/\\\/www.facebook.com\\\/kooningstheweddingpalace\",\"https:\\\/\\\/www.instagram.com\\\/kooningstheweddingpalace\",\"https:\\\/\\\/www.pinterest.com\\\/koonings\",\"https:\\\/\\\/www.youtube.com\\\/kooningstheweddingpalace\"]}]}<\/script>\n<!-- \/ Yoast SEO plugin. -->","yoast_head_json":{"title":"Modeca Curves Esmee-C | Koonings","description":"Esmee-C est une robe de bal captivante avec une touche de modernit\u00e9, parfaite pour les mari\u00e9es aux courbes arrondies qui osent s'affirmer. Cette robe enchanteresse est orn\u00e9e d'une dentelle noire paillet\u00e9e qui orne le corsage et se prolonge gracieusement jusqu'aux longues manches transparentes, cr\u00e9ant un contraste enchanteur avec le tissu lisse. Les poches cach\u00e9es offrent \u00e0 la fois style et fonctionnalit\u00e9.","robots":{"index":"index","follow":"follow","max-snippet":"max-snippet:-1","max-image-preview":"max-image-preview:large","max-video-preview":"max-video-preview:-1"},"canonical":"https:\/\/www.koonings.com\/fr\/product\/modeca-curves-esmee-c\/","og_locale":"fr_FR","og_type":"article","og_title":"Modeca Curves Esmee-C | Koonings","og_description":"Esmee-C est une robe de bal captivante avec une touche de modernit\u00e9, parfaite pour les mari\u00e9es aux courbes arrondies qui osent s'affirmer. Cette robe enchanteresse est orn\u00e9e d'une dentelle noire paillet\u00e9e qui orne le corsage et se prolonge gracieusement jusqu'aux longues manches transparentes, cr\u00e9ant un contraste enchanteur avec le tissu lisse. Les poches cach\u00e9es offrent \u00e0 la fois style et fonctionnalit\u00e9.","og_url":"https:\/\/www.koonings.com\/fr\/product\/modeca-curves-esmee-c\/","og_site_name":"Koonings","article_publisher":"https:\/\/www.facebook.com\/kooningstheweddingpalace","og_image":[{"width":655,"height":927,"url":"https:\/\/www.koonings.com\/wp-content\/uploads\/2024\/11\/40499_15c08f969f51d1a112037eb2d98e2af4e395c2a8c47be23a9456b427b333c0a2189298aa.jpeg","type":"image\/jpeg"}],"twitter_card":"summary_large_image","schema":{"@context":"https:\/\/schema.org","@graph":[{"@type":"WebPage","@id":"https:\/\/www.koonings.com\/fr\/product\/modeca-curves-esmee-c\/","url":"https:\/\/www.koonings.com\/fr\/product\/modeca-curves-esmee-c\/","name":"Modeca Curves Esmee-C | Koonings","isPartOf":{"@id":"https:\/\/www.koonings.com\/fr\/#website"},"primaryImageOfPage":{"@id":"https:\/\/www.koonings.com\/fr\/product\/modeca-curves-esmee-c\/#primaryimage"},"image":{"@id":"https:\/\/www.koonings.com\/fr\/product\/modeca-curves-esmee-c\/#primaryimage"},"thumbnailUrl":"https:\/\/www.koonings.com\/wp-content\/uploads\/2024\/11\/40499_15c08f969f51d1a112037eb2d98e2af4e395c2a8c47be23a9456b427b333c0a2189298aa.jpeg","datePublished":"2026-05-06T13:18:48+00:00","description":"Esmee-C est une robe de bal captivante avec une touche de modernit\u00e9, parfaite pour les mari\u00e9es aux courbes arrondies qui osent s'affirmer. Cette robe enchanteresse est orn\u00e9e d'une dentelle noire paillet\u00e9e qui orne le corsage et se prolonge gracieusement jusqu'aux longues manches transparentes, cr\u00e9ant un contraste enchanteur avec le tissu lisse. Les poches cach\u00e9es offrent \u00e0 la fois style et fonctionnalit\u00e9.","breadcrumb":{"@id":"https:\/\/www.koonings.com\/fr\/product\/modeca-curves-esmee-c\/#breadcrumb"},"inLanguage":"fr-FR","potentialAction":[{"@type":"ReadAction","target":["https:\/\/www.koonings.com\/fr\/product\/modeca-curves-esmee-c\/"]}]},{"@type":"ImageObject","inLanguage":"fr-FR","@id":"https:\/\/www.koonings.com\/fr\/product\/modeca-curves-esmee-c\/#primaryimage","url":"https:\/\/www.koonings.com\/wp-content\/uploads\/2024\/11\/40499_15c08f969f51d1a112037eb2d98e2af4e395c2a8c47be23a9456b427b333c0a2189298aa.jpeg","contentUrl":"https:\/\/www.koonings.com\/wp-content\/uploads\/2024\/11\/40499_15c08f969f51d1a112037eb2d98e2af4e395c2a8c47be23a9456b427b333c0a2189298aa.jpeg","width":655,"height":927},{"@type":"BreadcrumbList","@id":"https:\/\/www.koonings.com\/fr\/product\/modeca-curves-esmee-c\/#breadcrumb","itemListElement":[{"@type":"ListItem","position":1,"name":"Home","item":"https:\/\/www.koonings.com\/fr\/"},{"@type":"ListItem","position":2,"name":"Modeca Curves Esmee-C"}]},{"@type":"WebSite","@id":"https:\/\/www.koonings.com\/fr\/#website","url":"https:\/\/www.koonings.com\/fr\/","name":"Koonings","description":"De grootste bruidsmodewinkel ter wereld","publisher":{"@id":"https:\/\/www.koonings.com\/fr\/#organization"},"potentialAction":[{"@type":"SearchAction","target":{"@type":"EntryPoint","urlTemplate":"https:\/\/www.koonings.com\/fr\/?s={search_term_string}"},"query-input":{"@type":"PropertyValueSpecification","valueRequired":true,"valueName":"search_term_string"}}],"inLanguage":"fr-FR"},{"@type":"Organization","@id":"https:\/\/www.koonings.com\/fr\/#organization","name":"Koonings","url":"https:\/\/www.koonings.com\/fr\/","logo":{"@type":"ImageObject","inLanguage":"fr-FR","@id":"https:\/\/www.koonings.com\/fr\/#\/schema\/logo\/image\/","url":"https:\/\/www.koonings.com\/wp-content\/uploads\/2024\/07\/logo.png","contentUrl":"https:\/\/www.koonings.com\/wp-content\/uploads\/2024\/07\/logo.png","width":600,"height":428,"caption":"Koonings"},"image":{"@id":"https:\/\/www.koonings.com\/fr\/#\/schema\/logo\/image\/"},"sameAs":["https:\/\/www.facebook.com\/kooningstheweddingpalace","https:\/\/www.instagram.com\/kooningstheweddingpalace","https:\/\/www.pinterest.com\/koonings","https:\/\/www.youtube.com\/kooningstheweddingpalace"]}]}},"_links":{"self":[{"href":"https:\/\/www.koonings.com\/fr\/wp-json\/wp\/v2\/product\/58105","targetHints":{"allow":["GET"]}}],"collection":[{"href":"https:\/\/www.koonings.com\/fr\/wp-json\/wp\/v2\/product"}],"about":[{"href":"https:\/\/www.koonings.com\/fr\/wp-json\/wp\/v2\/types\/product"}],"wp:featuredmedia":[{"embeddable":true,"href":"https:\/\/www.koonings.com\/fr\/wp-json\/wp\/v2\/media\/44668"}],"wp:attachment":[{"href":"https:\/\/www.koonings.com\/fr\/wp-json\/wp\/v2\/media?parent=58105"}],"wp:term":[{"taxonomy":"productdetails","embeddable":true,"href":"https:\/\/www.koonings.com\/fr\/wp-json\/wp\/v2\/productdetails?post=58105"},{"taxonomy":"productneck","embeddable":true,"href":"https:\/\/www.koonings.com\/fr\/wp-json\/wp\/v2\/productneck?post=58105"},{"taxonomy":"productcolor","embeddable":true,"href":"https:\/\/www.koonings.com\/fr\/wp-json\/wp\/v2\/productcolor?post=58105"},{"taxonomy":"maat","embeddable":true,"href":"https:\/\/www.koonings.com\/fr\/wp-json\/wp\/v2\/maat?post=58105"},{"taxonomy":"productsupplier","embeddable":true,"href":"https:\/\/www.koonings.com\/fr\/wp-json\/wp\/v2\/productsupplier?post=58105"},{"taxonomy":"productsleeve","embeddable":true,"href":"https:\/\/www.koonings.com\/fr\/wp-json\/wp\/v2\/productsleeve?post=58105"},{"taxonomy":"productcategory","embeddable":true,"href":"https:\/\/www.koonings.com\/fr\/wp-json\/wp\/v2\/productcategory?post=58105"},{"taxonomy":"productsilhouette","embeddable":true,"href":"https:\/\/www.koonings.com\/fr\/wp-json\/wp\/v2\/productsilhouette?post=58105"},{"taxonomy":"productstyle","embeddable":true,"href":"https:\/\/www.koonings.com\/fr\/wp-json\/wp\/v2\/productstyle?post=58105"}],"curies":[{"name":"wp","href":"https:\/\/api.w.org\/{rel}","templated":true}]}}