{"id":58093,"date":"2026-04-14T16:14:36","date_gmt":"2026-04-14T14:14:36","guid":{"rendered":"https:\/\/www.koonings.com\/product\/milla-nova-jezabelle\/"},"modified":"2026-02-16T14:37:58","modified_gmt":"2026-02-16T13:37:58","slug":"milla-nova-jezabelle","status":"publish","type":"product","link":"https:\/\/www.koonings.com\/fr\/product\/milla-nova-jezabelle\/","title":{"rendered":"Milla Nova Jezabelle"},"content":{"rendered":"<p>Jezabelle est la combinaison ultime entre le romantique et le sexy. Cette robe sir\u00e8ne pr\u00e9sente un corsage semi-transparent avec fermeture \u00e0 corset et des manches romantiques en tulle \u00e0 \u00e9paules d\u00e9couvertes, qui se rejoignent dans le dos par un joli n\u0153ud. L&#8217;ensemble de la robe est recouvert de magnifiques fleurs en 3D et s&#8217;\u00e9vase en une courte tra\u00eene.  <\/p>\n","protected":false},"featured_media":40741,"template":"","meta":{"_acf_changed":false,"ghostkit_customizer_options":"","ghostkit_custom_css":"","ghostkit_custom_js_head":"","ghostkit_custom_js_foot":"","ghostkit_typography":""},"productdetails":[379],"productneck":[352],"productcolor":[392],"maat":[],"productsupplier":[446],"productsleeve":[363],"productcategory":[18],"productsilhouette":[387],"productstyle":[366,370],"class_list":["post-58093","product","type-product","status-publish","has-post-thumbnail","hentry","productdetails-379","productneck-352","productcolor-392","productsupplier-milla-nova","productsleeve-363","productcategory-trouwjurken","productsilhouette-387","productstyle-366","productstyle-370"],"acf":[],"yoast_head":"<!-- This site is optimized with the Yoast SEO plugin v27.3 - https:\/\/yoast.com\/product\/yoast-seo-wordpress\/ -->\n<title>Milla Nova Jezabelle | Koonings<\/title>\n<meta name=\"description\" content=\"Jezabelle est la combinaison ultime entre le romantique et le sexy. Cette robe sir\u00e8ne pr\u00e9sente un corsage semi-transparent avec fermeture \u00e0 corset et des manches romantiques en tulle \u00e0 \u00e9paules d\u00e9couvertes, qui se rejoignent dans le dos par un joli n\u0153ud. L&#039;ensemble de la robe est recouvert de magnifiques fleurs en 3D et s&#039;\u00e9vase en une courte tra\u00eene.\" \/>\n<meta name=\"robots\" content=\"index, follow, max-snippet:-1, max-image-preview:large, max-video-preview:-1\" \/>\n<link rel=\"canonical\" href=\"https:\/\/www.koonings.com\/fr\/product\/milla-nova-jezabelle\/\" \/>\n<meta property=\"og:locale\" content=\"fr_FR\" \/>\n<meta property=\"og:type\" content=\"article\" \/>\n<meta property=\"og:title\" content=\"Milla Nova Jezabelle | Koonings\" \/>\n<meta property=\"og:description\" content=\"Jezabelle est la combinaison ultime entre le romantique et le sexy. Cette robe sir\u00e8ne pr\u00e9sente un corsage semi-transparent avec fermeture \u00e0 corset et des manches romantiques en tulle \u00e0 \u00e9paules d\u00e9couvertes, qui se rejoignent dans le dos par un joli n\u0153ud. L&#039;ensemble de la robe est recouvert de magnifiques fleurs en 3D et s&#039;\u00e9vase en une courte tra\u00eene.\" \/>\n<meta property=\"og:url\" content=\"https:\/\/www.koonings.com\/fr\/product\/milla-nova-jezabelle\/\" \/>\n<meta property=\"og:site_name\" content=\"Koonings\" \/>\n<meta property=\"article:publisher\" content=\"https:\/\/www.facebook.com\/kooningstheweddingpalace\" \/>\n<meta property=\"og:image\" content=\"https:\/\/www.koonings.com\/wp-content\/uploads\/2024\/11\/39471_f4eac252684d25d1469171ecf6ce95afd17ab5b6c944ace2eef63d22e929f4b92b737bc8-scaled.jpeg\" \/>\n\t<meta property=\"og:image:width\" content=\"1814\" \/>\n\t<meta property=\"og:image:height\" content=\"2560\" \/>\n\t<meta property=\"og:image:type\" content=\"image\/jpeg\" \/>\n<meta name=\"twitter:card\" content=\"summary_large_image\" \/>\n<script type=\"application\/ld+json\" class=\"yoast-schema-graph\">{\"@context\":\"https:\\\/\\\/schema.org\",\"@graph\":[{\"@type\":\"WebPage\",\"@id\":\"https:\\\/\\\/www.koonings.com\\\/fr\\\/product\\\/milla-nova-jezabelle\\\/\",\"url\":\"https:\\\/\\\/www.koonings.com\\\/fr\\\/product\\\/milla-nova-jezabelle\\\/\",\"name\":\"Milla Nova Jezabelle | Koonings\",\"isPartOf\":{\"@id\":\"https:\\\/\\\/www.koonings.com\\\/fr\\\/#website\"},\"primaryImageOfPage\":{\"@id\":\"https:\\\/\\\/www.koonings.com\\\/fr\\\/product\\\/milla-nova-jezabelle\\\/#primaryimage\"},\"image\":{\"@id\":\"https:\\\/\\\/www.koonings.com\\\/fr\\\/product\\\/milla-nova-jezabelle\\\/#primaryimage\"},\"thumbnailUrl\":\"https:\\\/\\\/www.koonings.com\\\/wp-content\\\/uploads\\\/2024\\\/11\\\/39471_f4eac252684d25d1469171ecf6ce95afd17ab5b6c944ace2eef63d22e929f4b92b737bc8-scaled.jpeg\",\"datePublished\":\"2026-04-14T14:14:36+00:00\",\"description\":\"Jezabelle est la combinaison ultime entre le romantique et le sexy. Cette robe sir\u00e8ne pr\u00e9sente un corsage semi-transparent avec fermeture \u00e0 corset et des manches romantiques en tulle \u00e0 \u00e9paules d\u00e9couvertes, qui se rejoignent dans le dos par un joli n\u0153ud. L'ensemble de la robe est recouvert de magnifiques fleurs en 3D et s'\u00e9vase en une courte tra\u00eene.\",\"breadcrumb\":{\"@id\":\"https:\\\/\\\/www.koonings.com\\\/fr\\\/product\\\/milla-nova-jezabelle\\\/#breadcrumb\"},\"inLanguage\":\"fr-FR\",\"potentialAction\":[{\"@type\":\"ReadAction\",\"target\":[\"https:\\\/\\\/www.koonings.com\\\/fr\\\/product\\\/milla-nova-jezabelle\\\/\"]}]},{\"@type\":\"ImageObject\",\"inLanguage\":\"fr-FR\",\"@id\":\"https:\\\/\\\/www.koonings.com\\\/fr\\\/product\\\/milla-nova-jezabelle\\\/#primaryimage\",\"url\":\"https:\\\/\\\/www.koonings.com\\\/wp-content\\\/uploads\\\/2024\\\/11\\\/39471_f4eac252684d25d1469171ecf6ce95afd17ab5b6c944ace2eef63d22e929f4b92b737bc8-scaled.jpeg\",\"contentUrl\":\"https:\\\/\\\/www.koonings.com\\\/wp-content\\\/uploads\\\/2024\\\/11\\\/39471_f4eac252684d25d1469171ecf6ce95afd17ab5b6c944ace2eef63d22e929f4b92b737bc8-scaled.jpeg\",\"width\":1814,\"height\":2560},{\"@type\":\"BreadcrumbList\",\"@id\":\"https:\\\/\\\/www.koonings.com\\\/fr\\\/product\\\/milla-nova-jezabelle\\\/#breadcrumb\",\"itemListElement\":[{\"@type\":\"ListItem\",\"position\":1,\"name\":\"Home\",\"item\":\"https:\\\/\\\/www.koonings.com\\\/fr\\\/\"},{\"@type\":\"ListItem\",\"position\":2,\"name\":\"Milla Nova Jezabelle\"}]},{\"@type\":\"WebSite\",\"@id\":\"https:\\\/\\\/www.koonings.com\\\/fr\\\/#website\",\"url\":\"https:\\\/\\\/www.koonings.com\\\/fr\\\/\",\"name\":\"Koonings\",\"description\":\"De grootste bruidsmodewinkel ter wereld\",\"publisher\":{\"@id\":\"https:\\\/\\\/www.koonings.com\\\/fr\\\/#organization\"},\"potentialAction\":[{\"@type\":\"SearchAction\",\"target\":{\"@type\":\"EntryPoint\",\"urlTemplate\":\"https:\\\/\\\/www.koonings.com\\\/fr\\\/?s={search_term_string}\"},\"query-input\":{\"@type\":\"PropertyValueSpecification\",\"valueRequired\":true,\"valueName\":\"search_term_string\"}}],\"inLanguage\":\"fr-FR\"},{\"@type\":\"Organization\",\"@id\":\"https:\\\/\\\/www.koonings.com\\\/fr\\\/#organization\",\"name\":\"Koonings\",\"url\":\"https:\\\/\\\/www.koonings.com\\\/fr\\\/\",\"logo\":{\"@type\":\"ImageObject\",\"inLanguage\":\"fr-FR\",\"@id\":\"https:\\\/\\\/www.koonings.com\\\/fr\\\/#\\\/schema\\\/logo\\\/image\\\/\",\"url\":\"https:\\\/\\\/www.koonings.com\\\/wp-content\\\/uploads\\\/2024\\\/07\\\/logo.png\",\"contentUrl\":\"https:\\\/\\\/www.koonings.com\\\/wp-content\\\/uploads\\\/2024\\\/07\\\/logo.png\",\"width\":600,\"height\":428,\"caption\":\"Koonings\"},\"image\":{\"@id\":\"https:\\\/\\\/www.koonings.com\\\/fr\\\/#\\\/schema\\\/logo\\\/image\\\/\"},\"sameAs\":[\"https:\\\/\\\/www.facebook.com\\\/kooningstheweddingpalace\",\"https:\\\/\\\/www.instagram.com\\\/kooningstheweddingpalace\",\"https:\\\/\\\/www.pinterest.com\\\/koonings\",\"https:\\\/\\\/www.youtube.com\\\/kooningstheweddingpalace\"]}]}<\/script>\n<!-- \/ Yoast SEO plugin. -->","yoast_head_json":{"title":"Milla Nova Jezabelle | Koonings","description":"Jezabelle est la combinaison ultime entre le romantique et le sexy. Cette robe sir\u00e8ne pr\u00e9sente un corsage semi-transparent avec fermeture \u00e0 corset et des manches romantiques en tulle \u00e0 \u00e9paules d\u00e9couvertes, qui se rejoignent dans le dos par un joli n\u0153ud. L'ensemble de la robe est recouvert de magnifiques fleurs en 3D et s'\u00e9vase en une courte tra\u00eene.","robots":{"index":"index","follow":"follow","max-snippet":"max-snippet:-1","max-image-preview":"max-image-preview:large","max-video-preview":"max-video-preview:-1"},"canonical":"https:\/\/www.koonings.com\/fr\/product\/milla-nova-jezabelle\/","og_locale":"fr_FR","og_type":"article","og_title":"Milla Nova Jezabelle | Koonings","og_description":"Jezabelle est la combinaison ultime entre le romantique et le sexy. Cette robe sir\u00e8ne pr\u00e9sente un corsage semi-transparent avec fermeture \u00e0 corset et des manches romantiques en tulle \u00e0 \u00e9paules d\u00e9couvertes, qui se rejoignent dans le dos par un joli n\u0153ud. L'ensemble de la robe est recouvert de magnifiques fleurs en 3D et s'\u00e9vase en une courte tra\u00eene.","og_url":"https:\/\/www.koonings.com\/fr\/product\/milla-nova-jezabelle\/","og_site_name":"Koonings","article_publisher":"https:\/\/www.facebook.com\/kooningstheweddingpalace","og_image":[{"width":1814,"height":2560,"url":"https:\/\/www.koonings.com\/wp-content\/uploads\/2024\/11\/39471_f4eac252684d25d1469171ecf6ce95afd17ab5b6c944ace2eef63d22e929f4b92b737bc8-scaled.jpeg","type":"image\/jpeg"}],"twitter_card":"summary_large_image","schema":{"@context":"https:\/\/schema.org","@graph":[{"@type":"WebPage","@id":"https:\/\/www.koonings.com\/fr\/product\/milla-nova-jezabelle\/","url":"https:\/\/www.koonings.com\/fr\/product\/milla-nova-jezabelle\/","name":"Milla Nova Jezabelle | Koonings","isPartOf":{"@id":"https:\/\/www.koonings.com\/fr\/#website"},"primaryImageOfPage":{"@id":"https:\/\/www.koonings.com\/fr\/product\/milla-nova-jezabelle\/#primaryimage"},"image":{"@id":"https:\/\/www.koonings.com\/fr\/product\/milla-nova-jezabelle\/#primaryimage"},"thumbnailUrl":"https:\/\/www.koonings.com\/wp-content\/uploads\/2024\/11\/39471_f4eac252684d25d1469171ecf6ce95afd17ab5b6c944ace2eef63d22e929f4b92b737bc8-scaled.jpeg","datePublished":"2026-04-14T14:14:36+00:00","description":"Jezabelle est la combinaison ultime entre le romantique et le sexy. Cette robe sir\u00e8ne pr\u00e9sente un corsage semi-transparent avec fermeture \u00e0 corset et des manches romantiques en tulle \u00e0 \u00e9paules d\u00e9couvertes, qui se rejoignent dans le dos par un joli n\u0153ud. L'ensemble de la robe est recouvert de magnifiques fleurs en 3D et s'\u00e9vase en une courte tra\u00eene.","breadcrumb":{"@id":"https:\/\/www.koonings.com\/fr\/product\/milla-nova-jezabelle\/#breadcrumb"},"inLanguage":"fr-FR","potentialAction":[{"@type":"ReadAction","target":["https:\/\/www.koonings.com\/fr\/product\/milla-nova-jezabelle\/"]}]},{"@type":"ImageObject","inLanguage":"fr-FR","@id":"https:\/\/www.koonings.com\/fr\/product\/milla-nova-jezabelle\/#primaryimage","url":"https:\/\/www.koonings.com\/wp-content\/uploads\/2024\/11\/39471_f4eac252684d25d1469171ecf6ce95afd17ab5b6c944ace2eef63d22e929f4b92b737bc8-scaled.jpeg","contentUrl":"https:\/\/www.koonings.com\/wp-content\/uploads\/2024\/11\/39471_f4eac252684d25d1469171ecf6ce95afd17ab5b6c944ace2eef63d22e929f4b92b737bc8-scaled.jpeg","width":1814,"height":2560},{"@type":"BreadcrumbList","@id":"https:\/\/www.koonings.com\/fr\/product\/milla-nova-jezabelle\/#breadcrumb","itemListElement":[{"@type":"ListItem","position":1,"name":"Home","item":"https:\/\/www.koonings.com\/fr\/"},{"@type":"ListItem","position":2,"name":"Milla Nova Jezabelle"}]},{"@type":"WebSite","@id":"https:\/\/www.koonings.com\/fr\/#website","url":"https:\/\/www.koonings.com\/fr\/","name":"Koonings","description":"De grootste bruidsmodewinkel ter wereld","publisher":{"@id":"https:\/\/www.koonings.com\/fr\/#organization"},"potentialAction":[{"@type":"SearchAction","target":{"@type":"EntryPoint","urlTemplate":"https:\/\/www.koonings.com\/fr\/?s={search_term_string}"},"query-input":{"@type":"PropertyValueSpecification","valueRequired":true,"valueName":"search_term_string"}}],"inLanguage":"fr-FR"},{"@type":"Organization","@id":"https:\/\/www.koonings.com\/fr\/#organization","name":"Koonings","url":"https:\/\/www.koonings.com\/fr\/","logo":{"@type":"ImageObject","inLanguage":"fr-FR","@id":"https:\/\/www.koonings.com\/fr\/#\/schema\/logo\/image\/","url":"https:\/\/www.koonings.com\/wp-content\/uploads\/2024\/07\/logo.png","contentUrl":"https:\/\/www.koonings.com\/wp-content\/uploads\/2024\/07\/logo.png","width":600,"height":428,"caption":"Koonings"},"image":{"@id":"https:\/\/www.koonings.com\/fr\/#\/schema\/logo\/image\/"},"sameAs":["https:\/\/www.facebook.com\/kooningstheweddingpalace","https:\/\/www.instagram.com\/kooningstheweddingpalace","https:\/\/www.pinterest.com\/koonings","https:\/\/www.youtube.com\/kooningstheweddingpalace"]}]}},"_links":{"self":[{"href":"https:\/\/www.koonings.com\/fr\/wp-json\/wp\/v2\/product\/58093","targetHints":{"allow":["GET"]}}],"collection":[{"href":"https:\/\/www.koonings.com\/fr\/wp-json\/wp\/v2\/product"}],"about":[{"href":"https:\/\/www.koonings.com\/fr\/wp-json\/wp\/v2\/types\/product"}],"wp:featuredmedia":[{"embeddable":true,"href":"https:\/\/www.koonings.com\/fr\/wp-json\/wp\/v2\/media\/40741"}],"wp:attachment":[{"href":"https:\/\/www.koonings.com\/fr\/wp-json\/wp\/v2\/media?parent=58093"}],"wp:term":[{"taxonomy":"productdetails","embeddable":true,"href":"https:\/\/www.koonings.com\/fr\/wp-json\/wp\/v2\/productdetails?post=58093"},{"taxonomy":"productneck","embeddable":true,"href":"https:\/\/www.koonings.com\/fr\/wp-json\/wp\/v2\/productneck?post=58093"},{"taxonomy":"productcolor","embeddable":true,"href":"https:\/\/www.koonings.com\/fr\/wp-json\/wp\/v2\/productcolor?post=58093"},{"taxonomy":"maat","embeddable":true,"href":"https:\/\/www.koonings.com\/fr\/wp-json\/wp\/v2\/maat?post=58093"},{"taxonomy":"productsupplier","embeddable":true,"href":"https:\/\/www.koonings.com\/fr\/wp-json\/wp\/v2\/productsupplier?post=58093"},{"taxonomy":"productsleeve","embeddable":true,"href":"https:\/\/www.koonings.com\/fr\/wp-json\/wp\/v2\/productsleeve?post=58093"},{"taxonomy":"productcategory","embeddable":true,"href":"https:\/\/www.koonings.com\/fr\/wp-json\/wp\/v2\/productcategory?post=58093"},{"taxonomy":"productsilhouette","embeddable":true,"href":"https:\/\/www.koonings.com\/fr\/wp-json\/wp\/v2\/productsilhouette?post=58093"},{"taxonomy":"productstyle","embeddable":true,"href":"https:\/\/www.koonings.com\/fr\/wp-json\/wp\/v2\/productstyle?post=58093"}],"curies":[{"name":"wp","href":"https:\/\/api.w.org\/{rel}","templated":true}]}}