{"id":58054,"date":"2026-04-21T18:14:29","date_gmt":"2026-04-21T16:14:29","guid":{"rendered":"https:\/\/www.koonings.com\/product\/libelle-jacky\/"},"modified":"2025-06-05T12:42:41","modified_gmt":"2025-06-05T10:42:41","slug":"libelle-jacky","status":"publish","type":"product","link":"https:\/\/www.koonings.com\/fr\/product\/libelle-jacky\/","title":{"rendered":"Libelle Jacky"},"content":{"rendered":"<p>Appr\u00e9ciez l&#8217;allure de cette robe, qui pr\u00e9sente un superbe corsage en dentelle illusion perl\u00e9e, orn\u00e9 de d\u00e9tails d\u00e9licats. Le profond d\u00e9collet\u00e9 en V ajoute une touche de sophistication et d&#8217;allure, mettant merveilleusement en valeur votre beaut\u00e9 naturelle. La jupe en mousseline de soie s&#8217;\u00e9coule gracieusement dans une silhouette en A, d\u00e9gageant une \u00e9l\u00e9gance \u00e9th\u00e9r\u00e9e.  <\/p>\n","protected":false},"featured_media":41055,"template":"","meta":{"_acf_changed":false,"ghostkit_customizer_options":"","ghostkit_custom_css":"","ghostkit_custom_js_head":"","ghostkit_custom_js_foot":"","ghostkit_typography":""},"productdetails":[380],"productneck":[356],"productcolor":[393,392],"maat":[],"productsupplier":[428],"productsleeve":[359],"productcategory":[18],"productsilhouette":[384],"productstyle":[370],"class_list":["post-58054","product","type-product","status-publish","has-post-thumbnail","hentry","productdetails-380","productneck-356","productcolor-393","productcolor-392","productsupplier-libelle","productsleeve-359","productcategory-trouwjurken","productsilhouette-384","productstyle-370"],"acf":[],"yoast_head":"<!-- This site is optimized with the Yoast SEO plugin v27.3 - https:\/\/yoast.com\/product\/yoast-seo-wordpress\/ -->\n<title>Libelle Jacky | Koonings<\/title>\n<meta name=\"description\" content=\"Appr\u00e9ciez l&#039;allure de cette robe, qui pr\u00e9sente un superbe corsage en dentelle illusion perl\u00e9e, orn\u00e9 de d\u00e9tails d\u00e9licats. Le profond d\u00e9collet\u00e9 en V ajoute une touche de sophistication et d&#039;allure, mettant merveilleusement en valeur votre beaut\u00e9 naturelle. La jupe en mousseline de soie s&#039;\u00e9coule gracieusement dans une silhouette en A, d\u00e9gageant une \u00e9l\u00e9gance \u00e9th\u00e9r\u00e9e.\" \/>\n<meta name=\"robots\" content=\"index, follow, max-snippet:-1, max-image-preview:large, max-video-preview:-1\" \/>\n<link rel=\"canonical\" href=\"https:\/\/www.koonings.com\/fr\/product\/libelle-jacky\/\" \/>\n<meta property=\"og:locale\" content=\"fr_FR\" \/>\n<meta property=\"og:type\" content=\"article\" \/>\n<meta property=\"og:title\" content=\"Libelle Jacky | Koonings\" \/>\n<meta property=\"og:description\" content=\"Appr\u00e9ciez l&#039;allure de cette robe, qui pr\u00e9sente un superbe corsage en dentelle illusion perl\u00e9e, orn\u00e9 de d\u00e9tails d\u00e9licats. Le profond d\u00e9collet\u00e9 en V ajoute une touche de sophistication et d&#039;allure, mettant merveilleusement en valeur votre beaut\u00e9 naturelle. La jupe en mousseline de soie s&#039;\u00e9coule gracieusement dans une silhouette en A, d\u00e9gageant une \u00e9l\u00e9gance \u00e9th\u00e9r\u00e9e.\" \/>\n<meta property=\"og:url\" content=\"https:\/\/www.koonings.com\/fr\/product\/libelle-jacky\/\" \/>\n<meta property=\"og:site_name\" content=\"Koonings\" \/>\n<meta property=\"article:publisher\" content=\"https:\/\/www.facebook.com\/kooningstheweddingpalace\" \/>\n<meta property=\"og:image\" content=\"https:\/\/www.koonings.com\/wp-content\/uploads\/2024\/11\/39526_3ab77db6d5885e4692487640226a13c8438edd25cf8fbd4948fce613f239b2c4b73131b8.jpeg\" \/>\n\t<meta property=\"og:image:width\" content=\"300\" \/>\n\t<meta property=\"og:image:height\" content=\"450\" \/>\n\t<meta property=\"og:image:type\" content=\"image\/jpeg\" \/>\n<meta name=\"twitter:card\" content=\"summary_large_image\" \/>\n<script type=\"application\/ld+json\" class=\"yoast-schema-graph\">{\"@context\":\"https:\\\/\\\/schema.org\",\"@graph\":[{\"@type\":\"WebPage\",\"@id\":\"https:\\\/\\\/www.koonings.com\\\/fr\\\/product\\\/libelle-jacky\\\/\",\"url\":\"https:\\\/\\\/www.koonings.com\\\/fr\\\/product\\\/libelle-jacky\\\/\",\"name\":\"Libelle Jacky | Koonings\",\"isPartOf\":{\"@id\":\"https:\\\/\\\/www.koonings.com\\\/fr\\\/#website\"},\"primaryImageOfPage\":{\"@id\":\"https:\\\/\\\/www.koonings.com\\\/fr\\\/product\\\/libelle-jacky\\\/#primaryimage\"},\"image\":{\"@id\":\"https:\\\/\\\/www.koonings.com\\\/fr\\\/product\\\/libelle-jacky\\\/#primaryimage\"},\"thumbnailUrl\":\"https:\\\/\\\/www.koonings.com\\\/wp-content\\\/uploads\\\/2024\\\/11\\\/39526_3ab77db6d5885e4692487640226a13c8438edd25cf8fbd4948fce613f239b2c4b73131b8.jpeg\",\"datePublished\":\"2026-04-21T16:14:29+00:00\",\"description\":\"Appr\u00e9ciez l'allure de cette robe, qui pr\u00e9sente un superbe corsage en dentelle illusion perl\u00e9e, orn\u00e9 de d\u00e9tails d\u00e9licats. Le profond d\u00e9collet\u00e9 en V ajoute une touche de sophistication et d'allure, mettant merveilleusement en valeur votre beaut\u00e9 naturelle. La jupe en mousseline de soie s'\u00e9coule gracieusement dans une silhouette en A, d\u00e9gageant une \u00e9l\u00e9gance \u00e9th\u00e9r\u00e9e.\",\"breadcrumb\":{\"@id\":\"https:\\\/\\\/www.koonings.com\\\/fr\\\/product\\\/libelle-jacky\\\/#breadcrumb\"},\"inLanguage\":\"fr-FR\",\"potentialAction\":[{\"@type\":\"ReadAction\",\"target\":[\"https:\\\/\\\/www.koonings.com\\\/fr\\\/product\\\/libelle-jacky\\\/\"]}]},{\"@type\":\"ImageObject\",\"inLanguage\":\"fr-FR\",\"@id\":\"https:\\\/\\\/www.koonings.com\\\/fr\\\/product\\\/libelle-jacky\\\/#primaryimage\",\"url\":\"https:\\\/\\\/www.koonings.com\\\/wp-content\\\/uploads\\\/2024\\\/11\\\/39526_3ab77db6d5885e4692487640226a13c8438edd25cf8fbd4948fce613f239b2c4b73131b8.jpeg\",\"contentUrl\":\"https:\\\/\\\/www.koonings.com\\\/wp-content\\\/uploads\\\/2024\\\/11\\\/39526_3ab77db6d5885e4692487640226a13c8438edd25cf8fbd4948fce613f239b2c4b73131b8.jpeg\",\"width\":300,\"height\":450},{\"@type\":\"BreadcrumbList\",\"@id\":\"https:\\\/\\\/www.koonings.com\\\/fr\\\/product\\\/libelle-jacky\\\/#breadcrumb\",\"itemListElement\":[{\"@type\":\"ListItem\",\"position\":1,\"name\":\"Home\",\"item\":\"https:\\\/\\\/www.koonings.com\\\/fr\\\/\"},{\"@type\":\"ListItem\",\"position\":2,\"name\":\"Libelle Jacky\"}]},{\"@type\":\"WebSite\",\"@id\":\"https:\\\/\\\/www.koonings.com\\\/fr\\\/#website\",\"url\":\"https:\\\/\\\/www.koonings.com\\\/fr\\\/\",\"name\":\"Koonings\",\"description\":\"De grootste bruidsmodewinkel ter wereld\",\"publisher\":{\"@id\":\"https:\\\/\\\/www.koonings.com\\\/fr\\\/#organization\"},\"potentialAction\":[{\"@type\":\"SearchAction\",\"target\":{\"@type\":\"EntryPoint\",\"urlTemplate\":\"https:\\\/\\\/www.koonings.com\\\/fr\\\/?s={search_term_string}\"},\"query-input\":{\"@type\":\"PropertyValueSpecification\",\"valueRequired\":true,\"valueName\":\"search_term_string\"}}],\"inLanguage\":\"fr-FR\"},{\"@type\":\"Organization\",\"@id\":\"https:\\\/\\\/www.koonings.com\\\/fr\\\/#organization\",\"name\":\"Koonings\",\"url\":\"https:\\\/\\\/www.koonings.com\\\/fr\\\/\",\"logo\":{\"@type\":\"ImageObject\",\"inLanguage\":\"fr-FR\",\"@id\":\"https:\\\/\\\/www.koonings.com\\\/fr\\\/#\\\/schema\\\/logo\\\/image\\\/\",\"url\":\"https:\\\/\\\/www.koonings.com\\\/wp-content\\\/uploads\\\/2024\\\/07\\\/logo.png\",\"contentUrl\":\"https:\\\/\\\/www.koonings.com\\\/wp-content\\\/uploads\\\/2024\\\/07\\\/logo.png\",\"width\":600,\"height\":428,\"caption\":\"Koonings\"},\"image\":{\"@id\":\"https:\\\/\\\/www.koonings.com\\\/fr\\\/#\\\/schema\\\/logo\\\/image\\\/\"},\"sameAs\":[\"https:\\\/\\\/www.facebook.com\\\/kooningstheweddingpalace\",\"https:\\\/\\\/www.instagram.com\\\/kooningstheweddingpalace\",\"https:\\\/\\\/www.pinterest.com\\\/koonings\",\"https:\\\/\\\/www.youtube.com\\\/kooningstheweddingpalace\"]}]}<\/script>\n<!-- \/ Yoast SEO plugin. -->","yoast_head_json":{"title":"Libelle Jacky | Koonings","description":"Appr\u00e9ciez l'allure de cette robe, qui pr\u00e9sente un superbe corsage en dentelle illusion perl\u00e9e, orn\u00e9 de d\u00e9tails d\u00e9licats. Le profond d\u00e9collet\u00e9 en V ajoute une touche de sophistication et d'allure, mettant merveilleusement en valeur votre beaut\u00e9 naturelle. La jupe en mousseline de soie s'\u00e9coule gracieusement dans une silhouette en A, d\u00e9gageant une \u00e9l\u00e9gance \u00e9th\u00e9r\u00e9e.","robots":{"index":"index","follow":"follow","max-snippet":"max-snippet:-1","max-image-preview":"max-image-preview:large","max-video-preview":"max-video-preview:-1"},"canonical":"https:\/\/www.koonings.com\/fr\/product\/libelle-jacky\/","og_locale":"fr_FR","og_type":"article","og_title":"Libelle Jacky | Koonings","og_description":"Appr\u00e9ciez l'allure de cette robe, qui pr\u00e9sente un superbe corsage en dentelle illusion perl\u00e9e, orn\u00e9 de d\u00e9tails d\u00e9licats. Le profond d\u00e9collet\u00e9 en V ajoute une touche de sophistication et d'allure, mettant merveilleusement en valeur votre beaut\u00e9 naturelle. La jupe en mousseline de soie s'\u00e9coule gracieusement dans une silhouette en A, d\u00e9gageant une \u00e9l\u00e9gance \u00e9th\u00e9r\u00e9e.","og_url":"https:\/\/www.koonings.com\/fr\/product\/libelle-jacky\/","og_site_name":"Koonings","article_publisher":"https:\/\/www.facebook.com\/kooningstheweddingpalace","og_image":[{"width":300,"height":450,"url":"https:\/\/www.koonings.com\/wp-content\/uploads\/2024\/11\/39526_3ab77db6d5885e4692487640226a13c8438edd25cf8fbd4948fce613f239b2c4b73131b8.jpeg","type":"image\/jpeg"}],"twitter_card":"summary_large_image","schema":{"@context":"https:\/\/schema.org","@graph":[{"@type":"WebPage","@id":"https:\/\/www.koonings.com\/fr\/product\/libelle-jacky\/","url":"https:\/\/www.koonings.com\/fr\/product\/libelle-jacky\/","name":"Libelle Jacky | Koonings","isPartOf":{"@id":"https:\/\/www.koonings.com\/fr\/#website"},"primaryImageOfPage":{"@id":"https:\/\/www.koonings.com\/fr\/product\/libelle-jacky\/#primaryimage"},"image":{"@id":"https:\/\/www.koonings.com\/fr\/product\/libelle-jacky\/#primaryimage"},"thumbnailUrl":"https:\/\/www.koonings.com\/wp-content\/uploads\/2024\/11\/39526_3ab77db6d5885e4692487640226a13c8438edd25cf8fbd4948fce613f239b2c4b73131b8.jpeg","datePublished":"2026-04-21T16:14:29+00:00","description":"Appr\u00e9ciez l'allure de cette robe, qui pr\u00e9sente un superbe corsage en dentelle illusion perl\u00e9e, orn\u00e9 de d\u00e9tails d\u00e9licats. Le profond d\u00e9collet\u00e9 en V ajoute une touche de sophistication et d'allure, mettant merveilleusement en valeur votre beaut\u00e9 naturelle. La jupe en mousseline de soie s'\u00e9coule gracieusement dans une silhouette en A, d\u00e9gageant une \u00e9l\u00e9gance \u00e9th\u00e9r\u00e9e.","breadcrumb":{"@id":"https:\/\/www.koonings.com\/fr\/product\/libelle-jacky\/#breadcrumb"},"inLanguage":"fr-FR","potentialAction":[{"@type":"ReadAction","target":["https:\/\/www.koonings.com\/fr\/product\/libelle-jacky\/"]}]},{"@type":"ImageObject","inLanguage":"fr-FR","@id":"https:\/\/www.koonings.com\/fr\/product\/libelle-jacky\/#primaryimage","url":"https:\/\/www.koonings.com\/wp-content\/uploads\/2024\/11\/39526_3ab77db6d5885e4692487640226a13c8438edd25cf8fbd4948fce613f239b2c4b73131b8.jpeg","contentUrl":"https:\/\/www.koonings.com\/wp-content\/uploads\/2024\/11\/39526_3ab77db6d5885e4692487640226a13c8438edd25cf8fbd4948fce613f239b2c4b73131b8.jpeg","width":300,"height":450},{"@type":"BreadcrumbList","@id":"https:\/\/www.koonings.com\/fr\/product\/libelle-jacky\/#breadcrumb","itemListElement":[{"@type":"ListItem","position":1,"name":"Home","item":"https:\/\/www.koonings.com\/fr\/"},{"@type":"ListItem","position":2,"name":"Libelle Jacky"}]},{"@type":"WebSite","@id":"https:\/\/www.koonings.com\/fr\/#website","url":"https:\/\/www.koonings.com\/fr\/","name":"Koonings","description":"De grootste bruidsmodewinkel ter wereld","publisher":{"@id":"https:\/\/www.koonings.com\/fr\/#organization"},"potentialAction":[{"@type":"SearchAction","target":{"@type":"EntryPoint","urlTemplate":"https:\/\/www.koonings.com\/fr\/?s={search_term_string}"},"query-input":{"@type":"PropertyValueSpecification","valueRequired":true,"valueName":"search_term_string"}}],"inLanguage":"fr-FR"},{"@type":"Organization","@id":"https:\/\/www.koonings.com\/fr\/#organization","name":"Koonings","url":"https:\/\/www.koonings.com\/fr\/","logo":{"@type":"ImageObject","inLanguage":"fr-FR","@id":"https:\/\/www.koonings.com\/fr\/#\/schema\/logo\/image\/","url":"https:\/\/www.koonings.com\/wp-content\/uploads\/2024\/07\/logo.png","contentUrl":"https:\/\/www.koonings.com\/wp-content\/uploads\/2024\/07\/logo.png","width":600,"height":428,"caption":"Koonings"},"image":{"@id":"https:\/\/www.koonings.com\/fr\/#\/schema\/logo\/image\/"},"sameAs":["https:\/\/www.facebook.com\/kooningstheweddingpalace","https:\/\/www.instagram.com\/kooningstheweddingpalace","https:\/\/www.pinterest.com\/koonings","https:\/\/www.youtube.com\/kooningstheweddingpalace"]}]}},"_links":{"self":[{"href":"https:\/\/www.koonings.com\/fr\/wp-json\/wp\/v2\/product\/58054","targetHints":{"allow":["GET"]}}],"collection":[{"href":"https:\/\/www.koonings.com\/fr\/wp-json\/wp\/v2\/product"}],"about":[{"href":"https:\/\/www.koonings.com\/fr\/wp-json\/wp\/v2\/types\/product"}],"wp:featuredmedia":[{"embeddable":true,"href":"https:\/\/www.koonings.com\/fr\/wp-json\/wp\/v2\/media\/41055"}],"wp:attachment":[{"href":"https:\/\/www.koonings.com\/fr\/wp-json\/wp\/v2\/media?parent=58054"}],"wp:term":[{"taxonomy":"productdetails","embeddable":true,"href":"https:\/\/www.koonings.com\/fr\/wp-json\/wp\/v2\/productdetails?post=58054"},{"taxonomy":"productneck","embeddable":true,"href":"https:\/\/www.koonings.com\/fr\/wp-json\/wp\/v2\/productneck?post=58054"},{"taxonomy":"productcolor","embeddable":true,"href":"https:\/\/www.koonings.com\/fr\/wp-json\/wp\/v2\/productcolor?post=58054"},{"taxonomy":"maat","embeddable":true,"href":"https:\/\/www.koonings.com\/fr\/wp-json\/wp\/v2\/maat?post=58054"},{"taxonomy":"productsupplier","embeddable":true,"href":"https:\/\/www.koonings.com\/fr\/wp-json\/wp\/v2\/productsupplier?post=58054"},{"taxonomy":"productsleeve","embeddable":true,"href":"https:\/\/www.koonings.com\/fr\/wp-json\/wp\/v2\/productsleeve?post=58054"},{"taxonomy":"productcategory","embeddable":true,"href":"https:\/\/www.koonings.com\/fr\/wp-json\/wp\/v2\/productcategory?post=58054"},{"taxonomy":"productsilhouette","embeddable":true,"href":"https:\/\/www.koonings.com\/fr\/wp-json\/wp\/v2\/productsilhouette?post=58054"},{"taxonomy":"productstyle","embeddable":true,"href":"https:\/\/www.koonings.com\/fr\/wp-json\/wp\/v2\/productstyle?post=58054"}],"curies":[{"name":"wp","href":"https:\/\/api.w.org\/{rel}","templated":true}]}}