{"id":58042,"date":"2026-04-28T18:14:11","date_gmt":"2026-04-28T16:14:11","guid":{"rendered":"https:\/\/www.koonings.com\/product\/libelle-jara\/"},"modified":"2025-06-05T12:42:43","modified_gmt":"2025-06-05T10:42:43","slug":"libelle-jara","status":"publish","type":"product","link":"https:\/\/www.koonings.com\/fr\/product\/libelle-jara\/","title":{"rendered":"Libelle Jara"},"content":{"rendered":"<p>\u00c9levez votre style gr\u00e2ce au charme caract\u00e9ristique de la robe Jara, dont le corsage est orn\u00e9 de fleurs en 3D qui ajoutent une touche de fantaisie et d&#8217;individualit\u00e9. Le d\u00e9collet\u00e9 en V et le dos en forme de V renforcent l&#8217;allure de la robe, qui respire la gr\u00e2ce et la sophistication. <\/p>\n","protected":false},"featured_media":41093,"template":"","meta":{"_acf_changed":false,"ghostkit_customizer_options":"","ghostkit_custom_css":"","ghostkit_custom_js_head":"","ghostkit_custom_js_foot":"","ghostkit_typography":""},"productdetails":[379],"productneck":[356],"productcolor":[393,392],"maat":[],"productsupplier":[428],"productsleeve":[359],"productcategory":[18],"productsilhouette":[384],"productstyle":[366],"class_list":["post-58042","product","type-product","status-publish","has-post-thumbnail","hentry","productdetails-379","productneck-356","productcolor-393","productcolor-392","productsupplier-libelle","productsleeve-359","productcategory-trouwjurken","productsilhouette-384","productstyle-366"],"acf":[],"yoast_head":"<!-- This site is optimized with the Yoast SEO plugin v27.3 - https:\/\/yoast.com\/product\/yoast-seo-wordpress\/ -->\n<title>Libelle Jara | Koonings<\/title>\n<meta name=\"description\" content=\"\u00c9levez votre style gr\u00e2ce au charme caract\u00e9ristique de la robe Jara, dont le corsage est orn\u00e9 de fleurs en 3D qui ajoutent une touche de fantaisie et d&#039;individualit\u00e9. Le d\u00e9collet\u00e9 en V et le dos en forme de V renforcent l&#039;allure de la robe, qui respire la gr\u00e2ce et la sophistication.\" \/>\n<meta name=\"robots\" content=\"index, follow, max-snippet:-1, max-image-preview:large, max-video-preview:-1\" \/>\n<link rel=\"canonical\" href=\"https:\/\/www.koonings.com\/fr\/product\/libelle-jara\/\" \/>\n<meta property=\"og:locale\" content=\"fr_FR\" \/>\n<meta property=\"og:type\" content=\"article\" \/>\n<meta property=\"og:title\" content=\"Libelle Jara | Koonings\" \/>\n<meta property=\"og:description\" content=\"\u00c9levez votre style gr\u00e2ce au charme caract\u00e9ristique de la robe Jara, dont le corsage est orn\u00e9 de fleurs en 3D qui ajoutent une touche de fantaisie et d&#039;individualit\u00e9. Le d\u00e9collet\u00e9 en V et le dos en forme de V renforcent l&#039;allure de la robe, qui respire la gr\u00e2ce et la sophistication.\" \/>\n<meta property=\"og:url\" content=\"https:\/\/www.koonings.com\/fr\/product\/libelle-jara\/\" \/>\n<meta property=\"og:site_name\" content=\"Koonings\" \/>\n<meta property=\"article:publisher\" content=\"https:\/\/www.facebook.com\/kooningstheweddingpalace\" \/>\n<meta property=\"og:image\" content=\"https:\/\/www.koonings.com\/wp-content\/uploads\/2024\/11\/39528_e42e3401239162b0687a7fa677cd18fc7b0ceb0be22d633b09f455df351835d7e3ff96fe-scaled.jpeg\" \/>\n\t<meta property=\"og:image:width\" content=\"1813\" \/>\n\t<meta property=\"og:image:height\" content=\"2560\" \/>\n\t<meta property=\"og:image:type\" content=\"image\/jpeg\" \/>\n<meta name=\"twitter:card\" content=\"summary_large_image\" \/>\n<script type=\"application\/ld+json\" class=\"yoast-schema-graph\">{\"@context\":\"https:\\\/\\\/schema.org\",\"@graph\":[{\"@type\":\"WebPage\",\"@id\":\"https:\\\/\\\/www.koonings.com\\\/fr\\\/product\\\/libelle-jara\\\/\",\"url\":\"https:\\\/\\\/www.koonings.com\\\/fr\\\/product\\\/libelle-jara\\\/\",\"name\":\"Libelle Jara | Koonings\",\"isPartOf\":{\"@id\":\"https:\\\/\\\/www.koonings.com\\\/fr\\\/#website\"},\"primaryImageOfPage\":{\"@id\":\"https:\\\/\\\/www.koonings.com\\\/fr\\\/product\\\/libelle-jara\\\/#primaryimage\"},\"image\":{\"@id\":\"https:\\\/\\\/www.koonings.com\\\/fr\\\/product\\\/libelle-jara\\\/#primaryimage\"},\"thumbnailUrl\":\"https:\\\/\\\/www.koonings.com\\\/wp-content\\\/uploads\\\/2024\\\/11\\\/39528_e42e3401239162b0687a7fa677cd18fc7b0ceb0be22d633b09f455df351835d7e3ff96fe-scaled.jpeg\",\"datePublished\":\"2026-04-28T16:14:11+00:00\",\"description\":\"\u00c9levez votre style gr\u00e2ce au charme caract\u00e9ristique de la robe Jara, dont le corsage est orn\u00e9 de fleurs en 3D qui ajoutent une touche de fantaisie et d'individualit\u00e9. Le d\u00e9collet\u00e9 en V et le dos en forme de V renforcent l'allure de la robe, qui respire la gr\u00e2ce et la sophistication.\",\"breadcrumb\":{\"@id\":\"https:\\\/\\\/www.koonings.com\\\/fr\\\/product\\\/libelle-jara\\\/#breadcrumb\"},\"inLanguage\":\"fr-FR\",\"potentialAction\":[{\"@type\":\"ReadAction\",\"target\":[\"https:\\\/\\\/www.koonings.com\\\/fr\\\/product\\\/libelle-jara\\\/\"]}]},{\"@type\":\"ImageObject\",\"inLanguage\":\"fr-FR\",\"@id\":\"https:\\\/\\\/www.koonings.com\\\/fr\\\/product\\\/libelle-jara\\\/#primaryimage\",\"url\":\"https:\\\/\\\/www.koonings.com\\\/wp-content\\\/uploads\\\/2024\\\/11\\\/39528_e42e3401239162b0687a7fa677cd18fc7b0ceb0be22d633b09f455df351835d7e3ff96fe-scaled.jpeg\",\"contentUrl\":\"https:\\\/\\\/www.koonings.com\\\/wp-content\\\/uploads\\\/2024\\\/11\\\/39528_e42e3401239162b0687a7fa677cd18fc7b0ceb0be22d633b09f455df351835d7e3ff96fe-scaled.jpeg\",\"width\":1813,\"height\":2560},{\"@type\":\"BreadcrumbList\",\"@id\":\"https:\\\/\\\/www.koonings.com\\\/fr\\\/product\\\/libelle-jara\\\/#breadcrumb\",\"itemListElement\":[{\"@type\":\"ListItem\",\"position\":1,\"name\":\"Home\",\"item\":\"https:\\\/\\\/www.koonings.com\\\/fr\\\/\"},{\"@type\":\"ListItem\",\"position\":2,\"name\":\"Libelle Jara\"}]},{\"@type\":\"WebSite\",\"@id\":\"https:\\\/\\\/www.koonings.com\\\/fr\\\/#website\",\"url\":\"https:\\\/\\\/www.koonings.com\\\/fr\\\/\",\"name\":\"Koonings\",\"description\":\"De grootste bruidsmodewinkel ter wereld\",\"publisher\":{\"@id\":\"https:\\\/\\\/www.koonings.com\\\/fr\\\/#organization\"},\"potentialAction\":[{\"@type\":\"SearchAction\",\"target\":{\"@type\":\"EntryPoint\",\"urlTemplate\":\"https:\\\/\\\/www.koonings.com\\\/fr\\\/?s={search_term_string}\"},\"query-input\":{\"@type\":\"PropertyValueSpecification\",\"valueRequired\":true,\"valueName\":\"search_term_string\"}}],\"inLanguage\":\"fr-FR\"},{\"@type\":\"Organization\",\"@id\":\"https:\\\/\\\/www.koonings.com\\\/fr\\\/#organization\",\"name\":\"Koonings\",\"url\":\"https:\\\/\\\/www.koonings.com\\\/fr\\\/\",\"logo\":{\"@type\":\"ImageObject\",\"inLanguage\":\"fr-FR\",\"@id\":\"https:\\\/\\\/www.koonings.com\\\/fr\\\/#\\\/schema\\\/logo\\\/image\\\/\",\"url\":\"https:\\\/\\\/www.koonings.com\\\/wp-content\\\/uploads\\\/2024\\\/07\\\/logo.png\",\"contentUrl\":\"https:\\\/\\\/www.koonings.com\\\/wp-content\\\/uploads\\\/2024\\\/07\\\/logo.png\",\"width\":600,\"height\":428,\"caption\":\"Koonings\"},\"image\":{\"@id\":\"https:\\\/\\\/www.koonings.com\\\/fr\\\/#\\\/schema\\\/logo\\\/image\\\/\"},\"sameAs\":[\"https:\\\/\\\/www.facebook.com\\\/kooningstheweddingpalace\",\"https:\\\/\\\/www.instagram.com\\\/kooningstheweddingpalace\",\"https:\\\/\\\/www.pinterest.com\\\/koonings\",\"https:\\\/\\\/www.youtube.com\\\/kooningstheweddingpalace\"]}]}<\/script>\n<!-- \/ Yoast SEO plugin. -->","yoast_head_json":{"title":"Libelle Jara | Koonings","description":"\u00c9levez votre style gr\u00e2ce au charme caract\u00e9ristique de la robe Jara, dont le corsage est orn\u00e9 de fleurs en 3D qui ajoutent une touche de fantaisie et d'individualit\u00e9. Le d\u00e9collet\u00e9 en V et le dos en forme de V renforcent l'allure de la robe, qui respire la gr\u00e2ce et la sophistication.","robots":{"index":"index","follow":"follow","max-snippet":"max-snippet:-1","max-image-preview":"max-image-preview:large","max-video-preview":"max-video-preview:-1"},"canonical":"https:\/\/www.koonings.com\/fr\/product\/libelle-jara\/","og_locale":"fr_FR","og_type":"article","og_title":"Libelle Jara | Koonings","og_description":"\u00c9levez votre style gr\u00e2ce au charme caract\u00e9ristique de la robe Jara, dont le corsage est orn\u00e9 de fleurs en 3D qui ajoutent une touche de fantaisie et d'individualit\u00e9. Le d\u00e9collet\u00e9 en V et le dos en forme de V renforcent l'allure de la robe, qui respire la gr\u00e2ce et la sophistication.","og_url":"https:\/\/www.koonings.com\/fr\/product\/libelle-jara\/","og_site_name":"Koonings","article_publisher":"https:\/\/www.facebook.com\/kooningstheweddingpalace","og_image":[{"width":1813,"height":2560,"url":"https:\/\/www.koonings.com\/wp-content\/uploads\/2024\/11\/39528_e42e3401239162b0687a7fa677cd18fc7b0ceb0be22d633b09f455df351835d7e3ff96fe-scaled.jpeg","type":"image\/jpeg"}],"twitter_card":"summary_large_image","schema":{"@context":"https:\/\/schema.org","@graph":[{"@type":"WebPage","@id":"https:\/\/www.koonings.com\/fr\/product\/libelle-jara\/","url":"https:\/\/www.koonings.com\/fr\/product\/libelle-jara\/","name":"Libelle Jara | Koonings","isPartOf":{"@id":"https:\/\/www.koonings.com\/fr\/#website"},"primaryImageOfPage":{"@id":"https:\/\/www.koonings.com\/fr\/product\/libelle-jara\/#primaryimage"},"image":{"@id":"https:\/\/www.koonings.com\/fr\/product\/libelle-jara\/#primaryimage"},"thumbnailUrl":"https:\/\/www.koonings.com\/wp-content\/uploads\/2024\/11\/39528_e42e3401239162b0687a7fa677cd18fc7b0ceb0be22d633b09f455df351835d7e3ff96fe-scaled.jpeg","datePublished":"2026-04-28T16:14:11+00:00","description":"\u00c9levez votre style gr\u00e2ce au charme caract\u00e9ristique de la robe Jara, dont le corsage est orn\u00e9 de fleurs en 3D qui ajoutent une touche de fantaisie et d'individualit\u00e9. Le d\u00e9collet\u00e9 en V et le dos en forme de V renforcent l'allure de la robe, qui respire la gr\u00e2ce et la sophistication.","breadcrumb":{"@id":"https:\/\/www.koonings.com\/fr\/product\/libelle-jara\/#breadcrumb"},"inLanguage":"fr-FR","potentialAction":[{"@type":"ReadAction","target":["https:\/\/www.koonings.com\/fr\/product\/libelle-jara\/"]}]},{"@type":"ImageObject","inLanguage":"fr-FR","@id":"https:\/\/www.koonings.com\/fr\/product\/libelle-jara\/#primaryimage","url":"https:\/\/www.koonings.com\/wp-content\/uploads\/2024\/11\/39528_e42e3401239162b0687a7fa677cd18fc7b0ceb0be22d633b09f455df351835d7e3ff96fe-scaled.jpeg","contentUrl":"https:\/\/www.koonings.com\/wp-content\/uploads\/2024\/11\/39528_e42e3401239162b0687a7fa677cd18fc7b0ceb0be22d633b09f455df351835d7e3ff96fe-scaled.jpeg","width":1813,"height":2560},{"@type":"BreadcrumbList","@id":"https:\/\/www.koonings.com\/fr\/product\/libelle-jara\/#breadcrumb","itemListElement":[{"@type":"ListItem","position":1,"name":"Home","item":"https:\/\/www.koonings.com\/fr\/"},{"@type":"ListItem","position":2,"name":"Libelle Jara"}]},{"@type":"WebSite","@id":"https:\/\/www.koonings.com\/fr\/#website","url":"https:\/\/www.koonings.com\/fr\/","name":"Koonings","description":"De grootste bruidsmodewinkel ter wereld","publisher":{"@id":"https:\/\/www.koonings.com\/fr\/#organization"},"potentialAction":[{"@type":"SearchAction","target":{"@type":"EntryPoint","urlTemplate":"https:\/\/www.koonings.com\/fr\/?s={search_term_string}"},"query-input":{"@type":"PropertyValueSpecification","valueRequired":true,"valueName":"search_term_string"}}],"inLanguage":"fr-FR"},{"@type":"Organization","@id":"https:\/\/www.koonings.com\/fr\/#organization","name":"Koonings","url":"https:\/\/www.koonings.com\/fr\/","logo":{"@type":"ImageObject","inLanguage":"fr-FR","@id":"https:\/\/www.koonings.com\/fr\/#\/schema\/logo\/image\/","url":"https:\/\/www.koonings.com\/wp-content\/uploads\/2024\/07\/logo.png","contentUrl":"https:\/\/www.koonings.com\/wp-content\/uploads\/2024\/07\/logo.png","width":600,"height":428,"caption":"Koonings"},"image":{"@id":"https:\/\/www.koonings.com\/fr\/#\/schema\/logo\/image\/"},"sameAs":["https:\/\/www.facebook.com\/kooningstheweddingpalace","https:\/\/www.instagram.com\/kooningstheweddingpalace","https:\/\/www.pinterest.com\/koonings","https:\/\/www.youtube.com\/kooningstheweddingpalace"]}]}},"_links":{"self":[{"href":"https:\/\/www.koonings.com\/fr\/wp-json\/wp\/v2\/product\/58042","targetHints":{"allow":["GET"]}}],"collection":[{"href":"https:\/\/www.koonings.com\/fr\/wp-json\/wp\/v2\/product"}],"about":[{"href":"https:\/\/www.koonings.com\/fr\/wp-json\/wp\/v2\/types\/product"}],"wp:featuredmedia":[{"embeddable":true,"href":"https:\/\/www.koonings.com\/fr\/wp-json\/wp\/v2\/media\/41093"}],"wp:attachment":[{"href":"https:\/\/www.koonings.com\/fr\/wp-json\/wp\/v2\/media?parent=58042"}],"wp:term":[{"taxonomy":"productdetails","embeddable":true,"href":"https:\/\/www.koonings.com\/fr\/wp-json\/wp\/v2\/productdetails?post=58042"},{"taxonomy":"productneck","embeddable":true,"href":"https:\/\/www.koonings.com\/fr\/wp-json\/wp\/v2\/productneck?post=58042"},{"taxonomy":"productcolor","embeddable":true,"href":"https:\/\/www.koonings.com\/fr\/wp-json\/wp\/v2\/productcolor?post=58042"},{"taxonomy":"maat","embeddable":true,"href":"https:\/\/www.koonings.com\/fr\/wp-json\/wp\/v2\/maat?post=58042"},{"taxonomy":"productsupplier","embeddable":true,"href":"https:\/\/www.koonings.com\/fr\/wp-json\/wp\/v2\/productsupplier?post=58042"},{"taxonomy":"productsleeve","embeddable":true,"href":"https:\/\/www.koonings.com\/fr\/wp-json\/wp\/v2\/productsleeve?post=58042"},{"taxonomy":"productcategory","embeddable":true,"href":"https:\/\/www.koonings.com\/fr\/wp-json\/wp\/v2\/productcategory?post=58042"},{"taxonomy":"productsilhouette","embeddable":true,"href":"https:\/\/www.koonings.com\/fr\/wp-json\/wp\/v2\/productsilhouette?post=58042"},{"taxonomy":"productstyle","embeddable":true,"href":"https:\/\/www.koonings.com\/fr\/wp-json\/wp\/v2\/productstyle?post=58042"}],"curies":[{"name":"wp","href":"https:\/\/api.w.org\/{rel}","templated":true}]}}