{"id":58041,"date":"2026-05-06T15:14:22","date_gmt":"2026-05-06T13:14:22","guid":{"rendered":"https:\/\/www.koonings.com\/product\/herve-paris-cassandra\/"},"modified":"2025-06-05T12:42:46","modified_gmt":"2025-06-05T10:42:46","slug":"herve-paris-cassandra","status":"publish","type":"product","link":"https:\/\/www.koonings.com\/fr\/product\/herve-paris-cassandra\/","title":{"rendered":"Herve Paris Cassandra"},"content":{"rendered":"<p>Plongez dans le monde enchanteur de la robe Cassandra. Une robe qui incarne le look romantique par excellence. Le corsage est orn\u00e9 d&#8217;une dentelle exclusive GBS Herve Paris, d&#8217;un trou de serrure dans le dos et de manches capuchon. La robe peut \u00eatre con\u00e7ue avec une jupe en mousseline de soie pour les mari\u00e9es qui souhaitent ajouter un petit quelque chose de plus. Avec Cassandra, vous cr\u00e9erez un sentiment d&#8217;\u00e9merveillement et laisserez une impression durable.    <\/p>\n","protected":false},"featured_media":41147,"template":"","meta":{"_acf_changed":false,"ghostkit_customizer_options":"","ghostkit_custom_css":"","ghostkit_custom_js_head":"","ghostkit_custom_js_foot":"","ghostkit_typography":""},"productdetails":[],"productneck":[356],"productcolor":[393,394],"maat":[],"productsupplier":[424],"productsleeve":[359],"productcategory":[18],"productsilhouette":[384],"productstyle":[],"class_list":["post-58041","product","type-product","status-publish","has-post-thumbnail","hentry","productneck-356","productcolor-393","productcolor-394","productsupplier-herve-paris","productsleeve-359","productcategory-trouwjurken","productsilhouette-384"],"acf":[],"yoast_head":"<!-- This site is optimized with the Yoast SEO plugin v27.3 - https:\/\/yoast.com\/product\/yoast-seo-wordpress\/ -->\n<title>Herve Paris Cassandra | Koonings<\/title>\n<meta name=\"description\" content=\"Plongez dans le monde enchanteur de la robe Cassandra. Une robe qui incarne le look romantique par excellence. Le corsage est orn\u00e9 d&#039;une dentelle exclusive GBS Herve Paris, d&#039;un trou de serrure dans le dos et de manches capuchon. La robe peut \u00eatre con\u00e7ue avec une jupe en mousseline de soie pour les mari\u00e9es qui souhaitent ajouter un petit quelque chose de plus. Avec Cassandra, vous cr\u00e9erez un sentiment d&#039;\u00e9merveillement et laisserez une impression durable.\" \/>\n<meta name=\"robots\" content=\"index, follow, max-snippet:-1, max-image-preview:large, max-video-preview:-1\" \/>\n<link rel=\"canonical\" href=\"https:\/\/www.koonings.com\/fr\/product\/herve-paris-cassandra\/\" \/>\n<meta property=\"og:locale\" content=\"fr_FR\" \/>\n<meta property=\"og:type\" content=\"article\" \/>\n<meta property=\"og:title\" content=\"Herve Paris Cassandra | Koonings\" \/>\n<meta property=\"og:description\" content=\"Plongez dans le monde enchanteur de la robe Cassandra. Une robe qui incarne le look romantique par excellence. Le corsage est orn\u00e9 d&#039;une dentelle exclusive GBS Herve Paris, d&#039;un trou de serrure dans le dos et de manches capuchon. La robe peut \u00eatre con\u00e7ue avec une jupe en mousseline de soie pour les mari\u00e9es qui souhaitent ajouter un petit quelque chose de plus. Avec Cassandra, vous cr\u00e9erez un sentiment d&#039;\u00e9merveillement et laisserez une impression durable.\" \/>\n<meta property=\"og:url\" content=\"https:\/\/www.koonings.com\/fr\/product\/herve-paris-cassandra\/\" \/>\n<meta property=\"og:site_name\" content=\"Koonings\" \/>\n<meta property=\"article:publisher\" content=\"https:\/\/www.facebook.com\/kooningstheweddingpalace\" \/>\n<meta property=\"og:image\" content=\"https:\/\/www.koonings.com\/wp-content\/uploads\/2024\/11\/39531_6cb711ba04b9a02e408cd758485f99f224b62ce26225d88c5370e31f70fc6de0aea967f4-scaled.jpeg\" \/>\n\t<meta property=\"og:image:width\" content=\"1814\" \/>\n\t<meta property=\"og:image:height\" content=\"2560\" \/>\n\t<meta property=\"og:image:type\" content=\"image\/jpeg\" \/>\n<meta name=\"twitter:card\" content=\"summary_large_image\" \/>\n<script type=\"application\/ld+json\" class=\"yoast-schema-graph\">{\"@context\":\"https:\\\/\\\/schema.org\",\"@graph\":[{\"@type\":\"WebPage\",\"@id\":\"https:\\\/\\\/www.koonings.com\\\/fr\\\/product\\\/herve-paris-cassandra\\\/\",\"url\":\"https:\\\/\\\/www.koonings.com\\\/fr\\\/product\\\/herve-paris-cassandra\\\/\",\"name\":\"Herve Paris Cassandra | Koonings\",\"isPartOf\":{\"@id\":\"https:\\\/\\\/www.koonings.com\\\/fr\\\/#website\"},\"primaryImageOfPage\":{\"@id\":\"https:\\\/\\\/www.koonings.com\\\/fr\\\/product\\\/herve-paris-cassandra\\\/#primaryimage\"},\"image\":{\"@id\":\"https:\\\/\\\/www.koonings.com\\\/fr\\\/product\\\/herve-paris-cassandra\\\/#primaryimage\"},\"thumbnailUrl\":\"https:\\\/\\\/www.koonings.com\\\/wp-content\\\/uploads\\\/2024\\\/11\\\/39531_6cb711ba04b9a02e408cd758485f99f224b62ce26225d88c5370e31f70fc6de0aea967f4-scaled.jpeg\",\"datePublished\":\"2026-05-06T13:14:22+00:00\",\"description\":\"Plongez dans le monde enchanteur de la robe Cassandra. Une robe qui incarne le look romantique par excellence. Le corsage est orn\u00e9 d'une dentelle exclusive GBS Herve Paris, d'un trou de serrure dans le dos et de manches capuchon. La robe peut \u00eatre con\u00e7ue avec une jupe en mousseline de soie pour les mari\u00e9es qui souhaitent ajouter un petit quelque chose de plus. Avec Cassandra, vous cr\u00e9erez un sentiment d'\u00e9merveillement et laisserez une impression durable.\",\"breadcrumb\":{\"@id\":\"https:\\\/\\\/www.koonings.com\\\/fr\\\/product\\\/herve-paris-cassandra\\\/#breadcrumb\"},\"inLanguage\":\"fr-FR\",\"potentialAction\":[{\"@type\":\"ReadAction\",\"target\":[\"https:\\\/\\\/www.koonings.com\\\/fr\\\/product\\\/herve-paris-cassandra\\\/\"]}]},{\"@type\":\"ImageObject\",\"inLanguage\":\"fr-FR\",\"@id\":\"https:\\\/\\\/www.koonings.com\\\/fr\\\/product\\\/herve-paris-cassandra\\\/#primaryimage\",\"url\":\"https:\\\/\\\/www.koonings.com\\\/wp-content\\\/uploads\\\/2024\\\/11\\\/39531_6cb711ba04b9a02e408cd758485f99f224b62ce26225d88c5370e31f70fc6de0aea967f4-scaled.jpeg\",\"contentUrl\":\"https:\\\/\\\/www.koonings.com\\\/wp-content\\\/uploads\\\/2024\\\/11\\\/39531_6cb711ba04b9a02e408cd758485f99f224b62ce26225d88c5370e31f70fc6de0aea967f4-scaled.jpeg\",\"width\":1814,\"height\":2560},{\"@type\":\"BreadcrumbList\",\"@id\":\"https:\\\/\\\/www.koonings.com\\\/fr\\\/product\\\/herve-paris-cassandra\\\/#breadcrumb\",\"itemListElement\":[{\"@type\":\"ListItem\",\"position\":1,\"name\":\"Home\",\"item\":\"https:\\\/\\\/www.koonings.com\\\/fr\\\/\"},{\"@type\":\"ListItem\",\"position\":2,\"name\":\"Herve Paris Cassandra\"}]},{\"@type\":\"WebSite\",\"@id\":\"https:\\\/\\\/www.koonings.com\\\/fr\\\/#website\",\"url\":\"https:\\\/\\\/www.koonings.com\\\/fr\\\/\",\"name\":\"Koonings\",\"description\":\"De grootste bruidsmodewinkel ter wereld\",\"publisher\":{\"@id\":\"https:\\\/\\\/www.koonings.com\\\/fr\\\/#organization\"},\"potentialAction\":[{\"@type\":\"SearchAction\",\"target\":{\"@type\":\"EntryPoint\",\"urlTemplate\":\"https:\\\/\\\/www.koonings.com\\\/fr\\\/?s={search_term_string}\"},\"query-input\":{\"@type\":\"PropertyValueSpecification\",\"valueRequired\":true,\"valueName\":\"search_term_string\"}}],\"inLanguage\":\"fr-FR\"},{\"@type\":\"Organization\",\"@id\":\"https:\\\/\\\/www.koonings.com\\\/fr\\\/#organization\",\"name\":\"Koonings\",\"url\":\"https:\\\/\\\/www.koonings.com\\\/fr\\\/\",\"logo\":{\"@type\":\"ImageObject\",\"inLanguage\":\"fr-FR\",\"@id\":\"https:\\\/\\\/www.koonings.com\\\/fr\\\/#\\\/schema\\\/logo\\\/image\\\/\",\"url\":\"https:\\\/\\\/www.koonings.com\\\/wp-content\\\/uploads\\\/2024\\\/07\\\/logo.png\",\"contentUrl\":\"https:\\\/\\\/www.koonings.com\\\/wp-content\\\/uploads\\\/2024\\\/07\\\/logo.png\",\"width\":600,\"height\":428,\"caption\":\"Koonings\"},\"image\":{\"@id\":\"https:\\\/\\\/www.koonings.com\\\/fr\\\/#\\\/schema\\\/logo\\\/image\\\/\"},\"sameAs\":[\"https:\\\/\\\/www.facebook.com\\\/kooningstheweddingpalace\",\"https:\\\/\\\/www.instagram.com\\\/kooningstheweddingpalace\",\"https:\\\/\\\/www.pinterest.com\\\/koonings\",\"https:\\\/\\\/www.youtube.com\\\/kooningstheweddingpalace\"]}]}<\/script>\n<!-- \/ Yoast SEO plugin. -->","yoast_head_json":{"title":"Herve Paris Cassandra | Koonings","description":"Plongez dans le monde enchanteur de la robe Cassandra. Une robe qui incarne le look romantique par excellence. Le corsage est orn\u00e9 d'une dentelle exclusive GBS Herve Paris, d'un trou de serrure dans le dos et de manches capuchon. La robe peut \u00eatre con\u00e7ue avec une jupe en mousseline de soie pour les mari\u00e9es qui souhaitent ajouter un petit quelque chose de plus. Avec Cassandra, vous cr\u00e9erez un sentiment d'\u00e9merveillement et laisserez une impression durable.","robots":{"index":"index","follow":"follow","max-snippet":"max-snippet:-1","max-image-preview":"max-image-preview:large","max-video-preview":"max-video-preview:-1"},"canonical":"https:\/\/www.koonings.com\/fr\/product\/herve-paris-cassandra\/","og_locale":"fr_FR","og_type":"article","og_title":"Herve Paris Cassandra | Koonings","og_description":"Plongez dans le monde enchanteur de la robe Cassandra. Une robe qui incarne le look romantique par excellence. Le corsage est orn\u00e9 d'une dentelle exclusive GBS Herve Paris, d'un trou de serrure dans le dos et de manches capuchon. La robe peut \u00eatre con\u00e7ue avec une jupe en mousseline de soie pour les mari\u00e9es qui souhaitent ajouter un petit quelque chose de plus. Avec Cassandra, vous cr\u00e9erez un sentiment d'\u00e9merveillement et laisserez une impression durable.","og_url":"https:\/\/www.koonings.com\/fr\/product\/herve-paris-cassandra\/","og_site_name":"Koonings","article_publisher":"https:\/\/www.facebook.com\/kooningstheweddingpalace","og_image":[{"width":1814,"height":2560,"url":"https:\/\/www.koonings.com\/wp-content\/uploads\/2024\/11\/39531_6cb711ba04b9a02e408cd758485f99f224b62ce26225d88c5370e31f70fc6de0aea967f4-scaled.jpeg","type":"image\/jpeg"}],"twitter_card":"summary_large_image","schema":{"@context":"https:\/\/schema.org","@graph":[{"@type":"WebPage","@id":"https:\/\/www.koonings.com\/fr\/product\/herve-paris-cassandra\/","url":"https:\/\/www.koonings.com\/fr\/product\/herve-paris-cassandra\/","name":"Herve Paris Cassandra | Koonings","isPartOf":{"@id":"https:\/\/www.koonings.com\/fr\/#website"},"primaryImageOfPage":{"@id":"https:\/\/www.koonings.com\/fr\/product\/herve-paris-cassandra\/#primaryimage"},"image":{"@id":"https:\/\/www.koonings.com\/fr\/product\/herve-paris-cassandra\/#primaryimage"},"thumbnailUrl":"https:\/\/www.koonings.com\/wp-content\/uploads\/2024\/11\/39531_6cb711ba04b9a02e408cd758485f99f224b62ce26225d88c5370e31f70fc6de0aea967f4-scaled.jpeg","datePublished":"2026-05-06T13:14:22+00:00","description":"Plongez dans le monde enchanteur de la robe Cassandra. Une robe qui incarne le look romantique par excellence. Le corsage est orn\u00e9 d'une dentelle exclusive GBS Herve Paris, d'un trou de serrure dans le dos et de manches capuchon. La robe peut \u00eatre con\u00e7ue avec une jupe en mousseline de soie pour les mari\u00e9es qui souhaitent ajouter un petit quelque chose de plus. Avec Cassandra, vous cr\u00e9erez un sentiment d'\u00e9merveillement et laisserez une impression durable.","breadcrumb":{"@id":"https:\/\/www.koonings.com\/fr\/product\/herve-paris-cassandra\/#breadcrumb"},"inLanguage":"fr-FR","potentialAction":[{"@type":"ReadAction","target":["https:\/\/www.koonings.com\/fr\/product\/herve-paris-cassandra\/"]}]},{"@type":"ImageObject","inLanguage":"fr-FR","@id":"https:\/\/www.koonings.com\/fr\/product\/herve-paris-cassandra\/#primaryimage","url":"https:\/\/www.koonings.com\/wp-content\/uploads\/2024\/11\/39531_6cb711ba04b9a02e408cd758485f99f224b62ce26225d88c5370e31f70fc6de0aea967f4-scaled.jpeg","contentUrl":"https:\/\/www.koonings.com\/wp-content\/uploads\/2024\/11\/39531_6cb711ba04b9a02e408cd758485f99f224b62ce26225d88c5370e31f70fc6de0aea967f4-scaled.jpeg","width":1814,"height":2560},{"@type":"BreadcrumbList","@id":"https:\/\/www.koonings.com\/fr\/product\/herve-paris-cassandra\/#breadcrumb","itemListElement":[{"@type":"ListItem","position":1,"name":"Home","item":"https:\/\/www.koonings.com\/fr\/"},{"@type":"ListItem","position":2,"name":"Herve Paris Cassandra"}]},{"@type":"WebSite","@id":"https:\/\/www.koonings.com\/fr\/#website","url":"https:\/\/www.koonings.com\/fr\/","name":"Koonings","description":"De grootste bruidsmodewinkel ter wereld","publisher":{"@id":"https:\/\/www.koonings.com\/fr\/#organization"},"potentialAction":[{"@type":"SearchAction","target":{"@type":"EntryPoint","urlTemplate":"https:\/\/www.koonings.com\/fr\/?s={search_term_string}"},"query-input":{"@type":"PropertyValueSpecification","valueRequired":true,"valueName":"search_term_string"}}],"inLanguage":"fr-FR"},{"@type":"Organization","@id":"https:\/\/www.koonings.com\/fr\/#organization","name":"Koonings","url":"https:\/\/www.koonings.com\/fr\/","logo":{"@type":"ImageObject","inLanguage":"fr-FR","@id":"https:\/\/www.koonings.com\/fr\/#\/schema\/logo\/image\/","url":"https:\/\/www.koonings.com\/wp-content\/uploads\/2024\/07\/logo.png","contentUrl":"https:\/\/www.koonings.com\/wp-content\/uploads\/2024\/07\/logo.png","width":600,"height":428,"caption":"Koonings"},"image":{"@id":"https:\/\/www.koonings.com\/fr\/#\/schema\/logo\/image\/"},"sameAs":["https:\/\/www.facebook.com\/kooningstheweddingpalace","https:\/\/www.instagram.com\/kooningstheweddingpalace","https:\/\/www.pinterest.com\/koonings","https:\/\/www.youtube.com\/kooningstheweddingpalace"]}]}},"_links":{"self":[{"href":"https:\/\/www.koonings.com\/fr\/wp-json\/wp\/v2\/product\/58041","targetHints":{"allow":["GET"]}}],"collection":[{"href":"https:\/\/www.koonings.com\/fr\/wp-json\/wp\/v2\/product"}],"about":[{"href":"https:\/\/www.koonings.com\/fr\/wp-json\/wp\/v2\/types\/product"}],"wp:featuredmedia":[{"embeddable":true,"href":"https:\/\/www.koonings.com\/fr\/wp-json\/wp\/v2\/media\/41147"}],"wp:attachment":[{"href":"https:\/\/www.koonings.com\/fr\/wp-json\/wp\/v2\/media?parent=58041"}],"wp:term":[{"taxonomy":"productdetails","embeddable":true,"href":"https:\/\/www.koonings.com\/fr\/wp-json\/wp\/v2\/productdetails?post=58041"},{"taxonomy":"productneck","embeddable":true,"href":"https:\/\/www.koonings.com\/fr\/wp-json\/wp\/v2\/productneck?post=58041"},{"taxonomy":"productcolor","embeddable":true,"href":"https:\/\/www.koonings.com\/fr\/wp-json\/wp\/v2\/productcolor?post=58041"},{"taxonomy":"maat","embeddable":true,"href":"https:\/\/www.koonings.com\/fr\/wp-json\/wp\/v2\/maat?post=58041"},{"taxonomy":"productsupplier","embeddable":true,"href":"https:\/\/www.koonings.com\/fr\/wp-json\/wp\/v2\/productsupplier?post=58041"},{"taxonomy":"productsleeve","embeddable":true,"href":"https:\/\/www.koonings.com\/fr\/wp-json\/wp\/v2\/productsleeve?post=58041"},{"taxonomy":"productcategory","embeddable":true,"href":"https:\/\/www.koonings.com\/fr\/wp-json\/wp\/v2\/productcategory?post=58041"},{"taxonomy":"productsilhouette","embeddable":true,"href":"https:\/\/www.koonings.com\/fr\/wp-json\/wp\/v2\/productsilhouette?post=58041"},{"taxonomy":"productstyle","embeddable":true,"href":"https:\/\/www.koonings.com\/fr\/wp-json\/wp\/v2\/productstyle?post=58041"}],"curies":[{"name":"wp","href":"https:\/\/api.w.org\/{rel}","templated":true}]}}