{"id":58039,"date":"2026-04-28T18:14:13","date_gmt":"2026-04-28T16:14:13","guid":{"rendered":"https:\/\/www.koonings.com\/product\/enzoani-trina-2\/"},"modified":"2025-06-05T12:42:49","modified_gmt":"2025-06-05T10:42:49","slug":"enzoani-trina-2","status":"publish","type":"product","link":"https:\/\/www.koonings.com\/fr\/product\/enzoani-trina-2\/","title":{"rendered":"Enzoani Trina"},"content":{"rendered":"<p>R\u00e9alisez tous vos r\u00eaves de mari\u00e9e avec le mod\u00e8le Trina. Cette silhouette de r\u00eave de type A affiche des corsages d\u00e9coratifs en dentelle faits \u00e0 la main et de la dentelle florale brod\u00e9e sur un corsage qui tombe dans une jupe en tulle scintillant avec une doublure en organza. Le dos corset \u00e0 illusion de dentelle ajoute une touche romantique \u00e0 la tra\u00eene de dentelle scintillante.  <\/p>\n","protected":false},"featured_media":41177,"template":"","meta":{"_acf_changed":false,"ghostkit_customizer_options":"","ghostkit_custom_css":"","ghostkit_custom_js_head":"","ghostkit_custom_js_foot":"","ghostkit_typography":""},"productdetails":[379,377,376,381],"productneck":[355],"productcolor":[393,392],"maat":[],"productsupplier":[406],"productsleeve":[359],"productcategory":[18],"productsilhouette":[384],"productstyle":[366,370],"class_list":["post-58039","product","type-product","status-publish","has-post-thumbnail","hentry","productdetails-379","productdetails-377","productdetails-376","productdetails-381","productneck-355","productcolor-393","productcolor-392","productsupplier-enzoani","productsleeve-359","productcategory-trouwjurken","productsilhouette-384","productstyle-366","productstyle-370"],"acf":[],"yoast_head":"<!-- This site is optimized with the Yoast SEO plugin v27.3 - https:\/\/yoast.com\/product\/yoast-seo-wordpress\/ -->\n<title>Enzoani Trina | Koonings<\/title>\n<meta name=\"description\" content=\"R\u00e9alisez tous vos r\u00eaves de mari\u00e9e avec le mod\u00e8le Trina. Cette silhouette de r\u00eave de type A affiche des corsages d\u00e9coratifs en dentelle faits \u00e0 la main et de la dentelle florale brod\u00e9e sur un corsage qui tombe dans une jupe en tulle scintillant avec une doublure en organza. Le dos corset \u00e0 illusion de dentelle ajoute une touche romantique \u00e0 la tra\u00eene de dentelle scintillante.\" \/>\n<meta name=\"robots\" content=\"index, follow, max-snippet:-1, max-image-preview:large, max-video-preview:-1\" \/>\n<link rel=\"canonical\" href=\"https:\/\/www.koonings.com\/fr\/product\/enzoani-trina-2\/\" \/>\n<meta property=\"og:locale\" content=\"fr_FR\" \/>\n<meta property=\"og:type\" content=\"article\" \/>\n<meta property=\"og:title\" content=\"Enzoani Trina | Koonings\" \/>\n<meta property=\"og:description\" content=\"R\u00e9alisez tous vos r\u00eaves de mari\u00e9e avec le mod\u00e8le Trina. Cette silhouette de r\u00eave de type A affiche des corsages d\u00e9coratifs en dentelle faits \u00e0 la main et de la dentelle florale brod\u00e9e sur un corsage qui tombe dans une jupe en tulle scintillant avec une doublure en organza. Le dos corset \u00e0 illusion de dentelle ajoute une touche romantique \u00e0 la tra\u00eene de dentelle scintillante.\" \/>\n<meta property=\"og:url\" content=\"https:\/\/www.koonings.com\/fr\/product\/enzoani-trina-2\/\" \/>\n<meta property=\"og:site_name\" content=\"Koonings\" \/>\n<meta property=\"article:publisher\" content=\"https:\/\/www.facebook.com\/kooningstheweddingpalace\" \/>\n<meta property=\"og:image\" content=\"https:\/\/www.koonings.com\/wp-content\/uploads\/2024\/11\/39541_f5d672d5e4b79c673a1ee86658633e970972fec28969a1ed4f6e53b7d988bf5e8c5d7650.jpeg\" \/>\n\t<meta property=\"og:image:width\" content=\"1035\" \/>\n\t<meta property=\"og:image:height\" content=\"1380\" \/>\n\t<meta property=\"og:image:type\" content=\"image\/jpeg\" \/>\n<meta name=\"twitter:card\" content=\"summary_large_image\" \/>\n<script type=\"application\/ld+json\" class=\"yoast-schema-graph\">{\"@context\":\"https:\\\/\\\/schema.org\",\"@graph\":[{\"@type\":\"WebPage\",\"@id\":\"https:\\\/\\\/www.koonings.com\\\/fr\\\/product\\\/enzoani-trina-2\\\/\",\"url\":\"https:\\\/\\\/www.koonings.com\\\/fr\\\/product\\\/enzoani-trina-2\\\/\",\"name\":\"Enzoani Trina | Koonings\",\"isPartOf\":{\"@id\":\"https:\\\/\\\/www.koonings.com\\\/fr\\\/#website\"},\"primaryImageOfPage\":{\"@id\":\"https:\\\/\\\/www.koonings.com\\\/fr\\\/product\\\/enzoani-trina-2\\\/#primaryimage\"},\"image\":{\"@id\":\"https:\\\/\\\/www.koonings.com\\\/fr\\\/product\\\/enzoani-trina-2\\\/#primaryimage\"},\"thumbnailUrl\":\"https:\\\/\\\/www.koonings.com\\\/wp-content\\\/uploads\\\/2024\\\/11\\\/39541_f5d672d5e4b79c673a1ee86658633e970972fec28969a1ed4f6e53b7d988bf5e8c5d7650.jpeg\",\"datePublished\":\"2026-04-28T16:14:13+00:00\",\"description\":\"R\u00e9alisez tous vos r\u00eaves de mari\u00e9e avec le mod\u00e8le Trina. Cette silhouette de r\u00eave de type A affiche des corsages d\u00e9coratifs en dentelle faits \u00e0 la main et de la dentelle florale brod\u00e9e sur un corsage qui tombe dans une jupe en tulle scintillant avec une doublure en organza. Le dos corset \u00e0 illusion de dentelle ajoute une touche romantique \u00e0 la tra\u00eene de dentelle scintillante.\",\"breadcrumb\":{\"@id\":\"https:\\\/\\\/www.koonings.com\\\/fr\\\/product\\\/enzoani-trina-2\\\/#breadcrumb\"},\"inLanguage\":\"fr-FR\",\"potentialAction\":[{\"@type\":\"ReadAction\",\"target\":[\"https:\\\/\\\/www.koonings.com\\\/fr\\\/product\\\/enzoani-trina-2\\\/\"]}]},{\"@type\":\"ImageObject\",\"inLanguage\":\"fr-FR\",\"@id\":\"https:\\\/\\\/www.koonings.com\\\/fr\\\/product\\\/enzoani-trina-2\\\/#primaryimage\",\"url\":\"https:\\\/\\\/www.koonings.com\\\/wp-content\\\/uploads\\\/2024\\\/11\\\/39541_f5d672d5e4b79c673a1ee86658633e970972fec28969a1ed4f6e53b7d988bf5e8c5d7650.jpeg\",\"contentUrl\":\"https:\\\/\\\/www.koonings.com\\\/wp-content\\\/uploads\\\/2024\\\/11\\\/39541_f5d672d5e4b79c673a1ee86658633e970972fec28969a1ed4f6e53b7d988bf5e8c5d7650.jpeg\",\"width\":1035,\"height\":1380},{\"@type\":\"BreadcrumbList\",\"@id\":\"https:\\\/\\\/www.koonings.com\\\/fr\\\/product\\\/enzoani-trina-2\\\/#breadcrumb\",\"itemListElement\":[{\"@type\":\"ListItem\",\"position\":1,\"name\":\"Home\",\"item\":\"https:\\\/\\\/www.koonings.com\\\/fr\\\/\"},{\"@type\":\"ListItem\",\"position\":2,\"name\":\"Enzoani Trina\"}]},{\"@type\":\"WebSite\",\"@id\":\"https:\\\/\\\/www.koonings.com\\\/fr\\\/#website\",\"url\":\"https:\\\/\\\/www.koonings.com\\\/fr\\\/\",\"name\":\"Koonings\",\"description\":\"De grootste bruidsmodewinkel ter wereld\",\"publisher\":{\"@id\":\"https:\\\/\\\/www.koonings.com\\\/fr\\\/#organization\"},\"potentialAction\":[{\"@type\":\"SearchAction\",\"target\":{\"@type\":\"EntryPoint\",\"urlTemplate\":\"https:\\\/\\\/www.koonings.com\\\/fr\\\/?s={search_term_string}\"},\"query-input\":{\"@type\":\"PropertyValueSpecification\",\"valueRequired\":true,\"valueName\":\"search_term_string\"}}],\"inLanguage\":\"fr-FR\"},{\"@type\":\"Organization\",\"@id\":\"https:\\\/\\\/www.koonings.com\\\/fr\\\/#organization\",\"name\":\"Koonings\",\"url\":\"https:\\\/\\\/www.koonings.com\\\/fr\\\/\",\"logo\":{\"@type\":\"ImageObject\",\"inLanguage\":\"fr-FR\",\"@id\":\"https:\\\/\\\/www.koonings.com\\\/fr\\\/#\\\/schema\\\/logo\\\/image\\\/\",\"url\":\"https:\\\/\\\/www.koonings.com\\\/wp-content\\\/uploads\\\/2024\\\/07\\\/logo.png\",\"contentUrl\":\"https:\\\/\\\/www.koonings.com\\\/wp-content\\\/uploads\\\/2024\\\/07\\\/logo.png\",\"width\":600,\"height\":428,\"caption\":\"Koonings\"},\"image\":{\"@id\":\"https:\\\/\\\/www.koonings.com\\\/fr\\\/#\\\/schema\\\/logo\\\/image\\\/\"},\"sameAs\":[\"https:\\\/\\\/www.facebook.com\\\/kooningstheweddingpalace\",\"https:\\\/\\\/www.instagram.com\\\/kooningstheweddingpalace\",\"https:\\\/\\\/www.pinterest.com\\\/koonings\",\"https:\\\/\\\/www.youtube.com\\\/kooningstheweddingpalace\"]}]}<\/script>\n<!-- \/ Yoast SEO plugin. -->","yoast_head_json":{"title":"Enzoani Trina | Koonings","description":"R\u00e9alisez tous vos r\u00eaves de mari\u00e9e avec le mod\u00e8le Trina. Cette silhouette de r\u00eave de type A affiche des corsages d\u00e9coratifs en dentelle faits \u00e0 la main et de la dentelle florale brod\u00e9e sur un corsage qui tombe dans une jupe en tulle scintillant avec une doublure en organza. Le dos corset \u00e0 illusion de dentelle ajoute une touche romantique \u00e0 la tra\u00eene de dentelle scintillante.","robots":{"index":"index","follow":"follow","max-snippet":"max-snippet:-1","max-image-preview":"max-image-preview:large","max-video-preview":"max-video-preview:-1"},"canonical":"https:\/\/www.koonings.com\/fr\/product\/enzoani-trina-2\/","og_locale":"fr_FR","og_type":"article","og_title":"Enzoani Trina | Koonings","og_description":"R\u00e9alisez tous vos r\u00eaves de mari\u00e9e avec le mod\u00e8le Trina. Cette silhouette de r\u00eave de type A affiche des corsages d\u00e9coratifs en dentelle faits \u00e0 la main et de la dentelle florale brod\u00e9e sur un corsage qui tombe dans une jupe en tulle scintillant avec une doublure en organza. Le dos corset \u00e0 illusion de dentelle ajoute une touche romantique \u00e0 la tra\u00eene de dentelle scintillante.","og_url":"https:\/\/www.koonings.com\/fr\/product\/enzoani-trina-2\/","og_site_name":"Koonings","article_publisher":"https:\/\/www.facebook.com\/kooningstheweddingpalace","og_image":[{"width":1035,"height":1380,"url":"https:\/\/www.koonings.com\/wp-content\/uploads\/2024\/11\/39541_f5d672d5e4b79c673a1ee86658633e970972fec28969a1ed4f6e53b7d988bf5e8c5d7650.jpeg","type":"image\/jpeg"}],"twitter_card":"summary_large_image","schema":{"@context":"https:\/\/schema.org","@graph":[{"@type":"WebPage","@id":"https:\/\/www.koonings.com\/fr\/product\/enzoani-trina-2\/","url":"https:\/\/www.koonings.com\/fr\/product\/enzoani-trina-2\/","name":"Enzoani Trina | Koonings","isPartOf":{"@id":"https:\/\/www.koonings.com\/fr\/#website"},"primaryImageOfPage":{"@id":"https:\/\/www.koonings.com\/fr\/product\/enzoani-trina-2\/#primaryimage"},"image":{"@id":"https:\/\/www.koonings.com\/fr\/product\/enzoani-trina-2\/#primaryimage"},"thumbnailUrl":"https:\/\/www.koonings.com\/wp-content\/uploads\/2024\/11\/39541_f5d672d5e4b79c673a1ee86658633e970972fec28969a1ed4f6e53b7d988bf5e8c5d7650.jpeg","datePublished":"2026-04-28T16:14:13+00:00","description":"R\u00e9alisez tous vos r\u00eaves de mari\u00e9e avec le mod\u00e8le Trina. Cette silhouette de r\u00eave de type A affiche des corsages d\u00e9coratifs en dentelle faits \u00e0 la main et de la dentelle florale brod\u00e9e sur un corsage qui tombe dans une jupe en tulle scintillant avec une doublure en organza. Le dos corset \u00e0 illusion de dentelle ajoute une touche romantique \u00e0 la tra\u00eene de dentelle scintillante.","breadcrumb":{"@id":"https:\/\/www.koonings.com\/fr\/product\/enzoani-trina-2\/#breadcrumb"},"inLanguage":"fr-FR","potentialAction":[{"@type":"ReadAction","target":["https:\/\/www.koonings.com\/fr\/product\/enzoani-trina-2\/"]}]},{"@type":"ImageObject","inLanguage":"fr-FR","@id":"https:\/\/www.koonings.com\/fr\/product\/enzoani-trina-2\/#primaryimage","url":"https:\/\/www.koonings.com\/wp-content\/uploads\/2024\/11\/39541_f5d672d5e4b79c673a1ee86658633e970972fec28969a1ed4f6e53b7d988bf5e8c5d7650.jpeg","contentUrl":"https:\/\/www.koonings.com\/wp-content\/uploads\/2024\/11\/39541_f5d672d5e4b79c673a1ee86658633e970972fec28969a1ed4f6e53b7d988bf5e8c5d7650.jpeg","width":1035,"height":1380},{"@type":"BreadcrumbList","@id":"https:\/\/www.koonings.com\/fr\/product\/enzoani-trina-2\/#breadcrumb","itemListElement":[{"@type":"ListItem","position":1,"name":"Home","item":"https:\/\/www.koonings.com\/fr\/"},{"@type":"ListItem","position":2,"name":"Enzoani Trina"}]},{"@type":"WebSite","@id":"https:\/\/www.koonings.com\/fr\/#website","url":"https:\/\/www.koonings.com\/fr\/","name":"Koonings","description":"De grootste bruidsmodewinkel ter wereld","publisher":{"@id":"https:\/\/www.koonings.com\/fr\/#organization"},"potentialAction":[{"@type":"SearchAction","target":{"@type":"EntryPoint","urlTemplate":"https:\/\/www.koonings.com\/fr\/?s={search_term_string}"},"query-input":{"@type":"PropertyValueSpecification","valueRequired":true,"valueName":"search_term_string"}}],"inLanguage":"fr-FR"},{"@type":"Organization","@id":"https:\/\/www.koonings.com\/fr\/#organization","name":"Koonings","url":"https:\/\/www.koonings.com\/fr\/","logo":{"@type":"ImageObject","inLanguage":"fr-FR","@id":"https:\/\/www.koonings.com\/fr\/#\/schema\/logo\/image\/","url":"https:\/\/www.koonings.com\/wp-content\/uploads\/2024\/07\/logo.png","contentUrl":"https:\/\/www.koonings.com\/wp-content\/uploads\/2024\/07\/logo.png","width":600,"height":428,"caption":"Koonings"},"image":{"@id":"https:\/\/www.koonings.com\/fr\/#\/schema\/logo\/image\/"},"sameAs":["https:\/\/www.facebook.com\/kooningstheweddingpalace","https:\/\/www.instagram.com\/kooningstheweddingpalace","https:\/\/www.pinterest.com\/koonings","https:\/\/www.youtube.com\/kooningstheweddingpalace"]}]}},"_links":{"self":[{"href":"https:\/\/www.koonings.com\/fr\/wp-json\/wp\/v2\/product\/58039","targetHints":{"allow":["GET"]}}],"collection":[{"href":"https:\/\/www.koonings.com\/fr\/wp-json\/wp\/v2\/product"}],"about":[{"href":"https:\/\/www.koonings.com\/fr\/wp-json\/wp\/v2\/types\/product"}],"wp:featuredmedia":[{"embeddable":true,"href":"https:\/\/www.koonings.com\/fr\/wp-json\/wp\/v2\/media\/41177"}],"wp:attachment":[{"href":"https:\/\/www.koonings.com\/fr\/wp-json\/wp\/v2\/media?parent=58039"}],"wp:term":[{"taxonomy":"productdetails","embeddable":true,"href":"https:\/\/www.koonings.com\/fr\/wp-json\/wp\/v2\/productdetails?post=58039"},{"taxonomy":"productneck","embeddable":true,"href":"https:\/\/www.koonings.com\/fr\/wp-json\/wp\/v2\/productneck?post=58039"},{"taxonomy":"productcolor","embeddable":true,"href":"https:\/\/www.koonings.com\/fr\/wp-json\/wp\/v2\/productcolor?post=58039"},{"taxonomy":"maat","embeddable":true,"href":"https:\/\/www.koonings.com\/fr\/wp-json\/wp\/v2\/maat?post=58039"},{"taxonomy":"productsupplier","embeddable":true,"href":"https:\/\/www.koonings.com\/fr\/wp-json\/wp\/v2\/productsupplier?post=58039"},{"taxonomy":"productsleeve","embeddable":true,"href":"https:\/\/www.koonings.com\/fr\/wp-json\/wp\/v2\/productsleeve?post=58039"},{"taxonomy":"productcategory","embeddable":true,"href":"https:\/\/www.koonings.com\/fr\/wp-json\/wp\/v2\/productcategory?post=58039"},{"taxonomy":"productsilhouette","embeddable":true,"href":"https:\/\/www.koonings.com\/fr\/wp-json\/wp\/v2\/productsilhouette?post=58039"},{"taxonomy":"productstyle","embeddable":true,"href":"https:\/\/www.koonings.com\/fr\/wp-json\/wp\/v2\/productstyle?post=58039"}],"curies":[{"name":"wp","href":"https:\/\/api.w.org\/{rel}","templated":true}]}}