{"id":58036,"date":"2026-05-06T15:14:23","date_gmt":"2026-05-06T13:14:23","guid":{"rendered":"https:\/\/www.koonings.com\/product\/pronovias-fashion-group-antelope-pr122aw2\/"},"modified":"2025-06-05T12:42:44","modified_gmt":"2025-06-05T10:42:44","slug":"pronovias-fashion-group-antelope-pr122aw2","status":"publish","type":"product","link":"https:\/\/www.koonings.com\/fr\/product\/pronovias-fashion-group-antelope-pr122aw2\/","title":{"rendered":"Pronovias Fashion Group Antelope PR122AW2"},"content":{"rendered":"<p>Cette robe \u00e0 couper le souffle fait partie de la collection We Do Eco de robes de mari\u00e9e durables de Pronovias. Les subtiles manches bouffantes de cette robe de mari\u00e9e en cr\u00eape la rendent tr\u00e8s \u00e9l\u00e9gante. Associ\u00e9e \u00e0 l&#8217;encolure particuli\u00e8rement d\u00e9collet\u00e9e et \u00e0 la courte tra\u00eene, cette robe est \u00e0 couper le souffle.  <\/p>\n","protected":false},"featured_media":41172,"template":"","meta":{"_acf_changed":false,"ghostkit_customizer_options":"","ghostkit_custom_css":"","ghostkit_custom_js_head":"","ghostkit_custom_js_foot":"","ghostkit_typography":""},"productdetails":[],"productneck":[356],"productcolor":[392],"maat":[],"productsupplier":[430],"productsleeve":[362],"productcategory":[18],"productsilhouette":[387],"productstyle":[365,371],"class_list":["post-58036","product","type-product","status-publish","has-post-thumbnail","hentry","productneck-356","productcolor-392","productsupplier-pronovias-fashion-group","productsleeve-362","productcategory-trouwjurken","productsilhouette-387","productstyle-365","productstyle-371"],"acf":[],"yoast_head":"<!-- This site is optimized with the Yoast SEO plugin v27.3 - https:\/\/yoast.com\/product\/yoast-seo-wordpress\/ -->\n<title>Pronovias Fashion Group Antelope PR122AW2 | Koonings<\/title>\n<meta name=\"description\" content=\"Cette robe \u00e0 couper le souffle fait partie de la collection We Do Eco de robes de mari\u00e9e durables de Pronovias. Les subtiles manches bouffantes de cette robe de mari\u00e9e en cr\u00eape la rendent tr\u00e8s \u00e9l\u00e9gante. Associ\u00e9e \u00e0 l&#039;encolure particuli\u00e8rement d\u00e9collet\u00e9e et \u00e0 la courte tra\u00eene, cette robe est \u00e0 couper le souffle.\" \/>\n<meta name=\"robots\" content=\"index, follow, max-snippet:-1, max-image-preview:large, max-video-preview:-1\" \/>\n<link rel=\"canonical\" href=\"https:\/\/www.koonings.com\/fr\/product\/pronovias-fashion-group-antelope-pr122aw2\/\" \/>\n<meta property=\"og:locale\" content=\"fr_FR\" \/>\n<meta property=\"og:type\" content=\"article\" \/>\n<meta property=\"og:title\" content=\"Pronovias Fashion Group Antelope PR122AW2 | Koonings\" \/>\n<meta property=\"og:description\" content=\"Cette robe \u00e0 couper le souffle fait partie de la collection We Do Eco de robes de mari\u00e9e durables de Pronovias. Les subtiles manches bouffantes de cette robe de mari\u00e9e en cr\u00eape la rendent tr\u00e8s \u00e9l\u00e9gante. Associ\u00e9e \u00e0 l&#039;encolure particuli\u00e8rement d\u00e9collet\u00e9e et \u00e0 la courte tra\u00eene, cette robe est \u00e0 couper le souffle.\" \/>\n<meta property=\"og:url\" content=\"https:\/\/www.koonings.com\/fr\/product\/pronovias-fashion-group-antelope-pr122aw2\/\" \/>\n<meta property=\"og:site_name\" content=\"Koonings\" \/>\n<meta property=\"article:publisher\" content=\"https:\/\/www.facebook.com\/kooningstheweddingpalace\" \/>\n<meta property=\"og:image\" content=\"https:\/\/www.koonings.com\/wp-content\/uploads\/2024\/11\/39538_c51c4c194fe1ac91487cf403cac7a9c12c0a71a7904e2dbaa3bdae1292cdc799a6dbe773.jpeg\" \/>\n\t<meta property=\"og:image:width\" content=\"300\" \/>\n\t<meta property=\"og:image:height\" content=\"450\" \/>\n\t<meta property=\"og:image:type\" content=\"image\/jpeg\" \/>\n<meta name=\"twitter:card\" content=\"summary_large_image\" \/>\n<script type=\"application\/ld+json\" class=\"yoast-schema-graph\">{\"@context\":\"https:\\\/\\\/schema.org\",\"@graph\":[{\"@type\":\"WebPage\",\"@id\":\"https:\\\/\\\/www.koonings.com\\\/fr\\\/product\\\/pronovias-fashion-group-antelope-pr122aw2\\\/\",\"url\":\"https:\\\/\\\/www.koonings.com\\\/fr\\\/product\\\/pronovias-fashion-group-antelope-pr122aw2\\\/\",\"name\":\"Pronovias Fashion Group Antelope PR122AW2 | Koonings\",\"isPartOf\":{\"@id\":\"https:\\\/\\\/www.koonings.com\\\/fr\\\/#website\"},\"primaryImageOfPage\":{\"@id\":\"https:\\\/\\\/www.koonings.com\\\/fr\\\/product\\\/pronovias-fashion-group-antelope-pr122aw2\\\/#primaryimage\"},\"image\":{\"@id\":\"https:\\\/\\\/www.koonings.com\\\/fr\\\/product\\\/pronovias-fashion-group-antelope-pr122aw2\\\/#primaryimage\"},\"thumbnailUrl\":\"https:\\\/\\\/www.koonings.com\\\/wp-content\\\/uploads\\\/2024\\\/11\\\/39538_c51c4c194fe1ac91487cf403cac7a9c12c0a71a7904e2dbaa3bdae1292cdc799a6dbe773.jpeg\",\"datePublished\":\"2026-05-06T13:14:23+00:00\",\"description\":\"Cette robe \u00e0 couper le souffle fait partie de la collection We Do Eco de robes de mari\u00e9e durables de Pronovias. Les subtiles manches bouffantes de cette robe de mari\u00e9e en cr\u00eape la rendent tr\u00e8s \u00e9l\u00e9gante. Associ\u00e9e \u00e0 l'encolure particuli\u00e8rement d\u00e9collet\u00e9e et \u00e0 la courte tra\u00eene, cette robe est \u00e0 couper le souffle.\",\"breadcrumb\":{\"@id\":\"https:\\\/\\\/www.koonings.com\\\/fr\\\/product\\\/pronovias-fashion-group-antelope-pr122aw2\\\/#breadcrumb\"},\"inLanguage\":\"fr-FR\",\"potentialAction\":[{\"@type\":\"ReadAction\",\"target\":[\"https:\\\/\\\/www.koonings.com\\\/fr\\\/product\\\/pronovias-fashion-group-antelope-pr122aw2\\\/\"]}]},{\"@type\":\"ImageObject\",\"inLanguage\":\"fr-FR\",\"@id\":\"https:\\\/\\\/www.koonings.com\\\/fr\\\/product\\\/pronovias-fashion-group-antelope-pr122aw2\\\/#primaryimage\",\"url\":\"https:\\\/\\\/www.koonings.com\\\/wp-content\\\/uploads\\\/2024\\\/11\\\/39538_c51c4c194fe1ac91487cf403cac7a9c12c0a71a7904e2dbaa3bdae1292cdc799a6dbe773.jpeg\",\"contentUrl\":\"https:\\\/\\\/www.koonings.com\\\/wp-content\\\/uploads\\\/2024\\\/11\\\/39538_c51c4c194fe1ac91487cf403cac7a9c12c0a71a7904e2dbaa3bdae1292cdc799a6dbe773.jpeg\",\"width\":300,\"height\":450},{\"@type\":\"BreadcrumbList\",\"@id\":\"https:\\\/\\\/www.koonings.com\\\/fr\\\/product\\\/pronovias-fashion-group-antelope-pr122aw2\\\/#breadcrumb\",\"itemListElement\":[{\"@type\":\"ListItem\",\"position\":1,\"name\":\"Home\",\"item\":\"https:\\\/\\\/www.koonings.com\\\/fr\\\/\"},{\"@type\":\"ListItem\",\"position\":2,\"name\":\"Pronovias Fashion Group Antelope PR122AW2\"}]},{\"@type\":\"WebSite\",\"@id\":\"https:\\\/\\\/www.koonings.com\\\/fr\\\/#website\",\"url\":\"https:\\\/\\\/www.koonings.com\\\/fr\\\/\",\"name\":\"Koonings\",\"description\":\"De grootste bruidsmodewinkel ter wereld\",\"publisher\":{\"@id\":\"https:\\\/\\\/www.koonings.com\\\/fr\\\/#organization\"},\"potentialAction\":[{\"@type\":\"SearchAction\",\"target\":{\"@type\":\"EntryPoint\",\"urlTemplate\":\"https:\\\/\\\/www.koonings.com\\\/fr\\\/?s={search_term_string}\"},\"query-input\":{\"@type\":\"PropertyValueSpecification\",\"valueRequired\":true,\"valueName\":\"search_term_string\"}}],\"inLanguage\":\"fr-FR\"},{\"@type\":\"Organization\",\"@id\":\"https:\\\/\\\/www.koonings.com\\\/fr\\\/#organization\",\"name\":\"Koonings\",\"url\":\"https:\\\/\\\/www.koonings.com\\\/fr\\\/\",\"logo\":{\"@type\":\"ImageObject\",\"inLanguage\":\"fr-FR\",\"@id\":\"https:\\\/\\\/www.koonings.com\\\/fr\\\/#\\\/schema\\\/logo\\\/image\\\/\",\"url\":\"https:\\\/\\\/www.koonings.com\\\/wp-content\\\/uploads\\\/2024\\\/07\\\/logo.png\",\"contentUrl\":\"https:\\\/\\\/www.koonings.com\\\/wp-content\\\/uploads\\\/2024\\\/07\\\/logo.png\",\"width\":600,\"height\":428,\"caption\":\"Koonings\"},\"image\":{\"@id\":\"https:\\\/\\\/www.koonings.com\\\/fr\\\/#\\\/schema\\\/logo\\\/image\\\/\"},\"sameAs\":[\"https:\\\/\\\/www.facebook.com\\\/kooningstheweddingpalace\",\"https:\\\/\\\/www.instagram.com\\\/kooningstheweddingpalace\",\"https:\\\/\\\/www.pinterest.com\\\/koonings\",\"https:\\\/\\\/www.youtube.com\\\/kooningstheweddingpalace\"]}]}<\/script>\n<!-- \/ Yoast SEO plugin. -->","yoast_head_json":{"title":"Pronovias Fashion Group Antelope PR122AW2 | Koonings","description":"Cette robe \u00e0 couper le souffle fait partie de la collection We Do Eco de robes de mari\u00e9e durables de Pronovias. Les subtiles manches bouffantes de cette robe de mari\u00e9e en cr\u00eape la rendent tr\u00e8s \u00e9l\u00e9gante. Associ\u00e9e \u00e0 l'encolure particuli\u00e8rement d\u00e9collet\u00e9e et \u00e0 la courte tra\u00eene, cette robe est \u00e0 couper le souffle.","robots":{"index":"index","follow":"follow","max-snippet":"max-snippet:-1","max-image-preview":"max-image-preview:large","max-video-preview":"max-video-preview:-1"},"canonical":"https:\/\/www.koonings.com\/fr\/product\/pronovias-fashion-group-antelope-pr122aw2\/","og_locale":"fr_FR","og_type":"article","og_title":"Pronovias Fashion Group Antelope PR122AW2 | Koonings","og_description":"Cette robe \u00e0 couper le souffle fait partie de la collection We Do Eco de robes de mari\u00e9e durables de Pronovias. Les subtiles manches bouffantes de cette robe de mari\u00e9e en cr\u00eape la rendent tr\u00e8s \u00e9l\u00e9gante. Associ\u00e9e \u00e0 l'encolure particuli\u00e8rement d\u00e9collet\u00e9e et \u00e0 la courte tra\u00eene, cette robe est \u00e0 couper le souffle.","og_url":"https:\/\/www.koonings.com\/fr\/product\/pronovias-fashion-group-antelope-pr122aw2\/","og_site_name":"Koonings","article_publisher":"https:\/\/www.facebook.com\/kooningstheweddingpalace","og_image":[{"width":300,"height":450,"url":"https:\/\/www.koonings.com\/wp-content\/uploads\/2024\/11\/39538_c51c4c194fe1ac91487cf403cac7a9c12c0a71a7904e2dbaa3bdae1292cdc799a6dbe773.jpeg","type":"image\/jpeg"}],"twitter_card":"summary_large_image","schema":{"@context":"https:\/\/schema.org","@graph":[{"@type":"WebPage","@id":"https:\/\/www.koonings.com\/fr\/product\/pronovias-fashion-group-antelope-pr122aw2\/","url":"https:\/\/www.koonings.com\/fr\/product\/pronovias-fashion-group-antelope-pr122aw2\/","name":"Pronovias Fashion Group Antelope PR122AW2 | Koonings","isPartOf":{"@id":"https:\/\/www.koonings.com\/fr\/#website"},"primaryImageOfPage":{"@id":"https:\/\/www.koonings.com\/fr\/product\/pronovias-fashion-group-antelope-pr122aw2\/#primaryimage"},"image":{"@id":"https:\/\/www.koonings.com\/fr\/product\/pronovias-fashion-group-antelope-pr122aw2\/#primaryimage"},"thumbnailUrl":"https:\/\/www.koonings.com\/wp-content\/uploads\/2024\/11\/39538_c51c4c194fe1ac91487cf403cac7a9c12c0a71a7904e2dbaa3bdae1292cdc799a6dbe773.jpeg","datePublished":"2026-05-06T13:14:23+00:00","description":"Cette robe \u00e0 couper le souffle fait partie de la collection We Do Eco de robes de mari\u00e9e durables de Pronovias. Les subtiles manches bouffantes de cette robe de mari\u00e9e en cr\u00eape la rendent tr\u00e8s \u00e9l\u00e9gante. Associ\u00e9e \u00e0 l'encolure particuli\u00e8rement d\u00e9collet\u00e9e et \u00e0 la courte tra\u00eene, cette robe est \u00e0 couper le souffle.","breadcrumb":{"@id":"https:\/\/www.koonings.com\/fr\/product\/pronovias-fashion-group-antelope-pr122aw2\/#breadcrumb"},"inLanguage":"fr-FR","potentialAction":[{"@type":"ReadAction","target":["https:\/\/www.koonings.com\/fr\/product\/pronovias-fashion-group-antelope-pr122aw2\/"]}]},{"@type":"ImageObject","inLanguage":"fr-FR","@id":"https:\/\/www.koonings.com\/fr\/product\/pronovias-fashion-group-antelope-pr122aw2\/#primaryimage","url":"https:\/\/www.koonings.com\/wp-content\/uploads\/2024\/11\/39538_c51c4c194fe1ac91487cf403cac7a9c12c0a71a7904e2dbaa3bdae1292cdc799a6dbe773.jpeg","contentUrl":"https:\/\/www.koonings.com\/wp-content\/uploads\/2024\/11\/39538_c51c4c194fe1ac91487cf403cac7a9c12c0a71a7904e2dbaa3bdae1292cdc799a6dbe773.jpeg","width":300,"height":450},{"@type":"BreadcrumbList","@id":"https:\/\/www.koonings.com\/fr\/product\/pronovias-fashion-group-antelope-pr122aw2\/#breadcrumb","itemListElement":[{"@type":"ListItem","position":1,"name":"Home","item":"https:\/\/www.koonings.com\/fr\/"},{"@type":"ListItem","position":2,"name":"Pronovias Fashion Group Antelope PR122AW2"}]},{"@type":"WebSite","@id":"https:\/\/www.koonings.com\/fr\/#website","url":"https:\/\/www.koonings.com\/fr\/","name":"Koonings","description":"De grootste bruidsmodewinkel ter wereld","publisher":{"@id":"https:\/\/www.koonings.com\/fr\/#organization"},"potentialAction":[{"@type":"SearchAction","target":{"@type":"EntryPoint","urlTemplate":"https:\/\/www.koonings.com\/fr\/?s={search_term_string}"},"query-input":{"@type":"PropertyValueSpecification","valueRequired":true,"valueName":"search_term_string"}}],"inLanguage":"fr-FR"},{"@type":"Organization","@id":"https:\/\/www.koonings.com\/fr\/#organization","name":"Koonings","url":"https:\/\/www.koonings.com\/fr\/","logo":{"@type":"ImageObject","inLanguage":"fr-FR","@id":"https:\/\/www.koonings.com\/fr\/#\/schema\/logo\/image\/","url":"https:\/\/www.koonings.com\/wp-content\/uploads\/2024\/07\/logo.png","contentUrl":"https:\/\/www.koonings.com\/wp-content\/uploads\/2024\/07\/logo.png","width":600,"height":428,"caption":"Koonings"},"image":{"@id":"https:\/\/www.koonings.com\/fr\/#\/schema\/logo\/image\/"},"sameAs":["https:\/\/www.facebook.com\/kooningstheweddingpalace","https:\/\/www.instagram.com\/kooningstheweddingpalace","https:\/\/www.pinterest.com\/koonings","https:\/\/www.youtube.com\/kooningstheweddingpalace"]}]}},"_links":{"self":[{"href":"https:\/\/www.koonings.com\/fr\/wp-json\/wp\/v2\/product\/58036","targetHints":{"allow":["GET"]}}],"collection":[{"href":"https:\/\/www.koonings.com\/fr\/wp-json\/wp\/v2\/product"}],"about":[{"href":"https:\/\/www.koonings.com\/fr\/wp-json\/wp\/v2\/types\/product"}],"wp:featuredmedia":[{"embeddable":true,"href":"https:\/\/www.koonings.com\/fr\/wp-json\/wp\/v2\/media\/41172"}],"wp:attachment":[{"href":"https:\/\/www.koonings.com\/fr\/wp-json\/wp\/v2\/media?parent=58036"}],"wp:term":[{"taxonomy":"productdetails","embeddable":true,"href":"https:\/\/www.koonings.com\/fr\/wp-json\/wp\/v2\/productdetails?post=58036"},{"taxonomy":"productneck","embeddable":true,"href":"https:\/\/www.koonings.com\/fr\/wp-json\/wp\/v2\/productneck?post=58036"},{"taxonomy":"productcolor","embeddable":true,"href":"https:\/\/www.koonings.com\/fr\/wp-json\/wp\/v2\/productcolor?post=58036"},{"taxonomy":"maat","embeddable":true,"href":"https:\/\/www.koonings.com\/fr\/wp-json\/wp\/v2\/maat?post=58036"},{"taxonomy":"productsupplier","embeddable":true,"href":"https:\/\/www.koonings.com\/fr\/wp-json\/wp\/v2\/productsupplier?post=58036"},{"taxonomy":"productsleeve","embeddable":true,"href":"https:\/\/www.koonings.com\/fr\/wp-json\/wp\/v2\/productsleeve?post=58036"},{"taxonomy":"productcategory","embeddable":true,"href":"https:\/\/www.koonings.com\/fr\/wp-json\/wp\/v2\/productcategory?post=58036"},{"taxonomy":"productsilhouette","embeddable":true,"href":"https:\/\/www.koonings.com\/fr\/wp-json\/wp\/v2\/productsilhouette?post=58036"},{"taxonomy":"productstyle","embeddable":true,"href":"https:\/\/www.koonings.com\/fr\/wp-json\/wp\/v2\/productstyle?post=58036"}],"curies":[{"name":"wp","href":"https:\/\/api.w.org\/{rel}","templated":true}]}}