{"id":58027,"date":"2026-04-28T18:14:14","date_gmt":"2026-04-28T16:14:14","guid":{"rendered":"https:\/\/www.koonings.com\/product\/enzoani-taylor\/"},"modified":"2025-06-05T12:42:50","modified_gmt":"2025-06-05T10:42:50","slug":"enzoani-taylor","status":"publish","type":"product","link":"https:\/\/www.koonings.com\/fr\/product\/enzoani-taylor\/","title":{"rendered":"Enzoani Taylor"},"content":{"rendered":"<p>Taylor, \u00e0 la rencontre du vintage moderne, est une robe sir\u00e8ne dot\u00e9e d&#8217;un nouveau design en dentelle de Chantilly brod\u00e9e avec des motifs vintage sur un d\u00e9collet\u00e9 en c\u0153ur classique sans bretelles. L&#8217;armature du corset s&#8217;\u00e9tend jusqu&#8217;au corsage de style lingerie, donnant au corps un effet d&#8217;allongement. La d\u00e9licate ceinture \u00e0 n\u0153uds et la tra\u00eene en forme de c\u0153ur ajoutent une touche romantique \u00e0 cette jolie silhouette.  <\/p>\n","protected":false},"featured_media":41211,"template":"","meta":{"_acf_changed":false,"ghostkit_customizer_options":"","ghostkit_custom_css":"","ghostkit_custom_js_head":"","ghostkit_custom_js_foot":"","ghostkit_typography":""},"productdetails":[379,377,376,381],"productneck":[354],"productcolor":[393,392],"maat":[],"productsupplier":[406],"productsleeve":[],"productcategory":[18],"productsilhouette":[387],"productstyle":[371],"class_list":["post-58027","product","type-product","status-publish","has-post-thumbnail","hentry","productdetails-379","productdetails-377","productdetails-376","productdetails-381","productneck-354","productcolor-393","productcolor-392","productsupplier-enzoani","productcategory-trouwjurken","productsilhouette-387","productstyle-371"],"acf":[],"yoast_head":"<!-- This site is optimized with the Yoast SEO plugin v27.3 - https:\/\/yoast.com\/product\/yoast-seo-wordpress\/ -->\n<title>Enzoani Taylor | Koonings<\/title>\n<meta name=\"description\" content=\"Taylor, \u00e0 la rencontre du vintage moderne, est une robe sir\u00e8ne dot\u00e9e d&#039;un nouveau design en dentelle de Chantilly brod\u00e9e avec des motifs vintage sur un d\u00e9collet\u00e9 en c\u0153ur classique sans bretelles. L&#039;armature du corset s&#039;\u00e9tend jusqu&#039;au corsage de style lingerie, donnant au corps un effet d&#039;allongement. La d\u00e9licate ceinture \u00e0 n\u0153uds et la tra\u00eene en forme de c\u0153ur ajoutent une touche romantique \u00e0 cette jolie silhouette.\" \/>\n<meta name=\"robots\" content=\"index, follow, max-snippet:-1, max-image-preview:large, max-video-preview:-1\" \/>\n<link rel=\"canonical\" href=\"https:\/\/www.koonings.com\/fr\/product\/enzoani-taylor\/\" \/>\n<meta property=\"og:locale\" content=\"fr_FR\" \/>\n<meta property=\"og:type\" content=\"article\" \/>\n<meta property=\"og:title\" content=\"Enzoani Taylor | Koonings\" \/>\n<meta property=\"og:description\" content=\"Taylor, \u00e0 la rencontre du vintage moderne, est une robe sir\u00e8ne dot\u00e9e d&#039;un nouveau design en dentelle de Chantilly brod\u00e9e avec des motifs vintage sur un d\u00e9collet\u00e9 en c\u0153ur classique sans bretelles. L&#039;armature du corset s&#039;\u00e9tend jusqu&#039;au corsage de style lingerie, donnant au corps un effet d&#039;allongement. La d\u00e9licate ceinture \u00e0 n\u0153uds et la tra\u00eene en forme de c\u0153ur ajoutent une touche romantique \u00e0 cette jolie silhouette.\" \/>\n<meta property=\"og:url\" content=\"https:\/\/www.koonings.com\/fr\/product\/enzoani-taylor\/\" \/>\n<meta property=\"og:site_name\" content=\"Koonings\" \/>\n<meta property=\"article:publisher\" content=\"https:\/\/www.facebook.com\/kooningstheweddingpalace\" \/>\n<meta property=\"og:image\" content=\"https:\/\/www.koonings.com\/wp-content\/uploads\/2024\/11\/39543_2b42c83665fed8fb57e9f86ca53fbe2e22d266b6b2d470fd1eb4b1ebe6ea1246035619d7.jpeg\" \/>\n\t<meta property=\"og:image:width\" content=\"1035\" \/>\n\t<meta property=\"og:image:height\" content=\"1380\" \/>\n\t<meta property=\"og:image:type\" content=\"image\/jpeg\" \/>\n<meta name=\"twitter:card\" content=\"summary_large_image\" \/>\n<script type=\"application\/ld+json\" class=\"yoast-schema-graph\">{\"@context\":\"https:\\\/\\\/schema.org\",\"@graph\":[{\"@type\":\"WebPage\",\"@id\":\"https:\\\/\\\/www.koonings.com\\\/fr\\\/product\\\/enzoani-taylor\\\/\",\"url\":\"https:\\\/\\\/www.koonings.com\\\/fr\\\/product\\\/enzoani-taylor\\\/\",\"name\":\"Enzoani Taylor | Koonings\",\"isPartOf\":{\"@id\":\"https:\\\/\\\/www.koonings.com\\\/fr\\\/#website\"},\"primaryImageOfPage\":{\"@id\":\"https:\\\/\\\/www.koonings.com\\\/fr\\\/product\\\/enzoani-taylor\\\/#primaryimage\"},\"image\":{\"@id\":\"https:\\\/\\\/www.koonings.com\\\/fr\\\/product\\\/enzoani-taylor\\\/#primaryimage\"},\"thumbnailUrl\":\"https:\\\/\\\/www.koonings.com\\\/wp-content\\\/uploads\\\/2024\\\/11\\\/39543_2b42c83665fed8fb57e9f86ca53fbe2e22d266b6b2d470fd1eb4b1ebe6ea1246035619d7.jpeg\",\"datePublished\":\"2026-04-28T16:14:14+00:00\",\"description\":\"Taylor, \u00e0 la rencontre du vintage moderne, est une robe sir\u00e8ne dot\u00e9e d'un nouveau design en dentelle de Chantilly brod\u00e9e avec des motifs vintage sur un d\u00e9collet\u00e9 en c\u0153ur classique sans bretelles. L'armature du corset s'\u00e9tend jusqu'au corsage de style lingerie, donnant au corps un effet d'allongement. La d\u00e9licate ceinture \u00e0 n\u0153uds et la tra\u00eene en forme de c\u0153ur ajoutent une touche romantique \u00e0 cette jolie silhouette.\",\"breadcrumb\":{\"@id\":\"https:\\\/\\\/www.koonings.com\\\/fr\\\/product\\\/enzoani-taylor\\\/#breadcrumb\"},\"inLanguage\":\"fr-FR\",\"potentialAction\":[{\"@type\":\"ReadAction\",\"target\":[\"https:\\\/\\\/www.koonings.com\\\/fr\\\/product\\\/enzoani-taylor\\\/\"]}]},{\"@type\":\"ImageObject\",\"inLanguage\":\"fr-FR\",\"@id\":\"https:\\\/\\\/www.koonings.com\\\/fr\\\/product\\\/enzoani-taylor\\\/#primaryimage\",\"url\":\"https:\\\/\\\/www.koonings.com\\\/wp-content\\\/uploads\\\/2024\\\/11\\\/39543_2b42c83665fed8fb57e9f86ca53fbe2e22d266b6b2d470fd1eb4b1ebe6ea1246035619d7.jpeg\",\"contentUrl\":\"https:\\\/\\\/www.koonings.com\\\/wp-content\\\/uploads\\\/2024\\\/11\\\/39543_2b42c83665fed8fb57e9f86ca53fbe2e22d266b6b2d470fd1eb4b1ebe6ea1246035619d7.jpeg\",\"width\":1035,\"height\":1380},{\"@type\":\"BreadcrumbList\",\"@id\":\"https:\\\/\\\/www.koonings.com\\\/fr\\\/product\\\/enzoani-taylor\\\/#breadcrumb\",\"itemListElement\":[{\"@type\":\"ListItem\",\"position\":1,\"name\":\"Home\",\"item\":\"https:\\\/\\\/www.koonings.com\\\/fr\\\/\"},{\"@type\":\"ListItem\",\"position\":2,\"name\":\"Enzoani Taylor\"}]},{\"@type\":\"WebSite\",\"@id\":\"https:\\\/\\\/www.koonings.com\\\/fr\\\/#website\",\"url\":\"https:\\\/\\\/www.koonings.com\\\/fr\\\/\",\"name\":\"Koonings\",\"description\":\"De grootste bruidsmodewinkel ter wereld\",\"publisher\":{\"@id\":\"https:\\\/\\\/www.koonings.com\\\/fr\\\/#organization\"},\"potentialAction\":[{\"@type\":\"SearchAction\",\"target\":{\"@type\":\"EntryPoint\",\"urlTemplate\":\"https:\\\/\\\/www.koonings.com\\\/fr\\\/?s={search_term_string}\"},\"query-input\":{\"@type\":\"PropertyValueSpecification\",\"valueRequired\":true,\"valueName\":\"search_term_string\"}}],\"inLanguage\":\"fr-FR\"},{\"@type\":\"Organization\",\"@id\":\"https:\\\/\\\/www.koonings.com\\\/fr\\\/#organization\",\"name\":\"Koonings\",\"url\":\"https:\\\/\\\/www.koonings.com\\\/fr\\\/\",\"logo\":{\"@type\":\"ImageObject\",\"inLanguage\":\"fr-FR\",\"@id\":\"https:\\\/\\\/www.koonings.com\\\/fr\\\/#\\\/schema\\\/logo\\\/image\\\/\",\"url\":\"https:\\\/\\\/www.koonings.com\\\/wp-content\\\/uploads\\\/2024\\\/07\\\/logo.png\",\"contentUrl\":\"https:\\\/\\\/www.koonings.com\\\/wp-content\\\/uploads\\\/2024\\\/07\\\/logo.png\",\"width\":600,\"height\":428,\"caption\":\"Koonings\"},\"image\":{\"@id\":\"https:\\\/\\\/www.koonings.com\\\/fr\\\/#\\\/schema\\\/logo\\\/image\\\/\"},\"sameAs\":[\"https:\\\/\\\/www.facebook.com\\\/kooningstheweddingpalace\",\"https:\\\/\\\/www.instagram.com\\\/kooningstheweddingpalace\",\"https:\\\/\\\/www.pinterest.com\\\/koonings\",\"https:\\\/\\\/www.youtube.com\\\/kooningstheweddingpalace\"]}]}<\/script>\n<!-- \/ Yoast SEO plugin. -->","yoast_head_json":{"title":"Enzoani Taylor | Koonings","description":"Taylor, \u00e0 la rencontre du vintage moderne, est une robe sir\u00e8ne dot\u00e9e d'un nouveau design en dentelle de Chantilly brod\u00e9e avec des motifs vintage sur un d\u00e9collet\u00e9 en c\u0153ur classique sans bretelles. L'armature du corset s'\u00e9tend jusqu'au corsage de style lingerie, donnant au corps un effet d'allongement. La d\u00e9licate ceinture \u00e0 n\u0153uds et la tra\u00eene en forme de c\u0153ur ajoutent une touche romantique \u00e0 cette jolie silhouette.","robots":{"index":"index","follow":"follow","max-snippet":"max-snippet:-1","max-image-preview":"max-image-preview:large","max-video-preview":"max-video-preview:-1"},"canonical":"https:\/\/www.koonings.com\/fr\/product\/enzoani-taylor\/","og_locale":"fr_FR","og_type":"article","og_title":"Enzoani Taylor | Koonings","og_description":"Taylor, \u00e0 la rencontre du vintage moderne, est une robe sir\u00e8ne dot\u00e9e d'un nouveau design en dentelle de Chantilly brod\u00e9e avec des motifs vintage sur un d\u00e9collet\u00e9 en c\u0153ur classique sans bretelles. L'armature du corset s'\u00e9tend jusqu'au corsage de style lingerie, donnant au corps un effet d'allongement. La d\u00e9licate ceinture \u00e0 n\u0153uds et la tra\u00eene en forme de c\u0153ur ajoutent une touche romantique \u00e0 cette jolie silhouette.","og_url":"https:\/\/www.koonings.com\/fr\/product\/enzoani-taylor\/","og_site_name":"Koonings","article_publisher":"https:\/\/www.facebook.com\/kooningstheweddingpalace","og_image":[{"width":1035,"height":1380,"url":"https:\/\/www.koonings.com\/wp-content\/uploads\/2024\/11\/39543_2b42c83665fed8fb57e9f86ca53fbe2e22d266b6b2d470fd1eb4b1ebe6ea1246035619d7.jpeg","type":"image\/jpeg"}],"twitter_card":"summary_large_image","schema":{"@context":"https:\/\/schema.org","@graph":[{"@type":"WebPage","@id":"https:\/\/www.koonings.com\/fr\/product\/enzoani-taylor\/","url":"https:\/\/www.koonings.com\/fr\/product\/enzoani-taylor\/","name":"Enzoani Taylor | Koonings","isPartOf":{"@id":"https:\/\/www.koonings.com\/fr\/#website"},"primaryImageOfPage":{"@id":"https:\/\/www.koonings.com\/fr\/product\/enzoani-taylor\/#primaryimage"},"image":{"@id":"https:\/\/www.koonings.com\/fr\/product\/enzoani-taylor\/#primaryimage"},"thumbnailUrl":"https:\/\/www.koonings.com\/wp-content\/uploads\/2024\/11\/39543_2b42c83665fed8fb57e9f86ca53fbe2e22d266b6b2d470fd1eb4b1ebe6ea1246035619d7.jpeg","datePublished":"2026-04-28T16:14:14+00:00","description":"Taylor, \u00e0 la rencontre du vintage moderne, est une robe sir\u00e8ne dot\u00e9e d'un nouveau design en dentelle de Chantilly brod\u00e9e avec des motifs vintage sur un d\u00e9collet\u00e9 en c\u0153ur classique sans bretelles. L'armature du corset s'\u00e9tend jusqu'au corsage de style lingerie, donnant au corps un effet d'allongement. La d\u00e9licate ceinture \u00e0 n\u0153uds et la tra\u00eene en forme de c\u0153ur ajoutent une touche romantique \u00e0 cette jolie silhouette.","breadcrumb":{"@id":"https:\/\/www.koonings.com\/fr\/product\/enzoani-taylor\/#breadcrumb"},"inLanguage":"fr-FR","potentialAction":[{"@type":"ReadAction","target":["https:\/\/www.koonings.com\/fr\/product\/enzoani-taylor\/"]}]},{"@type":"ImageObject","inLanguage":"fr-FR","@id":"https:\/\/www.koonings.com\/fr\/product\/enzoani-taylor\/#primaryimage","url":"https:\/\/www.koonings.com\/wp-content\/uploads\/2024\/11\/39543_2b42c83665fed8fb57e9f86ca53fbe2e22d266b6b2d470fd1eb4b1ebe6ea1246035619d7.jpeg","contentUrl":"https:\/\/www.koonings.com\/wp-content\/uploads\/2024\/11\/39543_2b42c83665fed8fb57e9f86ca53fbe2e22d266b6b2d470fd1eb4b1ebe6ea1246035619d7.jpeg","width":1035,"height":1380},{"@type":"BreadcrumbList","@id":"https:\/\/www.koonings.com\/fr\/product\/enzoani-taylor\/#breadcrumb","itemListElement":[{"@type":"ListItem","position":1,"name":"Home","item":"https:\/\/www.koonings.com\/fr\/"},{"@type":"ListItem","position":2,"name":"Enzoani Taylor"}]},{"@type":"WebSite","@id":"https:\/\/www.koonings.com\/fr\/#website","url":"https:\/\/www.koonings.com\/fr\/","name":"Koonings","description":"De grootste bruidsmodewinkel ter wereld","publisher":{"@id":"https:\/\/www.koonings.com\/fr\/#organization"},"potentialAction":[{"@type":"SearchAction","target":{"@type":"EntryPoint","urlTemplate":"https:\/\/www.koonings.com\/fr\/?s={search_term_string}"},"query-input":{"@type":"PropertyValueSpecification","valueRequired":true,"valueName":"search_term_string"}}],"inLanguage":"fr-FR"},{"@type":"Organization","@id":"https:\/\/www.koonings.com\/fr\/#organization","name":"Koonings","url":"https:\/\/www.koonings.com\/fr\/","logo":{"@type":"ImageObject","inLanguage":"fr-FR","@id":"https:\/\/www.koonings.com\/fr\/#\/schema\/logo\/image\/","url":"https:\/\/www.koonings.com\/wp-content\/uploads\/2024\/07\/logo.png","contentUrl":"https:\/\/www.koonings.com\/wp-content\/uploads\/2024\/07\/logo.png","width":600,"height":428,"caption":"Koonings"},"image":{"@id":"https:\/\/www.koonings.com\/fr\/#\/schema\/logo\/image\/"},"sameAs":["https:\/\/www.facebook.com\/kooningstheweddingpalace","https:\/\/www.instagram.com\/kooningstheweddingpalace","https:\/\/www.pinterest.com\/koonings","https:\/\/www.youtube.com\/kooningstheweddingpalace"]}]}},"_links":{"self":[{"href":"https:\/\/www.koonings.com\/fr\/wp-json\/wp\/v2\/product\/58027","targetHints":{"allow":["GET"]}}],"collection":[{"href":"https:\/\/www.koonings.com\/fr\/wp-json\/wp\/v2\/product"}],"about":[{"href":"https:\/\/www.koonings.com\/fr\/wp-json\/wp\/v2\/types\/product"}],"wp:featuredmedia":[{"embeddable":true,"href":"https:\/\/www.koonings.com\/fr\/wp-json\/wp\/v2\/media\/41211"}],"wp:attachment":[{"href":"https:\/\/www.koonings.com\/fr\/wp-json\/wp\/v2\/media?parent=58027"}],"wp:term":[{"taxonomy":"productdetails","embeddable":true,"href":"https:\/\/www.koonings.com\/fr\/wp-json\/wp\/v2\/productdetails?post=58027"},{"taxonomy":"productneck","embeddable":true,"href":"https:\/\/www.koonings.com\/fr\/wp-json\/wp\/v2\/productneck?post=58027"},{"taxonomy":"productcolor","embeddable":true,"href":"https:\/\/www.koonings.com\/fr\/wp-json\/wp\/v2\/productcolor?post=58027"},{"taxonomy":"maat","embeddable":true,"href":"https:\/\/www.koonings.com\/fr\/wp-json\/wp\/v2\/maat?post=58027"},{"taxonomy":"productsupplier","embeddable":true,"href":"https:\/\/www.koonings.com\/fr\/wp-json\/wp\/v2\/productsupplier?post=58027"},{"taxonomy":"productsleeve","embeddable":true,"href":"https:\/\/www.koonings.com\/fr\/wp-json\/wp\/v2\/productsleeve?post=58027"},{"taxonomy":"productcategory","embeddable":true,"href":"https:\/\/www.koonings.com\/fr\/wp-json\/wp\/v2\/productcategory?post=58027"},{"taxonomy":"productsilhouette","embeddable":true,"href":"https:\/\/www.koonings.com\/fr\/wp-json\/wp\/v2\/productsilhouette?post=58027"},{"taxonomy":"productstyle","embeddable":true,"href":"https:\/\/www.koonings.com\/fr\/wp-json\/wp\/v2\/productstyle?post=58027"}],"curies":[{"name":"wp","href":"https:\/\/api.w.org\/{rel}","templated":true}]}}