{"id":58020,"date":"2026-05-06T15:14:25","date_gmt":"2026-05-06T13:14:25","guid":{"rendered":"https:\/\/www.koonings.com\/product\/enzoani-tiara\/"},"modified":"2025-06-05T12:43:00","modified_gmt":"2025-06-05T10:43:00","slug":"enzoani-tiara","status":"publish","type":"product","link":"https:\/\/www.koonings.com\/fr\/product\/enzoani-tiara\/","title":{"rendered":"Enzoani Tiara"},"content":{"rendered":"<p>Pour toutes nos princesses mari\u00e9es glamour, TIARA r\u00e9alisera tous vos r\u00eaves de mariage royal. De la nouvelle dentelle florale perl\u00e9e en 3D aux d\u00e9licats motifs de plumes, en passant par les \u00e9tonnants ornements de feuilles d\u00e9cor\u00e9s de fleurs et de perles volumineuses et par le bas du dos illusionn\u00e9 perl\u00e9 \u00e0 la main, cette beaut\u00e9 de la ligne A \u00e9tonnera tout le monde. L&#8217;encolure organique perl\u00e9e et le tulle scintillant scintilleront \u00e0 chacun de vos mouvements.  <\/p>\n","protected":false},"featured_media":41262,"template":"","meta":{"_acf_changed":false,"ghostkit_customizer_options":"","ghostkit_custom_css":"","ghostkit_custom_js_head":"","ghostkit_custom_js_foot":"","ghostkit_typography":""},"productdetails":[379,377,376,381],"productneck":[351],"productcolor":[393,392],"maat":[],"productsupplier":[406],"productsleeve":[359],"productcategory":[18],"productsilhouette":[388],"productstyle":[372],"class_list":["post-58020","product","type-product","status-publish","has-post-thumbnail","hentry","productdetails-379","productdetails-377","productdetails-376","productdetails-381","productneck-351","productcolor-393","productcolor-392","productsupplier-enzoani","productsleeve-359","productcategory-trouwjurken","productsilhouette-388","productstyle-372"],"acf":[],"yoast_head":"<!-- This site is optimized with the Yoast SEO plugin v27.3 - https:\/\/yoast.com\/product\/yoast-seo-wordpress\/ -->\n<title>Enzoani Tiara | Koonings<\/title>\n<meta name=\"description\" content=\"Pour toutes nos princesses mari\u00e9es glamour, TIARA r\u00e9alisera tous vos r\u00eaves de mariage royal. De la nouvelle dentelle florale perl\u00e9e en 3D aux d\u00e9licats motifs de plumes, en passant par les \u00e9tonnants ornements de feuilles d\u00e9cor\u00e9s de fleurs et de perles volumineuses et par le bas du dos illusionn\u00e9 perl\u00e9 \u00e0 la main, cette beaut\u00e9 de la ligne A \u00e9tonnera tout le monde. L&#039;encolure organique perl\u00e9e et le tulle scintillant scintilleront \u00e0 chacun de vos mouvements.\" \/>\n<meta name=\"robots\" content=\"index, follow, max-snippet:-1, max-image-preview:large, max-video-preview:-1\" \/>\n<link rel=\"canonical\" href=\"https:\/\/www.koonings.com\/fr\/product\/enzoani-tiara\/\" \/>\n<meta property=\"og:locale\" content=\"fr_FR\" \/>\n<meta property=\"og:type\" content=\"article\" \/>\n<meta property=\"og:title\" content=\"Enzoani Tiara | Koonings\" \/>\n<meta property=\"og:description\" content=\"Pour toutes nos princesses mari\u00e9es glamour, TIARA r\u00e9alisera tous vos r\u00eaves de mariage royal. De la nouvelle dentelle florale perl\u00e9e en 3D aux d\u00e9licats motifs de plumes, en passant par les \u00e9tonnants ornements de feuilles d\u00e9cor\u00e9s de fleurs et de perles volumineuses et par le bas du dos illusionn\u00e9 perl\u00e9 \u00e0 la main, cette beaut\u00e9 de la ligne A \u00e9tonnera tout le monde. L&#039;encolure organique perl\u00e9e et le tulle scintillant scintilleront \u00e0 chacun de vos mouvements.\" \/>\n<meta property=\"og:url\" content=\"https:\/\/www.koonings.com\/fr\/product\/enzoani-tiara\/\" \/>\n<meta property=\"og:site_name\" content=\"Koonings\" \/>\n<meta property=\"article:publisher\" content=\"https:\/\/www.facebook.com\/kooningstheweddingpalace\" \/>\n<meta property=\"og:image\" content=\"https:\/\/www.koonings.com\/wp-content\/uploads\/2024\/11\/39546_6740f7776f28e552d70a0b069a6f1e192473c374f32392dee35916a6a574d184e93ef7e2.jpeg\" \/>\n\t<meta property=\"og:image:width\" content=\"1035\" \/>\n\t<meta property=\"og:image:height\" content=\"1380\" \/>\n\t<meta property=\"og:image:type\" content=\"image\/jpeg\" \/>\n<meta name=\"twitter:card\" content=\"summary_large_image\" \/>\n<script type=\"application\/ld+json\" class=\"yoast-schema-graph\">{\"@context\":\"https:\\\/\\\/schema.org\",\"@graph\":[{\"@type\":\"WebPage\",\"@id\":\"https:\\\/\\\/www.koonings.com\\\/fr\\\/product\\\/enzoani-tiara\\\/\",\"url\":\"https:\\\/\\\/www.koonings.com\\\/fr\\\/product\\\/enzoani-tiara\\\/\",\"name\":\"Enzoani Tiara | Koonings\",\"isPartOf\":{\"@id\":\"https:\\\/\\\/www.koonings.com\\\/fr\\\/#website\"},\"primaryImageOfPage\":{\"@id\":\"https:\\\/\\\/www.koonings.com\\\/fr\\\/product\\\/enzoani-tiara\\\/#primaryimage\"},\"image\":{\"@id\":\"https:\\\/\\\/www.koonings.com\\\/fr\\\/product\\\/enzoani-tiara\\\/#primaryimage\"},\"thumbnailUrl\":\"https:\\\/\\\/www.koonings.com\\\/wp-content\\\/uploads\\\/2024\\\/11\\\/39546_6740f7776f28e552d70a0b069a6f1e192473c374f32392dee35916a6a574d184e93ef7e2.jpeg\",\"datePublished\":\"2026-05-06T13:14:25+00:00\",\"description\":\"Pour toutes nos princesses mari\u00e9es glamour, TIARA r\u00e9alisera tous vos r\u00eaves de mariage royal. De la nouvelle dentelle florale perl\u00e9e en 3D aux d\u00e9licats motifs de plumes, en passant par les \u00e9tonnants ornements de feuilles d\u00e9cor\u00e9s de fleurs et de perles volumineuses et par le bas du dos illusionn\u00e9 perl\u00e9 \u00e0 la main, cette beaut\u00e9 de la ligne A \u00e9tonnera tout le monde. L'encolure organique perl\u00e9e et le tulle scintillant scintilleront \u00e0 chacun de vos mouvements.\",\"breadcrumb\":{\"@id\":\"https:\\\/\\\/www.koonings.com\\\/fr\\\/product\\\/enzoani-tiara\\\/#breadcrumb\"},\"inLanguage\":\"fr-FR\",\"potentialAction\":[{\"@type\":\"ReadAction\",\"target\":[\"https:\\\/\\\/www.koonings.com\\\/fr\\\/product\\\/enzoani-tiara\\\/\"]}]},{\"@type\":\"ImageObject\",\"inLanguage\":\"fr-FR\",\"@id\":\"https:\\\/\\\/www.koonings.com\\\/fr\\\/product\\\/enzoani-tiara\\\/#primaryimage\",\"url\":\"https:\\\/\\\/www.koonings.com\\\/wp-content\\\/uploads\\\/2024\\\/11\\\/39546_6740f7776f28e552d70a0b069a6f1e192473c374f32392dee35916a6a574d184e93ef7e2.jpeg\",\"contentUrl\":\"https:\\\/\\\/www.koonings.com\\\/wp-content\\\/uploads\\\/2024\\\/11\\\/39546_6740f7776f28e552d70a0b069a6f1e192473c374f32392dee35916a6a574d184e93ef7e2.jpeg\",\"width\":1035,\"height\":1380},{\"@type\":\"BreadcrumbList\",\"@id\":\"https:\\\/\\\/www.koonings.com\\\/fr\\\/product\\\/enzoani-tiara\\\/#breadcrumb\",\"itemListElement\":[{\"@type\":\"ListItem\",\"position\":1,\"name\":\"Home\",\"item\":\"https:\\\/\\\/www.koonings.com\\\/fr\\\/\"},{\"@type\":\"ListItem\",\"position\":2,\"name\":\"Enzoani Tiara\"}]},{\"@type\":\"WebSite\",\"@id\":\"https:\\\/\\\/www.koonings.com\\\/fr\\\/#website\",\"url\":\"https:\\\/\\\/www.koonings.com\\\/fr\\\/\",\"name\":\"Koonings\",\"description\":\"De grootste bruidsmodewinkel ter wereld\",\"publisher\":{\"@id\":\"https:\\\/\\\/www.koonings.com\\\/fr\\\/#organization\"},\"potentialAction\":[{\"@type\":\"SearchAction\",\"target\":{\"@type\":\"EntryPoint\",\"urlTemplate\":\"https:\\\/\\\/www.koonings.com\\\/fr\\\/?s={search_term_string}\"},\"query-input\":{\"@type\":\"PropertyValueSpecification\",\"valueRequired\":true,\"valueName\":\"search_term_string\"}}],\"inLanguage\":\"fr-FR\"},{\"@type\":\"Organization\",\"@id\":\"https:\\\/\\\/www.koonings.com\\\/fr\\\/#organization\",\"name\":\"Koonings\",\"url\":\"https:\\\/\\\/www.koonings.com\\\/fr\\\/\",\"logo\":{\"@type\":\"ImageObject\",\"inLanguage\":\"fr-FR\",\"@id\":\"https:\\\/\\\/www.koonings.com\\\/fr\\\/#\\\/schema\\\/logo\\\/image\\\/\",\"url\":\"https:\\\/\\\/www.koonings.com\\\/wp-content\\\/uploads\\\/2024\\\/07\\\/logo.png\",\"contentUrl\":\"https:\\\/\\\/www.koonings.com\\\/wp-content\\\/uploads\\\/2024\\\/07\\\/logo.png\",\"width\":600,\"height\":428,\"caption\":\"Koonings\"},\"image\":{\"@id\":\"https:\\\/\\\/www.koonings.com\\\/fr\\\/#\\\/schema\\\/logo\\\/image\\\/\"},\"sameAs\":[\"https:\\\/\\\/www.facebook.com\\\/kooningstheweddingpalace\",\"https:\\\/\\\/www.instagram.com\\\/kooningstheweddingpalace\",\"https:\\\/\\\/www.pinterest.com\\\/koonings\",\"https:\\\/\\\/www.youtube.com\\\/kooningstheweddingpalace\"]}]}<\/script>\n<!-- \/ Yoast SEO plugin. -->","yoast_head_json":{"title":"Enzoani Tiara | Koonings","description":"Pour toutes nos princesses mari\u00e9es glamour, TIARA r\u00e9alisera tous vos r\u00eaves de mariage royal. De la nouvelle dentelle florale perl\u00e9e en 3D aux d\u00e9licats motifs de plumes, en passant par les \u00e9tonnants ornements de feuilles d\u00e9cor\u00e9s de fleurs et de perles volumineuses et par le bas du dos illusionn\u00e9 perl\u00e9 \u00e0 la main, cette beaut\u00e9 de la ligne A \u00e9tonnera tout le monde. L'encolure organique perl\u00e9e et le tulle scintillant scintilleront \u00e0 chacun de vos mouvements.","robots":{"index":"index","follow":"follow","max-snippet":"max-snippet:-1","max-image-preview":"max-image-preview:large","max-video-preview":"max-video-preview:-1"},"canonical":"https:\/\/www.koonings.com\/fr\/product\/enzoani-tiara\/","og_locale":"fr_FR","og_type":"article","og_title":"Enzoani Tiara | Koonings","og_description":"Pour toutes nos princesses mari\u00e9es glamour, TIARA r\u00e9alisera tous vos r\u00eaves de mariage royal. De la nouvelle dentelle florale perl\u00e9e en 3D aux d\u00e9licats motifs de plumes, en passant par les \u00e9tonnants ornements de feuilles d\u00e9cor\u00e9s de fleurs et de perles volumineuses et par le bas du dos illusionn\u00e9 perl\u00e9 \u00e0 la main, cette beaut\u00e9 de la ligne A \u00e9tonnera tout le monde. L'encolure organique perl\u00e9e et le tulle scintillant scintilleront \u00e0 chacun de vos mouvements.","og_url":"https:\/\/www.koonings.com\/fr\/product\/enzoani-tiara\/","og_site_name":"Koonings","article_publisher":"https:\/\/www.facebook.com\/kooningstheweddingpalace","og_image":[{"width":1035,"height":1380,"url":"https:\/\/www.koonings.com\/wp-content\/uploads\/2024\/11\/39546_6740f7776f28e552d70a0b069a6f1e192473c374f32392dee35916a6a574d184e93ef7e2.jpeg","type":"image\/jpeg"}],"twitter_card":"summary_large_image","schema":{"@context":"https:\/\/schema.org","@graph":[{"@type":"WebPage","@id":"https:\/\/www.koonings.com\/fr\/product\/enzoani-tiara\/","url":"https:\/\/www.koonings.com\/fr\/product\/enzoani-tiara\/","name":"Enzoani Tiara | Koonings","isPartOf":{"@id":"https:\/\/www.koonings.com\/fr\/#website"},"primaryImageOfPage":{"@id":"https:\/\/www.koonings.com\/fr\/product\/enzoani-tiara\/#primaryimage"},"image":{"@id":"https:\/\/www.koonings.com\/fr\/product\/enzoani-tiara\/#primaryimage"},"thumbnailUrl":"https:\/\/www.koonings.com\/wp-content\/uploads\/2024\/11\/39546_6740f7776f28e552d70a0b069a6f1e192473c374f32392dee35916a6a574d184e93ef7e2.jpeg","datePublished":"2026-05-06T13:14:25+00:00","description":"Pour toutes nos princesses mari\u00e9es glamour, TIARA r\u00e9alisera tous vos r\u00eaves de mariage royal. De la nouvelle dentelle florale perl\u00e9e en 3D aux d\u00e9licats motifs de plumes, en passant par les \u00e9tonnants ornements de feuilles d\u00e9cor\u00e9s de fleurs et de perles volumineuses et par le bas du dos illusionn\u00e9 perl\u00e9 \u00e0 la main, cette beaut\u00e9 de la ligne A \u00e9tonnera tout le monde. L'encolure organique perl\u00e9e et le tulle scintillant scintilleront \u00e0 chacun de vos mouvements.","breadcrumb":{"@id":"https:\/\/www.koonings.com\/fr\/product\/enzoani-tiara\/#breadcrumb"},"inLanguage":"fr-FR","potentialAction":[{"@type":"ReadAction","target":["https:\/\/www.koonings.com\/fr\/product\/enzoani-tiara\/"]}]},{"@type":"ImageObject","inLanguage":"fr-FR","@id":"https:\/\/www.koonings.com\/fr\/product\/enzoani-tiara\/#primaryimage","url":"https:\/\/www.koonings.com\/wp-content\/uploads\/2024\/11\/39546_6740f7776f28e552d70a0b069a6f1e192473c374f32392dee35916a6a574d184e93ef7e2.jpeg","contentUrl":"https:\/\/www.koonings.com\/wp-content\/uploads\/2024\/11\/39546_6740f7776f28e552d70a0b069a6f1e192473c374f32392dee35916a6a574d184e93ef7e2.jpeg","width":1035,"height":1380},{"@type":"BreadcrumbList","@id":"https:\/\/www.koonings.com\/fr\/product\/enzoani-tiara\/#breadcrumb","itemListElement":[{"@type":"ListItem","position":1,"name":"Home","item":"https:\/\/www.koonings.com\/fr\/"},{"@type":"ListItem","position":2,"name":"Enzoani Tiara"}]},{"@type":"WebSite","@id":"https:\/\/www.koonings.com\/fr\/#website","url":"https:\/\/www.koonings.com\/fr\/","name":"Koonings","description":"De grootste bruidsmodewinkel ter wereld","publisher":{"@id":"https:\/\/www.koonings.com\/fr\/#organization"},"potentialAction":[{"@type":"SearchAction","target":{"@type":"EntryPoint","urlTemplate":"https:\/\/www.koonings.com\/fr\/?s={search_term_string}"},"query-input":{"@type":"PropertyValueSpecification","valueRequired":true,"valueName":"search_term_string"}}],"inLanguage":"fr-FR"},{"@type":"Organization","@id":"https:\/\/www.koonings.com\/fr\/#organization","name":"Koonings","url":"https:\/\/www.koonings.com\/fr\/","logo":{"@type":"ImageObject","inLanguage":"fr-FR","@id":"https:\/\/www.koonings.com\/fr\/#\/schema\/logo\/image\/","url":"https:\/\/www.koonings.com\/wp-content\/uploads\/2024\/07\/logo.png","contentUrl":"https:\/\/www.koonings.com\/wp-content\/uploads\/2024\/07\/logo.png","width":600,"height":428,"caption":"Koonings"},"image":{"@id":"https:\/\/www.koonings.com\/fr\/#\/schema\/logo\/image\/"},"sameAs":["https:\/\/www.facebook.com\/kooningstheweddingpalace","https:\/\/www.instagram.com\/kooningstheweddingpalace","https:\/\/www.pinterest.com\/koonings","https:\/\/www.youtube.com\/kooningstheweddingpalace"]}]}},"_links":{"self":[{"href":"https:\/\/www.koonings.com\/fr\/wp-json\/wp\/v2\/product\/58020","targetHints":{"allow":["GET"]}}],"collection":[{"href":"https:\/\/www.koonings.com\/fr\/wp-json\/wp\/v2\/product"}],"about":[{"href":"https:\/\/www.koonings.com\/fr\/wp-json\/wp\/v2\/types\/product"}],"wp:featuredmedia":[{"embeddable":true,"href":"https:\/\/www.koonings.com\/fr\/wp-json\/wp\/v2\/media\/41262"}],"wp:attachment":[{"href":"https:\/\/www.koonings.com\/fr\/wp-json\/wp\/v2\/media?parent=58020"}],"wp:term":[{"taxonomy":"productdetails","embeddable":true,"href":"https:\/\/www.koonings.com\/fr\/wp-json\/wp\/v2\/productdetails?post=58020"},{"taxonomy":"productneck","embeddable":true,"href":"https:\/\/www.koonings.com\/fr\/wp-json\/wp\/v2\/productneck?post=58020"},{"taxonomy":"productcolor","embeddable":true,"href":"https:\/\/www.koonings.com\/fr\/wp-json\/wp\/v2\/productcolor?post=58020"},{"taxonomy":"maat","embeddable":true,"href":"https:\/\/www.koonings.com\/fr\/wp-json\/wp\/v2\/maat?post=58020"},{"taxonomy":"productsupplier","embeddable":true,"href":"https:\/\/www.koonings.com\/fr\/wp-json\/wp\/v2\/productsupplier?post=58020"},{"taxonomy":"productsleeve","embeddable":true,"href":"https:\/\/www.koonings.com\/fr\/wp-json\/wp\/v2\/productsleeve?post=58020"},{"taxonomy":"productcategory","embeddable":true,"href":"https:\/\/www.koonings.com\/fr\/wp-json\/wp\/v2\/productcategory?post=58020"},{"taxonomy":"productsilhouette","embeddable":true,"href":"https:\/\/www.koonings.com\/fr\/wp-json\/wp\/v2\/productsilhouette?post=58020"},{"taxonomy":"productstyle","embeddable":true,"href":"https:\/\/www.koonings.com\/fr\/wp-json\/wp\/v2\/productstyle?post=58020"}],"curies":[{"name":"wp","href":"https:\/\/api.w.org\/{rel}","templated":true}]}}