{"id":58018,"date":"2026-05-06T15:14:26","date_gmt":"2026-05-06T13:14:26","guid":{"rendered":"https:\/\/www.koonings.com\/product\/enzoani-tina\/"},"modified":"2025-06-05T12:43:01","modified_gmt":"2025-06-05T10:43:01","slug":"enzoani-tina","status":"publish","type":"product","link":"https:\/\/www.koonings.com\/fr\/product\/enzoani-tina\/","title":{"rendered":"Enzoani Tina"},"content":{"rendered":"<p>TINA est une robe de mari\u00e9e moderne et chic en georgette extensible avec de magnifiques corsages en dentelle florale 3D perl\u00e9e \u00e0 la main sur un corsage d\u00e9collet\u00e9 sans bretelles. Les jolies bretelles assorties (et amovibles !) aux \u00e9paules et le d\u00e9licat n\u0153ud \u00e0 la taille compl\u00e8tent la robe. Le dos corset illusion avec dentelle brod\u00e9e et boutons ajoute une touche romantique, tandis qu&#8217;il tombe sur une tra\u00eene classique en dentelle festonn\u00e9e et tulle.  <\/p>\n","protected":false},"featured_media":41304,"template":"","meta":{"_acf_changed":false,"ghostkit_customizer_options":"","ghostkit_custom_css":"","ghostkit_custom_js_head":"","ghostkit_custom_js_foot":"","ghostkit_typography":""},"productdetails":[379,381],"productneck":[355],"productcolor":[393,392],"maat":[],"productsupplier":[406],"productsleeve":[361],"productcategory":[18],"productsilhouette":[387],"productstyle":[365,371],"class_list":["post-58018","product","type-product","status-publish","has-post-thumbnail","hentry","productdetails-379","productdetails-381","productneck-355","productcolor-393","productcolor-392","productsupplier-enzoani","productsleeve-361","productcategory-trouwjurken","productsilhouette-387","productstyle-365","productstyle-371"],"acf":[],"yoast_head":"<!-- This site is optimized with the Yoast SEO plugin v27.3 - https:\/\/yoast.com\/product\/yoast-seo-wordpress\/ -->\n<title>Enzoani Tina | Koonings<\/title>\n<meta name=\"description\" content=\"TINA est une robe de mari\u00e9e moderne et chic en georgette extensible avec de magnifiques corsages en dentelle florale 3D perl\u00e9e \u00e0 la main sur un corsage d\u00e9collet\u00e9 sans bretelles. Les jolies bretelles assorties (et amovibles !) aux \u00e9paules et le d\u00e9licat n\u0153ud \u00e0 la taille compl\u00e8tent la robe. Le dos corset illusion avec dentelle brod\u00e9e et boutons ajoute une touche romantique, tandis qu&#039;il tombe sur une tra\u00eene classique en dentelle festonn\u00e9e et tulle.\" \/>\n<meta name=\"robots\" content=\"index, follow, max-snippet:-1, max-image-preview:large, max-video-preview:-1\" \/>\n<link rel=\"canonical\" href=\"https:\/\/www.koonings.com\/fr\/product\/enzoani-tina\/\" \/>\n<meta property=\"og:locale\" content=\"fr_FR\" \/>\n<meta property=\"og:type\" content=\"article\" \/>\n<meta property=\"og:title\" content=\"Enzoani Tina | Koonings\" \/>\n<meta property=\"og:description\" content=\"TINA est une robe de mari\u00e9e moderne et chic en georgette extensible avec de magnifiques corsages en dentelle florale 3D perl\u00e9e \u00e0 la main sur un corsage d\u00e9collet\u00e9 sans bretelles. Les jolies bretelles assorties (et amovibles !) aux \u00e9paules et le d\u00e9licat n\u0153ud \u00e0 la taille compl\u00e8tent la robe. Le dos corset illusion avec dentelle brod\u00e9e et boutons ajoute une touche romantique, tandis qu&#039;il tombe sur une tra\u00eene classique en dentelle festonn\u00e9e et tulle.\" \/>\n<meta property=\"og:url\" content=\"https:\/\/www.koonings.com\/fr\/product\/enzoani-tina\/\" \/>\n<meta property=\"og:site_name\" content=\"Koonings\" \/>\n<meta property=\"article:publisher\" content=\"https:\/\/www.facebook.com\/kooningstheweddingpalace\" \/>\n<meta property=\"og:image\" content=\"https:\/\/www.koonings.com\/wp-content\/uploads\/2024\/11\/39548_65618e526066b4af134f04d5a87aa751f5db0446ad02062bfcc1efeb4abaf81cc46f7bbd.jpeg\" \/>\n\t<meta property=\"og:image:width\" content=\"1035\" \/>\n\t<meta property=\"og:image:height\" content=\"1380\" \/>\n\t<meta property=\"og:image:type\" content=\"image\/jpeg\" \/>\n<meta name=\"twitter:card\" content=\"summary_large_image\" \/>\n<script type=\"application\/ld+json\" class=\"yoast-schema-graph\">{\"@context\":\"https:\\\/\\\/schema.org\",\"@graph\":[{\"@type\":\"WebPage\",\"@id\":\"https:\\\/\\\/www.koonings.com\\\/fr\\\/product\\\/enzoani-tina\\\/\",\"url\":\"https:\\\/\\\/www.koonings.com\\\/fr\\\/product\\\/enzoani-tina\\\/\",\"name\":\"Enzoani Tina | Koonings\",\"isPartOf\":{\"@id\":\"https:\\\/\\\/www.koonings.com\\\/fr\\\/#website\"},\"primaryImageOfPage\":{\"@id\":\"https:\\\/\\\/www.koonings.com\\\/fr\\\/product\\\/enzoani-tina\\\/#primaryimage\"},\"image\":{\"@id\":\"https:\\\/\\\/www.koonings.com\\\/fr\\\/product\\\/enzoani-tina\\\/#primaryimage\"},\"thumbnailUrl\":\"https:\\\/\\\/www.koonings.com\\\/wp-content\\\/uploads\\\/2024\\\/11\\\/39548_65618e526066b4af134f04d5a87aa751f5db0446ad02062bfcc1efeb4abaf81cc46f7bbd.jpeg\",\"datePublished\":\"2026-05-06T13:14:26+00:00\",\"description\":\"TINA est une robe de mari\u00e9e moderne et chic en georgette extensible avec de magnifiques corsages en dentelle florale 3D perl\u00e9e \u00e0 la main sur un corsage d\u00e9collet\u00e9 sans bretelles. Les jolies bretelles assorties (et amovibles !) aux \u00e9paules et le d\u00e9licat n\u0153ud \u00e0 la taille compl\u00e8tent la robe. Le dos corset illusion avec dentelle brod\u00e9e et boutons ajoute une touche romantique, tandis qu'il tombe sur une tra\u00eene classique en dentelle festonn\u00e9e et tulle.\",\"breadcrumb\":{\"@id\":\"https:\\\/\\\/www.koonings.com\\\/fr\\\/product\\\/enzoani-tina\\\/#breadcrumb\"},\"inLanguage\":\"fr-FR\",\"potentialAction\":[{\"@type\":\"ReadAction\",\"target\":[\"https:\\\/\\\/www.koonings.com\\\/fr\\\/product\\\/enzoani-tina\\\/\"]}]},{\"@type\":\"ImageObject\",\"inLanguage\":\"fr-FR\",\"@id\":\"https:\\\/\\\/www.koonings.com\\\/fr\\\/product\\\/enzoani-tina\\\/#primaryimage\",\"url\":\"https:\\\/\\\/www.koonings.com\\\/wp-content\\\/uploads\\\/2024\\\/11\\\/39548_65618e526066b4af134f04d5a87aa751f5db0446ad02062bfcc1efeb4abaf81cc46f7bbd.jpeg\",\"contentUrl\":\"https:\\\/\\\/www.koonings.com\\\/wp-content\\\/uploads\\\/2024\\\/11\\\/39548_65618e526066b4af134f04d5a87aa751f5db0446ad02062bfcc1efeb4abaf81cc46f7bbd.jpeg\",\"width\":1035,\"height\":1380},{\"@type\":\"BreadcrumbList\",\"@id\":\"https:\\\/\\\/www.koonings.com\\\/fr\\\/product\\\/enzoani-tina\\\/#breadcrumb\",\"itemListElement\":[{\"@type\":\"ListItem\",\"position\":1,\"name\":\"Home\",\"item\":\"https:\\\/\\\/www.koonings.com\\\/fr\\\/\"},{\"@type\":\"ListItem\",\"position\":2,\"name\":\"Enzoani Tina\"}]},{\"@type\":\"WebSite\",\"@id\":\"https:\\\/\\\/www.koonings.com\\\/fr\\\/#website\",\"url\":\"https:\\\/\\\/www.koonings.com\\\/fr\\\/\",\"name\":\"Koonings\",\"description\":\"De grootste bruidsmodewinkel ter wereld\",\"publisher\":{\"@id\":\"https:\\\/\\\/www.koonings.com\\\/fr\\\/#organization\"},\"potentialAction\":[{\"@type\":\"SearchAction\",\"target\":{\"@type\":\"EntryPoint\",\"urlTemplate\":\"https:\\\/\\\/www.koonings.com\\\/fr\\\/?s={search_term_string}\"},\"query-input\":{\"@type\":\"PropertyValueSpecification\",\"valueRequired\":true,\"valueName\":\"search_term_string\"}}],\"inLanguage\":\"fr-FR\"},{\"@type\":\"Organization\",\"@id\":\"https:\\\/\\\/www.koonings.com\\\/fr\\\/#organization\",\"name\":\"Koonings\",\"url\":\"https:\\\/\\\/www.koonings.com\\\/fr\\\/\",\"logo\":{\"@type\":\"ImageObject\",\"inLanguage\":\"fr-FR\",\"@id\":\"https:\\\/\\\/www.koonings.com\\\/fr\\\/#\\\/schema\\\/logo\\\/image\\\/\",\"url\":\"https:\\\/\\\/www.koonings.com\\\/wp-content\\\/uploads\\\/2024\\\/07\\\/logo.png\",\"contentUrl\":\"https:\\\/\\\/www.koonings.com\\\/wp-content\\\/uploads\\\/2024\\\/07\\\/logo.png\",\"width\":600,\"height\":428,\"caption\":\"Koonings\"},\"image\":{\"@id\":\"https:\\\/\\\/www.koonings.com\\\/fr\\\/#\\\/schema\\\/logo\\\/image\\\/\"},\"sameAs\":[\"https:\\\/\\\/www.facebook.com\\\/kooningstheweddingpalace\",\"https:\\\/\\\/www.instagram.com\\\/kooningstheweddingpalace\",\"https:\\\/\\\/www.pinterest.com\\\/koonings\",\"https:\\\/\\\/www.youtube.com\\\/kooningstheweddingpalace\"]}]}<\/script>\n<!-- \/ Yoast SEO plugin. -->","yoast_head_json":{"title":"Enzoani Tina | Koonings","description":"TINA est une robe de mari\u00e9e moderne et chic en georgette extensible avec de magnifiques corsages en dentelle florale 3D perl\u00e9e \u00e0 la main sur un corsage d\u00e9collet\u00e9 sans bretelles. Les jolies bretelles assorties (et amovibles !) aux \u00e9paules et le d\u00e9licat n\u0153ud \u00e0 la taille compl\u00e8tent la robe. Le dos corset illusion avec dentelle brod\u00e9e et boutons ajoute une touche romantique, tandis qu'il tombe sur une tra\u00eene classique en dentelle festonn\u00e9e et tulle.","robots":{"index":"index","follow":"follow","max-snippet":"max-snippet:-1","max-image-preview":"max-image-preview:large","max-video-preview":"max-video-preview:-1"},"canonical":"https:\/\/www.koonings.com\/fr\/product\/enzoani-tina\/","og_locale":"fr_FR","og_type":"article","og_title":"Enzoani Tina | Koonings","og_description":"TINA est une robe de mari\u00e9e moderne et chic en georgette extensible avec de magnifiques corsages en dentelle florale 3D perl\u00e9e \u00e0 la main sur un corsage d\u00e9collet\u00e9 sans bretelles. Les jolies bretelles assorties (et amovibles !) aux \u00e9paules et le d\u00e9licat n\u0153ud \u00e0 la taille compl\u00e8tent la robe. Le dos corset illusion avec dentelle brod\u00e9e et boutons ajoute une touche romantique, tandis qu'il tombe sur une tra\u00eene classique en dentelle festonn\u00e9e et tulle.","og_url":"https:\/\/www.koonings.com\/fr\/product\/enzoani-tina\/","og_site_name":"Koonings","article_publisher":"https:\/\/www.facebook.com\/kooningstheweddingpalace","og_image":[{"width":1035,"height":1380,"url":"https:\/\/www.koonings.com\/wp-content\/uploads\/2024\/11\/39548_65618e526066b4af134f04d5a87aa751f5db0446ad02062bfcc1efeb4abaf81cc46f7bbd.jpeg","type":"image\/jpeg"}],"twitter_card":"summary_large_image","schema":{"@context":"https:\/\/schema.org","@graph":[{"@type":"WebPage","@id":"https:\/\/www.koonings.com\/fr\/product\/enzoani-tina\/","url":"https:\/\/www.koonings.com\/fr\/product\/enzoani-tina\/","name":"Enzoani Tina | Koonings","isPartOf":{"@id":"https:\/\/www.koonings.com\/fr\/#website"},"primaryImageOfPage":{"@id":"https:\/\/www.koonings.com\/fr\/product\/enzoani-tina\/#primaryimage"},"image":{"@id":"https:\/\/www.koonings.com\/fr\/product\/enzoani-tina\/#primaryimage"},"thumbnailUrl":"https:\/\/www.koonings.com\/wp-content\/uploads\/2024\/11\/39548_65618e526066b4af134f04d5a87aa751f5db0446ad02062bfcc1efeb4abaf81cc46f7bbd.jpeg","datePublished":"2026-05-06T13:14:26+00:00","description":"TINA est une robe de mari\u00e9e moderne et chic en georgette extensible avec de magnifiques corsages en dentelle florale 3D perl\u00e9e \u00e0 la main sur un corsage d\u00e9collet\u00e9 sans bretelles. Les jolies bretelles assorties (et amovibles !) aux \u00e9paules et le d\u00e9licat n\u0153ud \u00e0 la taille compl\u00e8tent la robe. Le dos corset illusion avec dentelle brod\u00e9e et boutons ajoute une touche romantique, tandis qu'il tombe sur une tra\u00eene classique en dentelle festonn\u00e9e et tulle.","breadcrumb":{"@id":"https:\/\/www.koonings.com\/fr\/product\/enzoani-tina\/#breadcrumb"},"inLanguage":"fr-FR","potentialAction":[{"@type":"ReadAction","target":["https:\/\/www.koonings.com\/fr\/product\/enzoani-tina\/"]}]},{"@type":"ImageObject","inLanguage":"fr-FR","@id":"https:\/\/www.koonings.com\/fr\/product\/enzoani-tina\/#primaryimage","url":"https:\/\/www.koonings.com\/wp-content\/uploads\/2024\/11\/39548_65618e526066b4af134f04d5a87aa751f5db0446ad02062bfcc1efeb4abaf81cc46f7bbd.jpeg","contentUrl":"https:\/\/www.koonings.com\/wp-content\/uploads\/2024\/11\/39548_65618e526066b4af134f04d5a87aa751f5db0446ad02062bfcc1efeb4abaf81cc46f7bbd.jpeg","width":1035,"height":1380},{"@type":"BreadcrumbList","@id":"https:\/\/www.koonings.com\/fr\/product\/enzoani-tina\/#breadcrumb","itemListElement":[{"@type":"ListItem","position":1,"name":"Home","item":"https:\/\/www.koonings.com\/fr\/"},{"@type":"ListItem","position":2,"name":"Enzoani Tina"}]},{"@type":"WebSite","@id":"https:\/\/www.koonings.com\/fr\/#website","url":"https:\/\/www.koonings.com\/fr\/","name":"Koonings","description":"De grootste bruidsmodewinkel ter wereld","publisher":{"@id":"https:\/\/www.koonings.com\/fr\/#organization"},"potentialAction":[{"@type":"SearchAction","target":{"@type":"EntryPoint","urlTemplate":"https:\/\/www.koonings.com\/fr\/?s={search_term_string}"},"query-input":{"@type":"PropertyValueSpecification","valueRequired":true,"valueName":"search_term_string"}}],"inLanguage":"fr-FR"},{"@type":"Organization","@id":"https:\/\/www.koonings.com\/fr\/#organization","name":"Koonings","url":"https:\/\/www.koonings.com\/fr\/","logo":{"@type":"ImageObject","inLanguage":"fr-FR","@id":"https:\/\/www.koonings.com\/fr\/#\/schema\/logo\/image\/","url":"https:\/\/www.koonings.com\/wp-content\/uploads\/2024\/07\/logo.png","contentUrl":"https:\/\/www.koonings.com\/wp-content\/uploads\/2024\/07\/logo.png","width":600,"height":428,"caption":"Koonings"},"image":{"@id":"https:\/\/www.koonings.com\/fr\/#\/schema\/logo\/image\/"},"sameAs":["https:\/\/www.facebook.com\/kooningstheweddingpalace","https:\/\/www.instagram.com\/kooningstheweddingpalace","https:\/\/www.pinterest.com\/koonings","https:\/\/www.youtube.com\/kooningstheweddingpalace"]}]}},"_links":{"self":[{"href":"https:\/\/www.koonings.com\/fr\/wp-json\/wp\/v2\/product\/58018","targetHints":{"allow":["GET"]}}],"collection":[{"href":"https:\/\/www.koonings.com\/fr\/wp-json\/wp\/v2\/product"}],"about":[{"href":"https:\/\/www.koonings.com\/fr\/wp-json\/wp\/v2\/types\/product"}],"wp:featuredmedia":[{"embeddable":true,"href":"https:\/\/www.koonings.com\/fr\/wp-json\/wp\/v2\/media\/41304"}],"wp:attachment":[{"href":"https:\/\/www.koonings.com\/fr\/wp-json\/wp\/v2\/media?parent=58018"}],"wp:term":[{"taxonomy":"productdetails","embeddable":true,"href":"https:\/\/www.koonings.com\/fr\/wp-json\/wp\/v2\/productdetails?post=58018"},{"taxonomy":"productneck","embeddable":true,"href":"https:\/\/www.koonings.com\/fr\/wp-json\/wp\/v2\/productneck?post=58018"},{"taxonomy":"productcolor","embeddable":true,"href":"https:\/\/www.koonings.com\/fr\/wp-json\/wp\/v2\/productcolor?post=58018"},{"taxonomy":"maat","embeddable":true,"href":"https:\/\/www.koonings.com\/fr\/wp-json\/wp\/v2\/maat?post=58018"},{"taxonomy":"productsupplier","embeddable":true,"href":"https:\/\/www.koonings.com\/fr\/wp-json\/wp\/v2\/productsupplier?post=58018"},{"taxonomy":"productsleeve","embeddable":true,"href":"https:\/\/www.koonings.com\/fr\/wp-json\/wp\/v2\/productsleeve?post=58018"},{"taxonomy":"productcategory","embeddable":true,"href":"https:\/\/www.koonings.com\/fr\/wp-json\/wp\/v2\/productcategory?post=58018"},{"taxonomy":"productsilhouette","embeddable":true,"href":"https:\/\/www.koonings.com\/fr\/wp-json\/wp\/v2\/productsilhouette?post=58018"},{"taxonomy":"productstyle","embeddable":true,"href":"https:\/\/www.koonings.com\/fr\/wp-json\/wp\/v2\/productstyle?post=58018"}],"curies":[{"name":"wp","href":"https:\/\/api.w.org\/{rel}","templated":true}]}}