{"id":58013,"date":"2026-04-28T18:14:15","date_gmt":"2026-04-28T16:14:15","guid":{"rendered":"https:\/\/www.koonings.com\/product\/enzoani-tyra\/"},"modified":"2025-06-05T12:42:59","modified_gmt":"2025-06-05T10:42:59","slug":"enzoani-tyra","status":"publish","type":"product","link":"https:\/\/www.koonings.com\/fr\/product\/enzoani-tyra\/","title":{"rendered":"Enzoani Tyra"},"content":{"rendered":"<p>On ne se lasse pas de cette divine robe sir\u00e8ne orn\u00e9e de perles et de d\u00e9licate dentelle botanique brod\u00e9e. La couche de douce dentelle de Chantilly et de tulle scintillant, ainsi que la taille flatteuse de type lingerie sur le corsage, cr\u00e9ent un look des plus attrayants. L&#8217;illusion de dentelle dans le dos se transforme en une magnifique tra\u00een\u00e9e de dentelle et de tulle. Associez cette robe aux bretelles amovibles \u00e0 \u00e9paules d\u00e9couvertes, orn\u00e9es de motifs floraux brod\u00e9s, pour une touche des plus sophistiqu\u00e9es.   <\/p>\n","protected":false},"featured_media":41283,"template":"","meta":{"_acf_changed":false,"ghostkit_customizer_options":"","ghostkit_custom_css":"","ghostkit_custom_js_head":"","ghostkit_custom_js_foot":"","ghostkit_typography":""},"productdetails":[379,377,376,381],"productneck":[354],"productcolor":[393,392],"maat":[],"productsupplier":[406],"productsleeve":[361],"productcategory":[18],"productsilhouette":[387],"productstyle":[366],"class_list":["post-58013","product","type-product","status-publish","has-post-thumbnail","hentry","productdetails-379","productdetails-377","productdetails-376","productdetails-381","productneck-354","productcolor-393","productcolor-392","productsupplier-enzoani","productsleeve-361","productcategory-trouwjurken","productsilhouette-387","productstyle-366"],"acf":[],"yoast_head":"<!-- This site is optimized with the Yoast SEO plugin v27.3 - https:\/\/yoast.com\/product\/yoast-seo-wordpress\/ -->\n<title>Enzoani Tyra | Koonings<\/title>\n<meta name=\"description\" content=\"On ne se lasse pas de cette divine robe sir\u00e8ne orn\u00e9e de perles et de d\u00e9licate dentelle botanique brod\u00e9e. La couche de douce dentelle de Chantilly et de tulle scintillant, ainsi que la taille flatteuse de type lingerie sur le corsage, cr\u00e9ent un look des plus attrayants. L&#039;illusion de dentelle dans le dos se transforme en une magnifique tra\u00een\u00e9e de dentelle et de tulle. Associez cette robe aux bretelles amovibles \u00e0 \u00e9paules d\u00e9couvertes, orn\u00e9es de motifs floraux brod\u00e9s, pour une touche des plus sophistiqu\u00e9es.\" \/>\n<meta name=\"robots\" content=\"index, follow, max-snippet:-1, max-image-preview:large, max-video-preview:-1\" \/>\n<link rel=\"canonical\" href=\"https:\/\/www.koonings.com\/fr\/product\/enzoani-tyra\/\" \/>\n<meta property=\"og:locale\" content=\"fr_FR\" \/>\n<meta property=\"og:type\" content=\"article\" \/>\n<meta property=\"og:title\" content=\"Enzoani Tyra | Koonings\" \/>\n<meta property=\"og:description\" content=\"On ne se lasse pas de cette divine robe sir\u00e8ne orn\u00e9e de perles et de d\u00e9licate dentelle botanique brod\u00e9e. La couche de douce dentelle de Chantilly et de tulle scintillant, ainsi que la taille flatteuse de type lingerie sur le corsage, cr\u00e9ent un look des plus attrayants. L&#039;illusion de dentelle dans le dos se transforme en une magnifique tra\u00een\u00e9e de dentelle et de tulle. Associez cette robe aux bretelles amovibles \u00e0 \u00e9paules d\u00e9couvertes, orn\u00e9es de motifs floraux brod\u00e9s, pour une touche des plus sophistiqu\u00e9es.\" \/>\n<meta property=\"og:url\" content=\"https:\/\/www.koonings.com\/fr\/product\/enzoani-tyra\/\" \/>\n<meta property=\"og:site_name\" content=\"Koonings\" \/>\n<meta property=\"article:publisher\" content=\"https:\/\/www.facebook.com\/kooningstheweddingpalace\" \/>\n<meta property=\"og:image\" content=\"https:\/\/www.koonings.com\/wp-content\/uploads\/2024\/11\/39547_1d92fa67c0c02a35fd4e1e98e1a4264778e183c10c9048903e3886c74cc4fc16cb692eae.jpeg\" \/>\n\t<meta property=\"og:image:width\" content=\"1035\" \/>\n\t<meta property=\"og:image:height\" content=\"1380\" \/>\n\t<meta property=\"og:image:type\" content=\"image\/jpeg\" \/>\n<meta name=\"twitter:card\" content=\"summary_large_image\" \/>\n<script type=\"application\/ld+json\" class=\"yoast-schema-graph\">{\"@context\":\"https:\\\/\\\/schema.org\",\"@graph\":[{\"@type\":\"WebPage\",\"@id\":\"https:\\\/\\\/www.koonings.com\\\/fr\\\/product\\\/enzoani-tyra\\\/\",\"url\":\"https:\\\/\\\/www.koonings.com\\\/fr\\\/product\\\/enzoani-tyra\\\/\",\"name\":\"Enzoani Tyra | Koonings\",\"isPartOf\":{\"@id\":\"https:\\\/\\\/www.koonings.com\\\/fr\\\/#website\"},\"primaryImageOfPage\":{\"@id\":\"https:\\\/\\\/www.koonings.com\\\/fr\\\/product\\\/enzoani-tyra\\\/#primaryimage\"},\"image\":{\"@id\":\"https:\\\/\\\/www.koonings.com\\\/fr\\\/product\\\/enzoani-tyra\\\/#primaryimage\"},\"thumbnailUrl\":\"https:\\\/\\\/www.koonings.com\\\/wp-content\\\/uploads\\\/2024\\\/11\\\/39547_1d92fa67c0c02a35fd4e1e98e1a4264778e183c10c9048903e3886c74cc4fc16cb692eae.jpeg\",\"datePublished\":\"2026-04-28T16:14:15+00:00\",\"description\":\"On ne se lasse pas de cette divine robe sir\u00e8ne orn\u00e9e de perles et de d\u00e9licate dentelle botanique brod\u00e9e. La couche de douce dentelle de Chantilly et de tulle scintillant, ainsi que la taille flatteuse de type lingerie sur le corsage, cr\u00e9ent un look des plus attrayants. L'illusion de dentelle dans le dos se transforme en une magnifique tra\u00een\u00e9e de dentelle et de tulle. Associez cette robe aux bretelles amovibles \u00e0 \u00e9paules d\u00e9couvertes, orn\u00e9es de motifs floraux brod\u00e9s, pour une touche des plus sophistiqu\u00e9es.\",\"breadcrumb\":{\"@id\":\"https:\\\/\\\/www.koonings.com\\\/fr\\\/product\\\/enzoani-tyra\\\/#breadcrumb\"},\"inLanguage\":\"fr-FR\",\"potentialAction\":[{\"@type\":\"ReadAction\",\"target\":[\"https:\\\/\\\/www.koonings.com\\\/fr\\\/product\\\/enzoani-tyra\\\/\"]}]},{\"@type\":\"ImageObject\",\"inLanguage\":\"fr-FR\",\"@id\":\"https:\\\/\\\/www.koonings.com\\\/fr\\\/product\\\/enzoani-tyra\\\/#primaryimage\",\"url\":\"https:\\\/\\\/www.koonings.com\\\/wp-content\\\/uploads\\\/2024\\\/11\\\/39547_1d92fa67c0c02a35fd4e1e98e1a4264778e183c10c9048903e3886c74cc4fc16cb692eae.jpeg\",\"contentUrl\":\"https:\\\/\\\/www.koonings.com\\\/wp-content\\\/uploads\\\/2024\\\/11\\\/39547_1d92fa67c0c02a35fd4e1e98e1a4264778e183c10c9048903e3886c74cc4fc16cb692eae.jpeg\",\"width\":1035,\"height\":1380},{\"@type\":\"BreadcrumbList\",\"@id\":\"https:\\\/\\\/www.koonings.com\\\/fr\\\/product\\\/enzoani-tyra\\\/#breadcrumb\",\"itemListElement\":[{\"@type\":\"ListItem\",\"position\":1,\"name\":\"Home\",\"item\":\"https:\\\/\\\/www.koonings.com\\\/fr\\\/\"},{\"@type\":\"ListItem\",\"position\":2,\"name\":\"Enzoani Tyra\"}]},{\"@type\":\"WebSite\",\"@id\":\"https:\\\/\\\/www.koonings.com\\\/fr\\\/#website\",\"url\":\"https:\\\/\\\/www.koonings.com\\\/fr\\\/\",\"name\":\"Koonings\",\"description\":\"De grootste bruidsmodewinkel ter wereld\",\"publisher\":{\"@id\":\"https:\\\/\\\/www.koonings.com\\\/fr\\\/#organization\"},\"potentialAction\":[{\"@type\":\"SearchAction\",\"target\":{\"@type\":\"EntryPoint\",\"urlTemplate\":\"https:\\\/\\\/www.koonings.com\\\/fr\\\/?s={search_term_string}\"},\"query-input\":{\"@type\":\"PropertyValueSpecification\",\"valueRequired\":true,\"valueName\":\"search_term_string\"}}],\"inLanguage\":\"fr-FR\"},{\"@type\":\"Organization\",\"@id\":\"https:\\\/\\\/www.koonings.com\\\/fr\\\/#organization\",\"name\":\"Koonings\",\"url\":\"https:\\\/\\\/www.koonings.com\\\/fr\\\/\",\"logo\":{\"@type\":\"ImageObject\",\"inLanguage\":\"fr-FR\",\"@id\":\"https:\\\/\\\/www.koonings.com\\\/fr\\\/#\\\/schema\\\/logo\\\/image\\\/\",\"url\":\"https:\\\/\\\/www.koonings.com\\\/wp-content\\\/uploads\\\/2024\\\/07\\\/logo.png\",\"contentUrl\":\"https:\\\/\\\/www.koonings.com\\\/wp-content\\\/uploads\\\/2024\\\/07\\\/logo.png\",\"width\":600,\"height\":428,\"caption\":\"Koonings\"},\"image\":{\"@id\":\"https:\\\/\\\/www.koonings.com\\\/fr\\\/#\\\/schema\\\/logo\\\/image\\\/\"},\"sameAs\":[\"https:\\\/\\\/www.facebook.com\\\/kooningstheweddingpalace\",\"https:\\\/\\\/www.instagram.com\\\/kooningstheweddingpalace\",\"https:\\\/\\\/www.pinterest.com\\\/koonings\",\"https:\\\/\\\/www.youtube.com\\\/kooningstheweddingpalace\"]}]}<\/script>\n<!-- \/ Yoast SEO plugin. -->","yoast_head_json":{"title":"Enzoani Tyra | Koonings","description":"On ne se lasse pas de cette divine robe sir\u00e8ne orn\u00e9e de perles et de d\u00e9licate dentelle botanique brod\u00e9e. La couche de douce dentelle de Chantilly et de tulle scintillant, ainsi que la taille flatteuse de type lingerie sur le corsage, cr\u00e9ent un look des plus attrayants. L'illusion de dentelle dans le dos se transforme en une magnifique tra\u00een\u00e9e de dentelle et de tulle. Associez cette robe aux bretelles amovibles \u00e0 \u00e9paules d\u00e9couvertes, orn\u00e9es de motifs floraux brod\u00e9s, pour une touche des plus sophistiqu\u00e9es.","robots":{"index":"index","follow":"follow","max-snippet":"max-snippet:-1","max-image-preview":"max-image-preview:large","max-video-preview":"max-video-preview:-1"},"canonical":"https:\/\/www.koonings.com\/fr\/product\/enzoani-tyra\/","og_locale":"fr_FR","og_type":"article","og_title":"Enzoani Tyra | Koonings","og_description":"On ne se lasse pas de cette divine robe sir\u00e8ne orn\u00e9e de perles et de d\u00e9licate dentelle botanique brod\u00e9e. La couche de douce dentelle de Chantilly et de tulle scintillant, ainsi que la taille flatteuse de type lingerie sur le corsage, cr\u00e9ent un look des plus attrayants. L'illusion de dentelle dans le dos se transforme en une magnifique tra\u00een\u00e9e de dentelle et de tulle. Associez cette robe aux bretelles amovibles \u00e0 \u00e9paules d\u00e9couvertes, orn\u00e9es de motifs floraux brod\u00e9s, pour une touche des plus sophistiqu\u00e9es.","og_url":"https:\/\/www.koonings.com\/fr\/product\/enzoani-tyra\/","og_site_name":"Koonings","article_publisher":"https:\/\/www.facebook.com\/kooningstheweddingpalace","og_image":[{"width":1035,"height":1380,"url":"https:\/\/www.koonings.com\/wp-content\/uploads\/2024\/11\/39547_1d92fa67c0c02a35fd4e1e98e1a4264778e183c10c9048903e3886c74cc4fc16cb692eae.jpeg","type":"image\/jpeg"}],"twitter_card":"summary_large_image","schema":{"@context":"https:\/\/schema.org","@graph":[{"@type":"WebPage","@id":"https:\/\/www.koonings.com\/fr\/product\/enzoani-tyra\/","url":"https:\/\/www.koonings.com\/fr\/product\/enzoani-tyra\/","name":"Enzoani Tyra | Koonings","isPartOf":{"@id":"https:\/\/www.koonings.com\/fr\/#website"},"primaryImageOfPage":{"@id":"https:\/\/www.koonings.com\/fr\/product\/enzoani-tyra\/#primaryimage"},"image":{"@id":"https:\/\/www.koonings.com\/fr\/product\/enzoani-tyra\/#primaryimage"},"thumbnailUrl":"https:\/\/www.koonings.com\/wp-content\/uploads\/2024\/11\/39547_1d92fa67c0c02a35fd4e1e98e1a4264778e183c10c9048903e3886c74cc4fc16cb692eae.jpeg","datePublished":"2026-04-28T16:14:15+00:00","description":"On ne se lasse pas de cette divine robe sir\u00e8ne orn\u00e9e de perles et de d\u00e9licate dentelle botanique brod\u00e9e. La couche de douce dentelle de Chantilly et de tulle scintillant, ainsi que la taille flatteuse de type lingerie sur le corsage, cr\u00e9ent un look des plus attrayants. L'illusion de dentelle dans le dos se transforme en une magnifique tra\u00een\u00e9e de dentelle et de tulle. Associez cette robe aux bretelles amovibles \u00e0 \u00e9paules d\u00e9couvertes, orn\u00e9es de motifs floraux brod\u00e9s, pour une touche des plus sophistiqu\u00e9es.","breadcrumb":{"@id":"https:\/\/www.koonings.com\/fr\/product\/enzoani-tyra\/#breadcrumb"},"inLanguage":"fr-FR","potentialAction":[{"@type":"ReadAction","target":["https:\/\/www.koonings.com\/fr\/product\/enzoani-tyra\/"]}]},{"@type":"ImageObject","inLanguage":"fr-FR","@id":"https:\/\/www.koonings.com\/fr\/product\/enzoani-tyra\/#primaryimage","url":"https:\/\/www.koonings.com\/wp-content\/uploads\/2024\/11\/39547_1d92fa67c0c02a35fd4e1e98e1a4264778e183c10c9048903e3886c74cc4fc16cb692eae.jpeg","contentUrl":"https:\/\/www.koonings.com\/wp-content\/uploads\/2024\/11\/39547_1d92fa67c0c02a35fd4e1e98e1a4264778e183c10c9048903e3886c74cc4fc16cb692eae.jpeg","width":1035,"height":1380},{"@type":"BreadcrumbList","@id":"https:\/\/www.koonings.com\/fr\/product\/enzoani-tyra\/#breadcrumb","itemListElement":[{"@type":"ListItem","position":1,"name":"Home","item":"https:\/\/www.koonings.com\/fr\/"},{"@type":"ListItem","position":2,"name":"Enzoani Tyra"}]},{"@type":"WebSite","@id":"https:\/\/www.koonings.com\/fr\/#website","url":"https:\/\/www.koonings.com\/fr\/","name":"Koonings","description":"De grootste bruidsmodewinkel ter wereld","publisher":{"@id":"https:\/\/www.koonings.com\/fr\/#organization"},"potentialAction":[{"@type":"SearchAction","target":{"@type":"EntryPoint","urlTemplate":"https:\/\/www.koonings.com\/fr\/?s={search_term_string}"},"query-input":{"@type":"PropertyValueSpecification","valueRequired":true,"valueName":"search_term_string"}}],"inLanguage":"fr-FR"},{"@type":"Organization","@id":"https:\/\/www.koonings.com\/fr\/#organization","name":"Koonings","url":"https:\/\/www.koonings.com\/fr\/","logo":{"@type":"ImageObject","inLanguage":"fr-FR","@id":"https:\/\/www.koonings.com\/fr\/#\/schema\/logo\/image\/","url":"https:\/\/www.koonings.com\/wp-content\/uploads\/2024\/07\/logo.png","contentUrl":"https:\/\/www.koonings.com\/wp-content\/uploads\/2024\/07\/logo.png","width":600,"height":428,"caption":"Koonings"},"image":{"@id":"https:\/\/www.koonings.com\/fr\/#\/schema\/logo\/image\/"},"sameAs":["https:\/\/www.facebook.com\/kooningstheweddingpalace","https:\/\/www.instagram.com\/kooningstheweddingpalace","https:\/\/www.pinterest.com\/koonings","https:\/\/www.youtube.com\/kooningstheweddingpalace"]}]}},"_links":{"self":[{"href":"https:\/\/www.koonings.com\/fr\/wp-json\/wp\/v2\/product\/58013","targetHints":{"allow":["GET"]}}],"collection":[{"href":"https:\/\/www.koonings.com\/fr\/wp-json\/wp\/v2\/product"}],"about":[{"href":"https:\/\/www.koonings.com\/fr\/wp-json\/wp\/v2\/types\/product"}],"wp:featuredmedia":[{"embeddable":true,"href":"https:\/\/www.koonings.com\/fr\/wp-json\/wp\/v2\/media\/41283"}],"wp:attachment":[{"href":"https:\/\/www.koonings.com\/fr\/wp-json\/wp\/v2\/media?parent=58013"}],"wp:term":[{"taxonomy":"productdetails","embeddable":true,"href":"https:\/\/www.koonings.com\/fr\/wp-json\/wp\/v2\/productdetails?post=58013"},{"taxonomy":"productneck","embeddable":true,"href":"https:\/\/www.koonings.com\/fr\/wp-json\/wp\/v2\/productneck?post=58013"},{"taxonomy":"productcolor","embeddable":true,"href":"https:\/\/www.koonings.com\/fr\/wp-json\/wp\/v2\/productcolor?post=58013"},{"taxonomy":"maat","embeddable":true,"href":"https:\/\/www.koonings.com\/fr\/wp-json\/wp\/v2\/maat?post=58013"},{"taxonomy":"productsupplier","embeddable":true,"href":"https:\/\/www.koonings.com\/fr\/wp-json\/wp\/v2\/productsupplier?post=58013"},{"taxonomy":"productsleeve","embeddable":true,"href":"https:\/\/www.koonings.com\/fr\/wp-json\/wp\/v2\/productsleeve?post=58013"},{"taxonomy":"productcategory","embeddable":true,"href":"https:\/\/www.koonings.com\/fr\/wp-json\/wp\/v2\/productcategory?post=58013"},{"taxonomy":"productsilhouette","embeddable":true,"href":"https:\/\/www.koonings.com\/fr\/wp-json\/wp\/v2\/productsilhouette?post=58013"},{"taxonomy":"productstyle","embeddable":true,"href":"https:\/\/www.koonings.com\/fr\/wp-json\/wp\/v2\/productstyle?post=58013"}],"curies":[{"name":"wp","href":"https:\/\/api.w.org\/{rel}","templated":true}]}}