{"id":58010,"date":"2026-04-21T18:14:37","date_gmt":"2026-04-21T16:14:37","guid":{"rendered":"https:\/\/www.koonings.com\/product\/enzoani-taelyn\/"},"modified":"2025-06-05T12:43:06","modified_gmt":"2025-06-05T10:43:06","slug":"enzoani-taelyn","status":"publish","type":"product","link":"https:\/\/www.koonings.com\/fr\/product\/enzoani-taelyn\/","title":{"rendered":"Enzoani Taelyn"},"content":{"rendered":"<p>Faites une entr\u00e9e remarqu\u00e9e avec cette silhouette captivante de type A, dot\u00e9e d&#8217;un nouveau design de dentelle brod\u00e9e avec des motifs floraux en 3D. Le corsage d\u00e9coratif en dentelle faite main sur les bretelles compl\u00e8te l&#8217;encolure carr\u00e9e et la dentelle florale du corsage et de la jupe. Les d\u00e9coupes expos\u00e9es du corset et les d\u00e9coupes lat\u00e9rales du corsage ajust\u00e9 de style lingerie sont tr\u00e8s flatteuses et tombent en cascade sur une jupe en tulle scintillant avec une fente sexy et une doublure en organza semi-transparent.  <\/p>\n","protected":false},"featured_media":41355,"template":"","meta":{"_acf_changed":false,"ghostkit_customizer_options":"","ghostkit_custom_css":"","ghostkit_custom_js_head":"","ghostkit_custom_js_foot":"","ghostkit_typography":""},"productdetails":[379,376,381],"productneck":[352],"productcolor":[393,392],"maat":[],"productsupplier":[406],"productsleeve":[359],"productcategory":[18],"productsilhouette":[384],"productstyle":[370],"class_list":["post-58010","product","type-product","status-publish","has-post-thumbnail","hentry","productdetails-379","productdetails-376","productdetails-381","productneck-352","productcolor-393","productcolor-392","productsupplier-enzoani","productsleeve-359","productcategory-trouwjurken","productsilhouette-384","productstyle-370"],"acf":[],"yoast_head":"<!-- This site is optimized with the Yoast SEO plugin v27.3 - https:\/\/yoast.com\/product\/yoast-seo-wordpress\/ -->\n<title>Enzoani Taelyn | Koonings<\/title>\n<meta name=\"description\" content=\"Faites une entr\u00e9e remarqu\u00e9e avec cette silhouette captivante de type A, dot\u00e9e d&#039;un nouveau design de dentelle brod\u00e9e avec des motifs floraux en 3D. Le corsage d\u00e9coratif en dentelle faite main sur les bretelles compl\u00e8te l&#039;encolure carr\u00e9e et la dentelle florale du corsage et de la jupe. Les d\u00e9coupes expos\u00e9es du corset et les d\u00e9coupes lat\u00e9rales du corsage ajust\u00e9 de style lingerie sont tr\u00e8s flatteuses et tombent en cascade sur une jupe en tulle scintillant avec une fente sexy et une doublure en organza semi-transparent.\" \/>\n<meta name=\"robots\" content=\"index, follow, max-snippet:-1, max-image-preview:large, max-video-preview:-1\" \/>\n<link rel=\"canonical\" href=\"https:\/\/www.koonings.com\/fr\/product\/enzoani-taelyn\/\" \/>\n<meta property=\"og:locale\" content=\"fr_FR\" \/>\n<meta property=\"og:type\" content=\"article\" \/>\n<meta property=\"og:title\" content=\"Enzoani Taelyn | Koonings\" \/>\n<meta property=\"og:description\" content=\"Faites une entr\u00e9e remarqu\u00e9e avec cette silhouette captivante de type A, dot\u00e9e d&#039;un nouveau design de dentelle brod\u00e9e avec des motifs floraux en 3D. Le corsage d\u00e9coratif en dentelle faite main sur les bretelles compl\u00e8te l&#039;encolure carr\u00e9e et la dentelle florale du corsage et de la jupe. Les d\u00e9coupes expos\u00e9es du corset et les d\u00e9coupes lat\u00e9rales du corsage ajust\u00e9 de style lingerie sont tr\u00e8s flatteuses et tombent en cascade sur une jupe en tulle scintillant avec une fente sexy et une doublure en organza semi-transparent.\" \/>\n<meta property=\"og:url\" content=\"https:\/\/www.koonings.com\/fr\/product\/enzoani-taelyn\/\" \/>\n<meta property=\"og:site_name\" content=\"Koonings\" \/>\n<meta property=\"article:publisher\" content=\"https:\/\/www.facebook.com\/kooningstheweddingpalace\" \/>\n<meta property=\"og:image\" content=\"https:\/\/www.koonings.com\/wp-content\/uploads\/2024\/11\/39551_65c8606374b880e5e37b2e3d84c50e839f3102732d9987e6ea142d313500ec38f6ecb810.jpeg\" \/>\n\t<meta property=\"og:image:width\" content=\"1035\" \/>\n\t<meta property=\"og:image:height\" content=\"1380\" \/>\n\t<meta property=\"og:image:type\" content=\"image\/jpeg\" \/>\n<meta name=\"twitter:card\" content=\"summary_large_image\" \/>\n<script type=\"application\/ld+json\" class=\"yoast-schema-graph\">{\"@context\":\"https:\\\/\\\/schema.org\",\"@graph\":[{\"@type\":\"WebPage\",\"@id\":\"https:\\\/\\\/www.koonings.com\\\/fr\\\/product\\\/enzoani-taelyn\\\/\",\"url\":\"https:\\\/\\\/www.koonings.com\\\/fr\\\/product\\\/enzoani-taelyn\\\/\",\"name\":\"Enzoani Taelyn | Koonings\",\"isPartOf\":{\"@id\":\"https:\\\/\\\/www.koonings.com\\\/fr\\\/#website\"},\"primaryImageOfPage\":{\"@id\":\"https:\\\/\\\/www.koonings.com\\\/fr\\\/product\\\/enzoani-taelyn\\\/#primaryimage\"},\"image\":{\"@id\":\"https:\\\/\\\/www.koonings.com\\\/fr\\\/product\\\/enzoani-taelyn\\\/#primaryimage\"},\"thumbnailUrl\":\"https:\\\/\\\/www.koonings.com\\\/wp-content\\\/uploads\\\/2024\\\/11\\\/39551_65c8606374b880e5e37b2e3d84c50e839f3102732d9987e6ea142d313500ec38f6ecb810.jpeg\",\"datePublished\":\"2026-04-21T16:14:37+00:00\",\"description\":\"Faites une entr\u00e9e remarqu\u00e9e avec cette silhouette captivante de type A, dot\u00e9e d'un nouveau design de dentelle brod\u00e9e avec des motifs floraux en 3D. Le corsage d\u00e9coratif en dentelle faite main sur les bretelles compl\u00e8te l'encolure carr\u00e9e et la dentelle florale du corsage et de la jupe. Les d\u00e9coupes expos\u00e9es du corset et les d\u00e9coupes lat\u00e9rales du corsage ajust\u00e9 de style lingerie sont tr\u00e8s flatteuses et tombent en cascade sur une jupe en tulle scintillant avec une fente sexy et une doublure en organza semi-transparent.\",\"breadcrumb\":{\"@id\":\"https:\\\/\\\/www.koonings.com\\\/fr\\\/product\\\/enzoani-taelyn\\\/#breadcrumb\"},\"inLanguage\":\"fr-FR\",\"potentialAction\":[{\"@type\":\"ReadAction\",\"target\":[\"https:\\\/\\\/www.koonings.com\\\/fr\\\/product\\\/enzoani-taelyn\\\/\"]}]},{\"@type\":\"ImageObject\",\"inLanguage\":\"fr-FR\",\"@id\":\"https:\\\/\\\/www.koonings.com\\\/fr\\\/product\\\/enzoani-taelyn\\\/#primaryimage\",\"url\":\"https:\\\/\\\/www.koonings.com\\\/wp-content\\\/uploads\\\/2024\\\/11\\\/39551_65c8606374b880e5e37b2e3d84c50e839f3102732d9987e6ea142d313500ec38f6ecb810.jpeg\",\"contentUrl\":\"https:\\\/\\\/www.koonings.com\\\/wp-content\\\/uploads\\\/2024\\\/11\\\/39551_65c8606374b880e5e37b2e3d84c50e839f3102732d9987e6ea142d313500ec38f6ecb810.jpeg\",\"width\":1035,\"height\":1380},{\"@type\":\"BreadcrumbList\",\"@id\":\"https:\\\/\\\/www.koonings.com\\\/fr\\\/product\\\/enzoani-taelyn\\\/#breadcrumb\",\"itemListElement\":[{\"@type\":\"ListItem\",\"position\":1,\"name\":\"Home\",\"item\":\"https:\\\/\\\/www.koonings.com\\\/fr\\\/\"},{\"@type\":\"ListItem\",\"position\":2,\"name\":\"Enzoani Taelyn\"}]},{\"@type\":\"WebSite\",\"@id\":\"https:\\\/\\\/www.koonings.com\\\/fr\\\/#website\",\"url\":\"https:\\\/\\\/www.koonings.com\\\/fr\\\/\",\"name\":\"Koonings\",\"description\":\"De grootste bruidsmodewinkel ter wereld\",\"publisher\":{\"@id\":\"https:\\\/\\\/www.koonings.com\\\/fr\\\/#organization\"},\"potentialAction\":[{\"@type\":\"SearchAction\",\"target\":{\"@type\":\"EntryPoint\",\"urlTemplate\":\"https:\\\/\\\/www.koonings.com\\\/fr\\\/?s={search_term_string}\"},\"query-input\":{\"@type\":\"PropertyValueSpecification\",\"valueRequired\":true,\"valueName\":\"search_term_string\"}}],\"inLanguage\":\"fr-FR\"},{\"@type\":\"Organization\",\"@id\":\"https:\\\/\\\/www.koonings.com\\\/fr\\\/#organization\",\"name\":\"Koonings\",\"url\":\"https:\\\/\\\/www.koonings.com\\\/fr\\\/\",\"logo\":{\"@type\":\"ImageObject\",\"inLanguage\":\"fr-FR\",\"@id\":\"https:\\\/\\\/www.koonings.com\\\/fr\\\/#\\\/schema\\\/logo\\\/image\\\/\",\"url\":\"https:\\\/\\\/www.koonings.com\\\/wp-content\\\/uploads\\\/2024\\\/07\\\/logo.png\",\"contentUrl\":\"https:\\\/\\\/www.koonings.com\\\/wp-content\\\/uploads\\\/2024\\\/07\\\/logo.png\",\"width\":600,\"height\":428,\"caption\":\"Koonings\"},\"image\":{\"@id\":\"https:\\\/\\\/www.koonings.com\\\/fr\\\/#\\\/schema\\\/logo\\\/image\\\/\"},\"sameAs\":[\"https:\\\/\\\/www.facebook.com\\\/kooningstheweddingpalace\",\"https:\\\/\\\/www.instagram.com\\\/kooningstheweddingpalace\",\"https:\\\/\\\/www.pinterest.com\\\/koonings\",\"https:\\\/\\\/www.youtube.com\\\/kooningstheweddingpalace\"]}]}<\/script>\n<!-- \/ Yoast SEO plugin. -->","yoast_head_json":{"title":"Enzoani Taelyn | Koonings","description":"Faites une entr\u00e9e remarqu\u00e9e avec cette silhouette captivante de type A, dot\u00e9e d'un nouveau design de dentelle brod\u00e9e avec des motifs floraux en 3D. Le corsage d\u00e9coratif en dentelle faite main sur les bretelles compl\u00e8te l'encolure carr\u00e9e et la dentelle florale du corsage et de la jupe. Les d\u00e9coupes expos\u00e9es du corset et les d\u00e9coupes lat\u00e9rales du corsage ajust\u00e9 de style lingerie sont tr\u00e8s flatteuses et tombent en cascade sur une jupe en tulle scintillant avec une fente sexy et une doublure en organza semi-transparent.","robots":{"index":"index","follow":"follow","max-snippet":"max-snippet:-1","max-image-preview":"max-image-preview:large","max-video-preview":"max-video-preview:-1"},"canonical":"https:\/\/www.koonings.com\/fr\/product\/enzoani-taelyn\/","og_locale":"fr_FR","og_type":"article","og_title":"Enzoani Taelyn | Koonings","og_description":"Faites une entr\u00e9e remarqu\u00e9e avec cette silhouette captivante de type A, dot\u00e9e d'un nouveau design de dentelle brod\u00e9e avec des motifs floraux en 3D. Le corsage d\u00e9coratif en dentelle faite main sur les bretelles compl\u00e8te l'encolure carr\u00e9e et la dentelle florale du corsage et de la jupe. Les d\u00e9coupes expos\u00e9es du corset et les d\u00e9coupes lat\u00e9rales du corsage ajust\u00e9 de style lingerie sont tr\u00e8s flatteuses et tombent en cascade sur une jupe en tulle scintillant avec une fente sexy et une doublure en organza semi-transparent.","og_url":"https:\/\/www.koonings.com\/fr\/product\/enzoani-taelyn\/","og_site_name":"Koonings","article_publisher":"https:\/\/www.facebook.com\/kooningstheweddingpalace","og_image":[{"width":1035,"height":1380,"url":"https:\/\/www.koonings.com\/wp-content\/uploads\/2024\/11\/39551_65c8606374b880e5e37b2e3d84c50e839f3102732d9987e6ea142d313500ec38f6ecb810.jpeg","type":"image\/jpeg"}],"twitter_card":"summary_large_image","schema":{"@context":"https:\/\/schema.org","@graph":[{"@type":"WebPage","@id":"https:\/\/www.koonings.com\/fr\/product\/enzoani-taelyn\/","url":"https:\/\/www.koonings.com\/fr\/product\/enzoani-taelyn\/","name":"Enzoani Taelyn | Koonings","isPartOf":{"@id":"https:\/\/www.koonings.com\/fr\/#website"},"primaryImageOfPage":{"@id":"https:\/\/www.koonings.com\/fr\/product\/enzoani-taelyn\/#primaryimage"},"image":{"@id":"https:\/\/www.koonings.com\/fr\/product\/enzoani-taelyn\/#primaryimage"},"thumbnailUrl":"https:\/\/www.koonings.com\/wp-content\/uploads\/2024\/11\/39551_65c8606374b880e5e37b2e3d84c50e839f3102732d9987e6ea142d313500ec38f6ecb810.jpeg","datePublished":"2026-04-21T16:14:37+00:00","description":"Faites une entr\u00e9e remarqu\u00e9e avec cette silhouette captivante de type A, dot\u00e9e d'un nouveau design de dentelle brod\u00e9e avec des motifs floraux en 3D. Le corsage d\u00e9coratif en dentelle faite main sur les bretelles compl\u00e8te l'encolure carr\u00e9e et la dentelle florale du corsage et de la jupe. Les d\u00e9coupes expos\u00e9es du corset et les d\u00e9coupes lat\u00e9rales du corsage ajust\u00e9 de style lingerie sont tr\u00e8s flatteuses et tombent en cascade sur une jupe en tulle scintillant avec une fente sexy et une doublure en organza semi-transparent.","breadcrumb":{"@id":"https:\/\/www.koonings.com\/fr\/product\/enzoani-taelyn\/#breadcrumb"},"inLanguage":"fr-FR","potentialAction":[{"@type":"ReadAction","target":["https:\/\/www.koonings.com\/fr\/product\/enzoani-taelyn\/"]}]},{"@type":"ImageObject","inLanguage":"fr-FR","@id":"https:\/\/www.koonings.com\/fr\/product\/enzoani-taelyn\/#primaryimage","url":"https:\/\/www.koonings.com\/wp-content\/uploads\/2024\/11\/39551_65c8606374b880e5e37b2e3d84c50e839f3102732d9987e6ea142d313500ec38f6ecb810.jpeg","contentUrl":"https:\/\/www.koonings.com\/wp-content\/uploads\/2024\/11\/39551_65c8606374b880e5e37b2e3d84c50e839f3102732d9987e6ea142d313500ec38f6ecb810.jpeg","width":1035,"height":1380},{"@type":"BreadcrumbList","@id":"https:\/\/www.koonings.com\/fr\/product\/enzoani-taelyn\/#breadcrumb","itemListElement":[{"@type":"ListItem","position":1,"name":"Home","item":"https:\/\/www.koonings.com\/fr\/"},{"@type":"ListItem","position":2,"name":"Enzoani Taelyn"}]},{"@type":"WebSite","@id":"https:\/\/www.koonings.com\/fr\/#website","url":"https:\/\/www.koonings.com\/fr\/","name":"Koonings","description":"De grootste bruidsmodewinkel ter wereld","publisher":{"@id":"https:\/\/www.koonings.com\/fr\/#organization"},"potentialAction":[{"@type":"SearchAction","target":{"@type":"EntryPoint","urlTemplate":"https:\/\/www.koonings.com\/fr\/?s={search_term_string}"},"query-input":{"@type":"PropertyValueSpecification","valueRequired":true,"valueName":"search_term_string"}}],"inLanguage":"fr-FR"},{"@type":"Organization","@id":"https:\/\/www.koonings.com\/fr\/#organization","name":"Koonings","url":"https:\/\/www.koonings.com\/fr\/","logo":{"@type":"ImageObject","inLanguage":"fr-FR","@id":"https:\/\/www.koonings.com\/fr\/#\/schema\/logo\/image\/","url":"https:\/\/www.koonings.com\/wp-content\/uploads\/2024\/07\/logo.png","contentUrl":"https:\/\/www.koonings.com\/wp-content\/uploads\/2024\/07\/logo.png","width":600,"height":428,"caption":"Koonings"},"image":{"@id":"https:\/\/www.koonings.com\/fr\/#\/schema\/logo\/image\/"},"sameAs":["https:\/\/www.facebook.com\/kooningstheweddingpalace","https:\/\/www.instagram.com\/kooningstheweddingpalace","https:\/\/www.pinterest.com\/koonings","https:\/\/www.youtube.com\/kooningstheweddingpalace"]}]}},"_links":{"self":[{"href":"https:\/\/www.koonings.com\/fr\/wp-json\/wp\/v2\/product\/58010","targetHints":{"allow":["GET"]}}],"collection":[{"href":"https:\/\/www.koonings.com\/fr\/wp-json\/wp\/v2\/product"}],"about":[{"href":"https:\/\/www.koonings.com\/fr\/wp-json\/wp\/v2\/types\/product"}],"wp:featuredmedia":[{"embeddable":true,"href":"https:\/\/www.koonings.com\/fr\/wp-json\/wp\/v2\/media\/41355"}],"wp:attachment":[{"href":"https:\/\/www.koonings.com\/fr\/wp-json\/wp\/v2\/media?parent=58010"}],"wp:term":[{"taxonomy":"productdetails","embeddable":true,"href":"https:\/\/www.koonings.com\/fr\/wp-json\/wp\/v2\/productdetails?post=58010"},{"taxonomy":"productneck","embeddable":true,"href":"https:\/\/www.koonings.com\/fr\/wp-json\/wp\/v2\/productneck?post=58010"},{"taxonomy":"productcolor","embeddable":true,"href":"https:\/\/www.koonings.com\/fr\/wp-json\/wp\/v2\/productcolor?post=58010"},{"taxonomy":"maat","embeddable":true,"href":"https:\/\/www.koonings.com\/fr\/wp-json\/wp\/v2\/maat?post=58010"},{"taxonomy":"productsupplier","embeddable":true,"href":"https:\/\/www.koonings.com\/fr\/wp-json\/wp\/v2\/productsupplier?post=58010"},{"taxonomy":"productsleeve","embeddable":true,"href":"https:\/\/www.koonings.com\/fr\/wp-json\/wp\/v2\/productsleeve?post=58010"},{"taxonomy":"productcategory","embeddable":true,"href":"https:\/\/www.koonings.com\/fr\/wp-json\/wp\/v2\/productcategory?post=58010"},{"taxonomy":"productsilhouette","embeddable":true,"href":"https:\/\/www.koonings.com\/fr\/wp-json\/wp\/v2\/productsilhouette?post=58010"},{"taxonomy":"productstyle","embeddable":true,"href":"https:\/\/www.koonings.com\/fr\/wp-json\/wp\/v2\/productstyle?post=58010"}],"curies":[{"name":"wp","href":"https:\/\/api.w.org\/{rel}","templated":true}]}}