{"id":58005,"date":"2026-04-14T16:14:54","date_gmt":"2026-04-14T14:14:54","guid":{"rendered":"https:\/\/www.koonings.com\/product\/enzoani-tianna\/"},"modified":"2025-06-05T12:43:00","modified_gmt":"2025-06-05T10:43:00","slug":"enzoani-tianna","status":"publish","type":"product","link":"https:\/\/www.koonings.com\/fr\/product\/enzoani-tianna\/","title":{"rendered":"Enzoani Tianna"},"content":{"rendered":"<p>Sentez le romantisme de Tianna et de sa silhouette de sir\u00e8ne actualis\u00e9e. De magnifiques motifs floraux perl\u00e9s, de la dentelle botanique brod\u00e9e et des p\u00e9tales 3D \u00e9parpill\u00e9s ornent le corsage romantique en forme de c\u0153ur qui s&#8217;\u00e9vase en une jupe \u00e9vas\u00e9e audacieuse. Des couches de tulle scintillant et une doublure en mousseline semi-transparente ajoutent une dimension accrocheuse \u00e0 cette magnifique robe. Le dos corset \u00e0 illusion et les boutons d\u00e9licats descendent le long de la tra\u00eene en tulle paillet\u00e9 et en mousseline de soie.   <\/p>\n","protected":false},"featured_media":41338,"template":"","meta":{"_acf_changed":false,"ghostkit_customizer_options":"","ghostkit_custom_css":"","ghostkit_custom_js_head":"","ghostkit_custom_js_foot":"","ghostkit_typography":""},"productdetails":[379,377,376,381],"productneck":[354],"productcolor":[393,392],"maat":[],"productsupplier":[406],"productsleeve":[],"productcategory":[18],"productsilhouette":[387],"productstyle":[366],"class_list":["post-58005","product","type-product","status-publish","has-post-thumbnail","hentry","productdetails-379","productdetails-377","productdetails-376","productdetails-381","productneck-354","productcolor-393","productcolor-392","productsupplier-enzoani","productcategory-trouwjurken","productsilhouette-387","productstyle-366"],"acf":[],"yoast_head":"<!-- This site is optimized with the Yoast SEO plugin v27.3 - https:\/\/yoast.com\/product\/yoast-seo-wordpress\/ -->\n<title>Enzoani Tianna | Koonings<\/title>\n<meta name=\"description\" content=\"Sentez le romantisme de Tianna et de sa silhouette de sir\u00e8ne actualis\u00e9e. De magnifiques motifs floraux perl\u00e9s, de la dentelle botanique brod\u00e9e et des p\u00e9tales 3D \u00e9parpill\u00e9s ornent le corsage romantique en forme de c\u0153ur qui s&#039;\u00e9vase en une jupe \u00e9vas\u00e9e audacieuse. Des couches de tulle scintillant et une doublure en mousseline semi-transparente ajoutent une dimension accrocheuse \u00e0 cette magnifique robe. Le dos corset \u00e0 illusion et les boutons d\u00e9licats descendent le long de la tra\u00eene en tulle paillet\u00e9 et en mousseline de soie.\" \/>\n<meta name=\"robots\" content=\"index, follow, max-snippet:-1, max-image-preview:large, max-video-preview:-1\" \/>\n<link rel=\"canonical\" href=\"https:\/\/www.koonings.com\/fr\/product\/enzoani-tianna\/\" \/>\n<meta property=\"og:locale\" content=\"fr_FR\" \/>\n<meta property=\"og:type\" content=\"article\" \/>\n<meta property=\"og:title\" content=\"Enzoani Tianna | Koonings\" \/>\n<meta property=\"og:description\" content=\"Sentez le romantisme de Tianna et de sa silhouette de sir\u00e8ne actualis\u00e9e. De magnifiques motifs floraux perl\u00e9s, de la dentelle botanique brod\u00e9e et des p\u00e9tales 3D \u00e9parpill\u00e9s ornent le corsage romantique en forme de c\u0153ur qui s&#039;\u00e9vase en une jupe \u00e9vas\u00e9e audacieuse. Des couches de tulle scintillant et une doublure en mousseline semi-transparente ajoutent une dimension accrocheuse \u00e0 cette magnifique robe. Le dos corset \u00e0 illusion et les boutons d\u00e9licats descendent le long de la tra\u00eene en tulle paillet\u00e9 et en mousseline de soie.\" \/>\n<meta property=\"og:url\" content=\"https:\/\/www.koonings.com\/fr\/product\/enzoani-tianna\/\" \/>\n<meta property=\"og:site_name\" content=\"Koonings\" \/>\n<meta property=\"article:publisher\" content=\"https:\/\/www.facebook.com\/kooningstheweddingpalace\" \/>\n<meta property=\"og:image\" content=\"https:\/\/www.koonings.com\/wp-content\/uploads\/2024\/11\/39550_d25eb6604ff4ef107c6e3c7c744beceb0443e1c16344d5b05671b8d4b30904b3c462be9a.jpeg\" \/>\n\t<meta property=\"og:image:width\" content=\"1035\" \/>\n\t<meta property=\"og:image:height\" content=\"1380\" \/>\n\t<meta property=\"og:image:type\" content=\"image\/jpeg\" \/>\n<meta name=\"twitter:card\" content=\"summary_large_image\" \/>\n<script type=\"application\/ld+json\" class=\"yoast-schema-graph\">{\"@context\":\"https:\\\/\\\/schema.org\",\"@graph\":[{\"@type\":\"WebPage\",\"@id\":\"https:\\\/\\\/www.koonings.com\\\/fr\\\/product\\\/enzoani-tianna\\\/\",\"url\":\"https:\\\/\\\/www.koonings.com\\\/fr\\\/product\\\/enzoani-tianna\\\/\",\"name\":\"Enzoani Tianna | Koonings\",\"isPartOf\":{\"@id\":\"https:\\\/\\\/www.koonings.com\\\/fr\\\/#website\"},\"primaryImageOfPage\":{\"@id\":\"https:\\\/\\\/www.koonings.com\\\/fr\\\/product\\\/enzoani-tianna\\\/#primaryimage\"},\"image\":{\"@id\":\"https:\\\/\\\/www.koonings.com\\\/fr\\\/product\\\/enzoani-tianna\\\/#primaryimage\"},\"thumbnailUrl\":\"https:\\\/\\\/www.koonings.com\\\/wp-content\\\/uploads\\\/2024\\\/11\\\/39550_d25eb6604ff4ef107c6e3c7c744beceb0443e1c16344d5b05671b8d4b30904b3c462be9a.jpeg\",\"datePublished\":\"2026-04-14T14:14:54+00:00\",\"description\":\"Sentez le romantisme de Tianna et de sa silhouette de sir\u00e8ne actualis\u00e9e. De magnifiques motifs floraux perl\u00e9s, de la dentelle botanique brod\u00e9e et des p\u00e9tales 3D \u00e9parpill\u00e9s ornent le corsage romantique en forme de c\u0153ur qui s'\u00e9vase en une jupe \u00e9vas\u00e9e audacieuse. Des couches de tulle scintillant et une doublure en mousseline semi-transparente ajoutent une dimension accrocheuse \u00e0 cette magnifique robe. Le dos corset \u00e0 illusion et les boutons d\u00e9licats descendent le long de la tra\u00eene en tulle paillet\u00e9 et en mousseline de soie.\",\"breadcrumb\":{\"@id\":\"https:\\\/\\\/www.koonings.com\\\/fr\\\/product\\\/enzoani-tianna\\\/#breadcrumb\"},\"inLanguage\":\"fr-FR\",\"potentialAction\":[{\"@type\":\"ReadAction\",\"target\":[\"https:\\\/\\\/www.koonings.com\\\/fr\\\/product\\\/enzoani-tianna\\\/\"]}]},{\"@type\":\"ImageObject\",\"inLanguage\":\"fr-FR\",\"@id\":\"https:\\\/\\\/www.koonings.com\\\/fr\\\/product\\\/enzoani-tianna\\\/#primaryimage\",\"url\":\"https:\\\/\\\/www.koonings.com\\\/wp-content\\\/uploads\\\/2024\\\/11\\\/39550_d25eb6604ff4ef107c6e3c7c744beceb0443e1c16344d5b05671b8d4b30904b3c462be9a.jpeg\",\"contentUrl\":\"https:\\\/\\\/www.koonings.com\\\/wp-content\\\/uploads\\\/2024\\\/11\\\/39550_d25eb6604ff4ef107c6e3c7c744beceb0443e1c16344d5b05671b8d4b30904b3c462be9a.jpeg\",\"width\":1035,\"height\":1380},{\"@type\":\"BreadcrumbList\",\"@id\":\"https:\\\/\\\/www.koonings.com\\\/fr\\\/product\\\/enzoani-tianna\\\/#breadcrumb\",\"itemListElement\":[{\"@type\":\"ListItem\",\"position\":1,\"name\":\"Home\",\"item\":\"https:\\\/\\\/www.koonings.com\\\/fr\\\/\"},{\"@type\":\"ListItem\",\"position\":2,\"name\":\"Enzoani Tianna\"}]},{\"@type\":\"WebSite\",\"@id\":\"https:\\\/\\\/www.koonings.com\\\/fr\\\/#website\",\"url\":\"https:\\\/\\\/www.koonings.com\\\/fr\\\/\",\"name\":\"Koonings\",\"description\":\"De grootste bruidsmodewinkel ter wereld\",\"publisher\":{\"@id\":\"https:\\\/\\\/www.koonings.com\\\/fr\\\/#organization\"},\"potentialAction\":[{\"@type\":\"SearchAction\",\"target\":{\"@type\":\"EntryPoint\",\"urlTemplate\":\"https:\\\/\\\/www.koonings.com\\\/fr\\\/?s={search_term_string}\"},\"query-input\":{\"@type\":\"PropertyValueSpecification\",\"valueRequired\":true,\"valueName\":\"search_term_string\"}}],\"inLanguage\":\"fr-FR\"},{\"@type\":\"Organization\",\"@id\":\"https:\\\/\\\/www.koonings.com\\\/fr\\\/#organization\",\"name\":\"Koonings\",\"url\":\"https:\\\/\\\/www.koonings.com\\\/fr\\\/\",\"logo\":{\"@type\":\"ImageObject\",\"inLanguage\":\"fr-FR\",\"@id\":\"https:\\\/\\\/www.koonings.com\\\/fr\\\/#\\\/schema\\\/logo\\\/image\\\/\",\"url\":\"https:\\\/\\\/www.koonings.com\\\/wp-content\\\/uploads\\\/2024\\\/07\\\/logo.png\",\"contentUrl\":\"https:\\\/\\\/www.koonings.com\\\/wp-content\\\/uploads\\\/2024\\\/07\\\/logo.png\",\"width\":600,\"height\":428,\"caption\":\"Koonings\"},\"image\":{\"@id\":\"https:\\\/\\\/www.koonings.com\\\/fr\\\/#\\\/schema\\\/logo\\\/image\\\/\"},\"sameAs\":[\"https:\\\/\\\/www.facebook.com\\\/kooningstheweddingpalace\",\"https:\\\/\\\/www.instagram.com\\\/kooningstheweddingpalace\",\"https:\\\/\\\/www.pinterest.com\\\/koonings\",\"https:\\\/\\\/www.youtube.com\\\/kooningstheweddingpalace\"]}]}<\/script>\n<!-- \/ Yoast SEO plugin. -->","yoast_head_json":{"title":"Enzoani Tianna | Koonings","description":"Sentez le romantisme de Tianna et de sa silhouette de sir\u00e8ne actualis\u00e9e. De magnifiques motifs floraux perl\u00e9s, de la dentelle botanique brod\u00e9e et des p\u00e9tales 3D \u00e9parpill\u00e9s ornent le corsage romantique en forme de c\u0153ur qui s'\u00e9vase en une jupe \u00e9vas\u00e9e audacieuse. Des couches de tulle scintillant et une doublure en mousseline semi-transparente ajoutent une dimension accrocheuse \u00e0 cette magnifique robe. Le dos corset \u00e0 illusion et les boutons d\u00e9licats descendent le long de la tra\u00eene en tulle paillet\u00e9 et en mousseline de soie.","robots":{"index":"index","follow":"follow","max-snippet":"max-snippet:-1","max-image-preview":"max-image-preview:large","max-video-preview":"max-video-preview:-1"},"canonical":"https:\/\/www.koonings.com\/fr\/product\/enzoani-tianna\/","og_locale":"fr_FR","og_type":"article","og_title":"Enzoani Tianna | Koonings","og_description":"Sentez le romantisme de Tianna et de sa silhouette de sir\u00e8ne actualis\u00e9e. De magnifiques motifs floraux perl\u00e9s, de la dentelle botanique brod\u00e9e et des p\u00e9tales 3D \u00e9parpill\u00e9s ornent le corsage romantique en forme de c\u0153ur qui s'\u00e9vase en une jupe \u00e9vas\u00e9e audacieuse. Des couches de tulle scintillant et une doublure en mousseline semi-transparente ajoutent une dimension accrocheuse \u00e0 cette magnifique robe. Le dos corset \u00e0 illusion et les boutons d\u00e9licats descendent le long de la tra\u00eene en tulle paillet\u00e9 et en mousseline de soie.","og_url":"https:\/\/www.koonings.com\/fr\/product\/enzoani-tianna\/","og_site_name":"Koonings","article_publisher":"https:\/\/www.facebook.com\/kooningstheweddingpalace","og_image":[{"width":1035,"height":1380,"url":"https:\/\/www.koonings.com\/wp-content\/uploads\/2024\/11\/39550_d25eb6604ff4ef107c6e3c7c744beceb0443e1c16344d5b05671b8d4b30904b3c462be9a.jpeg","type":"image\/jpeg"}],"twitter_card":"summary_large_image","schema":{"@context":"https:\/\/schema.org","@graph":[{"@type":"WebPage","@id":"https:\/\/www.koonings.com\/fr\/product\/enzoani-tianna\/","url":"https:\/\/www.koonings.com\/fr\/product\/enzoani-tianna\/","name":"Enzoani Tianna | Koonings","isPartOf":{"@id":"https:\/\/www.koonings.com\/fr\/#website"},"primaryImageOfPage":{"@id":"https:\/\/www.koonings.com\/fr\/product\/enzoani-tianna\/#primaryimage"},"image":{"@id":"https:\/\/www.koonings.com\/fr\/product\/enzoani-tianna\/#primaryimage"},"thumbnailUrl":"https:\/\/www.koonings.com\/wp-content\/uploads\/2024\/11\/39550_d25eb6604ff4ef107c6e3c7c744beceb0443e1c16344d5b05671b8d4b30904b3c462be9a.jpeg","datePublished":"2026-04-14T14:14:54+00:00","description":"Sentez le romantisme de Tianna et de sa silhouette de sir\u00e8ne actualis\u00e9e. De magnifiques motifs floraux perl\u00e9s, de la dentelle botanique brod\u00e9e et des p\u00e9tales 3D \u00e9parpill\u00e9s ornent le corsage romantique en forme de c\u0153ur qui s'\u00e9vase en une jupe \u00e9vas\u00e9e audacieuse. Des couches de tulle scintillant et une doublure en mousseline semi-transparente ajoutent une dimension accrocheuse \u00e0 cette magnifique robe. Le dos corset \u00e0 illusion et les boutons d\u00e9licats descendent le long de la tra\u00eene en tulle paillet\u00e9 et en mousseline de soie.","breadcrumb":{"@id":"https:\/\/www.koonings.com\/fr\/product\/enzoani-tianna\/#breadcrumb"},"inLanguage":"fr-FR","potentialAction":[{"@type":"ReadAction","target":["https:\/\/www.koonings.com\/fr\/product\/enzoani-tianna\/"]}]},{"@type":"ImageObject","inLanguage":"fr-FR","@id":"https:\/\/www.koonings.com\/fr\/product\/enzoani-tianna\/#primaryimage","url":"https:\/\/www.koonings.com\/wp-content\/uploads\/2024\/11\/39550_d25eb6604ff4ef107c6e3c7c744beceb0443e1c16344d5b05671b8d4b30904b3c462be9a.jpeg","contentUrl":"https:\/\/www.koonings.com\/wp-content\/uploads\/2024\/11\/39550_d25eb6604ff4ef107c6e3c7c744beceb0443e1c16344d5b05671b8d4b30904b3c462be9a.jpeg","width":1035,"height":1380},{"@type":"BreadcrumbList","@id":"https:\/\/www.koonings.com\/fr\/product\/enzoani-tianna\/#breadcrumb","itemListElement":[{"@type":"ListItem","position":1,"name":"Home","item":"https:\/\/www.koonings.com\/fr\/"},{"@type":"ListItem","position":2,"name":"Enzoani Tianna"}]},{"@type":"WebSite","@id":"https:\/\/www.koonings.com\/fr\/#website","url":"https:\/\/www.koonings.com\/fr\/","name":"Koonings","description":"De grootste bruidsmodewinkel ter wereld","publisher":{"@id":"https:\/\/www.koonings.com\/fr\/#organization"},"potentialAction":[{"@type":"SearchAction","target":{"@type":"EntryPoint","urlTemplate":"https:\/\/www.koonings.com\/fr\/?s={search_term_string}"},"query-input":{"@type":"PropertyValueSpecification","valueRequired":true,"valueName":"search_term_string"}}],"inLanguage":"fr-FR"},{"@type":"Organization","@id":"https:\/\/www.koonings.com\/fr\/#organization","name":"Koonings","url":"https:\/\/www.koonings.com\/fr\/","logo":{"@type":"ImageObject","inLanguage":"fr-FR","@id":"https:\/\/www.koonings.com\/fr\/#\/schema\/logo\/image\/","url":"https:\/\/www.koonings.com\/wp-content\/uploads\/2024\/07\/logo.png","contentUrl":"https:\/\/www.koonings.com\/wp-content\/uploads\/2024\/07\/logo.png","width":600,"height":428,"caption":"Koonings"},"image":{"@id":"https:\/\/www.koonings.com\/fr\/#\/schema\/logo\/image\/"},"sameAs":["https:\/\/www.facebook.com\/kooningstheweddingpalace","https:\/\/www.instagram.com\/kooningstheweddingpalace","https:\/\/www.pinterest.com\/koonings","https:\/\/www.youtube.com\/kooningstheweddingpalace"]}]}},"_links":{"self":[{"href":"https:\/\/www.koonings.com\/fr\/wp-json\/wp\/v2\/product\/58005","targetHints":{"allow":["GET"]}}],"collection":[{"href":"https:\/\/www.koonings.com\/fr\/wp-json\/wp\/v2\/product"}],"about":[{"href":"https:\/\/www.koonings.com\/fr\/wp-json\/wp\/v2\/types\/product"}],"wp:featuredmedia":[{"embeddable":true,"href":"https:\/\/www.koonings.com\/fr\/wp-json\/wp\/v2\/media\/41338"}],"wp:attachment":[{"href":"https:\/\/www.koonings.com\/fr\/wp-json\/wp\/v2\/media?parent=58005"}],"wp:term":[{"taxonomy":"productdetails","embeddable":true,"href":"https:\/\/www.koonings.com\/fr\/wp-json\/wp\/v2\/productdetails?post=58005"},{"taxonomy":"productneck","embeddable":true,"href":"https:\/\/www.koonings.com\/fr\/wp-json\/wp\/v2\/productneck?post=58005"},{"taxonomy":"productcolor","embeddable":true,"href":"https:\/\/www.koonings.com\/fr\/wp-json\/wp\/v2\/productcolor?post=58005"},{"taxonomy":"maat","embeddable":true,"href":"https:\/\/www.koonings.com\/fr\/wp-json\/wp\/v2\/maat?post=58005"},{"taxonomy":"productsupplier","embeddable":true,"href":"https:\/\/www.koonings.com\/fr\/wp-json\/wp\/v2\/productsupplier?post=58005"},{"taxonomy":"productsleeve","embeddable":true,"href":"https:\/\/www.koonings.com\/fr\/wp-json\/wp\/v2\/productsleeve?post=58005"},{"taxonomy":"productcategory","embeddable":true,"href":"https:\/\/www.koonings.com\/fr\/wp-json\/wp\/v2\/productcategory?post=58005"},{"taxonomy":"productsilhouette","embeddable":true,"href":"https:\/\/www.koonings.com\/fr\/wp-json\/wp\/v2\/productsilhouette?post=58005"},{"taxonomy":"productstyle","embeddable":true,"href":"https:\/\/www.koonings.com\/fr\/wp-json\/wp\/v2\/productstyle?post=58005"}],"curies":[{"name":"wp","href":"https:\/\/api.w.org\/{rel}","templated":true}]}}