{"id":58004,"date":"2026-04-14T16:14:55","date_gmt":"2026-04-14T14:14:55","guid":{"rendered":"https:\/\/www.koonings.com\/product\/enzoani-tulip\/"},"modified":"2025-06-05T12:43:05","modified_gmt":"2025-06-05T10:43:05","slug":"enzoani-tulip","status":"publish","type":"product","link":"https:\/\/www.koonings.com\/fr\/product\/enzoani-tulip\/","title":{"rendered":"Enzoani Tulip"},"content":{"rendered":"<p>Nous sommes absolument enchant\u00e9s par cette robe de mari\u00e9e de r\u00eave avec des p\u00e9tales multiperl\u00e9s en 3D et des motifs floraux d\u00e9coup\u00e9s au laser en 3D, m\u00e9lang\u00e9s \u00e0 de la dentelle florale \u00e0 paillettes. L&#8217;encolure bateau et la taille lingerie du corsage soulignent vos courbes et se fondent dans une jupe de r\u00eave avec des d\u00e9tails de passepoil uniques pour un effet d&#8217;allongement et d&#8217;amincissement. Le nouveau corset romantique avec fermeture \u00e0 n\u0153ud ajoute une touche de flirt \u00e0 la tra\u00eene en tulle scintillant.  <\/p>\n","protected":false},"featured_media":41372,"template":"","meta":{"_acf_changed":false,"ghostkit_customizer_options":"","ghostkit_custom_css":"","ghostkit_custom_js_head":"","ghostkit_custom_js_foot":"","ghostkit_typography":""},"productdetails":[379,381],"productneck":[352,354],"productcolor":[393,392],"maat":[],"productsupplier":[406],"productsleeve":[],"productcategory":[18],"productsilhouette":[389],"productstyle":[370],"class_list":["post-58004","product","type-product","status-publish","has-post-thumbnail","hentry","productdetails-379","productdetails-381","productneck-352","productneck-354","productcolor-393","productcolor-392","productsupplier-enzoani","productcategory-trouwjurken","productsilhouette-389","productstyle-370"],"acf":[],"yoast_head":"<!-- This site is optimized with the Yoast SEO plugin v27.3 - https:\/\/yoast.com\/product\/yoast-seo-wordpress\/ -->\n<title>Enzoani Tulip | Koonings<\/title>\n<meta name=\"description\" content=\"Nous sommes absolument enchant\u00e9s par cette robe de mari\u00e9e de r\u00eave avec des p\u00e9tales multiperl\u00e9s en 3D et des motifs floraux d\u00e9coup\u00e9s au laser en 3D, m\u00e9lang\u00e9s \u00e0 de la dentelle florale \u00e0 paillettes. L&#039;encolure bateau et la taille lingerie du corsage soulignent vos courbes et se fondent dans une jupe de r\u00eave avec des d\u00e9tails de passepoil uniques pour un effet d&#039;allongement et d&#039;amincissement. Le nouveau corset romantique avec fermeture \u00e0 n\u0153ud ajoute une touche de flirt \u00e0 la tra\u00eene en tulle scintillant.\" \/>\n<meta name=\"robots\" content=\"index, follow, max-snippet:-1, max-image-preview:large, max-video-preview:-1\" \/>\n<link rel=\"canonical\" href=\"https:\/\/www.koonings.com\/fr\/product\/enzoani-tulip\/\" \/>\n<meta property=\"og:locale\" content=\"fr_FR\" \/>\n<meta property=\"og:type\" content=\"article\" \/>\n<meta property=\"og:title\" content=\"Enzoani Tulip | Koonings\" \/>\n<meta property=\"og:description\" content=\"Nous sommes absolument enchant\u00e9s par cette robe de mari\u00e9e de r\u00eave avec des p\u00e9tales multiperl\u00e9s en 3D et des motifs floraux d\u00e9coup\u00e9s au laser en 3D, m\u00e9lang\u00e9s \u00e0 de la dentelle florale \u00e0 paillettes. L&#039;encolure bateau et la taille lingerie du corsage soulignent vos courbes et se fondent dans une jupe de r\u00eave avec des d\u00e9tails de passepoil uniques pour un effet d&#039;allongement et d&#039;amincissement. Le nouveau corset romantique avec fermeture \u00e0 n\u0153ud ajoute une touche de flirt \u00e0 la tra\u00eene en tulle scintillant.\" \/>\n<meta property=\"og:url\" content=\"https:\/\/www.koonings.com\/fr\/product\/enzoani-tulip\/\" \/>\n<meta property=\"og:site_name\" content=\"Koonings\" \/>\n<meta property=\"article:publisher\" content=\"https:\/\/www.facebook.com\/kooningstheweddingpalace\" \/>\n<meta property=\"og:image\" content=\"https:\/\/www.koonings.com\/wp-content\/uploads\/2024\/11\/39553_bc15d9583470f5292b1b8f489640cf2913bd2b678de68deb45400d8904cf8babdf89dfba.jpeg\" \/>\n\t<meta property=\"og:image:width\" content=\"1035\" \/>\n\t<meta property=\"og:image:height\" content=\"1380\" \/>\n\t<meta property=\"og:image:type\" content=\"image\/jpeg\" \/>\n<meta name=\"twitter:card\" content=\"summary_large_image\" \/>\n<script type=\"application\/ld+json\" class=\"yoast-schema-graph\">{\"@context\":\"https:\\\/\\\/schema.org\",\"@graph\":[{\"@type\":\"WebPage\",\"@id\":\"https:\\\/\\\/www.koonings.com\\\/fr\\\/product\\\/enzoani-tulip\\\/\",\"url\":\"https:\\\/\\\/www.koonings.com\\\/fr\\\/product\\\/enzoani-tulip\\\/\",\"name\":\"Enzoani Tulip | Koonings\",\"isPartOf\":{\"@id\":\"https:\\\/\\\/www.koonings.com\\\/fr\\\/#website\"},\"primaryImageOfPage\":{\"@id\":\"https:\\\/\\\/www.koonings.com\\\/fr\\\/product\\\/enzoani-tulip\\\/#primaryimage\"},\"image\":{\"@id\":\"https:\\\/\\\/www.koonings.com\\\/fr\\\/product\\\/enzoani-tulip\\\/#primaryimage\"},\"thumbnailUrl\":\"https:\\\/\\\/www.koonings.com\\\/wp-content\\\/uploads\\\/2024\\\/11\\\/39553_bc15d9583470f5292b1b8f489640cf2913bd2b678de68deb45400d8904cf8babdf89dfba.jpeg\",\"datePublished\":\"2026-04-14T14:14:55+00:00\",\"description\":\"Nous sommes absolument enchant\u00e9s par cette robe de mari\u00e9e de r\u00eave avec des p\u00e9tales multiperl\u00e9s en 3D et des motifs floraux d\u00e9coup\u00e9s au laser en 3D, m\u00e9lang\u00e9s \u00e0 de la dentelle florale \u00e0 paillettes. L'encolure bateau et la taille lingerie du corsage soulignent vos courbes et se fondent dans une jupe de r\u00eave avec des d\u00e9tails de passepoil uniques pour un effet d'allongement et d'amincissement. Le nouveau corset romantique avec fermeture \u00e0 n\u0153ud ajoute une touche de flirt \u00e0 la tra\u00eene en tulle scintillant.\",\"breadcrumb\":{\"@id\":\"https:\\\/\\\/www.koonings.com\\\/fr\\\/product\\\/enzoani-tulip\\\/#breadcrumb\"},\"inLanguage\":\"fr-FR\",\"potentialAction\":[{\"@type\":\"ReadAction\",\"target\":[\"https:\\\/\\\/www.koonings.com\\\/fr\\\/product\\\/enzoani-tulip\\\/\"]}]},{\"@type\":\"ImageObject\",\"inLanguage\":\"fr-FR\",\"@id\":\"https:\\\/\\\/www.koonings.com\\\/fr\\\/product\\\/enzoani-tulip\\\/#primaryimage\",\"url\":\"https:\\\/\\\/www.koonings.com\\\/wp-content\\\/uploads\\\/2024\\\/11\\\/39553_bc15d9583470f5292b1b8f489640cf2913bd2b678de68deb45400d8904cf8babdf89dfba.jpeg\",\"contentUrl\":\"https:\\\/\\\/www.koonings.com\\\/wp-content\\\/uploads\\\/2024\\\/11\\\/39553_bc15d9583470f5292b1b8f489640cf2913bd2b678de68deb45400d8904cf8babdf89dfba.jpeg\",\"width\":1035,\"height\":1380},{\"@type\":\"BreadcrumbList\",\"@id\":\"https:\\\/\\\/www.koonings.com\\\/fr\\\/product\\\/enzoani-tulip\\\/#breadcrumb\",\"itemListElement\":[{\"@type\":\"ListItem\",\"position\":1,\"name\":\"Home\",\"item\":\"https:\\\/\\\/www.koonings.com\\\/fr\\\/\"},{\"@type\":\"ListItem\",\"position\":2,\"name\":\"Enzoani Tulip\"}]},{\"@type\":\"WebSite\",\"@id\":\"https:\\\/\\\/www.koonings.com\\\/fr\\\/#website\",\"url\":\"https:\\\/\\\/www.koonings.com\\\/fr\\\/\",\"name\":\"Koonings\",\"description\":\"De grootste bruidsmodewinkel ter wereld\",\"publisher\":{\"@id\":\"https:\\\/\\\/www.koonings.com\\\/fr\\\/#organization\"},\"potentialAction\":[{\"@type\":\"SearchAction\",\"target\":{\"@type\":\"EntryPoint\",\"urlTemplate\":\"https:\\\/\\\/www.koonings.com\\\/fr\\\/?s={search_term_string}\"},\"query-input\":{\"@type\":\"PropertyValueSpecification\",\"valueRequired\":true,\"valueName\":\"search_term_string\"}}],\"inLanguage\":\"fr-FR\"},{\"@type\":\"Organization\",\"@id\":\"https:\\\/\\\/www.koonings.com\\\/fr\\\/#organization\",\"name\":\"Koonings\",\"url\":\"https:\\\/\\\/www.koonings.com\\\/fr\\\/\",\"logo\":{\"@type\":\"ImageObject\",\"inLanguage\":\"fr-FR\",\"@id\":\"https:\\\/\\\/www.koonings.com\\\/fr\\\/#\\\/schema\\\/logo\\\/image\\\/\",\"url\":\"https:\\\/\\\/www.koonings.com\\\/wp-content\\\/uploads\\\/2024\\\/07\\\/logo.png\",\"contentUrl\":\"https:\\\/\\\/www.koonings.com\\\/wp-content\\\/uploads\\\/2024\\\/07\\\/logo.png\",\"width\":600,\"height\":428,\"caption\":\"Koonings\"},\"image\":{\"@id\":\"https:\\\/\\\/www.koonings.com\\\/fr\\\/#\\\/schema\\\/logo\\\/image\\\/\"},\"sameAs\":[\"https:\\\/\\\/www.facebook.com\\\/kooningstheweddingpalace\",\"https:\\\/\\\/www.instagram.com\\\/kooningstheweddingpalace\",\"https:\\\/\\\/www.pinterest.com\\\/koonings\",\"https:\\\/\\\/www.youtube.com\\\/kooningstheweddingpalace\"]}]}<\/script>\n<!-- \/ Yoast SEO plugin. -->","yoast_head_json":{"title":"Enzoani Tulip | Koonings","description":"Nous sommes absolument enchant\u00e9s par cette robe de mari\u00e9e de r\u00eave avec des p\u00e9tales multiperl\u00e9s en 3D et des motifs floraux d\u00e9coup\u00e9s au laser en 3D, m\u00e9lang\u00e9s \u00e0 de la dentelle florale \u00e0 paillettes. L'encolure bateau et la taille lingerie du corsage soulignent vos courbes et se fondent dans une jupe de r\u00eave avec des d\u00e9tails de passepoil uniques pour un effet d'allongement et d'amincissement. Le nouveau corset romantique avec fermeture \u00e0 n\u0153ud ajoute une touche de flirt \u00e0 la tra\u00eene en tulle scintillant.","robots":{"index":"index","follow":"follow","max-snippet":"max-snippet:-1","max-image-preview":"max-image-preview:large","max-video-preview":"max-video-preview:-1"},"canonical":"https:\/\/www.koonings.com\/fr\/product\/enzoani-tulip\/","og_locale":"fr_FR","og_type":"article","og_title":"Enzoani Tulip | Koonings","og_description":"Nous sommes absolument enchant\u00e9s par cette robe de mari\u00e9e de r\u00eave avec des p\u00e9tales multiperl\u00e9s en 3D et des motifs floraux d\u00e9coup\u00e9s au laser en 3D, m\u00e9lang\u00e9s \u00e0 de la dentelle florale \u00e0 paillettes. L'encolure bateau et la taille lingerie du corsage soulignent vos courbes et se fondent dans une jupe de r\u00eave avec des d\u00e9tails de passepoil uniques pour un effet d'allongement et d'amincissement. Le nouveau corset romantique avec fermeture \u00e0 n\u0153ud ajoute une touche de flirt \u00e0 la tra\u00eene en tulle scintillant.","og_url":"https:\/\/www.koonings.com\/fr\/product\/enzoani-tulip\/","og_site_name":"Koonings","article_publisher":"https:\/\/www.facebook.com\/kooningstheweddingpalace","og_image":[{"width":1035,"height":1380,"url":"https:\/\/www.koonings.com\/wp-content\/uploads\/2024\/11\/39553_bc15d9583470f5292b1b8f489640cf2913bd2b678de68deb45400d8904cf8babdf89dfba.jpeg","type":"image\/jpeg"}],"twitter_card":"summary_large_image","schema":{"@context":"https:\/\/schema.org","@graph":[{"@type":"WebPage","@id":"https:\/\/www.koonings.com\/fr\/product\/enzoani-tulip\/","url":"https:\/\/www.koonings.com\/fr\/product\/enzoani-tulip\/","name":"Enzoani Tulip | Koonings","isPartOf":{"@id":"https:\/\/www.koonings.com\/fr\/#website"},"primaryImageOfPage":{"@id":"https:\/\/www.koonings.com\/fr\/product\/enzoani-tulip\/#primaryimage"},"image":{"@id":"https:\/\/www.koonings.com\/fr\/product\/enzoani-tulip\/#primaryimage"},"thumbnailUrl":"https:\/\/www.koonings.com\/wp-content\/uploads\/2024\/11\/39553_bc15d9583470f5292b1b8f489640cf2913bd2b678de68deb45400d8904cf8babdf89dfba.jpeg","datePublished":"2026-04-14T14:14:55+00:00","description":"Nous sommes absolument enchant\u00e9s par cette robe de mari\u00e9e de r\u00eave avec des p\u00e9tales multiperl\u00e9s en 3D et des motifs floraux d\u00e9coup\u00e9s au laser en 3D, m\u00e9lang\u00e9s \u00e0 de la dentelle florale \u00e0 paillettes. L'encolure bateau et la taille lingerie du corsage soulignent vos courbes et se fondent dans une jupe de r\u00eave avec des d\u00e9tails de passepoil uniques pour un effet d'allongement et d'amincissement. Le nouveau corset romantique avec fermeture \u00e0 n\u0153ud ajoute une touche de flirt \u00e0 la tra\u00eene en tulle scintillant.","breadcrumb":{"@id":"https:\/\/www.koonings.com\/fr\/product\/enzoani-tulip\/#breadcrumb"},"inLanguage":"fr-FR","potentialAction":[{"@type":"ReadAction","target":["https:\/\/www.koonings.com\/fr\/product\/enzoani-tulip\/"]}]},{"@type":"ImageObject","inLanguage":"fr-FR","@id":"https:\/\/www.koonings.com\/fr\/product\/enzoani-tulip\/#primaryimage","url":"https:\/\/www.koonings.com\/wp-content\/uploads\/2024\/11\/39553_bc15d9583470f5292b1b8f489640cf2913bd2b678de68deb45400d8904cf8babdf89dfba.jpeg","contentUrl":"https:\/\/www.koonings.com\/wp-content\/uploads\/2024\/11\/39553_bc15d9583470f5292b1b8f489640cf2913bd2b678de68deb45400d8904cf8babdf89dfba.jpeg","width":1035,"height":1380},{"@type":"BreadcrumbList","@id":"https:\/\/www.koonings.com\/fr\/product\/enzoani-tulip\/#breadcrumb","itemListElement":[{"@type":"ListItem","position":1,"name":"Home","item":"https:\/\/www.koonings.com\/fr\/"},{"@type":"ListItem","position":2,"name":"Enzoani Tulip"}]},{"@type":"WebSite","@id":"https:\/\/www.koonings.com\/fr\/#website","url":"https:\/\/www.koonings.com\/fr\/","name":"Koonings","description":"De grootste bruidsmodewinkel ter wereld","publisher":{"@id":"https:\/\/www.koonings.com\/fr\/#organization"},"potentialAction":[{"@type":"SearchAction","target":{"@type":"EntryPoint","urlTemplate":"https:\/\/www.koonings.com\/fr\/?s={search_term_string}"},"query-input":{"@type":"PropertyValueSpecification","valueRequired":true,"valueName":"search_term_string"}}],"inLanguage":"fr-FR"},{"@type":"Organization","@id":"https:\/\/www.koonings.com\/fr\/#organization","name":"Koonings","url":"https:\/\/www.koonings.com\/fr\/","logo":{"@type":"ImageObject","inLanguage":"fr-FR","@id":"https:\/\/www.koonings.com\/fr\/#\/schema\/logo\/image\/","url":"https:\/\/www.koonings.com\/wp-content\/uploads\/2024\/07\/logo.png","contentUrl":"https:\/\/www.koonings.com\/wp-content\/uploads\/2024\/07\/logo.png","width":600,"height":428,"caption":"Koonings"},"image":{"@id":"https:\/\/www.koonings.com\/fr\/#\/schema\/logo\/image\/"},"sameAs":["https:\/\/www.facebook.com\/kooningstheweddingpalace","https:\/\/www.instagram.com\/kooningstheweddingpalace","https:\/\/www.pinterest.com\/koonings","https:\/\/www.youtube.com\/kooningstheweddingpalace"]}]}},"_links":{"self":[{"href":"https:\/\/www.koonings.com\/fr\/wp-json\/wp\/v2\/product\/58004","targetHints":{"allow":["GET"]}}],"collection":[{"href":"https:\/\/www.koonings.com\/fr\/wp-json\/wp\/v2\/product"}],"about":[{"href":"https:\/\/www.koonings.com\/fr\/wp-json\/wp\/v2\/types\/product"}],"wp:featuredmedia":[{"embeddable":true,"href":"https:\/\/www.koonings.com\/fr\/wp-json\/wp\/v2\/media\/41372"}],"wp:attachment":[{"href":"https:\/\/www.koonings.com\/fr\/wp-json\/wp\/v2\/media?parent=58004"}],"wp:term":[{"taxonomy":"productdetails","embeddable":true,"href":"https:\/\/www.koonings.com\/fr\/wp-json\/wp\/v2\/productdetails?post=58004"},{"taxonomy":"productneck","embeddable":true,"href":"https:\/\/www.koonings.com\/fr\/wp-json\/wp\/v2\/productneck?post=58004"},{"taxonomy":"productcolor","embeddable":true,"href":"https:\/\/www.koonings.com\/fr\/wp-json\/wp\/v2\/productcolor?post=58004"},{"taxonomy":"maat","embeddable":true,"href":"https:\/\/www.koonings.com\/fr\/wp-json\/wp\/v2\/maat?post=58004"},{"taxonomy":"productsupplier","embeddable":true,"href":"https:\/\/www.koonings.com\/fr\/wp-json\/wp\/v2\/productsupplier?post=58004"},{"taxonomy":"productsleeve","embeddable":true,"href":"https:\/\/www.koonings.com\/fr\/wp-json\/wp\/v2\/productsleeve?post=58004"},{"taxonomy":"productcategory","embeddable":true,"href":"https:\/\/www.koonings.com\/fr\/wp-json\/wp\/v2\/productcategory?post=58004"},{"taxonomy":"productsilhouette","embeddable":true,"href":"https:\/\/www.koonings.com\/fr\/wp-json\/wp\/v2\/productsilhouette?post=58004"},{"taxonomy":"productstyle","embeddable":true,"href":"https:\/\/www.koonings.com\/fr\/wp-json\/wp\/v2\/productstyle?post=58004"}],"curies":[{"name":"wp","href":"https:\/\/api.w.org\/{rel}","templated":true}]}}