{"id":57998,"date":"2026-04-28T18:14:18","date_gmt":"2026-04-28T16:14:18","guid":{"rendered":"https:\/\/www.koonings.com\/product\/enzoani-trudy\/"},"modified":"2025-06-05T12:43:09","modified_gmt":"2025-06-05T10:43:09","slug":"enzoani-trudy","status":"publish","type":"product","link":"https:\/\/www.koonings.com\/fr\/product\/enzoani-trudy\/","title":{"rendered":"Enzoani Trudy"},"content":{"rendered":"<p>Moderne et toujours aussi \u00e9l\u00e9gante, cette silhouette trompette flattera toutes vos courbes gr\u00e2ce \u00e0 son corsage et \u00e0 sa jupe profil\u00e9s. Les corsages d\u00e9coratifs en dentelle faits \u00e0 la main sur le d\u00e9collet\u00e9 bustier classique sont assortis aux bretelles amovibles pour un look de mari\u00e9e \u00e0 la fois chic et minimaliste. Le dos corset \u00e0 illusion, les boutons d\u00e9licats et le n\u0153ud sur la tra\u00eene arri\u00e8re compl\u00e8tent cette robe de mari\u00e9e classique et \u00e9l\u00e9gante.  <\/p>\n","protected":false},"featured_media":41389,"template":"","meta":{"_acf_changed":false,"ghostkit_customizer_options":"","ghostkit_custom_css":"","ghostkit_custom_js_head":"","ghostkit_custom_js_foot":"","ghostkit_typography":""},"productdetails":[],"productneck":[354],"productcolor":[393,392],"maat":[],"productsupplier":[406],"productsleeve":[361],"productcategory":[18],"productsilhouette":[390],"productstyle":[365],"class_list":["post-57998","product","type-product","status-publish","has-post-thumbnail","hentry","productneck-354","productcolor-393","productcolor-392","productsupplier-enzoani","productsleeve-361","productcategory-trouwjurken","productsilhouette-390","productstyle-365"],"acf":[],"yoast_head":"<!-- This site is optimized with the Yoast SEO plugin v27.3 - https:\/\/yoast.com\/product\/yoast-seo-wordpress\/ -->\n<title>Enzoani Trudy | Koonings<\/title>\n<meta name=\"description\" content=\"Moderne et toujours aussi \u00e9l\u00e9gante, cette silhouette trompette flattera toutes vos courbes gr\u00e2ce \u00e0 son corsage et \u00e0 sa jupe profil\u00e9s. Les corsages d\u00e9coratifs en dentelle faits \u00e0 la main sur le d\u00e9collet\u00e9 bustier classique sont assortis aux bretelles amovibles pour un look de mari\u00e9e \u00e0 la fois chic et minimaliste. Le dos corset \u00e0 illusion, les boutons d\u00e9licats et le n\u0153ud sur la tra\u00eene arri\u00e8re compl\u00e8tent cette robe de mari\u00e9e classique et \u00e9l\u00e9gante.\" \/>\n<meta name=\"robots\" content=\"index, follow, max-snippet:-1, max-image-preview:large, max-video-preview:-1\" \/>\n<link rel=\"canonical\" href=\"https:\/\/www.koonings.com\/fr\/product\/enzoani-trudy\/\" \/>\n<meta property=\"og:locale\" content=\"fr_FR\" \/>\n<meta property=\"og:type\" content=\"article\" \/>\n<meta property=\"og:title\" content=\"Enzoani Trudy | Koonings\" \/>\n<meta property=\"og:description\" content=\"Moderne et toujours aussi \u00e9l\u00e9gante, cette silhouette trompette flattera toutes vos courbes gr\u00e2ce \u00e0 son corsage et \u00e0 sa jupe profil\u00e9s. Les corsages d\u00e9coratifs en dentelle faits \u00e0 la main sur le d\u00e9collet\u00e9 bustier classique sont assortis aux bretelles amovibles pour un look de mari\u00e9e \u00e0 la fois chic et minimaliste. Le dos corset \u00e0 illusion, les boutons d\u00e9licats et le n\u0153ud sur la tra\u00eene arri\u00e8re compl\u00e8tent cette robe de mari\u00e9e classique et \u00e9l\u00e9gante.\" \/>\n<meta property=\"og:url\" content=\"https:\/\/www.koonings.com\/fr\/product\/enzoani-trudy\/\" \/>\n<meta property=\"og:site_name\" content=\"Koonings\" \/>\n<meta property=\"article:publisher\" content=\"https:\/\/www.facebook.com\/kooningstheweddingpalace\" \/>\n<meta property=\"og:image\" content=\"https:\/\/www.koonings.com\/wp-content\/uploads\/2024\/11\/39554_9dec47a12665e44ef4cb54fdd137d8a4ddb703261026c6c7739dbc37aa7b0b18f8a9f55f.jpeg\" \/>\n\t<meta property=\"og:image:width\" content=\"1035\" \/>\n\t<meta property=\"og:image:height\" content=\"1380\" \/>\n\t<meta property=\"og:image:type\" content=\"image\/jpeg\" \/>\n<meta name=\"twitter:card\" content=\"summary_large_image\" \/>\n<script type=\"application\/ld+json\" class=\"yoast-schema-graph\">{\"@context\":\"https:\\\/\\\/schema.org\",\"@graph\":[{\"@type\":\"WebPage\",\"@id\":\"https:\\\/\\\/www.koonings.com\\\/fr\\\/product\\\/enzoani-trudy\\\/\",\"url\":\"https:\\\/\\\/www.koonings.com\\\/fr\\\/product\\\/enzoani-trudy\\\/\",\"name\":\"Enzoani Trudy | Koonings\",\"isPartOf\":{\"@id\":\"https:\\\/\\\/www.koonings.com\\\/fr\\\/#website\"},\"primaryImageOfPage\":{\"@id\":\"https:\\\/\\\/www.koonings.com\\\/fr\\\/product\\\/enzoani-trudy\\\/#primaryimage\"},\"image\":{\"@id\":\"https:\\\/\\\/www.koonings.com\\\/fr\\\/product\\\/enzoani-trudy\\\/#primaryimage\"},\"thumbnailUrl\":\"https:\\\/\\\/www.koonings.com\\\/wp-content\\\/uploads\\\/2024\\\/11\\\/39554_9dec47a12665e44ef4cb54fdd137d8a4ddb703261026c6c7739dbc37aa7b0b18f8a9f55f.jpeg\",\"datePublished\":\"2026-04-28T16:14:18+00:00\",\"description\":\"Moderne et toujours aussi \u00e9l\u00e9gante, cette silhouette trompette flattera toutes vos courbes gr\u00e2ce \u00e0 son corsage et \u00e0 sa jupe profil\u00e9s. Les corsages d\u00e9coratifs en dentelle faits \u00e0 la main sur le d\u00e9collet\u00e9 bustier classique sont assortis aux bretelles amovibles pour un look de mari\u00e9e \u00e0 la fois chic et minimaliste. Le dos corset \u00e0 illusion, les boutons d\u00e9licats et le n\u0153ud sur la tra\u00eene arri\u00e8re compl\u00e8tent cette robe de mari\u00e9e classique et \u00e9l\u00e9gante.\",\"breadcrumb\":{\"@id\":\"https:\\\/\\\/www.koonings.com\\\/fr\\\/product\\\/enzoani-trudy\\\/#breadcrumb\"},\"inLanguage\":\"fr-FR\",\"potentialAction\":[{\"@type\":\"ReadAction\",\"target\":[\"https:\\\/\\\/www.koonings.com\\\/fr\\\/product\\\/enzoani-trudy\\\/\"]}]},{\"@type\":\"ImageObject\",\"inLanguage\":\"fr-FR\",\"@id\":\"https:\\\/\\\/www.koonings.com\\\/fr\\\/product\\\/enzoani-trudy\\\/#primaryimage\",\"url\":\"https:\\\/\\\/www.koonings.com\\\/wp-content\\\/uploads\\\/2024\\\/11\\\/39554_9dec47a12665e44ef4cb54fdd137d8a4ddb703261026c6c7739dbc37aa7b0b18f8a9f55f.jpeg\",\"contentUrl\":\"https:\\\/\\\/www.koonings.com\\\/wp-content\\\/uploads\\\/2024\\\/11\\\/39554_9dec47a12665e44ef4cb54fdd137d8a4ddb703261026c6c7739dbc37aa7b0b18f8a9f55f.jpeg\",\"width\":1035,\"height\":1380},{\"@type\":\"BreadcrumbList\",\"@id\":\"https:\\\/\\\/www.koonings.com\\\/fr\\\/product\\\/enzoani-trudy\\\/#breadcrumb\",\"itemListElement\":[{\"@type\":\"ListItem\",\"position\":1,\"name\":\"Home\",\"item\":\"https:\\\/\\\/www.koonings.com\\\/fr\\\/\"},{\"@type\":\"ListItem\",\"position\":2,\"name\":\"Enzoani Trudy\"}]},{\"@type\":\"WebSite\",\"@id\":\"https:\\\/\\\/www.koonings.com\\\/fr\\\/#website\",\"url\":\"https:\\\/\\\/www.koonings.com\\\/fr\\\/\",\"name\":\"Koonings\",\"description\":\"De grootste bruidsmodewinkel ter wereld\",\"publisher\":{\"@id\":\"https:\\\/\\\/www.koonings.com\\\/fr\\\/#organization\"},\"potentialAction\":[{\"@type\":\"SearchAction\",\"target\":{\"@type\":\"EntryPoint\",\"urlTemplate\":\"https:\\\/\\\/www.koonings.com\\\/fr\\\/?s={search_term_string}\"},\"query-input\":{\"@type\":\"PropertyValueSpecification\",\"valueRequired\":true,\"valueName\":\"search_term_string\"}}],\"inLanguage\":\"fr-FR\"},{\"@type\":\"Organization\",\"@id\":\"https:\\\/\\\/www.koonings.com\\\/fr\\\/#organization\",\"name\":\"Koonings\",\"url\":\"https:\\\/\\\/www.koonings.com\\\/fr\\\/\",\"logo\":{\"@type\":\"ImageObject\",\"inLanguage\":\"fr-FR\",\"@id\":\"https:\\\/\\\/www.koonings.com\\\/fr\\\/#\\\/schema\\\/logo\\\/image\\\/\",\"url\":\"https:\\\/\\\/www.koonings.com\\\/wp-content\\\/uploads\\\/2024\\\/07\\\/logo.png\",\"contentUrl\":\"https:\\\/\\\/www.koonings.com\\\/wp-content\\\/uploads\\\/2024\\\/07\\\/logo.png\",\"width\":600,\"height\":428,\"caption\":\"Koonings\"},\"image\":{\"@id\":\"https:\\\/\\\/www.koonings.com\\\/fr\\\/#\\\/schema\\\/logo\\\/image\\\/\"},\"sameAs\":[\"https:\\\/\\\/www.facebook.com\\\/kooningstheweddingpalace\",\"https:\\\/\\\/www.instagram.com\\\/kooningstheweddingpalace\",\"https:\\\/\\\/www.pinterest.com\\\/koonings\",\"https:\\\/\\\/www.youtube.com\\\/kooningstheweddingpalace\"]}]}<\/script>\n<!-- \/ Yoast SEO plugin. -->","yoast_head_json":{"title":"Enzoani Trudy | Koonings","description":"Moderne et toujours aussi \u00e9l\u00e9gante, cette silhouette trompette flattera toutes vos courbes gr\u00e2ce \u00e0 son corsage et \u00e0 sa jupe profil\u00e9s. Les corsages d\u00e9coratifs en dentelle faits \u00e0 la main sur le d\u00e9collet\u00e9 bustier classique sont assortis aux bretelles amovibles pour un look de mari\u00e9e \u00e0 la fois chic et minimaliste. Le dos corset \u00e0 illusion, les boutons d\u00e9licats et le n\u0153ud sur la tra\u00eene arri\u00e8re compl\u00e8tent cette robe de mari\u00e9e classique et \u00e9l\u00e9gante.","robots":{"index":"index","follow":"follow","max-snippet":"max-snippet:-1","max-image-preview":"max-image-preview:large","max-video-preview":"max-video-preview:-1"},"canonical":"https:\/\/www.koonings.com\/fr\/product\/enzoani-trudy\/","og_locale":"fr_FR","og_type":"article","og_title":"Enzoani Trudy | Koonings","og_description":"Moderne et toujours aussi \u00e9l\u00e9gante, cette silhouette trompette flattera toutes vos courbes gr\u00e2ce \u00e0 son corsage et \u00e0 sa jupe profil\u00e9s. Les corsages d\u00e9coratifs en dentelle faits \u00e0 la main sur le d\u00e9collet\u00e9 bustier classique sont assortis aux bretelles amovibles pour un look de mari\u00e9e \u00e0 la fois chic et minimaliste. Le dos corset \u00e0 illusion, les boutons d\u00e9licats et le n\u0153ud sur la tra\u00eene arri\u00e8re compl\u00e8tent cette robe de mari\u00e9e classique et \u00e9l\u00e9gante.","og_url":"https:\/\/www.koonings.com\/fr\/product\/enzoani-trudy\/","og_site_name":"Koonings","article_publisher":"https:\/\/www.facebook.com\/kooningstheweddingpalace","og_image":[{"width":1035,"height":1380,"url":"https:\/\/www.koonings.com\/wp-content\/uploads\/2024\/11\/39554_9dec47a12665e44ef4cb54fdd137d8a4ddb703261026c6c7739dbc37aa7b0b18f8a9f55f.jpeg","type":"image\/jpeg"}],"twitter_card":"summary_large_image","schema":{"@context":"https:\/\/schema.org","@graph":[{"@type":"WebPage","@id":"https:\/\/www.koonings.com\/fr\/product\/enzoani-trudy\/","url":"https:\/\/www.koonings.com\/fr\/product\/enzoani-trudy\/","name":"Enzoani Trudy | Koonings","isPartOf":{"@id":"https:\/\/www.koonings.com\/fr\/#website"},"primaryImageOfPage":{"@id":"https:\/\/www.koonings.com\/fr\/product\/enzoani-trudy\/#primaryimage"},"image":{"@id":"https:\/\/www.koonings.com\/fr\/product\/enzoani-trudy\/#primaryimage"},"thumbnailUrl":"https:\/\/www.koonings.com\/wp-content\/uploads\/2024\/11\/39554_9dec47a12665e44ef4cb54fdd137d8a4ddb703261026c6c7739dbc37aa7b0b18f8a9f55f.jpeg","datePublished":"2026-04-28T16:14:18+00:00","description":"Moderne et toujours aussi \u00e9l\u00e9gante, cette silhouette trompette flattera toutes vos courbes gr\u00e2ce \u00e0 son corsage et \u00e0 sa jupe profil\u00e9s. Les corsages d\u00e9coratifs en dentelle faits \u00e0 la main sur le d\u00e9collet\u00e9 bustier classique sont assortis aux bretelles amovibles pour un look de mari\u00e9e \u00e0 la fois chic et minimaliste. Le dos corset \u00e0 illusion, les boutons d\u00e9licats et le n\u0153ud sur la tra\u00eene arri\u00e8re compl\u00e8tent cette robe de mari\u00e9e classique et \u00e9l\u00e9gante.","breadcrumb":{"@id":"https:\/\/www.koonings.com\/fr\/product\/enzoani-trudy\/#breadcrumb"},"inLanguage":"fr-FR","potentialAction":[{"@type":"ReadAction","target":["https:\/\/www.koonings.com\/fr\/product\/enzoani-trudy\/"]}]},{"@type":"ImageObject","inLanguage":"fr-FR","@id":"https:\/\/www.koonings.com\/fr\/product\/enzoani-trudy\/#primaryimage","url":"https:\/\/www.koonings.com\/wp-content\/uploads\/2024\/11\/39554_9dec47a12665e44ef4cb54fdd137d8a4ddb703261026c6c7739dbc37aa7b0b18f8a9f55f.jpeg","contentUrl":"https:\/\/www.koonings.com\/wp-content\/uploads\/2024\/11\/39554_9dec47a12665e44ef4cb54fdd137d8a4ddb703261026c6c7739dbc37aa7b0b18f8a9f55f.jpeg","width":1035,"height":1380},{"@type":"BreadcrumbList","@id":"https:\/\/www.koonings.com\/fr\/product\/enzoani-trudy\/#breadcrumb","itemListElement":[{"@type":"ListItem","position":1,"name":"Home","item":"https:\/\/www.koonings.com\/fr\/"},{"@type":"ListItem","position":2,"name":"Enzoani Trudy"}]},{"@type":"WebSite","@id":"https:\/\/www.koonings.com\/fr\/#website","url":"https:\/\/www.koonings.com\/fr\/","name":"Koonings","description":"De grootste bruidsmodewinkel ter wereld","publisher":{"@id":"https:\/\/www.koonings.com\/fr\/#organization"},"potentialAction":[{"@type":"SearchAction","target":{"@type":"EntryPoint","urlTemplate":"https:\/\/www.koonings.com\/fr\/?s={search_term_string}"},"query-input":{"@type":"PropertyValueSpecification","valueRequired":true,"valueName":"search_term_string"}}],"inLanguage":"fr-FR"},{"@type":"Organization","@id":"https:\/\/www.koonings.com\/fr\/#organization","name":"Koonings","url":"https:\/\/www.koonings.com\/fr\/","logo":{"@type":"ImageObject","inLanguage":"fr-FR","@id":"https:\/\/www.koonings.com\/fr\/#\/schema\/logo\/image\/","url":"https:\/\/www.koonings.com\/wp-content\/uploads\/2024\/07\/logo.png","contentUrl":"https:\/\/www.koonings.com\/wp-content\/uploads\/2024\/07\/logo.png","width":600,"height":428,"caption":"Koonings"},"image":{"@id":"https:\/\/www.koonings.com\/fr\/#\/schema\/logo\/image\/"},"sameAs":["https:\/\/www.facebook.com\/kooningstheweddingpalace","https:\/\/www.instagram.com\/kooningstheweddingpalace","https:\/\/www.pinterest.com\/koonings","https:\/\/www.youtube.com\/kooningstheweddingpalace"]}]}},"_links":{"self":[{"href":"https:\/\/www.koonings.com\/fr\/wp-json\/wp\/v2\/product\/57998","targetHints":{"allow":["GET"]}}],"collection":[{"href":"https:\/\/www.koonings.com\/fr\/wp-json\/wp\/v2\/product"}],"about":[{"href":"https:\/\/www.koonings.com\/fr\/wp-json\/wp\/v2\/types\/product"}],"wp:featuredmedia":[{"embeddable":true,"href":"https:\/\/www.koonings.com\/fr\/wp-json\/wp\/v2\/media\/41389"}],"wp:attachment":[{"href":"https:\/\/www.koonings.com\/fr\/wp-json\/wp\/v2\/media?parent=57998"}],"wp:term":[{"taxonomy":"productdetails","embeddable":true,"href":"https:\/\/www.koonings.com\/fr\/wp-json\/wp\/v2\/productdetails?post=57998"},{"taxonomy":"productneck","embeddable":true,"href":"https:\/\/www.koonings.com\/fr\/wp-json\/wp\/v2\/productneck?post=57998"},{"taxonomy":"productcolor","embeddable":true,"href":"https:\/\/www.koonings.com\/fr\/wp-json\/wp\/v2\/productcolor?post=57998"},{"taxonomy":"maat","embeddable":true,"href":"https:\/\/www.koonings.com\/fr\/wp-json\/wp\/v2\/maat?post=57998"},{"taxonomy":"productsupplier","embeddable":true,"href":"https:\/\/www.koonings.com\/fr\/wp-json\/wp\/v2\/productsupplier?post=57998"},{"taxonomy":"productsleeve","embeddable":true,"href":"https:\/\/www.koonings.com\/fr\/wp-json\/wp\/v2\/productsleeve?post=57998"},{"taxonomy":"productcategory","embeddable":true,"href":"https:\/\/www.koonings.com\/fr\/wp-json\/wp\/v2\/productcategory?post=57998"},{"taxonomy":"productsilhouette","embeddable":true,"href":"https:\/\/www.koonings.com\/fr\/wp-json\/wp\/v2\/productsilhouette?post=57998"},{"taxonomy":"productstyle","embeddable":true,"href":"https:\/\/www.koonings.com\/fr\/wp-json\/wp\/v2\/productstyle?post=57998"}],"curies":[{"name":"wp","href":"https:\/\/api.w.org\/{rel}","templated":true}]}}